{"id":271211,"date":"2025-05-18T16:33:53","date_gmt":"2025-05-18T16:33:53","guid":{"rendered":"https:\/\/lottomat.com\/?page_id=271211"},"modified":"2026-02-16T13:36:46","modified_gmt":"2026-02-16T13:36:46","slug":"avusturya-euromillions-kurallari-oduller-ikramiye","status":"publish","type":"page","link":"https:\/\/lottomat.com\/tr\/loto\/avusturya-euromillions-kurallari-oduller-ikramiye\/","title":{"rendered":"Avusturya Euromillions Kurallar\u0131: \u00d6d\u00fcller &#038; \u0130kramiye"},"content":{"rendered":"\n\n<div class=\"kk-star-ratings kksr-auto kksr-align-left kksr-valign-top\"\n    data-payload='{&quot;align&quot;:&quot;left&quot;,&quot;id&quot;:&quot;271211&quot;,&quot;slug&quot;:&quot;default&quot;,&quot;valign&quot;:&quot;top&quot;,&quot;ignore&quot;:&quot;&quot;,&quot;reference&quot;:&quot;auto&quot;,&quot;class&quot;:&quot;&quot;,&quot;count&quot;:&quot;0&quot;,&quot;legendonly&quot;:&quot;&quot;,&quot;readonly&quot;:&quot;&quot;,&quot;score&quot;:&quot;0&quot;,&quot;starsonly&quot;:&quot;&quot;,&quot;best&quot;:&quot;5&quot;,&quot;gap&quot;:&quot;5&quot;,&quot;greet&quot;:&quot;Rate this page&quot;,&quot;legend&quot;:&quot;0\\\/5 - (0 votes)&quot;,&quot;size&quot;:&quot;30&quot;,&quot;title&quot;:&quot;Avusturya Euromillions Kurallar\u0131: \u00d6d\u00fcller \\u0026amp; \u0130kramiye&quot;,&quot;width&quot;:&quot;0&quot;,&quot;_legend&quot;:&quot;{score}\\\/{best} - ({count} {votes})&quot;,&quot;font_factor&quot;:&quot;1.25&quot;}'>\n            \n<div class=\"kksr-stars\">\n    \n<div class=\"kksr-stars-inactive\">\n            <div class=\"kksr-star\" data-star=\"1\" style=\"padding-right: 5px\">\n            \n\n<div class=\"kksr-icon\" style=\"width: 30px; height: 30px;\"><\/div>\n        <\/div>\n            <div class=\"kksr-star\" data-star=\"2\" style=\"padding-right: 5px\">\n            \n\n<div class=\"kksr-icon\" style=\"width: 30px; height: 30px;\"><\/div>\n        <\/div>\n            <div class=\"kksr-star\" data-star=\"3\" style=\"padding-right: 5px\">\n            \n\n<div class=\"kksr-icon\" style=\"width: 30px; height: 30px;\"><\/div>\n        <\/div>\n            <div class=\"kksr-star\" data-star=\"4\" style=\"padding-right: 5px\">\n            \n\n<div class=\"kksr-icon\" style=\"width: 30px; height: 30px;\"><\/div>\n        <\/div>\n            <div class=\"kksr-star\" data-star=\"5\" style=\"padding-right: 5px\">\n            \n\n<div class=\"kksr-icon\" style=\"width: 30px; height: 30px;\"><\/div>\n        <\/div>\n    <\/div>\n    \n<div class=\"kksr-stars-active\" style=\"width: 0px;\">\n            <div class=\"kksr-star\" style=\"padding-right: 5px\">\n            \n\n<div class=\"kksr-icon\" style=\"width: 30px; height: 30px;\"><\/div>\n        <\/div>\n            <div class=\"kksr-star\" style=\"padding-right: 5px\">\n            \n\n<div class=\"kksr-icon\" style=\"width: 30px; height: 30px;\"><\/div>\n        <\/div>\n            <div class=\"kksr-star\" style=\"padding-right: 5px\">\n            \n\n<div class=\"kksr-icon\" style=\"width: 30px; height: 30px;\"><\/div>\n        <\/div>\n            <div class=\"kksr-star\" style=\"padding-right: 5px\">\n            \n\n<div class=\"kksr-icon\" style=\"width: 30px; height: 30px;\"><\/div>\n        <\/div>\n            <div class=\"kksr-star\" style=\"padding-right: 5px\">\n            \n\n<div class=\"kksr-icon\" style=\"width: 30px; height: 30px;\"><\/div>\n        <\/div>\n    <\/div>\n<\/div>\n                \n\n<div class=\"kksr-legend\" style=\"font-size: 24px;\">\n            <span class=\"kksr-muted\">Rate this page<\/span>\n    <\/div>\n    <\/div>\n<h2>Avusturya EuroMillions&#8217;un Heyecan\u0131n\u0131 Ke\u015ffedin \u2013 Hayat De\u011fi\u015ftiren Kazan\u00e7lara A\u00e7\u0131lan Kap\u0131n\u0131z!<\/h2>\n<p><img loading=\"lazy\" decoding=\"async\" class=\"alignleft wp-image-268187\" src=\"https:\/\/lottomat.com\/wp-content\/uploads\/2026\/01\/Austrian-EuroMillions-prizes.webp\" alt=\"Avusturya EuroMillions \u00f6d\u00fclleri\" width=\"200\" height=\"200\" srcset=\"https:\/\/lottomat.com\/wp-content\/uploads\/2026\/01\/Austrian-EuroMillions-prizes.webp 400w, https:\/\/lottomat.com\/wp-content\/uploads\/2026\/01\/Austrian-EuroMillions-prizes-300x300.webp 300w, https:\/\/lottomat.com\/wp-content\/uploads\/2026\/01\/Austrian-EuroMillions-prizes-150x150.webp 150w, https:\/\/lottomat.com\/wp-content\/uploads\/2026\/01\/Austrian-EuroMillions-prizes-100x100.webp 100w\" sizes=\"auto, (max-width: 200px) 100vw, 200px\" \/>Yar\u0131n uyand\u0131\u011f\u0131n\u0131zda hayallerinizin nihayet ger\u00e7ekle\u015febilece\u011fini fark etti\u011finizi hayal edin \u2013 l\u00fcks bir ev, egzotik tatiller, sevdikleriniz i\u00e7in mali g\u00fcvenlik ve hayat\u0131 kendi \u015fartlar\u0131n\u0131zda ya\u015fama \u00f6zg\u00fcrl\u00fc\u011f\u00fc. Avusturya EuroMillions, resmi olarak Euromillions EU olarak bilinen bu piyango ile bu hayal ger\u00e7e\u011finiz olabilir! Avrupa&#8217;n\u0131n en pop\u00fcler ve heyecan verici piyangolar\u0131ndan biri olarak, Avusturya EuroMillions size ak\u0131llara durgunluk veren ikramiyeler kazanma ve heyecan verici, hayat de\u011fi\u015ftiren bir deneyimin par\u00e7as\u0131 olma benzersiz \u015fans\u0131 sunar. Gelin bu inan\u0131lmaz piyango hakk\u0131nda bilmeniz gereken her \u015feye ve onu UK muadilinden ay\u0131ran \u00f6zelliklere dalal\u0131m. Avusturya EuroMillions kurallar\u0131 hakk\u0131nda daha fazla bilgi edinin ve ard\u0131ndan&#8230; Lottomat&#8217;ta <a href=\"https:\/\/lottomat.com\/tr\/oyna\/euromillions-eu-online-avusturya-euromillions-biletleri\/\">Avusturya EuroMillions&#8217;u \u00e7evrimi\u00e7i oynay\u0131n<\/a>!<\/p>\n<h2>Avusturya EuroMillions (Euromillions EU) Nedir?<\/h2>\n<p>Avusturya EuroMillions, Avusturya, \u0130spanya, Fransa, Bel\u00e7ika, \u0130rlanda, L\u00fcksemburg, Portekiz ve \u0130svi\u00e7re&#8217;den oyuncular\u0131 bir araya getiren \u00fcnl\u00fc EuroMillions piyangosuna Avusturya&#8217;n\u0131n kat\u0131l\u0131m\u0131d\u0131r. 2004 y\u0131l\u0131nda ba\u015flat\u0131lan EuroMillions, devasa ikramiyeleri ve basit, ilgi \u00e7ekici oynan\u0131\u015f\u0131 sayesinde k\u0131ta genelinde h\u0131zla bir sansasyon haline geldi.<\/p>\n<p>Avusturya EuroMillions&#8217;u oynamak i\u00e7in, kat\u0131l\u0131mc\u0131lar 1&#8217;den 50&#8217;ye kadar be\u015f ana numara ve 1&#8217;den 12&#8217;ye kadar iki \u015eansl\u0131 Y\u0131ld\u0131z numaras\u0131 se\u00e7er. \u00c7ekili\u015fler her Sal\u0131 ve Cuma ak\u015fam\u0131 Paris&#8217;te ger\u00e7ekle\u015fir ve milyonlarca Avrupal\u0131 numaralar\u0131n\u0131n \u00e7\u0131kmas\u0131n\u0131 umarak nefeslerini tutarken heyecan hissedilebilir bir hal al\u0131r!<\/p>\n<h2>Avusturya EuroMillions Nas\u0131l \u00c7al\u0131\u015f\u0131r? Avusturya EuroMillions Kurallar\u0131<img loading=\"lazy\" decoding=\"async\" class=\"alignright wp-image-268217\" src=\"https:\/\/lottomat.com\/wp-content\/uploads\/2026\/01\/Austrian-EuroMillions-rules.webp\" alt=\"Avusturya EuroMillions kurallar\u0131\" width=\"200\" height=\"200\" srcset=\"https:\/\/lottomat.com\/wp-content\/uploads\/2026\/01\/Austrian-EuroMillions-rules.webp 400w, https:\/\/lottomat.com\/wp-content\/uploads\/2026\/01\/Austrian-EuroMillions-rules-300x300.webp 300w, https:\/\/lottomat.com\/wp-content\/uploads\/2026\/01\/Austrian-EuroMillions-rules-150x150.webp 150w, https:\/\/lottomat.com\/wp-content\/uploads\/2026\/01\/Austrian-EuroMillions-rules-100x100.webp 100w\" sizes=\"auto, (max-width: 200px) 100vw, 200px\" \/><\/h2>\n<p>Ba\u015flamak kolay ve herkes i\u00e7in eri\u015filebilir. <a href=\"https:\/\/lottomat.com\/tr\/oyna\/\">Piyango biletlerinizi<\/a> Avusturya genelindeki yetkili sat\u0131\u015f noktalar\u0131ndan sat\u0131n alabilir veya evinizin rahatl\u0131\u011f\u0131nda \u00e7evrimi\u00e7i oynayabilirsiniz. Minimum ikramiye \u015fa\u015f\u0131rt\u0131c\u0131 bir \u015fekilde 17 milyon avro ile ba\u015flar, ancak devretmelerle \u00e7ene d\u00fc\u015f\u00fcr\u00fcc\u00fc 240 milyon avroya kadar y\u00fckselebilir! 13 farkl\u0131 \u00f6d\u00fcl kategorisi vard\u0131r, bu da ikramiyeyi kazanamasan\u0131z bile kazanmak i\u00e7in birden fazla \u015fans\u0131n\u0131z oldu\u011fu anlam\u0131na gelir.<\/p>\n<p>Avusturya EuroMillions&#8217;u oynad\u0131\u011f\u0131n\u0131zda, sadece bir piyangoya kat\u0131lm\u0131\u015f olmuyorsunuz \u2013 hayatlar\u0131n\u0131n sonsuza dek d\u00f6n\u00fc\u015fece\u011fi o sihirli an\u0131 umut eden hayalperestler toplulu\u011funa kat\u0131l\u0131yorsunuz. \u0130ster daha k\u00fc\u00e7\u00fck bir \u00f6d\u00fcl kazan\u0131n ister rekor k\u0131ran ikramiyeyi vurun, her bilet daha parlak bir yar\u0131n\u0131n vaadini ta\u015f\u0131r.<\/p>\n<h2>Avusturya EuroMillions vs UK EuroMillions \u2013 Temel Farklar<\/h2>\n<p><img loading=\"lazy\" decoding=\"async\" class=\"alignleft wp-image-268247\" src=\"https:\/\/lottomat.com\/wp-content\/uploads\/2026\/01\/EuroMillions-Austria-jackpot.webp\" alt=\"Avusturya EuroMillions ikramiyesi\" width=\"200\" height=\"200\" srcset=\"https:\/\/lottomat.com\/wp-content\/uploads\/2026\/01\/EuroMillions-Austria-jackpot.webp 400w, https:\/\/lottomat.com\/wp-content\/uploads\/2026\/01\/EuroMillions-Austria-jackpot-300x300.webp 300w, https:\/\/lottomat.com\/wp-content\/uploads\/2026\/01\/EuroMillions-Austria-jackpot-150x150.webp 150w, https:\/\/lottomat.com\/wp-content\/uploads\/2026\/01\/EuroMillions-Austria-jackpot-100x100.webp 100w\" sizes=\"auto, (max-width: 200px) 100vw, 200px\" \/>Hem Avusturya hem de UK EuroMillions&#8217;a kat\u0131lsa da, fark\u0131nda olman\u0131z gereken baz\u0131 \u00f6nemli farklar vard\u0131r:<\/p>\n<ol>\n<li><strong>Bilet Fiyat\u0131<\/strong>: Avusturya&#8217;da tek bir <a href=\"https:\/\/lottomat.com\/tr\/oyna\/euromillions-eu-online-avusturya-euromillions-biletleri\/\">Avusturya EuroMillions bileti<\/a> euro cinsinden fiyatland\u0131r\u0131l\u0131r. UK&#8217;de, bilet fiyat\u0131 sterlin cinsinden hesaplan\u0131r ve her \u00e7ekili\u015fte en az bir \u0130ngiliz milyonerini garanti eden UK Millionaire Maker oyununa kat\u0131l\u0131m\u0131 i\u00e7erdi\u011fi i\u00e7in Avusturya&#8217;dakinden biraz daha y\u00fcksektir.<\/li>\n<li><strong>Para Birimi ve \u00d6d\u00fcller<\/strong>: Avusturya EuroMillions \u00f6d\u00fclleri euro cinsinden \u00f6denirken, UK oyuncular\u0131 kazan\u00e7lar\u0131n\u0131 sterlin cinsinden al\u0131r. \u0130kincil \u00f6d\u00fcllerin de\u011feri d\u00f6viz kurlar\u0131 nedeniyle hafif\u00e7e de\u011fi\u015febilir.<\/li>\n<li><strong>Ek Oyunlar<\/strong>: Avusturyal\u0131 oyuncular &#8220;\u00d6sterreich Bonus&#8221;a kat\u0131labilirler \u2013 size kazanmak i\u00e7in daha fazla \u015fans veren \u00f6zel bir ek \u00e7ekili\u015f. UK&#8217;nin e\u015fde\u011feri, her biletle otomatik olarak dahil edilen Millionaire Maker&#8217;d\u0131r.<\/li>\n<li><strong>Vergilendirme<\/strong>: Avusturya&#8217;da piyango kazan\u00e7lar\u0131 vergiden muaft\u0131r, dolay\u0131s\u0131yla \u00f6d\u00fcl\u00fcn\u00fcz\u00fcn her kuru\u015funu elinizde tutars\u0131n\u0131z! UK&#8217;de de piyango kazan\u00e7lar\u0131 \u015fu anda vergiden muaft\u0131r, ancak her zaman en son d\u00fczenlemeleri kontrol edin.<\/li>\n<\/ol>\n<h2>Neden Avusturya EuroMillions Oynamal\u0131? Hayat De\u011fi\u015ftiren Kazan\u00e7lar\u0131n B\u00fcy\u00fcs\u00fc<\/h2>\n<p>Avusturya EuroMillions sadece b\u00fcy\u00fck para ile ilgili de\u011fil \u2013 umut, heyecan ve olas\u0131l\u0131k heyecan\u0131 ile ilgili. Her \u00e7ekili\u015f hayat\u0131n\u0131z\u0131 de\u011fi\u015ftirmek, ailenize iyilik yapmak, hay\u0131r kurumlar\u0131n\u0131 desteklemek veya her zaman hayalini kurdu\u011funuz b\u00fcy\u00fck maceralara \u00e7\u0131kmak i\u00e7in yeni bir f\u0131rsatt\u0131r. S\u0131radan insanlar\u0131n bir gecede milyoner olma hikayeleri ger\u00e7ek ve ilham verici \u2013 bir sonraki ki\u015fi siz olabilirsiniz!<img loading=\"lazy\" decoding=\"async\" class=\"alignright wp-image-268278\" src=\"https:\/\/lottomat.com\/wp-content\/uploads\/2026\/01\/EuroMillions-Austria-rules.webp\" alt=\"Avusturya EuroMillions kurallar\u0131\" width=\"200\" height=\"200\" srcset=\"https:\/\/lottomat.com\/wp-content\/uploads\/2026\/01\/EuroMillions-Austria-rules.webp 400w, https:\/\/lottomat.com\/wp-content\/uploads\/2026\/01\/EuroMillions-Austria-rules-300x300.webp 300w, https:\/\/lottomat.com\/wp-content\/uploads\/2026\/01\/EuroMillions-Austria-rules-150x150.webp 150w, https:\/\/lottomat.com\/wp-content\/uploads\/2026\/01\/EuroMillions-Austria-rules-100x100.webp 100w\" sizes=\"auto, (max-width: 200px) 100vw, 200px\" \/><\/p>\n<p>Ne bekliyorsunuz? Bir sonraki Avusturya EuroMillions \u00e7ekili\u015fi, kahkaha, l\u00fcks ve s\u0131n\u0131rs\u0131z olas\u0131l\u0131klarla dolu bir gelece\u011fe biletiniz olabilir. Biletinizi sat\u0131n al\u0131n, b\u00fcy\u00fck hayaller kurun ve heyecan\u0131 kucaklay\u0131n \u2013 \u00e7\u00fcnk\u00fc Avusturya EuroMillions ile her \u015fey olabilir!<\/p>\n<p><strong>Bug\u00fcn heyecana kat\u0131l\u0131n \u2013 ve hayallerinizin Avusturya EuroMillions ile u\u00e7mas\u0131na izin verin! <a href=\"https:\/\/lottomat.com\/tr\/sonuclar\/avusturya-euromillions-sonuclari-euromillions-eu-kazanan-numaralari\/\">Avusturya EuroMillions&#8217;un kazanan numaralar\u0131n\u0131<\/a> kontrol edin.<\/strong><\/p>\n","protected":false},"excerpt":{"rendered":"<p>Avusturya EuroMillions&#8217;un Heyecan\u0131n\u0131 Ke\u015ffedin \u2013 Hayat De\u011fi\u015ftiren Kazan\u00e7lara A\u00e7\u0131lan Kap\u0131n\u0131z! Yar\u0131n uyand\u0131\u011f\u0131n\u0131zda hayallerinizin nihayet ger\u00e7ekle\u015febilece\u011fini fark etti\u011finizi hayal edin \u2013 l\u00fcks bir ev, egzotik tatiller, sevdikleriniz i\u00e7in mali g\u00fcvenlik ve hayat\u0131 kendi \u015fartlar\u0131n\u0131zda ya\u015fama \u00f6zg\u00fcrl\u00fc\u011f\u00fc. Avusturya EuroMillions, resmi olarak Euromillions EU olarak bilinen bu piyango ile bu hayal ger\u00e7e\u011finiz olabilir! Avrupa&#8217;n\u0131n en pop\u00fcler ve heyecan [&hellip;]<\/p>\n","protected":false},"author":2,"featured_media":0,"parent":240944,"menu_order":0,"comment_status":"closed","ping_status":"closed","template":"euromillions-at-info.php","meta":{"_et_pb_use_builder":"","_et_pb_old_content":"","_et_gb_content_width":"","exclude_from_search":false,"footnotes":""},"class_list":["post-271211","page","type-page","status-publish","hentry"],"yoast_head":"<!-- This site is optimized with the Yoast SEO plugin v23.8 - https:\/\/yoast.com\/wordpress\/plugins\/seo\/ -->\n<title>Avusturya Euromillions Kurallar\u0131: \u00d6d\u00fcller &amp; \u0130kramiye \u2013 Lottomat<\/title>\n<meta name=\"description\" content=\"Avusturya EuroMillions oynama kurallar\u0131 hakk\u0131nda daha fazla bilgi edinin. Burada Avusturya EuroMillions \u00f6d\u00fcllerini ve ikramiyesini kontrol edebilirsiniz.\" \/>\n<meta name=\"robots\" content=\"index, follow, max-snippet:-1, max-image-preview:large, max-video-preview:-1\" \/>\n<link rel=\"canonical\" href=\"https:\/\/lottomat.com\/tr\/loto\/avusturya-euromillions-kurallari-oduller-ikramiye\/\" \/>\n<meta property=\"og:locale\" content=\"tr_TR\" \/>\n<meta property=\"og:type\" content=\"article\" \/>\n<meta property=\"og:title\" content=\"Avusturya Euromillions Kurallar\u0131: \u00d6d\u00fcller &amp; \u0130kramiye \u2013 Lottomat\" \/>\n<meta property=\"og:description\" content=\"Avusturya EuroMillions oynama kurallar\u0131 hakk\u0131nda daha fazla bilgi edinin. Burada Avusturya EuroMillions \u00f6d\u00fcllerini ve ikramiyesini kontrol edebilirsiniz.\" \/>\n<meta property=\"og:url\" content=\"https:\/\/lottomat.com\/tr\/loto\/avusturya-euromillions-kurallari-oduller-ikramiye\/\" \/>\n<meta property=\"og:site_name\" content=\"Lottomat\" \/>\n<meta property=\"article:modified_time\" content=\"2026-02-16T13:36:46+00:00\" \/>\n<meta property=\"og:image\" content=\"https:\/\/lottomat.com\/wp-content\/uploads\/2026\/01\/Austrian-EuroMillions-prizes.webp\" \/>\n<meta name=\"twitter:card\" content=\"summary_large_image\" \/>\n<meta name=\"twitter:label1\" content=\"Tahmini okuma s\u00fcresi\" \/>\n\t<meta name=\"twitter:data1\" content=\"4 dakika\" \/>\n<script type=\"application\/ld+json\" class=\"yoast-schema-graph\">{\"@context\":\"https:\/\/schema.org\",\"@graph\":[{\"@type\":\"WebPage\",\"@id\":\"https:\/\/lottomat.com\/tr\/loto\/avusturya-euromillions-kurallari-oduller-ikramiye\/\",\"url\":\"https:\/\/lottomat.com\/tr\/loto\/avusturya-euromillions-kurallari-oduller-ikramiye\/\",\"name\":\"Avusturya Euromillions Kurallar\u0131: \u00d6d\u00fcller & \u0130kramiye \u2013 Lottomat\",\"isPartOf\":{\"@id\":\"https:\/\/lottomat.com\/tr\/#website\"},\"primaryImageOfPage\":{\"@id\":\"https:\/\/lottomat.com\/tr\/loto\/avusturya-euromillions-kurallari-oduller-ikramiye\/#primaryimage\"},\"image\":{\"@id\":\"https:\/\/lottomat.com\/tr\/loto\/avusturya-euromillions-kurallari-oduller-ikramiye\/#primaryimage\"},\"thumbnailUrl\":\"https:\/\/lottomat.com\/wp-content\/uploads\/2026\/01\/Austrian-EuroMillions-prizes.webp\",\"datePublished\":\"2025-05-18T16:33:53+00:00\",\"dateModified\":\"2026-02-16T13:36:46+00:00\",\"description\":\"Avusturya EuroMillions oynama kurallar\u0131 hakk\u0131nda daha fazla bilgi edinin. Burada Avusturya EuroMillions \u00f6d\u00fcllerini ve ikramiyesini kontrol edebilirsiniz.\",\"breadcrumb\":{\"@id\":\"https:\/\/lottomat.com\/tr\/loto\/avusturya-euromillions-kurallari-oduller-ikramiye\/#breadcrumb\"},\"inLanguage\":\"tr\",\"potentialAction\":[{\"@type\":\"ReadAction\",\"target\":[\"https:\/\/lottomat.com\/tr\/loto\/avusturya-euromillions-kurallari-oduller-ikramiye\/\"]}]},{\"@type\":\"ImageObject\",\"inLanguage\":\"tr\",\"@id\":\"https:\/\/lottomat.com\/tr\/loto\/avusturya-euromillions-kurallari-oduller-ikramiye\/#primaryimage\",\"url\":\"https:\/\/lottomat.com\/wp-content\/uploads\/2026\/01\/Austrian-EuroMillions-prizes.webp\",\"contentUrl\":\"https:\/\/lottomat.com\/wp-content\/uploads\/2026\/01\/Austrian-EuroMillions-prizes.webp\"},{\"@type\":\"BreadcrumbList\",\"@id\":\"https:\/\/lottomat.com\/tr\/loto\/avusturya-euromillions-kurallari-oduller-ikramiye\/#breadcrumb\",\"itemListElement\":[{\"@type\":\"ListItem\",\"position\":1,\"name\":\"Home\",\"item\":\"https:\/\/lottomat.com\/tr\/\"},{\"@type\":\"ListItem\",\"position\":2,\"name\":\"Piyango Kurallar\u0131: \u00d6d\u00fcller, \u0130kramiye ve Oranlar\",\"item\":\"https:\/\/lottomat.com\/tr\/loto\/\"},{\"@type\":\"ListItem\",\"position\":3,\"name\":\"Avusturya Euromillions Kurallar\u0131: \u00d6d\u00fcller &#038; \u0130kramiye\"}]},{\"@type\":\"WebSite\",\"@id\":\"https:\/\/lottomat.com\/tr\/#website\",\"url\":\"https:\/\/lottomat.com\/tr\/\",\"name\":\"Lottomat\",\"description\":\"\",\"potentialAction\":[{\"@type\":\"SearchAction\",\"target\":{\"@type\":\"EntryPoint\",\"urlTemplate\":\"https:\/\/lottomat.com\/tr\/?s={search_term_string}\"},\"query-input\":{\"@type\":\"PropertyValueSpecification\",\"valueRequired\":true,\"valueName\":\"search_term_string\"}}],\"inLanguage\":\"tr\"}]}<\/script>\n<!-- \/ Yoast SEO plugin. -->","yoast_head_json":{"title":"Avusturya Euromillions Kurallar\u0131: \u00d6d\u00fcller & \u0130kramiye \u2013 Lottomat","description":"Avusturya EuroMillions oynama kurallar\u0131 hakk\u0131nda daha fazla bilgi edinin. Burada Avusturya EuroMillions \u00f6d\u00fcllerini ve ikramiyesini kontrol edebilirsiniz.","robots":{"index":"index","follow":"follow","max-snippet":"max-snippet:-1","max-image-preview":"max-image-preview:large","max-video-preview":"max-video-preview:-1"},"canonical":"https:\/\/lottomat.com\/tr\/loto\/avusturya-euromillions-kurallari-oduller-ikramiye\/","og_locale":"tr_TR","og_type":"article","og_title":"Avusturya Euromillions Kurallar\u0131: \u00d6d\u00fcller & \u0130kramiye \u2013 Lottomat","og_description":"Avusturya EuroMillions oynama kurallar\u0131 hakk\u0131nda daha fazla bilgi edinin. Burada Avusturya EuroMillions \u00f6d\u00fcllerini ve ikramiyesini kontrol edebilirsiniz.","og_url":"https:\/\/lottomat.com\/tr\/loto\/avusturya-euromillions-kurallari-oduller-ikramiye\/","og_site_name":"Lottomat","article_modified_time":"2026-02-16T13:36:46+00:00","og_image":[{"url":"https:\/\/lottomat.com\/wp-content\/uploads\/2026\/01\/Austrian-EuroMillions-prizes.webp"}],"twitter_card":"summary_large_image","twitter_misc":{"Tahmini okuma s\u00fcresi":"4 dakika"},"schema":{"@context":"https:\/\/schema.org","@graph":[{"@type":"WebPage","@id":"https:\/\/lottomat.com\/tr\/loto\/avusturya-euromillions-kurallari-oduller-ikramiye\/","url":"https:\/\/lottomat.com\/tr\/loto\/avusturya-euromillions-kurallari-oduller-ikramiye\/","name":"Avusturya Euromillions Kurallar\u0131: \u00d6d\u00fcller & \u0130kramiye \u2013 Lottomat","isPartOf":{"@id":"https:\/\/lottomat.com\/tr\/#website"},"primaryImageOfPage":{"@id":"https:\/\/lottomat.com\/tr\/loto\/avusturya-euromillions-kurallari-oduller-ikramiye\/#primaryimage"},"image":{"@id":"https:\/\/lottomat.com\/tr\/loto\/avusturya-euromillions-kurallari-oduller-ikramiye\/#primaryimage"},"thumbnailUrl":"https:\/\/lottomat.com\/wp-content\/uploads\/2026\/01\/Austrian-EuroMillions-prizes.webp","datePublished":"2025-05-18T16:33:53+00:00","dateModified":"2026-02-16T13:36:46+00:00","description":"Avusturya EuroMillions oynama kurallar\u0131 hakk\u0131nda daha fazla bilgi edinin. Burada Avusturya EuroMillions \u00f6d\u00fcllerini ve ikramiyesini kontrol edebilirsiniz.","breadcrumb":{"@id":"https:\/\/lottomat.com\/tr\/loto\/avusturya-euromillions-kurallari-oduller-ikramiye\/#breadcrumb"},"inLanguage":"tr","potentialAction":[{"@type":"ReadAction","target":["https:\/\/lottomat.com\/tr\/loto\/avusturya-euromillions-kurallari-oduller-ikramiye\/"]}]},{"@type":"ImageObject","inLanguage":"tr","@id":"https:\/\/lottomat.com\/tr\/loto\/avusturya-euromillions-kurallari-oduller-ikramiye\/#primaryimage","url":"https:\/\/lottomat.com\/wp-content\/uploads\/2026\/01\/Austrian-EuroMillions-prizes.webp","contentUrl":"https:\/\/lottomat.com\/wp-content\/uploads\/2026\/01\/Austrian-EuroMillions-prizes.webp"},{"@type":"BreadcrumbList","@id":"https:\/\/lottomat.com\/tr\/loto\/avusturya-euromillions-kurallari-oduller-ikramiye\/#breadcrumb","itemListElement":[{"@type":"ListItem","position":1,"name":"Home","item":"https:\/\/lottomat.com\/tr\/"},{"@type":"ListItem","position":2,"name":"Piyango Kurallar\u0131: \u00d6d\u00fcller, \u0130kramiye ve Oranlar","item":"https:\/\/lottomat.com\/tr\/loto\/"},{"@type":"ListItem","position":3,"name":"Avusturya Euromillions Kurallar\u0131: \u00d6d\u00fcller &#038; \u0130kramiye"}]},{"@type":"WebSite","@id":"https:\/\/lottomat.com\/tr\/#website","url":"https:\/\/lottomat.com\/tr\/","name":"Lottomat","description":"","potentialAction":[{"@type":"SearchAction","target":{"@type":"EntryPoint","urlTemplate":"https:\/\/lottomat.com\/tr\/?s={search_term_string}"},"query-input":{"@type":"PropertyValueSpecification","valueRequired":true,"valueName":"search_term_string"}}],"inLanguage":"tr"}]}},"_links":{"self":[{"href":"https:\/\/lottomat.com\/tr\/wp-json\/wp\/v2\/pages\/271211","targetHints":{"allow":["GET"]}}],"collection":[{"href":"https:\/\/lottomat.com\/tr\/wp-json\/wp\/v2\/pages"}],"about":[{"href":"https:\/\/lottomat.com\/tr\/wp-json\/wp\/v2\/types\/page"}],"author":[{"embeddable":true,"href":"https:\/\/lottomat.com\/tr\/wp-json\/wp\/v2\/users\/2"}],"replies":[{"embeddable":true,"href":"https:\/\/lottomat.com\/tr\/wp-json\/wp\/v2\/comments?post=271211"}],"version-history":[{"count":2,"href":"https:\/\/lottomat.com\/tr\/wp-json\/wp\/v2\/pages\/271211\/revisions"}],"predecessor-version":[{"id":271213,"href":"https:\/\/lottomat.com\/tr\/wp-json\/wp\/v2\/pages\/271211\/revisions\/271213"}],"up":[{"embeddable":true,"href":"https:\/\/lottomat.com\/tr\/wp-json\/wp\/v2\/pages\/240944"}],"wp:attachment":[{"href":"https:\/\/lottomat.com\/tr\/wp-json\/wp\/v2\/media?parent=271211"}],"curies":[{"name":"wp","href":"https:\/\/api.w.org\/{rel}","templated":true}]}}