{"id":271208,"date":"2025-05-18T16:34:38","date_gmt":"2025-05-18T16:34:38","guid":{"rendered":"https:\/\/lottomat.com\/?page_id=271208"},"modified":"2026-02-16T13:32:22","modified_gmt":"2026-02-16T13:32:22","slug":"avusturya-euromillions-sonuclari-euromillions-eu-kazanan-numaralari","status":"publish","type":"page","link":"https:\/\/lottomat.com\/tr\/sonuclar\/avusturya-euromillions-sonuclari-euromillions-eu-kazanan-numaralari\/","title":{"rendered":"Avusturya Euromillions Sonu\u00e7lar\u0131 &#8211; Euromillions EU Kazanan Numaralar\u0131"},"content":{"rendered":"\n\n<div class=\"kk-star-ratings kksr-auto kksr-align-left kksr-valign-top\"\n    data-payload='{&quot;align&quot;:&quot;left&quot;,&quot;id&quot;:&quot;271208&quot;,&quot;slug&quot;:&quot;default&quot;,&quot;valign&quot;:&quot;top&quot;,&quot;ignore&quot;:&quot;&quot;,&quot;reference&quot;:&quot;auto&quot;,&quot;class&quot;:&quot;&quot;,&quot;count&quot;:&quot;0&quot;,&quot;legendonly&quot;:&quot;&quot;,&quot;readonly&quot;:&quot;&quot;,&quot;score&quot;:&quot;0&quot;,&quot;starsonly&quot;:&quot;&quot;,&quot;best&quot;:&quot;5&quot;,&quot;gap&quot;:&quot;5&quot;,&quot;greet&quot;:&quot;Rate this page&quot;,&quot;legend&quot;:&quot;0\\\/5 - (0 votes)&quot;,&quot;size&quot;:&quot;30&quot;,&quot;title&quot;:&quot;Avusturya Euromillions Sonu\u00e7lar\u0131 - Euromillions EU Kazanan Numaralar\u0131&quot;,&quot;width&quot;:&quot;0&quot;,&quot;_legend&quot;:&quot;{score}\\\/{best} - ({count} {votes})&quot;,&quot;font_factor&quot;:&quot;1.25&quot;}'>\n            \n<div class=\"kksr-stars\">\n    \n<div class=\"kksr-stars-inactive\">\n            <div class=\"kksr-star\" data-star=\"1\" style=\"padding-right: 5px\">\n            \n\n<div class=\"kksr-icon\" style=\"width: 30px; height: 30px;\"><\/div>\n        <\/div>\n            <div class=\"kksr-star\" data-star=\"2\" style=\"padding-right: 5px\">\n            \n\n<div class=\"kksr-icon\" style=\"width: 30px; height: 30px;\"><\/div>\n        <\/div>\n            <div class=\"kksr-star\" data-star=\"3\" style=\"padding-right: 5px\">\n            \n\n<div class=\"kksr-icon\" style=\"width: 30px; height: 30px;\"><\/div>\n        <\/div>\n            <div class=\"kksr-star\" data-star=\"4\" style=\"padding-right: 5px\">\n            \n\n<div class=\"kksr-icon\" style=\"width: 30px; height: 30px;\"><\/div>\n        <\/div>\n            <div class=\"kksr-star\" data-star=\"5\" style=\"padding-right: 5px\">\n            \n\n<div class=\"kksr-icon\" style=\"width: 30px; height: 30px;\"><\/div>\n        <\/div>\n    <\/div>\n    \n<div class=\"kksr-stars-active\" style=\"width: 0px;\">\n            <div class=\"kksr-star\" style=\"padding-right: 5px\">\n            \n\n<div class=\"kksr-icon\" style=\"width: 30px; height: 30px;\"><\/div>\n        <\/div>\n            <div class=\"kksr-star\" style=\"padding-right: 5px\">\n            \n\n<div class=\"kksr-icon\" style=\"width: 30px; height: 30px;\"><\/div>\n        <\/div>\n            <div class=\"kksr-star\" style=\"padding-right: 5px\">\n            \n\n<div class=\"kksr-icon\" style=\"width: 30px; height: 30px;\"><\/div>\n        <\/div>\n            <div class=\"kksr-star\" style=\"padding-right: 5px\">\n            \n\n<div class=\"kksr-icon\" style=\"width: 30px; height: 30px;\"><\/div>\n        <\/div>\n            <div class=\"kksr-star\" style=\"padding-right: 5px\">\n            \n\n<div class=\"kksr-icon\" style=\"width: 30px; height: 30px;\"><\/div>\n        <\/div>\n    <\/div>\n<\/div>\n                \n\n<div class=\"kksr-legend\" style=\"font-size: 24px;\">\n            <span class=\"kksr-muted\">Rate this page<\/span>\n    <\/div>\n    <\/div>\n<h2>Avusturya EuroMillions Sonu\u00e7lar\u0131n\u0131n Heyecan\u0131n\u0131 Ke\u015ffedin<img loading=\"lazy\" decoding=\"async\" class=\"alignright wp-image-268309\" src=\"https:\/\/lottomat.com\/wp-content\/uploads\/2026\/01\/Austrian-EuroMillions-draw.webp\" alt=\"Avusturya EuroMillions \u00e7ekili\u015fi\" width=\"200\" height=\"200\" srcset=\"https:\/\/lottomat.com\/wp-content\/uploads\/2026\/01\/Austrian-EuroMillions-draw.webp 400w, https:\/\/lottomat.com\/wp-content\/uploads\/2026\/01\/Austrian-EuroMillions-draw-300x300.webp 300w, https:\/\/lottomat.com\/wp-content\/uploads\/2026\/01\/Austrian-EuroMillions-draw-150x150.webp 150w, https:\/\/lottomat.com\/wp-content\/uploads\/2026\/01\/Austrian-EuroMillions-draw-100x100.webp 100w\" sizes=\"auto, (max-width: 200px) 100vw, 200px\" \/><\/h2>\n<p>Hayat\u0131n\u0131z\u0131 bir gecede de\u011fi\u015ftirmeyi hayal ettiyseniz, Avusturya EuroMillions hayalleri ger\u00e7e\u011fe d\u00f6n\u00fc\u015ft\u00fcren piyangotur. Heyecan verici \u00e7ekili\u015fleri, hayat de\u011fi\u015ftiren ikramiyeleri ve inan\u0131lmaz kazanan hikayeleriyle, Avusturya EuroMillions her hafta Avrupa genelinde milyonlarca insan\u0131n hayal g\u00fcc\u00fcn\u00fc yakalar. \u0130ster deneyimli bir oyuncu olun ister ilk biletinizi almay\u0131 d\u00fc\u015f\u00fcn\u00fcyor olun, sonu\u00e7lar ve olas\u0131l\u0131klar hakk\u0131nda okumak heyecan ve umut duygusunu ate\u015fleyebilir. Gelin Avusturya EuroMillions sonu\u00e7lar\u0131 d\u00fcnyas\u0131na dalal\u0131m, en b\u00fcy\u00fck kazan\u00e7lar\u0131 ke\u015ffedelim ve talihin \u015fansl\u0131 oyunculara ne s\u0131kl\u0131kla g\u00fcl\u00fcmsedi\u011fini g\u00f6relim!<\/p>\n<h2>Rekor K\u0131ran Kazan\u00e7lar: En B\u00fcy\u00fck Avusturya EuroMillions Kazananlar\u0131yla Tan\u0131\u015f\u0131n<\/h2>\n<p>\u00c7ene d\u00fc\u015f\u00fcren ikramiyeler s\u00f6z konusu oldu\u011funda, Avusturya EuroMillions kesinlikle tarihe ge\u00e7mi\u015ftir. Daha b\u00fcy\u00fck EuroMillions konsorsiyumunun bir par\u00e7as\u0131 olan piyango, d\u00fczenli olarak bazen 100 milyon avroyu a\u015fan ola\u011fan\u00fcst\u00fc miktarlara ula\u015fabilen \u00f6d\u00fcller sunar. Y\u0131llar boyunca, Avusturya&#8217;da \u015fansl\u0131 biletleri elinde tutanlar\u0131n hayatlar\u0131n\u0131 sonsuza dek de\u011fi\u015ftiren baz\u0131 ola\u011fan\u00fcst\u00fc kazan\u00e7lar ger\u00e7ekle\u015fti.<img loading=\"lazy\" decoding=\"async\" class=\"alignleft wp-image-268340\" src=\"https:\/\/lottomat.com\/wp-content\/uploads\/2026\/01\/Austrian-EuroMillions-numbers.webp\" alt=\"Avusturya EuroMillions numaralar\u0131\" width=\"200\" height=\"200\" srcset=\"https:\/\/lottomat.com\/wp-content\/uploads\/2026\/01\/Austrian-EuroMillions-numbers.webp 400w, https:\/\/lottomat.com\/wp-content\/uploads\/2026\/01\/Austrian-EuroMillions-numbers-300x300.webp 300w, https:\/\/lottomat.com\/wp-content\/uploads\/2026\/01\/Austrian-EuroMillions-numbers-150x150.webp 150w, https:\/\/lottomat.com\/wp-content\/uploads\/2026\/01\/Austrian-EuroMillions-numbers-100x100.webp 100w\" sizes=\"auto, (max-width: 200px) 100vw, 200px\" \/><\/p>\n<p>Avusturya&#8217;daki en \u00fcnl\u00fc kazan\u00e7lardan biri A\u011fustos 2020&#8217;de, Viyana&#8217;dan bir grup meslekta\u015f\u0131n inan\u0131lmaz 45 milyon avro kazand\u0131\u011f\u0131 zaman ger\u00e7ekle\u015fti. Hikayeleri \u00fclke genelinde sansasyon yaratt\u0131 &#8211; arkada\u015flar ve aile kutlama yapt\u0131 ve kazananlar \u015fanslar\u0131na inanamad\u0131. Bu, tek bir birey i\u00e7in de\u011fil, hayatlar\u0131 toplu olarak d\u00f6n\u00fc\u015fen bir tak\u0131m i\u00e7in bir kazan\u00e7t\u0131.<\/p>\n<p>Unutulmaz bir ba\u015fka an 2018&#8217;de, Salzburg&#8217;dan bir oyuncunun be\u015f ana numaran\u0131n tamam\u0131n\u0131 ve her iki \u015eansl\u0131 Y\u0131ld\u0131z\u0131 e\u015fle\u015ftirerek 30 milyon avro ikramiye kazand\u0131\u011f\u0131 zaman geldi. Kazanan anonim kalmay\u0131 se\u00e7ti, ancak yerel haberler Salzburg&#8217;da bir heyecan dalgas\u0131 oldu\u011funu bildirdi, \u00e7\u00fcnk\u00fc \u015fehir haberle spek\u00fclasyon ve ne\u015fe i\u00e7inde kaynamaya ba\u015flad\u0131.<\/p>\n<p>Bunlar en b\u00fcy\u00fckleri aras\u0131nda olsa da, talih hikayelerinin yegane \u00f6rnekleri de\u011filler. Avusturya genelinde, Graz&#8217;dan Innsbruck&#8217;a kadar, EuroMillions yeni milyonerler yaratt\u0131, her biri tek bir biletin her \u015feyi nas\u0131l de\u011fi\u015ftirdi\u011fine dair kendi benzersiz hikayesine sahip.<\/p>\n<h2>Avusturya EuroMillions Kazan\u00e7lar\u0131 Ne S\u0131kl\u0131kta Ger\u00e7ekle\u015fir?<\/h2>\n<p>Avusturya EuroMillions&#8217;un en heyecan verici y\u00f6nlerinden biri, <a href=\"https:\/\/lottomat.com\/tr\/loto\/euromillions\/\">hayat de\u011fi\u015ftiren Avusturya EuroMillions \u00f6d\u00fcllerinin<\/a> kazan\u0131lma s\u0131kl\u0131\u011f\u0131d\u0131r. Haftada iki \u00e7ekili\u015f &#8211; Sal\u0131 ve Cuma g\u00fcnleri &#8211; ile kazanma f\u0131rsatlar\u0131 boldur. Asl\u0131nda, istatistikler Avusturyal\u0131 oyuncular\u0131n hem ikramiye seviyesinde hem de ikincil \u00f6d\u00fcl kategorilerinde d\u00fczenli olarak b\u00fcy\u00fck \u00f6d\u00fcller kazand\u0131\u011f\u0131n\u0131 g\u00f6steriyor.<\/p>\n<p>EuroMillions&#8217;ta herhangi bir \u00f6d\u00fcl kazanma olas\u0131l\u0131\u011f\u0131 cesaret verici bir \u015fekilde 13&#8217;te 1&#8217;dir, bu da neredeyse her \u00e7ekili\u015fin yeni bir kazanan dalgas\u0131 getirdi\u011fi anlam\u0131na gelir. Avusturya&#8217;da her y\u0131l y\u00fcz binlerce oyuncu, k\u00fc\u00e7\u00fck nakit \u00f6d\u00fcllerden \u00e7ok milyonluk avro ikramiyelerine kadar de\u011fi\u015fen \u00f6d\u00fcller al\u0131r.<img loading=\"lazy\" decoding=\"async\" class=\"alignright wp-image-268370\" src=\"https:\/\/lottomat.com\/wp-content\/uploads\/2026\/01\/EuroMillions-Austria-draw.webp\" alt=\"Avusturya EuroMillions \u00e7ekili\u015fi\" width=\"200\" height=\"200\" srcset=\"https:\/\/lottomat.com\/wp-content\/uploads\/2026\/01\/EuroMillions-Austria-draw.webp 400w, https:\/\/lottomat.com\/wp-content\/uploads\/2026\/01\/EuroMillions-Austria-draw-300x300.webp 300w, https:\/\/lottomat.com\/wp-content\/uploads\/2026\/01\/EuroMillions-Austria-draw-150x150.webp 150w, https:\/\/lottomat.com\/wp-content\/uploads\/2026\/01\/EuroMillions-Austria-draw-100x100.webp 100w\" sizes=\"auto, (max-width: 200px) 100vw, 200px\" \/><\/p>\n<p>Daha da heyecan verici olan, Avusturya EuroMillions&#8217;un s\u0131kl\u0131kla devretmesi ve birisi t\u00fcm numaralar\u0131 e\u015fle\u015ftirene kadar her \u00e7ekili\u015fte ikramiyeyi art\u0131rmas\u0131d\u0131r. Bu, bilet sat\u0131\u015flar\u0131nda b\u00fcy\u00fck art\u0131\u015flara ve ikramiye giderek y\u00fckseldik\u00e7e \u00fclke genelinde hissedilebilir bir beklenti duygusuna yol a\u00e7abilir.<\/p>\n<p>Kazananlar sadece bireyler de de\u011fil. Sendikalar &#8211; arkada\u015f, aile veya meslekta\u015f gruplar\u0131 &#8211; kazanma \u015fanslar\u0131n\u0131 art\u0131rmak i\u00e7in d\u00fczenli olarak birlikte Avusturya EuroMillions biletleri sat\u0131n almak i\u00e7in bir araya gelir ve \u00e7o\u011fu durumda b\u00fcy\u00fck bir \u00f6demenin sevincini payla\u015f\u0131rlar.<\/p>\n<h2>EuroMillions Kazanc\u0131n\u0131n Sevinci ve Olas\u0131l\u0131\u011f\u0131<\/h2>\n<p>Avusturya&#8217;n\u0131n en yeni milyoneri oldu\u011funuzu ke\u015ffetmek i\u00e7in uyand\u0131\u011f\u0131n\u0131z\u0131 hayal edin. Olas\u0131l\u0131klar sonsuzdur: d\u00fcnyay\u0131 gezin, hayalinizdeki evi sat\u0131n al\u0131n, sevdiklerinize destek olun veya her zaman hayal etti\u011finiz bir tutku projesine yat\u0131r\u0131m yap\u0131n. Bir\u00e7ok Avusturya EuroMillions kazanan\u0131 i\u00e7in, b\u00fcy\u00fck bir kazanc\u0131n ger\u00e7ekli\u011fi hayal ettiklerinden bile daha iyidir.<\/p>\n<p>Yeni buldu\u011fu servetiyle bir fark yaratmak i\u00e7in kullanan kazananlar\u0131n hikayeleri bolca vard\u0131r &#8211; sadece kendi hayatlar\u0131nda de\u011fil, toplumlar\u0131nda da. Baz\u0131lar\u0131 yerel hay\u0131r kurumlar\u0131na ba\u011f\u0131\u015fta bulundu, i\u015f yaratarak i\u015fletmeler kurdu veya ya\u015fam boyu hayallerini ger\u00e7ekle\u015ftirdi. \u0130ster spontane bir macera ister dikkatlice planlanm\u0131\u015f bir emeklilik olsun, EuroMillions kazanc\u0131yla gelen \u00f6zg\u00fcrl\u00fck ger\u00e7ekten ola\u011fan\u00fcst\u00fcd\u00fcr.<\/p>\n<p>Her Sal\u0131 ve Cuma, sonu\u00e7lar a\u00e7\u0131kland\u0131\u011f\u0131nda, binlerce Avusturyal\u0131 bir beklenti heyecan\u0131 ya\u015far. Numaralar\u0131n\u0131z\u0131 kontrol etmek, kazansayd\u0131n\u0131z ne yapard\u0131n\u0131z hayal etmek ve heyecan\u0131 arkada\u015flar\u0131n\u0131z ve ailenizle payla\u015fmak &#8211; bunlar\u0131n hepsi Avusturya EuroMillions&#8217;u bu kadar \u00f6zel yapan b\u00fcy\u00fcn\u00fcn bir par\u00e7as\u0131.<\/p>\n<h2>Avusturya EuroMillions Sonu\u00e7lar\u0131n\u0131 Kontrol Etmek: Yeni Bir Hayata \u0130lk Ad\u0131m\u0131n\u0131z<\/h2>\n<p><img loading=\"lazy\" decoding=\"async\" class=\"alignleft wp-image-268401\" src=\"https:\/\/lottomat.com\/wp-content\/uploads\/2026\/01\/EuroMillions-Austria-results.webp\" alt=\"Avusturya EuroMillions sonu\u00e7lar\u0131\" width=\"200\" height=\"200\" srcset=\"https:\/\/lottomat.com\/wp-content\/uploads\/2026\/01\/EuroMillions-Austria-results.webp 400w, https:\/\/lottomat.com\/wp-content\/uploads\/2026\/01\/EuroMillions-Austria-results-300x300.webp 300w, https:\/\/lottomat.com\/wp-content\/uploads\/2026\/01\/EuroMillions-Austria-results-150x150.webp 150w, https:\/\/lottomat.com\/wp-content\/uploads\/2026\/01\/EuroMillions-Austria-results-100x100.webp 100w\" sizes=\"auto, (max-width: 200px) 100vw, 200px\" \/>En son Avusturya EuroMillions sonu\u00e7lar\u0131yla g\u00fcncel kalmak her oyuncu i\u00e7in esast\u0131r. <a href=\"https:\/\/lottomat.com\/tr\/sonuclar\/\">Resmi piyango sonu\u00e7lar\u0131<\/a> her \u00e7ekili\u015ften k\u0131sa bir s\u00fcre sonra yay\u0131nlan\u0131r ve bunlar\u0131 kontrol etmek hi\u00e7 bu kadar kolay olmam\u0131\u015ft\u0131 &#8211; ister \u00e7evrimi\u00e7i, resmi uygulamalar arac\u0131l\u0131\u011f\u0131yla veya yerel piyango bayinizde olsun. Kazanan numaralar a\u00e7\u0131kland\u0131\u011f\u0131nda, kalpler h\u0131zla \u00e7arpar ve umutlar y\u00fckselir, \u00e7\u00fcnk\u00fc Avusturya genelindeki oyuncular bir sonraki \u015fansl\u0131 kazanan olup olmad\u0131klar\u0131n\u0131 g\u00f6rmek i\u00e7in bekler.<\/p>\n<p>Kendinizi kazanan bir bilet tutarken bulursan\u0131z, s\u00fcre\u00e7 basittir. B\u00fcy\u00fck \u00f6d\u00fcller, her ad\u0131mda size rehberlik edecek tam destekle Avusturya Piyangolar\u0131 merkezinde talep edilebilir. Daha k\u00fc\u00e7\u00fck bir \u00f6d\u00fcl kazansan\u0131z bile, kazan\u00e7lar\u0131n\u0131z\u0131 yetkili bayilerden talep edebilir, bu da her kazanc\u0131 eri\u015filebilir ve g\u00fcvenli hale getirir.<\/p>\n<p>Unutmay\u0131n, her Avusturya EuroMillions \u00e7ekili\u015fi yeni olas\u0131l\u0131klar getirir. \u0130kramiyeyi kazanamasan\u0131z bile, on iki farkl\u0131 \u00f6d\u00fcl kategorisi vard\u0131r, bu da binlerce Avusturyal\u0131n\u0131n her hafta &#8211; b\u00fcy\u00fck ve k\u00fc\u00e7\u00fck &#8211; kazan\u00e7lardan keyif ald\u0131\u011f\u0131 anlam\u0131na gelir.<\/p>\n<hr \/>\n<p>Avusturya EuroMillions sadece bir oyundan fazlas\u0131d\u0131r &#8211; hayallere, heyecana ve hayat\u0131 tamamen yeni bir \u015fekilde deneyimleme \u015fans\u0131na a\u00e7\u0131lan bir kap\u0131d\u0131r. Her \u00e7ekili\u015fle yeni hikayeler yaz\u0131l\u0131r ve yeni kazananlar spotlara \u00e7\u0131kar. Saflar\u0131na kat\u0131lacak bir sonraki ki\u015fi siz olacak m\u0131s\u0131n\u0131z? <a href=\"https:\/\/lottomat.com\/tr\/oyna\/euromillions-eu-online-avusturya-euromillions-biletleri\/\">Avusturya EuroMillions&#8217;u \u00e7evrimi\u00e7i oynay\u0131n<\/a>, en son Avusturya EuroMillions sonu\u00e7lar\u0131n\u0131 kontrol edin ve b\u00fcy\u00fck hayaller kurmaya cesaret edin!<\/p>\n","protected":false},"excerpt":{"rendered":"<p>Avusturya EuroMillions Sonu\u00e7lar\u0131n\u0131n Heyecan\u0131n\u0131 Ke\u015ffedin Hayat\u0131n\u0131z\u0131 bir gecede de\u011fi\u015ftirmeyi hayal ettiyseniz, Avusturya EuroMillions hayalleri ger\u00e7e\u011fe d\u00f6n\u00fc\u015ft\u00fcren piyangotur. Heyecan verici \u00e7ekili\u015fleri, hayat de\u011fi\u015ftiren ikramiyeleri ve inan\u0131lmaz kazanan hikayeleriyle, Avusturya EuroMillions her hafta Avrupa genelinde milyonlarca insan\u0131n hayal g\u00fcc\u00fcn\u00fc yakalar. \u0130ster deneyimli bir oyuncu olun ister ilk biletinizi almay\u0131 d\u00fc\u015f\u00fcn\u00fcyor olun, sonu\u00e7lar ve olas\u0131l\u0131klar hakk\u0131nda okumak heyecan [&hellip;]<\/p>\n","protected":false},"author":2,"featured_media":0,"parent":240960,"menu_order":0,"comment_status":"closed","ping_status":"closed","template":"euromillions-results.php","meta":{"_et_pb_use_builder":"","_et_pb_old_content":"","_et_gb_content_width":"","exclude_from_search":false,"footnotes":""},"class_list":["post-271208","page","type-page","status-publish","hentry"],"yoast_head":"<!-- This site is optimized with the Yoast SEO plugin v23.8 - https:\/\/yoast.com\/wordpress\/plugins\/seo\/ -->\n<title>Avusturya EuroMillions Sonu\u00e7lar\u0131 &amp; Kazanan Numaralar\u0131 \u2013 Lottomat<\/title>\n<meta name=\"description\" content=\"En son Avusturya EuroMillions sonu\u00e7lar\u0131n\u0131 ve kazanan numaralar\u0131n\u0131 kontrol edin. Resmi \u00e7ekili\u015f sonu\u00e7lar\u0131 hakk\u0131nda daha fazla bilgi edinin.\" \/>\n<meta name=\"robots\" content=\"index, follow, max-snippet:-1, max-image-preview:large, max-video-preview:-1\" \/>\n<link rel=\"canonical\" href=\"https:\/\/lottomat.com\/tr\/sonuclar\/avusturya-euromillions-sonuclari-euromillions-eu-kazanan-numaralari\/\" \/>\n<meta property=\"og:locale\" content=\"tr_TR\" \/>\n<meta property=\"og:type\" content=\"article\" \/>\n<meta property=\"og:title\" content=\"Avusturya EuroMillions Sonu\u00e7lar\u0131 &amp; Kazanan Numaralar\u0131 \u2013 Lottomat\" \/>\n<meta property=\"og:description\" content=\"En son Avusturya EuroMillions sonu\u00e7lar\u0131n\u0131 ve kazanan numaralar\u0131n\u0131 kontrol edin. Resmi \u00e7ekili\u015f sonu\u00e7lar\u0131 hakk\u0131nda daha fazla bilgi edinin.\" \/>\n<meta property=\"og:url\" content=\"https:\/\/lottomat.com\/tr\/sonuclar\/avusturya-euromillions-sonuclari-euromillions-eu-kazanan-numaralari\/\" \/>\n<meta property=\"og:site_name\" content=\"Lottomat\" \/>\n<meta property=\"article:modified_time\" content=\"2026-02-16T13:32:22+00:00\" \/>\n<meta property=\"og:image\" content=\"https:\/\/lottomat.com\/wp-content\/uploads\/2026\/01\/Austrian-EuroMillions-draw.webp\" \/>\n<meta name=\"twitter:card\" content=\"summary_large_image\" \/>\n<meta name=\"twitter:label1\" content=\"Tahmini okuma s\u00fcresi\" \/>\n\t<meta name=\"twitter:data1\" content=\"5 dakika\" \/>\n<script type=\"application\/ld+json\" class=\"yoast-schema-graph\">{\"@context\":\"https:\/\/schema.org\",\"@graph\":[{\"@type\":\"WebPage\",\"@id\":\"https:\/\/lottomat.com\/tr\/sonuclar\/avusturya-euromillions-sonuclari-euromillions-eu-kazanan-numaralari\/\",\"url\":\"https:\/\/lottomat.com\/tr\/sonuclar\/avusturya-euromillions-sonuclari-euromillions-eu-kazanan-numaralari\/\",\"name\":\"Avusturya EuroMillions Sonu\u00e7lar\u0131 & Kazanan Numaralar\u0131 \u2013 Lottomat\",\"isPartOf\":{\"@id\":\"https:\/\/lottomat.com\/tr\/#website\"},\"primaryImageOfPage\":{\"@id\":\"https:\/\/lottomat.com\/tr\/sonuclar\/avusturya-euromillions-sonuclari-euromillions-eu-kazanan-numaralari\/#primaryimage\"},\"image\":{\"@id\":\"https:\/\/lottomat.com\/tr\/sonuclar\/avusturya-euromillions-sonuclari-euromillions-eu-kazanan-numaralari\/#primaryimage\"},\"thumbnailUrl\":\"https:\/\/lottomat.com\/wp-content\/uploads\/2026\/01\/Austrian-EuroMillions-draw.webp\",\"datePublished\":\"2025-05-18T16:34:38+00:00\",\"dateModified\":\"2026-02-16T13:32:22+00:00\",\"description\":\"En son Avusturya EuroMillions sonu\u00e7lar\u0131n\u0131 ve kazanan numaralar\u0131n\u0131 kontrol edin. Resmi \u00e7ekili\u015f sonu\u00e7lar\u0131 hakk\u0131nda daha fazla bilgi edinin.\",\"breadcrumb\":{\"@id\":\"https:\/\/lottomat.com\/tr\/sonuclar\/avusturya-euromillions-sonuclari-euromillions-eu-kazanan-numaralari\/#breadcrumb\"},\"inLanguage\":\"tr\",\"potentialAction\":[{\"@type\":\"ReadAction\",\"target\":[\"https:\/\/lottomat.com\/tr\/sonuclar\/avusturya-euromillions-sonuclari-euromillions-eu-kazanan-numaralari\/\"]}]},{\"@type\":\"ImageObject\",\"inLanguage\":\"tr\",\"@id\":\"https:\/\/lottomat.com\/tr\/sonuclar\/avusturya-euromillions-sonuclari-euromillions-eu-kazanan-numaralari\/#primaryimage\",\"url\":\"https:\/\/lottomat.com\/wp-content\/uploads\/2026\/01\/Austrian-EuroMillions-draw.webp\",\"contentUrl\":\"https:\/\/lottomat.com\/wp-content\/uploads\/2026\/01\/Austrian-EuroMillions-draw.webp\"},{\"@type\":\"BreadcrumbList\",\"@id\":\"https:\/\/lottomat.com\/tr\/sonuclar\/avusturya-euromillions-sonuclari-euromillions-eu-kazanan-numaralari\/#breadcrumb\",\"itemListElement\":[{\"@type\":\"ListItem\",\"position\":1,\"name\":\"Home\",\"item\":\"https:\/\/lottomat.com\/tr\/\"},{\"@type\":\"ListItem\",\"position\":2,\"name\":\"En Son Piyango Sonu\u00e7lar\u0131 ve Kazanan Numaralar\",\"item\":\"https:\/\/lottomat.com\/tr\/sonuclar\/\"},{\"@type\":\"ListItem\",\"position\":3,\"name\":\"Avusturya Euromillions Sonu\u00e7lar\u0131 &#8211; Euromillions EU Kazanan Numaralar\u0131\"}]},{\"@type\":\"WebSite\",\"@id\":\"https:\/\/lottomat.com\/tr\/#website\",\"url\":\"https:\/\/lottomat.com\/tr\/\",\"name\":\"Lottomat\",\"description\":\"\",\"potentialAction\":[{\"@type\":\"SearchAction\",\"target\":{\"@type\":\"EntryPoint\",\"urlTemplate\":\"https:\/\/lottomat.com\/tr\/?s={search_term_string}\"},\"query-input\":{\"@type\":\"PropertyValueSpecification\",\"valueRequired\":true,\"valueName\":\"search_term_string\"}}],\"inLanguage\":\"tr\"}]}<\/script>\n<!-- \/ Yoast SEO plugin. -->","yoast_head_json":{"title":"Avusturya EuroMillions Sonu\u00e7lar\u0131 & Kazanan Numaralar\u0131 \u2013 Lottomat","description":"En son Avusturya EuroMillions sonu\u00e7lar\u0131n\u0131 ve kazanan numaralar\u0131n\u0131 kontrol edin. Resmi \u00e7ekili\u015f sonu\u00e7lar\u0131 hakk\u0131nda daha fazla bilgi edinin.","robots":{"index":"index","follow":"follow","max-snippet":"max-snippet:-1","max-image-preview":"max-image-preview:large","max-video-preview":"max-video-preview:-1"},"canonical":"https:\/\/lottomat.com\/tr\/sonuclar\/avusturya-euromillions-sonuclari-euromillions-eu-kazanan-numaralari\/","og_locale":"tr_TR","og_type":"article","og_title":"Avusturya EuroMillions Sonu\u00e7lar\u0131 & Kazanan Numaralar\u0131 \u2013 Lottomat","og_description":"En son Avusturya EuroMillions sonu\u00e7lar\u0131n\u0131 ve kazanan numaralar\u0131n\u0131 kontrol edin. Resmi \u00e7ekili\u015f sonu\u00e7lar\u0131 hakk\u0131nda daha fazla bilgi edinin.","og_url":"https:\/\/lottomat.com\/tr\/sonuclar\/avusturya-euromillions-sonuclari-euromillions-eu-kazanan-numaralari\/","og_site_name":"Lottomat","article_modified_time":"2026-02-16T13:32:22+00:00","og_image":[{"url":"https:\/\/lottomat.com\/wp-content\/uploads\/2026\/01\/Austrian-EuroMillions-draw.webp"}],"twitter_card":"summary_large_image","twitter_misc":{"Tahmini okuma s\u00fcresi":"5 dakika"},"schema":{"@context":"https:\/\/schema.org","@graph":[{"@type":"WebPage","@id":"https:\/\/lottomat.com\/tr\/sonuclar\/avusturya-euromillions-sonuclari-euromillions-eu-kazanan-numaralari\/","url":"https:\/\/lottomat.com\/tr\/sonuclar\/avusturya-euromillions-sonuclari-euromillions-eu-kazanan-numaralari\/","name":"Avusturya EuroMillions Sonu\u00e7lar\u0131 & Kazanan Numaralar\u0131 \u2013 Lottomat","isPartOf":{"@id":"https:\/\/lottomat.com\/tr\/#website"},"primaryImageOfPage":{"@id":"https:\/\/lottomat.com\/tr\/sonuclar\/avusturya-euromillions-sonuclari-euromillions-eu-kazanan-numaralari\/#primaryimage"},"image":{"@id":"https:\/\/lottomat.com\/tr\/sonuclar\/avusturya-euromillions-sonuclari-euromillions-eu-kazanan-numaralari\/#primaryimage"},"thumbnailUrl":"https:\/\/lottomat.com\/wp-content\/uploads\/2026\/01\/Austrian-EuroMillions-draw.webp","datePublished":"2025-05-18T16:34:38+00:00","dateModified":"2026-02-16T13:32:22+00:00","description":"En son Avusturya EuroMillions sonu\u00e7lar\u0131n\u0131 ve kazanan numaralar\u0131n\u0131 kontrol edin. Resmi \u00e7ekili\u015f sonu\u00e7lar\u0131 hakk\u0131nda daha fazla bilgi edinin.","breadcrumb":{"@id":"https:\/\/lottomat.com\/tr\/sonuclar\/avusturya-euromillions-sonuclari-euromillions-eu-kazanan-numaralari\/#breadcrumb"},"inLanguage":"tr","potentialAction":[{"@type":"ReadAction","target":["https:\/\/lottomat.com\/tr\/sonuclar\/avusturya-euromillions-sonuclari-euromillions-eu-kazanan-numaralari\/"]}]},{"@type":"ImageObject","inLanguage":"tr","@id":"https:\/\/lottomat.com\/tr\/sonuclar\/avusturya-euromillions-sonuclari-euromillions-eu-kazanan-numaralari\/#primaryimage","url":"https:\/\/lottomat.com\/wp-content\/uploads\/2026\/01\/Austrian-EuroMillions-draw.webp","contentUrl":"https:\/\/lottomat.com\/wp-content\/uploads\/2026\/01\/Austrian-EuroMillions-draw.webp"},{"@type":"BreadcrumbList","@id":"https:\/\/lottomat.com\/tr\/sonuclar\/avusturya-euromillions-sonuclari-euromillions-eu-kazanan-numaralari\/#breadcrumb","itemListElement":[{"@type":"ListItem","position":1,"name":"Home","item":"https:\/\/lottomat.com\/tr\/"},{"@type":"ListItem","position":2,"name":"En Son Piyango Sonu\u00e7lar\u0131 ve Kazanan Numaralar","item":"https:\/\/lottomat.com\/tr\/sonuclar\/"},{"@type":"ListItem","position":3,"name":"Avusturya Euromillions Sonu\u00e7lar\u0131 &#8211; Euromillions EU Kazanan Numaralar\u0131"}]},{"@type":"WebSite","@id":"https:\/\/lottomat.com\/tr\/#website","url":"https:\/\/lottomat.com\/tr\/","name":"Lottomat","description":"","potentialAction":[{"@type":"SearchAction","target":{"@type":"EntryPoint","urlTemplate":"https:\/\/lottomat.com\/tr\/?s={search_term_string}"},"query-input":{"@type":"PropertyValueSpecification","valueRequired":true,"valueName":"search_term_string"}}],"inLanguage":"tr"}]}},"_links":{"self":[{"href":"https:\/\/lottomat.com\/tr\/wp-json\/wp\/v2\/pages\/271208","targetHints":{"allow":["GET"]}}],"collection":[{"href":"https:\/\/lottomat.com\/tr\/wp-json\/wp\/v2\/pages"}],"about":[{"href":"https:\/\/lottomat.com\/tr\/wp-json\/wp\/v2\/types\/page"}],"author":[{"embeddable":true,"href":"https:\/\/lottomat.com\/tr\/wp-json\/wp\/v2\/users\/2"}],"replies":[{"embeddable":true,"href":"https:\/\/lottomat.com\/tr\/wp-json\/wp\/v2\/comments?post=271208"}],"version-history":[{"count":2,"href":"https:\/\/lottomat.com\/tr\/wp-json\/wp\/v2\/pages\/271208\/revisions"}],"predecessor-version":[{"id":271210,"href":"https:\/\/lottomat.com\/tr\/wp-json\/wp\/v2\/pages\/271208\/revisions\/271210"}],"up":[{"embeddable":true,"href":"https:\/\/lottomat.com\/tr\/wp-json\/wp\/v2\/pages\/240960"}],"wp:attachment":[{"href":"https:\/\/lottomat.com\/tr\/wp-json\/wp\/v2\/media?parent=271208"}],"curies":[{"name":"wp","href":"https:\/\/api.w.org\/{rel}","templated":true}]}}