{"id":271205,"date":"2025-05-18T16:39:08","date_gmt":"2025-05-18T16:39:08","guid":{"rendered":"https:\/\/lottomat.com\/?page_id=271205"},"modified":"2026-02-16T13:26:48","modified_gmt":"2026-02-16T13:26:48","slug":"euromillions-eu-online-avusturya-euromillions-biletleri","status":"publish","type":"page","link":"https:\/\/lottomat.com\/tr\/oyna\/euromillions-eu-online-avusturya-euromillions-biletleri\/","title":{"rendered":"Euromillions EU Online &#8211; Avusturya Euromillions Biletleri"},"content":{"rendered":"\n\n<div class=\"kk-star-ratings kksr-auto kksr-align-left kksr-valign-top\"\n    data-payload='{&quot;align&quot;:&quot;left&quot;,&quot;id&quot;:&quot;271205&quot;,&quot;slug&quot;:&quot;default&quot;,&quot;valign&quot;:&quot;top&quot;,&quot;ignore&quot;:&quot;&quot;,&quot;reference&quot;:&quot;auto&quot;,&quot;class&quot;:&quot;&quot;,&quot;count&quot;:&quot;0&quot;,&quot;legendonly&quot;:&quot;&quot;,&quot;readonly&quot;:&quot;&quot;,&quot;score&quot;:&quot;0&quot;,&quot;starsonly&quot;:&quot;&quot;,&quot;best&quot;:&quot;5&quot;,&quot;gap&quot;:&quot;5&quot;,&quot;greet&quot;:&quot;Rate this page&quot;,&quot;legend&quot;:&quot;0\\\/5 - (0 votes)&quot;,&quot;size&quot;:&quot;30&quot;,&quot;title&quot;:&quot;Euromillions EU Online - Avusturya Euromillions Biletleri&quot;,&quot;width&quot;:&quot;0&quot;,&quot;_legend&quot;:&quot;{score}\\\/{best} - ({count} {votes})&quot;,&quot;font_factor&quot;:&quot;1.25&quot;}'>\n            \n<div class=\"kksr-stars\">\n    \n<div class=\"kksr-stars-inactive\">\n            <div class=\"kksr-star\" data-star=\"1\" style=\"padding-right: 5px\">\n            \n\n<div class=\"kksr-icon\" style=\"width: 30px; height: 30px;\"><\/div>\n        <\/div>\n            <div class=\"kksr-star\" data-star=\"2\" style=\"padding-right: 5px\">\n            \n\n<div class=\"kksr-icon\" style=\"width: 30px; height: 30px;\"><\/div>\n        <\/div>\n            <div class=\"kksr-star\" data-star=\"3\" style=\"padding-right: 5px\">\n            \n\n<div class=\"kksr-icon\" style=\"width: 30px; height: 30px;\"><\/div>\n        <\/div>\n            <div class=\"kksr-star\" data-star=\"4\" style=\"padding-right: 5px\">\n            \n\n<div class=\"kksr-icon\" style=\"width: 30px; height: 30px;\"><\/div>\n        <\/div>\n            <div class=\"kksr-star\" data-star=\"5\" style=\"padding-right: 5px\">\n            \n\n<div class=\"kksr-icon\" style=\"width: 30px; height: 30px;\"><\/div>\n        <\/div>\n    <\/div>\n    \n<div class=\"kksr-stars-active\" style=\"width: 0px;\">\n            <div class=\"kksr-star\" style=\"padding-right: 5px\">\n            \n\n<div class=\"kksr-icon\" style=\"width: 30px; height: 30px;\"><\/div>\n        <\/div>\n            <div class=\"kksr-star\" style=\"padding-right: 5px\">\n            \n\n<div class=\"kksr-icon\" style=\"width: 30px; height: 30px;\"><\/div>\n        <\/div>\n            <div class=\"kksr-star\" style=\"padding-right: 5px\">\n            \n\n<div class=\"kksr-icon\" style=\"width: 30px; height: 30px;\"><\/div>\n        <\/div>\n            <div class=\"kksr-star\" style=\"padding-right: 5px\">\n            \n\n<div class=\"kksr-icon\" style=\"width: 30px; height: 30px;\"><\/div>\n        <\/div>\n            <div class=\"kksr-star\" style=\"padding-right: 5px\">\n            \n\n<div class=\"kksr-icon\" style=\"width: 30px; height: 30px;\"><\/div>\n        <\/div>\n    <\/div>\n<\/div>\n                \n\n<div class=\"kksr-legend\" style=\"font-size: 24px;\">\n            <span class=\"kksr-muted\">Rate this page<\/span>\n    <\/div>\n    <\/div>\n<h2>Euromillions EU&#8217;nun Heyecan\u0131n\u0131 Ke\u015ffedin \u2013 Avusturya&#8217;n\u0131n B\u00fcy\u00fck Kazan\u00e7lara Giden Yolu<\/h2>\n<p><img loading=\"lazy\" decoding=\"async\" class=\"alignright wp-image-268063\" src=\"https:\/\/lottomat.com\/wp-content\/uploads\/2026\/01\/Austrian-EuroMillions.webp\" alt=\"Avusturya EuroMillions\" width=\"200\" height=\"200\" srcset=\"https:\/\/lottomat.com\/wp-content\/uploads\/2026\/01\/Austrian-EuroMillions.webp 400w, https:\/\/lottomat.com\/wp-content\/uploads\/2026\/01\/Austrian-EuroMillions-300x300.webp 300w, https:\/\/lottomat.com\/wp-content\/uploads\/2026\/01\/Austrian-EuroMillions-150x150.webp 150w, https:\/\/lottomat.com\/wp-content\/uploads\/2026\/01\/Austrian-EuroMillions-100x100.webp 100w\" sizes=\"auto, (max-width: 200px) 100vw, 200px\" \/><\/p>\n<p>T\u00fcm hayallerinizin elinizin alt\u0131nda oldu\u011fu bir hayata uyand\u0131\u011f\u0131n\u0131z\u0131, d\u00fcn gece se\u00e7ti\u011finiz say\u0131lar\u0131n gelece\u011finizi sonsuza dek de\u011fi\u015ftirdi\u011fini hayal edin. \u0130\u015fte <strong>Euromillions EU<\/strong>, di\u011fer ad\u0131yla <strong>Avusturya Euromillions<\/strong>&#8216;a kat\u0131lan her oyuncuyu bekleyen heyecan budur. Hayal g\u00fcc\u00fcn\u00fc yakalayan ikramiyeler ve milyonlarca insan\u0131n heyecan\u0131yla, bu piyango olas\u0131l\u0131klar d\u00fcnyas\u0131na a\u00e7\u0131lan biletinizdir.<\/p>\n<p>Euromillions EU s\u0131radan bir piyango de\u011fil \u2013 zengin olma ortak umuduyla k\u0131ta genelindeki oyuncular\u0131 bir araya getiren bir deneyimdir. Heyecan, \u00e7ekili\u015f gecesinin co\u015fkusu ve Avrupa&#8217;n\u0131n en b\u00fcy\u00fck kazananlar\u0131 aras\u0131na kat\u0131lma \u015fans\u0131 \u2013 hepsi tek bir biletle ba\u015flar.<\/p>\n<h2>Avusturya Euromillions&#8217;u Benzersiz K\u0131lan Nedir?<\/h2>\n<p>Euromillions&#8217;un k\u00fcresel fenomenine a\u015finaysan\u0131z, AB versiyonunun \u2013 \u00f6zellikle Avusturya Euromillions&#8217;un \u2013 UK muadilinden ne fark\u0131 oldu\u011funu merak edebilirsiniz. Cevap detaylarda yatar ve piyango merakl\u0131lar\u0131 i\u00e7in bu detaylar \u00f6nemlidir.<\/p>\n<p><img loading=\"lazy\" decoding=\"async\" class=\"alignleft wp-image-268094\" src=\"https:\/\/lottomat.com\/wp-content\/uploads\/2026\/01\/EuroMillions-Austria-online.webp\" alt=\"Avusturya EuroMillions \u00e7evrimi\u00e7i\" width=\"200\" height=\"200\" srcset=\"https:\/\/lottomat.com\/wp-content\/uploads\/2026\/01\/EuroMillions-Austria-online.webp 400w, https:\/\/lottomat.com\/wp-content\/uploads\/2026\/01\/EuroMillions-Austria-online-300x300.webp 300w, https:\/\/lottomat.com\/wp-content\/uploads\/2026\/01\/EuroMillions-Austria-online-150x150.webp 150w, https:\/\/lottomat.com\/wp-content\/uploads\/2026\/01\/EuroMillions-Austria-online-100x100.webp 100w\" sizes=\"auto, (max-width: 200px) 100vw, 200px\" \/>Euromillions EU <a href=\"https:\/\/lottomat.com\/tr\/loto\/euromillions\/\">klasik Euromillions format\u0131n\u0131<\/a> takip eder, ancak biletler Avusturya kurallar\u0131 ve vergilendirmesi alt\u0131nda sat\u0131n al\u0131n\u0131r ve kazan\u00e7lar \u00f6denir. Bu, kazananlar i\u00e7in genellikle farkl\u0131 \u00f6deme yap\u0131lar\u0131 ve bazen ikamet \u00fclkenize ba\u011fl\u0131 olarak daha avantajl\u0131 vergi ko\u015fullar\u0131 anlam\u0131na gelir. Biletlerin sterlin cinsinden sat\u0131n al\u0131nd\u0131\u011f\u0131 ve \u0130ngiliz piyango d\u00fczenlemelerine tabi oldu\u011fu UK versiyonunun aksine, Avusturya Euromillions euro ile \u00e7al\u0131\u015f\u0131r ve Avusturya oyun yasalar\u0131n\u0131 takip eder. Bu, sadece nas\u0131l oynad\u0131\u011f\u0131n\u0131zda de\u011fil, ayn\u0131 zamanda kazanman\u0131z durumunda eve ne kadar g\u00f6t\u00fcrece\u011finizde de fark yaratabilir.<\/p>\n<p>Bir di\u011fer \u00f6nemli fark, bazen UK Euromillions \u00e7ekili\u015flerine e\u015flik eden ek oyunlar ve \u00e7ekili\u015flerdir, \u00f6rne\u011fin UK Millionaire Maker. Bunlar UK kat\u0131l\u0131mc\u0131lar\u0131na \u00f6zel olsa da, Euromillions EU \u00fczerinden oynamak, Avusturya, \u0130spanya, Fransa, Portekiz, Bel\u00e7ika, \u0130rlanda, L\u00fcksemburg ve \u0130svi\u00e7re&#8217;den oyuncularla heyecan\u0131 payla\u015farak ger\u00e7ekten Pan-Avrupa bir piyango deneyiminin par\u00e7as\u0131 oldu\u011funuz anlam\u0131na gelir. Topluluk duygusu ve oyunun \u00f6l\u00e7e\u011fi, her \u00e7ekili\u015fi ger\u00e7ekten uluslararas\u0131 bir etkinlik haline getirir.<\/p>\n<h2>Heyecan\u0131n Ritmi \u2013 \u00c7ekili\u015fler Ne Zaman?<\/h2>\n<p>Euromillions EU, her Sal\u0131 ve Cuma ak\u015fam\u0131 ger\u00e7ekle\u015fen haftada iki \u00e7ekili\u015fle heyecan\u0131 canl\u0131 tutar. Bu d\u00fczenli ritim, hayat\u0131n\u0131z\u0131 de\u011fi\u015ftirme f\u0131rsat\u0131n\u0131n asla uzakta olmad\u0131\u011f\u0131 anlam\u0131na gelir \u2013 Avrupa&#8217;n\u0131n bir sonraki b\u00fcy\u00fck kazanan\u0131 olma \u015fans\u0131n\u0131z\u0131 sadece birka\u00e7 g\u00fcn ay\u0131r\u0131r. Hafta boyunca beklenti artar ve her \u00e7ekili\u015f yeni bir ba\u015flang\u0131\u00e7t\u0131r, k\u00f6\u015feyi d\u00f6nm\u00fc\u015f olabilecek taze bir talih at\u0131\u015f\u0131.<\/p>\n<p>Haftada iki kez, Avrupa&#8217;da bir yerlerde birinin numaralar\u0131n\u0131n \u00e7\u0131kaca\u011f\u0131n\u0131 bilmenin \u00f6zel bir b\u00fcy\u00fcs\u00fc vard\u0131r. Neden siz olmas\u0131n ki? Bu kadar s\u0131k \u00e7ekili\u015flerle, Euromillions EU oynamak, hayal etmek ve kazanmak i\u00e7in bolca f\u0131rsat sunar.<\/p>\n<h2>Neden Avusturya Euromillions Oynamal\u0131? B\u00fcy\u00fck Hayallerin Pe\u015finden Gitmenin Keyfi<\/h2>\n<p>Euromillions EU&#8217;nun ger\u00e7ek \u00e7ekicili\u011fi, sundu\u011fu hayat de\u011fi\u015ftiren olas\u0131l\u0131klarda yatar. \u0130kramiyeler rutin olarak ba\u015f d\u00f6nd\u00fcr\u00fcc\u00fc y\u00fcksekliklere ula\u015f\u0131r, bazen 200 milyon avronun \u00fczerine \u00e7\u0131kar. B\u00f6yle bir kazan\u00e7la neler yapabilece\u011finizi hayal edin \u2013 ister d\u00fcnyay\u0131 gezmek, hayalinizdeki evi sat\u0131n almak, ailenizin gelece\u011fini g\u00fcvence alt\u0131na almak veya kalbinize en yak\u0131n ama\u00e7lar\u0131 desteklemek olsun. Ufuk geni\u015fler ve tek s\u0131n\u0131r hayal g\u00fcc\u00fcn\u00fczd\u00fcr.<\/p>\n<p>Ancak muazzam \u00f6demelerin \u00f6tesinde, bu kadar efsanevi bir piyangonun par\u00e7as\u0131 olman\u0131n derinden \u00f6d\u00fcllendirici bir yan\u0131 vard\u0131r. Her bilet bir umut vaadidir, talihin bir sonraki sefere size g\u00fclmesi inanc\u0131na yap\u0131lan k\u00fc\u00e7\u00fck bir yat\u0131r\u0131md\u0131r. \u00c7ekili\u015fin beklentisi, numaralar\u0131n\u0131z\u0131n anons edildi\u011fi an ve ard\u0131ndan gelen adrenalin patlamas\u0131 \u2013 g\u00fcnl\u00fck hayata heyecan katan bir deneyimdir.<img loading=\"lazy\" decoding=\"async\" class=\"alignright wp-image-268125\" src=\"https:\/\/lottomat.com\/wp-content\/uploads\/2026\/01\/EuroMillions-Austria-tickets.webp\" alt=\"Avusturya EuroMillions biletleri\" width=\"200\" height=\"200\" srcset=\"https:\/\/lottomat.com\/wp-content\/uploads\/2026\/01\/EuroMillions-Austria-tickets.webp 400w, https:\/\/lottomat.com\/wp-content\/uploads\/2026\/01\/EuroMillions-Austria-tickets-300x300.webp 300w, https:\/\/lottomat.com\/wp-content\/uploads\/2026\/01\/EuroMillions-Austria-tickets-150x150.webp 150w, https:\/\/lottomat.com\/wp-content\/uploads\/2026\/01\/EuroMillions-Austria-tickets-100x100.webp 100w\" sizes=\"auto, (max-width: 200px) 100vw, 200px\" \/><\/p>\n<p>Piyango ya\u015fam tarz\u0131n\u0131 ger\u00e7ekten benimsemek i\u00e7in tutarl\u0131l\u0131k anahtard\u0131r. En ba\u015far\u0131l\u0131 piyango oyuncular\u0131, d\u00fczenli oynaman\u0131n \u015fans\u0131n\u0131z\u0131 art\u0131rman\u0131n s\u0131rr\u0131 oldu\u011funu bilir. Ka\u00e7\u0131rd\u0131\u011f\u0131n\u0131z her \u00e7ekili\u015f kaybedilen bir f\u0131rsatt\u0131r, bu y\u00fczden bunu bir al\u0131\u015fkanl\u0131k haline getirin \u2013 biletlerinizi sat\u0131n al\u0131n, numaralar\u0131n\u0131z\u0131 se\u00e7in, <a href=\"https:\/\/lottomat.com\/tr\/oyna\/euromillions\/\">resmi Avusturya EuroMillions sonu\u00e7lar\u0131n\u0131<\/a> bekleyin ve oyunda kal\u0131n. Ne de olsa oynamazsan\u0131z kazanamazs\u0131n\u0131z ve \u015fansl\u0131 g\u00fcn\u00fcn\u00fcz\u00fcn ne zaman gelece\u011fini asla bilemezsiniz.<\/p>\n<h2>Sadece Euromillions De\u011fil \u2013 Lottomat&#8217;ta D\u00fcnya Sizi Bekliyor<\/h2>\n<p>Euromillions EU ve UK muadili <a href=\"https:\/\/lottomat.com\/tr\/oyna\/\">Avrupa&#8217;n\u0131n en pop\u00fcler piyangolar\u0131<\/a> aras\u0131nda olsa da, Lottomat&#8217;ta m\u00fcmk\u00fcn olanlar\u0131n sadece ba\u015flang\u0131c\u0131d\u0131r. Platformumuz t\u00fcm piyango d\u00fcnyas\u0131n\u0131 parmaklar\u0131n\u0131z\u0131n ucuna getirir \u2013 Amerika Birle\u015fik Devletleri&#8217;ndeki g\u00fc\u00e7l\u00fc Powerball ve <a href=\"https:\/\/lottomat.com\/tr\/oyna\/mega-millions\/\">Mega Millions<\/a>&#8216;dan, \u0130talya&#8217;n\u0131n <a href=\"https:\/\/lottomat.com\/tr\/oyna\/superenalotto\/\">SuperEnalotto<\/a>&#8216;suna, \u0130spanya&#8217;n\u0131n El Gordo&#8217;suna ve daha bir\u00e7o\u011funa. Her piyango kendi benzersiz tad\u0131n\u0131, oranlar\u0131n\u0131 ve ikramiye b\u00fcy\u00fckl\u00fcklerini sunar, size oynamak ve kazanmak i\u00e7in sonsuz yollar verir.<\/p>\n<p>Birden fazla piyango oynamak, bir\u00e7ok deneyimli oyuncunun benimsedi\u011fi bir stratejidir. Bahislerinizi farkl\u0131 oyunlara yayarak, sadece ufkunuzu geni\u015fletmekle kalmaz, ayn\u0131 zamanda b\u00fcy\u00fck bir kazan\u00e7 elde etme \u015fans\u0131n\u0131z\u0131 da \u00f6nemli \u00f6l\u00e7\u00fcde art\u0131r\u0131rs\u0131n\u0131z. Her bilet yeni bir f\u0131rsatt\u0131r, her \u00e7ekili\u015f yeni bir macerad\u0131r. Lottomat&#8217;ta ke\u015ffetme, deneme ve heyecan duygunuza hitap eden oyunlar\u0131 bulma \u00f6zg\u00fcrl\u00fc\u011f\u00fcne sahipsiniz.<\/p>\n<p>Piyangolar d\u00fcnyas\u0131 hikayelerle doludur \u2013 hayatlar\u0131 bir anda de\u011fi\u015fen s\u0131radan insanlar\u0131n, ger\u00e7ekle\u015fen hayallerin ve yeniden yaz\u0131lan kaderlerin hikayeleri. Sat\u0131n ald\u0131\u011f\u0131n\u0131z her biletle, bu k\u00fcresel hayalperestler ve kazananlar toplulu\u011funa kat\u0131l\u0131rs\u0131n\u0131z. Bir sonraki hikaye sizin olabilir.<\/p>\n<h2>Servete Giden Yolculu\u011funuz Buradan Ba\u015fl\u0131yor<\/h2>\n<p><img loading=\"lazy\" decoding=\"async\" class=\"alignleft wp-image-268155\" src=\"https:\/\/lottomat.com\/wp-content\/uploads\/2026\/01\/play-EuroMillions-Austria.webp\" alt=\"Avusturya EuroMillions oyna\" width=\"200\" height=\"200\" srcset=\"https:\/\/lottomat.com\/wp-content\/uploads\/2026\/01\/play-EuroMillions-Austria.webp 400w, https:\/\/lottomat.com\/wp-content\/uploads\/2026\/01\/play-EuroMillions-Austria-300x300.webp 300w, https:\/\/lottomat.com\/wp-content\/uploads\/2026\/01\/play-EuroMillions-Austria-150x150.webp 150w, https:\/\/lottomat.com\/wp-content\/uploads\/2026\/01\/play-EuroMillions-Austria-100x100.webp 100w\" sizes=\"auto, (max-width: 200px) 100vw, 200px\" \/>Euromillions EU sadece bir oyundan fazlas\u0131d\u0131r \u2013 daha parlak bir gelece\u011fe a\u00e7\u0131lan bir kap\u0131d\u0131r. Beklentinin heyecan\u0131, olas\u0131l\u0131\u011f\u0131n sevinci ve Avrupa&#8217;n\u0131n en b\u00fcy\u00fck kazananlar\u0131ndan biri olma \u015fans\u0131 elinizin alt\u0131nda. \u0130ster ilk kez oynuyor olun ister deneyimli bir piyango hayran\u0131 olun, dahil olmak i\u00e7in daha iyi bir zaman yoktur.<\/p>\n<p>Unutmay\u0131n, kazanman\u0131n anahtar\u0131 kat\u0131l\u0131md\u0131r. Ne kadar \u00e7ok oynarsan\u0131z, hayatlar\u0131 tek bir biletle de\u011fi\u015fen \u015fansl\u0131 az\u0131nl\u0131\u011f\u0131n saflar\u0131na kat\u0131lma \u015fans\u0131n\u0131z o kadar artar. Ba\u015fka bir \u00e7ekili\u015fin yan\u0131n\u0131zdan ge\u00e7mesine izin vermeyin \u2013 \u015fans\u0131n\u0131z\u0131 yakalay\u0131n, heyecan\u0131 kucaklay\u0131n ve Euromillions EU&#8217;nun her zaman hayal etti\u011finiz hayata kap\u0131lar\u0131 a\u00e7mas\u0131na izin verin.<\/p>\n<p>Ve \u015fans\u0131n\u0131z\u0131 daha da art\u0131rmak istiyorsan\u0131z, Lottomat&#8217;taki zengin uluslararas\u0131 piyangolar se\u00e7kisini ke\u015ffedin. Her oyun yeni bir olas\u0131l\u0131k, yeni bir ufuk ve kaderin cesaretlilerin yan\u0131nda oldu\u011funa inanmak i\u00e7in yeni bir nedendir. Maceran\u0131z \u015fimdi ba\u015fl\u0131yor \u2013 oynamaya haz\u0131r m\u0131s\u0131n\u0131z?<\/p>\n","protected":false},"excerpt":{"rendered":"<p>Euromillions EU&#8217;nun Heyecan\u0131n\u0131 Ke\u015ffedin \u2013 Avusturya&#8217;n\u0131n B\u00fcy\u00fck Kazan\u00e7lara Giden Yolu T\u00fcm hayallerinizin elinizin alt\u0131nda oldu\u011fu bir hayata uyand\u0131\u011f\u0131n\u0131z\u0131, d\u00fcn gece se\u00e7ti\u011finiz say\u0131lar\u0131n gelece\u011finizi sonsuza dek de\u011fi\u015ftirdi\u011fini hayal edin. \u0130\u015fte Euromillions EU, di\u011fer ad\u0131yla Avusturya Euromillions&#8216;a kat\u0131lan her oyuncuyu bekleyen heyecan budur. Hayal g\u00fcc\u00fcn\u00fc yakalayan ikramiyeler ve milyonlarca insan\u0131n heyecan\u0131yla, bu piyango olas\u0131l\u0131klar d\u00fcnyas\u0131na a\u00e7\u0131lan biletinizdir. [&hellip;]<\/p>\n","protected":false},"author":2,"featured_media":0,"parent":240933,"menu_order":0,"comment_status":"closed","ping_status":"closed","template":"euromillions-at.php","meta":{"_et_pb_use_builder":"","_et_pb_old_content":"","_et_gb_content_width":"","exclude_from_search":false,"footnotes":""},"class_list":["post-271205","page","type-page","status-publish","hentry"],"yoast_head":"<!-- This site is optimized with the Yoast SEO plugin v23.8 - https:\/\/yoast.com\/wordpress\/plugins\/seo\/ -->\n<title>Avusturya EuroMillions Online \u2013 Bilet Sat\u0131n Al \u2013 Lottomat<\/title>\n<meta name=\"description\" content=\"Lottomat&#039;ta Avusturya EuroMillions&#039;u \u00e7evrimi\u00e7i oynay\u0131n. Burada gelecek \u00e7ekili\u015f i\u00e7in Avusturya EuroMillions biletlerini \u00e7evrimi\u00e7i sat\u0131n alabilirsiniz.\" \/>\n<meta name=\"robots\" content=\"index, follow, max-snippet:-1, max-image-preview:large, max-video-preview:-1\" \/>\n<link rel=\"canonical\" href=\"https:\/\/lottomat.com\/tr\/oyna\/euromillions-eu-online-avusturya-euromillions-biletleri\/\" \/>\n<meta property=\"og:locale\" content=\"tr_TR\" \/>\n<meta property=\"og:type\" content=\"article\" \/>\n<meta property=\"og:title\" content=\"Avusturya EuroMillions Online \u2013 Bilet Sat\u0131n Al \u2013 Lottomat\" \/>\n<meta property=\"og:description\" content=\"Lottomat&#039;ta Avusturya EuroMillions&#039;u \u00e7evrimi\u00e7i oynay\u0131n. Burada gelecek \u00e7ekili\u015f i\u00e7in Avusturya EuroMillions biletlerini \u00e7evrimi\u00e7i sat\u0131n alabilirsiniz.\" \/>\n<meta property=\"og:url\" content=\"https:\/\/lottomat.com\/tr\/oyna\/euromillions-eu-online-avusturya-euromillions-biletleri\/\" \/>\n<meta property=\"og:site_name\" content=\"Lottomat\" \/>\n<meta property=\"article:modified_time\" content=\"2026-02-16T13:26:48+00:00\" \/>\n<meta property=\"og:image\" content=\"https:\/\/lottomat.com\/wp-content\/uploads\/2026\/01\/Austrian-EuroMillions.webp\" \/>\n<meta name=\"twitter:card\" content=\"summary_large_image\" \/>\n<meta name=\"twitter:label1\" content=\"Tahmini okuma s\u00fcresi\" \/>\n\t<meta name=\"twitter:data1\" content=\"5 dakika\" \/>\n<script type=\"application\/ld+json\" class=\"yoast-schema-graph\">{\"@context\":\"https:\/\/schema.org\",\"@graph\":[{\"@type\":\"WebPage\",\"@id\":\"https:\/\/lottomat.com\/tr\/oyna\/euromillions-eu-online-avusturya-euromillions-biletleri\/\",\"url\":\"https:\/\/lottomat.com\/tr\/oyna\/euromillions-eu-online-avusturya-euromillions-biletleri\/\",\"name\":\"Avusturya EuroMillions Online \u2013 Bilet Sat\u0131n Al \u2013 Lottomat\",\"isPartOf\":{\"@id\":\"https:\/\/lottomat.com\/tr\/#website\"},\"primaryImageOfPage\":{\"@id\":\"https:\/\/lottomat.com\/tr\/oyna\/euromillions-eu-online-avusturya-euromillions-biletleri\/#primaryimage\"},\"image\":{\"@id\":\"https:\/\/lottomat.com\/tr\/oyna\/euromillions-eu-online-avusturya-euromillions-biletleri\/#primaryimage\"},\"thumbnailUrl\":\"https:\/\/lottomat.com\/wp-content\/uploads\/2026\/01\/Austrian-EuroMillions.webp\",\"datePublished\":\"2025-05-18T16:39:08+00:00\",\"dateModified\":\"2026-02-16T13:26:48+00:00\",\"description\":\"Lottomat'ta Avusturya EuroMillions'u \u00e7evrimi\u00e7i oynay\u0131n. Burada gelecek \u00e7ekili\u015f i\u00e7in Avusturya EuroMillions biletlerini \u00e7evrimi\u00e7i sat\u0131n alabilirsiniz.\",\"breadcrumb\":{\"@id\":\"https:\/\/lottomat.com\/tr\/oyna\/euromillions-eu-online-avusturya-euromillions-biletleri\/#breadcrumb\"},\"inLanguage\":\"tr\",\"potentialAction\":[{\"@type\":\"ReadAction\",\"target\":[\"https:\/\/lottomat.com\/tr\/oyna\/euromillions-eu-online-avusturya-euromillions-biletleri\/\"]}]},{\"@type\":\"ImageObject\",\"inLanguage\":\"tr\",\"@id\":\"https:\/\/lottomat.com\/tr\/oyna\/euromillions-eu-online-avusturya-euromillions-biletleri\/#primaryimage\",\"url\":\"https:\/\/lottomat.com\/wp-content\/uploads\/2026\/01\/Austrian-EuroMillions.webp\",\"contentUrl\":\"https:\/\/lottomat.com\/wp-content\/uploads\/2026\/01\/Austrian-EuroMillions.webp\"},{\"@type\":\"BreadcrumbList\",\"@id\":\"https:\/\/lottomat.com\/tr\/oyna\/euromillions-eu-online-avusturya-euromillions-biletleri\/#breadcrumb\",\"itemListElement\":[{\"@type\":\"ListItem\",\"position\":1,\"name\":\"Home\",\"item\":\"https:\/\/lottomat.com\/tr\/\"},{\"@type\":\"ListItem\",\"position\":2,\"name\":\"Piyango Oyna\",\"item\":\"https:\/\/lottomat.com\/tr\/oyna\/\"},{\"@type\":\"ListItem\",\"position\":3,\"name\":\"Euromillions EU Online &#8211; Avusturya Euromillions Biletleri\"}]},{\"@type\":\"WebSite\",\"@id\":\"https:\/\/lottomat.com\/tr\/#website\",\"url\":\"https:\/\/lottomat.com\/tr\/\",\"name\":\"Lottomat\",\"description\":\"\",\"potentialAction\":[{\"@type\":\"SearchAction\",\"target\":{\"@type\":\"EntryPoint\",\"urlTemplate\":\"https:\/\/lottomat.com\/tr\/?s={search_term_string}\"},\"query-input\":{\"@type\":\"PropertyValueSpecification\",\"valueRequired\":true,\"valueName\":\"search_term_string\"}}],\"inLanguage\":\"tr\"}]}<\/script>\n<!-- \/ Yoast SEO plugin. -->","yoast_head_json":{"title":"Avusturya EuroMillions Online \u2013 Bilet Sat\u0131n Al \u2013 Lottomat","description":"Lottomat'ta Avusturya EuroMillions'u \u00e7evrimi\u00e7i oynay\u0131n. Burada gelecek \u00e7ekili\u015f i\u00e7in Avusturya EuroMillions biletlerini \u00e7evrimi\u00e7i sat\u0131n alabilirsiniz.","robots":{"index":"index","follow":"follow","max-snippet":"max-snippet:-1","max-image-preview":"max-image-preview:large","max-video-preview":"max-video-preview:-1"},"canonical":"https:\/\/lottomat.com\/tr\/oyna\/euromillions-eu-online-avusturya-euromillions-biletleri\/","og_locale":"tr_TR","og_type":"article","og_title":"Avusturya EuroMillions Online \u2013 Bilet Sat\u0131n Al \u2013 Lottomat","og_description":"Lottomat'ta Avusturya EuroMillions'u \u00e7evrimi\u00e7i oynay\u0131n. Burada gelecek \u00e7ekili\u015f i\u00e7in Avusturya EuroMillions biletlerini \u00e7evrimi\u00e7i sat\u0131n alabilirsiniz.","og_url":"https:\/\/lottomat.com\/tr\/oyna\/euromillions-eu-online-avusturya-euromillions-biletleri\/","og_site_name":"Lottomat","article_modified_time":"2026-02-16T13:26:48+00:00","og_image":[{"url":"https:\/\/lottomat.com\/wp-content\/uploads\/2026\/01\/Austrian-EuroMillions.webp"}],"twitter_card":"summary_large_image","twitter_misc":{"Tahmini okuma s\u00fcresi":"5 dakika"},"schema":{"@context":"https:\/\/schema.org","@graph":[{"@type":"WebPage","@id":"https:\/\/lottomat.com\/tr\/oyna\/euromillions-eu-online-avusturya-euromillions-biletleri\/","url":"https:\/\/lottomat.com\/tr\/oyna\/euromillions-eu-online-avusturya-euromillions-biletleri\/","name":"Avusturya EuroMillions Online \u2013 Bilet Sat\u0131n Al \u2013 Lottomat","isPartOf":{"@id":"https:\/\/lottomat.com\/tr\/#website"},"primaryImageOfPage":{"@id":"https:\/\/lottomat.com\/tr\/oyna\/euromillions-eu-online-avusturya-euromillions-biletleri\/#primaryimage"},"image":{"@id":"https:\/\/lottomat.com\/tr\/oyna\/euromillions-eu-online-avusturya-euromillions-biletleri\/#primaryimage"},"thumbnailUrl":"https:\/\/lottomat.com\/wp-content\/uploads\/2026\/01\/Austrian-EuroMillions.webp","datePublished":"2025-05-18T16:39:08+00:00","dateModified":"2026-02-16T13:26:48+00:00","description":"Lottomat'ta Avusturya EuroMillions'u \u00e7evrimi\u00e7i oynay\u0131n. Burada gelecek \u00e7ekili\u015f i\u00e7in Avusturya EuroMillions biletlerini \u00e7evrimi\u00e7i sat\u0131n alabilirsiniz.","breadcrumb":{"@id":"https:\/\/lottomat.com\/tr\/oyna\/euromillions-eu-online-avusturya-euromillions-biletleri\/#breadcrumb"},"inLanguage":"tr","potentialAction":[{"@type":"ReadAction","target":["https:\/\/lottomat.com\/tr\/oyna\/euromillions-eu-online-avusturya-euromillions-biletleri\/"]}]},{"@type":"ImageObject","inLanguage":"tr","@id":"https:\/\/lottomat.com\/tr\/oyna\/euromillions-eu-online-avusturya-euromillions-biletleri\/#primaryimage","url":"https:\/\/lottomat.com\/wp-content\/uploads\/2026\/01\/Austrian-EuroMillions.webp","contentUrl":"https:\/\/lottomat.com\/wp-content\/uploads\/2026\/01\/Austrian-EuroMillions.webp"},{"@type":"BreadcrumbList","@id":"https:\/\/lottomat.com\/tr\/oyna\/euromillions-eu-online-avusturya-euromillions-biletleri\/#breadcrumb","itemListElement":[{"@type":"ListItem","position":1,"name":"Home","item":"https:\/\/lottomat.com\/tr\/"},{"@type":"ListItem","position":2,"name":"Piyango Oyna","item":"https:\/\/lottomat.com\/tr\/oyna\/"},{"@type":"ListItem","position":3,"name":"Euromillions EU Online &#8211; Avusturya Euromillions Biletleri"}]},{"@type":"WebSite","@id":"https:\/\/lottomat.com\/tr\/#website","url":"https:\/\/lottomat.com\/tr\/","name":"Lottomat","description":"","potentialAction":[{"@type":"SearchAction","target":{"@type":"EntryPoint","urlTemplate":"https:\/\/lottomat.com\/tr\/?s={search_term_string}"},"query-input":{"@type":"PropertyValueSpecification","valueRequired":true,"valueName":"search_term_string"}}],"inLanguage":"tr"}]}},"_links":{"self":[{"href":"https:\/\/lottomat.com\/tr\/wp-json\/wp\/v2\/pages\/271205","targetHints":{"allow":["GET"]}}],"collection":[{"href":"https:\/\/lottomat.com\/tr\/wp-json\/wp\/v2\/pages"}],"about":[{"href":"https:\/\/lottomat.com\/tr\/wp-json\/wp\/v2\/types\/page"}],"author":[{"embeddable":true,"href":"https:\/\/lottomat.com\/tr\/wp-json\/wp\/v2\/users\/2"}],"replies":[{"embeddable":true,"href":"https:\/\/lottomat.com\/tr\/wp-json\/wp\/v2\/comments?post=271205"}],"version-history":[{"count":2,"href":"https:\/\/lottomat.com\/tr\/wp-json\/wp\/v2\/pages\/271205\/revisions"}],"predecessor-version":[{"id":271207,"href":"https:\/\/lottomat.com\/tr\/wp-json\/wp\/v2\/pages\/271205\/revisions\/271207"}],"up":[{"embeddable":true,"href":"https:\/\/lottomat.com\/tr\/wp-json\/wp\/v2\/pages\/240933"}],"wp:attachment":[{"href":"https:\/\/lottomat.com\/tr\/wp-json\/wp\/v2\/media?parent=271205"}],"curies":[{"name":"wp","href":"https:\/\/api.w.org\/{rel}","templated":true}]}}