{"id":242419,"date":"2025-04-24T12:19:30","date_gmt":"2025-04-24T12:19:30","guid":{"rendered":"https:\/\/lottomat.net\/?page_id=242419"},"modified":"2025-04-24T12:19:30","modified_gmt":"2025-04-24T12:19:30","slug":"saturday-lotto","status":"publish","type":"page","link":"https:\/\/lottomat.com\/tr\/loto\/saturday-lotto\/","title":{"rendered":"Cumartesi Loto Bilgileri"},"content":{"rendered":"\n\n<div class=\"kk-star-ratings kksr-auto kksr-align-left kksr-valign-top\"\n    data-payload='{&quot;align&quot;:&quot;left&quot;,&quot;id&quot;:&quot;242419&quot;,&quot;slug&quot;:&quot;default&quot;,&quot;valign&quot;:&quot;top&quot;,&quot;ignore&quot;:&quot;&quot;,&quot;reference&quot;:&quot;auto&quot;,&quot;class&quot;:&quot;&quot;,&quot;count&quot;:&quot;0&quot;,&quot;legendonly&quot;:&quot;&quot;,&quot;readonly&quot;:&quot;&quot;,&quot;score&quot;:&quot;0&quot;,&quot;starsonly&quot;:&quot;&quot;,&quot;best&quot;:&quot;5&quot;,&quot;gap&quot;:&quot;5&quot;,&quot;greet&quot;:&quot;Rate this page&quot;,&quot;legend&quot;:&quot;0\\\/5 - (0 votes)&quot;,&quot;size&quot;:&quot;30&quot;,&quot;title&quot;:&quot;Cumartesi Loto Bilgileri&quot;,&quot;width&quot;:&quot;0&quot;,&quot;_legend&quot;:&quot;{score}\\\/{best} - ({count} {votes})&quot;,&quot;font_factor&quot;:&quot;1.25&quot;}'>\n            \n<div class=\"kksr-stars\">\n    \n<div class=\"kksr-stars-inactive\">\n            <div class=\"kksr-star\" data-star=\"1\" style=\"padding-right: 5px\">\n            \n\n<div class=\"kksr-icon\" style=\"width: 30px; height: 30px;\"><\/div>\n        <\/div>\n            <div class=\"kksr-star\" data-star=\"2\" style=\"padding-right: 5px\">\n            \n\n<div class=\"kksr-icon\" style=\"width: 30px; height: 30px;\"><\/div>\n        <\/div>\n            <div class=\"kksr-star\" data-star=\"3\" style=\"padding-right: 5px\">\n            \n\n<div class=\"kksr-icon\" style=\"width: 30px; height: 30px;\"><\/div>\n        <\/div>\n            <div class=\"kksr-star\" data-star=\"4\" style=\"padding-right: 5px\">\n            \n\n<div class=\"kksr-icon\" style=\"width: 30px; height: 30px;\"><\/div>\n        <\/div>\n            <div class=\"kksr-star\" data-star=\"5\" style=\"padding-right: 5px\">\n            \n\n<div class=\"kksr-icon\" style=\"width: 30px; height: 30px;\"><\/div>\n        <\/div>\n    <\/div>\n    \n<div class=\"kksr-stars-active\" style=\"width: 0px;\">\n            <div class=\"kksr-star\" style=\"padding-right: 5px\">\n            \n\n<div class=\"kksr-icon\" style=\"width: 30px; height: 30px;\"><\/div>\n        <\/div>\n            <div class=\"kksr-star\" style=\"padding-right: 5px\">\n            \n\n<div class=\"kksr-icon\" style=\"width: 30px; height: 30px;\"><\/div>\n        <\/div>\n            <div class=\"kksr-star\" style=\"padding-right: 5px\">\n            \n\n<div class=\"kksr-icon\" style=\"width: 30px; height: 30px;\"><\/div>\n        <\/div>\n            <div class=\"kksr-star\" style=\"padding-right: 5px\">\n            \n\n<div class=\"kksr-icon\" style=\"width: 30px; height: 30px;\"><\/div>\n        <\/div>\n            <div class=\"kksr-star\" style=\"padding-right: 5px\">\n            \n\n<div class=\"kksr-icon\" style=\"width: 30px; height: 30px;\"><\/div>\n        <\/div>\n    <\/div>\n<\/div>\n                \n\n<div class=\"kksr-legend\" style=\"font-size: 24px;\">\n            <span class=\"kksr-muted\">Rate this page<\/span>\n    <\/div>\n    <\/div>\n<h2><img loading=\"lazy\" decoding=\"async\" class=\"alignleft wp-image-1243\" src=\"https:\/\/lottomat.net\/wp-content\/uploads\/2025\/03\/Saturday-Lotto-rules-300x300.png\" alt=\"Cumartesi Loto kurallar\u0131\" width=\"100\" height=\"100\" srcset=\"https:\/\/lottomat.com\/wp-content\/uploads\/2025\/03\/Saturday-Lotto-rules-300x300.png 300w, https:\/\/lottomat.com\/wp-content\/uploads\/2025\/03\/Saturday-Lotto-rules-150x150.png 150w, https:\/\/lottomat.com\/wp-content\/uploads\/2025\/03\/Saturday-Lotto-rules-100x100.png 100w, https:\/\/lottomat.com\/wp-content\/uploads\/2025\/03\/Saturday-Lotto-rules.png 400w\" sizes=\"auto, (max-width: 100px) 100vw, 100px\" \/>Cumartesi Loto kurallar\u0131<\/h2>\n<div>Cumartesi Loto&#8217;su Cumartesi geceleri \u00e7ekilen bir Avustralya piyangosudur. Ulusal stat\u00fcs\u00fcne bak\u0131lmaks\u0131z\u0131n, \u00e7evrimi\u00e7i Cumartesi Loto&#8217;su bir dizi isimle de biliniyordu; bu isimler, bu piyangolar\u0131n pazarland\u0131\u011f\u0131 b\u00f6lgeden t\u00fcretilmi\u015ftir. Cumartesi Loto \u00f6d\u00fclleri ve oynama kurallar\u0131 hakk\u0131nda daha fazla bilgi edinelim.<\/div>\n<div>Cumartesi Loto \u00e7evrimi\u00e7i, oynamas\u0131 kolay bir \u00e7evrimi\u00e7i piyangodur. Bunu oynarken, bir oyuncu 45 olas\u0131 say\u0131 aras\u0131ndan alt\u0131 say\u0131 se\u00e7melidir; bu say\u0131lar 1&#8217;den 45&#8217;e kadar numaraland\u0131r\u0131lm\u0131\u015f toplara kar\u015f\u0131l\u0131k gelmelidir.<\/div>\n<div>Bir oyuncunun yasal olarak piyango \u00fcr\u00fcnleri sat\u0131n almas\u0131na izin verilmeden \u00f6nce olmas\u0131 gereken ortalama ya\u015f 18&#8217;dir. Bu kural, 16 ya\u015f ve \u00fczeri oyuncular\u0131n piyango \u00fcr\u00fcnleri sat\u0131n almas\u0131na izin veren Bat\u0131 Avustralya hari\u00e7 t\u00fcm eyaletlerde uygulanmaktad\u0131r.<\/div>\n<div><\/div>\n<h2><img loading=\"lazy\" decoding=\"async\" class=\"alignleft wp-image-1272\" src=\"https:\/\/lottomat.net\/wp-content\/uploads\/2025\/03\/Complementary-numbers-of-the-Saturday-Lotto-online-300x300.png\" alt=\"\u00c7evrimi\u00e7i Cumartesi Loto'sunun tamamlay\u0131c\u0131 numaralar\u0131\" width=\"100\" height=\"100\" srcset=\"https:\/\/lottomat.com\/wp-content\/uploads\/2025\/03\/Complementary-numbers-of-the-Saturday-Lotto-online-300x300.png 300w, https:\/\/lottomat.com\/wp-content\/uploads\/2025\/03\/Complementary-numbers-of-the-Saturday-Lotto-online-150x150.png 150w, https:\/\/lottomat.com\/wp-content\/uploads\/2025\/03\/Complementary-numbers-of-the-Saturday-Lotto-online-100x100.png 100w, https:\/\/lottomat.com\/wp-content\/uploads\/2025\/03\/Complementary-numbers-of-the-Saturday-Lotto-online.png 400w\" sizes=\"auto, (max-width: 100px) 100vw, 100px\" \/>\u00c7evrimi\u00e7i Cumartesi Loto&#8217;sunun tamamlay\u0131c\u0131 numaralar\u0131<\/h2>\n<div>Cumartesi Loto kazanan numaralar kombinasyonunu olu\u015fturacak alt\u0131 topa ek olarak &#8220;tamamlay\u0131c\u0131&#8221; toplar olarak da bilinen iki top daha \u00e7\u0131kar\u0131l\u0131r. Tamamlay\u0131c\u0131 toplar maksimum \u00f6d\u00fcl kategorisini etkilemez; \u00f6ncelikle ikinci ve be\u015finci \u00f6d\u00fcl kategorilerini belirlemek i\u00e7in kullan\u0131l\u0131rlar.<\/div>\n<div>Tamamlay\u0131c\u0131 say\u0131, merkezi kombinasyondaki say\u0131lar\u0131n bir veya iki vuru\u015funu tamamlamak i\u00e7in gereklidir; bu, Cumartesi Loto \u00f6d\u00fclleri kategorisini d\u00fczenleyecektir.<\/div>\n<div><\/div>\n<h2><img loading=\"lazy\" decoding=\"async\" class=\"alignleft wp-image-1301\" src=\"https:\/\/lottomat.net\/wp-content\/uploads\/2025\/03\/Saturday-Lotto-Jackpot-300x300.png\" alt=\"Cumartesi Loto \u0130kramiyesi\" width=\"100\" height=\"100\" srcset=\"https:\/\/lottomat.com\/wp-content\/uploads\/2025\/03\/Saturday-Lotto-Jackpot-300x300.png 300w, https:\/\/lottomat.com\/wp-content\/uploads\/2025\/03\/Saturday-Lotto-Jackpot-150x150.png 150w, https:\/\/lottomat.com\/wp-content\/uploads\/2025\/03\/Saturday-Lotto-Jackpot-100x100.png 100w, https:\/\/lottomat.com\/wp-content\/uploads\/2025\/03\/Saturday-Lotto-Jackpot.png 400w\" sizes=\"auto, (max-width: 100px) 100vw, 100px\" \/>Cumartesi Loto \u0130kramiyesi<\/h2>\n<div>Saturday Lotto online&#8217;da oyuncular, \u00f6nceden belirlenmi\u015f bir \u00f6d\u00fcle sahip oldu\u011fu i\u00e7in di\u011fer piyangolardan a\u015fina olduklar\u0131 gibi birinci kategori \u00f6d\u00fcl\u00fcn\u00fc bir piyango ikramiyesi olarak d\u00fc\u015f\u00fcnmemelidir. Her kazanana, maksimum 4.000.000 AUD olmak \u00fczere 1.000.000 AUD nakit para \u00f6d\u00fcl\u00fc verilir.<\/div>\n<div>Cumartesi \u00e7evrimi\u00e7i Loto etkinli\u011finde, d\u00f6rtten fazla kazanan vard\u0131r ve bu da t\u00fcm kazananlar aras\u0131nda e\u015fit olarak payla\u015ft\u0131r\u0131lan 4.000.000 AUD&#8217;lik bir toplam tutarla sonu\u00e7lan\u0131r.<\/div>\n<div>Sonu\u00e7 olarak, bir dizi \u00e7ekili\u015fin premium kazananlara sahip olmas\u0131 ve ayr\u0131ca bir \u00f6d\u00fcl\u00fc kendi aralar\u0131nda payla\u015fmalar\u0131 yayg\u0131nd\u0131r. Bu m\u00fcmk\u00fcnd\u00fcr \u00e7\u00fcnk\u00fc 45 say\u0131 grubu aras\u0131ndan alt\u0131 say\u0131 se\u00e7mek kolayd\u0131r.<\/div>\n<div><\/div>\n<div><\/div>\n<h3 style=\"text-align: left;\">Cumartesi Loto \u00f6d\u00fclleri ve kazanma \u015fans\u0131<\/h3>\n","protected":false},"excerpt":{"rendered":"<p>Cumartesi Loto kurallar\u0131 Cumartesi Loto&#8217;su Cumartesi geceleri \u00e7ekilen bir Avustralya piyangosudur. Ulusal stat\u00fcs\u00fcne bak\u0131lmaks\u0131z\u0131n, \u00e7evrimi\u00e7i Cumartesi Loto&#8217;su bir dizi isimle de biliniyordu; bu isimler, bu piyangolar\u0131n pazarland\u0131\u011f\u0131 b\u00f6lgeden t\u00fcretilmi\u015ftir. Cumartesi Loto \u00f6d\u00fclleri ve oynama kurallar\u0131 hakk\u0131nda daha fazla bilgi edinelim. Cumartesi Loto \u00e7evrimi\u00e7i, oynamas\u0131 kolay bir \u00e7evrimi\u00e7i piyangodur. Bunu oynarken, bir oyuncu 45 olas\u0131 say\u0131 [&hellip;]<\/p>\n","protected":false},"author":1,"featured_media":0,"parent":240944,"menu_order":17,"comment_status":"closed","ping_status":"closed","template":"saturday-lotto-info.php","meta":{"_et_pb_use_builder":"","_et_pb_old_content":"","_et_gb_content_width":"","exclude_from_search":false,"footnotes":""},"class_list":["post-242419","page","type-page","status-publish","hentry"],"yoast_head":"<!-- This site is optimized with the Yoast SEO plugin v23.8 - https:\/\/yoast.com\/wordpress\/plugins\/seo\/ -->\n<title>Avustralya Cumartesi Loto \u00d6d\u00fclleri, Kurallar\u0131 ve \u0130kramiyesi - Lottomat<\/title>\n<meta name=\"description\" content=\"Loto Cumartesi \u00e7evrimi\u00e7i. Bunu oynarken, bir oyuncu 45 olas\u0131 say\u0131 aras\u0131ndan 6 say\u0131 se\u00e7melidir. Cumartesi Loto Bilgileri.\" \/>\n<meta name=\"robots\" content=\"index, follow, max-snippet:-1, max-image-preview:large, max-video-preview:-1\" \/>\n<link rel=\"canonical\" href=\"https:\/\/lottomat.com\/tr\/loto\/saturday-lotto\/\" \/>\n<meta property=\"og:locale\" content=\"tr_TR\" \/>\n<meta property=\"og:type\" content=\"article\" \/>\n<meta property=\"og:title\" content=\"Avustralya Cumartesi Loto \u00d6d\u00fclleri, Kurallar\u0131 ve \u0130kramiyesi - Lottomat\" \/>\n<meta property=\"og:description\" content=\"Loto Cumartesi \u00e7evrimi\u00e7i. Bunu oynarken, bir oyuncu 45 olas\u0131 say\u0131 aras\u0131ndan 6 say\u0131 se\u00e7melidir. Cumartesi Loto Bilgileri.\" \/>\n<meta property=\"og:url\" content=\"https:\/\/lottomat.com\/tr\/loto\/saturday-lotto\/\" \/>\n<meta property=\"og:site_name\" content=\"Lottomat\" \/>\n<meta property=\"og:image\" content=\"https:\/\/lottomat.net\/wp-content\/uploads\/2025\/03\/Saturday-Lotto-rules-300x300.png\" \/>\n<meta name=\"twitter:card\" content=\"summary_large_image\" \/>\n<meta name=\"twitter:label1\" content=\"Tahmini okuma s\u00fcresi\" \/>\n\t<meta name=\"twitter:data1\" content=\"2 dakika\" \/>\n<script type=\"application\/ld+json\" class=\"yoast-schema-graph\">{\"@context\":\"https:\/\/schema.org\",\"@graph\":[{\"@type\":\"WebPage\",\"@id\":\"https:\/\/lottomat.com\/tr\/loto\/saturday-lotto\/\",\"url\":\"https:\/\/lottomat.com\/tr\/loto\/saturday-lotto\/\",\"name\":\"Avustralya Cumartesi Loto \u00d6d\u00fclleri, Kurallar\u0131 ve \u0130kramiyesi - Lottomat\",\"isPartOf\":{\"@id\":\"https:\/\/lottomat.com\/tr\/#website\"},\"primaryImageOfPage\":{\"@id\":\"https:\/\/lottomat.com\/tr\/loto\/saturday-lotto\/#primaryimage\"},\"image\":{\"@id\":\"https:\/\/lottomat.com\/tr\/loto\/saturday-lotto\/#primaryimage\"},\"thumbnailUrl\":\"https:\/\/lottomat.net\/wp-content\/uploads\/2025\/03\/Saturday-Lotto-rules-300x300.png\",\"datePublished\":\"2025-04-24T12:19:30+00:00\",\"dateModified\":\"2025-04-24T12:19:30+00:00\",\"description\":\"Loto Cumartesi \u00e7evrimi\u00e7i. Bunu oynarken, bir oyuncu 45 olas\u0131 say\u0131 aras\u0131ndan 6 say\u0131 se\u00e7melidir. Cumartesi Loto Bilgileri.\",\"breadcrumb\":{\"@id\":\"https:\/\/lottomat.com\/tr\/loto\/saturday-lotto\/#breadcrumb\"},\"inLanguage\":\"tr\",\"potentialAction\":[{\"@type\":\"ReadAction\",\"target\":[\"https:\/\/lottomat.com\/tr\/loto\/saturday-lotto\/\"]}]},{\"@type\":\"ImageObject\",\"inLanguage\":\"tr\",\"@id\":\"https:\/\/lottomat.com\/tr\/loto\/saturday-lotto\/#primaryimage\",\"url\":\"https:\/\/lottomat.net\/wp-content\/uploads\/2025\/03\/Saturday-Lotto-rules-300x300.png\",\"contentUrl\":\"https:\/\/lottomat.net\/wp-content\/uploads\/2025\/03\/Saturday-Lotto-rules-300x300.png\"},{\"@type\":\"BreadcrumbList\",\"@id\":\"https:\/\/lottomat.com\/tr\/loto\/saturday-lotto\/#breadcrumb\",\"itemListElement\":[{\"@type\":\"ListItem\",\"position\":1,\"name\":\"Home\",\"item\":\"https:\/\/lottomat.com\/tr\/\"},{\"@type\":\"ListItem\",\"position\":2,\"name\":\"Piyango Kurallar\u0131: \u00d6d\u00fcller, \u0130kramiye ve Oranlar\",\"item\":\"https:\/\/lottomat.com\/tr\/loto\/\"},{\"@type\":\"ListItem\",\"position\":3,\"name\":\"Cumartesi Loto Bilgileri\"}]},{\"@type\":\"WebSite\",\"@id\":\"https:\/\/lottomat.com\/tr\/#website\",\"url\":\"https:\/\/lottomat.com\/tr\/\",\"name\":\"Lottomat\",\"description\":\"\",\"potentialAction\":[{\"@type\":\"SearchAction\",\"target\":{\"@type\":\"EntryPoint\",\"urlTemplate\":\"https:\/\/lottomat.com\/tr\/?s={search_term_string}\"},\"query-input\":{\"@type\":\"PropertyValueSpecification\",\"valueRequired\":true,\"valueName\":\"search_term_string\"}}],\"inLanguage\":\"tr\"}]}<\/script>\n<!-- \/ Yoast SEO plugin. -->","yoast_head_json":{"title":"Avustralya Cumartesi Loto \u00d6d\u00fclleri, Kurallar\u0131 ve \u0130kramiyesi - Lottomat","description":"Loto Cumartesi \u00e7evrimi\u00e7i. Bunu oynarken, bir oyuncu 45 olas\u0131 say\u0131 aras\u0131ndan 6 say\u0131 se\u00e7melidir. Cumartesi Loto Bilgileri.","robots":{"index":"index","follow":"follow","max-snippet":"max-snippet:-1","max-image-preview":"max-image-preview:large","max-video-preview":"max-video-preview:-1"},"canonical":"https:\/\/lottomat.com\/tr\/loto\/saturday-lotto\/","og_locale":"tr_TR","og_type":"article","og_title":"Avustralya Cumartesi Loto \u00d6d\u00fclleri, Kurallar\u0131 ve \u0130kramiyesi - Lottomat","og_description":"Loto Cumartesi \u00e7evrimi\u00e7i. Bunu oynarken, bir oyuncu 45 olas\u0131 say\u0131 aras\u0131ndan 6 say\u0131 se\u00e7melidir. Cumartesi Loto Bilgileri.","og_url":"https:\/\/lottomat.com\/tr\/loto\/saturday-lotto\/","og_site_name":"Lottomat","og_image":[{"url":"https:\/\/lottomat.net\/wp-content\/uploads\/2025\/03\/Saturday-Lotto-rules-300x300.png"}],"twitter_card":"summary_large_image","twitter_misc":{"Tahmini okuma s\u00fcresi":"2 dakika"},"schema":{"@context":"https:\/\/schema.org","@graph":[{"@type":"WebPage","@id":"https:\/\/lottomat.com\/tr\/loto\/saturday-lotto\/","url":"https:\/\/lottomat.com\/tr\/loto\/saturday-lotto\/","name":"Avustralya Cumartesi Loto \u00d6d\u00fclleri, Kurallar\u0131 ve \u0130kramiyesi - Lottomat","isPartOf":{"@id":"https:\/\/lottomat.com\/tr\/#website"},"primaryImageOfPage":{"@id":"https:\/\/lottomat.com\/tr\/loto\/saturday-lotto\/#primaryimage"},"image":{"@id":"https:\/\/lottomat.com\/tr\/loto\/saturday-lotto\/#primaryimage"},"thumbnailUrl":"https:\/\/lottomat.net\/wp-content\/uploads\/2025\/03\/Saturday-Lotto-rules-300x300.png","datePublished":"2025-04-24T12:19:30+00:00","dateModified":"2025-04-24T12:19:30+00:00","description":"Loto Cumartesi \u00e7evrimi\u00e7i. Bunu oynarken, bir oyuncu 45 olas\u0131 say\u0131 aras\u0131ndan 6 say\u0131 se\u00e7melidir. Cumartesi Loto Bilgileri.","breadcrumb":{"@id":"https:\/\/lottomat.com\/tr\/loto\/saturday-lotto\/#breadcrumb"},"inLanguage":"tr","potentialAction":[{"@type":"ReadAction","target":["https:\/\/lottomat.com\/tr\/loto\/saturday-lotto\/"]}]},{"@type":"ImageObject","inLanguage":"tr","@id":"https:\/\/lottomat.com\/tr\/loto\/saturday-lotto\/#primaryimage","url":"https:\/\/lottomat.net\/wp-content\/uploads\/2025\/03\/Saturday-Lotto-rules-300x300.png","contentUrl":"https:\/\/lottomat.net\/wp-content\/uploads\/2025\/03\/Saturday-Lotto-rules-300x300.png"},{"@type":"BreadcrumbList","@id":"https:\/\/lottomat.com\/tr\/loto\/saturday-lotto\/#breadcrumb","itemListElement":[{"@type":"ListItem","position":1,"name":"Home","item":"https:\/\/lottomat.com\/tr\/"},{"@type":"ListItem","position":2,"name":"Piyango Kurallar\u0131: \u00d6d\u00fcller, \u0130kramiye ve Oranlar","item":"https:\/\/lottomat.com\/tr\/loto\/"},{"@type":"ListItem","position":3,"name":"Cumartesi Loto Bilgileri"}]},{"@type":"WebSite","@id":"https:\/\/lottomat.com\/tr\/#website","url":"https:\/\/lottomat.com\/tr\/","name":"Lottomat","description":"","potentialAction":[{"@type":"SearchAction","target":{"@type":"EntryPoint","urlTemplate":"https:\/\/lottomat.com\/tr\/?s={search_term_string}"},"query-input":{"@type":"PropertyValueSpecification","valueRequired":true,"valueName":"search_term_string"}}],"inLanguage":"tr"}]}},"_links":{"self":[{"href":"https:\/\/lottomat.com\/tr\/wp-json\/wp\/v2\/pages\/242419","targetHints":{"allow":["GET"]}}],"collection":[{"href":"https:\/\/lottomat.com\/tr\/wp-json\/wp\/v2\/pages"}],"about":[{"href":"https:\/\/lottomat.com\/tr\/wp-json\/wp\/v2\/types\/page"}],"author":[{"embeddable":true,"href":"https:\/\/lottomat.com\/tr\/wp-json\/wp\/v2\/users\/1"}],"replies":[{"embeddable":true,"href":"https:\/\/lottomat.com\/tr\/wp-json\/wp\/v2\/comments?post=242419"}],"version-history":[{"count":0,"href":"https:\/\/lottomat.com\/tr\/wp-json\/wp\/v2\/pages\/242419\/revisions"}],"up":[{"embeddable":true,"href":"https:\/\/lottomat.com\/tr\/wp-json\/wp\/v2\/pages\/240944"}],"wp:attachment":[{"href":"https:\/\/lottomat.com\/tr\/wp-json\/wp\/v2\/media?parent=242419"}],"curies":[{"name":"wp","href":"https:\/\/api.w.org\/{rel}","templated":true}]}}