{"id":241027,"date":"2025-04-07T19:25:51","date_gmt":"2025-04-07T19:25:51","guid":{"rendered":"https:\/\/lottomat.net\/piyango-sonuclari\/superenalotto-sonuclari\/"},"modified":"2026-02-16T06:32:18","modified_gmt":"2026-02-16T06:32:18","slug":"superenalotto","status":"publish","type":"page","link":"https:\/\/lottomat.com\/tr\/sonuclar\/superenalotto\/","title":{"rendered":"SuperEnalotto Sonu\u00e7lar\u0131 ve Kazanan Numaralar"},"content":{"rendered":"\n\n<div class=\"kk-star-ratings kksr-auto kksr-align-left kksr-valign-top\"\n    data-payload='{&quot;align&quot;:&quot;left&quot;,&quot;id&quot;:&quot;241027&quot;,&quot;slug&quot;:&quot;default&quot;,&quot;valign&quot;:&quot;top&quot;,&quot;ignore&quot;:&quot;&quot;,&quot;reference&quot;:&quot;auto&quot;,&quot;class&quot;:&quot;&quot;,&quot;count&quot;:&quot;0&quot;,&quot;legendonly&quot;:&quot;&quot;,&quot;readonly&quot;:&quot;&quot;,&quot;score&quot;:&quot;0&quot;,&quot;starsonly&quot;:&quot;&quot;,&quot;best&quot;:&quot;5&quot;,&quot;gap&quot;:&quot;5&quot;,&quot;greet&quot;:&quot;Rate this page&quot;,&quot;legend&quot;:&quot;0\\\/5 - (0 votes)&quot;,&quot;size&quot;:&quot;30&quot;,&quot;title&quot;:&quot;SuperEnalotto Sonu\u00e7lar\u0131 ve Kazanan Numaralar&quot;,&quot;width&quot;:&quot;0&quot;,&quot;_legend&quot;:&quot;{score}\\\/{best} - ({count} {votes})&quot;,&quot;font_factor&quot;:&quot;1.25&quot;}'>\n            \n<div class=\"kksr-stars\">\n    \n<div class=\"kksr-stars-inactive\">\n            <div class=\"kksr-star\" data-star=\"1\" style=\"padding-right: 5px\">\n            \n\n<div class=\"kksr-icon\" style=\"width: 30px; height: 30px;\"><\/div>\n        <\/div>\n            <div class=\"kksr-star\" data-star=\"2\" style=\"padding-right: 5px\">\n            \n\n<div class=\"kksr-icon\" style=\"width: 30px; height: 30px;\"><\/div>\n        <\/div>\n            <div class=\"kksr-star\" data-star=\"3\" style=\"padding-right: 5px\">\n            \n\n<div class=\"kksr-icon\" style=\"width: 30px; height: 30px;\"><\/div>\n        <\/div>\n            <div class=\"kksr-star\" data-star=\"4\" style=\"padding-right: 5px\">\n            \n\n<div class=\"kksr-icon\" style=\"width: 30px; height: 30px;\"><\/div>\n        <\/div>\n            <div class=\"kksr-star\" data-star=\"5\" style=\"padding-right: 5px\">\n            \n\n<div class=\"kksr-icon\" style=\"width: 30px; height: 30px;\"><\/div>\n        <\/div>\n    <\/div>\n    \n<div class=\"kksr-stars-active\" style=\"width: 0px;\">\n            <div class=\"kksr-star\" style=\"padding-right: 5px\">\n            \n\n<div class=\"kksr-icon\" style=\"width: 30px; height: 30px;\"><\/div>\n        <\/div>\n            <div class=\"kksr-star\" style=\"padding-right: 5px\">\n            \n\n<div class=\"kksr-icon\" style=\"width: 30px; height: 30px;\"><\/div>\n        <\/div>\n            <div class=\"kksr-star\" style=\"padding-right: 5px\">\n            \n\n<div class=\"kksr-icon\" style=\"width: 30px; height: 30px;\"><\/div>\n        <\/div>\n            <div class=\"kksr-star\" style=\"padding-right: 5px\">\n            \n\n<div class=\"kksr-icon\" style=\"width: 30px; height: 30px;\"><\/div>\n        <\/div>\n            <div class=\"kksr-star\" style=\"padding-right: 5px\">\n            \n\n<div class=\"kksr-icon\" style=\"width: 30px; height: 30px;\"><\/div>\n        <\/div>\n    <\/div>\n<\/div>\n                \n\n<div class=\"kksr-legend\" style=\"font-size: 24px;\">\n            <span class=\"kksr-muted\">Rate this page<\/span>\n    <\/div>\n    <\/div>\n<p>Biletlerinizin kat\u0131ld\u0131\u011f\u0131 her \u00e7ekili\u015fin SuperEnalotto sonu\u00e7lar\u0131n\u0131 \u00f6\u011frenmek kesinlikle \u00e7ok e\u011flenceli olacakt\u0131r, \u00f6zellikle de \u015fansl\u0131 numaralar\u0131 se\u00e7ti\u011finiz ortaya \u00e7\u0131kt\u0131\u011f\u0131nda. Milyonerler saflar\u0131na kat\u0131lmay\u0131 ba\u015far\u0131p ba\u015farmad\u0131\u011f\u0131n\u0131z\u0131 <a href=\"https:\/\/lottomat.com\/tr\/\">LottoMat web sitesinde<\/a> h\u0131zl\u0131 ve sorunsuz bir \u015fekilde kontrol edin, \u00e7\u00fcnk\u00fc sonu\u00e7lar\u0131 \u00e7ekili\u015ften hemen sonra yay\u0131nl\u0131yoruz ve bunlar SuperEnalotto piyango ev sahipli\u011finin resmi mesaj\u0131ndan geliyor. <a href=\"https:\/\/lottomat.com\/tr\/sonuclar\/\">Piyango sonu\u00e7lar\u0131m\u0131z\u0131n<\/a> her zaman taze \u00e7\u0131km\u0131\u015f ekmek gibi s\u0131cak oldu\u011fu s\u00f6ylenebilir.<\/p>\n<h2><img loading=\"lazy\" decoding=\"async\" class=\"wp-image-252676 alignleft\" src=\"https:\/\/lottomat.com\/wp-content\/uploads\/2025\/10\/Italian-lottery-numbers-300x300.webp\" alt=\"\u0130talyan piyango numaralar\u0131\" width=\"200\" height=\"200\" srcset=\"https:\/\/lottomat.com\/wp-content\/uploads\/2025\/10\/Italian-lottery-numbers-300x300.webp 300w, https:\/\/lottomat.com\/wp-content\/uploads\/2025\/10\/Italian-lottery-numbers-150x150.webp 150w, https:\/\/lottomat.com\/wp-content\/uploads\/2025\/10\/Italian-lottery-numbers-100x100.webp 100w, https:\/\/lottomat.com\/wp-content\/uploads\/2025\/10\/Italian-lottery-numbers.webp 400w\" sizes=\"auto, (max-width: 200px) 100vw, 200px\" \/>G\u00fcncel SuperEnalotto Sonu\u00e7lar\u0131 Nas\u0131l Kontrol Edilir?<\/h2>\n<p>Ger\u00e7ekten \u00e7ocuk oyunca\u011f\u0131 kadar kolay ve inan\u0131lmaz derecede h\u0131zl\u0131. <strong>Son \u00e7ekili\u015fin sonu\u00e7lar\u0131 her zaman sayfan\u0131n en \u00fcst\u00fcnde yer al\u0131r.<\/strong> Ancak, sonu\u00e7larda Jolly olarak adland\u0131r\u0131lan bonus numaran\u0131n olmas\u0131 sizi \u015fa\u015f\u0131rtabilir, ancak sonu\u00e7lar\u0131 \u00e7ekili\u015ften hemen sonra do\u011frudan ev sahibinden al\u0131yoruz, bu nedenle sadece \u0130talyanlar taraf\u0131ndan \u00fclkelerinin her yerindeki piyango ofislerinde se\u00e7ilebilen bu ekstra k\u00fc\u00e7\u00fck numara da orada. Bu, yaln\u0131zca ana numaralar\u0131n \u00e7ekili\u015f sonu\u00e7lar\u0131na odaklanman\u0131z gerekti\u011fi anlam\u0131na gelir, \u00e7\u00fcnk\u00fc Jolly \u00e7ekili\u015fine kat\u0131lm\u0131yorsunuz. <strong>LottoMat web sitesindeki sonu\u00e7lar kullan\u0131c\u0131 dostu bir tabloda g\u00f6r\u00fcnt\u00fclenir, okumak \u00e7ok basittir.<\/strong><\/p>\n<h2>Ar\u015fivlenmi\u015f SuperEnalotto Sonu\u00e7lar\u0131 Nas\u0131l Kontrol Edilir?<\/h2>\n<p>LottoMat web sitesinde, eski sonu\u00e7lara g\u00f6z atman\u0131z\u0131 m\u00fcmk\u00fcn k\u0131l\u0131yoruz. Son \u00e7ekilen numaralar\u0131n hemen yan\u0131nda, son \u00e7ekili\u015fin tarihi bulunur. <strong>O tarihe t\u0131klarsan\u0131z, ar\u015fivlenmi\u015f \u00e7ekili\u015flerin oldu\u011fu bir takvim a\u00e7\u0131lacakt\u0131r.<\/strong> Tek yapman\u0131z gereken, ilgilendi\u011finiz tarihi se\u00e7mek ve \u00f6nceki SuperEnalotto \u00e7ekili\u015f sonu\u00e7lar\u0131na bakmak. Son 12 aya ait verileri topluyoruz ve g\u00fcvenilir bir \u015fekilde y\u00f6netildi\u011fine ve hepsinden \u00f6nemlisi do\u011fru oldu\u011funa bize g\u00fcvenebilirsiniz.<\/p>\n<h2>Ar\u015fiv SuperEnalotto Kazanan Numaralar\u0131 Nas\u0131l Kullan\u0131l\u0131r?<img loading=\"lazy\" decoding=\"async\" class=\"wp-image-252707 alignright\" src=\"https:\/\/lottomat.com\/wp-content\/uploads\/2025\/10\/Italian-lottery-results-300x300.webp\" alt=\"\u0130talyan piyango sonu\u00e7lar\u0131\" width=\"200\" height=\"200\" srcset=\"https:\/\/lottomat.com\/wp-content\/uploads\/2025\/10\/Italian-lottery-results-300x300.webp 300w, https:\/\/lottomat.com\/wp-content\/uploads\/2025\/10\/Italian-lottery-results-150x150.webp 150w, https:\/\/lottomat.com\/wp-content\/uploads\/2025\/10\/Italian-lottery-results-100x100.webp 100w, https:\/\/lottomat.com\/wp-content\/uploads\/2025\/10\/Italian-lottery-results.webp 400w\" sizes=\"auto, (max-width: 200px) 100vw, 200px\" \/><\/h2>\n<p>Ar\u015fivlenmi\u015f \u00e7ekili\u015flerin neden yararl\u0131 oldu\u011funu biliyor musunuz? Asl\u0131nda \u00fc\u00e7 ana neden var. <strong>Her \u015feyden \u00f6nce, son \u00e7ekilen numaralar\u0131 kontrol etti\u011finiz ve \u00e7ekili\u015fte kazanma \u015fanslar\u0131n\u0131 tan\u0131mlad\u0131\u011f\u0131n\u0131z kendi benzersiz stratejinizi olu\u015fturman\u0131z\u0131 m\u00fcmk\u00fcn k\u0131lar<\/strong>. \u0130kinci olarak, piyangodan \u015fansl\u0131 alt\u0131l\u0131 olup olmad\u0131\u011f\u0131n\u0131, ikramiye olup olmayaca\u011f\u0131n\u0131 ve dahas\u0131, yak\u0131n zamanda en y\u00fcksek \u00f6d\u00fcl\u00fcn ne oldu\u011funu kontrol ederek kazan\u0131lan bir piyangodan potansiyel kar\u0131 hesaplayabilirsiniz. \u00dc\u00e7\u00fcnc\u00fcs\u00fc, SuperEnalotto&#8217;nun ka\u00e7 kazanan\u0131 oldu\u011funu ve \u00e7ekilen t\u00fcm numaralar\u0131 se\u00e7meseler bile ne \u00f6d\u00fcller kazand\u0131klar\u0131n\u0131 g\u00f6rebilirsiniz ve her zaman y\u00fcz binlerce kazanan vard\u0131r! Geriye kalan tek \u015fey bilet sat\u0131n almak ve hayat\u0131n\u0131z\u0131 k\u00f6kten de\u011fi\u015ftirmektir! Ve unutmay\u0131n, her bilet sizi <a href=\"https:\/\/lottomat.com\/tr\/oyna\/superenalotto\/\">SuperEnalotto \u00e7evrimi\u00e7i<\/a>&#8216;de kazanmaya bir ad\u0131m daha yakla\u015ft\u0131r\u0131r.<\/p>\n<h2>SuperEnalotto&#8217;da En \u00c7ok \u00c7ekilen Numaralar Nelerdir?<\/h2>\n<p>1997&#8217;den bu yana SuperEnalotto \u00e7ekili\u015flerinin istatistiksel analizine g\u00f6re, <strong>en s\u0131k \u00e7ekilen 10 numara 90, 85, 77, 86, 82, 55, 88, 80, 87 ve 79&#8217;u i\u00e7erir.<\/strong> Bu numaralar, kazanan kombinasyonlarda s\u0131k s\u0131k g\u00f6r\u00fcnmeleri nedeniyle piyango \u00e7evrelerinde genellikle &#8220;s\u0131cak numaralar&#8221; olarak an\u0131l\u0131r. 90 numaras\u0131, oyunun tarihi boyunca y\u00fczlerce kez \u00e7ekildi\u011fi i\u00e7in en \u00fcst s\u0131rada yer al\u0131r. Oyuncular genellikle numara se\u00e7im stratejilerini bilgilendirmek i\u00e7in bu istatistiksel verileri kullan\u0131rlar, ancak her \u00e7ekili\u015fin ba\u011f\u0131ms\u0131z oldu\u011funu ve ge\u00e7mi\u015f sonu\u00e7lar\u0131n gelecekteki sonu\u00e7lar\u0131 etkilemedi\u011fini hat\u0131rlamak \u00f6nemlidir.<\/p>\n<h2><img loading=\"lazy\" decoding=\"async\" class=\"wp-image-252737 alignleft\" src=\"https:\/\/lottomat.com\/wp-content\/uploads\/2025\/10\/SuperEnalotto-results-300x300.webp\" alt=\"SuperEnalotto sonu\u00e7lar\u0131\" width=\"200\" height=\"200\" srcset=\"https:\/\/lottomat.com\/wp-content\/uploads\/2025\/10\/SuperEnalotto-results-300x300.webp 300w, https:\/\/lottomat.com\/wp-content\/uploads\/2025\/10\/SuperEnalotto-results-150x150.webp 150w, https:\/\/lottomat.com\/wp-content\/uploads\/2025\/10\/SuperEnalotto-results-100x100.webp 100w, https:\/\/lottomat.com\/wp-content\/uploads\/2025\/10\/SuperEnalotto-results.webp 400w\" sizes=\"auto, (max-width: 200px) 100vw, 200px\" \/>SuperEnalotto&#8217;da En Az \u00c7ekilen Numaralar Nelerdir?<\/h2>\n<p>Yelpazenin di\u011fer ucunda, SuperEnalotto&#8217;nun \u00e7ekili\u015flerde daha az s\u0131kl\u0131kla g\u00f6r\u00fcnen birka\u00e7 &#8220;so\u011fuk numaras\u0131&#8221; var. <strong>En az \u00e7ekilen 10 numara, analiz edilen zaman dilimine ba\u011fl\u0131 olarak de\u011fi\u015febilse de, genellikle 1, 2, 3, 4, 5, 6, 7, 8, 9 ve 10 gibi d\u00fc\u015f\u00fck numaralar\u0131 i\u00e7erir<\/strong>. Bu so\u011fuk numaralar, s\u0131cak muadillerine k\u0131yasla kazanan kombinasyonlarda o kadar s\u0131k g\u00f6r\u00fcnmedi. Baz\u0131 piyango merakl\u0131lar\u0131, so\u011fuk numaralar\u0131n \u00e7ekilmeye &#8220;muhta\u00e7&#8221; oldu\u011funa inan\u0131rken, di\u011ferleri s\u0131kl\u0131\u011f\u0131n\u0131 kan\u0131tlam\u0131\u015f s\u0131cak numaralara sad\u0131k kalmay\u0131 tercih eder. Hem s\u0131cak hem de so\u011fuk numara kal\u0131plar\u0131n\u0131 anlamak, oyuncular\u0131n ki\u015fisel piyango stratejilerini geli\u015ftirmelerine yard\u0131mc\u0131 olabilir.<\/p>\n<h2>SuperEnalotto Sonu\u00e7lar\u0131 Tahmin Edilebilir Mi?<\/h2>\n<p>SuperEnalotto i\u00e7in mevcut kapsaml\u0131 istatistiksel analize ra\u011fmen, <strong>piyango sonu\u00e7lar\u0131n\u0131n do\u011fru bir \u015fekilde tahmin edilemeyece\u011fini<\/strong> anlamak \u00e7ok \u00f6nemlidir. Her SuperEnalotto \u00e7ekili\u015fi tamamen rastgele ve \u00f6nceki sonu\u00e7lardan ba\u011f\u0131ms\u0131zd\u0131r. S\u0131cak ve so\u011fuk numaralar\u0131, frekans \u00e7izelgelerini ve tarihsel kal\u0131plar\u0131 incelemek ilgin\u00e7 olabilir ve numara se\u00e7im stratejinizi bilgilendirebilirken, bu istatistikler gelecekteki ba\u015far\u0131y\u0131 garanti etmez. Piyango, 1&#8217;den 90&#8217;a kadar her say\u0131n\u0131n her \u00e7ekili\u015fte e\u015fit \u00e7ekilme \u015fans\u0131na sahip olmas\u0131n\u0131 sa\u011flayan sofistike rastgele numara \u00fcretim sistemleri kullan\u0131r. Matematiksel olas\u0131l\u0131k, ge\u00e7mi\u015f sonu\u00e7lardan ba\u011f\u0131ms\u0131z olarak sabit kal\u0131r &#8211; insanlar ge\u00e7mi\u015f sonu\u00e7lar\u0131n gelecekteki sonu\u00e7lar\u0131 etkiledi\u011fine yanl\u0131\u015f bir \u015fekilde inand\u0131klar\u0131nda buna &#8220;kumarbaz\u0131n yan\u0131lg\u0131s\u0131&#8221; denir. Profesyonel matematik\u00e7iler ve istatistik\u00e7iler, SuperEnalotto gibi piyango oyunlar\u0131n\u0131n tamamen \u015fans oyunlar\u0131 oldu\u011funu tutarl\u0131 bir \u015fekilde vurgularlar. <strong>En iyi yakla\u015f\u0131m, sorumlu bir \u015fekilde, imkanlar\u0131n\u0131z dahilinde ve bir yat\u0131r\u0131m stratejisi yerine e\u011flence i\u00e7in oynamakt\u0131r.<\/strong><\/p>\n<h2>D\u00fcnk\u00fc SuperEnalotto \u00c7ekili\u015f Sonu\u00e7lar\u0131 Nas\u0131l Kontrol Edilir?<img loading=\"lazy\" decoding=\"async\" class=\"wp-image-252767 alignright\" src=\"https:\/\/lottomat.com\/wp-content\/uploads\/2025\/10\/SuperEnalotto-winning-numbers-300x300.webp\" alt=\"SuperEnalotto kazanan numaralar\u0131\" width=\"200\" height=\"200\" srcset=\"https:\/\/lottomat.com\/wp-content\/uploads\/2025\/10\/SuperEnalotto-winning-numbers-300x300.webp 300w, https:\/\/lottomat.com\/wp-content\/uploads\/2025\/10\/SuperEnalotto-winning-numbers-150x150.webp 150w, https:\/\/lottomat.com\/wp-content\/uploads\/2025\/10\/SuperEnalotto-winning-numbers-100x100.webp 100w, https:\/\/lottomat.com\/wp-content\/uploads\/2025\/10\/SuperEnalotto-winning-numbers.webp 400w\" sizes=\"auto, (max-width: 200px) 100vw, 200px\" \/><\/h2>\n<p>LottoMat web sitesinde d\u00fcn\u00fcn SuperEnalotto sonu\u00e7lar\u0131n\u0131 kontrol etmek basit ve kullan\u0131\u015fl\u0131d\u0131r. Platformumuz, t\u00fcm son piyango \u00e7ekili\u015flerinin kapsaml\u0131 ar\u015fivlerini tutar ve d\u00fcnden, ge\u00e7en haftadan veya hatta ge\u00e7en aydan gelen sonu\u00e7lara eri\u015fimi kolayla\u015ft\u0131r\u0131r. <strong>\u0130ster bug\u00fcn\u00fcn en son sonu\u00e7lar\u0131n\u0131 ar\u0131yor olun ister \u00f6nceki \u00e7ekili\u015flerdeki numaralar\u0131 do\u011frulaman\u0131z gerekiyor olsun, LottoMat \u0130talyan piyangosu hakk\u0131nda g\u00fcvenilir ve do\u011fru bilgi sa\u011flar.<\/strong> T\u00fcm son SuperEnalotto \u00e7ekili\u015flerinin kronolojik listesini bulaca\u011f\u0131n\u0131z sonu\u00e7lar b\u00f6l\u00fcm\u00fcm\u00fcze gidin. Her sonu\u00e7 giri\u015fi, alt\u0131 ana kazanan numaray\u0131, Jolly numaras\u0131n\u0131 ve varsa SuperStar numaras\u0131n\u0131 i\u00e7erir. \u00d6d\u00fcl da\u011f\u0131l\u0131mlar\u0131 ve kazanan istatistikleri dahil olmak \u00fczere belirli bir \u00e7ekili\u015f hakk\u0131nda ayr\u0131nt\u0131l\u0131 bilgileri g\u00f6r\u00fcnt\u00fclemek i\u00e7in herhangi bir \u00f6zel tarihe t\u0131klayabilirsiniz. Unutmay\u0131n ki LottoMat&#8217;ta, <strong>bug\u00fcn\u00fcn sonu\u00e7lar\u0131n\u0131, d\u00fcn\u00fcn numaralar\u0131n\u0131 veya haftalarca \u00f6nceki sonu\u00e7lar\u0131 ar\u0131yor olsan\u0131z da &#8211; tamamen g\u00fcvenebilece\u011finiz \u0130talyan piyangosundan her zaman orijinal sonu\u00e7lar bulacaks\u0131n\u0131z<\/strong>.<\/p>\n<h2>En Son SuperEnalotto \u00c7ekili\u015finde Ka\u00e7 Ki\u015fi Kazand\u0131?<\/h2>\n<p>Her SuperEnalotto \u00e7ekili\u015fi, sadece ikramiye kazanan\u0131 de\u011fil, farkl\u0131 <a href=\"https:\/\/lottomat.com\/tr\/loto\/superenalotto\/\">SuperEnalotto \u00f6d\u00fcl kademeleri<\/a> genelinde birden fazla kazanan \u00fcretir. <strong>Kapsaml\u0131 \u00f6d\u00fcl da\u011f\u0131l\u0131m tablomuz, her \u00f6d\u00fcl seviyesindeki kazanan say\u0131s\u0131 ve ald\u0131klar\u0131 ilgili \u00f6d\u00fcl tutarlar\u0131 hakk\u0131nda ayr\u0131nt\u0131l\u0131 bilgi sa\u011flar.<\/strong> Bu de\u011ferli veri, oyuncular\u0131n SuperEnalotto&#8217;da sadece alt\u0131 numaran\u0131n t\u00fcm\u00fcn\u00fc e\u015fle\u015ftirmenin \u00f6tesinde kazanman\u0131n \u00e7e\u015fitli yollar\u0131n\u0131 anlamalar\u0131na yard\u0131mc\u0131 olur. Tipik olarak, <strong>her SuperEnalotto \u00e7ekili\u015finde t\u00fcm \u00f6d\u00fcl kademeleri genelinde binlerce oyuncu \u00f6d\u00fcl kazan\u0131r<\/strong> ve \u00e7o\u011funluk 2-3 numaray\u0131 e\u015fle\u015ftirerek daha k\u00fc\u00e7\u00fck tutarlar kazan\u0131r. Bu bilgi, her \u00e7ekili\u015ften hemen sonra g\u00fcncellenir ve piyangodan \u00f6d\u00fcl da\u011f\u0131l\u0131m\u0131 hakk\u0131nda \u015feffafl\u0131k sa\u011flar, oyuncular\u0131n farkl\u0131 e\u015fle\u015fme seviyelerinde potansiyel kazan\u00e7lar\u0131n\u0131 anlamalar\u0131na yard\u0131mc\u0131 olur.<\/p>\n","protected":false},"excerpt":{"rendered":"<p>Biletlerinizin kat\u0131ld\u0131\u011f\u0131 her \u00e7ekili\u015fin SuperEnalotto sonu\u00e7lar\u0131n\u0131 \u00f6\u011frenmek kesinlikle \u00e7ok e\u011flenceli olacakt\u0131r, \u00f6zellikle de \u015fansl\u0131 numaralar\u0131 se\u00e7ti\u011finiz ortaya \u00e7\u0131kt\u0131\u011f\u0131nda. Milyonerler saflar\u0131na kat\u0131lmay\u0131 ba\u015far\u0131p ba\u015farmad\u0131\u011f\u0131n\u0131z\u0131 LottoMat web sitesinde h\u0131zl\u0131 ve sorunsuz bir \u015fekilde kontrol edin, \u00e7\u00fcnk\u00fc sonu\u00e7lar\u0131 \u00e7ekili\u015ften hemen sonra yay\u0131nl\u0131yoruz ve bunlar SuperEnalotto piyango ev sahipli\u011finin resmi mesaj\u0131ndan geliyor. Piyango sonu\u00e7lar\u0131m\u0131z\u0131n her zaman taze \u00e7\u0131km\u0131\u015f ekmek [&hellip;]<\/p>\n","protected":false},"author":1,"featured_media":0,"parent":240960,"menu_order":5,"comment_status":"closed","ping_status":"closed","template":"superenalotto-results.php","meta":{"_et_pb_use_builder":"","_et_pb_old_content":"","_et_gb_content_width":"","exclude_from_search":false,"footnotes":""},"class_list":["post-241027","page","type-page","status-publish","hentry"],"yoast_head":"<!-- This site is optimized with the Yoast SEO plugin v23.8 - https:\/\/yoast.com\/wordpress\/plugins\/seo\/ -->\n<title>SuperEnalotto Sonu\u00e7lar\u0131 ve Kazanan Numaralar - Lottomat<\/title>\n<meta name=\"description\" content=\"En son SuperEnalotto sonu\u00e7lar\u0131na \u015fimdi g\u00f6z at\u0131n! Bug\u00fcn\u00fcn kazanan numaralar\u0131n\u0131 g\u00f6r\u00fcn ve \u0130talyan piyango \u00e7ekili\u015fini kazan\u0131p kazanmad\u0131\u011f\u0131n\u0131z\u0131 \u00f6\u011frenin.\" \/>\n<meta name=\"robots\" content=\"index, follow, max-snippet:-1, max-image-preview:large, max-video-preview:-1\" \/>\n<link rel=\"canonical\" href=\"https:\/\/lottomat.com\/tr\/sonuclar\/superenalotto\/\" \/>\n<meta property=\"og:locale\" content=\"tr_TR\" \/>\n<meta property=\"og:type\" content=\"article\" \/>\n<meta property=\"og:title\" content=\"SuperEnalotto Sonu\u00e7lar\u0131 ve Kazanan Numaralar - Lottomat\" \/>\n<meta property=\"og:description\" content=\"En son SuperEnalotto sonu\u00e7lar\u0131na \u015fimdi g\u00f6z at\u0131n! Bug\u00fcn\u00fcn kazanan numaralar\u0131n\u0131 g\u00f6r\u00fcn ve \u0130talyan piyango \u00e7ekili\u015fini kazan\u0131p kazanmad\u0131\u011f\u0131n\u0131z\u0131 \u00f6\u011frenin.\" \/>\n<meta property=\"og:url\" content=\"https:\/\/lottomat.com\/tr\/sonuclar\/superenalotto\/\" \/>\n<meta property=\"og:site_name\" content=\"Lottomat\" \/>\n<meta property=\"article:modified_time\" content=\"2026-02-16T06:32:18+00:00\" \/>\n<meta property=\"og:image\" content=\"https:\/\/lottomat.com\/wp-content\/uploads\/2025\/10\/Italian-lottery-numbers-300x300.webp\" \/>\n<meta name=\"twitter:card\" content=\"summary_large_image\" \/>\n<meta name=\"twitter:label1\" content=\"Tahmini okuma s\u00fcresi\" \/>\n\t<meta name=\"twitter:data1\" content=\"5 dakika\" \/>\n<script type=\"application\/ld+json\" class=\"yoast-schema-graph\">{\"@context\":\"https:\/\/schema.org\",\"@graph\":[{\"@type\":\"WebPage\",\"@id\":\"https:\/\/lottomat.com\/tr\/sonuclar\/superenalotto\/\",\"url\":\"https:\/\/lottomat.com\/tr\/sonuclar\/superenalotto\/\",\"name\":\"SuperEnalotto Sonu\u00e7lar\u0131 ve Kazanan Numaralar - Lottomat\",\"isPartOf\":{\"@id\":\"https:\/\/lottomat.com\/tr\/#website\"},\"primaryImageOfPage\":{\"@id\":\"https:\/\/lottomat.com\/tr\/sonuclar\/superenalotto\/#primaryimage\"},\"image\":{\"@id\":\"https:\/\/lottomat.com\/tr\/sonuclar\/superenalotto\/#primaryimage\"},\"thumbnailUrl\":\"https:\/\/lottomat.com\/wp-content\/uploads\/2025\/10\/Italian-lottery-numbers-300x300.webp\",\"datePublished\":\"2025-04-07T19:25:51+00:00\",\"dateModified\":\"2026-02-16T06:32:18+00:00\",\"description\":\"En son SuperEnalotto sonu\u00e7lar\u0131na \u015fimdi g\u00f6z at\u0131n! Bug\u00fcn\u00fcn kazanan numaralar\u0131n\u0131 g\u00f6r\u00fcn ve \u0130talyan piyango \u00e7ekili\u015fini kazan\u0131p kazanmad\u0131\u011f\u0131n\u0131z\u0131 \u00f6\u011frenin.\",\"breadcrumb\":{\"@id\":\"https:\/\/lottomat.com\/tr\/sonuclar\/superenalotto\/#breadcrumb\"},\"inLanguage\":\"tr\",\"potentialAction\":[{\"@type\":\"ReadAction\",\"target\":[\"https:\/\/lottomat.com\/tr\/sonuclar\/superenalotto\/\"]}]},{\"@type\":\"ImageObject\",\"inLanguage\":\"tr\",\"@id\":\"https:\/\/lottomat.com\/tr\/sonuclar\/superenalotto\/#primaryimage\",\"url\":\"https:\/\/lottomat.com\/wp-content\/uploads\/2025\/10\/Italian-lottery-numbers-300x300.webp\",\"contentUrl\":\"https:\/\/lottomat.com\/wp-content\/uploads\/2025\/10\/Italian-lottery-numbers-300x300.webp\"},{\"@type\":\"BreadcrumbList\",\"@id\":\"https:\/\/lottomat.com\/tr\/sonuclar\/superenalotto\/#breadcrumb\",\"itemListElement\":[{\"@type\":\"ListItem\",\"position\":1,\"name\":\"Home\",\"item\":\"https:\/\/lottomat.com\/tr\/\"},{\"@type\":\"ListItem\",\"position\":2,\"name\":\"En Son Piyango Sonu\u00e7lar\u0131 ve Kazanan Numaralar\",\"item\":\"https:\/\/lottomat.com\/tr\/sonuclar\/\"},{\"@type\":\"ListItem\",\"position\":3,\"name\":\"SuperEnalotto Sonu\u00e7lar\u0131 ve Kazanan Numaralar\"}]},{\"@type\":\"WebSite\",\"@id\":\"https:\/\/lottomat.com\/tr\/#website\",\"url\":\"https:\/\/lottomat.com\/tr\/\",\"name\":\"Lottomat\",\"description\":\"\",\"potentialAction\":[{\"@type\":\"SearchAction\",\"target\":{\"@type\":\"EntryPoint\",\"urlTemplate\":\"https:\/\/lottomat.com\/tr\/?s={search_term_string}\"},\"query-input\":{\"@type\":\"PropertyValueSpecification\",\"valueRequired\":true,\"valueName\":\"search_term_string\"}}],\"inLanguage\":\"tr\"}]}<\/script>\n<!-- \/ Yoast SEO plugin. -->","yoast_head_json":{"title":"SuperEnalotto Sonu\u00e7lar\u0131 ve Kazanan Numaralar - Lottomat","description":"En son SuperEnalotto sonu\u00e7lar\u0131na \u015fimdi g\u00f6z at\u0131n! Bug\u00fcn\u00fcn kazanan numaralar\u0131n\u0131 g\u00f6r\u00fcn ve \u0130talyan piyango \u00e7ekili\u015fini kazan\u0131p kazanmad\u0131\u011f\u0131n\u0131z\u0131 \u00f6\u011frenin.","robots":{"index":"index","follow":"follow","max-snippet":"max-snippet:-1","max-image-preview":"max-image-preview:large","max-video-preview":"max-video-preview:-1"},"canonical":"https:\/\/lottomat.com\/tr\/sonuclar\/superenalotto\/","og_locale":"tr_TR","og_type":"article","og_title":"SuperEnalotto Sonu\u00e7lar\u0131 ve Kazanan Numaralar - Lottomat","og_description":"En son SuperEnalotto sonu\u00e7lar\u0131na \u015fimdi g\u00f6z at\u0131n! Bug\u00fcn\u00fcn kazanan numaralar\u0131n\u0131 g\u00f6r\u00fcn ve \u0130talyan piyango \u00e7ekili\u015fini kazan\u0131p kazanmad\u0131\u011f\u0131n\u0131z\u0131 \u00f6\u011frenin.","og_url":"https:\/\/lottomat.com\/tr\/sonuclar\/superenalotto\/","og_site_name":"Lottomat","article_modified_time":"2026-02-16T06:32:18+00:00","og_image":[{"url":"https:\/\/lottomat.com\/wp-content\/uploads\/2025\/10\/Italian-lottery-numbers-300x300.webp"}],"twitter_card":"summary_large_image","twitter_misc":{"Tahmini okuma s\u00fcresi":"5 dakika"},"schema":{"@context":"https:\/\/schema.org","@graph":[{"@type":"WebPage","@id":"https:\/\/lottomat.com\/tr\/sonuclar\/superenalotto\/","url":"https:\/\/lottomat.com\/tr\/sonuclar\/superenalotto\/","name":"SuperEnalotto Sonu\u00e7lar\u0131 ve Kazanan Numaralar - Lottomat","isPartOf":{"@id":"https:\/\/lottomat.com\/tr\/#website"},"primaryImageOfPage":{"@id":"https:\/\/lottomat.com\/tr\/sonuclar\/superenalotto\/#primaryimage"},"image":{"@id":"https:\/\/lottomat.com\/tr\/sonuclar\/superenalotto\/#primaryimage"},"thumbnailUrl":"https:\/\/lottomat.com\/wp-content\/uploads\/2025\/10\/Italian-lottery-numbers-300x300.webp","datePublished":"2025-04-07T19:25:51+00:00","dateModified":"2026-02-16T06:32:18+00:00","description":"En son SuperEnalotto sonu\u00e7lar\u0131na \u015fimdi g\u00f6z at\u0131n! Bug\u00fcn\u00fcn kazanan numaralar\u0131n\u0131 g\u00f6r\u00fcn ve \u0130talyan piyango \u00e7ekili\u015fini kazan\u0131p kazanmad\u0131\u011f\u0131n\u0131z\u0131 \u00f6\u011frenin.","breadcrumb":{"@id":"https:\/\/lottomat.com\/tr\/sonuclar\/superenalotto\/#breadcrumb"},"inLanguage":"tr","potentialAction":[{"@type":"ReadAction","target":["https:\/\/lottomat.com\/tr\/sonuclar\/superenalotto\/"]}]},{"@type":"ImageObject","inLanguage":"tr","@id":"https:\/\/lottomat.com\/tr\/sonuclar\/superenalotto\/#primaryimage","url":"https:\/\/lottomat.com\/wp-content\/uploads\/2025\/10\/Italian-lottery-numbers-300x300.webp","contentUrl":"https:\/\/lottomat.com\/wp-content\/uploads\/2025\/10\/Italian-lottery-numbers-300x300.webp"},{"@type":"BreadcrumbList","@id":"https:\/\/lottomat.com\/tr\/sonuclar\/superenalotto\/#breadcrumb","itemListElement":[{"@type":"ListItem","position":1,"name":"Home","item":"https:\/\/lottomat.com\/tr\/"},{"@type":"ListItem","position":2,"name":"En Son Piyango Sonu\u00e7lar\u0131 ve Kazanan Numaralar","item":"https:\/\/lottomat.com\/tr\/sonuclar\/"},{"@type":"ListItem","position":3,"name":"SuperEnalotto Sonu\u00e7lar\u0131 ve Kazanan Numaralar"}]},{"@type":"WebSite","@id":"https:\/\/lottomat.com\/tr\/#website","url":"https:\/\/lottomat.com\/tr\/","name":"Lottomat","description":"","potentialAction":[{"@type":"SearchAction","target":{"@type":"EntryPoint","urlTemplate":"https:\/\/lottomat.com\/tr\/?s={search_term_string}"},"query-input":{"@type":"PropertyValueSpecification","valueRequired":true,"valueName":"search_term_string"}}],"inLanguage":"tr"}]}},"_links":{"self":[{"href":"https:\/\/lottomat.com\/tr\/wp-json\/wp\/v2\/pages\/241027","targetHints":{"allow":["GET"]}}],"collection":[{"href":"https:\/\/lottomat.com\/tr\/wp-json\/wp\/v2\/pages"}],"about":[{"href":"https:\/\/lottomat.com\/tr\/wp-json\/wp\/v2\/types\/page"}],"author":[{"embeddable":true,"href":"https:\/\/lottomat.com\/tr\/wp-json\/wp\/v2\/users\/1"}],"replies":[{"embeddable":true,"href":"https:\/\/lottomat.com\/tr\/wp-json\/wp\/v2\/comments?post=241027"}],"version-history":[{"count":2,"href":"https:\/\/lottomat.com\/tr\/wp-json\/wp\/v2\/pages\/241027\/revisions"}],"predecessor-version":[{"id":271135,"href":"https:\/\/lottomat.com\/tr\/wp-json\/wp\/v2\/pages\/241027\/revisions\/271135"}],"up":[{"embeddable":true,"href":"https:\/\/lottomat.com\/tr\/wp-json\/wp\/v2\/pages\/240960"}],"wp:attachment":[{"href":"https:\/\/lottomat.com\/tr\/wp-json\/wp\/v2\/media?parent=241027"}],"curies":[{"name":"wp","href":"https:\/\/api.w.org\/{rel}","templated":true}]}}