{"id":241015,"date":"2025-03-26T10:16:37","date_gmt":"2025-03-26T10:16:37","guid":{"rendered":"https:\/\/lottomat.net\/piyango-bilgileri\/powerball-bilgileri\/"},"modified":"2026-02-13T13:19:59","modified_gmt":"2026-02-13T13:19:59","slug":"powerball","status":"publish","type":"page","link":"https:\/\/lottomat.com\/tr\/loto\/powerball\/","title":{"rendered":"Powerball \u00d6d\u00fclleri, Kurallar\u0131 ve Jackpot"},"content":{"rendered":"\n\n<div class=\"kk-star-ratings kksr-auto kksr-align-left kksr-valign-top\"\n    data-payload='{&quot;align&quot;:&quot;left&quot;,&quot;id&quot;:&quot;241015&quot;,&quot;slug&quot;:&quot;default&quot;,&quot;valign&quot;:&quot;top&quot;,&quot;ignore&quot;:&quot;&quot;,&quot;reference&quot;:&quot;auto&quot;,&quot;class&quot;:&quot;&quot;,&quot;count&quot;:&quot;0&quot;,&quot;legendonly&quot;:&quot;&quot;,&quot;readonly&quot;:&quot;&quot;,&quot;score&quot;:&quot;0&quot;,&quot;starsonly&quot;:&quot;&quot;,&quot;best&quot;:&quot;5&quot;,&quot;gap&quot;:&quot;5&quot;,&quot;greet&quot;:&quot;Rate this page&quot;,&quot;legend&quot;:&quot;0\\\/5 - (0 votes)&quot;,&quot;size&quot;:&quot;30&quot;,&quot;title&quot;:&quot;Powerball \u00d6d\u00fclleri, Kurallar\u0131 ve Jackpot&quot;,&quot;width&quot;:&quot;0&quot;,&quot;_legend&quot;:&quot;{score}\\\/{best} - ({count} {votes})&quot;,&quot;font_factor&quot;:&quot;1.25&quot;}'>\n            \n<div class=\"kksr-stars\">\n    \n<div class=\"kksr-stars-inactive\">\n            <div class=\"kksr-star\" data-star=\"1\" style=\"padding-right: 5px\">\n            \n\n<div class=\"kksr-icon\" style=\"width: 30px; height: 30px;\"><\/div>\n        <\/div>\n            <div class=\"kksr-star\" data-star=\"2\" style=\"padding-right: 5px\">\n            \n\n<div class=\"kksr-icon\" style=\"width: 30px; height: 30px;\"><\/div>\n        <\/div>\n            <div class=\"kksr-star\" data-star=\"3\" style=\"padding-right: 5px\">\n            \n\n<div class=\"kksr-icon\" style=\"width: 30px; height: 30px;\"><\/div>\n        <\/div>\n            <div class=\"kksr-star\" data-star=\"4\" style=\"padding-right: 5px\">\n            \n\n<div class=\"kksr-icon\" style=\"width: 30px; height: 30px;\"><\/div>\n        <\/div>\n            <div class=\"kksr-star\" data-star=\"5\" style=\"padding-right: 5px\">\n            \n\n<div class=\"kksr-icon\" style=\"width: 30px; height: 30px;\"><\/div>\n        <\/div>\n    <\/div>\n    \n<div class=\"kksr-stars-active\" style=\"width: 0px;\">\n            <div class=\"kksr-star\" style=\"padding-right: 5px\">\n            \n\n<div class=\"kksr-icon\" style=\"width: 30px; height: 30px;\"><\/div>\n        <\/div>\n            <div class=\"kksr-star\" style=\"padding-right: 5px\">\n            \n\n<div class=\"kksr-icon\" style=\"width: 30px; height: 30px;\"><\/div>\n        <\/div>\n            <div class=\"kksr-star\" style=\"padding-right: 5px\">\n            \n\n<div class=\"kksr-icon\" style=\"width: 30px; height: 30px;\"><\/div>\n        <\/div>\n            <div class=\"kksr-star\" style=\"padding-right: 5px\">\n            \n\n<div class=\"kksr-icon\" style=\"width: 30px; height: 30px;\"><\/div>\n        <\/div>\n            <div class=\"kksr-star\" style=\"padding-right: 5px\">\n            \n\n<div class=\"kksr-icon\" style=\"width: 30px; height: 30px;\"><\/div>\n        <\/div>\n    <\/div>\n<\/div>\n                \n\n<div class=\"kksr-legend\" style=\"font-size: 24px;\">\n            <span class=\"kksr-muted\">Rate this page<\/span>\n    <\/div>\n    <\/div>\n<p>Powerball \u00f6d\u00fclleri, jackpot ve oyun kurallar\u0131 hakk\u0131nda daha fazla bilgi edinin. Powerball Lotto &#8211; \u015eans oyunu veya piyango, d\u00fcnya \u00e7ap\u0131nda en pop\u00fcler kumar e\u011flence bi\u00e7imlerinden biridir. \u00c7o\u011fumuz en az bir kez piyango \u00e7ekili\u015fine kat\u0131ld\u0131k. Piyangolar, a\u00e7\u0131k kurallar\u0131 olan \u00e7ok basit ve heyecan verici oyunlard\u0131r. Onlar hakk\u0131nda kesinlikle karma\u015f\u0131k hi\u00e7bir \u015fey yoktur ve herkes herhangi bir piyangonun kurallar\u0131n\u0131 \u00e7ok h\u0131zl\u0131 bir \u015fekilde \u00f6\u011frenebilir. E\u011fer say\u0131 oyunlar\u0131 tutkunuysan\u0131z ve hala test etmek i\u00e7in yeni ve ilgin\u00e7 bir piyango ar\u0131yorsan\u0131z, makaleyi daha fazla okumal\u0131s\u0131n\u0131z. Size d\u00fcnyan\u0131n en \u00fcnl\u00fc Powerball lotto&#8217;sunun ne oldu\u011funu, oyunun nas\u0131l \u00e7al\u0131\u015ft\u0131\u011f\u0131n\u0131, \u015fans ve riskleri ve ne kadar kazan\u0131labilece\u011fini (Powerball \u00f6d\u00fclleri ve jackpot) anlataca\u011f\u0131z.<\/p>\n<h2><img loading=\"lazy\" decoding=\"async\" class=\"alignleft wp-image-252449\" src=\"https:\/\/lottomat.com\/wp-content\/uploads\/2025\/10\/Powerball-jackpot-300x300.webp\" alt=\"Powerball jackpot\" width=\"200\" height=\"200\" srcset=\"https:\/\/lottomat.com\/wp-content\/uploads\/2025\/10\/Powerball-jackpot-300x300.webp 300w, https:\/\/lottomat.com\/wp-content\/uploads\/2025\/10\/Powerball-jackpot-150x150.webp 150w, https:\/\/lottomat.com\/wp-content\/uploads\/2025\/10\/Powerball-jackpot-100x100.webp 100w, https:\/\/lottomat.com\/wp-content\/uploads\/2025\/10\/Powerball-jackpot.webp 400w\" sizes=\"auto, (max-width: 200px) 100vw, 200px\" \/>Powerball Piyangosunu Nedir?<\/h2>\n<p>Powerball, <strong>1988<\/strong> y\u0131l\u0131ndan beri faaliyet g\u00f6steren bir Amerikan piyangosudur. Eskiden Lotto America olarak bilinirdi, ancak <strong>1992<\/strong> y\u0131l\u0131nda ad\u0131 bug\u00fcnk\u00fc Powerball olarak de\u011fi\u015ftirildi. Amerikan Powerball <a href=\"https:\/\/lottomat.com\/tr\/\">d\u00fcnyan\u0131n en pop\u00fcler piyangolar\u0131ndan biridir<\/a>; ABD&#8217;de tam <strong>45 eyalette<\/strong> ve ayr\u0131ca Columbia B\u00f6lgesi, Porto Riko ve Virgin Adalar\u0131&#8217;nda piyango ofisleri bulunmaktad\u0131r. Piyangonun, daha y\u00fcksek kazanmaya olanak tan\u0131yan iki tambur aras\u0131ndan \u00e7ekili\u015f yapma konusunda \u00f6nc\u00fc oldu\u011funu belirtmekte fayda var. Powerball lotto \u00e7ekili\u015fleri her <strong>Pazartesi, \u00c7ar\u015famba ve Cumartesi saat 22:59 EST&#8217;de<\/strong> ger\u00e7ekle\u015fir. \u00c7ekili\u015fin yeri genellikle Florida Lottery st\u00fcdyosudur. Amerika Birle\u015fik Devletleri&#8217;nde ya\u015fam\u0131yor veya bulunmuyorsan\u0131z ve <a href=\"https:\/\/lottomat.com\/tr\/oyna\/powerball\/\">online Powerball lotto bileti sat\u0131n alma<\/a> imkan\u0131n\u0131z yoksa, tek yapman\u0131z gereken <strong>Lottomat web sitemizi<\/strong> kullanmakt\u0131r. Burada, \u0130nternet \u00fczerinden Powerball lotto oynayabilir, ilgin\u00e7 makaleler okuyabilir ve <a href=\"https:\/\/lottomat.com\/tr\/sonuclar\/powerball\/\">en son Powerball \u00e7ekili\u015f sonu\u00e7lar\u0131n\u0131 kontrol edebilirsiniz<\/a>.<\/p>\n<h2>Powerball Piyangosunu Oynama Kurallar\u0131 Nelerdir?<\/h2>\n<p>Piyangonun olu\u015fturulmas\u0131ndan bu yana kurallar birka\u00e7 kez de\u011fi\u015fti; genellikle oyuncular\u0131n y\u00fcksek parasal Powerball \u00f6d\u00fclleri kazanmas\u0131na izin vermek i\u00e7in modernize edildi. Ba\u015flang\u0131\u00e7ta, 40 say\u0131l\u0131k bir havuzdan yedi tanesini se\u00e7mek gerekiyordu. Ard\u0131ndan, daha k\u00fc\u00e7\u00fck bir havuzdan ikinci bir bonus numaras\u0131n\u0131n se\u00e7ilmesi eklendi. Havuzun b\u00fcy\u00fckl\u00fc\u011f\u00fc, nihayetinde <strong>69&#8217;dan be\u015f say\u0131 ve 26&#8217;dan bir say\u0131<\/strong> se\u00e7ilmesi \u00fczerinde anla\u015f\u0131lana kadar birka\u00e7 kez de\u011fi\u015fti, buna Powerball denir. Bu kurallar bug\u00fcn hala ge\u00e7erlidir. Ana \u00e7ekili\u015ften bir say\u0131 ikincisiyle ayn\u0131 olabilir.<\/p>\n<h2>Powerball \u00d6d\u00fcllerini Kazanman\u0131n Riskleri ve \u015eanslar\u0131 Nelerdir?<\/h2>\n<p>Tek kelimeyle y\u00fcksektir. Birinci seviye kazanma olas\u0131l\u0131\u011f\u0131 <strong>1:292 milyon<\/strong>dur. \u0130kinci seviye kazanma \u015fans\u0131 sadece <strong>1:11,5 milyon<\/strong>dur, bu muazzam bir farkt\u0131r ve \u015fanslar inan\u0131lmaz derecede y\u00fcksektir. Kar\u015f\u0131la\u015ft\u0131rma i\u00e7in, Polonya Lotto&#8217;yu kazanma \u015fans\u0131 ana \u00f6d\u00fcl i\u00e7in 1:14 milyondur. Powerball lotto&#8217;da, <strong>g\u00f6nderilen her 25 biletten 1&#8217;i kazan\u0131r<\/strong>. Yani risk d\u00fc\u015f\u00fck de\u011fil, ancak kazan\u00e7lar da \u00f6yle; asl\u0131nda d\u00fcnyan\u0131n en y\u00fcksekleri aras\u0131ndad\u0131r. Bu y\u00fczden, b\u00f6yle d\u00fc\u015f\u00fck olas\u0131l\u0131\u011fa ra\u011fmen, Powerball ile ilgilenen insan say\u0131s\u0131 sadece d\u00fc\u015fmemekle kalm\u0131yor, her y\u0131l kesintisiz olarak artmaya devam ediyor. Minimum Powerball bahsi <strong>5 dolard\u0131r<\/strong>, bu da \u00f6zellikle y\u00fcksek kazan\u00e7lar g\u00f6z \u00f6n\u00fcne al\u0131nd\u0131\u011f\u0131nda \u00e7o\u011fu oyuncu i\u00e7in \u00e7ok \u00e7ekicidir.<\/p>\n<h2><img loading=\"lazy\" decoding=\"async\" class=\"wp-image-252479 alignright\" src=\"https:\/\/lottomat.com\/wp-content\/uploads\/2025\/10\/Powerball-prizes-300x300.webp\" alt=\"Powerball \u00f6d\u00fclleri\" width=\"200\" height=\"200\" srcset=\"https:\/\/lottomat.com\/wp-content\/uploads\/2025\/10\/Powerball-prizes-300x300.webp 300w, https:\/\/lottomat.com\/wp-content\/uploads\/2025\/10\/Powerball-prizes-150x150.webp 150w, https:\/\/lottomat.com\/wp-content\/uploads\/2025\/10\/Powerball-prizes-100x100.webp 100w, https:\/\/lottomat.com\/wp-content\/uploads\/2025\/10\/Powerball-prizes.webp 400w\" sizes=\"auto, (max-width: 200px) 100vw, 200px\" \/><\/h2>\n<h2>Powerball \u00d6d\u00fclleri Nelerdir &#8211; Ne Kadar Kazan\u0131labilir?<\/h2>\n<p>Powerball&#8217;un \u00e7ok y\u00fcksek kazan\u00e7lar sundu\u011funu s\u00f6ylemek hi\u00e7bir \u015fey s\u00f6ylememek gibidir. Muazzam miktarlardan bahsediyoruz; b\u00f6yle b\u00fcy\u00fck bir \u00f6d\u00fclle ne yap\u0131laca\u011f\u0131n\u0131 hayal etmek zor. Kazan\u0131rsan\u0131z, \u00e7ocuklar\u0131n\u0131z, torunlar\u0131n\u0131z, torunlar\u0131n\u0131z\u0131n torunlar\u0131 ve onlar\u0131n da torunlar\u0131 bir daha asla \u00e7al\u0131\u015fmak zorunda kalmayacak. Powerball&#8217;da en d\u00fc\u015f\u00fck garantili kazan\u00e7 <strong>20 milyon dolard\u0131r<\/strong>. Ortalama kazan\u00e7lar\u0131n 110-120 milyon dolar civar\u0131nda oldu\u011funu s\u00f6ylemeye gerek yok. \u0130kinci seviye kazan\u00e7lar daha az \u00e7ekici g\u00f6r\u00fcn\u00fcyor. Bu &#8220;m\u00fctevaz\u0131&#8221; <strong>bir milyon dolard\u0131r<\/strong>. Ancak \u015fansl\u0131 sahibi olmak i\u00e7in be\u015f do\u011fru say\u0131y\u0131 se\u00e7mek yeterlidir. Yine de bir devir ger\u00e7ekle\u015fti\u011finde her \u015fey de\u011fi\u015fir. Oh evet! Powerball&#8217;da devir jackpot&#8217;u saf ve kat\u0131ks\u0131z bir \u00e7\u0131lg\u0131nl\u0131kt\u0131r.<\/p>\n<h2>Powerball Devirleri Nas\u0131ld\u0131r?<\/h2>\n<p>Powerball&#8217;u \u00f6rne\u011fin Polonya Lotto piyangosundan \u00f6ncelikle ay\u0131ran \u015fey, kalp at\u0131\u015flar\u0131n\u0131 h\u0131zland\u0131ran devasa devirler ve bunlarla birlikte gelen \u015foke edici derecede y\u00fcksek jackpot&#8217;lard\u0131r. Powerball&#8217;da <strong>\u00fcst devir e\u015fi\u011fi diye bir \u015fey olmad\u0131\u011f\u0131nda<\/strong> duygular nas\u0131l y\u00fckselmesin ki? Bu, oyuncular \u015fansl\u0131ysa ve ana \u00f6d\u00fcl\u00fc kimsenin kazanmad\u0131\u011f\u0131 birka\u00e7 durum olursa, havuzun do\u011fru say\u0131lar se\u00e7ilene kadar birikti\u011fi anlam\u0131na gelir. Bir lotto devir jackpot&#8217;u genellikle birka\u00e7 oyuncu aras\u0131nda payla\u015f\u0131l\u0131r, yani \u00f6d\u00fcl aralar\u0131nda orant\u0131l\u0131 olarak b\u00f6l\u00fcn\u00fcr. Ancak Powerball tarihinde, \u00e7ekilen say\u0131lar\u0131 sadece tek bir ki\u015finin se\u00e7ip t\u00fcm jackpot&#8217;u sadece kendisi i\u00e7in kazand\u0131\u011f\u0131 birden fazla kez olmu\u015ftur.<\/p>\n<h2>Powerball Piyangosunda Rekor Kazan\u00e7 Neydi?<img loading=\"lazy\" decoding=\"async\" class=\"wp-image-252509 alignleft\" src=\"https:\/\/lottomat.com\/wp-content\/uploads\/2025\/10\/Powerball-rules-300x300.webp\" alt=\"Powerball kurallar\u0131\" width=\"200\" height=\"200\" srcset=\"https:\/\/lottomat.com\/wp-content\/uploads\/2025\/10\/Powerball-rules-300x300.webp 300w, https:\/\/lottomat.com\/wp-content\/uploads\/2025\/10\/Powerball-rules-150x150.webp 150w, https:\/\/lottomat.com\/wp-content\/uploads\/2025\/10\/Powerball-rules-100x100.webp 100w, https:\/\/lottomat.com\/wp-content\/uploads\/2025\/10\/Powerball-rules.webp 400w\" sizes=\"auto, (max-width: 200px) 100vw, 200px\" \/><\/h2>\n<p>Powerball tarihindeki rekor jackpot <strong>7 Kas\u0131m 2022<\/strong> tarihinde kazan\u0131ld\u0131 ve inan\u0131lmaz bir \u015fekilde <strong>2,04 milyar dolara<\/strong> ula\u015ft\u0131, nakit de\u011feri <strong>997,6 milyon dolard\u0131<\/strong>. Bu, d\u00fcnya \u00e7ap\u0131nda kazan\u0131lan en b\u00fcy\u00fck piyango jackpot&#8217;u olmaya devam ediyor. Kazanan bilet California&#8217;da sat\u0131ld\u0131 ve tek bir kazanan taraf\u0131ndan talep edildi. \u0130kinci en b\u00fcy\u00fck Powerball jackpot&#8217;u <strong>1,787 milyar dolard\u0131<\/strong> ve Eyl\u00fcl 2025&#8217;te Missouri ve Teksas&#8217;ta sat\u0131lan biletlerle kazan\u0131ld\u0131.<\/p>\n<h2>Powerball&#8217;u Kim Oynayabilir ve Powerball \u00d6d\u00fcllerini Kim Kazanabilir?<\/h2>\n<p>Herkes yeti\u015fkin oldu\u011fu s\u00fcrece oynama \u015fans\u0131na sahiptir. \u00c7ok uzun zaman \u00f6nce de\u011fil, Powerball sadece Amerikal\u0131lar veya piyango ofisini kullanabilen Amerika Birle\u015fik Devletleri topraklar\u0131ndaki herkes taraf\u0131ndan kullan\u0131labiliyordu. \u015eimdi her \u015fey farkl\u0131. Ve hepsi \u0130nternet piyangolar\u0131na ve <a href=\"https:\/\/lottomat.com\/tr\/\"><strong>Lottomat web sitemize<\/strong><\/a> te\u015fekk\u00fcrler. Afrika&#8217;da, Asya&#8217;da veya Avrupa&#8217;da ya\u015faman\u0131z \u00f6nemli de\u011fil. Ya da masan\u0131n arkas\u0131nda oturuyor, yatakta uzan\u0131yor, ko\u015fu yap\u0131yor veya arka bah\u00e7ede dinleniyor olman\u0131z fark etmez. Her yerde Powerball oynayabilir ve Powerball jackpot&#8217;unu kazanabilirsiniz. Online piyangolar inan\u0131lmaz derecede pop\u00fcler hale geldi; \u00e7o\u011fu oyuncu bu t\u00fcr bir \u00e7\u00f6z\u00fcm\u00fc kullan\u0131yor \u00e7\u00fcnk\u00fc kullan\u0131\u015fl\u0131d\u0131r. Tek ihtiyac\u0131n\u0131z olan <strong>\u0130nternet eri\u015fimidir<\/strong>. Bu, t\u00fcm d\u00fcnyada oyunculara \u00e7ok fazla \u00f6zg\u00fcrl\u00fck verir.<\/p>\n<h2>\u0130nternet \u00dczerinden Powerball Nas\u0131l Oynan\u0131r?<\/h2>\n<p>Tek yapman\u0131z gereken <strong>Lottomat web sitesine<\/strong> giri\u015f yapmak ve favori numaralar\u0131n\u0131zla bir bilet doldurmakt\u0131r. Bu kadar. Ard\u0131ndan, \u00e7ekili\u015f i\u00e7in beklersiniz ve Powerball sonu\u00e7lar\u0131n\u0131 kontrol edersiniz. Bunlar\u0131 web sitemizde aramak da kolayd\u0131r. \u0130nternet \u00fczerinden Powerball oynamak inan\u0131lmaz derecede basittir ve \u00e7ok fazla heyecan verir.<\/p>\n<h2>Powerball Lotto \u00c7ekili\u015fleri Ne Zaman Ger\u00e7ekle\u015fir?<\/h2>\n<p>Powerball \u00e7ekili\u015fleri <strong>haftada \u00fc\u00e7 kez &#8211; Pazartesi, \u00c7ar\u015famba ve Cumartesi g\u00fcnleri<\/strong> ger\u00e7ekle\u015fir. G\u00fc\u00e7l\u00fc duygular ve harika kazan\u00e7lar m\u0131 ar\u0131yorsunuz? Powerball lotto&#8217;yu online oynay\u0131n &#8211; h\u0131zl\u0131, kullan\u0131\u015fl\u0131 ve evden \u00e7\u0131kmadan. \u0130yi \u015fanslar!<\/p>\n<h2>Powerball \u00d6d\u00fclleri ve Kazanma \u015eanslar\u0131 Tablosu<\/h2>\n","protected":false},"excerpt":{"rendered":"<p>Powerball \u00f6d\u00fclleri, jackpot ve oyun kurallar\u0131 hakk\u0131nda daha fazla bilgi edinin. Powerball Lotto &#8211; \u015eans oyunu veya piyango, d\u00fcnya \u00e7ap\u0131nda en pop\u00fcler kumar e\u011flence bi\u00e7imlerinden biridir. \u00c7o\u011fumuz en az bir kez piyango \u00e7ekili\u015fine kat\u0131ld\u0131k. Piyangolar, a\u00e7\u0131k kurallar\u0131 olan \u00e7ok basit ve heyecan verici oyunlard\u0131r. Onlar hakk\u0131nda kesinlikle karma\u015f\u0131k hi\u00e7bir \u015fey yoktur ve herkes herhangi bir [&hellip;]<\/p>\n","protected":false},"author":1,"featured_media":0,"parent":240944,"menu_order":1,"comment_status":"closed","ping_status":"closed","template":"powerball-usa-info.php","meta":{"_et_pb_use_builder":"","_et_pb_old_content":"","_et_gb_content_width":"","exclude_from_search":false,"footnotes":""},"class_list":["post-241015","page","type-page","status-publish","hentry"],"yoast_head":"<!-- This site is optimized with the Yoast SEO plugin v23.8 - https:\/\/yoast.com\/wordpress\/plugins\/seo\/ -->\n<title>Powerball \u00d6d\u00fclleri, Kurallar\u0131 ve Jackpot - Lottomat<\/title>\n<meta name=\"description\" content=\"Powerball \u00f6d\u00fcllerini, jackpot&#039;u ve Powerball oyun kurallar\u0131n\u0131 kontrol edin. Bu Amerikan piyangosunu kazanma \u015fans\u0131n\u0131z hakk\u0131nda daha fazla bilgi edinin.\" \/>\n<meta name=\"robots\" content=\"index, follow, max-snippet:-1, max-image-preview:large, max-video-preview:-1\" \/>\n<link rel=\"canonical\" href=\"https:\/\/lottomat.com\/tr\/loto\/powerball\/\" \/>\n<meta property=\"og:locale\" content=\"tr_TR\" \/>\n<meta property=\"og:type\" content=\"article\" \/>\n<meta property=\"og:title\" content=\"Powerball \u00d6d\u00fclleri, Kurallar\u0131 ve Jackpot - Lottomat\" \/>\n<meta property=\"og:description\" content=\"Powerball \u00f6d\u00fcllerini, jackpot&#039;u ve Powerball oyun kurallar\u0131n\u0131 kontrol edin. Bu Amerikan piyangosunu kazanma \u015fans\u0131n\u0131z hakk\u0131nda daha fazla bilgi edinin.\" \/>\n<meta property=\"og:url\" content=\"https:\/\/lottomat.com\/tr\/loto\/powerball\/\" \/>\n<meta property=\"og:site_name\" content=\"Lottomat\" \/>\n<meta property=\"article:modified_time\" content=\"2026-02-13T13:19:59+00:00\" \/>\n<meta property=\"og:image\" content=\"https:\/\/lottomat.com\/wp-content\/uploads\/2025\/10\/Powerball-jackpot-300x300.webp\" \/>\n<meta name=\"twitter:card\" content=\"summary_large_image\" \/>\n<meta name=\"twitter:label1\" content=\"Tahmini okuma s\u00fcresi\" \/>\n\t<meta name=\"twitter:data1\" content=\"5 dakika\" \/>\n<script type=\"application\/ld+json\" class=\"yoast-schema-graph\">{\"@context\":\"https:\/\/schema.org\",\"@graph\":[{\"@type\":\"WebPage\",\"@id\":\"https:\/\/lottomat.com\/tr\/loto\/powerball\/\",\"url\":\"https:\/\/lottomat.com\/tr\/loto\/powerball\/\",\"name\":\"Powerball \u00d6d\u00fclleri, Kurallar\u0131 ve Jackpot - Lottomat\",\"isPartOf\":{\"@id\":\"https:\/\/lottomat.com\/tr\/#website\"},\"primaryImageOfPage\":{\"@id\":\"https:\/\/lottomat.com\/tr\/loto\/powerball\/#primaryimage\"},\"image\":{\"@id\":\"https:\/\/lottomat.com\/tr\/loto\/powerball\/#primaryimage\"},\"thumbnailUrl\":\"https:\/\/lottomat.com\/wp-content\/uploads\/2025\/10\/Powerball-jackpot-300x300.webp\",\"datePublished\":\"2025-03-26T10:16:37+00:00\",\"dateModified\":\"2026-02-13T13:19:59+00:00\",\"description\":\"Powerball \u00f6d\u00fcllerini, jackpot'u ve Powerball oyun kurallar\u0131n\u0131 kontrol edin. Bu Amerikan piyangosunu kazanma \u015fans\u0131n\u0131z hakk\u0131nda daha fazla bilgi edinin.\",\"breadcrumb\":{\"@id\":\"https:\/\/lottomat.com\/tr\/loto\/powerball\/#breadcrumb\"},\"inLanguage\":\"tr\",\"potentialAction\":[{\"@type\":\"ReadAction\",\"target\":[\"https:\/\/lottomat.com\/tr\/loto\/powerball\/\"]}]},{\"@type\":\"ImageObject\",\"inLanguage\":\"tr\",\"@id\":\"https:\/\/lottomat.com\/tr\/loto\/powerball\/#primaryimage\",\"url\":\"https:\/\/lottomat.com\/wp-content\/uploads\/2025\/10\/Powerball-jackpot-300x300.webp\",\"contentUrl\":\"https:\/\/lottomat.com\/wp-content\/uploads\/2025\/10\/Powerball-jackpot-300x300.webp\"},{\"@type\":\"BreadcrumbList\",\"@id\":\"https:\/\/lottomat.com\/tr\/loto\/powerball\/#breadcrumb\",\"itemListElement\":[{\"@type\":\"ListItem\",\"position\":1,\"name\":\"Home\",\"item\":\"https:\/\/lottomat.com\/tr\/\"},{\"@type\":\"ListItem\",\"position\":2,\"name\":\"Piyango Kurallar\u0131: \u00d6d\u00fcller, \u0130kramiye ve Oranlar\",\"item\":\"https:\/\/lottomat.com\/tr\/loto\/\"},{\"@type\":\"ListItem\",\"position\":3,\"name\":\"Powerball \u00d6d\u00fclleri, Kurallar\u0131 ve Jackpot\"}]},{\"@type\":\"WebSite\",\"@id\":\"https:\/\/lottomat.com\/tr\/#website\",\"url\":\"https:\/\/lottomat.com\/tr\/\",\"name\":\"Lottomat\",\"description\":\"\",\"potentialAction\":[{\"@type\":\"SearchAction\",\"target\":{\"@type\":\"EntryPoint\",\"urlTemplate\":\"https:\/\/lottomat.com\/tr\/?s={search_term_string}\"},\"query-input\":{\"@type\":\"PropertyValueSpecification\",\"valueRequired\":true,\"valueName\":\"search_term_string\"}}],\"inLanguage\":\"tr\"}]}<\/script>\n<!-- \/ Yoast SEO plugin. -->","yoast_head_json":{"title":"Powerball \u00d6d\u00fclleri, Kurallar\u0131 ve Jackpot - Lottomat","description":"Powerball \u00f6d\u00fcllerini, jackpot'u ve Powerball oyun kurallar\u0131n\u0131 kontrol edin. Bu Amerikan piyangosunu kazanma \u015fans\u0131n\u0131z hakk\u0131nda daha fazla bilgi edinin.","robots":{"index":"index","follow":"follow","max-snippet":"max-snippet:-1","max-image-preview":"max-image-preview:large","max-video-preview":"max-video-preview:-1"},"canonical":"https:\/\/lottomat.com\/tr\/loto\/powerball\/","og_locale":"tr_TR","og_type":"article","og_title":"Powerball \u00d6d\u00fclleri, Kurallar\u0131 ve Jackpot - Lottomat","og_description":"Powerball \u00f6d\u00fcllerini, jackpot'u ve Powerball oyun kurallar\u0131n\u0131 kontrol edin. Bu Amerikan piyangosunu kazanma \u015fans\u0131n\u0131z hakk\u0131nda daha fazla bilgi edinin.","og_url":"https:\/\/lottomat.com\/tr\/loto\/powerball\/","og_site_name":"Lottomat","article_modified_time":"2026-02-13T13:19:59+00:00","og_image":[{"url":"https:\/\/lottomat.com\/wp-content\/uploads\/2025\/10\/Powerball-jackpot-300x300.webp"}],"twitter_card":"summary_large_image","twitter_misc":{"Tahmini okuma s\u00fcresi":"5 dakika"},"schema":{"@context":"https:\/\/schema.org","@graph":[{"@type":"WebPage","@id":"https:\/\/lottomat.com\/tr\/loto\/powerball\/","url":"https:\/\/lottomat.com\/tr\/loto\/powerball\/","name":"Powerball \u00d6d\u00fclleri, Kurallar\u0131 ve Jackpot - Lottomat","isPartOf":{"@id":"https:\/\/lottomat.com\/tr\/#website"},"primaryImageOfPage":{"@id":"https:\/\/lottomat.com\/tr\/loto\/powerball\/#primaryimage"},"image":{"@id":"https:\/\/lottomat.com\/tr\/loto\/powerball\/#primaryimage"},"thumbnailUrl":"https:\/\/lottomat.com\/wp-content\/uploads\/2025\/10\/Powerball-jackpot-300x300.webp","datePublished":"2025-03-26T10:16:37+00:00","dateModified":"2026-02-13T13:19:59+00:00","description":"Powerball \u00f6d\u00fcllerini, jackpot'u ve Powerball oyun kurallar\u0131n\u0131 kontrol edin. Bu Amerikan piyangosunu kazanma \u015fans\u0131n\u0131z hakk\u0131nda daha fazla bilgi edinin.","breadcrumb":{"@id":"https:\/\/lottomat.com\/tr\/loto\/powerball\/#breadcrumb"},"inLanguage":"tr","potentialAction":[{"@type":"ReadAction","target":["https:\/\/lottomat.com\/tr\/loto\/powerball\/"]}]},{"@type":"ImageObject","inLanguage":"tr","@id":"https:\/\/lottomat.com\/tr\/loto\/powerball\/#primaryimage","url":"https:\/\/lottomat.com\/wp-content\/uploads\/2025\/10\/Powerball-jackpot-300x300.webp","contentUrl":"https:\/\/lottomat.com\/wp-content\/uploads\/2025\/10\/Powerball-jackpot-300x300.webp"},{"@type":"BreadcrumbList","@id":"https:\/\/lottomat.com\/tr\/loto\/powerball\/#breadcrumb","itemListElement":[{"@type":"ListItem","position":1,"name":"Home","item":"https:\/\/lottomat.com\/tr\/"},{"@type":"ListItem","position":2,"name":"Piyango Kurallar\u0131: \u00d6d\u00fcller, \u0130kramiye ve Oranlar","item":"https:\/\/lottomat.com\/tr\/loto\/"},{"@type":"ListItem","position":3,"name":"Powerball \u00d6d\u00fclleri, Kurallar\u0131 ve Jackpot"}]},{"@type":"WebSite","@id":"https:\/\/lottomat.com\/tr\/#website","url":"https:\/\/lottomat.com\/tr\/","name":"Lottomat","description":"","potentialAction":[{"@type":"SearchAction","target":{"@type":"EntryPoint","urlTemplate":"https:\/\/lottomat.com\/tr\/?s={search_term_string}"},"query-input":{"@type":"PropertyValueSpecification","valueRequired":true,"valueName":"search_term_string"}}],"inLanguage":"tr"}]}},"_links":{"self":[{"href":"https:\/\/lottomat.com\/tr\/wp-json\/wp\/v2\/pages\/241015","targetHints":{"allow":["GET"]}}],"collection":[{"href":"https:\/\/lottomat.com\/tr\/wp-json\/wp\/v2\/pages"}],"about":[{"href":"https:\/\/lottomat.com\/tr\/wp-json\/wp\/v2\/types\/page"}],"author":[{"embeddable":true,"href":"https:\/\/lottomat.com\/tr\/wp-json\/wp\/v2\/users\/1"}],"replies":[{"embeddable":true,"href":"https:\/\/lottomat.com\/tr\/wp-json\/wp\/v2\/comments?post=241015"}],"version-history":[{"count":2,"href":"https:\/\/lottomat.com\/tr\/wp-json\/wp\/v2\/pages\/241015\/revisions"}],"predecessor-version":[{"id":271023,"href":"https:\/\/lottomat.com\/tr\/wp-json\/wp\/v2\/pages\/241015\/revisions\/271023"}],"up":[{"embeddable":true,"href":"https:\/\/lottomat.com\/tr\/wp-json\/wp\/v2\/pages\/240944"}],"wp:attachment":[{"href":"https:\/\/lottomat.com\/tr\/wp-json\/wp\/v2\/media?parent=241015"}],"curies":[{"name":"wp","href":"https:\/\/api.w.org\/{rel}","templated":true}]}}