{"id":241013,"date":"2025-03-26T08:35:10","date_gmt":"2025-03-26T08:35:10","guid":{"rendered":"https:\/\/lottomat.net\/piyango-oyna\/superenalottoyu-cevrimici-oyna\/"},"modified":"2026-02-16T06:28:17","modified_gmt":"2026-02-16T06:28:17","slug":"superenalotto","status":"publish","type":"page","link":"https:\/\/lottomat.com\/tr\/oyna\/superenalotto\/","title":{"rendered":"SuperEnalotto Online &#8211; SuperEnalotto Biletleri"},"content":{"rendered":"\n\n<div class=\"kk-star-ratings kksr-auto kksr-align-left kksr-valign-top\"\n    data-payload='{&quot;align&quot;:&quot;left&quot;,&quot;id&quot;:&quot;241013&quot;,&quot;slug&quot;:&quot;default&quot;,&quot;valign&quot;:&quot;top&quot;,&quot;ignore&quot;:&quot;&quot;,&quot;reference&quot;:&quot;auto&quot;,&quot;class&quot;:&quot;&quot;,&quot;count&quot;:&quot;0&quot;,&quot;legendonly&quot;:&quot;&quot;,&quot;readonly&quot;:&quot;&quot;,&quot;score&quot;:&quot;0&quot;,&quot;starsonly&quot;:&quot;&quot;,&quot;best&quot;:&quot;5&quot;,&quot;gap&quot;:&quot;5&quot;,&quot;greet&quot;:&quot;Rate this page&quot;,&quot;legend&quot;:&quot;0\\\/5 - (0 votes)&quot;,&quot;size&quot;:&quot;30&quot;,&quot;title&quot;:&quot;SuperEnalotto Online - SuperEnalotto Biletleri&quot;,&quot;width&quot;:&quot;0&quot;,&quot;_legend&quot;:&quot;{score}\\\/{best} - ({count} {votes})&quot;,&quot;font_factor&quot;:&quot;1.25&quot;}'>\n            \n<div class=\"kksr-stars\">\n    \n<div class=\"kksr-stars-inactive\">\n            <div class=\"kksr-star\" data-star=\"1\" style=\"padding-right: 5px\">\n            \n\n<div class=\"kksr-icon\" style=\"width: 30px; height: 30px;\"><\/div>\n        <\/div>\n            <div class=\"kksr-star\" data-star=\"2\" style=\"padding-right: 5px\">\n            \n\n<div class=\"kksr-icon\" style=\"width: 30px; height: 30px;\"><\/div>\n        <\/div>\n            <div class=\"kksr-star\" data-star=\"3\" style=\"padding-right: 5px\">\n            \n\n<div class=\"kksr-icon\" style=\"width: 30px; height: 30px;\"><\/div>\n        <\/div>\n            <div class=\"kksr-star\" data-star=\"4\" style=\"padding-right: 5px\">\n            \n\n<div class=\"kksr-icon\" style=\"width: 30px; height: 30px;\"><\/div>\n        <\/div>\n            <div class=\"kksr-star\" data-star=\"5\" style=\"padding-right: 5px\">\n            \n\n<div class=\"kksr-icon\" style=\"width: 30px; height: 30px;\"><\/div>\n        <\/div>\n    <\/div>\n    \n<div class=\"kksr-stars-active\" style=\"width: 0px;\">\n            <div class=\"kksr-star\" style=\"padding-right: 5px\">\n            \n\n<div class=\"kksr-icon\" style=\"width: 30px; height: 30px;\"><\/div>\n        <\/div>\n            <div class=\"kksr-star\" style=\"padding-right: 5px\">\n            \n\n<div class=\"kksr-icon\" style=\"width: 30px; height: 30px;\"><\/div>\n        <\/div>\n            <div class=\"kksr-star\" style=\"padding-right: 5px\">\n            \n\n<div class=\"kksr-icon\" style=\"width: 30px; height: 30px;\"><\/div>\n        <\/div>\n            <div class=\"kksr-star\" style=\"padding-right: 5px\">\n            \n\n<div class=\"kksr-icon\" style=\"width: 30px; height: 30px;\"><\/div>\n        <\/div>\n            <div class=\"kksr-star\" style=\"padding-right: 5px\">\n            \n\n<div class=\"kksr-icon\" style=\"width: 30px; height: 30px;\"><\/div>\n        <\/div>\n    <\/div>\n<\/div>\n                \n\n<div class=\"kksr-legend\" style=\"font-size: 24px;\">\n            <span class=\"kksr-muted\">Rate this page<\/span>\n    <\/div>\n    <\/div>\n<h2><img loading=\"lazy\" decoding=\"async\" class=\"alignleft wp-image-252554\" src=\"https:\/\/lottomat.com\/wp-content\/uploads\/2025\/10\/Italian-lottery-online-300x300.webp\" alt=\"\u0130talyan piyangosu \u00e7evrimi\u00e7i\" width=\"200\" height=\"200\" srcset=\"https:\/\/lottomat.com\/wp-content\/uploads\/2025\/10\/Italian-lottery-online-300x300.webp 300w, https:\/\/lottomat.com\/wp-content\/uploads\/2025\/10\/Italian-lottery-online-150x150.webp 150w, https:\/\/lottomat.com\/wp-content\/uploads\/2025\/10\/Italian-lottery-online-100x100.webp 100w, https:\/\/lottomat.com\/wp-content\/uploads\/2025\/10\/Italian-lottery-online.webp 400w\" sizes=\"auto, (max-width: 200px) 100vw, 200px\" \/>SuperEnalotto Nedir?<\/h2>\n<p><strong>SuperEnalotto, \u0130talya&#8217;n\u0131n en pop\u00fcler ve prestijli piyango oyunudur<\/strong> ve Avrupa piyango tarihindeki en b\u00fcy\u00fck ikramiyelerden baz\u0131lar\u0131n\u0131 sunmas\u0131yla \u00fcnl\u00fcd\u00fcr. Bu ikonik \u0130talyan piyangosu, 1997&#8217;den bu yana benzersiz format\u0131 ve ola\u011fan\u00fcst\u00fc ikramiye potansiyeli ile oyuncular\u0131 b\u00fcy\u00fcl\u00fcyor. <strong>SuperEnalotto \u00e7ekili\u015fleri haftada \u00fc\u00e7 kez ger\u00e7ekle\u015fir<\/strong> &#8211; Sal\u0131, Per\u015fembe ve Cumartesi g\u00fcnleri &#8211; oyunculara hayatlar\u0131n\u0131 de\u011fi\u015ftirecek tutarlar\u0131 kazanmak i\u00e7in bir\u00e7ok f\u0131rsat sunar. Bu \u0130talyan piyangosunu di\u011ferlerinden ay\u0131ran \u00f6zellik, ikramiye \u00fcst s\u0131n\u0131r\u0131n\u0131n olmamas\u0131d\u0131r; bu da \u00f6d\u00fcllerin birisi kazanana kadar s\u00fcresiz olarak devredebilece\u011fi ve \u00e7o\u011fu zaman uluslararas\u0131 ilgiyi \u00e7eken astronomik rakamlara ula\u015fabilece\u011fi anlam\u0131na gelir. SuperEnalotto&#8217;yu \u00e7evrimi\u00e7i oynamak ister misiniz? Hadi daha fazlas\u0131n\u0131 \u00f6\u011frenelim!<\/p>\n<h2><img loading=\"lazy\" decoding=\"async\" class=\"alignright wp-image-252584\" src=\"https:\/\/lottomat.com\/wp-content\/uploads\/2025\/10\/play-SuperEnalotto-300x300.webp\" alt=\"SuperEnalotto oyna\" width=\"200\" height=\"200\" srcset=\"https:\/\/lottomat.com\/wp-content\/uploads\/2025\/10\/play-SuperEnalotto-300x300.webp 300w, https:\/\/lottomat.com\/wp-content\/uploads\/2025\/10\/play-SuperEnalotto-150x150.webp 150w, https:\/\/lottomat.com\/wp-content\/uploads\/2025\/10\/play-SuperEnalotto-100x100.webp 100w, https:\/\/lottomat.com\/wp-content\/uploads\/2025\/10\/play-SuperEnalotto.webp 400w\" sizes=\"auto, (max-width: 200px) 100vw, 200px\" \/>SuperEnalotto \u00c7evrimi\u00e7i Nas\u0131l Oynan\u0131r?<\/h2>\n<p><strong>LottoMat \u00fczerinden SuperEnalotto&#8217;yu \u00e7evrimi\u00e7i oynamak, d\u00fcnyan\u0131n her yerinden, herhangi bir zamanda inan\u0131lmaz derecede kullan\u0131\u015fl\u0131 ve eri\u015filebilirdir<\/strong>. S\u00fcre\u00e7 basit ve kullan\u0131c\u0131 dostudur &#8211; sadece <a href=\"https:\/\/lottomat.com\/tr\/\">LottoMat web sitesine<\/a> kaydolun, \u015fansl\u0131 numaralar\u0131n\u0131z\u0131 se\u00e7in ve evinizden hi\u00e7 ayr\u0131lmadan biletlerinizi \u00e7evrimi\u00e7i sat\u0131n al\u0131n. <strong>Ki\u015fisel stratejinize g\u00f6re numaralar\u0131n\u0131z\u0131 manuel olarak se\u00e7ebilir veya rastgele numara se\u00e7imi i\u00e7in H\u0131zl\u0131 Se\u00e7im se\u00e7ene\u011fini kullanabilirsiniz<\/strong>. Bu esneklik, hem stratejik oyuncular\u0131n hem de kaderlerini \u015fansa b\u0131rakmay\u0131 tercih edenlerin \u0130talya&#8217;n\u0131n \u00f6nde gelen piyangosunun heyecan\u0131n\u0131 ya\u015famas\u0131na olanak tan\u0131r. \u00c7evrimi\u00e7i oyun, co\u011frafi engelleri ortadan kald\u0131rarak uluslararas\u0131 oyuncular\u0131n Avrupa&#8217;n\u0131n en heyecan verici piyango oyunlar\u0131ndan birine kat\u0131lmas\u0131n\u0131 m\u00fcmk\u00fcn k\u0131lar.<\/p>\n<h2>SuperEnalotto Biletleri \u00c7evrimi\u00e7i Nas\u0131l Sat\u0131n Al\u0131n\u0131r?<\/h2>\n<p><strong>SuperEnalotto biletlerini \u00e7evrimi\u00e7i sat\u0131n almak, g\u00fcvenli LottoMat platformu \u00fczerinden tercih etti\u011finiz \u00e7evrimi\u00e7i \u00f6deme y\u00f6ntemini kullanman\u0131z\u0131 gerektirir<\/strong>. T\u00fcm biletler LottoMat web sitesinde kolayca mevcuttur ve hi\u00e7bir \u00e7ekili\u015f f\u0131rsat\u0131n\u0131 ka\u00e7\u0131rmaman\u0131z\u0131 sa\u011flar. <strong>Lisansl\u0131 temsilcilerimiz taraf\u0131ndan do\u011frudan \u0130talya&#8217;da sat\u0131n al\u0131nan orijinal biletleri tarayarak giri\u015flerinizin \u00f6zg\u00fcnl\u00fc\u011f\u00fcn\u00fc garanti ediyoruz<\/strong>. Bu s\u00fcre\u00e7, <a href=\"https:\/\/lottomat.com\/tr\/oyna\/\">\u00e7evrimi\u00e7i piyango biletlerinizin<\/a> yetkili \u0130talyan bayilerden sat\u0131n al\u0131nan ger\u00e7ek, fiziksel piyango biletleri taraf\u0131ndan desteklenmesini sa\u011flar. Biletlerinizin dijital kopyalar\u0131 hesab\u0131n\u0131zda g\u00fcvenli bir \u015fekilde saklan\u0131r ve piyango yat\u0131r\u0131mlar\u0131n\u0131z i\u00e7in tam \u015feffafl\u0131k ve g\u00fcvenlik sa\u011flar. Bu sistem, \u00e7evrimi\u00e7i oyunun kolayl\u0131\u011f\u0131n\u0131 geleneksel bilet sat\u0131n alman\u0131n g\u00fcvenilirli\u011fi ile birle\u015ftirir.<\/p>\n<h2><img loading=\"lazy\" decoding=\"async\" class=\"wp-image-252614 alignleft\" src=\"https:\/\/lottomat.com\/wp-content\/uploads\/2025\/10\/SuperEnalotto-online-300x300.webp\" alt=\"SuperEnalotto \u00e7evrimi\u00e7i\" width=\"200\" height=\"200\" srcset=\"https:\/\/lottomat.com\/wp-content\/uploads\/2025\/10\/SuperEnalotto-online-300x300.webp 300w, https:\/\/lottomat.com\/wp-content\/uploads\/2025\/10\/SuperEnalotto-online-150x150.webp 150w, https:\/\/lottomat.com\/wp-content\/uploads\/2025\/10\/SuperEnalotto-online-100x100.webp 100w, https:\/\/lottomat.com\/wp-content\/uploads\/2025\/10\/SuperEnalotto-online.webp 400w\" sizes=\"auto, (max-width: 200px) 100vw, 200px\" \/>Birden Fazla SuperEnalotto Bileti Sat\u0131n Alabilir Miyim?<\/h2>\n<p><strong>Evet, tek bir i\u015flemde birden fazla SuperEnalotto bileti sat\u0131n alarak kazanma \u015fans\u0131n\u0131z\u0131 \u00f6nemli \u00f6l\u00e7\u00fcde art\u0131rabilirsiniz<\/strong>. LottoMat, bir seferde 20&#8217;ye kadar SuperEnalotto bileti sat\u0131n alman\u0131za olanak tan\u0131yan kullan\u0131\u015fl\u0131 &#8220;daha fazla sat\u0131r&#8221; se\u00e7ene\u011fi sunar. Bu \u00f6zellik, kazanma potansiyellerini en \u00fcst d\u00fczeye \u00e7\u0131karmak isteyen oyuncular veya kaynaklar\u0131n\u0131 birle\u015ftirmek isteyen piyango sendikalar\u0131 i\u00e7in m\u00fckemmeldir. <strong>Birden fazla bilet sat\u0131n almak yaln\u0131zca \u015fans\u0131n\u0131z\u0131 art\u0131rmakla kalmaz, ayn\u0131 zamanda piyango giri\u015flerinizi tek bir basit i\u015flemle y\u00f6netmeyi kolayla\u015ft\u0131r\u0131r<\/strong>.<\/p>\n<h2>Birden Fazla \u00c7ekili\u015f \u0130\u00e7in SuperEnalotto Bileti Sat\u0131n Alabilir Miyim?<\/h2>\n<p><strong>Kesinlikle! LottoMat, art arda 8 \u00e7ekili\u015fe kadar SuperEnalotto bileti sat\u0131n alman\u0131za olanak tan\u0131r<\/strong> ve hi\u00e7bir kazanma f\u0131rsat\u0131n\u0131 ka\u00e7\u0131rmaman\u0131z\u0131 sa\u011flar. Bu \u00f6n sat\u0131n alma se\u00e7ene\u011fi, her \u00e7ekili\u015ften \u00f6nce bilet almay\u0131 hat\u0131rlamak zorunda kalmadan tutarl\u0131 kat\u0131l\u0131m\u0131 s\u00fcrd\u00fcrmek isteyen me\u015fgul oyuncular i\u00e7in idealdir. <strong>Ayn\u0131 numaralarla birden fazla \u00e7ekili\u015fe oynamak uzun vadeli bir piyango stratejisinin par\u00e7as\u0131 olabilir<\/strong> ve bir\u00e7ok oyuncu kolayl\u0131k ve tutarl\u0131l\u0131k i\u00e7in bu yakla\u015f\u0131m\u0131 tercih eder.<\/p>\n<h2>SuperEnalotto Biletlerinin \u00c7evrimi\u00e7i Fiyat\u0131 Nedir?<img loading=\"lazy\" decoding=\"async\" class=\"alignright wp-image-252644\" src=\"https:\/\/lottomat.com\/wp-content\/uploads\/2025\/10\/SuperEnalotto-tickets-300x300.webp\" alt=\"SuperEnalotto biletleri\" width=\"200\" height=\"200\" srcset=\"https:\/\/lottomat.com\/wp-content\/uploads\/2025\/10\/SuperEnalotto-tickets-300x300.webp 300w, https:\/\/lottomat.com\/wp-content\/uploads\/2025\/10\/SuperEnalotto-tickets-150x150.webp 150w, https:\/\/lottomat.com\/wp-content\/uploads\/2025\/10\/SuperEnalotto-tickets-100x100.webp 100w, https:\/\/lottomat.com\/wp-content\/uploads\/2025\/10\/SuperEnalotto-tickets.webp 400w\" sizes=\"auto, (max-width: 200px) 100vw, 200px\" \/><\/h2>\n<p><strong>LottoMat&#8217;ta istedi\u011finiz sat\u0131r say\u0131s\u0131n\u0131 se\u00e7tikten sonra, otomatik hesaplay\u0131c\u0131m\u0131z SuperEnalotto biletlerinizin toplam maliyetini an\u0131nda hesaplayacakt\u0131r<\/strong>. Fiyatland\u0131rma \u015feffaft\u0131r ve sat\u0131n alma i\u015fleminizi tamamlamadan \u00f6nce a\u00e7\u0131k\u00e7a g\u00f6r\u00fcnt\u00fclenir, gizli \u00fccret veya s\u00fcrpriz olmad\u0131\u011f\u0131ndan emin olur. <strong>Fiyatland\u0131rma sistemimiz, se\u00e7ti\u011finiz sat\u0131r say\u0131s\u0131n\u0131, \u00e7ekili\u015fleri ve ek se\u00e7enekleri dikkate al\u0131r<\/strong> ve piyango yat\u0131r\u0131m\u0131n\u0131z\u0131n kapsaml\u0131 bir d\u00f6k\u00fcm\u00fcn\u00fc sunar. Bu otomatik hesaplama \u00f6zelli\u011fi, piyango oyununuz i\u00e7in b\u00fct\u00e7e yapmay\u0131 basit ve anla\u015f\u0131l\u0131r hale getirir.<\/p>\n<h2>SuperEnalotto&#8217;yu \u00c7evrimi\u00e7i Oynamak \u0130\u00e7in En \u0130yi \u0130pu\u00e7lar\u0131 Nelerdir?<\/h2>\n<p><strong>Ba\u015far\u0131l\u0131 SuperEnalotto oyunu, stratejiyi sorumlu oyun uygulamalar\u0131yla birle\u015ftirir<\/strong>. S\u0131k \u00e7ekilen &#8220;s\u0131cak&#8221; numaralar ile daha az yayg\u0131n &#8220;so\u011fuk&#8221; numaralar\u0131n bir kar\u0131\u015f\u0131m\u0131n\u0131 kullanmay\u0131 d\u00fc\u015f\u00fcn\u00fcn, ancak her \u00e7ekili\u015fin ba\u011f\u0131ms\u0131z ve rastgele oldu\u011funu unutmay\u0131n. <strong>Sistem giri\u015fleri, daha fazla numara kombinasyonunu kapsayarak kazanma \u015fans\u0131n\u0131z\u0131 art\u0131rabilir<\/strong>, ayn\u0131 numaralarla tutarl\u0131 oyun ise bir\u00e7ok sad\u0131k oyuncunun ilgisini \u00e7eker. Rahat bir b\u00fct\u00e7e belirleyin ve buna sad\u0131k kal\u0131n, piyango oyununu bir yat\u0131r\u0131m stratejisi yerine e\u011flence olarak de\u011ferlendirin. <strong>Tutarl\u0131l\u0131\u011f\u0131 s\u00fcrd\u00fcrmek i\u00e7in \u00e7oklu \u00e7ekili\u015f se\u00e7eneklerinden yararlan\u0131n<\/strong> ve kaynaklar\u0131 bir araya getirmek ve grubunuzun toplu \u015fanslar\u0131n\u0131 art\u0131rmak i\u00e7in bir sendikaya kat\u0131lmay\u0131 veya olu\u015fturmay\u0131 d\u00fc\u015f\u00fcn\u00fcn. Bir\u00e7ok ba\u015far\u0131l\u0131 oyuncu <a href=\"https:\/\/lottomat.com\/tr\/sonuclar\/superenalotto\/\">SuperEnalotto \u00e7ekili\u015f sonu\u00e7lar\u0131n\u0131<\/a> ve kal\u0131plar\u0131n\u0131 takip eder, ancak piyango oyunlar\u0131n\u0131n nihayetinde \u015fansa dayal\u0131 oldu\u011funu hat\u0131rlamak \u00f6nemlidir. <strong>Anahtar, bu heyecan verici \u0130talyan piyangosundan keyif alman\u0131z\u0131 en \u00fcst d\u00fczeye \u00e7\u0131kar\u0131rken sorumlu bir \u015fekilde oynamakt\u0131r<\/strong>.<\/p>\n<h2>SuperEnalotto&#8217;yu \u00c7evrimi\u00e7i Oynamaya De\u011fer Mi?<\/h2>\n<p><strong>SuperEnalotto&#8217;yu \u00e7evrimi\u00e7i oynamak, Avrupa&#8217;daki en b\u00fcy\u00fck ikramiyeleri arayan piyango merakl\u0131lar\u0131 i\u00e7in ola\u011fan\u00fcst\u00fc de\u011fer sunar<\/strong>. \u00c7evrimi\u00e7i oyunun kolayl\u0131\u011f\u0131, SuperEnalotto&#8217;nun s\u0131n\u0131rs\u0131z ikramiye potansiyeli ile birle\u015fti\u011finde, ciddi piyango oyuncular\u0131 i\u00e7in \u00e7ekici bir se\u00e7enek haline gelir. <strong>D\u00fcnyan\u0131n her yerinden, herhangi bir zamanda, co\u011frafi k\u0131s\u0131tlamalar olmadan kat\u0131lma imkan\u0131 muazzam de\u011fer katar<\/strong>. Haftada \u00fc\u00e7 \u00e7ekili\u015f ve piyango tarihindeki en b\u00fcy\u00fck \u00f6d\u00fcllerden baz\u0131lar\u0131 ile SuperEnalotto, di\u011fer bir\u00e7ok Avrupa piyangosundan daha fazla f\u0131rsat ve daha b\u00fcy\u00fck potansiyel \u00f6d\u00fcller sa\u011flar. <strong>Eri\u015filebilirlik, g\u00fcvenlik ve b\u00fcy\u00fck \u00f6d\u00fcl potansiyelinin birle\u015fimi, \u00e7evrimi\u00e7i SuperEnalotto oyununu \u00f6zel piyango oyuncular\u0131 i\u00e7in de\u011ferli bir se\u00e7im haline getirir<\/strong>. Web sitemizde <a href=\"https:\/\/lottomat.com\/tr\/loto\/superenalotto\/\">SuperEnalotto \u00f6d\u00fclleri ve ikramiyesi<\/a> hakk\u0131nda daha fazla bilgi edinin.<\/p>\n<h2>Lottomat \u00dczerinden \u00c7evrimi\u00e7i Sat\u0131n Al\u0131nan SuperEnalotto Biletleri G\u00fcvenli Mi?<\/h2>\n<p><strong>Evet, LottoMat arac\u0131l\u0131\u011f\u0131yla sat\u0131n al\u0131nan SuperEnalotto biletleri tamamen g\u00fcvenli ve emniyetlidir<\/strong>. Geli\u015fmi\u015f dijital sistemimiz arac\u0131l\u0131\u011f\u0131yla t\u00fcm piyango biletlerinizin g\u00fcvenli saklanmas\u0131n\u0131 ve y\u00f6netilmesini garanti ediyoruz. <strong>Her bilet profesyonel olarak taran\u0131r ve ki\u015fisel hesab\u0131n\u0131zda saklan\u0131r<\/strong>, giri\u015flerinize kal\u0131c\u0131 eri\u015fim sa\u011flar ve kay\u0131p veya hasarl\u0131 fiziksel bilet riskini ortadan kald\u0131r\u0131r. Lisansl\u0131 temsilcilerimiz, tam \u00f6zg\u00fcnl\u00fck ve me\u015fruiyet sa\u011flayarak orijinal biletleri do\u011frudan yetkili \u0130talyan bayilerden sat\u0131n al\u0131r. <strong>LottoMat&#8217;\u0131n g\u00fcvenlik \u00f6nlemleri aras\u0131nda \u015fifreli i\u015flemler, g\u00fcvenli veri depolama ve tam d\u00fczenleyici uyumluluk bulunur<\/strong> ve piyango yat\u0131r\u0131mlar\u0131n\u0131z\u0131n korundu\u011funa dair size i\u00e7iniz rahat eder. Kazan\u00e7lar\u0131n\u0131z garanti edilir ve otomatik olarak hesab\u0131n\u0131za yat\u0131r\u0131l\u0131r, bu da t\u00fcm s\u00fcreci \u015feffaf ve g\u00fcvenilir k\u0131lar.<\/p>\n","protected":false},"excerpt":{"rendered":"<p>SuperEnalotto Nedir? SuperEnalotto, \u0130talya&#8217;n\u0131n en pop\u00fcler ve prestijli piyango oyunudur ve Avrupa piyango tarihindeki en b\u00fcy\u00fck ikramiyelerden baz\u0131lar\u0131n\u0131 sunmas\u0131yla \u00fcnl\u00fcd\u00fcr. Bu ikonik \u0130talyan piyangosu, 1997&#8217;den bu yana benzersiz format\u0131 ve ola\u011fan\u00fcst\u00fc ikramiye potansiyeli ile oyuncular\u0131 b\u00fcy\u00fcl\u00fcyor. SuperEnalotto \u00e7ekili\u015fleri haftada \u00fc\u00e7 kez ger\u00e7ekle\u015fir &#8211; Sal\u0131, Per\u015fembe ve Cumartesi g\u00fcnleri &#8211; oyunculara hayatlar\u0131n\u0131 de\u011fi\u015ftirecek tutarlar\u0131 kazanmak i\u00e7in [&hellip;]<\/p>\n","protected":false},"author":1,"featured_media":0,"parent":240933,"menu_order":5,"comment_status":"closed","ping_status":"closed","template":"superenalotto.php","meta":{"_et_pb_use_builder":"","_et_pb_old_content":"","_et_gb_content_width":"","exclude_from_search":false,"footnotes":""},"class_list":["post-241013","page","type-page","status-publish","hentry"],"yoast_head":"<!-- This site is optimized with the Yoast SEO plugin v23.8 - https:\/\/yoast.com\/wordpress\/plugins\/seo\/ -->\n<title>SuperEnalotto Online - SuperEnalotto Biletleri - Lottomat<\/title>\n<meta name=\"description\" content=\"\u0130talyan SuperEnalotto&#039;yu \u00e7evrimi\u00e7i oynay\u0131n ve bir servet kazan\u0131n! Lottomat&#039;tan SuperEnalotto biletleri sat\u0131n al\u0131n ve bir sonraki \u0130talyan piyango \u00e7ekili\u015fine kat\u0131l\u0131n.\" \/>\n<meta name=\"robots\" content=\"index, follow, max-snippet:-1, max-image-preview:large, max-video-preview:-1\" \/>\n<link rel=\"canonical\" href=\"https:\/\/lottomat.com\/tr\/oyna\/superenalotto\/\" \/>\n<meta property=\"og:locale\" content=\"tr_TR\" \/>\n<meta property=\"og:type\" content=\"article\" \/>\n<meta property=\"og:title\" content=\"SuperEnalotto Online - SuperEnalotto Biletleri - Lottomat\" \/>\n<meta property=\"og:description\" content=\"\u0130talyan SuperEnalotto&#039;yu \u00e7evrimi\u00e7i oynay\u0131n ve bir servet kazan\u0131n! Lottomat&#039;tan SuperEnalotto biletleri sat\u0131n al\u0131n ve bir sonraki \u0130talyan piyango \u00e7ekili\u015fine kat\u0131l\u0131n.\" \/>\n<meta property=\"og:url\" content=\"https:\/\/lottomat.com\/tr\/oyna\/superenalotto\/\" \/>\n<meta property=\"og:site_name\" content=\"Lottomat\" \/>\n<meta property=\"article:modified_time\" content=\"2026-02-16T06:28:17+00:00\" \/>\n<meta property=\"og:image\" content=\"https:\/\/lottomat.com\/wp-content\/uploads\/2025\/10\/Italian-lottery-online-300x300.webp\" \/>\n<meta name=\"twitter:card\" content=\"summary_large_image\" \/>\n<meta name=\"twitter:label1\" content=\"Tahmini okuma s\u00fcresi\" \/>\n\t<meta name=\"twitter:data1\" content=\"5 dakika\" \/>\n<script type=\"application\/ld+json\" class=\"yoast-schema-graph\">{\"@context\":\"https:\/\/schema.org\",\"@graph\":[{\"@type\":\"WebPage\",\"@id\":\"https:\/\/lottomat.com\/tr\/oyna\/superenalotto\/\",\"url\":\"https:\/\/lottomat.com\/tr\/oyna\/superenalotto\/\",\"name\":\"SuperEnalotto Online - SuperEnalotto Biletleri - Lottomat\",\"isPartOf\":{\"@id\":\"https:\/\/lottomat.com\/tr\/#website\"},\"primaryImageOfPage\":{\"@id\":\"https:\/\/lottomat.com\/tr\/oyna\/superenalotto\/#primaryimage\"},\"image\":{\"@id\":\"https:\/\/lottomat.com\/tr\/oyna\/superenalotto\/#primaryimage\"},\"thumbnailUrl\":\"https:\/\/lottomat.com\/wp-content\/uploads\/2025\/10\/Italian-lottery-online-300x300.webp\",\"datePublished\":\"2025-03-26T08:35:10+00:00\",\"dateModified\":\"2026-02-16T06:28:17+00:00\",\"description\":\"\u0130talyan SuperEnalotto'yu \u00e7evrimi\u00e7i oynay\u0131n ve bir servet kazan\u0131n! Lottomat'tan SuperEnalotto biletleri sat\u0131n al\u0131n ve bir sonraki \u0130talyan piyango \u00e7ekili\u015fine kat\u0131l\u0131n.\",\"breadcrumb\":{\"@id\":\"https:\/\/lottomat.com\/tr\/oyna\/superenalotto\/#breadcrumb\"},\"inLanguage\":\"tr\",\"potentialAction\":[{\"@type\":\"ReadAction\",\"target\":[\"https:\/\/lottomat.com\/tr\/oyna\/superenalotto\/\"]}]},{\"@type\":\"ImageObject\",\"inLanguage\":\"tr\",\"@id\":\"https:\/\/lottomat.com\/tr\/oyna\/superenalotto\/#primaryimage\",\"url\":\"https:\/\/lottomat.com\/wp-content\/uploads\/2025\/10\/Italian-lottery-online-300x300.webp\",\"contentUrl\":\"https:\/\/lottomat.com\/wp-content\/uploads\/2025\/10\/Italian-lottery-online-300x300.webp\"},{\"@type\":\"BreadcrumbList\",\"@id\":\"https:\/\/lottomat.com\/tr\/oyna\/superenalotto\/#breadcrumb\",\"itemListElement\":[{\"@type\":\"ListItem\",\"position\":1,\"name\":\"Home\",\"item\":\"https:\/\/lottomat.com\/tr\/\"},{\"@type\":\"ListItem\",\"position\":2,\"name\":\"Piyango Oyna\",\"item\":\"https:\/\/lottomat.com\/tr\/oyna\/\"},{\"@type\":\"ListItem\",\"position\":3,\"name\":\"SuperEnalotto Online &#8211; SuperEnalotto Biletleri\"}]},{\"@type\":\"WebSite\",\"@id\":\"https:\/\/lottomat.com\/tr\/#website\",\"url\":\"https:\/\/lottomat.com\/tr\/\",\"name\":\"Lottomat\",\"description\":\"\",\"potentialAction\":[{\"@type\":\"SearchAction\",\"target\":{\"@type\":\"EntryPoint\",\"urlTemplate\":\"https:\/\/lottomat.com\/tr\/?s={search_term_string}\"},\"query-input\":{\"@type\":\"PropertyValueSpecification\",\"valueRequired\":true,\"valueName\":\"search_term_string\"}}],\"inLanguage\":\"tr\"}]}<\/script>\n<!-- \/ Yoast SEO plugin. -->","yoast_head_json":{"title":"SuperEnalotto Online - SuperEnalotto Biletleri - Lottomat","description":"\u0130talyan SuperEnalotto'yu \u00e7evrimi\u00e7i oynay\u0131n ve bir servet kazan\u0131n! Lottomat'tan SuperEnalotto biletleri sat\u0131n al\u0131n ve bir sonraki \u0130talyan piyango \u00e7ekili\u015fine kat\u0131l\u0131n.","robots":{"index":"index","follow":"follow","max-snippet":"max-snippet:-1","max-image-preview":"max-image-preview:large","max-video-preview":"max-video-preview:-1"},"canonical":"https:\/\/lottomat.com\/tr\/oyna\/superenalotto\/","og_locale":"tr_TR","og_type":"article","og_title":"SuperEnalotto Online - SuperEnalotto Biletleri - Lottomat","og_description":"\u0130talyan SuperEnalotto'yu \u00e7evrimi\u00e7i oynay\u0131n ve bir servet kazan\u0131n! Lottomat'tan SuperEnalotto biletleri sat\u0131n al\u0131n ve bir sonraki \u0130talyan piyango \u00e7ekili\u015fine kat\u0131l\u0131n.","og_url":"https:\/\/lottomat.com\/tr\/oyna\/superenalotto\/","og_site_name":"Lottomat","article_modified_time":"2026-02-16T06:28:17+00:00","og_image":[{"url":"https:\/\/lottomat.com\/wp-content\/uploads\/2025\/10\/Italian-lottery-online-300x300.webp"}],"twitter_card":"summary_large_image","twitter_misc":{"Tahmini okuma s\u00fcresi":"5 dakika"},"schema":{"@context":"https:\/\/schema.org","@graph":[{"@type":"WebPage","@id":"https:\/\/lottomat.com\/tr\/oyna\/superenalotto\/","url":"https:\/\/lottomat.com\/tr\/oyna\/superenalotto\/","name":"SuperEnalotto Online - SuperEnalotto Biletleri - Lottomat","isPartOf":{"@id":"https:\/\/lottomat.com\/tr\/#website"},"primaryImageOfPage":{"@id":"https:\/\/lottomat.com\/tr\/oyna\/superenalotto\/#primaryimage"},"image":{"@id":"https:\/\/lottomat.com\/tr\/oyna\/superenalotto\/#primaryimage"},"thumbnailUrl":"https:\/\/lottomat.com\/wp-content\/uploads\/2025\/10\/Italian-lottery-online-300x300.webp","datePublished":"2025-03-26T08:35:10+00:00","dateModified":"2026-02-16T06:28:17+00:00","description":"\u0130talyan SuperEnalotto'yu \u00e7evrimi\u00e7i oynay\u0131n ve bir servet kazan\u0131n! Lottomat'tan SuperEnalotto biletleri sat\u0131n al\u0131n ve bir sonraki \u0130talyan piyango \u00e7ekili\u015fine kat\u0131l\u0131n.","breadcrumb":{"@id":"https:\/\/lottomat.com\/tr\/oyna\/superenalotto\/#breadcrumb"},"inLanguage":"tr","potentialAction":[{"@type":"ReadAction","target":["https:\/\/lottomat.com\/tr\/oyna\/superenalotto\/"]}]},{"@type":"ImageObject","inLanguage":"tr","@id":"https:\/\/lottomat.com\/tr\/oyna\/superenalotto\/#primaryimage","url":"https:\/\/lottomat.com\/wp-content\/uploads\/2025\/10\/Italian-lottery-online-300x300.webp","contentUrl":"https:\/\/lottomat.com\/wp-content\/uploads\/2025\/10\/Italian-lottery-online-300x300.webp"},{"@type":"BreadcrumbList","@id":"https:\/\/lottomat.com\/tr\/oyna\/superenalotto\/#breadcrumb","itemListElement":[{"@type":"ListItem","position":1,"name":"Home","item":"https:\/\/lottomat.com\/tr\/"},{"@type":"ListItem","position":2,"name":"Piyango Oyna","item":"https:\/\/lottomat.com\/tr\/oyna\/"},{"@type":"ListItem","position":3,"name":"SuperEnalotto Online &#8211; SuperEnalotto Biletleri"}]},{"@type":"WebSite","@id":"https:\/\/lottomat.com\/tr\/#website","url":"https:\/\/lottomat.com\/tr\/","name":"Lottomat","description":"","potentialAction":[{"@type":"SearchAction","target":{"@type":"EntryPoint","urlTemplate":"https:\/\/lottomat.com\/tr\/?s={search_term_string}"},"query-input":{"@type":"PropertyValueSpecification","valueRequired":true,"valueName":"search_term_string"}}],"inLanguage":"tr"}]}},"_links":{"self":[{"href":"https:\/\/lottomat.com\/tr\/wp-json\/wp\/v2\/pages\/241013","targetHints":{"allow":["GET"]}}],"collection":[{"href":"https:\/\/lottomat.com\/tr\/wp-json\/wp\/v2\/pages"}],"about":[{"href":"https:\/\/lottomat.com\/tr\/wp-json\/wp\/v2\/types\/page"}],"author":[{"embeddable":true,"href":"https:\/\/lottomat.com\/tr\/wp-json\/wp\/v2\/users\/1"}],"replies":[{"embeddable":true,"href":"https:\/\/lottomat.com\/tr\/wp-json\/wp\/v2\/comments?post=241013"}],"version-history":[{"count":3,"href":"https:\/\/lottomat.com\/tr\/wp-json\/wp\/v2\/pages\/241013\/revisions"}],"predecessor-version":[{"id":271133,"href":"https:\/\/lottomat.com\/tr\/wp-json\/wp\/v2\/pages\/241013\/revisions\/271133"}],"up":[{"embeddable":true,"href":"https:\/\/lottomat.com\/tr\/wp-json\/wp\/v2\/pages\/240933"}],"wp:attachment":[{"href":"https:\/\/lottomat.com\/tr\/wp-json\/wp\/v2\/media?parent=241013"}],"curies":[{"name":"wp","href":"https:\/\/api.w.org\/{rel}","templated":true}]}}