{"id":240975,"date":"2025-03-26T07:54:05","date_gmt":"2025-03-26T07:54:05","guid":{"rendered":"https:\/\/lottomat.net\/piyango-oyna\/mega-millionsi-cevrimici-oyna\/"},"modified":"2026-02-13T12:53:48","modified_gmt":"2026-02-13T12:53:48","slug":"mega-millions","status":"publish","type":"page","link":"https:\/\/lottomat.com\/tr\/oyna\/mega-millions\/","title":{"rendered":"Mega Millions online oyna \u2013 Mega Millions Biletleri"},"content":{"rendered":"\n\n<div class=\"kk-star-ratings kksr-auto kksr-align-left kksr-valign-top\"\n    data-payload='{&quot;align&quot;:&quot;left&quot;,&quot;id&quot;:&quot;240975&quot;,&quot;slug&quot;:&quot;default&quot;,&quot;valign&quot;:&quot;top&quot;,&quot;ignore&quot;:&quot;&quot;,&quot;reference&quot;:&quot;auto&quot;,&quot;class&quot;:&quot;&quot;,&quot;count&quot;:&quot;0&quot;,&quot;legendonly&quot;:&quot;&quot;,&quot;readonly&quot;:&quot;&quot;,&quot;score&quot;:&quot;0&quot;,&quot;starsonly&quot;:&quot;&quot;,&quot;best&quot;:&quot;5&quot;,&quot;gap&quot;:&quot;5&quot;,&quot;greet&quot;:&quot;Rate this page&quot;,&quot;legend&quot;:&quot;0\\\/5 - (0 votes)&quot;,&quot;size&quot;:&quot;30&quot;,&quot;title&quot;:&quot;Mega Millions online oyna \u2013 Mega Millions Biletleri&quot;,&quot;width&quot;:&quot;0&quot;,&quot;_legend&quot;:&quot;{score}\\\/{best} - ({count} {votes})&quot;,&quot;font_factor&quot;:&quot;1.25&quot;}'>\n            \n<div class=\"kksr-stars\">\n    \n<div class=\"kksr-stars-inactive\">\n            <div class=\"kksr-star\" data-star=\"1\" style=\"padding-right: 5px\">\n            \n\n<div class=\"kksr-icon\" style=\"width: 30px; height: 30px;\"><\/div>\n        <\/div>\n            <div class=\"kksr-star\" data-star=\"2\" style=\"padding-right: 5px\">\n            \n\n<div class=\"kksr-icon\" style=\"width: 30px; height: 30px;\"><\/div>\n        <\/div>\n            <div class=\"kksr-star\" data-star=\"3\" style=\"padding-right: 5px\">\n            \n\n<div class=\"kksr-icon\" style=\"width: 30px; height: 30px;\"><\/div>\n        <\/div>\n            <div class=\"kksr-star\" data-star=\"4\" style=\"padding-right: 5px\">\n            \n\n<div class=\"kksr-icon\" style=\"width: 30px; height: 30px;\"><\/div>\n        <\/div>\n            <div class=\"kksr-star\" data-star=\"5\" style=\"padding-right: 5px\">\n            \n\n<div class=\"kksr-icon\" style=\"width: 30px; height: 30px;\"><\/div>\n        <\/div>\n    <\/div>\n    \n<div class=\"kksr-stars-active\" style=\"width: 0px;\">\n            <div class=\"kksr-star\" style=\"padding-right: 5px\">\n            \n\n<div class=\"kksr-icon\" style=\"width: 30px; height: 30px;\"><\/div>\n        <\/div>\n            <div class=\"kksr-star\" style=\"padding-right: 5px\">\n            \n\n<div class=\"kksr-icon\" style=\"width: 30px; height: 30px;\"><\/div>\n        <\/div>\n            <div class=\"kksr-star\" style=\"padding-right: 5px\">\n            \n\n<div class=\"kksr-icon\" style=\"width: 30px; height: 30px;\"><\/div>\n        <\/div>\n            <div class=\"kksr-star\" style=\"padding-right: 5px\">\n            \n\n<div class=\"kksr-icon\" style=\"width: 30px; height: 30px;\"><\/div>\n        <\/div>\n            <div class=\"kksr-star\" style=\"padding-right: 5px\">\n            \n\n<div class=\"kksr-icon\" style=\"width: 30px; height: 30px;\"><\/div>\n        <\/div>\n    <\/div>\n<\/div>\n                \n\n<div class=\"kksr-legend\" style=\"font-size: 24px;\">\n            <span class=\"kksr-muted\">Rate this page<\/span>\n    <\/div>\n    <\/div>\n<h2>Mega Millions Piyango Nas\u0131l \u00c7al\u0131\u015f\u0131r?<\/h2>\n<p>Mega Millions online piyango, hat\u0131rlamas\u0131 kolay basit kurallara sahip, anla\u015f\u0131l\u0131r bir say\u0131 oyunudur. Her oyuncunun g\u00f6revi, 1 ile 70 aras\u0131ndaki be\u015f ana say\u0131y\u0131 se\u00e7mek ve 1 ile 24 aras\u0131ndaki benzersiz bir bonus say\u0131 olan Mega Ball&#8217;u se\u00e7mektir. Ana \u00f6d\u00fcl, bileti \u00e7ekilen alt\u0131 say\u0131n\u0131n tamam\u0131n\u0131 i\u00e7eren kazanana verilir; bu say\u0131lar be\u015f ana say\u0131 ve bir bonus say\u0131dan olu\u015fur. <strong>Mega Millions&#8217;\u0131n her oyuncunun para \u00f6d\u00fcl\u00fc alabilece\u011fi tam dokuz \u00f6d\u00fcl seviyesine sahip bir piyango oldu\u011funu<\/strong> belirtmekte fayda var. Daha da \u00f6nemlisi, yaln\u0131zca Mega Ball&#8217;u do\u011fru se\u00e7en bir Mega Millions bileti de kazan\u0131r. Yukar\u0131da a\u00e7\u0131klad\u0131\u011f\u0131m\u0131z gibi, Mega Millions milyonlarca dolar kazanmak i\u00e7in ger\u00e7ekten b\u00fcy\u00fck \u015fanslar sunan bir piyangodur. Web sitemizde <a href=\"https:\/\/lottomat.com\/tr\/loto\/mega-millions\/\">Mega Millions kurallar\u0131 hakk\u0131nda daha fazla bilgi<\/a> edinin.<\/p>\n<h2><img loading=\"lazy\" decoding=\"async\" class=\"alignleft wp-image-251833\" src=\"https:\/\/lottomat.com\/wp-content\/uploads\/2025\/10\/play-Mega-Millions.webp\" alt=\"Mega Millions oyna\" width=\"200\" height=\"200\" srcset=\"https:\/\/lottomat.com\/wp-content\/uploads\/2025\/10\/play-Mega-Millions.webp 400w, https:\/\/lottomat.com\/wp-content\/uploads\/2025\/10\/play-Mega-Millions-300x300.webp 300w, https:\/\/lottomat.com\/wp-content\/uploads\/2025\/10\/play-Mega-Millions-150x150.webp 150w, https:\/\/lottomat.com\/wp-content\/uploads\/2025\/10\/play-Mega-Millions-100x100.webp 100w\" sizes=\"auto, (max-width: 200px) 100vw, 200px\" \/>Mega Millions Online Sayesinde Ne Kadar Kazanabilirsiniz?<\/h2>\n<p>\u00c7ekilen t\u00fcm say\u0131lar\u0131 do\u011fru se\u00e7mek, ana \u00f6d\u00fcl\u00fc veya birden fazla kazanan varsa bunun bir pay\u0131n\u0131 kazanmay\u0131 garanti eder. Birka\u00e7 oyuncu \u00e7ekilen t\u00fcm piyango say\u0131lar\u0131n\u0131 se\u00e7erse, ana para \u00f6d\u00fcl\u00fc t\u00fcm yar\u0131\u015fmac\u0131lar aras\u0131nda orant\u0131l\u0131 olarak b\u00f6l\u00fcn\u00fcr. Be\u015f ana say\u0131y\u0131 vurursan\u0131z ancak Mega Ball&#8217;u vurmay\u0131 ba\u015faramazsan\u0131z, <strong>1.000.000 $ garantili bir \u00f6d\u00fcl<\/strong> al\u0131rs\u0131n\u0131z (evet, yanl\u0131\u015f g\u00f6rm\u00fcyorsunuz; do\u011fru tahmin edilen be\u015f say\u0131 i\u00e7in bir milyon dolardan bahsediyoruz!). Mega Millions, ak\u0131l almaz miktarlarda paralara ula\u015fabilen s\u0131k b\u00fcy\u00fck ikramiyeler sunan bir piyangodur, bu nedenle bu piyangoyu kazanan biletler kazananlara olduk\u00e7a \u00f6nemli kazan\u00e7lar sa\u011flar. Mega Millions oyunculara iki ilgin\u00e7 se\u00e7enek sunar. Ne yaz\u0131k ki, yaln\u0131zca b\u00fcy\u00fck ikramiye i\u00e7in daha ucuz bilet sat\u0131n alma yetene\u011fi ve oyunun alt kademelerinden kazan\u00e7lar\u0131 \u00e7arpma dahil olmak \u00fczere bu ekstra se\u00e7enekler yaln\u0131zca belirli ABD eyaletlerinin vatanda\u015flar\u0131na a\u00e7\u0131kt\u0131r; ancak ana \u00f6d\u00fcl ve alt kademeleri di\u011fer t\u00fcm oyunculara a\u00e7\u0131kt\u0131r.<\/p>\n<h2>Mega Millions Online Piyango Biletinin Fiyat\u0131 Nedir?<\/h2>\n<p>Tek bir biletin veya daha b\u00fcy\u00fck miktar\u0131n maliyetini kontrol etmek i\u00e7in LottoMat web sitesini kullan\u0131n ve kazanan say\u0131lar\u0131 se\u00e7me se\u00e7ene\u011fini kullan\u0131n. Bileti doldurduktan sonra fiyat\u0131 biletlerin alt\u0131nda g\u00f6r\u00fcnt\u00fclenecektir. <strong>Hesap makinesi, se\u00e7ilen Mega Millions online bilet say\u0131s\u0131na g\u00f6re \u00f6deme de\u011ferini otomatik olarak hesaplayacakt\u0131r<\/strong>. Biletin fiyat\u0131, biletin maliyetini ve ge\u00e7erli t\u00fcm komisyon \u00fccretlerini i\u00e7erir ve nihaidir. Ba\u015fka hi\u00e7bir \u015fey i\u00e7in endi\u015felenmenize gerek yok; sadece <a href=\"https:\/\/lottomat.com\/tr\/sonuclar\/mega-millions\/\">Mega Millions g\u00fcncel \u00e7ekili\u015f sonu\u00e7lar\u0131n\u0131<\/a> bekleyin.<\/p>\n<h2>Mega Millions Online Bileti Nas\u0131l Sat\u0131n Al\u0131n\u0131r?<img loading=\"lazy\" decoding=\"async\" class=\"alignright wp-image-251863\" src=\"https:\/\/lottomat.com\/wp-content\/uploads\/2025\/10\/Mega-Millions-tickets.webp\" alt=\"Mega Millions biletleri\" width=\"200\" height=\"200\" srcset=\"https:\/\/lottomat.com\/wp-content\/uploads\/2025\/10\/Mega-Millions-tickets.webp 400w, https:\/\/lottomat.com\/wp-content\/uploads\/2025\/10\/Mega-Millions-tickets-300x300.webp 300w, https:\/\/lottomat.com\/wp-content\/uploads\/2025\/10\/Mega-Millions-tickets-150x150.webp 150w, https:\/\/lottomat.com\/wp-content\/uploads\/2025\/10\/Mega-Millions-tickets-100x100.webp 100w\" sizes=\"auto, (max-width: 200px) 100vw, 200px\" \/><\/h2>\n<p>Mega Millions \u00f6d\u00fcl \u00e7ekili\u015flerinde Amerika Birle\u015fik Devletleri&#8217;nde ya\u015famak zorunlu de\u011fildir, ancak <strong>tek se\u00e7enek Mega Millions biletini online sat\u0131n almakt\u0131r<\/strong>. Sabit piyango ofisleri yaln\u0131zca ABD&#8217;de mevcuttur. Yapman\u0131z gereken tek \u015fey LottoMat web sitesinde bir bileti doldurmak ve ard\u0131ndan \u00f6demesini yapmakt\u0131r (birka\u00e7 tercih edilen \u00f6deme y\u00f6ntemi mevcuttur). Milyonlarca dolar, evden \u00e7\u0131kmadan, g\u00fcnde 24 saat, haftada 7 g\u00fcn elinizin alt\u0131nda. Bug\u00fcnlerde, Mega Millions piyangosunu koltu\u011funuzun rahatl\u0131\u011f\u0131ndan online oynayabilirsiniz. Online piyangolar g\u00fcn\u00fcm\u00fczde bu i\u015fin temel dayana\u011f\u0131d\u0131r.<\/p>\n<h3>\u00c7ekili\u015f Takvimi ve Sonu\u00e7lar\u0131<\/h3>\n<p>Biletiniz Amerikan piyangosuna kat\u0131lacak ve kazan\u0131rsan\u0131z, se\u00e7ti\u011finiz se\u00e7ene\u011fe ba\u011fl\u0131 olarak \u00f6d\u00fcl tamamen veya taksitler halinde g\u00f6nderilecektir. <strong>\u00c7ekili\u015fler \u00c7ar\u015famba ve Cumartesi g\u00fcnleri yap\u0131l\u0131r<\/strong> ve <a href=\"https:\/\/lottomat.com\/tr\/sonuclar\/\">g\u00fcncel piyango \u00e7ekili\u015f sonu\u00e7lar\u0131<\/a> LottoMat web sitesinde g\u00f6r\u00fclebilir. Oyna se\u00e7ene\u011fine girin ve online piyango bileti sat\u0131n alman\u0131n ne kadar kolay oldu\u011funu g\u00f6r\u00fcn. Kazanmak i\u00e7in ihtiyac\u0131n\u0131z olan tek \u015fey \u015fans!<\/p>\n<h2>Mega Millions Piyango Online Nas\u0131l Oynan\u0131r?<\/h2>\n<p>Web sitemiz sayesinde, Mega Millions piyango bileti sat\u0131n almak i\u00e7in ABD&#8217;ye gitmenize gerek yok. Yapman\u0131z gereken tek \u015fey 1 ile 70 aras\u0131nda be\u015f ana say\u0131 ve 1 ile 24 aras\u0131nda ekstra bir Mega Ball say\u0131s\u0131 se\u00e7mektir. Ayr\u0131ca say\u0131lar\u0131n rastgele se\u00e7ildi\u011fi rastgele se\u00e7enek de kullanabilirsiniz. Ana \u00f6d\u00fcl\u00fc kazanmak i\u00e7in, ortaya \u00e7\u0131kan t\u00fcm say\u0131lar\u0131 do\u011fru tahmin etmelisiniz. Ne kadar az say\u0131 vurursan\u0131z, kazanc\u0131n\u0131z o kadar d\u00fc\u015f\u00fck olacakt\u0131r. <strong>1 ile 70 aras\u0131nda be\u015f ana say\u0131 ve 1 ile 24 aras\u0131nda Mega Ball ad\u0131 verilen bir benzersiz say\u0131 se\u00e7in.<\/strong> Say\u0131lar\u0131n\u0131z\u0131 se\u00e7in ve bug\u00fcn milyonlar i\u00e7in oynay\u0131n!<\/p>\n<h2><img loading=\"lazy\" decoding=\"async\" class=\"alignleft wp-image-251893\" src=\"https:\/\/lottomat.com\/wp-content\/uploads\/2025\/10\/buy-Mega-Millions-tickets.webp\" alt=\"Mega Millions biletleri sat\u0131n al\" width=\"200\" height=\"200\" srcset=\"https:\/\/lottomat.com\/wp-content\/uploads\/2025\/10\/buy-Mega-Millions-tickets.webp 400w, https:\/\/lottomat.com\/wp-content\/uploads\/2025\/10\/buy-Mega-Millions-tickets-300x300.webp 300w, https:\/\/lottomat.com\/wp-content\/uploads\/2025\/10\/buy-Mega-Millions-tickets-150x150.webp 150w, https:\/\/lottomat.com\/wp-content\/uploads\/2025\/10\/buy-Mega-Millions-tickets-100x100.webp 100w\" sizes=\"auto, (max-width: 200px) 100vw, 200px\" \/>Mega Millions Online Oynamak ve Kazanmak \u0130\u00e7in En \u0130yi \u0130pu\u00e7lar\u0131 Nelerdir?<\/h2>\n<p>Ak\u0131ll\u0131ca oynamak, b\u00fct\u00e7enizi etkili bir \u015fekilde y\u00f6netirken piyango deneyiminizi en \u00fcst d\u00fczeye \u00e7\u0131karman\u0131n anahtar\u0131d\u0131r. \u0130\u015fte kazanma \u015fans\u0131n\u0131z\u0131 art\u0131rabilecek kan\u0131tlanm\u0131\u015f baz\u0131 stratejiler.<\/p>\n<h3>Grup Oyun Stratejisi<\/h3>\n<p>Oyuna bir servet harcamaktan ka\u00e7\u0131nmak i\u00e7in ne yap\u0131labilir, ancak yine de \u00f6nemli say\u0131da biletle piyangoya kat\u0131labilirsiniz? Bu basit \u2013 <strong>yaln\u0131zca devretme oldu\u011funda oynay\u0131n ve arkada\u015flar\u0131n\u0131z\u0131 veya ailenizi oynamaya davet edin<\/strong>. Mega Millions biletlerinin maliyetini aile oyun kat\u0131l\u0131mc\u0131lar\u0131 aras\u0131nda b\u00f6lerek kazanman\u0131n en iyi yoludur. Sat\u0131n ald\u0131\u011f\u0131n\u0131z bilet say\u0131s\u0131 artt\u0131k\u00e7a \u00f6d\u00fcl kazanma \u015fans\u0131n\u0131z\u0131n da artt\u0131\u011f\u0131n\u0131 unutmay\u0131n.<\/p>\n<h3>Say\u0131 Se\u00e7im Y\u00f6ntemleri<\/h3>\n<p>Say\u0131lar\u0131 se\u00e7me \u015fekliniz yaln\u0131zca size ba\u011fl\u0131d\u0131r. Mega Millions biletini rastgele say\u0131larla doldurmak i\u00e7in rastgele se\u00e7ene\u011fi kullanabilir veya \u015fansl\u0131 say\u0131lar\u0131n\u0131z\u0131 kullanabilirsiniz. \u0130sterseniz, Mega Millions&#8217;da en s\u0131k ve en az \u00e7ekilen say\u0131lar\u0131 belirlemek ve say\u0131 oyunlar\u0131 i\u00e7in stratejinizi geli\u015ftirmek i\u00e7in \u00f6nceki piyango \u00e7ekili\u015flerinin sonu\u00e7lar\u0131n\u0131 da inceleyebilirsiniz. <a href=\"https:\/\/lottomat.com\/tr\/oyna\/\">Piyango bileti sat\u0131n al\u0131n<\/a> ve size bol \u015fans diliyoruz!<\/p>\n<h2>Daha Fazla Mega Millions Bileti Online Sat\u0131n Alabilir misiniz?<\/h2>\n<p>Evet, <strong>&#8220;Daha fazla sat\u0131r&#8221; se\u00e7ene\u011finden yararlan\u0131n ve ihtiyac\u0131n\u0131z kadar sat\u0131r se\u00e7in<\/strong>. Bu \u00f6zellik, tek bir i\u015flemde birden fazla bilet sat\u0131n alarak kazanma \u015fans\u0131n\u0131z\u0131 art\u0131rman\u0131za olanak tan\u0131r. Ne kadar \u00e7ok sat\u0131r oynarsan\u0131z, kazanan kombinasyonu vurma olas\u0131l\u0131\u011f\u0131n\u0131z o kadar artar.<\/p>\n<h2>Birden Fazla \u00c7ekili\u015f \u0130\u00e7in Mega Millions Biletleri Online Sat\u0131n Alabilir misiniz?<img loading=\"lazy\" decoding=\"async\" class=\"alignright wp-image-251923\" src=\"https:\/\/lottomat.com\/wp-content\/uploads\/2025\/10\/Mega-Millions-online.webp\" alt=\"Mega Millions online\" width=\"200\" height=\"200\" srcset=\"https:\/\/lottomat.com\/wp-content\/uploads\/2025\/10\/Mega-Millions-online.webp 400w, https:\/\/lottomat.com\/wp-content\/uploads\/2025\/10\/Mega-Millions-online-300x300.webp 300w, https:\/\/lottomat.com\/wp-content\/uploads\/2025\/10\/Mega-Millions-online-150x150.webp 150w, https:\/\/lottomat.com\/wp-content\/uploads\/2025\/10\/Mega-Millions-online-100x100.webp 100w\" sizes=\"auto, (max-width: 200px) 100vw, 200px\" \/><\/h2>\n<p>Evet, LottoMat&#8217;ta <strong>8 \u00e7ekili\u015fe kadar \u00f6nceden bilet sat\u0131n alabilirsiniz<\/strong>. Bu kullan\u0131\u015fl\u0131 \u00f6zellik, her bir \u00e7ekili\u015f i\u00e7in bilet sat\u0131n almay\u0131 hat\u0131rlaman\u0131za gerek olmad\u0131\u011f\u0131 anlam\u0131na gelir. Say\u0131lar\u0131n\u0131z\u0131 bir kez ayarlayabilir ve ard\u0131\u015f\u0131k \u00e7ekili\u015fler i\u00e7in otomatik olarak oynamalar\u0131na izin verebilirsiniz. Bu \u00f6nceden sat\u0131n alma se\u00e7ene\u011fi, favori say\u0131lar\u0131 olan ve hi\u00e7bir \u00e7ekili\u015fi ka\u00e7\u0131rmamak isteyen oyuncular i\u00e7in m\u00fckemmeldir.<\/p>\n<h2>Mega Millions Online Oynamak G\u00fcvenli mi?<\/h2>\n<p>LottoMat web sitesinde oynamak <strong>tamamen g\u00fcvenli ve emniyetlidir<\/strong>. T\u00fcm biletleri tar\u0131yoruz ve m\u00fc\u015fterilerimizle \u00e7ok iyi ilgileniyor, ki\u015fisel ve finansal bilgilerinizin en y\u00fcksek g\u00fcvenlik standartlar\u0131yla korunmas\u0131n\u0131 sa\u011fl\u0131yoruz. Platformumuz, t\u00fcm i\u015flemleri ve bilet al\u0131mlar\u0131n\u0131 korumak i\u00e7in geli\u015fmi\u015f \u015fifreleme teknolojisi kullan\u0131r. Ancak, <strong>Mega Millions oynaman\u0131n e\u011flence ve zevk olarak de\u011ferlendirilmesi gerekti\u011fini<\/strong> hat\u0131rlamak \u00f6nemlidir. Asla kaybetmeyi g\u00f6ze alamayaca\u011f\u0131n\u0131z paray\u0131 riske atmamal\u0131s\u0131n\u0131z. Her zaman sorumlu bir \u015fekilde ve imkanlar\u0131n\u0131z dahilinde oynay\u0131n, piyango biletlerini bir yat\u0131r\u0131m stratejisi yerine e\u011flence bi\u00e7imi olarak de\u011ferlendirin.<\/p>\n","protected":false},"excerpt":{"rendered":"<p>Mega Millions Piyango Nas\u0131l \u00c7al\u0131\u015f\u0131r? Mega Millions online piyango, hat\u0131rlamas\u0131 kolay basit kurallara sahip, anla\u015f\u0131l\u0131r bir say\u0131 oyunudur. Her oyuncunun g\u00f6revi, 1 ile 70 aras\u0131ndaki be\u015f ana say\u0131y\u0131 se\u00e7mek ve 1 ile 24 aras\u0131ndaki benzersiz bir bonus say\u0131 olan Mega Ball&#8217;u se\u00e7mektir. Ana \u00f6d\u00fcl, bileti \u00e7ekilen alt\u0131 say\u0131n\u0131n tamam\u0131n\u0131 i\u00e7eren kazanana verilir; bu say\u0131lar be\u015f [&hellip;]<\/p>\n","protected":false},"author":1,"featured_media":0,"parent":240933,"menu_order":2,"comment_status":"closed","ping_status":"closed","template":"megamillion.php","meta":{"_et_pb_use_builder":"","_et_pb_old_content":"","_et_gb_content_width":"","exclude_from_search":false,"footnotes":""},"class_list":["post-240975","page","type-page","status-publish","hentry"],"yoast_head":"<!-- This site is optimized with the Yoast SEO plugin v23.8 - https:\/\/yoast.com\/wordpress\/plugins\/seo\/ -->\n<title>Mega Millions Piyango Biletleri - Mega Millions online oyna - Lottomat<\/title>\n<meta name=\"description\" content=\"Lottomat&#039;ta Mega Millions online piyango oynay\u0131n ve b\u00fcy\u00fck bir servet kazan\u0131n! Bug\u00fcn Mega Millions biletlerini online sat\u0131n al\u0131n - e\u011flenceye kat\u0131l\u0131n!\" \/>\n<meta name=\"robots\" content=\"index, follow, max-snippet:-1, max-image-preview:large, max-video-preview:-1\" \/>\n<link rel=\"canonical\" href=\"https:\/\/lottomat.com\/tr\/oyna\/mega-millions\/\" \/>\n<meta property=\"og:locale\" content=\"tr_TR\" \/>\n<meta property=\"og:type\" content=\"article\" \/>\n<meta property=\"og:title\" content=\"Mega Millions Piyango Biletleri - Mega Millions online oyna - Lottomat\" \/>\n<meta property=\"og:description\" content=\"Lottomat&#039;ta Mega Millions online piyango oynay\u0131n ve b\u00fcy\u00fck bir servet kazan\u0131n! Bug\u00fcn Mega Millions biletlerini online sat\u0131n al\u0131n - e\u011flenceye kat\u0131l\u0131n!\" \/>\n<meta property=\"og:url\" content=\"https:\/\/lottomat.com\/tr\/oyna\/mega-millions\/\" \/>\n<meta property=\"og:site_name\" content=\"Lottomat\" \/>\n<meta property=\"article:modified_time\" content=\"2026-02-13T12:53:48+00:00\" \/>\n<meta property=\"og:image\" content=\"https:\/\/lottomat.com\/wp-content\/uploads\/2025\/10\/play-Mega-Millions.webp\" \/>\n<meta name=\"twitter:card\" content=\"summary_large_image\" \/>\n<meta name=\"twitter:label1\" content=\"Tahmini okuma s\u00fcresi\" \/>\n\t<meta name=\"twitter:data1\" content=\"5 dakika\" \/>\n<script type=\"application\/ld+json\" class=\"yoast-schema-graph\">{\"@context\":\"https:\/\/schema.org\",\"@graph\":[{\"@type\":\"WebPage\",\"@id\":\"https:\/\/lottomat.com\/tr\/oyna\/mega-millions\/\",\"url\":\"https:\/\/lottomat.com\/tr\/oyna\/mega-millions\/\",\"name\":\"Mega Millions Piyango Biletleri - Mega Millions online oyna - Lottomat\",\"isPartOf\":{\"@id\":\"https:\/\/lottomat.com\/tr\/#website\"},\"primaryImageOfPage\":{\"@id\":\"https:\/\/lottomat.com\/tr\/oyna\/mega-millions\/#primaryimage\"},\"image\":{\"@id\":\"https:\/\/lottomat.com\/tr\/oyna\/mega-millions\/#primaryimage\"},\"thumbnailUrl\":\"https:\/\/lottomat.com\/wp-content\/uploads\/2025\/10\/play-Mega-Millions.webp\",\"datePublished\":\"2025-03-26T07:54:05+00:00\",\"dateModified\":\"2026-02-13T12:53:48+00:00\",\"description\":\"Lottomat'ta Mega Millions online piyango oynay\u0131n ve b\u00fcy\u00fck bir servet kazan\u0131n! Bug\u00fcn Mega Millions biletlerini online sat\u0131n al\u0131n - e\u011flenceye kat\u0131l\u0131n!\",\"breadcrumb\":{\"@id\":\"https:\/\/lottomat.com\/tr\/oyna\/mega-millions\/#breadcrumb\"},\"inLanguage\":\"tr\",\"potentialAction\":[{\"@type\":\"ReadAction\",\"target\":[\"https:\/\/lottomat.com\/tr\/oyna\/mega-millions\/\"]}]},{\"@type\":\"ImageObject\",\"inLanguage\":\"tr\",\"@id\":\"https:\/\/lottomat.com\/tr\/oyna\/mega-millions\/#primaryimage\",\"url\":\"https:\/\/lottomat.com\/wp-content\/uploads\/2025\/10\/play-Mega-Millions.webp\",\"contentUrl\":\"https:\/\/lottomat.com\/wp-content\/uploads\/2025\/10\/play-Mega-Millions.webp\"},{\"@type\":\"BreadcrumbList\",\"@id\":\"https:\/\/lottomat.com\/tr\/oyna\/mega-millions\/#breadcrumb\",\"itemListElement\":[{\"@type\":\"ListItem\",\"position\":1,\"name\":\"Home\",\"item\":\"https:\/\/lottomat.com\/tr\/\"},{\"@type\":\"ListItem\",\"position\":2,\"name\":\"Piyango Oyna\",\"item\":\"https:\/\/lottomat.com\/tr\/oyna\/\"},{\"@type\":\"ListItem\",\"position\":3,\"name\":\"Mega Millions online oyna \u2013 Mega Millions Biletleri\"}]},{\"@type\":\"WebSite\",\"@id\":\"https:\/\/lottomat.com\/tr\/#website\",\"url\":\"https:\/\/lottomat.com\/tr\/\",\"name\":\"Lottomat\",\"description\":\"\",\"potentialAction\":[{\"@type\":\"SearchAction\",\"target\":{\"@type\":\"EntryPoint\",\"urlTemplate\":\"https:\/\/lottomat.com\/tr\/?s={search_term_string}\"},\"query-input\":{\"@type\":\"PropertyValueSpecification\",\"valueRequired\":true,\"valueName\":\"search_term_string\"}}],\"inLanguage\":\"tr\"}]}<\/script>\n<!-- \/ Yoast SEO plugin. -->","yoast_head_json":{"title":"Mega Millions Piyango Biletleri - Mega Millions online oyna - Lottomat","description":"Lottomat'ta Mega Millions online piyango oynay\u0131n ve b\u00fcy\u00fck bir servet kazan\u0131n! Bug\u00fcn Mega Millions biletlerini online sat\u0131n al\u0131n - e\u011flenceye kat\u0131l\u0131n!","robots":{"index":"index","follow":"follow","max-snippet":"max-snippet:-1","max-image-preview":"max-image-preview:large","max-video-preview":"max-video-preview:-1"},"canonical":"https:\/\/lottomat.com\/tr\/oyna\/mega-millions\/","og_locale":"tr_TR","og_type":"article","og_title":"Mega Millions Piyango Biletleri - Mega Millions online oyna - Lottomat","og_description":"Lottomat'ta Mega Millions online piyango oynay\u0131n ve b\u00fcy\u00fck bir servet kazan\u0131n! Bug\u00fcn Mega Millions biletlerini online sat\u0131n al\u0131n - e\u011flenceye kat\u0131l\u0131n!","og_url":"https:\/\/lottomat.com\/tr\/oyna\/mega-millions\/","og_site_name":"Lottomat","article_modified_time":"2026-02-13T12:53:48+00:00","og_image":[{"url":"https:\/\/lottomat.com\/wp-content\/uploads\/2025\/10\/play-Mega-Millions.webp"}],"twitter_card":"summary_large_image","twitter_misc":{"Tahmini okuma s\u00fcresi":"5 dakika"},"schema":{"@context":"https:\/\/schema.org","@graph":[{"@type":"WebPage","@id":"https:\/\/lottomat.com\/tr\/oyna\/mega-millions\/","url":"https:\/\/lottomat.com\/tr\/oyna\/mega-millions\/","name":"Mega Millions Piyango Biletleri - Mega Millions online oyna - Lottomat","isPartOf":{"@id":"https:\/\/lottomat.com\/tr\/#website"},"primaryImageOfPage":{"@id":"https:\/\/lottomat.com\/tr\/oyna\/mega-millions\/#primaryimage"},"image":{"@id":"https:\/\/lottomat.com\/tr\/oyna\/mega-millions\/#primaryimage"},"thumbnailUrl":"https:\/\/lottomat.com\/wp-content\/uploads\/2025\/10\/play-Mega-Millions.webp","datePublished":"2025-03-26T07:54:05+00:00","dateModified":"2026-02-13T12:53:48+00:00","description":"Lottomat'ta Mega Millions online piyango oynay\u0131n ve b\u00fcy\u00fck bir servet kazan\u0131n! Bug\u00fcn Mega Millions biletlerini online sat\u0131n al\u0131n - e\u011flenceye kat\u0131l\u0131n!","breadcrumb":{"@id":"https:\/\/lottomat.com\/tr\/oyna\/mega-millions\/#breadcrumb"},"inLanguage":"tr","potentialAction":[{"@type":"ReadAction","target":["https:\/\/lottomat.com\/tr\/oyna\/mega-millions\/"]}]},{"@type":"ImageObject","inLanguage":"tr","@id":"https:\/\/lottomat.com\/tr\/oyna\/mega-millions\/#primaryimage","url":"https:\/\/lottomat.com\/wp-content\/uploads\/2025\/10\/play-Mega-Millions.webp","contentUrl":"https:\/\/lottomat.com\/wp-content\/uploads\/2025\/10\/play-Mega-Millions.webp"},{"@type":"BreadcrumbList","@id":"https:\/\/lottomat.com\/tr\/oyna\/mega-millions\/#breadcrumb","itemListElement":[{"@type":"ListItem","position":1,"name":"Home","item":"https:\/\/lottomat.com\/tr\/"},{"@type":"ListItem","position":2,"name":"Piyango Oyna","item":"https:\/\/lottomat.com\/tr\/oyna\/"},{"@type":"ListItem","position":3,"name":"Mega Millions online oyna \u2013 Mega Millions Biletleri"}]},{"@type":"WebSite","@id":"https:\/\/lottomat.com\/tr\/#website","url":"https:\/\/lottomat.com\/tr\/","name":"Lottomat","description":"","potentialAction":[{"@type":"SearchAction","target":{"@type":"EntryPoint","urlTemplate":"https:\/\/lottomat.com\/tr\/?s={search_term_string}"},"query-input":{"@type":"PropertyValueSpecification","valueRequired":true,"valueName":"search_term_string"}}],"inLanguage":"tr"}]}},"_links":{"self":[{"href":"https:\/\/lottomat.com\/tr\/wp-json\/wp\/v2\/pages\/240975","targetHints":{"allow":["GET"]}}],"collection":[{"href":"https:\/\/lottomat.com\/tr\/wp-json\/wp\/v2\/pages"}],"about":[{"href":"https:\/\/lottomat.com\/tr\/wp-json\/wp\/v2\/types\/page"}],"author":[{"embeddable":true,"href":"https:\/\/lottomat.com\/tr\/wp-json\/wp\/v2\/users\/1"}],"replies":[{"embeddable":true,"href":"https:\/\/lottomat.com\/tr\/wp-json\/wp\/v2\/comments?post=240975"}],"version-history":[{"count":3,"href":"https:\/\/lottomat.com\/tr\/wp-json\/wp\/v2\/pages\/240975\/revisions"}],"predecessor-version":[{"id":271012,"href":"https:\/\/lottomat.com\/tr\/wp-json\/wp\/v2\/pages\/240975\/revisions\/271012"}],"up":[{"embeddable":true,"href":"https:\/\/lottomat.com\/tr\/wp-json\/wp\/v2\/pages\/240933"}],"wp:attachment":[{"href":"https:\/\/lottomat.com\/tr\/wp-json\/wp\/v2\/media?parent=240975"}],"curies":[{"name":"wp","href":"https:\/\/api.w.org\/{rel}","templated":true}]}}