{"id":240968,"date":"2025-03-27T10:35:32","date_gmt":"2025-03-27T10:35:32","guid":{"rendered":"https:\/\/lottomat.net\/piyango-sonuclari\/eurojackpot-sonuclari\/"},"modified":"2026-02-13T13:28:14","modified_gmt":"2026-02-13T13:28:14","slug":"eurojackpot","status":"publish","type":"page","link":"https:\/\/lottomat.com\/tr\/sonuclar\/eurojackpot\/","title":{"rendered":"Eurojackpot Sonu\u00e7lar\u0131 ve Kazanan Numaralar\u0131"},"content":{"rendered":"\n\n<div class=\"kk-star-ratings kksr-auto kksr-align-left kksr-valign-top\"\n    data-payload='{&quot;align&quot;:&quot;left&quot;,&quot;id&quot;:&quot;240968&quot;,&quot;slug&quot;:&quot;default&quot;,&quot;valign&quot;:&quot;top&quot;,&quot;ignore&quot;:&quot;&quot;,&quot;reference&quot;:&quot;auto&quot;,&quot;class&quot;:&quot;&quot;,&quot;count&quot;:&quot;0&quot;,&quot;legendonly&quot;:&quot;&quot;,&quot;readonly&quot;:&quot;&quot;,&quot;score&quot;:&quot;0&quot;,&quot;starsonly&quot;:&quot;&quot;,&quot;best&quot;:&quot;5&quot;,&quot;gap&quot;:&quot;5&quot;,&quot;greet&quot;:&quot;Rate this page&quot;,&quot;legend&quot;:&quot;0\\\/5 - (0 votes)&quot;,&quot;size&quot;:&quot;30&quot;,&quot;title&quot;:&quot;Eurojackpot Sonu\u00e7lar\u0131 ve Kazanan Numaralar\u0131&quot;,&quot;width&quot;:&quot;0&quot;,&quot;_legend&quot;:&quot;{score}\\\/{best} - ({count} {votes})&quot;,&quot;font_factor&quot;:&quot;1.25&quot;}'>\n            \n<div class=\"kksr-stars\">\n    \n<div class=\"kksr-stars-inactive\">\n            <div class=\"kksr-star\" data-star=\"1\" style=\"padding-right: 5px\">\n            \n\n<div class=\"kksr-icon\" style=\"width: 30px; height: 30px;\"><\/div>\n        <\/div>\n            <div class=\"kksr-star\" data-star=\"2\" style=\"padding-right: 5px\">\n            \n\n<div class=\"kksr-icon\" style=\"width: 30px; height: 30px;\"><\/div>\n        <\/div>\n            <div class=\"kksr-star\" data-star=\"3\" style=\"padding-right: 5px\">\n            \n\n<div class=\"kksr-icon\" style=\"width: 30px; height: 30px;\"><\/div>\n        <\/div>\n            <div class=\"kksr-star\" data-star=\"4\" style=\"padding-right: 5px\">\n            \n\n<div class=\"kksr-icon\" style=\"width: 30px; height: 30px;\"><\/div>\n        <\/div>\n            <div class=\"kksr-star\" data-star=\"5\" style=\"padding-right: 5px\">\n            \n\n<div class=\"kksr-icon\" style=\"width: 30px; height: 30px;\"><\/div>\n        <\/div>\n    <\/div>\n    \n<div class=\"kksr-stars-active\" style=\"width: 0px;\">\n            <div class=\"kksr-star\" style=\"padding-right: 5px\">\n            \n\n<div class=\"kksr-icon\" style=\"width: 30px; height: 30px;\"><\/div>\n        <\/div>\n            <div class=\"kksr-star\" style=\"padding-right: 5px\">\n            \n\n<div class=\"kksr-icon\" style=\"width: 30px; height: 30px;\"><\/div>\n        <\/div>\n            <div class=\"kksr-star\" style=\"padding-right: 5px\">\n            \n\n<div class=\"kksr-icon\" style=\"width: 30px; height: 30px;\"><\/div>\n        <\/div>\n            <div class=\"kksr-star\" style=\"padding-right: 5px\">\n            \n\n<div class=\"kksr-icon\" style=\"width: 30px; height: 30px;\"><\/div>\n        <\/div>\n            <div class=\"kksr-star\" style=\"padding-right: 5px\">\n            \n\n<div class=\"kksr-icon\" style=\"width: 30px; height: 30px;\"><\/div>\n        <\/div>\n    <\/div>\n<\/div>\n                \n\n<div class=\"kksr-legend\" style=\"font-size: 24px;\">\n            <span class=\"kksr-muted\">Rate this page<\/span>\n    <\/div>\n    <\/div>\n<p>Eurojackpot biletleri sat\u0131n ald\u0131n\u0131z m\u0131 ve kazan\u0131p kazanmad\u0131\u011f\u0131n\u0131z\u0131 merak m\u0131 ediyorsunuz? \u00c7ekilen numaralar\u0131 \u00f6\u011frenene kadar her \u015fey olabilir ve <a href=\"https:\/\/lottomat.com\/tr\/sonuclar\/\">bu web sitesinde piyango sonu\u00e7lar\u0131n\u0131 g\u00f6rebilirsiniz<\/a>. Bunlar\u0131 Eurojackpot ev sahibinin web sitesinden mesaj ald\u0131ktan hemen sonra \u00e7ok h\u0131zl\u0131 bir \u015fekilde yay\u0131nl\u0131yoruz, b\u00f6ylece g\u00fcvenilir bir \u015fekilde onayland\u0131\u011f\u0131ndan ve %100 ger\u00e7ek oldu\u011fundan emin olabilirsiniz. Eurojackpot sonu\u00e7lar\u0131n\u0131 ve kazanan numaralar\u0131 hemen \u015fimdi analiz edin!<\/p>\n<h2>Bug\u00fcnk\u00fc Eurojackpot Sonu\u00e7lar\u0131 Nas\u0131l Kontrol Edilir?<img loading=\"lazy\" decoding=\"async\" class=\"alignright wp-image-257716\" src=\"https:\/\/lottomat.com\/wp-content\/uploads\/2025\/11\/Eurojackpot-online-1.webp\" alt=\"\u00c7evrimi\u00e7i Eurojackpot\" width=\"200\" height=\"200\" srcset=\"https:\/\/lottomat.com\/wp-content\/uploads\/2025\/11\/Eurojackpot-online-1.webp 400w, https:\/\/lottomat.com\/wp-content\/uploads\/2025\/11\/Eurojackpot-online-1-300x300.webp 300w, https:\/\/lottomat.com\/wp-content\/uploads\/2025\/11\/Eurojackpot-online-1-150x150.webp 150w, https:\/\/lottomat.com\/wp-content\/uploads\/2025\/11\/Eurojackpot-online-1-100x100.webp 100w\" sizes=\"auto, (max-width: 200px) 100vw, 200px\" \/><\/h2>\n<p>En son Eurojackpot sonu\u00e7lar\u0131n\u0131 kontrol etmenin en kolay yolu web sitemizdir. Tamamen g\u00fcvenebilece\u011finiz <strong>%100 g\u00fcvenilir piyango \u00e7ekili\u015f sonu\u00e7lar\u0131<\/strong> sa\u011fl\u0131yoruz. Platformumuz, t\u00fcm Eurojackpot kazanan numaralar\u0131n\u0131n <strong>her resmi \u00e7ekili\u015ften hemen sonra g\u00fcncellenmesini<\/strong> sa\u011flar. Kazanan kombinasyonlar\u0131, \u00f6d\u00fcl da\u011f\u0131l\u0131mlar\u0131n\u0131 veya ikramiye miktarlar\u0131n\u0131 kontrol ediyor olun, burada do\u011fru ve g\u00fcncel bilgiler bulacaks\u0131n\u0131z. Piyango oyuncular\u0131 i\u00e7in do\u011frulanm\u0131\u015f sonu\u00e7lar\u0131 h\u0131zl\u0131 bir \u015fekilde alman\u0131n ne kadar \u00f6nemli oldu\u011funu anl\u0131yoruz, bu y\u00fczden kullan\u0131c\u0131lar\u0131m\u0131za Eurojackpot sonu\u00e7lar\u0131n\u0131 iletmede <strong>h\u0131z ve do\u011frulu\u011fa<\/strong> \u00f6ncelik veriyoruz.<\/p>\n<h2>D\u00fcnk\u00fc Eurojackpot Sonu\u00e7lar\u0131 Nas\u0131l Kontrol Edilir?<\/h2>\n<p>Sadece g\u00fcncel sonu\u00e7lar\u0131 de\u011fil, <strong>ge\u00e7mi\u015f \u00e7ekili\u015flerden gelen ge\u00e7mi\u015f verileri<\/strong> de sundu\u011fumuz i\u00e7in <a href=\"https:\/\/lottomat.com\/tr\/\">Lottomat web sitemizde<\/a> d\u00fcnk\u00fc Eurojackpot sonu\u00e7lar\u0131n\u0131 da kontrol edebilirsiniz. Kapsaml\u0131 veri taban\u0131m\u0131z <strong>bug\u00fcnk\u00fc sonu\u00e7lar\u0131, d\u00fcnk\u00fc \u00e7ekili\u015fleri ve haftalar, aylar hatta y\u0131llar \u00f6ncesine ait sonu\u00e7lar\u0131<\/strong> i\u00e7erir. Bu kapsaml\u0131 ar\u015fiv, kal\u0131plar\u0131 takip etmenize, trendleri analiz etmenize ve sizi ilgilendiren herhangi bir \u00e7ekili\u015fi incelemenize olanak tan\u0131r. D\u00fcn biletlerinizi kontrol etmeyi ka\u00e7\u0131rm\u0131\u015f olun veya ge\u00e7mi\u015f kazanan numaralar\u0131 do\u011frulamak isteyin, platformumuz <strong>tam do\u011fruluk ve g\u00fcvenilirlikle<\/strong> t\u00fcm ge\u00e7mi\u015f Eurojackpot sonu\u00e7lar\u0131na kolay eri\u015fim sa\u011flar.<\/p>\n<h2>Ar\u015fivlenmi\u015f Eurojackpot Sonu\u00e7lar\u0131 Nas\u0131l Kontrol Edilir?<\/h2>\n<p>Ar\u015fivlenmi\u015f Eurojackpot sonu\u00e7lar\u0131n\u0131 g\u00f6rmek i\u00e7in Lottomat web sitesindeki sonu\u00e7lar takvimini kullanman\u0131z yeterlidir. En son \u00e7ekili\u015fin tarihinin alt\u0131nda yer al\u0131r. Tek yapman\u0131z gereken en \u00e7ok ilgilendi\u011finiz tarihi se\u00e7mek ve \u015fu ana kadarki oyun sonu\u00e7lar\u0131n\u0131 g\u00f6rmektir.<\/p>\n<h2><img loading=\"lazy\" decoding=\"async\" class=\"alignleft wp-image-257746\" src=\"https:\/\/lottomat.com\/wp-content\/uploads\/2025\/11\/Eurojackpot-tickets-1.webp\" alt=\"Eurojackpot biletleri\" width=\"200\" height=\"200\" srcset=\"https:\/\/lottomat.com\/wp-content\/uploads\/2025\/11\/Eurojackpot-tickets-1.webp 400w, https:\/\/lottomat.com\/wp-content\/uploads\/2025\/11\/Eurojackpot-tickets-1-300x300.webp 300w, https:\/\/lottomat.com\/wp-content\/uploads\/2025\/11\/Eurojackpot-tickets-1-150x150.webp 150w, https:\/\/lottomat.com\/wp-content\/uploads\/2025\/11\/Eurojackpot-tickets-1-100x100.webp 100w\" sizes=\"auto, (max-width: 200px) 100vw, 200px\" \/>Ar\u015fivlenmi\u015f \u00c7ekili\u015f Sonu\u00e7lar\u0131 ve Eurojackpot Kazanan Numaralar\u0131 Nas\u0131l Kullan\u0131l\u0131r?<\/h2>\n<p>En son ve ar\u015fivlenmi\u015f loto sonu\u00e7lar\u0131, \u00f6nceki \u00e7ekili\u015flerde hangi numaralar\u0131n \u00e7ekildi\u011fini, belirli bir piyangoda devir s\u0131kl\u0131\u011f\u0131n\u0131n ne oldu\u011funu, kazanan say\u0131s\u0131n\u0131 ve rekor kazan\u00e7lar\u0131 kontrol etmenize olanak tan\u0131r. T\u00fcm bunlar Eurojackpot oynama stratejisi olu\u015fturman\u0131z ve kendi numara se\u00e7im y\u00f6nteminizi geli\u015ftirmeniz i\u00e7indir. \u00d6te yandan, numaralar\u0131 daha h\u0131zl\u0131 se\u00e7mek ama yine de istatistikleri kullanmak istiyorsan\u0131z, Eurojackpot piyangolar\u0131nda en \u00e7ok ve en az \u00e7ekilen numaralar hakk\u0131ndaki ipu\u00e7lar\u0131m\u0131z\u0131 kullanmakta \u00f6zg\u00fcrs\u00fcn\u00fcz. Gerekli t\u00fcm veriler ve bilgiler Lottomat web sitesinde bulunabilir. Kendinizi piyangolarla s\u0131n\u0131rlamad\u0131\u011f\u0131n\u0131z\u0131 unutmay\u0131n. Bu da bahis yaparken mevcut t\u00fcm numara havuzundan se\u00e7im yapman\u0131n iyi bir fikir olmas\u0131n\u0131 sa\u011flar, \u00e7\u00fcnk\u00fc bu ana \u00f6d\u00fcl\u00fc kazanma \u015fans\u0131n\u0131z\u0131 art\u0131r\u0131r.<\/p>\n<h2>Eurojackpot&#8217;ta En S\u0131k \u00c7ekilen Numaralar Hangileridir?<\/h2>\n<p>Piyangonun 2012&#8217;de ba\u015flamas\u0131ndan bu yana Eurojackpot \u00e7ekili\u015flerinin istatistiksel analizine dayanarak, en s\u0131k \u00e7ekilen ana numaralar aras\u0131nda <strong>14, 16, 18, 19, 25, 33 ve 40<\/strong> yer almaktad\u0131r. Bu s\u0131cak numaralar piyangonun tarihi boyunca di\u011ferlerinden daha s\u0131k ortaya \u00e7\u0131km\u0131\u015ft\u0131r. Bonus Euro Numaralar\u0131na bak\u0131ld\u0131\u011f\u0131nda, <strong>5 ve 8 numaralar\u0131 en s\u0131k \u00e7ekildi: her biri 83 kez<\/strong>. Bir\u00e7ok piyango oyuncusu numara se\u00e7im stratejilerini bilgilendirmek i\u00e7in bu s\u0131cak numara istatistiklerini kullan\u0131r. Her numara teorik olarak \u00e7ekilme konusunda e\u015fit \u015fansa sahip olsa da, baz\u0131 oyuncular Eurojackpot se\u00e7imlerini yaparken bu s\u0131k g\u00f6r\u00fcnen numaralardan se\u00e7meyi tercih eder. <strong>Ge\u00e7mi\u015f s\u0131kl\u0131\u011f\u0131n gelecekteki sonu\u00e7lar\u0131 garanti etmedi\u011fini<\/strong> belirtmekte fayda var, ancak bu istatistikler piyango merakl\u0131lar\u0131 i\u00e7in ilgin\u00e7 i\u00e7g\u00f6r\u00fcler sa\u011flayabilir.<\/p>\n<h2>Eurojackpot&#8217;ta En Az S\u0131kl\u0131kla \u00c7ekilen Numaralar Hangileridir?<\/h2>\n<p>Yelpazenin di\u011fer ucunda, belirli numaralar Eurojackpot \u00e7ekili\u015flerinde daha az s\u0131kl\u0131kla g\u00f6r\u00fcl\u00fcr ve &#8220;so\u011fuk numaralar&#8221; tan\u0131m\u0131n\u0131 al\u0131rlar. En az s\u0131kl\u0131kla \u00e7ekilen Eurojackpot numaralar\u0131 \u015funlard\u0131r: <strong>48, 2, 36, 50 ve 24, 27 ve 31 aras\u0131nda beraberlik<\/strong>. En az \u00e7ekilen Euro numaralar\u0131 <strong>9 ve 10&#8217;dur<\/strong>. Baz\u0131 piyango oyuncular\u0131 bu so\u011fuk numaralar\u0131n yak\u0131nda g\u00f6r\u00fcnmesi &#8220;gerekti\u011fine&#8221; inan\u0131r, ancak <strong>her \u00e7ekili\u015fin tamamen rastgele ve ba\u011f\u0131ms\u0131z oldu\u011funu<\/strong> anlamak \u00f6nemlidir. Bu, piyango \u00e7ekili\u015flerinin nas\u0131l \u00e7al\u0131\u015ft\u0131\u011f\u0131 de\u011fildir &#8211; her \u00e7ekili\u015f tamamen rastgeledir ve \u00f6nceki \u00e7ekili\u015fle ba\u011flant\u0131l\u0131 de\u011fildir &#8211; yine de hangi numaralar\u0131n en az s\u0131kl\u0131kla g\u00f6r\u00fcnd\u00fc\u011f\u00fcn\u00fc bulmak e\u011flencelidir. S\u0131cak numaralar, so\u011fuk numaralar veya her ikisinin bir kar\u0131\u015f\u0131m\u0131n\u0131 se\u00e7in, <strong>piyango sonu\u00e7lar\u0131n\u0131n nihayetinde \u015fansa dayal\u0131 oldu\u011funu<\/strong> unutmay\u0131n.<\/p>\n<h2>En Son Eurojackpot \u00c7ekili\u015finde Ka\u00e7 Ki\u015fi Kazand\u0131?<img loading=\"lazy\" decoding=\"async\" class=\"alignright wp-image-257777\" src=\"https:\/\/lottomat.com\/wp-content\/uploads\/2025\/11\/play-Eurojackpot-1.webp\" alt=\"Eurojackpot oyna\" width=\"200\" height=\"200\" srcset=\"https:\/\/lottomat.com\/wp-content\/uploads\/2025\/11\/play-Eurojackpot-1.webp 400w, https:\/\/lottomat.com\/wp-content\/uploads\/2025\/11\/play-Eurojackpot-1-300x300.webp 300w, https:\/\/lottomat.com\/wp-content\/uploads\/2025\/11\/play-Eurojackpot-1-150x150.webp 150w, https:\/\/lottomat.com\/wp-content\/uploads\/2025\/11\/play-Eurojackpot-1-100x100.webp 100w\" sizes=\"auto, (max-width: 200px) 100vw, 200px\" \/><\/h2>\n<p>Web sitemizde, <strong>her \u00f6d\u00fcl katman\u0131nda \u00f6d\u00fcl kazanan ki\u015fi say\u0131s\u0131<\/strong> ve <strong>her \u00f6d\u00fcl\u00fcn euro cinsinden tam de\u011feri<\/strong> dahil olmak \u00fczere en son Eurojackpot \u00e7ekili\u015f sonu\u00e7lar\u0131 hakk\u0131nda kapsaml\u0131 bilgiler i\u00e7eren detayl\u0131 bir tablo bulacaks\u0131n\u0131z. Bu da\u011f\u0131l\u0131m, ikramiye kazanan\u0131ndan minimum kazanan kombinasyonu e\u015fle\u015ftirenler a\u015fa\u011f\u0131s\u0131na kadar t\u00fcm <strong>on iki \u00f6d\u00fcl kategorisindeki<\/strong> kazananlar\u0131 g\u00f6sterir. Bu bilgileri inceleyerek, <strong>oyuncular\u0131n Eurojackpot&#8217;ta t\u00fcm \u00f6d\u00fcl seviyelerinde ger\u00e7ekten d\u00fczenli olarak kazand\u0131\u011f\u0131n\u0131<\/strong> g\u00f6rebilirsiniz. \u00d6d\u00fcl da\u011f\u0131l\u0131m\u0131, alt kademe e\u015fle\u015fmeleri i\u00e7in bile <strong>kazanman\u0131n birden fazla yolu ve \u00f6nemli \u00f6d\u00fcllerle<\/strong> piyangonun \u00e7ekicili\u011fini g\u00f6sterir. Bu \u015feffafl\u0131k, oyuncular\u0131n \u015fanslar\u0131n\u0131 anlamalar\u0131na ve Eurojackpot \u00e7ekili\u015flerinin kat\u0131l\u0131mc\u0131 \u00fclkelerdeki kazananlar \u00fczerindeki ger\u00e7ek etkisini g\u00f6rmelerine yard\u0131mc\u0131 olur. En iyi e\u011flenceye kat\u0131lmaya haz\u0131r m\u0131s\u0131n\u0131z? Lottomat&#8217;ta <a href=\"https:\/\/lottomat.com\/tr\/oyna\/eurojackpot\/\">Eurojackpot&#8217;u \u00e7evrimi\u00e7i oynay\u0131n<\/a> ve b\u00fcy\u00fck kazan\u0131n.<\/p>\n<h2>Hi\u00e7bir Oyuncu \u0130kramiyeyi Kazanamazsa Ne Olur?<\/h2>\n<p>Hi\u00e7bir oyuncu be\u015f ana numaran\u0131n tamam\u0131 art\u0131 her iki Euro numaras\u0131n\u0131 e\u015fle\u015ftiremedi\u011finde, ikramiye miktar\u0131 <strong>bir sonraki \u00e7ekili\u015fe devredilir<\/strong> ve bu da devir veya birikim olarak bilinir. Bu s\u00fcre\u00e7, <strong>\u00f6d\u00fcl havuzunun birisi en b\u00fcy\u00fck \u00f6d\u00fcl\u00fc kazanana kadar s\u00fcrekli b\u00fcy\u00fcd\u00fc\u011f\u00fc<\/strong> anlam\u0131na gelir ve sonraki \u00e7ekili\u015fleri oyuncular i\u00e7in daha da heyecanl\u0131 hale getirir. Devir mekanizmas\u0131, ikramiyelerin \u00f6nemli miktarlara ula\u015fmas\u0131na izin verir ve <strong>maksimum ikramiye s\u0131n\u0131r\u0131 120 milyon \u20ac&#8217;ya ayarlanm\u0131\u015ft\u0131r<\/strong>. Bu maksimum miktara ula\u015f\u0131ld\u0131\u011f\u0131nda, ikramiyeye eklenecek olan ek fonlar bunun yerine bir sonraki \u00f6d\u00fcl kademesindeki kazananlar aras\u0131nda da\u011f\u0131t\u0131l\u0131r. Bu sistem, zaman i\u00e7inde muazzam \u00f6d\u00fcllerin birikmesini sa\u011flar ve Avrupa genelinde milyonlarca oyuncuyu \u00e7eken hayat de\u011fi\u015ftirici kazanma potansiyeli yarat\u0131r. Web sitemizde <a href=\"https:\/\/lottomat.com\/tr\/loto\/eurojackpot\/\">Eurojackpot \u00f6d\u00fclleri ve ikramiyesi<\/a> hakk\u0131nda daha fazlas\u0131n\u0131 okuyun.<\/p>\n<h2><img loading=\"lazy\" decoding=\"async\" class=\"alignleft wp-image-257807\" src=\"https:\/\/lottomat.com\/wp-content\/uploads\/2025\/11\/tickets-online.webp\" alt=\"\u00e7evrimi\u00e7i biletler\" width=\"200\" height=\"200\" srcset=\"https:\/\/lottomat.com\/wp-content\/uploads\/2025\/11\/tickets-online.webp 400w, https:\/\/lottomat.com\/wp-content\/uploads\/2025\/11\/tickets-online-300x300.webp 300w, https:\/\/lottomat.com\/wp-content\/uploads\/2025\/11\/tickets-online-150x150.webp 150w, https:\/\/lottomat.com\/wp-content\/uploads\/2025\/11\/tickets-online-100x100.webp 100w\" sizes=\"auto, (max-width: 200px) 100vw, 200px\" \/>Eurojackpot \u00c7ekili\u015f Sonu\u00e7lar\u0131 Tahmin Edilebilir mi?<\/h2>\n<p><strong>Hay\u0131r, Eurojackpot \u00e7ekili\u015f sonu\u00e7lar\u0131<\/strong> herhangi bir kesinlik derecesiyle tahmin edilemez. Piyango, her bir numara kombinasyonunun her \u00e7ekili\u015fte tam olarak ayn\u0131 matematiksel olas\u0131l\u0131\u011fa sahip oldu\u011fu <strong>tamamen rastgele bir \u00e7ekili\u015f sistemi<\/strong> kullan\u0131r. \u0130statistiksel analiz ge\u00e7mi\u015fte hangi numaralar\u0131n daha fazla veya daha az s\u0131kl\u0131kla \u00e7ekildi\u011fini g\u00f6sterebilse de, bu ge\u00e7mi\u015f veriler <strong>gelecekteki \u00e7ekili\u015fler \u00fczerinde hi\u00e7bir etkiye sahip de\u011fildir<\/strong>. Her Eurojackpot \u00e7ekili\u015fi <strong>ba\u011f\u0131ms\u0131z bir olayd\u0131r<\/strong>, yani \u00f6nceki sonu\u00e7lar yakla\u015fan \u00e7ekili\u015fleri etkilemez. Piyango numaralar\u0131n\u0131 tahmin etti\u011fini iddia eden herhangi bir sistem veya strateji temelde kusurludur, \u00e7\u00fcnk\u00fc <strong>ger\u00e7ek rastgelelik analiz veya kal\u0131plar yoluyla tahmin edilemez veya manip\u00fcle edilemez<\/strong>. Neyi bekliyorsunuz? Biletler ucuz ve \u015fanslar y\u00fcksek, bu y\u00fczden numaran\u0131z\u0131 se\u00e7meye haz\u0131rlan\u0131n ve bundan sonra ne olaca\u011f\u0131n\u0131 g\u00f6r\u00fcn. <strong><a href=\"https:\/\/lottomat.com\/tr\/oyna\/\">En b\u00fcy\u00fck ikramiyelerle \u00e7evrimi\u00e7i piyangolar\u0131m\u0131z\u0131n tam listesini de kontrol edebilirsiniz<\/a>!<\/strong><\/p>\n","protected":false},"excerpt":{"rendered":"<p>Eurojackpot biletleri sat\u0131n ald\u0131n\u0131z m\u0131 ve kazan\u0131p kazanmad\u0131\u011f\u0131n\u0131z\u0131 merak m\u0131 ediyorsunuz? \u00c7ekilen numaralar\u0131 \u00f6\u011frenene kadar her \u015fey olabilir ve bu web sitesinde piyango sonu\u00e7lar\u0131n\u0131 g\u00f6rebilirsiniz. Bunlar\u0131 Eurojackpot ev sahibinin web sitesinden mesaj ald\u0131ktan hemen sonra \u00e7ok h\u0131zl\u0131 bir \u015fekilde yay\u0131nl\u0131yoruz, b\u00f6ylece g\u00fcvenilir bir \u015fekilde onayland\u0131\u011f\u0131ndan ve %100 ger\u00e7ek oldu\u011fundan emin olabilirsiniz. Eurojackpot sonu\u00e7lar\u0131n\u0131 ve kazanan [&hellip;]<\/p>\n","protected":false},"author":1,"featured_media":0,"parent":240960,"menu_order":4,"comment_status":"closed","ping_status":"closed","template":"eurojackpot-results.php","meta":{"_et_pb_use_builder":"","_et_pb_old_content":"","_et_gb_content_width":"","exclude_from_search":false,"footnotes":""},"class_list":["post-240968","page","type-page","status-publish","hentry"],"yoast_head":"<!-- This site is optimized with the Yoast SEO plugin v23.8 - https:\/\/yoast.com\/wordpress\/plugins\/seo\/ -->\n<title>Eurojackpot Sonu\u00e7lar\u0131 - Eurojackpot Kazanan Numaralar\u0131 - LottoMat<\/title>\n<meta name=\"description\" content=\"En son Eurojackpot sonu\u00e7lar\u0131n\u0131 kontrol edin. Burada numaralar\u0131n\u0131z\u0131 resmi Eurojackpot kazanan numaralar\u0131yla kar\u015f\u0131la\u015ft\u0131rabilirsiniz.\" \/>\n<meta name=\"robots\" content=\"index, follow, max-snippet:-1, max-image-preview:large, max-video-preview:-1\" \/>\n<link rel=\"canonical\" href=\"https:\/\/lottomat.com\/tr\/sonuclar\/eurojackpot\/\" \/>\n<meta property=\"og:locale\" content=\"tr_TR\" \/>\n<meta property=\"og:type\" content=\"article\" \/>\n<meta property=\"og:title\" content=\"Eurojackpot Sonu\u00e7lar\u0131 - Eurojackpot Kazanan Numaralar\u0131 - LottoMat\" \/>\n<meta property=\"og:description\" content=\"En son Eurojackpot sonu\u00e7lar\u0131n\u0131 kontrol edin. Burada numaralar\u0131n\u0131z\u0131 resmi Eurojackpot kazanan numaralar\u0131yla kar\u015f\u0131la\u015ft\u0131rabilirsiniz.\" \/>\n<meta property=\"og:url\" content=\"https:\/\/lottomat.com\/tr\/sonuclar\/eurojackpot\/\" \/>\n<meta property=\"og:site_name\" content=\"Lottomat\" \/>\n<meta property=\"article:modified_time\" content=\"2026-02-13T13:28:14+00:00\" \/>\n<meta property=\"og:image\" content=\"https:\/\/lottomat.com\/wp-content\/uploads\/2025\/11\/Eurojackpot-online-1.webp\" \/>\n<meta name=\"twitter:card\" content=\"summary_large_image\" \/>\n<meta name=\"twitter:label1\" content=\"Tahmini okuma s\u00fcresi\" \/>\n\t<meta name=\"twitter:data1\" content=\"9 dakika\" \/>\n<script type=\"application\/ld+json\" class=\"yoast-schema-graph\">{\"@context\":\"https:\/\/schema.org\",\"@graph\":[{\"@type\":\"WebPage\",\"@id\":\"https:\/\/lottomat.com\/tr\/sonuclar\/eurojackpot\/\",\"url\":\"https:\/\/lottomat.com\/tr\/sonuclar\/eurojackpot\/\",\"name\":\"Eurojackpot Sonu\u00e7lar\u0131 - Eurojackpot Kazanan Numaralar\u0131 - LottoMat\",\"isPartOf\":{\"@id\":\"https:\/\/lottomat.com\/tr\/#website\"},\"primaryImageOfPage\":{\"@id\":\"https:\/\/lottomat.com\/tr\/sonuclar\/eurojackpot\/#primaryimage\"},\"image\":{\"@id\":\"https:\/\/lottomat.com\/tr\/sonuclar\/eurojackpot\/#primaryimage\"},\"thumbnailUrl\":\"https:\/\/lottomat.com\/wp-content\/uploads\/2025\/11\/Eurojackpot-online-1.webp\",\"datePublished\":\"2025-03-27T10:35:32+00:00\",\"dateModified\":\"2026-02-13T13:28:14+00:00\",\"description\":\"En son Eurojackpot sonu\u00e7lar\u0131n\u0131 kontrol edin. Burada numaralar\u0131n\u0131z\u0131 resmi Eurojackpot kazanan numaralar\u0131yla kar\u015f\u0131la\u015ft\u0131rabilirsiniz.\",\"breadcrumb\":{\"@id\":\"https:\/\/lottomat.com\/tr\/sonuclar\/eurojackpot\/#breadcrumb\"},\"inLanguage\":\"tr\",\"potentialAction\":[{\"@type\":\"ReadAction\",\"target\":[\"https:\/\/lottomat.com\/tr\/sonuclar\/eurojackpot\/\"]}]},{\"@type\":\"ImageObject\",\"inLanguage\":\"tr\",\"@id\":\"https:\/\/lottomat.com\/tr\/sonuclar\/eurojackpot\/#primaryimage\",\"url\":\"https:\/\/lottomat.com\/wp-content\/uploads\/2025\/11\/Eurojackpot-online-1.webp\",\"contentUrl\":\"https:\/\/lottomat.com\/wp-content\/uploads\/2025\/11\/Eurojackpot-online-1.webp\"},{\"@type\":\"BreadcrumbList\",\"@id\":\"https:\/\/lottomat.com\/tr\/sonuclar\/eurojackpot\/#breadcrumb\",\"itemListElement\":[{\"@type\":\"ListItem\",\"position\":1,\"name\":\"Home\",\"item\":\"https:\/\/lottomat.com\/tr\/\"},{\"@type\":\"ListItem\",\"position\":2,\"name\":\"En Son Piyango Sonu\u00e7lar\u0131 ve Kazanan Numaralar\",\"item\":\"https:\/\/lottomat.com\/tr\/sonuclar\/\"},{\"@type\":\"ListItem\",\"position\":3,\"name\":\"Eurojackpot Sonu\u00e7lar\u0131 ve Kazanan Numaralar\u0131\"}]},{\"@type\":\"WebSite\",\"@id\":\"https:\/\/lottomat.com\/tr\/#website\",\"url\":\"https:\/\/lottomat.com\/tr\/\",\"name\":\"Lottomat\",\"description\":\"\",\"potentialAction\":[{\"@type\":\"SearchAction\",\"target\":{\"@type\":\"EntryPoint\",\"urlTemplate\":\"https:\/\/lottomat.com\/tr\/?s={search_term_string}\"},\"query-input\":{\"@type\":\"PropertyValueSpecification\",\"valueRequired\":true,\"valueName\":\"search_term_string\"}}],\"inLanguage\":\"tr\"}]}<\/script>\n<!-- \/ Yoast SEO plugin. -->","yoast_head_json":{"title":"Eurojackpot Sonu\u00e7lar\u0131 - Eurojackpot Kazanan Numaralar\u0131 - LottoMat","description":"En son Eurojackpot sonu\u00e7lar\u0131n\u0131 kontrol edin. Burada numaralar\u0131n\u0131z\u0131 resmi Eurojackpot kazanan numaralar\u0131yla kar\u015f\u0131la\u015ft\u0131rabilirsiniz.","robots":{"index":"index","follow":"follow","max-snippet":"max-snippet:-1","max-image-preview":"max-image-preview:large","max-video-preview":"max-video-preview:-1"},"canonical":"https:\/\/lottomat.com\/tr\/sonuclar\/eurojackpot\/","og_locale":"tr_TR","og_type":"article","og_title":"Eurojackpot Sonu\u00e7lar\u0131 - Eurojackpot Kazanan Numaralar\u0131 - LottoMat","og_description":"En son Eurojackpot sonu\u00e7lar\u0131n\u0131 kontrol edin. Burada numaralar\u0131n\u0131z\u0131 resmi Eurojackpot kazanan numaralar\u0131yla kar\u015f\u0131la\u015ft\u0131rabilirsiniz.","og_url":"https:\/\/lottomat.com\/tr\/sonuclar\/eurojackpot\/","og_site_name":"Lottomat","article_modified_time":"2026-02-13T13:28:14+00:00","og_image":[{"url":"https:\/\/lottomat.com\/wp-content\/uploads\/2025\/11\/Eurojackpot-online-1.webp"}],"twitter_card":"summary_large_image","twitter_misc":{"Tahmini okuma s\u00fcresi":"9 dakika"},"schema":{"@context":"https:\/\/schema.org","@graph":[{"@type":"WebPage","@id":"https:\/\/lottomat.com\/tr\/sonuclar\/eurojackpot\/","url":"https:\/\/lottomat.com\/tr\/sonuclar\/eurojackpot\/","name":"Eurojackpot Sonu\u00e7lar\u0131 - Eurojackpot Kazanan Numaralar\u0131 - LottoMat","isPartOf":{"@id":"https:\/\/lottomat.com\/tr\/#website"},"primaryImageOfPage":{"@id":"https:\/\/lottomat.com\/tr\/sonuclar\/eurojackpot\/#primaryimage"},"image":{"@id":"https:\/\/lottomat.com\/tr\/sonuclar\/eurojackpot\/#primaryimage"},"thumbnailUrl":"https:\/\/lottomat.com\/wp-content\/uploads\/2025\/11\/Eurojackpot-online-1.webp","datePublished":"2025-03-27T10:35:32+00:00","dateModified":"2026-02-13T13:28:14+00:00","description":"En son Eurojackpot sonu\u00e7lar\u0131n\u0131 kontrol edin. Burada numaralar\u0131n\u0131z\u0131 resmi Eurojackpot kazanan numaralar\u0131yla kar\u015f\u0131la\u015ft\u0131rabilirsiniz.","breadcrumb":{"@id":"https:\/\/lottomat.com\/tr\/sonuclar\/eurojackpot\/#breadcrumb"},"inLanguage":"tr","potentialAction":[{"@type":"ReadAction","target":["https:\/\/lottomat.com\/tr\/sonuclar\/eurojackpot\/"]}]},{"@type":"ImageObject","inLanguage":"tr","@id":"https:\/\/lottomat.com\/tr\/sonuclar\/eurojackpot\/#primaryimage","url":"https:\/\/lottomat.com\/wp-content\/uploads\/2025\/11\/Eurojackpot-online-1.webp","contentUrl":"https:\/\/lottomat.com\/wp-content\/uploads\/2025\/11\/Eurojackpot-online-1.webp"},{"@type":"BreadcrumbList","@id":"https:\/\/lottomat.com\/tr\/sonuclar\/eurojackpot\/#breadcrumb","itemListElement":[{"@type":"ListItem","position":1,"name":"Home","item":"https:\/\/lottomat.com\/tr\/"},{"@type":"ListItem","position":2,"name":"En Son Piyango Sonu\u00e7lar\u0131 ve Kazanan Numaralar","item":"https:\/\/lottomat.com\/tr\/sonuclar\/"},{"@type":"ListItem","position":3,"name":"Eurojackpot Sonu\u00e7lar\u0131 ve Kazanan Numaralar\u0131"}]},{"@type":"WebSite","@id":"https:\/\/lottomat.com\/tr\/#website","url":"https:\/\/lottomat.com\/tr\/","name":"Lottomat","description":"","potentialAction":[{"@type":"SearchAction","target":{"@type":"EntryPoint","urlTemplate":"https:\/\/lottomat.com\/tr\/?s={search_term_string}"},"query-input":{"@type":"PropertyValueSpecification","valueRequired":true,"valueName":"search_term_string"}}],"inLanguage":"tr"}]}},"_links":{"self":[{"href":"https:\/\/lottomat.com\/tr\/wp-json\/wp\/v2\/pages\/240968","targetHints":{"allow":["GET"]}}],"collection":[{"href":"https:\/\/lottomat.com\/tr\/wp-json\/wp\/v2\/pages"}],"about":[{"href":"https:\/\/lottomat.com\/tr\/wp-json\/wp\/v2\/types\/page"}],"author":[{"embeddable":true,"href":"https:\/\/lottomat.com\/tr\/wp-json\/wp\/v2\/users\/1"}],"replies":[{"embeddable":true,"href":"https:\/\/lottomat.com\/tr\/wp-json\/wp\/v2\/comments?post=240968"}],"version-history":[{"count":2,"href":"https:\/\/lottomat.com\/tr\/wp-json\/wp\/v2\/pages\/240968\/revisions"}],"predecessor-version":[{"id":271027,"href":"https:\/\/lottomat.com\/tr\/wp-json\/wp\/v2\/pages\/240968\/revisions\/271027"}],"up":[{"embeddable":true,"href":"https:\/\/lottomat.com\/tr\/wp-json\/wp\/v2\/pages\/240960"}],"wp:attachment":[{"href":"https:\/\/lottomat.com\/tr\/wp-json\/wp\/v2\/media?parent=240968"}],"curies":[{"name":"wp","href":"https:\/\/api.w.org\/{rel}","templated":true}]}}