{"id":240967,"date":"2025-04-07T19:24:29","date_gmt":"2025-04-07T19:24:29","guid":{"rendered":"https:\/\/lottomat.net\/piyango-sonuclari\/mega-millions-sonuclari\/"},"modified":"2026-02-13T12:58:28","modified_gmt":"2026-02-13T12:58:28","slug":"mega-millions","status":"publish","type":"page","link":"https:\/\/lottomat.com\/tr\/sonuclar\/mega-millions\/","title":{"rendered":"Mega Millions Sonu\u00e7lar\u0131 ve Kazanan Say\u0131lar"},"content":{"rendered":"\n\n<div class=\"kk-star-ratings kksr-auto kksr-align-left kksr-valign-top\"\n    data-payload='{&quot;align&quot;:&quot;left&quot;,&quot;id&quot;:&quot;240967&quot;,&quot;slug&quot;:&quot;default&quot;,&quot;valign&quot;:&quot;top&quot;,&quot;ignore&quot;:&quot;&quot;,&quot;reference&quot;:&quot;auto&quot;,&quot;class&quot;:&quot;&quot;,&quot;count&quot;:&quot;0&quot;,&quot;legendonly&quot;:&quot;&quot;,&quot;readonly&quot;:&quot;&quot;,&quot;score&quot;:&quot;0&quot;,&quot;starsonly&quot;:&quot;&quot;,&quot;best&quot;:&quot;5&quot;,&quot;gap&quot;:&quot;5&quot;,&quot;greet&quot;:&quot;Rate this page&quot;,&quot;legend&quot;:&quot;0\\\/5 - (0 votes)&quot;,&quot;size&quot;:&quot;30&quot;,&quot;title&quot;:&quot;Mega Millions Sonu\u00e7lar\u0131 ve Kazanan Say\u0131lar&quot;,&quot;width&quot;:&quot;0&quot;,&quot;_legend&quot;:&quot;{score}\\\/{best} - ({count} {votes})&quot;,&quot;font_factor&quot;:&quot;1.25&quot;}'>\n            \n<div class=\"kksr-stars\">\n    \n<div class=\"kksr-stars-inactive\">\n            <div class=\"kksr-star\" data-star=\"1\" style=\"padding-right: 5px\">\n            \n\n<div class=\"kksr-icon\" style=\"width: 30px; height: 30px;\"><\/div>\n        <\/div>\n            <div class=\"kksr-star\" data-star=\"2\" style=\"padding-right: 5px\">\n            \n\n<div class=\"kksr-icon\" style=\"width: 30px; height: 30px;\"><\/div>\n        <\/div>\n            <div class=\"kksr-star\" data-star=\"3\" style=\"padding-right: 5px\">\n            \n\n<div class=\"kksr-icon\" style=\"width: 30px; height: 30px;\"><\/div>\n        <\/div>\n            <div class=\"kksr-star\" data-star=\"4\" style=\"padding-right: 5px\">\n            \n\n<div class=\"kksr-icon\" style=\"width: 30px; height: 30px;\"><\/div>\n        <\/div>\n            <div class=\"kksr-star\" data-star=\"5\" style=\"padding-right: 5px\">\n            \n\n<div class=\"kksr-icon\" style=\"width: 30px; height: 30px;\"><\/div>\n        <\/div>\n    <\/div>\n    \n<div class=\"kksr-stars-active\" style=\"width: 0px;\">\n            <div class=\"kksr-star\" style=\"padding-right: 5px\">\n            \n\n<div class=\"kksr-icon\" style=\"width: 30px; height: 30px;\"><\/div>\n        <\/div>\n            <div class=\"kksr-star\" style=\"padding-right: 5px\">\n            \n\n<div class=\"kksr-icon\" style=\"width: 30px; height: 30px;\"><\/div>\n        <\/div>\n            <div class=\"kksr-star\" style=\"padding-right: 5px\">\n            \n\n<div class=\"kksr-icon\" style=\"width: 30px; height: 30px;\"><\/div>\n        <\/div>\n            <div class=\"kksr-star\" style=\"padding-right: 5px\">\n            \n\n<div class=\"kksr-icon\" style=\"width: 30px; height: 30px;\"><\/div>\n        <\/div>\n            <div class=\"kksr-star\" style=\"padding-right: 5px\">\n            \n\n<div class=\"kksr-icon\" style=\"width: 30px; height: 30px;\"><\/div>\n        <\/div>\n    <\/div>\n<\/div>\n                \n\n<div class=\"kksr-legend\" style=\"font-size: 24px;\">\n            <span class=\"kksr-muted\">Rate this page<\/span>\n    <\/div>\n    <\/div>\n<p>Mega Millions piyango biletleri sat\u0131n al\u0131n\u0131r, Mega Millions kazanan say\u0131lar\u0131 se\u00e7ilir ve siz sadece milyonerler grubuna kat\u0131l\u0131rsan\u0131z ger\u00e7ekle\u015fecek mutlu planlara ve hayallere odaklan\u0131rs\u0131n\u0131z. Bunda yanl\u0131\u015f bir \u015fey yok, hepimizin hayalleri var. Muhtemelen her oyuncunun d\u00fc\u015f\u00fcnceleri, Mega Millions \u00e7ekili\u015f sonu\u00e7lar\u0131n\u0131 \u00f6\u011frenmeden \u00f6nce kazanmak etraf\u0131nda d\u00f6n\u00fcyor ve <strong>Mega Millions ger\u00e7ekten \u00e7ok \u015fey verebilecek bir oyundur<\/strong>.<\/p>\n<h2>Mega Millions Say\u0131lar\u0131yla Kazanmak M\u00fcmk\u00fcn m\u00fc?<img loading=\"lazy\" decoding=\"async\" class=\"alignright wp-image-251955\" src=\"https:\/\/lottomat.com\/wp-content\/uploads\/2025\/10\/Mega-Millions-winning-numbers.webp\" alt=\"Mega Millions kazanan say\u0131lar\" width=\"200\" height=\"200\" srcset=\"https:\/\/lottomat.com\/wp-content\/uploads\/2025\/10\/Mega-Millions-winning-numbers.webp 400w, https:\/\/lottomat.com\/wp-content\/uploads\/2025\/10\/Mega-Millions-winning-numbers-300x300.webp 300w, https:\/\/lottomat.com\/wp-content\/uploads\/2025\/10\/Mega-Millions-winning-numbers-150x150.webp 150w, https:\/\/lottomat.com\/wp-content\/uploads\/2025\/10\/Mega-Millions-winning-numbers-100x100.webp 100w\" sizes=\"auto, (max-width: 200px) 100vw, 200px\" \/><\/h2>\n<p><a href=\"https:\/\/lottomat.com\/tr\/sonuclar\/\">G\u00fcncel piyango \u00e7ekili\u015f sonu\u00e7lar\u0131n\u0131 kontrol<\/a> edene kadar hayal kurabilirsiniz, ancak bu g\u00fczel hayali ger\u00e7e\u011fe d\u00f6n\u00fc\u015ft\u00fcrebilecek olan sadece se\u00e7ti\u011finiz say\u0131lar\u0131n \u00e7ekilmesidir, bu y\u00fczden beklemenin bir anlam\u0131 yok &#8211; sadece oynay\u0131n ve kontrol edin. \u00c7ekili\u015ften sonra yapman\u0131z gereken tek \u015fey, Mega Millions i\u00e7in <a href=\"https:\/\/lottomat.com\/tr\/\">LottoMat web sitesinin<\/a> sonu\u00e7lar sayfas\u0131n\u0131 ziyaret etmek ve bu belirli \u00e7ekili\u015fte hangi say\u0131lar\u0131n kazand\u0131\u011f\u0131n\u0131 g\u00f6rmektir, e\u011fer biletinizle e\u015fle\u015fiyorlarsa bu <a href=\"https:\/\/lottomat.com\/tr\/loto\/mega-millions\/\">Mega Millions \u00f6d\u00fclleri ve b\u00fcy\u00fck ikramiye<\/a> kazananlar\u0131 aras\u0131nda oldu\u011funuz anlam\u0131na gelir. <strong>Mega Millions piyango \u00e7ekili\u015fi d\u00fczenli olarak haftada iki kez, her \u00c7ar\u015famba ve Cumartesi saat 03:00 UTC&#8217;de ger\u00e7ekle\u015fir<\/strong>. G\u00fcncel Mega Millions sonu\u00e7lar\u0131n\u0131 \u00e7ekili\u015f biter bitmez online olarak yay\u0131nl\u0131yoruz ve bunlar piyango ev sahibinin resmi bilgilerinden gelir, bu da onlar\u0131 %100 test edilmi\u015f ve g\u00fcvenilir k\u0131lar. Ak\u0131lda tutulmas\u0131 gereken tek \u015fey, saat dilimini yerel saat diliminize g\u00f6re ayarlamakt\u0131r.<\/p>\n<h2>Bug\u00fcnk\u00fc Mega Millions Sonu\u00e7lar\u0131 Nas\u0131l Kontrol Edilir?<\/h2>\n<p><strong>G\u00fcncel Mega Millions sonu\u00e7lar\u0131, her \u00e7ekili\u015f sona erdi\u011finde hemen LottoMat web sitesinde kolayca mevcuttur<\/strong>. Yay\u0131nlanan t\u00fcm sonu\u00e7lar do\u011frudan resmi piyango kaynaklar\u0131ndan gelir ve tam do\u011fruluk ve g\u00fcvenilirlik sa\u011flar. En son kazanan say\u0131lara \u00f6zel Mega Millions sonu\u00e7lar sayfam\u0131z\u0131 ziyaret ederek ula\u015fabilirsiniz. Sonu\u00e7lar her \u00e7ekili\u015fin ard\u0131ndan ger\u00e7ek zamanl\u0131 olarak g\u00fcncellenir, b\u00f6ylece her zaman en g\u00fcncel bilgilere eri\u015febilirsiniz. Say\u0131lar\u0131n\u0131z\u0131n sizi bir sonraki Mega Millions kazanan\u0131 yap\u0131p yapmad\u0131\u011f\u0131n\u0131 ke\u015ffetmek i\u00e7in sadece sonu\u00e7lar b\u00f6l\u00fcm\u00fcm\u00fcze gidin.<\/p>\n<h2><img loading=\"lazy\" decoding=\"async\" class=\"alignleft wp-image-251985\" src=\"https:\/\/lottomat.com\/wp-content\/uploads\/2025\/10\/Mega-Millions-results.webp\" alt=\"Mega Millions sonu\u00e7lar\u0131\" width=\"200\" height=\"200\" srcset=\"https:\/\/lottomat.com\/wp-content\/uploads\/2025\/10\/Mega-Millions-results.webp 400w, https:\/\/lottomat.com\/wp-content\/uploads\/2025\/10\/Mega-Millions-results-300x300.webp 300w, https:\/\/lottomat.com\/wp-content\/uploads\/2025\/10\/Mega-Millions-results-150x150.webp 150w, https:\/\/lottomat.com\/wp-content\/uploads\/2025\/10\/Mega-Millions-results-100x100.webp 100w\" sizes=\"auto, (max-width: 200px) 100vw, 200px\" \/>Ge\u00e7mi\u015f Mega Millions Sonu\u00e7lar\u0131 ve Kazanan Say\u0131lar Nas\u0131l Kontrol Edilir?<\/h2>\n<p>Ar\u015fivlenmi\u015f piyango sonu\u00e7lar\u0131n\u0131n bir\u00e7o\u011fumuz i\u00e7in ne kadar \u00f6nemli oldu\u011funu biliyoruz, \u00e7\u00fcnk\u00fc baz\u0131lar\u0131n\u0131z sonraki \u00e7ekili\u015fler i\u00e7in stratejilerini bunlar \u00fczerine kurar. Bunlar\u0131 kullanmak i\u00e7in yapman\u0131z gereken tek \u015fey sonu\u00e7lar takvimimize gitmektir. \u00dcst k\u0131s\u0131mda sa\u011f tarafta mevcuttur. Bir tarihe t\u0131klad\u0131ktan sonra, serbest\u00e7e di\u011fer d\u00f6nemlere ge\u00e7ebilirsiniz. <strong>Orada son haftalarda \u00e7ekilen Mega Millions kazanan say\u0131lar\u0131n\u0131 kontrol edebilir ve biletlerde \u00e7e\u015fitli say\u0131 se\u00e7iminin ne kadar \u00f6nemli oldu\u011funu g\u00f6rebilirsiniz<\/strong>.<\/p>\n<h2>Mega Millions Kazanan Say\u0131lar Ar\u015fivi Nas\u0131l Kullan\u0131l\u0131r?<\/h2>\n<p>Mega Millions sonu\u00e7lar\u0131n\u0131n ge\u00e7mi\u015f ar\u015fivi, kal\u0131plar\u0131 analiz etmek ve oyun stratejilerini geli\u015ftirmek isteyen oyuncular i\u00e7in de\u011ferli bir ara\u00e7t\u0131r. Ge\u00e7mi\u015f \u00e7ekili\u015fleri inceleyerek, say\u0131 s\u0131kl\u0131\u011f\u0131ndaki e\u011filimleri belirleyebilir ve say\u0131 se\u00e7imleriniz hakk\u0131nda daha bilin\u00e7li kararlar verebilirsiniz. <strong>Ar\u015fiv, hangi say\u0131lar\u0131n s\u0131kl\u0131kla birlikte g\u00f6r\u00fcnd\u00fc\u011f\u00fcn\u00fc takip etmenize olanak tan\u0131r ve zaman i\u00e7inde oyunun kal\u0131plar\u0131n\u0131 anlaman\u0131za yard\u0131mc\u0131 olur<\/strong>. Bir\u00e7ok ba\u015far\u0131l\u0131 oyuncu, say\u0131 se\u00e7imlerine sistematik yakla\u015f\u0131mlar olu\u015fturmak i\u00e7in bu ge\u00e7mi\u015f verileri kullan\u0131r, ancak her \u00e7ekili\u015fin ba\u011f\u0131ms\u0131z ve rastgele oldu\u011funu hat\u0131rlamak \u00f6nemlidir. Ar\u015fiv, birden \u00e7ok kez \u00e7ekilen say\u0131 kombinasyonlar\u0131 hakk\u0131nda bilgiler sa\u011flar ve kendi se\u00e7im metodolojinizi olu\u015fturmak i\u00e7in bir temel verir. Ancak, piyango oyunlar\u0131nda ge\u00e7mi\u015f performans gelecekteki sonu\u00e7lar\u0131 garanti etmez.<\/p>\n<h2>Mega Millions&#8217;da En \u00c7ok \u00c7ekilen Say\u0131lar Nelerdir?<img loading=\"lazy\" decoding=\"async\" class=\"alignright wp-image-252015\" src=\"https:\/\/lottomat.com\/wp-content\/uploads\/2025\/10\/drawing-results.webp\" alt=\"\u00e7ekili\u015f sonu\u00e7lar\u0131\" width=\"200\" height=\"200\" srcset=\"https:\/\/lottomat.com\/wp-content\/uploads\/2025\/10\/drawing-results.webp 400w, https:\/\/lottomat.com\/wp-content\/uploads\/2025\/10\/drawing-results-300x300.webp 300w, https:\/\/lottomat.com\/wp-content\/uploads\/2025\/10\/drawing-results-150x150.webp 150w, https:\/\/lottomat.com\/wp-content\/uploads\/2025\/10\/drawing-results-100x100.webp 100w\" sizes=\"auto, (max-width: 200px) 100vw, 200px\" \/><\/h2>\n<p>Daha \u00f6nce \u00e7ekilen say\u0131lar\u0131 kullanarak iyi bir strateji haz\u0131rlamaktan bahsetmi\u015ftik, ancak belirli say\u0131lar\u0131n \u00e7ekilmesi i\u00e7in istatistikler \u015feklinde e\u015fit derecede iyi bir destek var. Baz\u0131 say\u0131lar\u0131n di\u011ferlerinden \u00e7ok daha s\u0131k \u00e7ekildi\u011fi ortaya \u00e7\u0131k\u0131yor. LottoMat web sitesinde, her piyango i\u00e7in t\u00fcm bu bilgileri bulacaks\u0131n\u0131z. <strong>Mega Millions i\u00e7in en \u00e7ok \u00e7ekilen say\u0131lar: 29, 4, 48 ve 36&#8217;d\u0131r<\/strong>. 48 numaras\u0131 2005&#8217;ten bu yana zaten 80 kez \u00e7ekildi. <strong>Mega Ball i\u00e7in en \u00e7ok \u00e7ekilen say\u0131lar ise 35, 9, 36 ve 7&#8217;dir<\/strong>. Size en karl\u0131 Mega Millions sonu\u00e7lar\u0131ndan ba\u015fka bir \u015fey dilemiyoruz!<\/p>\n<h2>Mega Millions&#8217;da En Az \u00c7ekilen Say\u0131lar Nelerdir?<\/h2>\n<p>Baz\u0131 say\u0131lar Mega Millions \u00e7ekili\u015flerinde s\u0131kl\u0131kla g\u00f6r\u00fcn\u00fcrken, di\u011ferleri daha az \u00e7ekiliyor gibi g\u00f6r\u00fcn\u00fcyor ve bu da oyuncular\u0131n &#8220;so\u011fuk&#8221; say\u0131lar dedi\u011fi \u015feyi yarat\u0131yor. <strong>Bu daha az s\u0131kl\u0131kla \u00e7ekilen say\u0131lar, dengeli bir piyango stratejisi olu\u015fturmada ayn\u0131 derecede de\u011ferli olabilir<\/strong>. Baz\u0131 oyuncular, g\u00f6r\u00fcnmeleri &#8220;gerekti\u011fine&#8221; inanarak bu nadiren \u00e7ekilen say\u0131lar\u0131 se\u00e7imlerine dahil etmeyi tercih eder. <strong>Mega Millions ge\u00e7mi\u015finde en az \u00e7ekilen ana say\u0131lar 50, 51, 65, 66 ve 67&#8217;yi i\u00e7erir<\/strong>. Bu say\u0131lar, en s\u0131k \u00e7ekilen say\u0131lara k\u0131yasla \u00f6nemli \u00f6l\u00e7\u00fcde daha az kez \u00e7ekildi, baz\u0131lar\u0131 oyunun tarihi boyunca sadece 66-84 kez g\u00f6r\u00fcnd\u00fc. Mega Ball say\u0131lar\u0131 aras\u0131nda, 15 gibi belirli say\u0131lar ve daha y\u00fcksek numaral\u0131 toplar son \u00e7ekili\u015flerde daha az s\u0131kl\u0131kla g\u00f6r\u00fcnme e\u011filimindedir. Tarihsel olarak en az \u00e7ekilen ana say\u0131lar, mevcut aral\u0131ktan birka\u00e7 y\u00fcksek say\u0131 i\u00e7erir, ancak belirli say\u0131lar daha fazla \u00e7ekili\u015f ger\u00e7ekle\u015ftik\u00e7e zaman i\u00e7inde de\u011fi\u015fir. <strong>50 numaras\u0131, oyunun ba\u015flang\u0131c\u0131ndan bu yana sadece 66 kez \u00e7ekilerek en so\u011fuk say\u0131lardan biri olarak \u00f6ne \u00e7\u0131k\u0131yor<\/strong>. Ger\u00e7ek anlamda rastgele bir sistemde, tarihsel s\u0131kl\u0131klar\u0131na bak\u0131lmaks\u0131z\u0131n t\u00fcm say\u0131lar\u0131n herhangi bir \u00e7ekili\u015fte \u00e7ekilme olas\u0131l\u0131\u011f\u0131n\u0131n e\u015fit oldu\u011funu belirtmekte fayda var.<\/p>\n<h2><img loading=\"lazy\" decoding=\"async\" class=\"alignleft wp-image-252045\" src=\"https:\/\/lottomat.com\/wp-content\/uploads\/2025\/10\/Mega-Millions-draw.webp\" alt=\"Mega Millions \u00e7ekili\u015fi\" width=\"200\" height=\"200\" srcset=\"https:\/\/lottomat.com\/wp-content\/uploads\/2025\/10\/Mega-Millions-draw.webp 400w, https:\/\/lottomat.com\/wp-content\/uploads\/2025\/10\/Mega-Millions-draw-300x300.webp 300w, https:\/\/lottomat.com\/wp-content\/uploads\/2025\/10\/Mega-Millions-draw-150x150.webp 150w, https:\/\/lottomat.com\/wp-content\/uploads\/2025\/10\/Mega-Millions-draw-100x100.webp 100w\" sizes=\"auto, (max-width: 200px) 100vw, 200px\" \/>Mega Millions Sonu\u00e7lar\u0131 Tahmin Edilebilir mi?<\/h2>\n<p>Piyango sonu\u00e7lar\u0131n\u0131n tahmin edilip edilemeyece\u011fi sorusu, nesiller boyu oyuncular\u0131 b\u00fcy\u00fclemi\u015ftir. <strong>Mega Millions \u00e7ekili\u015fleri sertifikal\u0131 rastgele say\u0131 \u00fcretim y\u00f6ntemleri kullan\u0131larak yap\u0131l\u0131r ve bu da ger\u00e7ek tahmini matematiksel olarak imkans\u0131z k\u0131lar<\/strong>. Her top, en son ne zaman \u00e7ekildi\u011fine bak\u0131lmaks\u0131z\u0131n, her \u00e7ekili\u015fte se\u00e7ilmek i\u00e7in e\u015fit \u015fansa sahiptir. Ge\u00e7mi\u015f sonu\u00e7lar\u0131n istatistiksel analizi ilgin\u00e7 kal\u0131plar ve s\u0131kl\u0131klar ortaya \u00e7\u0131karabilirken, bu kal\u0131plar gelecekteki sonu\u00e7lar\u0131 g\u00fcvenilir bir \u015fekilde tahmin edemez. Piyango \u00e7ekili\u015flerinin rastgele do\u011fas\u0131, ister 1-2-3-4-5 gibi bir s\u0131ra olsun ister g\u00f6r\u00fcn\u00fc\u015fte rastgele bir say\u0131 kar\u0131\u015f\u0131m\u0131 olsun, herhangi bir say\u0131 kombinasyonunun kazanma olas\u0131l\u0131\u011f\u0131n\u0131n di\u011ferleriyle ayn\u0131 oldu\u011fu anlam\u0131na gelir. <strong>En iyi yakla\u015f\u0131m, <a href=\"https:\/\/lottomat.com\/tr\/oyna\/mega-millions\/\">Mega Millions&#8217;\u0131 online oynamak<\/a> ve piyango oyunlar\u0131n\u0131n beceri veya tahmin de\u011fil, \u015fans oyunlar\u0131 olacak \u015fekilde tasarland\u0131\u011f\u0131n\u0131 hat\u0131rlamakt\u0131r<\/strong>. Sonnet 4.5Extended<\/p>\n","protected":false},"excerpt":{"rendered":"<p>Mega Millions piyango biletleri sat\u0131n al\u0131n\u0131r, Mega Millions kazanan say\u0131lar\u0131 se\u00e7ilir ve siz sadece milyonerler grubuna kat\u0131l\u0131rsan\u0131z ger\u00e7ekle\u015fecek mutlu planlara ve hayallere odaklan\u0131rs\u0131n\u0131z. Bunda yanl\u0131\u015f bir \u015fey yok, hepimizin hayalleri var. Muhtemelen her oyuncunun d\u00fc\u015f\u00fcnceleri, Mega Millions \u00e7ekili\u015f sonu\u00e7lar\u0131n\u0131 \u00f6\u011frenmeden \u00f6nce kazanmak etraf\u0131nda d\u00f6n\u00fcyor ve Mega Millions ger\u00e7ekten \u00e7ok \u015fey verebilecek bir oyundur. Mega Millions [&hellip;]<\/p>\n","protected":false},"author":1,"featured_media":0,"parent":240960,"menu_order":2,"comment_status":"closed","ping_status":"closed","template":"megamillion-results.php","meta":{"_et_pb_use_builder":"","_et_pb_old_content":"","_et_gb_content_width":"","exclude_from_search":false,"footnotes":""},"class_list":["post-240967","page","type-page","status-publish","hentry"],"yoast_head":"<!-- This site is optimized with the Yoast SEO plugin v23.8 - https:\/\/yoast.com\/wordpress\/plugins\/seo\/ -->\n<title>Mega Millions Sonu\u00e7lar\u0131 ve Kazanan Say\u0131lar - Lottomat<\/title>\n<meta name=\"description\" content=\"En son Mega Millions sonu\u00e7lar\u0131n\u0131 ve kazanan say\u0131lar\u0131 burada kontrol edin. Son Mega Millions piyango \u00e7ekili\u015finde hangi say\u0131lar\u0131n \u00e7ekildi\u011fini do\u011frulay\u0131n.\" \/>\n<meta name=\"robots\" content=\"index, follow, max-snippet:-1, max-image-preview:large, max-video-preview:-1\" \/>\n<link rel=\"canonical\" href=\"https:\/\/lottomat.com\/tr\/sonuclar\/mega-millions\/\" \/>\n<meta property=\"og:locale\" content=\"tr_TR\" \/>\n<meta property=\"og:type\" content=\"article\" \/>\n<meta property=\"og:title\" content=\"Mega Millions Sonu\u00e7lar\u0131 ve Kazanan Say\u0131lar - Lottomat\" \/>\n<meta property=\"og:description\" content=\"En son Mega Millions sonu\u00e7lar\u0131n\u0131 ve kazanan say\u0131lar\u0131 burada kontrol edin. Son Mega Millions piyango \u00e7ekili\u015finde hangi say\u0131lar\u0131n \u00e7ekildi\u011fini do\u011frulay\u0131n.\" \/>\n<meta property=\"og:url\" content=\"https:\/\/lottomat.com\/tr\/sonuclar\/mega-millions\/\" \/>\n<meta property=\"og:site_name\" content=\"Lottomat\" \/>\n<meta property=\"article:modified_time\" content=\"2026-02-13T12:58:28+00:00\" \/>\n<meta property=\"og:image\" content=\"https:\/\/lottomat.com\/wp-content\/uploads\/2025\/10\/Mega-Millions-winning-numbers.webp\" \/>\n<meta name=\"twitter:card\" content=\"summary_large_image\" \/>\n<meta name=\"twitter:label1\" content=\"Tahmini okuma s\u00fcresi\" \/>\n\t<meta name=\"twitter:data1\" content=\"5 dakika\" \/>\n<script type=\"application\/ld+json\" class=\"yoast-schema-graph\">{\"@context\":\"https:\/\/schema.org\",\"@graph\":[{\"@type\":\"WebPage\",\"@id\":\"https:\/\/lottomat.com\/tr\/sonuclar\/mega-millions\/\",\"url\":\"https:\/\/lottomat.com\/tr\/sonuclar\/mega-millions\/\",\"name\":\"Mega Millions Sonu\u00e7lar\u0131 ve Kazanan Say\u0131lar - Lottomat\",\"isPartOf\":{\"@id\":\"https:\/\/lottomat.com\/tr\/#website\"},\"primaryImageOfPage\":{\"@id\":\"https:\/\/lottomat.com\/tr\/sonuclar\/mega-millions\/#primaryimage\"},\"image\":{\"@id\":\"https:\/\/lottomat.com\/tr\/sonuclar\/mega-millions\/#primaryimage\"},\"thumbnailUrl\":\"https:\/\/lottomat.com\/wp-content\/uploads\/2025\/10\/Mega-Millions-winning-numbers.webp\",\"datePublished\":\"2025-04-07T19:24:29+00:00\",\"dateModified\":\"2026-02-13T12:58:28+00:00\",\"description\":\"En son Mega Millions sonu\u00e7lar\u0131n\u0131 ve kazanan say\u0131lar\u0131 burada kontrol edin. Son Mega Millions piyango \u00e7ekili\u015finde hangi say\u0131lar\u0131n \u00e7ekildi\u011fini do\u011frulay\u0131n.\",\"breadcrumb\":{\"@id\":\"https:\/\/lottomat.com\/tr\/sonuclar\/mega-millions\/#breadcrumb\"},\"inLanguage\":\"tr\",\"potentialAction\":[{\"@type\":\"ReadAction\",\"target\":[\"https:\/\/lottomat.com\/tr\/sonuclar\/mega-millions\/\"]}]},{\"@type\":\"ImageObject\",\"inLanguage\":\"tr\",\"@id\":\"https:\/\/lottomat.com\/tr\/sonuclar\/mega-millions\/#primaryimage\",\"url\":\"https:\/\/lottomat.com\/wp-content\/uploads\/2025\/10\/Mega-Millions-winning-numbers.webp\",\"contentUrl\":\"https:\/\/lottomat.com\/wp-content\/uploads\/2025\/10\/Mega-Millions-winning-numbers.webp\"},{\"@type\":\"BreadcrumbList\",\"@id\":\"https:\/\/lottomat.com\/tr\/sonuclar\/mega-millions\/#breadcrumb\",\"itemListElement\":[{\"@type\":\"ListItem\",\"position\":1,\"name\":\"Home\",\"item\":\"https:\/\/lottomat.com\/tr\/\"},{\"@type\":\"ListItem\",\"position\":2,\"name\":\"En Son Piyango Sonu\u00e7lar\u0131 ve Kazanan Numaralar\",\"item\":\"https:\/\/lottomat.com\/tr\/sonuclar\/\"},{\"@type\":\"ListItem\",\"position\":3,\"name\":\"Mega Millions Sonu\u00e7lar\u0131 ve Kazanan Say\u0131lar\"}]},{\"@type\":\"WebSite\",\"@id\":\"https:\/\/lottomat.com\/tr\/#website\",\"url\":\"https:\/\/lottomat.com\/tr\/\",\"name\":\"Lottomat\",\"description\":\"\",\"potentialAction\":[{\"@type\":\"SearchAction\",\"target\":{\"@type\":\"EntryPoint\",\"urlTemplate\":\"https:\/\/lottomat.com\/tr\/?s={search_term_string}\"},\"query-input\":{\"@type\":\"PropertyValueSpecification\",\"valueRequired\":true,\"valueName\":\"search_term_string\"}}],\"inLanguage\":\"tr\"}]}<\/script>\n<!-- \/ Yoast SEO plugin. -->","yoast_head_json":{"title":"Mega Millions Sonu\u00e7lar\u0131 ve Kazanan Say\u0131lar - Lottomat","description":"En son Mega Millions sonu\u00e7lar\u0131n\u0131 ve kazanan say\u0131lar\u0131 burada kontrol edin. Son Mega Millions piyango \u00e7ekili\u015finde hangi say\u0131lar\u0131n \u00e7ekildi\u011fini do\u011frulay\u0131n.","robots":{"index":"index","follow":"follow","max-snippet":"max-snippet:-1","max-image-preview":"max-image-preview:large","max-video-preview":"max-video-preview:-1"},"canonical":"https:\/\/lottomat.com\/tr\/sonuclar\/mega-millions\/","og_locale":"tr_TR","og_type":"article","og_title":"Mega Millions Sonu\u00e7lar\u0131 ve Kazanan Say\u0131lar - Lottomat","og_description":"En son Mega Millions sonu\u00e7lar\u0131n\u0131 ve kazanan say\u0131lar\u0131 burada kontrol edin. Son Mega Millions piyango \u00e7ekili\u015finde hangi say\u0131lar\u0131n \u00e7ekildi\u011fini do\u011frulay\u0131n.","og_url":"https:\/\/lottomat.com\/tr\/sonuclar\/mega-millions\/","og_site_name":"Lottomat","article_modified_time":"2026-02-13T12:58:28+00:00","og_image":[{"url":"https:\/\/lottomat.com\/wp-content\/uploads\/2025\/10\/Mega-Millions-winning-numbers.webp"}],"twitter_card":"summary_large_image","twitter_misc":{"Tahmini okuma s\u00fcresi":"5 dakika"},"schema":{"@context":"https:\/\/schema.org","@graph":[{"@type":"WebPage","@id":"https:\/\/lottomat.com\/tr\/sonuclar\/mega-millions\/","url":"https:\/\/lottomat.com\/tr\/sonuclar\/mega-millions\/","name":"Mega Millions Sonu\u00e7lar\u0131 ve Kazanan Say\u0131lar - Lottomat","isPartOf":{"@id":"https:\/\/lottomat.com\/tr\/#website"},"primaryImageOfPage":{"@id":"https:\/\/lottomat.com\/tr\/sonuclar\/mega-millions\/#primaryimage"},"image":{"@id":"https:\/\/lottomat.com\/tr\/sonuclar\/mega-millions\/#primaryimage"},"thumbnailUrl":"https:\/\/lottomat.com\/wp-content\/uploads\/2025\/10\/Mega-Millions-winning-numbers.webp","datePublished":"2025-04-07T19:24:29+00:00","dateModified":"2026-02-13T12:58:28+00:00","description":"En son Mega Millions sonu\u00e7lar\u0131n\u0131 ve kazanan say\u0131lar\u0131 burada kontrol edin. Son Mega Millions piyango \u00e7ekili\u015finde hangi say\u0131lar\u0131n \u00e7ekildi\u011fini do\u011frulay\u0131n.","breadcrumb":{"@id":"https:\/\/lottomat.com\/tr\/sonuclar\/mega-millions\/#breadcrumb"},"inLanguage":"tr","potentialAction":[{"@type":"ReadAction","target":["https:\/\/lottomat.com\/tr\/sonuclar\/mega-millions\/"]}]},{"@type":"ImageObject","inLanguage":"tr","@id":"https:\/\/lottomat.com\/tr\/sonuclar\/mega-millions\/#primaryimage","url":"https:\/\/lottomat.com\/wp-content\/uploads\/2025\/10\/Mega-Millions-winning-numbers.webp","contentUrl":"https:\/\/lottomat.com\/wp-content\/uploads\/2025\/10\/Mega-Millions-winning-numbers.webp"},{"@type":"BreadcrumbList","@id":"https:\/\/lottomat.com\/tr\/sonuclar\/mega-millions\/#breadcrumb","itemListElement":[{"@type":"ListItem","position":1,"name":"Home","item":"https:\/\/lottomat.com\/tr\/"},{"@type":"ListItem","position":2,"name":"En Son Piyango Sonu\u00e7lar\u0131 ve Kazanan Numaralar","item":"https:\/\/lottomat.com\/tr\/sonuclar\/"},{"@type":"ListItem","position":3,"name":"Mega Millions Sonu\u00e7lar\u0131 ve Kazanan Say\u0131lar"}]},{"@type":"WebSite","@id":"https:\/\/lottomat.com\/tr\/#website","url":"https:\/\/lottomat.com\/tr\/","name":"Lottomat","description":"","potentialAction":[{"@type":"SearchAction","target":{"@type":"EntryPoint","urlTemplate":"https:\/\/lottomat.com\/tr\/?s={search_term_string}"},"query-input":{"@type":"PropertyValueSpecification","valueRequired":true,"valueName":"search_term_string"}}],"inLanguage":"tr"}]}},"_links":{"self":[{"href":"https:\/\/lottomat.com\/tr\/wp-json\/wp\/v2\/pages\/240967","targetHints":{"allow":["GET"]}}],"collection":[{"href":"https:\/\/lottomat.com\/tr\/wp-json\/wp\/v2\/pages"}],"about":[{"href":"https:\/\/lottomat.com\/tr\/wp-json\/wp\/v2\/types\/page"}],"author":[{"embeddable":true,"href":"https:\/\/lottomat.com\/tr\/wp-json\/wp\/v2\/users\/1"}],"replies":[{"embeddable":true,"href":"https:\/\/lottomat.com\/tr\/wp-json\/wp\/v2\/comments?post=240967"}],"version-history":[{"count":2,"href":"https:\/\/lottomat.com\/tr\/wp-json\/wp\/v2\/pages\/240967\/revisions"}],"predecessor-version":[{"id":271014,"href":"https:\/\/lottomat.com\/tr\/wp-json\/wp\/v2\/pages\/240967\/revisions\/271014"}],"up":[{"embeddable":true,"href":"https:\/\/lottomat.com\/tr\/wp-json\/wp\/v2\/pages\/240960"}],"wp:attachment":[{"href":"https:\/\/lottomat.com\/tr\/wp-json\/wp\/v2\/media?parent=240967"}],"curies":[{"name":"wp","href":"https:\/\/api.w.org\/{rel}","templated":true}]}}