{"id":240966,"date":"2025-04-07T19:23:03","date_gmt":"2025-04-07T19:23:03","guid":{"rendered":"https:\/\/lottomat.net\/piyango-sonuclari\/powerball-sonuclari\/"},"modified":"2026-02-13T13:15:36","modified_gmt":"2026-02-13T13:15:36","slug":"powerball","status":"publish","type":"page","link":"https:\/\/lottomat.com\/tr\/sonuclar\/powerball\/","title":{"rendered":"Powerball Sonu\u00e7lar\u0131 ve Kazanan Numaralar"},"content":{"rendered":"\n\n<div class=\"kk-star-ratings kksr-auto kksr-align-left kksr-valign-top\"\n    data-payload='{&quot;align&quot;:&quot;left&quot;,&quot;id&quot;:&quot;240966&quot;,&quot;slug&quot;:&quot;default&quot;,&quot;valign&quot;:&quot;top&quot;,&quot;ignore&quot;:&quot;&quot;,&quot;reference&quot;:&quot;auto&quot;,&quot;class&quot;:&quot;&quot;,&quot;count&quot;:&quot;0&quot;,&quot;legendonly&quot;:&quot;&quot;,&quot;readonly&quot;:&quot;&quot;,&quot;score&quot;:&quot;0&quot;,&quot;starsonly&quot;:&quot;&quot;,&quot;best&quot;:&quot;5&quot;,&quot;gap&quot;:&quot;5&quot;,&quot;greet&quot;:&quot;Rate this page&quot;,&quot;legend&quot;:&quot;0\\\/5 - (0 votes)&quot;,&quot;size&quot;:&quot;30&quot;,&quot;title&quot;:&quot;Powerball Sonu\u00e7lar\u0131 ve Kazanan Numaralar&quot;,&quot;width&quot;:&quot;0&quot;,&quot;_legend&quot;:&quot;{score}\\\/{best} - ({count} {votes})&quot;,&quot;font_factor&quot;:&quot;1.25&quot;}'>\n            \n<div class=\"kksr-stars\">\n    \n<div class=\"kksr-stars-inactive\">\n            <div class=\"kksr-star\" data-star=\"1\" style=\"padding-right: 5px\">\n            \n\n<div class=\"kksr-icon\" style=\"width: 30px; height: 30px;\"><\/div>\n        <\/div>\n            <div class=\"kksr-star\" data-star=\"2\" style=\"padding-right: 5px\">\n            \n\n<div class=\"kksr-icon\" style=\"width: 30px; height: 30px;\"><\/div>\n        <\/div>\n            <div class=\"kksr-star\" data-star=\"3\" style=\"padding-right: 5px\">\n            \n\n<div class=\"kksr-icon\" style=\"width: 30px; height: 30px;\"><\/div>\n        <\/div>\n            <div class=\"kksr-star\" data-star=\"4\" style=\"padding-right: 5px\">\n            \n\n<div class=\"kksr-icon\" style=\"width: 30px; height: 30px;\"><\/div>\n        <\/div>\n            <div class=\"kksr-star\" data-star=\"5\" style=\"padding-right: 5px\">\n            \n\n<div class=\"kksr-icon\" style=\"width: 30px; height: 30px;\"><\/div>\n        <\/div>\n    <\/div>\n    \n<div class=\"kksr-stars-active\" style=\"width: 0px;\">\n            <div class=\"kksr-star\" style=\"padding-right: 5px\">\n            \n\n<div class=\"kksr-icon\" style=\"width: 30px; height: 30px;\"><\/div>\n        <\/div>\n            <div class=\"kksr-star\" style=\"padding-right: 5px\">\n            \n\n<div class=\"kksr-icon\" style=\"width: 30px; height: 30px;\"><\/div>\n        <\/div>\n            <div class=\"kksr-star\" style=\"padding-right: 5px\">\n            \n\n<div class=\"kksr-icon\" style=\"width: 30px; height: 30px;\"><\/div>\n        <\/div>\n            <div class=\"kksr-star\" style=\"padding-right: 5px\">\n            \n\n<div class=\"kksr-icon\" style=\"width: 30px; height: 30px;\"><\/div>\n        <\/div>\n            <div class=\"kksr-star\" style=\"padding-right: 5px\">\n            \n\n<div class=\"kksr-icon\" style=\"width: 30px; height: 30px;\"><\/div>\n        <\/div>\n    <\/div>\n<\/div>\n                \n\n<div class=\"kksr-legend\" style=\"font-size: 24px;\">\n            <span class=\"kksr-muted\">Rate this page<\/span>\n    <\/div>\n    <\/div>\n<p>Biletleri sat\u0131n ald\u0131ktan, \u00fczerlerinde be\u015f ana say\u0131 ve bir bonus Powerball numaras\u0131 se\u00e7tikten sonra, yapman\u0131z gereken tek \u015fey <a href=\"https:\/\/lottomat.com\/tr\/\"><strong>Lottomat web sitesinde<\/strong><\/a> \u0131\u015f\u0131k h\u0131z\u0131nda g\u00f6r\u00fcnecek \u00e7ekili\u015f sonu\u00e7lar\u0131n\u0131 sab\u0131rla beklemektir. \u00c7ekilen numaralar hakk\u0131nda yay\u0131nlad\u0131\u011f\u0131m\u0131z her bilgi do\u011frudan \u00e7ekili\u015f organizat\u00f6r\u00fcnden gelir, b\u00f6ylece <strong>Powerball sonu\u00e7lar\u0131n\u0131n \u00e7ekili\u015fle %100 tutarl\u0131<\/strong> oldu\u011fundan emin olabilirsiniz.<img loading=\"lazy\" decoding=\"async\" class=\"alignleft wp-image-252294\" src=\"https:\/\/lottomat.com\/wp-content\/uploads\/2025\/10\/jackpot-and-prizes-300x300.webp\" alt=\"jackpot ve \u00f6d\u00fcller\" width=\"200\" height=\"200\" srcset=\"https:\/\/lottomat.com\/wp-content\/uploads\/2025\/10\/jackpot-and-prizes-300x300.webp 300w, https:\/\/lottomat.com\/wp-content\/uploads\/2025\/10\/jackpot-and-prizes-150x150.webp 150w, https:\/\/lottomat.com\/wp-content\/uploads\/2025\/10\/jackpot-and-prizes-100x100.webp 100w, https:\/\/lottomat.com\/wp-content\/uploads\/2025\/10\/jackpot-and-prizes.webp 400w\" sizes=\"auto, (max-width: 200px) 100vw, 200px\" \/><\/p>\n<h2>G\u00fcncel Powerball Sonu\u00e7lar\u0131 Nas\u0131l Kontrol Edilir?<\/h2>\n<p>Lottomat web sitesinde, her zaman daha s\u0131cak s\u0131cak olan <strong>Powerball piyangosunun en son sonu\u00e7lar\u0131n\u0131<\/strong> bulacaks\u0131n\u0131z. Powerball sonu\u00e7lar\u0131n\u0131 \u00e7ekili\u015ften hemen sonra g\u00fcncelliyoruz, resmi kaynaklardan, yani piyango organizat\u00f6r\u00fcnden geliyorlar ve <strong>y\u00fczde y\u00fcz g\u00fcvenilirler<\/strong>. Powerball piyango sonu\u00e7lar\u0131 sayfas\u0131na gittikten sonra, biletteki numaralar\u0131 sonu\u00e7 tablosundaki numaralarla kar\u015f\u0131la\u015ft\u0131rman\u0131z gerekir. Biletinizde alt\u0131 \u00e7ekilen numara varsa, tebrikler, <strong>az \u00f6nce milyoner oldunuz!<\/strong> De\u011filse, endi\u015felenecek bir \u015fey yok, \u00e7\u00fcnk\u00fc Powerball&#8217;da <strong>garantili kazan\u00e7la dokuz seviye<\/strong> bulunmaktad\u0131r. Bu, parasal \u00f6d\u00fcl kazanmak i\u00e7in tam &#8220;alt\u0131&#8221; tutturman\u0131z gerekmedi\u011fi, ancak <a href=\"https:\/\/lottomat.com\/tr\/oyna\/powerball\/\">online Powerball bileti sat\u0131n alman\u0131z gerekti\u011fi<\/a> anlam\u0131na gelir!<\/p>\n<h2>D\u00fcnk\u00fc Powe<img loading=\"lazy\" decoding=\"async\" class=\"wp-image-252354 alignright\" src=\"https:\/\/lottomat.com\/wp-content\/uploads\/2025\/10\/Powerball-Numbers-300x300.webp\" alt=\"Powerball Numaralar\u0131\" width=\"200\" height=\"200\" srcset=\"https:\/\/lottomat.com\/wp-content\/uploads\/2025\/10\/Powerball-Numbers-300x300.webp 300w, https:\/\/lottomat.com\/wp-content\/uploads\/2025\/10\/Powerball-Numbers-150x150.webp 150w, https:\/\/lottomat.com\/wp-content\/uploads\/2025\/10\/Powerball-Numbers-100x100.webp 100w, https:\/\/lottomat.com\/wp-content\/uploads\/2025\/10\/Powerball-Numbers.webp 400w\" sizes=\"auto, (max-width: 200px) 100vw, 200px\" \/>rball Sonu\u00e7lar\u0131 Nas\u0131l Kontrol Edilir?<\/h2>\n<p>\u0130ster bug\u00fcn\u00fcn sonu\u00e7lar\u0131n\u0131, ister d\u00fcn\u00fcn numaralar\u0131n\u0131 veya ge\u00e7en haftaki \u00e7ekili\u015fleri ar\u0131yor olun, <strong>t\u00fcm Powerball sonu\u00e7lar\u0131n\u0131 Lottomat&#8217;ta kolayca bulabilirsiniz<\/strong>. Kapsaml\u0131 sonu\u00e7 veritaban\u0131m\u0131z, herhangi bir \u00e7ekili\u015f bilgisine h\u0131zl\u0131 ve verimli bir \u015fekilde eri\u015fmenize olanak tan\u0131r. Sonu\u00e7lar b\u00f6l\u00fcm\u00fcne gidin ve kontrol etmek istedi\u011finiz belirli tarihi se\u00e7in. Bu kullan\u0131\u015fl\u0131 \u00f6zellik, \u00e7ekili\u015fin ne zaman ger\u00e7ekle\u015fti\u011fine bak\u0131lmaks\u0131z\u0131n <strong>biletlerinizi kontrol etmeyi asla ka\u00e7\u0131rmaman\u0131z\u0131<\/strong> sa\u011flar.<\/p>\n<h2>Ar\u015fivlenmi\u015f Powerball \u00c7ekili\u015f Sonu\u00e7lar\u0131 Nas\u0131l Kullan\u0131l\u0131r?<\/h2>\n<p>Lottomat web sitesi size <strong>ar\u015fivlenmi\u015f Powerball \u00e7ekili\u015f sonu\u00e7lar\u0131<\/strong> da sa\u011flar. Bunlar\u0131 aramak istiyorsan\u0131z, tek yapman\u0131z gereken sonu\u00e7lar takvimimizi kullanmakt\u0131r. Bunu \u015fu anda \u00e7ekilen numaralar\u0131n sa\u011f taraf\u0131nda bulacaks\u0131n\u0131z. Listeyi geni\u015flettikten sonra, <strong>on iki ay<\/strong> geriye giden \u00f6nceki \u00e7ekili\u015fleri arayabilirsiniz.<\/p>\n<h3><img loading=\"lazy\" decoding=\"async\" class=\"alignleft wp-image-252324\" src=\"https:\/\/lottomat.com\/wp-content\/uploads\/2025\/10\/Powerball-Draw-300x300.webp\" alt=\"Powerball \u00c7ekili\u015fi\" width=\"200\" height=\"200\" srcset=\"https:\/\/lottomat.com\/wp-content\/uploads\/2025\/10\/Powerball-Draw-300x300.webp 300w, https:\/\/lottomat.com\/wp-content\/uploads\/2025\/10\/Powerball-Draw-150x150.webp 150w, https:\/\/lottomat.com\/wp-content\/uploads\/2025\/10\/Powerball-Draw-100x100.webp 100w, https:\/\/lottomat.com\/wp-content\/uploads\/2025\/10\/Powerball-Draw.webp 400w\" sizes=\"auto, (max-width: 200px) 100vw, 200px\" \/>Ar\u015fivlenmi\u015f Powerball Sonu\u00e7lar\u0131n\u0131 Kullanman\u0131n Faydalar\u0131 Nelerdir?<\/h3>\n<p>Ar\u015fivlenmi\u015f piyango \u00e7ekili\u015f sonu\u00e7lar\u0131na ne i\u00e7in ihtiyac\u0131n\u0131z var? Asl\u0131nda birka\u00e7 \u015fey i\u00e7in. Birincisi, biletleri tekrar doldururken <strong>say\u0131lar\u0131 se\u00e7mek i\u00e7in kendi stratejinizi olu\u015fturman\u0131za<\/strong> yard\u0131mc\u0131 olabilirler, b\u00f6ylece sonraki oyunlar\u0131n\u0131z \u00e7ok ba\u015far\u0131l\u0131 olabilir. Ayr\u0131ca en son hangi say\u0131lar\u0131n en \u00e7ok \u00e7ekildi\u011fini, hangi say\u0131lar\u0131n haftalard\u0131r ortaya \u00e7\u0131kmad\u0131\u011f\u0131n\u0131 aramak ve farkl\u0131 aral\u0131klardan \u00e7e\u015fitli say\u0131lar se\u00e7menin ne kadar \u00f6nemli oldu\u011funu g\u00f6rmek i\u00e7in <a href=\"https:\/\/lottomat.com\/tr\/sonuclar\/\">ar\u015fivlenmi\u015f piyango sonu\u00e7lar\u0131n\u0131 kullanabilirsiniz<\/a>. Bir s\u00fcredir bilinmektedir ki bilet doldururken kendini hi\u00e7bir \u015fekilde s\u0131n\u0131rlamamal\u0131s\u0131n\u0131z. Mevcut havuzdaki her say\u0131 \u00f6nemlidir, ancak pek \u00e7ok oyuncu do\u011fum g\u00fcnlerine, yani do\u011fum ay\u0131 veya g\u00fcn\u00fcne g\u00f6re kendileri i\u00e7in sabit bir say\u0131 seti tan\u0131mlar, bu da kullan\u0131lan havuzu ger\u00e7ekten daralt\u0131rken ayn\u0131 zamanda Powerball piyangosunu kazanma \u015fans\u0131n\u0131 d\u00fc\u015f\u00fcr\u00fcr. Ar\u015fivlenmi\u015f \u00e7ekili\u015f sonu\u00e7lar\u0131 ayr\u0131ca en son devir jackpot&#8217;lar\u0131, \u00f6d\u00fcllerin de\u011feri ve Powerball jackpot&#8217;unu kazanan kazanan say\u0131s\u0131 hakk\u0131nda bilgi i\u00e7erir.<\/p>\n<h2>Powerball&#8217;da En \u00c7ok \u00c7ekilen Say\u0131lar Nelerdir?<\/h2>\n<p>Lottomat web sitesinde, piyangolarla ilgili t\u00fcm \u00f6nemli bilgileri bulacaks\u0131n\u0131z. Sadece sonu\u00e7lar de\u011fil, ayn\u0131 zamanda Powerball kurallar\u0131n\u0131n listesi ve ilgin\u00e7 bilgiler, kullan\u0131m ko\u015fullar\u0131 ve piyangolarda kazanmay\u0131 kolayla\u015ft\u0131racak b\u00fcy\u00fck bir ipucu dozudur. Sizin i\u00e7in <strong>b\u00fcy\u00fck ve ilgin\u00e7 bir kopya ka\u011f\u0131d\u0131<\/strong> haz\u0131rlad\u0131k, burada Powerball&#8217;da hangi say\u0131lar\u0131n en \u00e7ok, hangilerinin en az \u00e7ekildi\u011fini belirtiyoruz. Yeni biletlerdeki say\u0131lar\u0131n se\u00e7imini planlaman\u0131za yard\u0131mc\u0131 olacakt\u0131r, \u00e7\u00fcnk\u00fc istatistikler hangi say\u0131lar\u0131n di\u011ferlerinden daha fazla \u00e7ekilme e\u011filiminde oldu\u011funu a\u00e7\u0131k\u00e7a g\u00f6stermektedir. Bunlardan yararlan\u0131n ve unutmay\u0131n, Powerball numaras\u0131 ayr\u0131 bir say\u0131 aral\u0131\u011f\u0131ndan \u00e7ekilir, bu nedenle ayn\u0131 say\u0131 hem ana say\u0131lar aras\u0131nda hem de bonus Powerball&#8217;da \u00e7ekilebilir. Art\u0131k eski sonu\u00e7lar\u0131 araman\u0131za ve yazman\u0131za gerek yok, hepsi size bir tabakta sunulmu\u015f durumda. <strong>Powerball piyangosunda en \u00e7ok \u00e7ekilen say\u0131lar \u015funlard\u0131r: 8, 26, 22, 23 ve 36<\/strong>. Size hitap eden say\u0131lar\u0131 se\u00e7erek kendi stratejinizi olu\u015fturun, ancak \u00f6nerdi\u011fimiz say\u0131lardan da yararlan\u0131n, \u00e7\u00fcnk\u00fc <strong>istatistikler asla yalan s\u00f6ylemez<\/strong>.<\/p>\n<h2>En Az \u00c7ekilen Powerball Kazanan Numaralar\u0131 Nelerdir?<img loading=\"lazy\" decoding=\"async\" class=\"alignright wp-image-252384\" src=\"https:\/\/lottomat.com\/wp-content\/uploads\/2025\/10\/Powerball-Results-300x300.webp\" alt=\"Powerball Sonu\u00e7lar\u0131\" width=\"200\" height=\"200\" srcset=\"https:\/\/lottomat.com\/wp-content\/uploads\/2025\/10\/Powerball-Results-300x300.webp 300w, https:\/\/lottomat.com\/wp-content\/uploads\/2025\/10\/Powerball-Results-150x150.webp 150w, https:\/\/lottomat.com\/wp-content\/uploads\/2025\/10\/Powerball-Results-100x100.webp 100w, https:\/\/lottomat.com\/wp-content\/uploads\/2025\/10\/Powerball-Results.webp 400w\" sizes=\"auto, (max-width: 200px) 100vw, 200px\" \/><\/h2>\n<p>Powerball \u00e7ekili\u015flerinde hangi say\u0131lar\u0131n daha az s\u0131kl\u0131kta g\u00f6r\u00fcnd\u00fc\u011f\u00fcn\u00fc anlamak, en \u00e7ok \u00e7ekilenleri bilmek kadar de\u011ferli olabilir. \u0130statistiksel analiz, belirli say\u0131lar\u0131n <strong>ge\u00e7mi\u015f \u00e7ekili\u015flerde s\u00fcrekli olarak yetersiz temsil edildi\u011fini<\/strong> ortaya koymaktad\u0131r. En az \u00e7ekilen say\u0131lar aras\u0131nda 15, 51, 37, 47, 12, 4 ve 24 bulunur. Baz\u0131 oyuncular bu &#8220;so\u011fuk&#8221; say\u0131lar\u0131n geri d\u00f6n\u00fc\u015f i\u00e7in zaman\u0131n\u0131n geldi\u011fine inan\u0131r ve bunlar\u0131 say\u0131 se\u00e7im stratejilerine dahil ederler. Ge\u00e7mi\u015f sonu\u00e7lar gelecekteki sonu\u00e7lar\u0131 garanti etmese de, bu kal\u0131plar\u0131 analiz etmek gelecek \u00e7ekili\u015fler i\u00e7in Powerball numaralar\u0131n\u0131z\u0131 se\u00e7erken daha bilin\u00e7li kararlar vermenize yard\u0131mc\u0131 olabilir.<\/p>\n<h2>Son Powerball \u00c7ekili\u015finde Ka\u00e7 Oyuncu Kazand\u0131 ve Ne Kadar Kazand\u0131?<\/h2>\n<p>Her Powerball \u00e7ekili\u015fi <strong>t\u00fcm \u00f6d\u00fcl kademelerinde binlerce kazanan<\/strong> yarat\u0131r ve bu da onu d\u00fcnya \u00e7ap\u0131nda en \u00f6d\u00fcllendirici piyangolardan biri yapar. \u00d6d\u00fcl da\u011f\u0131l\u0131m\u0131 tipik olarak bir jackpot kazanan\u0131 veya en b\u00fcy\u00fck \u00f6d\u00fcl\u00fc payla\u015fan birden fazla kazanan, be\u015f ana say\u0131y\u0131 e\u015fle\u015ftiren birka\u00e7 milyoner ve y\u00fcz binlerce k\u00fc\u00e7\u00fck \u00f6d\u00fcl kazanan\u0131n\u0131 i\u00e7erir. \u00d6d\u00fcl miktarlar\u0131, her kategorideki kazanan say\u0131s\u0131na ve o \u00e7ekili\u015f i\u00e7in toplam bilet sat\u0131\u015flar\u0131na ba\u011fl\u0131 olarak de\u011fi\u015fir. Lottomat web sitesinde her \u00e7ekili\u015ften hemen sonra her kademe i\u00e7in <strong>kazanan say\u0131lar\u0131n\u0131n ve \u00f6d\u00fcl miktarlar\u0131n\u0131n ayr\u0131nt\u0131l\u0131 d\u00f6k\u00fcmlerini<\/strong> bulabilirsiniz. Bu bilgi, farkl\u0131 kazanan kombinasyonlar i\u00e7in oranlar\u0131 ve potansiyel getirileri anlaman\u0131za yard\u0131mc\u0131 olur. Gelecek \u00e7ekili\u015f i\u00e7in \u00f6d\u00fcller hakk\u0131nda daha fazla bilgi edinmek istiyorsan\u0131z, <a href=\"https:\/\/lottomat.com\/tr\/loto\/powerball\/\">Powerball \u00f6d\u00fclleri ve jackpot hakk\u0131nda okuyun<\/a>.<\/p>\n<h2><img loading=\"lazy\" decoding=\"async\" class=\"alignleft wp-image-252414\" src=\"https:\/\/lottomat.com\/wp-content\/uploads\/2025\/10\/Powerball-Winning-Numbers-300x300.webp\" alt=\"Powerball Kazanan Numaralar\" width=\"200\" height=\"200\" srcset=\"https:\/\/lottomat.com\/wp-content\/uploads\/2025\/10\/Powerball-Winning-Numbers-300x300.webp 300w, https:\/\/lottomat.com\/wp-content\/uploads\/2025\/10\/Powerball-Winning-Numbers-150x150.webp 150w, https:\/\/lottomat.com\/wp-content\/uploads\/2025\/10\/Powerball-Winning-Numbers-100x100.webp 100w, https:\/\/lottomat.com\/wp-content\/uploads\/2025\/10\/Powerball-Winning-Numbers.webp 400w\" sizes=\"auto, (max-width: 200px) 100vw, 200px\" \/><\/h2>\n<h2>Powerball Sonu\u00e7lar\u0131 ve Kazanan Numaralar Nas\u0131l Tahmin Edilir?<\/h2>\n<p>Powerball bir \u015fans oyunu olsa da ve <strong>hi\u00e7bir y\u00f6ntem kazanan numaralar\u0131 garanti edemez<\/strong>, bir\u00e7ok oyuncu se\u00e7im s\u00fcre\u00e7lerini geli\u015ftirmek i\u00e7in \u00e7e\u015fitli stratejiler kullan\u0131r. Baz\u0131lar\u0131 s\u0131cak ve so\u011fuk say\u0131lar\u0131 belirlemek i\u00e7in frekans \u00e7izelgelerini analiz ederken, di\u011ferleri tekerlek veya delta say\u0131 analizi gibi matematiksel sistemler kullan\u0131r. Rastgele say\u0131 \u00fcrete\u00e7leri, say\u0131 se\u00e7iminde insan \u00f6nyarg\u0131s\u0131n\u0131 ortadan kald\u0131rmaya yard\u0131mc\u0131 olabilir. Her \u00e7ekili\u015fin ba\u011f\u0131ms\u0131z oldu\u011funu ve her say\u0131 kombinasyonunun \u00e7ekilme \u015fans\u0131n\u0131n e\u015fit oldu\u011funu unutmay\u0131n. Anahtar, <strong>ister istatistiksel analize, ki\u015fisel \u00f6neme veya saf sezgiye dayal\u0131 olsun, kendinize g\u00fcven duydu\u011funuz say\u0131larla tutarl\u0131 bir \u015fekilde oynamakt\u0131r<\/strong>. En \u00f6nemlisi, her zaman b\u00fct\u00e7e limitiniz dahilinde sorumlu bir \u015fekilde oynay\u0131n. Art\u0131k Powerball sonu\u00e7lar\u0131n\u0131 tahmin etmenin m\u00fcmk\u00fcn olup olmad\u0131\u011f\u0131n\u0131 biliyorsunuz. Kesin olan bir \u015fey var &#8211; kazanmak i\u00e7in oynamal\u0131s\u0131n\u0131z. Bu y\u00fczden <a href=\"https:\/\/lottomat.com\/tr\/oyna\/\">herhangi bir piyango i\u00e7in bir bilet sat\u0131n al\u0131n<\/a> ve sizi mutlu edecek sonu\u00e7lar\u0131 bekleyin.<\/p>\n","protected":false},"excerpt":{"rendered":"<p>Biletleri sat\u0131n ald\u0131ktan, \u00fczerlerinde be\u015f ana say\u0131 ve bir bonus Powerball numaras\u0131 se\u00e7tikten sonra, yapman\u0131z gereken tek \u015fey Lottomat web sitesinde \u0131\u015f\u0131k h\u0131z\u0131nda g\u00f6r\u00fcnecek \u00e7ekili\u015f sonu\u00e7lar\u0131n\u0131 sab\u0131rla beklemektir. \u00c7ekilen numaralar hakk\u0131nda yay\u0131nlad\u0131\u011f\u0131m\u0131z her bilgi do\u011frudan \u00e7ekili\u015f organizat\u00f6r\u00fcnden gelir, b\u00f6ylece Powerball sonu\u00e7lar\u0131n\u0131n \u00e7ekili\u015fle %100 tutarl\u0131 oldu\u011fundan emin olabilirsiniz. G\u00fcncel Powerball Sonu\u00e7lar\u0131 Nas\u0131l Kontrol Edilir? Lottomat web [&hellip;]<\/p>\n","protected":false},"author":1,"featured_media":0,"parent":240960,"menu_order":1,"comment_status":"closed","ping_status":"closed","template":"powerball-usa-results.php","meta":{"_et_pb_use_builder":"","_et_pb_old_content":"","_et_gb_content_width":"","exclude_from_search":false,"footnotes":""},"class_list":["post-240966","page","type-page","status-publish","hentry"],"yoast_head":"<!-- This site is optimized with the Yoast SEO plugin v23.8 - https:\/\/yoast.com\/wordpress\/plugins\/seo\/ -->\n<title>Powerball Sonu\u00e7lar\u0131 ve Kazanan Numaralar - Lottomat<\/title>\n<meta name=\"description\" content=\"Lottomat&#039;ta en son Powerball sonu\u00e7lar\u0131n\u0131 ve kazanan numaralar\u0131 kontrol edin. Numaralar\u0131n\u0131z\u0131 resmi \u00e7ekili\u015f sonu\u00e7lar\u0131yla kar\u015f\u0131la\u015ft\u0131r\u0131n!\" \/>\n<meta name=\"robots\" content=\"index, follow, max-snippet:-1, max-image-preview:large, max-video-preview:-1\" \/>\n<link rel=\"canonical\" href=\"https:\/\/lottomat.com\/tr\/sonuclar\/powerball\/\" \/>\n<meta property=\"og:locale\" content=\"tr_TR\" \/>\n<meta property=\"og:type\" content=\"article\" \/>\n<meta property=\"og:title\" content=\"Powerball Sonu\u00e7lar\u0131 ve Kazanan Numaralar - Lottomat\" \/>\n<meta property=\"og:description\" content=\"Lottomat&#039;ta en son Powerball sonu\u00e7lar\u0131n\u0131 ve kazanan numaralar\u0131 kontrol edin. Numaralar\u0131n\u0131z\u0131 resmi \u00e7ekili\u015f sonu\u00e7lar\u0131yla kar\u015f\u0131la\u015ft\u0131r\u0131n!\" \/>\n<meta property=\"og:url\" content=\"https:\/\/lottomat.com\/tr\/sonuclar\/powerball\/\" \/>\n<meta property=\"og:site_name\" content=\"Lottomat\" \/>\n<meta property=\"article:modified_time\" content=\"2026-02-13T13:15:36+00:00\" \/>\n<meta property=\"og:image\" content=\"https:\/\/lottomat.com\/wp-content\/uploads\/2025\/10\/jackpot-and-prizes-300x300.webp\" \/>\n<meta name=\"twitter:card\" content=\"summary_large_image\" \/>\n<meta name=\"twitter:label1\" content=\"Tahmini okuma s\u00fcresi\" \/>\n\t<meta name=\"twitter:data1\" content=\"5 dakika\" \/>\n<script type=\"application\/ld+json\" class=\"yoast-schema-graph\">{\"@context\":\"https:\/\/schema.org\",\"@graph\":[{\"@type\":\"WebPage\",\"@id\":\"https:\/\/lottomat.com\/tr\/sonuclar\/powerball\/\",\"url\":\"https:\/\/lottomat.com\/tr\/sonuclar\/powerball\/\",\"name\":\"Powerball Sonu\u00e7lar\u0131 ve Kazanan Numaralar - Lottomat\",\"isPartOf\":{\"@id\":\"https:\/\/lottomat.com\/tr\/#website\"},\"primaryImageOfPage\":{\"@id\":\"https:\/\/lottomat.com\/tr\/sonuclar\/powerball\/#primaryimage\"},\"image\":{\"@id\":\"https:\/\/lottomat.com\/tr\/sonuclar\/powerball\/#primaryimage\"},\"thumbnailUrl\":\"https:\/\/lottomat.com\/wp-content\/uploads\/2025\/10\/jackpot-and-prizes-300x300.webp\",\"datePublished\":\"2025-04-07T19:23:03+00:00\",\"dateModified\":\"2026-02-13T13:15:36+00:00\",\"description\":\"Lottomat'ta en son Powerball sonu\u00e7lar\u0131n\u0131 ve kazanan numaralar\u0131 kontrol edin. Numaralar\u0131n\u0131z\u0131 resmi \u00e7ekili\u015f sonu\u00e7lar\u0131yla kar\u015f\u0131la\u015ft\u0131r\u0131n!\",\"breadcrumb\":{\"@id\":\"https:\/\/lottomat.com\/tr\/sonuclar\/powerball\/#breadcrumb\"},\"inLanguage\":\"tr\",\"potentialAction\":[{\"@type\":\"ReadAction\",\"target\":[\"https:\/\/lottomat.com\/tr\/sonuclar\/powerball\/\"]}]},{\"@type\":\"ImageObject\",\"inLanguage\":\"tr\",\"@id\":\"https:\/\/lottomat.com\/tr\/sonuclar\/powerball\/#primaryimage\",\"url\":\"https:\/\/lottomat.com\/wp-content\/uploads\/2025\/10\/jackpot-and-prizes-300x300.webp\",\"contentUrl\":\"https:\/\/lottomat.com\/wp-content\/uploads\/2025\/10\/jackpot-and-prizes-300x300.webp\"},{\"@type\":\"BreadcrumbList\",\"@id\":\"https:\/\/lottomat.com\/tr\/sonuclar\/powerball\/#breadcrumb\",\"itemListElement\":[{\"@type\":\"ListItem\",\"position\":1,\"name\":\"Home\",\"item\":\"https:\/\/lottomat.com\/tr\/\"},{\"@type\":\"ListItem\",\"position\":2,\"name\":\"En Son Piyango Sonu\u00e7lar\u0131 ve Kazanan Numaralar\",\"item\":\"https:\/\/lottomat.com\/tr\/sonuclar\/\"},{\"@type\":\"ListItem\",\"position\":3,\"name\":\"Powerball Sonu\u00e7lar\u0131 ve Kazanan Numaralar\"}]},{\"@type\":\"WebSite\",\"@id\":\"https:\/\/lottomat.com\/tr\/#website\",\"url\":\"https:\/\/lottomat.com\/tr\/\",\"name\":\"Lottomat\",\"description\":\"\",\"potentialAction\":[{\"@type\":\"SearchAction\",\"target\":{\"@type\":\"EntryPoint\",\"urlTemplate\":\"https:\/\/lottomat.com\/tr\/?s={search_term_string}\"},\"query-input\":{\"@type\":\"PropertyValueSpecification\",\"valueRequired\":true,\"valueName\":\"search_term_string\"}}],\"inLanguage\":\"tr\"}]}<\/script>\n<!-- \/ Yoast SEO plugin. -->","yoast_head_json":{"title":"Powerball Sonu\u00e7lar\u0131 ve Kazanan Numaralar - Lottomat","description":"Lottomat'ta en son Powerball sonu\u00e7lar\u0131n\u0131 ve kazanan numaralar\u0131 kontrol edin. Numaralar\u0131n\u0131z\u0131 resmi \u00e7ekili\u015f sonu\u00e7lar\u0131yla kar\u015f\u0131la\u015ft\u0131r\u0131n!","robots":{"index":"index","follow":"follow","max-snippet":"max-snippet:-1","max-image-preview":"max-image-preview:large","max-video-preview":"max-video-preview:-1"},"canonical":"https:\/\/lottomat.com\/tr\/sonuclar\/powerball\/","og_locale":"tr_TR","og_type":"article","og_title":"Powerball Sonu\u00e7lar\u0131 ve Kazanan Numaralar - Lottomat","og_description":"Lottomat'ta en son Powerball sonu\u00e7lar\u0131n\u0131 ve kazanan numaralar\u0131 kontrol edin. Numaralar\u0131n\u0131z\u0131 resmi \u00e7ekili\u015f sonu\u00e7lar\u0131yla kar\u015f\u0131la\u015ft\u0131r\u0131n!","og_url":"https:\/\/lottomat.com\/tr\/sonuclar\/powerball\/","og_site_name":"Lottomat","article_modified_time":"2026-02-13T13:15:36+00:00","og_image":[{"url":"https:\/\/lottomat.com\/wp-content\/uploads\/2025\/10\/jackpot-and-prizes-300x300.webp"}],"twitter_card":"summary_large_image","twitter_misc":{"Tahmini okuma s\u00fcresi":"5 dakika"},"schema":{"@context":"https:\/\/schema.org","@graph":[{"@type":"WebPage","@id":"https:\/\/lottomat.com\/tr\/sonuclar\/powerball\/","url":"https:\/\/lottomat.com\/tr\/sonuclar\/powerball\/","name":"Powerball Sonu\u00e7lar\u0131 ve Kazanan Numaralar - Lottomat","isPartOf":{"@id":"https:\/\/lottomat.com\/tr\/#website"},"primaryImageOfPage":{"@id":"https:\/\/lottomat.com\/tr\/sonuclar\/powerball\/#primaryimage"},"image":{"@id":"https:\/\/lottomat.com\/tr\/sonuclar\/powerball\/#primaryimage"},"thumbnailUrl":"https:\/\/lottomat.com\/wp-content\/uploads\/2025\/10\/jackpot-and-prizes-300x300.webp","datePublished":"2025-04-07T19:23:03+00:00","dateModified":"2026-02-13T13:15:36+00:00","description":"Lottomat'ta en son Powerball sonu\u00e7lar\u0131n\u0131 ve kazanan numaralar\u0131 kontrol edin. Numaralar\u0131n\u0131z\u0131 resmi \u00e7ekili\u015f sonu\u00e7lar\u0131yla kar\u015f\u0131la\u015ft\u0131r\u0131n!","breadcrumb":{"@id":"https:\/\/lottomat.com\/tr\/sonuclar\/powerball\/#breadcrumb"},"inLanguage":"tr","potentialAction":[{"@type":"ReadAction","target":["https:\/\/lottomat.com\/tr\/sonuclar\/powerball\/"]}]},{"@type":"ImageObject","inLanguage":"tr","@id":"https:\/\/lottomat.com\/tr\/sonuclar\/powerball\/#primaryimage","url":"https:\/\/lottomat.com\/wp-content\/uploads\/2025\/10\/jackpot-and-prizes-300x300.webp","contentUrl":"https:\/\/lottomat.com\/wp-content\/uploads\/2025\/10\/jackpot-and-prizes-300x300.webp"},{"@type":"BreadcrumbList","@id":"https:\/\/lottomat.com\/tr\/sonuclar\/powerball\/#breadcrumb","itemListElement":[{"@type":"ListItem","position":1,"name":"Home","item":"https:\/\/lottomat.com\/tr\/"},{"@type":"ListItem","position":2,"name":"En Son Piyango Sonu\u00e7lar\u0131 ve Kazanan Numaralar","item":"https:\/\/lottomat.com\/tr\/sonuclar\/"},{"@type":"ListItem","position":3,"name":"Powerball Sonu\u00e7lar\u0131 ve Kazanan Numaralar"}]},{"@type":"WebSite","@id":"https:\/\/lottomat.com\/tr\/#website","url":"https:\/\/lottomat.com\/tr\/","name":"Lottomat","description":"","potentialAction":[{"@type":"SearchAction","target":{"@type":"EntryPoint","urlTemplate":"https:\/\/lottomat.com\/tr\/?s={search_term_string}"},"query-input":{"@type":"PropertyValueSpecification","valueRequired":true,"valueName":"search_term_string"}}],"inLanguage":"tr"}]}},"_links":{"self":[{"href":"https:\/\/lottomat.com\/tr\/wp-json\/wp\/v2\/pages\/240966","targetHints":{"allow":["GET"]}}],"collection":[{"href":"https:\/\/lottomat.com\/tr\/wp-json\/wp\/v2\/pages"}],"about":[{"href":"https:\/\/lottomat.com\/tr\/wp-json\/wp\/v2\/types\/page"}],"author":[{"embeddable":true,"href":"https:\/\/lottomat.com\/tr\/wp-json\/wp\/v2\/users\/1"}],"replies":[{"embeddable":true,"href":"https:\/\/lottomat.com\/tr\/wp-json\/wp\/v2\/comments?post=240966"}],"version-history":[{"count":2,"href":"https:\/\/lottomat.com\/tr\/wp-json\/wp\/v2\/pages\/240966\/revisions"}],"predecessor-version":[{"id":271021,"href":"https:\/\/lottomat.com\/tr\/wp-json\/wp\/v2\/pages\/240966\/revisions\/271021"}],"up":[{"embeddable":true,"href":"https:\/\/lottomat.com\/tr\/wp-json\/wp\/v2\/pages\/240960"}],"wp:attachment":[{"href":"https:\/\/lottomat.com\/tr\/wp-json\/wp\/v2\/media?parent=240966"}],"curies":[{"name":"wp","href":"https:\/\/api.w.org\/{rel}","templated":true}]}}