{"id":240957,"date":"2025-04-03T06:19:23","date_gmt":"2025-04-03T06:19:23","guid":{"rendered":"https:\/\/lottomat.net\/temas-etmek\/"},"modified":"2025-04-03T06:19:23","modified_gmt":"2025-04-03T06:19:23","slug":"temas-etmek","status":"publish","type":"page","link":"https:\/\/lottomat.com\/tr\/temas-etmek\/","title":{"rendered":"Temas etmek"},"content":{"rendered":"\n\n<div class=\"kk-star-ratings kksr-auto kksr-align-left kksr-valign-top\"\n    data-payload='{&quot;align&quot;:&quot;left&quot;,&quot;id&quot;:&quot;240957&quot;,&quot;slug&quot;:&quot;default&quot;,&quot;valign&quot;:&quot;top&quot;,&quot;ignore&quot;:&quot;&quot;,&quot;reference&quot;:&quot;auto&quot;,&quot;class&quot;:&quot;&quot;,&quot;count&quot;:&quot;0&quot;,&quot;legendonly&quot;:&quot;&quot;,&quot;readonly&quot;:&quot;&quot;,&quot;score&quot;:&quot;0&quot;,&quot;starsonly&quot;:&quot;&quot;,&quot;best&quot;:&quot;5&quot;,&quot;gap&quot;:&quot;5&quot;,&quot;greet&quot;:&quot;Rate this page&quot;,&quot;legend&quot;:&quot;0\\\/5 - (0 votes)&quot;,&quot;size&quot;:&quot;30&quot;,&quot;title&quot;:&quot;Temas etmek&quot;,&quot;width&quot;:&quot;0&quot;,&quot;_legend&quot;:&quot;{score}\\\/{best} - ({count} {votes})&quot;,&quot;font_factor&quot;:&quot;1.25&quot;}'>\n            \n<div class=\"kksr-stars\">\n    \n<div class=\"kksr-stars-inactive\">\n            <div class=\"kksr-star\" data-star=\"1\" style=\"padding-right: 5px\">\n            \n\n<div class=\"kksr-icon\" style=\"width: 30px; height: 30px;\"><\/div>\n        <\/div>\n            <div class=\"kksr-star\" data-star=\"2\" style=\"padding-right: 5px\">\n            \n\n<div class=\"kksr-icon\" style=\"width: 30px; height: 30px;\"><\/div>\n        <\/div>\n            <div class=\"kksr-star\" data-star=\"3\" style=\"padding-right: 5px\">\n            \n\n<div class=\"kksr-icon\" style=\"width: 30px; height: 30px;\"><\/div>\n        <\/div>\n            <div class=\"kksr-star\" data-star=\"4\" style=\"padding-right: 5px\">\n            \n\n<div class=\"kksr-icon\" style=\"width: 30px; height: 30px;\"><\/div>\n        <\/div>\n            <div class=\"kksr-star\" data-star=\"5\" style=\"padding-right: 5px\">\n            \n\n<div class=\"kksr-icon\" style=\"width: 30px; height: 30px;\"><\/div>\n        <\/div>\n    <\/div>\n    \n<div class=\"kksr-stars-active\" style=\"width: 0px;\">\n            <div class=\"kksr-star\" style=\"padding-right: 5px\">\n            \n\n<div class=\"kksr-icon\" style=\"width: 30px; height: 30px;\"><\/div>\n        <\/div>\n            <div class=\"kksr-star\" style=\"padding-right: 5px\">\n            \n\n<div class=\"kksr-icon\" style=\"width: 30px; height: 30px;\"><\/div>\n        <\/div>\n            <div class=\"kksr-star\" style=\"padding-right: 5px\">\n            \n\n<div class=\"kksr-icon\" style=\"width: 30px; height: 30px;\"><\/div>\n        <\/div>\n            <div class=\"kksr-star\" style=\"padding-right: 5px\">\n            \n\n<div class=\"kksr-icon\" style=\"width: 30px; height: 30px;\"><\/div>\n        <\/div>\n            <div class=\"kksr-star\" style=\"padding-right: 5px\">\n            \n\n<div class=\"kksr-icon\" style=\"width: 30px; height: 30px;\"><\/div>\n        <\/div>\n    <\/div>\n<\/div>\n                \n\n<div class=\"kksr-legend\" style=\"font-size: 24px;\">\n            <span class=\"kksr-muted\">Rate this page<\/span>\n    <\/div>\n    <\/div>\n<p><strong>Deste\u011fe mi ihtiyac\u0131n\u0131z var?<\/strong><\/p>\n<p>Biz sizin i\u00e7in buraday\u0131z! Bizimle istedi\u011finiz zaman ileti\u015fime ge\u00e7mekten \u00e7ekinmeyin. T\u00fcm sorular\u0131n\u0131z\u0131 7\/24 yan\u0131tlamaktan mutluluk duyar\u0131z.  <\/p>\n<p>Sorunuzun daha \u00f6nce cevaplan\u0131p cevaplanmad\u0131\u011f\u0131n\u0131 g\u00f6rmek i\u00e7in<a href=\"https:\/\/lottomat.net\/tr\/bilgi-tabani\/\"> S\u0131k\u00e7a Sorulan Sorular<\/a> b\u00f6l\u00fcm\u00fcm\u00fcze g\u00f6z at\u0131n.<br \/>\n<div class=\"wpforms-container wpforms-container-full wpforms-render-modern\" id=\"wpforms-8616\"><form id=\"wpforms-form-8616\" class=\"wpforms-validate wpforms-form wpforms-ajax-form\" data-formid=\"8616\" method=\"post\" enctype=\"multipart\/form-data\" action=\"\/tr\/wp-json\/wp\/v2\/pages\/240957\" data-token=\"eb42237a7afabf695faed8faa6b50ec1\" data-token-time=\"1776540200\"><noscript class=\"wpforms-error-noscript\">Bu formu bitirebilmek i\u00e7in taray\u0131c\u0131n\u0131zda JavaScript&#039;i etkinle\u015ftirin.<\/noscript><div class=\"wpforms-hidden\" id=\"wpforms-error-noscript\">Bu formu bitirebilmek i\u00e7in taray\u0131c\u0131n\u0131zda JavaScript&#039;i etkinle\u015ftirin.<\/div><div class=\"wpforms-field-container\"><div id=\"wpforms-8616-field_1-container\" class=\"wpforms-field wpforms-field-name\" data-field-id=\"1\"><fieldset><legend class=\"wpforms-field-label\">Name <span class=\"wpforms-required-label\" aria-hidden=\"true\">*<\/span><\/legend><div class=\"wpforms-field-row wpforms-field-medium\"><div class=\"wpforms-field-row-block wpforms-first wpforms-one-half\"><input type=\"text\" id=\"wpforms-8616-field_1\" class=\"wpforms-field-name-first wpforms-field-required\" name=\"wpforms[fields][1][first]\" aria-errormessage=\"wpforms-8616-field_1-error\" required><label for=\"wpforms-8616-field_1\" class=\"wpforms-field-sublabel after\">Ad<\/label><\/div><div class=\"wpforms-field-row-block wpforms-one-half\"><input type=\"text\" id=\"wpforms-8616-field_1-last\" class=\"wpforms-field-name-last wpforms-field-required\" name=\"wpforms[fields][1][last]\" aria-errormessage=\"wpforms-8616-field_1-last-error\" required><label for=\"wpforms-8616-field_1-last\" class=\"wpforms-field-sublabel after\">Soyad<\/label><\/div><\/div><\/fieldset><\/div><div id=\"wpforms-8616-field_2-container\" class=\"wpforms-field wpforms-field-email\" data-field-id=\"2\"><label class=\"wpforms-field-label\" for=\"wpforms-8616-field_2\">Email <span class=\"wpforms-required-label\" aria-hidden=\"true\">*<\/span><\/label><input type=\"email\" id=\"wpforms-8616-field_2\" class=\"wpforms-field-medium wpforms-field-required\" name=\"wpforms[fields][2]\" spellcheck=\"false\" aria-errormessage=\"wpforms-8616-field_2-error\" required><\/div><div id=\"wpforms-8616-field_3-container\" class=\"wpforms-field wpforms-field-textarea\" data-field-id=\"3\"><label class=\"wpforms-field-label\" for=\"wpforms-8616-field_3\">Comment or Message<\/label><textarea id=\"wpforms-8616-field_3\" class=\"wpforms-field-medium\" name=\"wpforms[fields][3]\" aria-errormessage=\"wpforms-8616-field_3-error\" ><\/textarea><\/div><\/div><!-- .wpforms-field-container --><div class=\"wpforms-submit-container\" ><input type=\"hidden\" name=\"wpforms[id]\" value=\"8616\"><input type=\"hidden\" name=\"page_title\" value=\"\"><input type=\"hidden\" name=\"page_url\" value=\"https:\/\/lottomat.com\/tr\/wp-json\/wp\/v2\/pages\/240957\"><button type=\"submit\" name=\"wpforms[submit]\" id=\"wpforms-submit-8616\" class=\"wpforms-submit\" data-alt-text=\"Sending...\" data-submit-text=\"Submit\" aria-live=\"assertive\" value=\"wpforms-submit\">Submit<\/button><img loading=\"lazy\" decoding=\"async\" src=\"https:\/\/lottomat.com\/wp-content\/plugins\/wpforms-lite\/assets\/images\/submit-spin.svg\" class=\"wpforms-submit-spinner\" style=\"display: none;\" width=\"26\" height=\"26\" alt=\"Y\u00fckleniyor\"><\/div><\/form><\/div>  <!-- .wpforms-container --><\/p>\n","protected":false},"excerpt":{"rendered":"<p>Deste\u011fe mi ihtiyac\u0131n\u0131z var? Biz sizin i\u00e7in buraday\u0131z! Bizimle istedi\u011finiz zaman ileti\u015fime ge\u00e7mekten \u00e7ekinmeyin. T\u00fcm sorular\u0131n\u0131z\u0131 7\/24 yan\u0131tlamaktan mutluluk duyar\u0131z. Sorunuzun daha \u00f6nce cevaplan\u0131p cevaplanmad\u0131\u011f\u0131n\u0131 g\u00f6rmek i\u00e7in S\u0131k\u00e7a Sorulan Sorular b\u00f6l\u00fcm\u00fcm\u00fcze g\u00f6z at\u0131n.<\/p>\n","protected":false},"author":8,"featured_media":0,"parent":0,"menu_order":30,"comment_status":"closed","ping_status":"closed","template":"","meta":{"_et_pb_use_builder":"","_et_pb_old_content":"","_et_gb_content_width":"","exclude_from_search":false,"footnotes":""},"class_list":["post-240957","page","type-page","status-publish","hentry"],"yoast_head":"<!-- This site is optimized with the Yoast SEO plugin v23.8 - https:\/\/yoast.com\/wordpress\/plugins\/seo\/ -->\n<title>Temas etmek - Lottomat<\/title>\n<meta name=\"robots\" content=\"index, follow, max-snippet:-1, max-image-preview:large, max-video-preview:-1\" \/>\n<link rel=\"canonical\" href=\"https:\/\/lottomat.com\/tr\/temas-etmek\/\" \/>\n<meta property=\"og:locale\" content=\"tr_TR\" \/>\n<meta property=\"og:type\" content=\"article\" \/>\n<meta property=\"og:title\" content=\"Temas etmek - Lottomat\" \/>\n<meta property=\"og:description\" content=\"Deste\u011fe mi ihtiyac\u0131n\u0131z var? Biz sizin i\u00e7in buraday\u0131z! Bizimle istedi\u011finiz zaman ileti\u015fime ge\u00e7mekten \u00e7ekinmeyin. T\u00fcm sorular\u0131n\u0131z\u0131 7\/24 yan\u0131tlamaktan mutluluk duyar\u0131z. Sorunuzun daha \u00f6nce cevaplan\u0131p cevaplanmad\u0131\u011f\u0131n\u0131 g\u00f6rmek i\u00e7in S\u0131k\u00e7a Sorulan Sorular b\u00f6l\u00fcm\u00fcm\u00fcze g\u00f6z at\u0131n.\" \/>\n<meta property=\"og:url\" content=\"https:\/\/lottomat.com\/tr\/temas-etmek\/\" \/>\n<meta property=\"og:site_name\" content=\"Lottomat\" \/>\n<meta name=\"twitter:card\" content=\"summary_large_image\" \/>\n<script type=\"application\/ld+json\" class=\"yoast-schema-graph\">{\"@context\":\"https:\/\/schema.org\",\"@graph\":[{\"@type\":\"WebPage\",\"@id\":\"https:\/\/lottomat.com\/tr\/temas-etmek\/\",\"url\":\"https:\/\/lottomat.com\/tr\/temas-etmek\/\",\"name\":\"Temas etmek - Lottomat\",\"isPartOf\":{\"@id\":\"https:\/\/lottomat.com\/tr\/#website\"},\"datePublished\":\"2025-04-03T06:19:23+00:00\",\"dateModified\":\"2025-04-03T06:19:23+00:00\",\"breadcrumb\":{\"@id\":\"https:\/\/lottomat.com\/tr\/temas-etmek\/#breadcrumb\"},\"inLanguage\":\"tr\",\"potentialAction\":[{\"@type\":\"ReadAction\",\"target\":[\"https:\/\/lottomat.com\/tr\/temas-etmek\/\"]}]},{\"@type\":\"BreadcrumbList\",\"@id\":\"https:\/\/lottomat.com\/tr\/temas-etmek\/#breadcrumb\",\"itemListElement\":[{\"@type\":\"ListItem\",\"position\":1,\"name\":\"Home\",\"item\":\"https:\/\/lottomat.com\/tr\/\"},{\"@type\":\"ListItem\",\"position\":2,\"name\":\"Temas etmek\"}]},{\"@type\":\"WebSite\",\"@id\":\"https:\/\/lottomat.com\/tr\/#website\",\"url\":\"https:\/\/lottomat.com\/tr\/\",\"name\":\"Lottomat\",\"description\":\"\",\"potentialAction\":[{\"@type\":\"SearchAction\",\"target\":{\"@type\":\"EntryPoint\",\"urlTemplate\":\"https:\/\/lottomat.com\/tr\/?s={search_term_string}\"},\"query-input\":{\"@type\":\"PropertyValueSpecification\",\"valueRequired\":true,\"valueName\":\"search_term_string\"}}],\"inLanguage\":\"tr\"}]}<\/script>\n<!-- \/ Yoast SEO plugin. -->","yoast_head_json":{"title":"Temas etmek - Lottomat","robots":{"index":"index","follow":"follow","max-snippet":"max-snippet:-1","max-image-preview":"max-image-preview:large","max-video-preview":"max-video-preview:-1"},"canonical":"https:\/\/lottomat.com\/tr\/temas-etmek\/","og_locale":"tr_TR","og_type":"article","og_title":"Temas etmek - Lottomat","og_description":"Deste\u011fe mi ihtiyac\u0131n\u0131z var? Biz sizin i\u00e7in buraday\u0131z! Bizimle istedi\u011finiz zaman ileti\u015fime ge\u00e7mekten \u00e7ekinmeyin. T\u00fcm sorular\u0131n\u0131z\u0131 7\/24 yan\u0131tlamaktan mutluluk duyar\u0131z. Sorunuzun daha \u00f6nce cevaplan\u0131p cevaplanmad\u0131\u011f\u0131n\u0131 g\u00f6rmek i\u00e7in S\u0131k\u00e7a Sorulan Sorular b\u00f6l\u00fcm\u00fcm\u00fcze g\u00f6z at\u0131n.","og_url":"https:\/\/lottomat.com\/tr\/temas-etmek\/","og_site_name":"Lottomat","twitter_card":"summary_large_image","schema":{"@context":"https:\/\/schema.org","@graph":[{"@type":"WebPage","@id":"https:\/\/lottomat.com\/tr\/temas-etmek\/","url":"https:\/\/lottomat.com\/tr\/temas-etmek\/","name":"Temas etmek - Lottomat","isPartOf":{"@id":"https:\/\/lottomat.com\/tr\/#website"},"datePublished":"2025-04-03T06:19:23+00:00","dateModified":"2025-04-03T06:19:23+00:00","breadcrumb":{"@id":"https:\/\/lottomat.com\/tr\/temas-etmek\/#breadcrumb"},"inLanguage":"tr","potentialAction":[{"@type":"ReadAction","target":["https:\/\/lottomat.com\/tr\/temas-etmek\/"]}]},{"@type":"BreadcrumbList","@id":"https:\/\/lottomat.com\/tr\/temas-etmek\/#breadcrumb","itemListElement":[{"@type":"ListItem","position":1,"name":"Home","item":"https:\/\/lottomat.com\/tr\/"},{"@type":"ListItem","position":2,"name":"Temas etmek"}]},{"@type":"WebSite","@id":"https:\/\/lottomat.com\/tr\/#website","url":"https:\/\/lottomat.com\/tr\/","name":"Lottomat","description":"","potentialAction":[{"@type":"SearchAction","target":{"@type":"EntryPoint","urlTemplate":"https:\/\/lottomat.com\/tr\/?s={search_term_string}"},"query-input":{"@type":"PropertyValueSpecification","valueRequired":true,"valueName":"search_term_string"}}],"inLanguage":"tr"}]}},"_links":{"self":[{"href":"https:\/\/lottomat.com\/tr\/wp-json\/wp\/v2\/pages\/240957","targetHints":{"allow":["GET"]}}],"collection":[{"href":"https:\/\/lottomat.com\/tr\/wp-json\/wp\/v2\/pages"}],"about":[{"href":"https:\/\/lottomat.com\/tr\/wp-json\/wp\/v2\/types\/page"}],"author":[{"embeddable":true,"href":"https:\/\/lottomat.com\/tr\/wp-json\/wp\/v2\/users\/8"}],"replies":[{"embeddable":true,"href":"https:\/\/lottomat.com\/tr\/wp-json\/wp\/v2\/comments?post=240957"}],"version-history":[{"count":0,"href":"https:\/\/lottomat.com\/tr\/wp-json\/wp\/v2\/pages\/240957\/revisions"}],"wp:attachment":[{"href":"https:\/\/lottomat.com\/tr\/wp-json\/wp\/v2\/media?parent=240957"}],"curies":[{"name":"wp","href":"https:\/\/api.w.org\/{rel}","templated":true}]}}