{"id":240952,"date":"2025-03-26T13:36:23","date_gmt":"2025-03-26T13:36:23","guid":{"rendered":"https:\/\/lottomat.net\/kayit\/"},"modified":"2026-04-02T15:19:06","modified_gmt":"2026-04-02T15:19:06","slug":"kayit","status":"publish","type":"page","link":"https:\/\/lottomat.com\/tr\/kayit\/","title":{"rendered":"Kay\u0131t"},"content":{"rendered":"\n\n<div class=\"kk-star-ratings kksr-auto kksr-align-left kksr-valign-top\"\n    data-payload='{&quot;align&quot;:&quot;left&quot;,&quot;id&quot;:&quot;240952&quot;,&quot;slug&quot;:&quot;default&quot;,&quot;valign&quot;:&quot;top&quot;,&quot;ignore&quot;:&quot;&quot;,&quot;reference&quot;:&quot;auto&quot;,&quot;class&quot;:&quot;&quot;,&quot;count&quot;:&quot;0&quot;,&quot;legendonly&quot;:&quot;&quot;,&quot;readonly&quot;:&quot;&quot;,&quot;score&quot;:&quot;0&quot;,&quot;starsonly&quot;:&quot;&quot;,&quot;best&quot;:&quot;5&quot;,&quot;gap&quot;:&quot;5&quot;,&quot;greet&quot;:&quot;Rate this page&quot;,&quot;legend&quot;:&quot;0\\\/5 - (0 votes)&quot;,&quot;size&quot;:&quot;30&quot;,&quot;title&quot;:&quot;Kay\u0131t&quot;,&quot;width&quot;:&quot;0&quot;,&quot;_legend&quot;:&quot;{score}\\\/{best} - ({count} {votes})&quot;,&quot;font_factor&quot;:&quot;1.25&quot;}'>\n            \n<div class=\"kksr-stars\">\n    \n<div class=\"kksr-stars-inactive\">\n            <div class=\"kksr-star\" data-star=\"1\" style=\"padding-right: 5px\">\n            \n\n<div class=\"kksr-icon\" style=\"width: 30px; height: 30px;\"><\/div>\n        <\/div>\n            <div class=\"kksr-star\" data-star=\"2\" style=\"padding-right: 5px\">\n            \n\n<div class=\"kksr-icon\" style=\"width: 30px; height: 30px;\"><\/div>\n        <\/div>\n            <div class=\"kksr-star\" data-star=\"3\" style=\"padding-right: 5px\">\n            \n\n<div class=\"kksr-icon\" style=\"width: 30px; height: 30px;\"><\/div>\n        <\/div>\n            <div class=\"kksr-star\" data-star=\"4\" style=\"padding-right: 5px\">\n            \n\n<div class=\"kksr-icon\" style=\"width: 30px; height: 30px;\"><\/div>\n        <\/div>\n            <div class=\"kksr-star\" data-star=\"5\" style=\"padding-right: 5px\">\n            \n\n<div class=\"kksr-icon\" style=\"width: 30px; height: 30px;\"><\/div>\n        <\/div>\n    <\/div>\n    \n<div class=\"kksr-stars-active\" style=\"width: 0px;\">\n            <div class=\"kksr-star\" style=\"padding-right: 5px\">\n            \n\n<div class=\"kksr-icon\" style=\"width: 30px; height: 30px;\"><\/div>\n        <\/div>\n            <div class=\"kksr-star\" style=\"padding-right: 5px\">\n            \n\n<div class=\"kksr-icon\" style=\"width: 30px; height: 30px;\"><\/div>\n        <\/div>\n            <div class=\"kksr-star\" style=\"padding-right: 5px\">\n            \n\n<div class=\"kksr-icon\" style=\"width: 30px; height: 30px;\"><\/div>\n        <\/div>\n            <div class=\"kksr-star\" style=\"padding-right: 5px\">\n            \n\n<div class=\"kksr-icon\" style=\"width: 30px; height: 30px;\"><\/div>\n        <\/div>\n            <div class=\"kksr-star\" style=\"padding-right: 5px\">\n            \n\n<div class=\"kksr-icon\" style=\"width: 30px; height: 30px;\"><\/div>\n        <\/div>\n    <\/div>\n<\/div>\n                \n\n<div class=\"kksr-legend\" style=\"font-size: 24px;\">\n            <span class=\"kksr-muted\">Rate this page<\/span>\n    <\/div>\n    <\/div>\n","protected":false},"excerpt":{"rendered":"","protected":false},"author":1,"featured_media":0,"parent":0,"menu_order":22,"comment_status":"closed","ping_status":"closed","template":"simbalottoRegister.php","meta":{"_et_pb_use_builder":"","_et_pb_old_content":"","_et_gb_content_width":"","exclude_from_search":false,"footnotes":""},"class_list":["post-240952","page","type-page","status-publish","hentry"],"yoast_head":"<!-- This site is optimized with the Yoast SEO plugin v23.8 - https:\/\/yoast.com\/wordpress\/plugins\/seo\/ -->\n<title>LottoMat\u2019e kaydol \u2013 d\u00fcnya piyangolar\u0131n\u0131 online oyna<\/title>\n<meta name=\"description\" content=\"LottoMat\u2019e kaydol, d\u00fcnya piyangolar\u0131n\u0131 online oyna. \u00c7ekili\u015f se\u00e7, bilet al ve b\u00fcy\u00fck \u00f6d\u00fcller kazan!\" \/>\n<meta name=\"robots\" content=\"index, follow, max-snippet:-1, max-image-preview:large, max-video-preview:-1\" \/>\n<link rel=\"canonical\" href=\"https:\/\/lottomat.com\/tr\/kayit\/\" \/>\n<meta property=\"og:locale\" content=\"tr_TR\" \/>\n<meta property=\"og:type\" content=\"article\" \/>\n<meta property=\"og:title\" content=\"LottoMat\u2019e kaydol \u2013 d\u00fcnya piyangolar\u0131n\u0131 online oyna\" \/>\n<meta property=\"og:description\" content=\"LottoMat\u2019e kaydol, d\u00fcnya piyangolar\u0131n\u0131 online oyna. \u00c7ekili\u015f se\u00e7, bilet al ve b\u00fcy\u00fck \u00f6d\u00fcller kazan!\" \/>\n<meta property=\"og:url\" content=\"https:\/\/lottomat.com\/tr\/kayit\/\" \/>\n<meta property=\"og:site_name\" content=\"Lottomat\" \/>\n<meta property=\"article:modified_time\" content=\"2026-04-02T15:19:06+00:00\" \/>\n<meta name=\"twitter:card\" content=\"summary_large_image\" \/>\n<script type=\"application\/ld+json\" class=\"yoast-schema-graph\">{\"@context\":\"https:\/\/schema.org\",\"@graph\":[{\"@type\":\"WebPage\",\"@id\":\"https:\/\/lottomat.com\/tr\/kayit\/\",\"url\":\"https:\/\/lottomat.com\/tr\/kayit\/\",\"name\":\"LottoMat\u2019e kaydol \u2013 d\u00fcnya piyangolar\u0131n\u0131 online oyna\",\"isPartOf\":{\"@id\":\"https:\/\/lottomat.com\/tr\/#website\"},\"datePublished\":\"2025-03-26T13:36:23+00:00\",\"dateModified\":\"2026-04-02T15:19:06+00:00\",\"description\":\"LottoMat\u2019e kaydol, d\u00fcnya piyangolar\u0131n\u0131 online oyna. \u00c7ekili\u015f se\u00e7, bilet al ve b\u00fcy\u00fck \u00f6d\u00fcller kazan!\",\"breadcrumb\":{\"@id\":\"https:\/\/lottomat.com\/tr\/kayit\/#breadcrumb\"},\"inLanguage\":\"tr\",\"potentialAction\":[{\"@type\":\"ReadAction\",\"target\":[\"https:\/\/lottomat.com\/tr\/kayit\/\"]}]},{\"@type\":\"BreadcrumbList\",\"@id\":\"https:\/\/lottomat.com\/tr\/kayit\/#breadcrumb\",\"itemListElement\":[{\"@type\":\"ListItem\",\"position\":1,\"name\":\"Home\",\"item\":\"https:\/\/lottomat.com\/tr\/\"},{\"@type\":\"ListItem\",\"position\":2,\"name\":\"Kay\u0131t\"}]},{\"@type\":\"WebSite\",\"@id\":\"https:\/\/lottomat.com\/tr\/#website\",\"url\":\"https:\/\/lottomat.com\/tr\/\",\"name\":\"Lottomat\",\"description\":\"\",\"potentialAction\":[{\"@type\":\"SearchAction\",\"target\":{\"@type\":\"EntryPoint\",\"urlTemplate\":\"https:\/\/lottomat.com\/tr\/?s={search_term_string}\"},\"query-input\":{\"@type\":\"PropertyValueSpecification\",\"valueRequired\":true,\"valueName\":\"search_term_string\"}}],\"inLanguage\":\"tr\"}]}<\/script>\n<!-- \/ Yoast SEO plugin. -->","yoast_head_json":{"title":"LottoMat\u2019e kaydol \u2013 d\u00fcnya piyangolar\u0131n\u0131 online oyna","description":"LottoMat\u2019e kaydol, d\u00fcnya piyangolar\u0131n\u0131 online oyna. \u00c7ekili\u015f se\u00e7, bilet al ve b\u00fcy\u00fck \u00f6d\u00fcller kazan!","robots":{"index":"index","follow":"follow","max-snippet":"max-snippet:-1","max-image-preview":"max-image-preview:large","max-video-preview":"max-video-preview:-1"},"canonical":"https:\/\/lottomat.com\/tr\/kayit\/","og_locale":"tr_TR","og_type":"article","og_title":"LottoMat\u2019e kaydol \u2013 d\u00fcnya piyangolar\u0131n\u0131 online oyna","og_description":"LottoMat\u2019e kaydol, d\u00fcnya piyangolar\u0131n\u0131 online oyna. \u00c7ekili\u015f se\u00e7, bilet al ve b\u00fcy\u00fck \u00f6d\u00fcller kazan!","og_url":"https:\/\/lottomat.com\/tr\/kayit\/","og_site_name":"Lottomat","article_modified_time":"2026-04-02T15:19:06+00:00","twitter_card":"summary_large_image","schema":{"@context":"https:\/\/schema.org","@graph":[{"@type":"WebPage","@id":"https:\/\/lottomat.com\/tr\/kayit\/","url":"https:\/\/lottomat.com\/tr\/kayit\/","name":"LottoMat\u2019e kaydol \u2013 d\u00fcnya piyangolar\u0131n\u0131 online oyna","isPartOf":{"@id":"https:\/\/lottomat.com\/tr\/#website"},"datePublished":"2025-03-26T13:36:23+00:00","dateModified":"2026-04-02T15:19:06+00:00","description":"LottoMat\u2019e kaydol, d\u00fcnya piyangolar\u0131n\u0131 online oyna. \u00c7ekili\u015f se\u00e7, bilet al ve b\u00fcy\u00fck \u00f6d\u00fcller kazan!","breadcrumb":{"@id":"https:\/\/lottomat.com\/tr\/kayit\/#breadcrumb"},"inLanguage":"tr","potentialAction":[{"@type":"ReadAction","target":["https:\/\/lottomat.com\/tr\/kayit\/"]}]},{"@type":"BreadcrumbList","@id":"https:\/\/lottomat.com\/tr\/kayit\/#breadcrumb","itemListElement":[{"@type":"ListItem","position":1,"name":"Home","item":"https:\/\/lottomat.com\/tr\/"},{"@type":"ListItem","position":2,"name":"Kay\u0131t"}]},{"@type":"WebSite","@id":"https:\/\/lottomat.com\/tr\/#website","url":"https:\/\/lottomat.com\/tr\/","name":"Lottomat","description":"","potentialAction":[{"@type":"SearchAction","target":{"@type":"EntryPoint","urlTemplate":"https:\/\/lottomat.com\/tr\/?s={search_term_string}"},"query-input":{"@type":"PropertyValueSpecification","valueRequired":true,"valueName":"search_term_string"}}],"inLanguage":"tr"}]}},"_links":{"self":[{"href":"https:\/\/lottomat.com\/tr\/wp-json\/wp\/v2\/pages\/240952","targetHints":{"allow":["GET"]}}],"collection":[{"href":"https:\/\/lottomat.com\/tr\/wp-json\/wp\/v2\/pages"}],"about":[{"href":"https:\/\/lottomat.com\/tr\/wp-json\/wp\/v2\/types\/page"}],"author":[{"embeddable":true,"href":"https:\/\/lottomat.com\/tr\/wp-json\/wp\/v2\/users\/1"}],"replies":[{"embeddable":true,"href":"https:\/\/lottomat.com\/tr\/wp-json\/wp\/v2\/comments?post=240952"}],"version-history":[{"count":1,"href":"https:\/\/lottomat.com\/tr\/wp-json\/wp\/v2\/pages\/240952\/revisions"}],"predecessor-version":[{"id":276446,"href":"https:\/\/lottomat.com\/tr\/wp-json\/wp\/v2\/pages\/240952\/revisions\/276446"}],"wp:attachment":[{"href":"https:\/\/lottomat.com\/tr\/wp-json\/wp\/v2\/media?parent=240952"}],"curies":[{"name":"wp","href":"https:\/\/api.w.org\/{rel}","templated":true}]}}