{"id":240935,"date":"2025-03-26T07:52:23","date_gmt":"2025-03-26T07:52:23","guid":{"rendered":"https:\/\/lottomat.net\/piyango-oyna\/cevrimici-powerball-oyna\/"},"modified":"2026-02-13T13:07:33","modified_gmt":"2026-02-13T13:07:33","slug":"powerball","status":"publish","type":"page","link":"https:\/\/lottomat.com\/tr\/oyna\/powerball\/","title":{"rendered":"Powerball&#8217;u Online Oyna &#8211; Powerball Biletleri"},"content":{"rendered":"\n\n<div class=\"kk-star-ratings kksr-auto kksr-align-left kksr-valign-top\"\n    data-payload='{&quot;align&quot;:&quot;left&quot;,&quot;id&quot;:&quot;240935&quot;,&quot;slug&quot;:&quot;default&quot;,&quot;valign&quot;:&quot;top&quot;,&quot;ignore&quot;:&quot;&quot;,&quot;reference&quot;:&quot;auto&quot;,&quot;class&quot;:&quot;&quot;,&quot;count&quot;:&quot;0&quot;,&quot;legendonly&quot;:&quot;&quot;,&quot;readonly&quot;:&quot;&quot;,&quot;score&quot;:&quot;0&quot;,&quot;starsonly&quot;:&quot;&quot;,&quot;best&quot;:&quot;5&quot;,&quot;gap&quot;:&quot;5&quot;,&quot;greet&quot;:&quot;Rate this page&quot;,&quot;legend&quot;:&quot;0\\\/5 - (0 votes)&quot;,&quot;size&quot;:&quot;30&quot;,&quot;title&quot;:&quot;Powerball\\u0026#039;u Online Oyna - Powerball Biletleri&quot;,&quot;width&quot;:&quot;0&quot;,&quot;_legend&quot;:&quot;{score}\\\/{best} - ({count} {votes})&quot;,&quot;font_factor&quot;:&quot;1.25&quot;}'>\n            \n<div class=\"kksr-stars\">\n    \n<div class=\"kksr-stars-inactive\">\n            <div class=\"kksr-star\" data-star=\"1\" style=\"padding-right: 5px\">\n            \n\n<div class=\"kksr-icon\" style=\"width: 30px; height: 30px;\"><\/div>\n        <\/div>\n            <div class=\"kksr-star\" data-star=\"2\" style=\"padding-right: 5px\">\n            \n\n<div class=\"kksr-icon\" style=\"width: 30px; height: 30px;\"><\/div>\n        <\/div>\n            <div class=\"kksr-star\" data-star=\"3\" style=\"padding-right: 5px\">\n            \n\n<div class=\"kksr-icon\" style=\"width: 30px; height: 30px;\"><\/div>\n        <\/div>\n            <div class=\"kksr-star\" data-star=\"4\" style=\"padding-right: 5px\">\n            \n\n<div class=\"kksr-icon\" style=\"width: 30px; height: 30px;\"><\/div>\n        <\/div>\n            <div class=\"kksr-star\" data-star=\"5\" style=\"padding-right: 5px\">\n            \n\n<div class=\"kksr-icon\" style=\"width: 30px; height: 30px;\"><\/div>\n        <\/div>\n    <\/div>\n    \n<div class=\"kksr-stars-active\" style=\"width: 0px;\">\n            <div class=\"kksr-star\" style=\"padding-right: 5px\">\n            \n\n<div class=\"kksr-icon\" style=\"width: 30px; height: 30px;\"><\/div>\n        <\/div>\n            <div class=\"kksr-star\" style=\"padding-right: 5px\">\n            \n\n<div class=\"kksr-icon\" style=\"width: 30px; height: 30px;\"><\/div>\n        <\/div>\n            <div class=\"kksr-star\" style=\"padding-right: 5px\">\n            \n\n<div class=\"kksr-icon\" style=\"width: 30px; height: 30px;\"><\/div>\n        <\/div>\n            <div class=\"kksr-star\" style=\"padding-right: 5px\">\n            \n\n<div class=\"kksr-icon\" style=\"width: 30px; height: 30px;\"><\/div>\n        <\/div>\n            <div class=\"kksr-star\" style=\"padding-right: 5px\">\n            \n\n<div class=\"kksr-icon\" style=\"width: 30px; height: 30px;\"><\/div>\n        <\/div>\n    <\/div>\n<\/div>\n                \n\n<div class=\"kksr-legend\" style=\"font-size: 24px;\">\n            <span class=\"kksr-muted\">Rate this page<\/span>\n    <\/div>\n    <\/div>\n<h2><img loading=\"lazy\" decoding=\"async\" class=\"alignleft wp-image-252142\" src=\"https:\/\/lottomat.com\/wp-content\/uploads\/2025\/10\/play-Powerball-150x150.webp\" alt=\"Powerball oyna\" width=\"200\" height=\"200\" srcset=\"https:\/\/lottomat.com\/wp-content\/uploads\/2025\/10\/play-Powerball-150x150.webp 150w, https:\/\/lottomat.com\/wp-content\/uploads\/2025\/10\/play-Powerball-300x300.webp 300w, https:\/\/lottomat.com\/wp-content\/uploads\/2025\/10\/play-Powerball-100x100.webp 100w, https:\/\/lottomat.com\/wp-content\/uploads\/2025\/10\/play-Powerball.webp 400w\" sizes=\"auto, (max-width: 200px) 100vw, 200px\" \/>Powerball Piyangosunu Nedir?<\/h2>\n<p>Olduk\u00e7a basit olan \u00fcnl\u00fc piyangonun kurallar\u0131yla ba\u015flayal\u0131m ve Powerball&#8217;u online nas\u0131l oynayaca\u011f\u0131n\u0131z\u0131 \u00e7ok h\u0131zl\u0131 bir \u015fekilde \u00f6\u011freneceksiniz. Oyun, 1 ile 69 aras\u0131ndaki say\u0131lardan be\u015f say\u0131 se\u00e7mek ve 1 ile 26 aras\u0131ndaki say\u0131 havuzundan Power Ball ad\u0131 verilen 1 ekstra say\u0131 se\u00e7mekten olu\u015fur. Kazanan piyango say\u0131lar\u0131n\u0131n tamam\u0131 se\u00e7ilirse, oyuncu garantili ana ikramiyeyi kazan\u0131r, ancak <strong>9 kazanma seviyesi<\/strong> oldu\u011funu unutmay\u0131n. Sadece ekstra Power Ball&#8217;u, yani bonus numaray\u0131 do\u011fru se\u00e7en oyuncu da \u00f6d\u00fcl kazan\u0131r. Powerball online piyangosunda oyuncular i\u00e7in ilgin\u00e7 bir \u00e7\u00f6z\u00fcm de bulunmaktad\u0131r. Buna <strong>Power Play<\/strong> denir ve ana ikramiye d\u0131\u015f\u0131ndaki kazan\u00e7lar\u0131 katlaman\u0131za olanak tan\u0131yan ekstra bir se\u00e7enektir. Ancak bu se\u00e7enek yaln\u0131zca Amerika Birle\u015fik Devletleri s\u0131n\u0131rlar\u0131 i\u00e7inde bir Powerball ofisinde bizzat bilet sat\u0131n al\u0131rken kullan\u0131labilir. \u00c7ekilen t\u00fcm piyango say\u0131lar\u0131n\u0131 se\u00e7en oyuncu ana ikramiyeyi kazan\u0131r, ancak do\u011fru Powerball bonus numaras\u0131n\u0131 se\u00e7mezlerse <strong>1.000.000 dolar<\/strong> garantili \u00f6d\u00fcl al\u0131rlar. Ba\u015fka bir deyi\u015fle, 5 ana say\u0131y\u0131 bilen biri bir milyon dolar al\u0131r. Web sitemizde <a href=\"https:\/\/lottomat.com\/tr\/loto\/powerball\/\">Powerball kurallar\u0131 ve \u00f6d\u00fclleri hakk\u0131nda daha fazla bilgi<\/a> i\u00e7in t\u0131klay\u0131n ve okuyun. Elbette, di\u011fer <a href=\"https:\/\/lottomat.com\/tr\/\">d\u00fcnyan\u0131n en iyi piyangolar\u0131nda<\/a> oldu\u011fu gibi, kazanan olmamas\u0131 durumunda piyango devri ger\u00e7ekle\u015fir ve bu da b\u00fcy\u00fck miktarlarda para kazanma f\u0131rsat\u0131 sa\u011flar, hem de dolar cinsinden. Powerball, milyonlarca dolara d\u00f6n\u00fc\u015fen kazanan biletleriyle \u00fcnlendi. Amerikan piyangosunda en b\u00fcy\u00fck devreden kazan\u00e7 <strong>7 Kas\u0131m 2022<\/strong> tarihinde ger\u00e7ekle\u015fti ve <strong>2,04 milyar dolar<\/strong> tutar\u0131nda olup, nakit de\u011feri <strong>997,6 milyon dolard\u0131<\/strong>.<\/p>\n<h2>Powerball Biletleri Nas\u0131l Sat\u0131n Al\u0131n\u0131r?<img loading=\"lazy\" decoding=\"async\" class=\"alignright wp-image-252172\" src=\"https:\/\/lottomat.com\/wp-content\/uploads\/2025\/10\/Powerball-lottery-tickets-300x300.webp\" alt=\"Powerball piyango biletleri\" width=\"200\" height=\"200\" srcset=\"https:\/\/lottomat.com\/wp-content\/uploads\/2025\/10\/Powerball-lottery-tickets-300x300.webp 300w, https:\/\/lottomat.com\/wp-content\/uploads\/2025\/10\/Powerball-lottery-tickets-150x150.webp 150w, https:\/\/lottomat.com\/wp-content\/uploads\/2025\/10\/Powerball-lottery-tickets-100x100.webp 100w, https:\/\/lottomat.com\/wp-content\/uploads\/2025\/10\/Powerball-lottery-tickets.webp 400w\" sizes=\"auto, (max-width: 200px) 100vw, 200px\" \/><\/h2>\n<p>Powerball oynama kurallar\u0131ndaki de\u011fi\u015fiklikler sayesinde, Amerika Birle\u015fik Devletleri vatanda\u015f\u0131 olman\u0131za veya topraklar\u0131nda bulunman\u0131za gerek yoktur. <strong>Lottomat web sitesini kullanarak Powerball piyangosuna online olarak kat\u0131labilirsiniz<\/strong>. Bu \u00e7ok kullan\u0131\u015fl\u0131d\u0131r, ayr\u0131ca g\u00fcn\u00fcn her saati ve gecesi, haftan\u0131n yedi g\u00fcn\u00fc Powerball biletlerini sat\u0131n alabilirsiniz. Tek yapman\u0131z gereken Lottomat web sitesindeki Oyna se\u00e7ene\u011fini se\u00e7mek ve uygun say\u0131da bileti doldurmakt\u0131r. Ard\u0131ndan sab\u0131rl\u0131 olman\u0131z ve her <strong>Sal\u0131, Per\u015fembe ve Pazar g\u00fcn\u00fc saat 02:59 UTC&#8217;de<\/strong> ger\u00e7ekle\u015fen \u00e7ekili\u015f i\u00e7in beklemeniz gerekir. Lottomat web sitesi, piyango biletinin ge\u00e7erli oldu\u011funu ve Powerball \u00f6d\u00fcl \u00e7eki\u015fine kat\u0131ld\u0131\u011f\u0131n\u0131 garanti eder. <strong>D\u00fcnyan\u0131n herhangi bir yerinden ve her zaman<\/strong> bilgisayar veya cep telefonu kullanarak sat\u0131n alma yapabilirsiniz. Tek yapman\u0131z gereken g\u00fcvenli bir kullan\u0131c\u0131 hesab\u0131 olu\u015fturmak, bilet sat\u0131n almak ve kazanmay\u0131 beklemek!<\/p>\n<h2>Powerball Online Piyango Biletinin Fiyat\u0131 Nedir?<\/h2>\n<p>Bir biletin maliyetini hesaplamak i\u00e7in, sadece Lottomat web sitesinde bir veya birka\u00e7 bileti doldurman\u0131z yeterlidir. Say\u0131lar\u0131 se\u00e7tikten sonra, <strong>fiyat t\u00fcm biletlerin alt\u0131nda g\u00f6r\u00fcn\u00fcr olacakt\u0131r<\/strong>. Birden fazla bilet doldurduktan sonra, hesap makinesi \u00f6denecek tutar\u0131 hesaplayacakt\u0131r, bu da nihai fiyatt\u0131r. T\u00fcm Powerball biletlerinin fiyat\u0131n\u0131 ve komisyon \u00f6demelerini i\u00e7erir.<\/p>\n<h2><img loading=\"lazy\" decoding=\"async\" class=\"alignleft wp-image-252202\" src=\"https:\/\/lottomat.com\/wp-content\/uploads\/2025\/10\/Powerball-online-tickets-300x300.webp\" alt=\"Powerball online biletleri\" width=\"200\" height=\"200\" srcset=\"https:\/\/lottomat.com\/wp-content\/uploads\/2025\/10\/Powerball-online-tickets-300x300.webp 300w, https:\/\/lottomat.com\/wp-content\/uploads\/2025\/10\/Powerball-online-tickets-150x150.webp 150w, https:\/\/lottomat.com\/wp-content\/uploads\/2025\/10\/Powerball-online-tickets-100x100.webp 100w, https:\/\/lottomat.com\/wp-content\/uploads\/2025\/10\/Powerball-online-tickets.webp 400w\" sizes=\"auto, (max-width: 200px) 100vw, 200px\" \/><\/h2>\n<h2>Powerball Online Nas\u0131l Oynan\u0131r?<\/h2>\n<p>Web sitemiz sayesinde, d\u00fcnyan\u0131n en pop\u00fcler piyangosuna art\u0131k evden \u00e7\u0131kmadan eri\u015febilirsiniz. Powerball&#8217;u online oynamak i\u00e7in, <strong>1 ile 69 aras\u0131ndan be\u015f ana say\u0131 ve 1 ile 26 aras\u0131ndan bir ekstra Power Ball say\u0131s\u0131 se\u00e7in<\/strong>. Say\u0131lar\u0131n\u0131z\u0131 manuel olarak se\u00e7ebilir veya <strong>rastgele se\u00e7im i\u00e7in H\u0131zl\u0131 Se\u00e7im se\u00e7ene\u011fini kullanabilirsiniz<\/strong>. Bu kadar basit! Lottomat ile oynamak tamamen g\u00fcvenli ve emniyetlidir. <strong>Ge\u00e7erliliklerini ve sizin g\u00f6n\u00fcl rahatl\u0131\u011f\u0131n\u0131z\u0131 sa\u011flamak i\u00e7in sat\u0131n al\u0131nan t\u00fcm biletleri tarat\u0131yoruz.<\/strong> Lottomat ile d\u00fcnyan\u0131n her yerinden Powerball&#8217;u online oynayabilirsiniz &#8211; tek ihtiyac\u0131n\u0131z olan <strong>internet eri\u015fimi ve online \u00f6deme imkan\u0131d\u0131r.<\/strong> Bu k\u00fcresel eri\u015filebilirlik, d\u00fcnyan\u0131n en heyecan verici piyangolar\u0131ndan birine kat\u0131lmay\u0131 her zamankinden daha kolay hale getirir.<\/p>\n<h2>Daha Fazla Powerball Bileti Online Sat\u0131n Alabilir miyim?<\/h2>\n<p><strong>Evet, kazanma \u015fans\u0131n\u0131z\u0131 art\u0131rmak i\u00e7in kesinlikle birden fazla Powerball bileti online sat\u0131n alabilirsiniz<\/strong>. Oynarken <strong>&#8220;daha fazla sat\u0131r&#8221; se\u00e7ene\u011fini<\/strong> se\u00e7in ve oynamak istedi\u011finiz kadar sat\u0131r se\u00e7in. Her ek sat\u0131r, jackpot&#8217;u veya ikincil \u00f6d\u00fcllerden herhangi birini kazanmak i\u00e7in ba\u015fka bir \u015fans temsil eder. Ne kadar \u00e7ok bilet sat\u0131n al\u0131rsan\u0131z, kazanan say\u0131lar\u0131 e\u015fle\u015ftirme olas\u0131l\u0131\u011f\u0131n\u0131z o kadar artar.<\/p>\n<h2>Birden Fazla \u00c7ekili\u015f \u0130\u00e7in Powerball Biletlerini Online Sat\u0131n Alabilir miyim?<\/h2>\n<h2><img loading=\"lazy\" decoding=\"async\" class=\"alignright wp-image-252232\" src=\"https:\/\/lottomat.com\/wp-content\/uploads\/2025\/10\/Powerball-online-300x300.webp\" alt=\"Powerball online\" width=\"200\" height=\"200\" srcset=\"https:\/\/lottomat.com\/wp-content\/uploads\/2025\/10\/Powerball-online-300x300.webp 300w, https:\/\/lottomat.com\/wp-content\/uploads\/2025\/10\/Powerball-online-150x150.webp 150w, https:\/\/lottomat.com\/wp-content\/uploads\/2025\/10\/Powerball-online-100x100.webp 100w, https:\/\/lottomat.com\/wp-content\/uploads\/2025\/10\/Powerball-online.webp 400w\" sizes=\"auto, (max-width: 200px) 100vw, 200px\" \/><\/h2>\n<p>Kesinlikle! Lottomat&#8217;ta, \u00f6nceden <strong>8 ard\u0131\u015f\u0131k \u00e7ekili\u015f i\u00e7in Powerball biletleri sat\u0131n alabilirsiniz<\/strong>. Bu kullan\u0131\u015fl\u0131 \u00f6zellik, her bir \u00e7ekili\u015f i\u00e7in bilet sat\u0131n almay\u0131 hat\u0131rlaman\u0131za gerek olmad\u0131\u011f\u0131 anlam\u0131na gelir &#8211; say\u0131lar\u0131n\u0131z otomatik olarak gelecekteki birden fazla \u00e7ekili\u015fe dahil edilecektir. Bu \u00f6n sat\u0131n alma se\u00e7ene\u011fi <strong>hi\u00e7bir \u00e7ekili\u015fi ka\u00e7\u0131rmaman\u0131z\u0131<\/strong> sa\u011flar ve birka\u00e7 hafta boyunca piyangoya s\u00fcrekli kat\u0131l\u0131m sa\u011flar.<\/p>\n<h2>Powerball Online Piyango Sonu\u00e7lar\u0131 Nas\u0131l Kontrol Edilir?<\/h2>\n<p><a href=\"https:\/\/lottomat.com\/tr\/sonuclar\/powerball\/\">En son ve ar\u015fivlenmi\u015f Powerball sonu\u00e7lar\u0131n\u0131n<\/a> her ikisini de do\u011frudan Lottomat web sitesinde kolayca kontrol edebilirsiniz. Sonu\u00e7 sayfam\u0131z her \u00e7ekili\u015ften hemen sonra g\u00fcncellenir ve size <strong>do\u011fru ve g\u00fcncel kazanan numaralar\u0131<\/strong> sa\u011flar. \u0130ster son \u00e7ekili\u015fleri kontrol etmek isteyin ister ge\u00e7mi\u015f sonu\u00e7lara bakmak isteyin, t\u00fcm bilgiler parmaklar\u0131n\u0131z\u0131n ucunda mevcuttur. Bu kullan\u0131\u015fl\u0131 \u00f6zellik, birden fazla kaynakta arama yapmak zorunda kalmadan say\u0131lar\u0131n\u0131z\u0131n kazan\u0131p kazanmad\u0131\u011f\u0131n\u0131 h\u0131zl\u0131ca do\u011frulaman\u0131za olanak tan\u0131r.<\/p>\n<h2><img loading=\"lazy\" decoding=\"async\" class=\"alignleft wp-image-252262\" src=\"https:\/\/lottomat.com\/wp-content\/uploads\/2025\/10\/Powerball-tickets-300x300.webp\" alt=\"Powerball biletleri\" width=\"200\" height=\"200\" srcset=\"https:\/\/lottomat.com\/wp-content\/uploads\/2025\/10\/Powerball-tickets-300x300.webp 300w, https:\/\/lottomat.com\/wp-content\/uploads\/2025\/10\/Powerball-tickets-150x150.webp 150w, https:\/\/lottomat.com\/wp-content\/uploads\/2025\/10\/Powerball-tickets-100x100.webp 100w, https:\/\/lottomat.com\/wp-content\/uploads\/2025\/10\/Powerball-tickets.webp 400w\" sizes=\"auto, (max-width: 200px) 100vw, 200px\" \/>Lottomat Powerball Biletlerini Online Tarat\u0131yor mu?<\/h2>\n<p><strong>Evet, kesinlikle!<\/strong> Yetkili temsilcilerimiz sizin ad\u0131n\u0131za resmi, lisansl\u0131 perakende sat\u0131\u015f noktalar\u0131nda fiziksel olarak Powerball biletleri sat\u0131n al\u0131r. Oyuncular\u0131m\u0131z i\u00e7in tam \u015feffafl\u0131k ve g\u00fcvenlik sa\u011flamak amac\u0131yla <strong>orijinal biletleri taray\u0131p g\u00fcvenli bir \u015fekilde saklar\u0131z<\/strong>. Bu, bilet sat\u0131n al\u0131m\u0131n\u0131z\u0131n kan\u0131t\u0131na sahip oldu\u011funuz ve giri\u015finizin resmi Powerball \u00e7ekili\u015fi i\u00e7in ge\u00e7erli oldu\u011fundan emin olabilece\u011finiz anlam\u0131na gelir. Orijinal biletler g\u00fcvenli tesislerimizde saklan\u0131r ve bu da yat\u0131r\u0131m\u0131n\u0131z konusunda size g\u00f6n\u00fcl rahatl\u0131\u011f\u0131 verir.<\/p>\n<h2>En \u0130yi Powerball Online \u0130pu\u00e7lar\u0131 Nelerdir?<\/h2>\n<p>\u00d6zellikle devir oldu\u011funda oynay\u0131n. <strong>Powerball&#8217;un d\u00fcnyan\u0131n en b\u00fcy\u00fck devirleri vard\u0131r<\/strong> ve sadece bir biletle bile kazanma \u015fans\u0131n\u0131z bulunur. En b\u00fcy\u00fck jackpot tam <strong>2,04 milyar dolara<\/strong> ula\u015ft\u0131! Ayr\u0131ca <a href=\"https:\/\/lottomat.com\/tr\/sonuclar\/\">piyango \u00e7ekili\u015f sonu\u00e7lar\u0131 sayfas\u0131nda<\/a> bulabilece\u011finiz en \u00e7ok \u00e7ekilen say\u0131lar\u0131 da kullanabilirsiniz. Hem g\u00fcncel \u00e7ekili\u015f sonu\u00e7lar\u0131 hem de ar\u015fivlenmi\u015f sonu\u00e7lar bulunur. <strong>Powerball&#8217;u online oynaman\u0131n bir e\u011flence bi\u00e7imi olmas\u0131 gerekti\u011fini<\/strong> unutmay\u0131n, bu nedenle sorumlu bir \u015fekilde oynamak ve sa\u011fduyulu olmak \u00f6nemlidir. Kendiniz i\u00e7in bir b\u00fct\u00e7e belirleyin ve ona sad\u0131k kal\u0131n, piyango biletlerini bir yat\u0131r\u0131m stratejisi yerine e\u011flenceli bir aktivite olarak g\u00f6r\u00fcn.<\/p>\n<h3>Kazanma \u015eans\u0131n\u0131z\u0131 Art\u0131rmaya Yard\u0131mc\u0131 Olabilecek \u0130pu\u00e7lar\u0131<\/h3>\n<p>Birden fazla Powerball bileti sat\u0131n almak, her ekstra biletin \u00e7ekilen say\u0131lar\u0131 elde etme \u015fans\u0131n\u0131 art\u0131rd\u0131\u011f\u0131 anlam\u0131na gelir. Se\u00e7ti\u011finiz say\u0131lar\u0131n \u00e7e\u015fitli oldu\u011fundan emin olun \u00e7\u00fcnk\u00fc havuz b\u00fcy\u00fckt\u00fcr, bu nedenle kendinizi do\u011fum tarihleri gibi aral\u0131\u011f\u0131n\u0131z\u0131 \u00f6nemli \u00f6l\u00e7\u00fcde daraltacak \u015feylerle s\u0131n\u0131rlamay\u0131n. <a href=\"https:\/\/lottomat.com\/tr\/oyna\/\">Online piyango biletleri sat\u0131n alman\u0131n<\/a> maliyetini d\u00fc\u015f\u00fcrmek i\u00e7in, sevdiklerinizi oynamaya davet edebilirsiniz, bu da artan kazanma \u015fans\u0131n\u0131 garanti eder. Biletlerin maliyetleri daha fazla say\u0131da ki\u015fi aras\u0131nda b\u00f6l\u00fcnebilir, bu da herkes i\u00e7in daha uygun fiyatl\u0131 hale getirir. <a href=\"https:\/\/lottomat.com\/tr\/loto\/\">En b\u00fcy\u00fck piyango devirleri<\/a> oldu\u011funda oynay\u0131n \u00e7\u00fcnk\u00fc t\u00fcm Powerball oyunu kazanma \u015fans\u0131yla ilgilidir! <strong>\u0130stedi\u011finiz zaman kazanan bir bilet sat\u0131n alabilir ve milyoner olabilirsiniz!<\/strong><\/p>\n","protected":false},"excerpt":{"rendered":"<p>Powerball Piyangosunu Nedir? Olduk\u00e7a basit olan \u00fcnl\u00fc piyangonun kurallar\u0131yla ba\u015flayal\u0131m ve Powerball&#8217;u online nas\u0131l oynayaca\u011f\u0131n\u0131z\u0131 \u00e7ok h\u0131zl\u0131 bir \u015fekilde \u00f6\u011freneceksiniz. Oyun, 1 ile 69 aras\u0131ndaki say\u0131lardan be\u015f say\u0131 se\u00e7mek ve 1 ile 26 aras\u0131ndaki say\u0131 havuzundan Power Ball ad\u0131 verilen 1 ekstra say\u0131 se\u00e7mekten olu\u015fur. Kazanan piyango say\u0131lar\u0131n\u0131n tamam\u0131 se\u00e7ilirse, oyuncu garantili ana ikramiyeyi kazan\u0131r, [&hellip;]<\/p>\n","protected":false},"author":1,"featured_media":0,"parent":240933,"menu_order":1,"comment_status":"closed","ping_status":"closed","template":"powerball-usa.php","meta":{"_et_pb_use_builder":"","_et_pb_old_content":"","_et_gb_content_width":"","exclude_from_search":false,"footnotes":""},"class_list":["post-240935","page","type-page","status-publish","hentry"],"yoast_head":"<!-- This site is optimized with the Yoast SEO plugin v23.8 - https:\/\/yoast.com\/wordpress\/plugins\/seo\/ -->\n<title>Powerball&#039;u Online Oyna - Powerball Biletleri - Lottomat<\/title>\n<meta name=\"description\" content=\"Powerball online piyangosunu oynamak ister misiniz? Powerball&#039;u nas\u0131l oynayaca\u011f\u0131n\u0131z\u0131 \u00f6\u011frenin ve milyoner olun!\" \/>\n<meta name=\"robots\" content=\"index, follow, max-snippet:-1, max-image-preview:large, max-video-preview:-1\" \/>\n<link rel=\"canonical\" href=\"https:\/\/lottomat.com\/tr\/oyna\/powerball\/\" \/>\n<meta property=\"og:locale\" content=\"tr_TR\" \/>\n<meta property=\"og:type\" content=\"article\" \/>\n<meta property=\"og:title\" content=\"Powerball&#039;u Online Oyna - Powerball Biletleri - Lottomat\" \/>\n<meta property=\"og:description\" content=\"Powerball online piyangosunu oynamak ister misiniz? Powerball&#039;u nas\u0131l oynayaca\u011f\u0131n\u0131z\u0131 \u00f6\u011frenin ve milyoner olun!\" \/>\n<meta property=\"og:url\" content=\"https:\/\/lottomat.com\/tr\/oyna\/powerball\/\" \/>\n<meta property=\"og:site_name\" content=\"Lottomat\" \/>\n<meta property=\"article:modified_time\" content=\"2026-02-13T13:07:33+00:00\" \/>\n<meta property=\"og:image\" content=\"https:\/\/lottomat.com\/wp-content\/uploads\/2025\/10\/play-Powerball-150x150.webp\" \/>\n<meta name=\"twitter:card\" content=\"summary_large_image\" \/>\n<meta name=\"twitter:label1\" content=\"Tahmini okuma s\u00fcresi\" \/>\n\t<meta name=\"twitter:data1\" content=\"6 dakika\" \/>\n<script type=\"application\/ld+json\" class=\"yoast-schema-graph\">{\"@context\":\"https:\/\/schema.org\",\"@graph\":[{\"@type\":\"WebPage\",\"@id\":\"https:\/\/lottomat.com\/tr\/oyna\/powerball\/\",\"url\":\"https:\/\/lottomat.com\/tr\/oyna\/powerball\/\",\"name\":\"Powerball'u Online Oyna - Powerball Biletleri - Lottomat\",\"isPartOf\":{\"@id\":\"https:\/\/lottomat.com\/tr\/#website\"},\"primaryImageOfPage\":{\"@id\":\"https:\/\/lottomat.com\/tr\/oyna\/powerball\/#primaryimage\"},\"image\":{\"@id\":\"https:\/\/lottomat.com\/tr\/oyna\/powerball\/#primaryimage\"},\"thumbnailUrl\":\"https:\/\/lottomat.com\/wp-content\/uploads\/2025\/10\/play-Powerball-150x150.webp\",\"datePublished\":\"2025-03-26T07:52:23+00:00\",\"dateModified\":\"2026-02-13T13:07:33+00:00\",\"description\":\"Powerball online piyangosunu oynamak ister misiniz? Powerball'u nas\u0131l oynayaca\u011f\u0131n\u0131z\u0131 \u00f6\u011frenin ve milyoner olun!\",\"breadcrumb\":{\"@id\":\"https:\/\/lottomat.com\/tr\/oyna\/powerball\/#breadcrumb\"},\"inLanguage\":\"tr\",\"potentialAction\":[{\"@type\":\"ReadAction\",\"target\":[\"https:\/\/lottomat.com\/tr\/oyna\/powerball\/\"]}]},{\"@type\":\"ImageObject\",\"inLanguage\":\"tr\",\"@id\":\"https:\/\/lottomat.com\/tr\/oyna\/powerball\/#primaryimage\",\"url\":\"https:\/\/lottomat.com\/wp-content\/uploads\/2025\/10\/play-Powerball-150x150.webp\",\"contentUrl\":\"https:\/\/lottomat.com\/wp-content\/uploads\/2025\/10\/play-Powerball-150x150.webp\"},{\"@type\":\"BreadcrumbList\",\"@id\":\"https:\/\/lottomat.com\/tr\/oyna\/powerball\/#breadcrumb\",\"itemListElement\":[{\"@type\":\"ListItem\",\"position\":1,\"name\":\"Home\",\"item\":\"https:\/\/lottomat.com\/tr\/\"},{\"@type\":\"ListItem\",\"position\":2,\"name\":\"Piyango Oyna\",\"item\":\"https:\/\/lottomat.com\/tr\/oyna\/\"},{\"@type\":\"ListItem\",\"position\":3,\"name\":\"Powerball&#8217;u Online Oyna &#8211; Powerball Biletleri\"}]},{\"@type\":\"WebSite\",\"@id\":\"https:\/\/lottomat.com\/tr\/#website\",\"url\":\"https:\/\/lottomat.com\/tr\/\",\"name\":\"Lottomat\",\"description\":\"\",\"potentialAction\":[{\"@type\":\"SearchAction\",\"target\":{\"@type\":\"EntryPoint\",\"urlTemplate\":\"https:\/\/lottomat.com\/tr\/?s={search_term_string}\"},\"query-input\":{\"@type\":\"PropertyValueSpecification\",\"valueRequired\":true,\"valueName\":\"search_term_string\"}}],\"inLanguage\":\"tr\"}]}<\/script>\n<!-- \/ Yoast SEO plugin. -->","yoast_head_json":{"title":"Powerball'u Online Oyna - Powerball Biletleri - Lottomat","description":"Powerball online piyangosunu oynamak ister misiniz? Powerball'u nas\u0131l oynayaca\u011f\u0131n\u0131z\u0131 \u00f6\u011frenin ve milyoner olun!","robots":{"index":"index","follow":"follow","max-snippet":"max-snippet:-1","max-image-preview":"max-image-preview:large","max-video-preview":"max-video-preview:-1"},"canonical":"https:\/\/lottomat.com\/tr\/oyna\/powerball\/","og_locale":"tr_TR","og_type":"article","og_title":"Powerball'u Online Oyna - Powerball Biletleri - Lottomat","og_description":"Powerball online piyangosunu oynamak ister misiniz? Powerball'u nas\u0131l oynayaca\u011f\u0131n\u0131z\u0131 \u00f6\u011frenin ve milyoner olun!","og_url":"https:\/\/lottomat.com\/tr\/oyna\/powerball\/","og_site_name":"Lottomat","article_modified_time":"2026-02-13T13:07:33+00:00","og_image":[{"url":"https:\/\/lottomat.com\/wp-content\/uploads\/2025\/10\/play-Powerball-150x150.webp"}],"twitter_card":"summary_large_image","twitter_misc":{"Tahmini okuma s\u00fcresi":"6 dakika"},"schema":{"@context":"https:\/\/schema.org","@graph":[{"@type":"WebPage","@id":"https:\/\/lottomat.com\/tr\/oyna\/powerball\/","url":"https:\/\/lottomat.com\/tr\/oyna\/powerball\/","name":"Powerball'u Online Oyna - Powerball Biletleri - Lottomat","isPartOf":{"@id":"https:\/\/lottomat.com\/tr\/#website"},"primaryImageOfPage":{"@id":"https:\/\/lottomat.com\/tr\/oyna\/powerball\/#primaryimage"},"image":{"@id":"https:\/\/lottomat.com\/tr\/oyna\/powerball\/#primaryimage"},"thumbnailUrl":"https:\/\/lottomat.com\/wp-content\/uploads\/2025\/10\/play-Powerball-150x150.webp","datePublished":"2025-03-26T07:52:23+00:00","dateModified":"2026-02-13T13:07:33+00:00","description":"Powerball online piyangosunu oynamak ister misiniz? Powerball'u nas\u0131l oynayaca\u011f\u0131n\u0131z\u0131 \u00f6\u011frenin ve milyoner olun!","breadcrumb":{"@id":"https:\/\/lottomat.com\/tr\/oyna\/powerball\/#breadcrumb"},"inLanguage":"tr","potentialAction":[{"@type":"ReadAction","target":["https:\/\/lottomat.com\/tr\/oyna\/powerball\/"]}]},{"@type":"ImageObject","inLanguage":"tr","@id":"https:\/\/lottomat.com\/tr\/oyna\/powerball\/#primaryimage","url":"https:\/\/lottomat.com\/wp-content\/uploads\/2025\/10\/play-Powerball-150x150.webp","contentUrl":"https:\/\/lottomat.com\/wp-content\/uploads\/2025\/10\/play-Powerball-150x150.webp"},{"@type":"BreadcrumbList","@id":"https:\/\/lottomat.com\/tr\/oyna\/powerball\/#breadcrumb","itemListElement":[{"@type":"ListItem","position":1,"name":"Home","item":"https:\/\/lottomat.com\/tr\/"},{"@type":"ListItem","position":2,"name":"Piyango Oyna","item":"https:\/\/lottomat.com\/tr\/oyna\/"},{"@type":"ListItem","position":3,"name":"Powerball&#8217;u Online Oyna &#8211; Powerball Biletleri"}]},{"@type":"WebSite","@id":"https:\/\/lottomat.com\/tr\/#website","url":"https:\/\/lottomat.com\/tr\/","name":"Lottomat","description":"","potentialAction":[{"@type":"SearchAction","target":{"@type":"EntryPoint","urlTemplate":"https:\/\/lottomat.com\/tr\/?s={search_term_string}"},"query-input":{"@type":"PropertyValueSpecification","valueRequired":true,"valueName":"search_term_string"}}],"inLanguage":"tr"}]}},"_links":{"self":[{"href":"https:\/\/lottomat.com\/tr\/wp-json\/wp\/v2\/pages\/240935","targetHints":{"allow":["GET"]}}],"collection":[{"href":"https:\/\/lottomat.com\/tr\/wp-json\/wp\/v2\/pages"}],"about":[{"href":"https:\/\/lottomat.com\/tr\/wp-json\/wp\/v2\/types\/page"}],"author":[{"embeddable":true,"href":"https:\/\/lottomat.com\/tr\/wp-json\/wp\/v2\/users\/1"}],"replies":[{"embeddable":true,"href":"https:\/\/lottomat.com\/tr\/wp-json\/wp\/v2\/comments?post=240935"}],"version-history":[{"count":1,"href":"https:\/\/lottomat.com\/tr\/wp-json\/wp\/v2\/pages\/240935\/revisions"}],"predecessor-version":[{"id":271018,"href":"https:\/\/lottomat.com\/tr\/wp-json\/wp\/v2\/pages\/240935\/revisions\/271018"}],"up":[{"embeddable":true,"href":"https:\/\/lottomat.com\/tr\/wp-json\/wp\/v2\/pages\/240933"}],"wp:attachment":[{"href":"https:\/\/lottomat.com\/tr\/wp-json\/wp\/v2\/media?parent=240935"}],"curies":[{"name":"wp","href":"https:\/\/api.w.org\/{rel}","templated":true}]}}