{"id":240931,"date":"2025-03-26T07:12:15","date_gmt":"2025-03-26T07:12:15","guid":{"rendered":"https:\/\/lottomat.net\/lottomat-dunyanin-en-buyuk-piyangolari-tek-bir-yerde\/"},"modified":"2025-07-28T13:18:37","modified_gmt":"2025-07-28T13:18:37","slug":"lottomat-dunyanin-en-buyuk-piyangolari-tek-bir-yerde","status":"publish","type":"page","link":"https:\/\/lottomat.com\/tr\/","title":{"rendered":"Lottomat &#8211; d\u00fcnyan\u0131n en b\u00fcy\u00fck piyangolar\u0131 tek bir yerde"},"content":{"rendered":"\n\n<div class=\"kk-star-ratings kksr-auto kksr-align-left kksr-valign-top\"\n    data-payload='{&quot;align&quot;:&quot;left&quot;,&quot;id&quot;:&quot;240931&quot;,&quot;slug&quot;:&quot;default&quot;,&quot;valign&quot;:&quot;top&quot;,&quot;ignore&quot;:&quot;&quot;,&quot;reference&quot;:&quot;auto&quot;,&quot;class&quot;:&quot;&quot;,&quot;count&quot;:&quot;0&quot;,&quot;legendonly&quot;:&quot;&quot;,&quot;readonly&quot;:&quot;&quot;,&quot;score&quot;:&quot;0&quot;,&quot;starsonly&quot;:&quot;&quot;,&quot;best&quot;:&quot;5&quot;,&quot;gap&quot;:&quot;5&quot;,&quot;greet&quot;:&quot;Rate this page&quot;,&quot;legend&quot;:&quot;0\\\/5 - (0 votes)&quot;,&quot;size&quot;:&quot;30&quot;,&quot;title&quot;:&quot;Lottomat - d\u00fcnyan\u0131n en b\u00fcy\u00fck piyangolar\u0131 tek bir yerde&quot;,&quot;width&quot;:&quot;0&quot;,&quot;_legend&quot;:&quot;{score}\\\/{best} - ({count} {votes})&quot;,&quot;font_factor&quot;:&quot;1.25&quot;}'>\n            \n<div class=\"kksr-stars\">\n    \n<div class=\"kksr-stars-inactive\">\n            <div class=\"kksr-star\" data-star=\"1\" style=\"padding-right: 5px\">\n            \n\n<div class=\"kksr-icon\" style=\"width: 30px; height: 30px;\"><\/div>\n        <\/div>\n            <div class=\"kksr-star\" data-star=\"2\" style=\"padding-right: 5px\">\n            \n\n<div class=\"kksr-icon\" style=\"width: 30px; height: 30px;\"><\/div>\n        <\/div>\n            <div class=\"kksr-star\" data-star=\"3\" style=\"padding-right: 5px\">\n            \n\n<div class=\"kksr-icon\" style=\"width: 30px; height: 30px;\"><\/div>\n        <\/div>\n            <div class=\"kksr-star\" data-star=\"4\" style=\"padding-right: 5px\">\n            \n\n<div class=\"kksr-icon\" style=\"width: 30px; height: 30px;\"><\/div>\n        <\/div>\n            <div class=\"kksr-star\" data-star=\"5\" style=\"padding-right: 5px\">\n            \n\n<div class=\"kksr-icon\" style=\"width: 30px; height: 30px;\"><\/div>\n        <\/div>\n    <\/div>\n    \n<div class=\"kksr-stars-active\" style=\"width: 0px;\">\n            <div class=\"kksr-star\" style=\"padding-right: 5px\">\n            \n\n<div class=\"kksr-icon\" style=\"width: 30px; height: 30px;\"><\/div>\n        <\/div>\n            <div class=\"kksr-star\" style=\"padding-right: 5px\">\n            \n\n<div class=\"kksr-icon\" style=\"width: 30px; height: 30px;\"><\/div>\n        <\/div>\n            <div class=\"kksr-star\" style=\"padding-right: 5px\">\n            \n\n<div class=\"kksr-icon\" style=\"width: 30px; height: 30px;\"><\/div>\n        <\/div>\n            <div class=\"kksr-star\" style=\"padding-right: 5px\">\n            \n\n<div class=\"kksr-icon\" style=\"width: 30px; height: 30px;\"><\/div>\n        <\/div>\n            <div class=\"kksr-star\" style=\"padding-right: 5px\">\n            \n\n<div class=\"kksr-icon\" style=\"width: 30px; height: 30px;\"><\/div>\n        <\/div>\n    <\/div>\n<\/div>\n                \n\n<div class=\"kksr-legend\" style=\"font-size: 24px;\">\n            <span class=\"kksr-muted\">Rate this page<\/span>\n    <\/div>\n    <\/div>\n<h2 style=\"text-align: left;\"><img loading=\"lazy\" decoding=\"async\" class=\"alignleft wp-image-1091\" src=\"https:\/\/lottomat.com\/wp-content\/uploads\/2025\/03\/play-lotteries-available-in-other-countries-300x300.png\" alt=\"di\u011fer \u00fclkelerde mevcut olan piyangolar\u0131 oynay\u0131n\" width=\"130\" height=\"130\" srcset=\"https:\/\/lottomat.com\/wp-content\/uploads\/2025\/03\/play-lotteries-available-in-other-countries-300x300.png 300w, https:\/\/lottomat.com\/wp-content\/uploads\/2025\/03\/play-lotteries-available-in-other-countries-150x150.png 150w, https:\/\/lottomat.com\/wp-content\/uploads\/2025\/03\/play-lotteries-available-in-other-countries-100x100.png 100w, https:\/\/lottomat.com\/wp-content\/uploads\/2025\/03\/play-lotteries-available-in-other-countries.png 400w\" sizes=\"auto, (max-width: 130px) 100vw, 130px\" \/>Di\u011fer \u00fclkelerde mevcut olan piyangolara kat\u0131labilir miyim?<\/h2>\n<p>Evet, Evet, Evet! Oyuncular\u0131m\u0131z\u0131n en s\u0131k sordu\u011fu sorunun cevab\u0131 evettir &#8211; ikamet etti\u011finiz \u00fclkeden ba\u011f\u0131ms\u0131z olarak d\u00fcnyan\u0131n en b\u00fcy\u00fck piyangolar\u0131n\u0131 oynayabilirsiniz. Lottomat web sitesinde, ikamet etti\u011finiz \u00fclkedeki en yak\u0131n piyango ofisini ziyaret etmenize gerek kalmadan en b\u00fcy\u00fck piyangolar sizin i\u00e7in mevcuttur. Lottomat&#8217;ta, aralar\u0131nda ana \u00f6d\u00fcl\u00fc kazanmak i\u00e7in 90&#8217;dan 6 say\u0131y\u0131 do\u011fru e\u015fle\u015ftirmeniz gereken SuperEnalotto&#8217;nun da bulundu\u011fu en b\u00fcy\u00fck kazan\u00e7lar\u0131 garanti eden piyangolar bulacaks\u0131n\u0131z. Ayr\u0131ca, en \u00f6nemli Avrupa piyangolar\u0131 olan Eurojackpot ve EuroMillions da vard\u0131r; kazanmak i\u00e7in 50&#8217;den sadece be\u015f say\u0131 se\u00e7meniz gerekir. Bizimle, y\u00fcksek kazanma \u015fans\u0131 sunan Frans\u0131z Lottosu, \u0130ngiliz Lottosu veya iki harika \u0130spanyol piyangosu El Gordo ve La Primitiva&#8217;y\u0131 da oynayabilirsiniz. Portf\u00f6y\u00fcm\u00fczde, kazanma \u015fans\u0131n\u0131z\u0131 art\u0131rma f\u0131rsat\u0131 sunan Powerball, Mega Millions ve di\u011fer bir\u00e7ok cazip se\u00e7enek dahil olmak \u00fczere en b\u00fcy\u00fck Amerikan piyangolar\u0131n\u0131 da bulacaks\u0131n\u0131z.<\/p>\n<hr \/>\n<h2><img loading=\"lazy\" decoding=\"async\" class=\"alignleft wp-image-21538 lazy loaded\" src=\"https:\/\/lottomat.net\/wp-content\/uploads\/2020\/06\/euro-jackpot-2.png\" alt=\"euro jackpot\" width=\"130\" height=\"130\" data-src=\"https:\/\/lottomat.net\/wp-content\/uploads\/2020\/06\/euro-jackpot-2.png\" data-was-processed=\"true\" srcset=\"https:\/\/lottomat.com\/wp-content\/uploads\/2020\/06\/euro-jackpot-2.png 400w, https:\/\/lottomat.com\/wp-content\/uploads\/2020\/06\/euro-jackpot-2-300x300.png 300w, https:\/\/lottomat.com\/wp-content\/uploads\/2020\/06\/euro-jackpot-2-150x150.png 150w, https:\/\/lottomat.com\/wp-content\/uploads\/2020\/06\/euro-jackpot-2-100x100.png 100w\" sizes=\"auto, (max-width: 130px) 100vw, 130px\" \/>Biletleri nas\u0131l sat\u0131n alabilirim?<\/h2>\n<p>\u00c7evrimi\u00e7i loto bileti sat\u0131n almak son derece basit, h\u0131zl\u0131 ve her \u015feyden \u00f6nce g\u00fcvenlidir. Tek yapman\u0131z gereken bir loto se\u00e7mek, say\u0131lar\u0131 se\u00e7mek, basit bir kay\u0131t i\u015flemini tamamlamak, kuponu \u00f6demek ve \u00e7ekili\u015ften sonra do\u011fru se\u00e7imi yapt\u0131\u011f\u0131n\u0131z\u0131 do\u011frulamakt\u0131r.<\/p>\n<hr \/>\n<h2><img loading=\"lazy\" decoding=\"async\" class=\"alignleft wp-image-21566 lazy loaded\" src=\"https:\/\/lottomat.net\/wp-content\/uploads\/2020\/06\/Euro-Million.png\" alt=\"Euro Million\" width=\"130\" height=\"130\" data-src=\"https:\/\/lottomat.net\/wp-content\/uploads\/2020\/06\/Euro-Million.png\" data-was-processed=\"true\" srcset=\"https:\/\/lottomat.com\/wp-content\/uploads\/2020\/06\/Euro-Million.png 400w, https:\/\/lottomat.com\/wp-content\/uploads\/2020\/06\/Euro-Million-300x300.png 300w, https:\/\/lottomat.com\/wp-content\/uploads\/2020\/06\/Euro-Million-150x150.png 150w, https:\/\/lottomat.com\/wp-content\/uploads\/2020\/06\/Euro-Million-100x100.png 100w\" sizes=\"auto, (max-width: 130px) 100vw, 130px\" \/>Kuponu internetten sipari\u015f ettikten sonra ne olur?<\/h2>\n<p>Temsilcilerimizden biri se\u00e7ti\u011finiz numaralara g\u00f6re sizin ad\u0131n\u0131za resmi bir kupon sat\u0131n alacakt\u0131r. Kuponunuz \u00e7ekili\u015fe kadar kasada saklanacak ve se\u00e7ti\u011finiz numaralar sitemizdeki kullan\u0131c\u0131 hesab\u0131n\u0131zda olacakt\u0131r. Ayr\u0131ca, bir sat\u0131n alma i\u015flemi yapt\u0131\u011f\u0131n\u0131zda Lottomat size bilet sat\u0131n al\u0131mlar\u0131nda harcanan tutar, \u00f6deme y\u00f6ntemi ve se\u00e7ti\u011finiz numaralar hakk\u0131nda e-posta ile bildirimde bulunacakt\u0131r. Ayr\u0131ca, sat\u0131n al\u0131nan kuponun bir taramas\u0131 hesab\u0131n\u0131za yerle\u015ftirilecektir.<\/p>\n<hr \/>\n<h2><img loading=\"lazy\" decoding=\"async\" class=\"alignleft wp-image-21594 lazy loaded\" src=\"https:\/\/lottomat.net\/wp-content\/uploads\/2020\/06\/Euro-Millions.png\" alt=\"Euro Millions\" width=\"122\" height=\"122\" data-src=\"https:\/\/lottomat.net\/wp-content\/uploads\/2020\/06\/Euro-Millions.png\" data-was-processed=\"true\" srcset=\"https:\/\/lottomat.com\/wp-content\/uploads\/2020\/06\/Euro-Millions.png 400w, https:\/\/lottomat.com\/wp-content\/uploads\/2020\/06\/Euro-Millions-300x300.png 300w, https:\/\/lottomat.com\/wp-content\/uploads\/2020\/06\/Euro-Millions-150x150.png 150w, https:\/\/lottomat.com\/wp-content\/uploads\/2020\/06\/Euro-Millions-100x100.png 100w\" sizes=\"auto, (max-width: 122px) 100vw, 122px\" \/>B\u00fcy\u00fck ikramiyeleri nas\u0131l ka\u00e7\u0131rmazs\u0131n\u0131z?<\/h2>\n<p>Lottomat sizi yakla\u015fan ikramiyeler hakk\u0131nda bilgilendirecektir. Yakla\u015fan \u00e7ekili\u015fi hat\u0131rlatmak i\u00e7in \u00f6nceden bir e-posta alacaks\u0131n\u0131z ve abonelik se\u00e7ene\u011fini kullanarak oyun program\u0131n\u0131z\u0131 planlayabileceksiniz.<\/p>\n<p>&nbsp;<\/p>\n<hr \/>\n<h2><img loading=\"lazy\" decoding=\"async\" class=\"alignleft wp-image-21622 lazy loaded\" src=\"https:\/\/lottomat.net\/wp-content\/uploads\/2020\/06\/mega-millions.png\" alt=\"mega millions\" width=\"130\" height=\"130\" data-src=\"https:\/\/lottomat.net\/wp-content\/uploads\/2020\/06\/mega-millions.png\" data-was-processed=\"true\" srcset=\"https:\/\/lottomat.com\/wp-content\/uploads\/2020\/06\/mega-millions.png 400w, https:\/\/lottomat.com\/wp-content\/uploads\/2020\/06\/mega-millions-300x300.png 300w, https:\/\/lottomat.com\/wp-content\/uploads\/2020\/06\/mega-millions-150x150.png 150w, https:\/\/lottomat.com\/wp-content\/uploads\/2020\/06\/mega-millions-100x100.png 100w\" sizes=\"auto, (max-width: 130px) 100vw, 130px\" \/>Ya kazan\u0131rsam?<\/h2>\n<p>Ayr\u0131ca, \u015fu anda Lottomat kazan\u00e7lar\u0131n\u0131z\u0131 toplaman\u0131z\u0131 kolayla\u015ft\u0131r\u0131r. 2.500 Avro&#8217;ya kadar olan t\u00fcm kazan\u00e7lar\u0131n\u0131z \u00e7ekili\u015ften hemen sonra sistemimizdeki hesab\u0131n\u0131za otomatik olarak yat\u0131r\u0131l\u0131r ve sonraki sat\u0131n al\u0131mlar\u0131n\u0131zda kullan\u0131labilir veya hesab\u0131n\u0131zdan \u00e7ekim olarak talep edilebilir. T\u00fcm bunlar\u0131 \u00e7evrimi\u00e7i olarak yapars\u0131n\u0131z &#8211; rahat ve g\u00fcvenli bir \u015fekilde. \u00d6nemli \u00f6d\u00fcller s\u00f6z konusu oldu\u011funda, Lottomat \u00f6d\u00fcl\u00fc alman\u0131n en uygun yolunu se\u00e7menizde size yard\u0131mc\u0131 olacakt\u0131r. B\u00fcy\u00fck \u00f6d\u00fcller genellikle belirtti\u011finiz banka hesab\u0131na yat\u0131r\u0131l\u0131r ve baz\u0131 durumlarda kazan\u00e7lar\u0131 talep etmek i\u00e7in sizin haz\u0131r bulunman\u0131z gerekebilir. Ayr\u0131ca, mevcut kazananlar\u0131m\u0131z\u0131n \u00e7o\u011funun yapt\u0131\u011f\u0131 gibi, kazan\u00e7lar\u0131n\u0131z\u0131n tad\u0131n\u0131 tam olarak \u00e7\u0131karabilmeniz i\u00e7in bunu ayarlayaca\u011f\u0131z.<\/p>\n<hr \/>\n<h2><img loading=\"lazy\" decoding=\"async\" class=\"alignleft wp-image-21650 lazy loaded\" src=\"https:\/\/lottomat.net\/wp-content\/uploads\/2020\/06\/online-lotto.png\" alt=\"\u00e7evrimi\u00e7i loto\" width=\"130\" height=\"130\" data-src=\"https:\/\/lottomat.net\/wp-content\/uploads\/2020\/06\/online-lotto.png\" data-was-processed=\"true\" srcset=\"https:\/\/lottomat.com\/wp-content\/uploads\/2020\/06\/online-lotto.png 400w, https:\/\/lottomat.com\/wp-content\/uploads\/2020\/06\/online-lotto-300x300.png 300w, https:\/\/lottomat.com\/wp-content\/uploads\/2020\/06\/online-lotto-150x150.png 150w, https:\/\/lottomat.com\/wp-content\/uploads\/2020\/06\/online-lotto-100x100.png 100w\" sizes=\"auto, (max-width: 130px) 100vw, 130px\" \/>Kazanman\u0131n herhangi bir y\u00f6ntemi var m\u0131?<\/h2>\n<p>Size bu t\u00fcr y\u00f6ntemlerden haberdar olmad\u0131\u011f\u0131m\u0131z\u0131 temin etmek istiyoruz. Piyangolar, \u00e7o\u011fu say\u0131 oyunu gibi, rastgeleli\u011fe dayan\u0131r. Muhtemelen birinin Lotto oyunu veya ba\u015fka bir \u015fans oyunu i\u00e7in bir sistem ke\u015ffetti\u011fini duymu\u015fsunuzdur. Belirli say\u0131lar\u0131n di\u011ferlerinden daha s\u0131k \u00e7ekildi\u011fini g\u00f6steren kan\u0131tlara ra\u011fmen, uzmanlar kan\u0131tlanm\u0131\u015f bir sistem olmad\u0131\u011f\u0131 konusunda hemfikirdir. Bu, Lotto paradoksudur. Burada herkesin \u015fans\u0131 ayn\u0131d\u0131r, bu y\u00fczden belki de sadece bug\u00fcn sizin say\u0131 k\u00fcmeniz kazanacakt\u0131r. O halde sistematik oynayal\u0131m, \u00e7\u00fcnk\u00fc kader her an g\u00fcl\u00fcmseyebilir. Mevcut kazananlar\u0131m\u0131z, d\u00fczenlili\u011fin ve tutarl\u0131 oyunun kazanman\u0131n anahtarlar\u0131 oldu\u011funu \u00f6ne s\u00fcr\u00fcyor.<\/p>\n<hr \/>\n<h2 style=\"text-align: center;\"><span style=\"color: #00b3ff;\">Bizde y\u0131l\u0131n 365 g\u00fcn\u00fc, 7\/24 oynayabilirsiniz.<\/span><\/h2>\n","protected":false},"excerpt":{"rendered":"<p>Di\u011fer \u00fclkelerde mevcut olan piyangolara kat\u0131labilir miyim? Evet, Evet, Evet! Oyuncular\u0131m\u0131z\u0131n en s\u0131k sordu\u011fu sorunun cevab\u0131 evettir &#8211; ikamet etti\u011finiz \u00fclkeden ba\u011f\u0131ms\u0131z olarak d\u00fcnyan\u0131n en b\u00fcy\u00fck piyangolar\u0131n\u0131 oynayabilirsiniz. Lottomat web sitesinde, ikamet etti\u011finiz \u00fclkedeki en yak\u0131n piyango ofisini ziyaret etmenize gerek kalmadan en b\u00fcy\u00fck piyangolar sizin i\u00e7in mevcuttur. Lottomat&#8217;ta, aralar\u0131nda ana \u00f6d\u00fcl\u00fc kazanmak i\u00e7in 90&#8217;dan [&hellip;]<\/p>\n","protected":false},"author":1,"featured_media":0,"parent":0,"menu_order":1,"comment_status":"closed","ping_status":"closed","template":"lotto.php","meta":{"_et_pb_use_builder":"","_et_pb_old_content":"","_et_gb_content_width":"","exclude_from_search":false,"footnotes":""},"class_list":["post-240931","page","type-page","status-publish","hentry"],"yoast_head":"<!-- This site is optimized with the Yoast SEO plugin v23.8 - https:\/\/yoast.com\/wordpress\/plugins\/seo\/ -->\n<title>Lotto Online \u2013 \u00c7evrim \u0130\u00e7i Piyango Biletleri &amp; Sonu\u00e7lar\u0131 - Lottomat<\/title>\n<meta name=\"description\" content=\"Lottomat, d\u00fcnyan\u0131n en b\u00fcy\u00fck \u00e7ekili\u015flerini en y\u00fcksek ikramiyelerle sunuyor. Biletlerinizi al\u0131n ve sonu\u00e7lar\u0131 kontrol edin.\" \/>\n<meta name=\"robots\" content=\"index, follow, max-snippet:-1, max-image-preview:large, max-video-preview:-1\" \/>\n<link rel=\"canonical\" href=\"https:\/\/lottomat.com\/tr\/\" \/>\n<meta property=\"og:locale\" content=\"tr_TR\" \/>\n<meta property=\"og:type\" content=\"article\" \/>\n<meta property=\"og:title\" content=\"Lotto Online \u2013 \u00c7evrim \u0130\u00e7i Piyango Biletleri &amp; Sonu\u00e7lar\u0131 - Lottomat\" \/>\n<meta property=\"og:description\" content=\"Lottomat, d\u00fcnyan\u0131n en b\u00fcy\u00fck \u00e7ekili\u015flerini en y\u00fcksek ikramiyelerle sunuyor. Biletlerinizi al\u0131n ve sonu\u00e7lar\u0131 kontrol edin.\" \/>\n<meta property=\"og:url\" content=\"https:\/\/lottomat.com\/tr\/\" \/>\n<meta property=\"og:site_name\" content=\"Lottomat\" \/>\n<meta property=\"article:modified_time\" content=\"2025-07-28T13:18:37+00:00\" \/>\n<meta property=\"og:image\" content=\"https:\/\/lottomat.com\/wp-content\/uploads\/2025\/03\/play-lotteries-available-in-other-countries-300x300.png\" \/>\n<meta name=\"twitter:card\" content=\"summary_large_image\" \/>\n<meta name=\"twitter:label1\" content=\"Tahmini okuma s\u00fcresi\" \/>\n\t<meta name=\"twitter:data1\" content=\"4 dakika\" \/>\n<script type=\"application\/ld+json\" class=\"yoast-schema-graph\">{\"@context\":\"https:\/\/schema.org\",\"@graph\":[{\"@type\":\"WebPage\",\"@id\":\"https:\/\/lottomat.com\/tr\/\",\"url\":\"https:\/\/lottomat.com\/tr\/\",\"name\":\"Lotto Online \u2013 \u00c7evrim \u0130\u00e7i Piyango Biletleri & Sonu\u00e7lar\u0131 - Lottomat\",\"isPartOf\":{\"@id\":\"https:\/\/lottomat.com\/tr\/#website\"},\"primaryImageOfPage\":{\"@id\":\"https:\/\/lottomat.com\/tr\/#primaryimage\"},\"image\":{\"@id\":\"https:\/\/lottomat.com\/tr\/#primaryimage\"},\"thumbnailUrl\":\"https:\/\/lottomat.com\/wp-content\/uploads\/2025\/03\/play-lotteries-available-in-other-countries-300x300.png\",\"datePublished\":\"2025-03-26T07:12:15+00:00\",\"dateModified\":\"2025-07-28T13:18:37+00:00\",\"description\":\"Lottomat, d\u00fcnyan\u0131n en b\u00fcy\u00fck \u00e7ekili\u015flerini en y\u00fcksek ikramiyelerle sunuyor. Biletlerinizi al\u0131n ve sonu\u00e7lar\u0131 kontrol edin.\",\"breadcrumb\":{\"@id\":\"https:\/\/lottomat.com\/tr\/#breadcrumb\"},\"inLanguage\":\"tr\",\"potentialAction\":[{\"@type\":\"ReadAction\",\"target\":[\"https:\/\/lottomat.com\/tr\/\"]}]},{\"@type\":\"ImageObject\",\"inLanguage\":\"tr\",\"@id\":\"https:\/\/lottomat.com\/tr\/#primaryimage\",\"url\":\"https:\/\/lottomat.com\/wp-content\/uploads\/2025\/03\/play-lotteries-available-in-other-countries-300x300.png\",\"contentUrl\":\"https:\/\/lottomat.com\/wp-content\/uploads\/2025\/03\/play-lotteries-available-in-other-countries-300x300.png\"},{\"@type\":\"BreadcrumbList\",\"@id\":\"https:\/\/lottomat.com\/tr\/#breadcrumb\",\"itemListElement\":[{\"@type\":\"ListItem\",\"position\":1,\"name\":\"Home\",\"item\":\"https:\/\/lottomat.com\/tr\/\"},{\"@type\":\"ListItem\",\"position\":2,\"name\":\"Lottomat &#8211; d\u00fcnyan\u0131n en b\u00fcy\u00fck piyangolar\u0131 tek bir yerde\"}]},{\"@type\":\"WebSite\",\"@id\":\"https:\/\/lottomat.com\/tr\/#website\",\"url\":\"https:\/\/lottomat.com\/tr\/\",\"name\":\"Lottomat\",\"description\":\"\",\"potentialAction\":[{\"@type\":\"SearchAction\",\"target\":{\"@type\":\"EntryPoint\",\"urlTemplate\":\"https:\/\/lottomat.com\/tr\/?s={search_term_string}\"},\"query-input\":{\"@type\":\"PropertyValueSpecification\",\"valueRequired\":true,\"valueName\":\"search_term_string\"}}],\"inLanguage\":\"tr\"}]}<\/script>\n<!-- \/ Yoast SEO plugin. -->","yoast_head_json":{"title":"Lotto Online \u2013 \u00c7evrim \u0130\u00e7i Piyango Biletleri & Sonu\u00e7lar\u0131 - Lottomat","description":"Lottomat, d\u00fcnyan\u0131n en b\u00fcy\u00fck \u00e7ekili\u015flerini en y\u00fcksek ikramiyelerle sunuyor. Biletlerinizi al\u0131n ve sonu\u00e7lar\u0131 kontrol edin.","robots":{"index":"index","follow":"follow","max-snippet":"max-snippet:-1","max-image-preview":"max-image-preview:large","max-video-preview":"max-video-preview:-1"},"canonical":"https:\/\/lottomat.com\/tr\/","og_locale":"tr_TR","og_type":"article","og_title":"Lotto Online \u2013 \u00c7evrim \u0130\u00e7i Piyango Biletleri & Sonu\u00e7lar\u0131 - Lottomat","og_description":"Lottomat, d\u00fcnyan\u0131n en b\u00fcy\u00fck \u00e7ekili\u015flerini en y\u00fcksek ikramiyelerle sunuyor. Biletlerinizi al\u0131n ve sonu\u00e7lar\u0131 kontrol edin.","og_url":"https:\/\/lottomat.com\/tr\/","og_site_name":"Lottomat","article_modified_time":"2025-07-28T13:18:37+00:00","og_image":[{"url":"https:\/\/lottomat.com\/wp-content\/uploads\/2025\/03\/play-lotteries-available-in-other-countries-300x300.png"}],"twitter_card":"summary_large_image","twitter_misc":{"Tahmini okuma s\u00fcresi":"4 dakika"},"schema":{"@context":"https:\/\/schema.org","@graph":[{"@type":"WebPage","@id":"https:\/\/lottomat.com\/tr\/","url":"https:\/\/lottomat.com\/tr\/","name":"Lotto Online \u2013 \u00c7evrim \u0130\u00e7i Piyango Biletleri & Sonu\u00e7lar\u0131 - Lottomat","isPartOf":{"@id":"https:\/\/lottomat.com\/tr\/#website"},"primaryImageOfPage":{"@id":"https:\/\/lottomat.com\/tr\/#primaryimage"},"image":{"@id":"https:\/\/lottomat.com\/tr\/#primaryimage"},"thumbnailUrl":"https:\/\/lottomat.com\/wp-content\/uploads\/2025\/03\/play-lotteries-available-in-other-countries-300x300.png","datePublished":"2025-03-26T07:12:15+00:00","dateModified":"2025-07-28T13:18:37+00:00","description":"Lottomat, d\u00fcnyan\u0131n en b\u00fcy\u00fck \u00e7ekili\u015flerini en y\u00fcksek ikramiyelerle sunuyor. Biletlerinizi al\u0131n ve sonu\u00e7lar\u0131 kontrol edin.","breadcrumb":{"@id":"https:\/\/lottomat.com\/tr\/#breadcrumb"},"inLanguage":"tr","potentialAction":[{"@type":"ReadAction","target":["https:\/\/lottomat.com\/tr\/"]}]},{"@type":"ImageObject","inLanguage":"tr","@id":"https:\/\/lottomat.com\/tr\/#primaryimage","url":"https:\/\/lottomat.com\/wp-content\/uploads\/2025\/03\/play-lotteries-available-in-other-countries-300x300.png","contentUrl":"https:\/\/lottomat.com\/wp-content\/uploads\/2025\/03\/play-lotteries-available-in-other-countries-300x300.png"},{"@type":"BreadcrumbList","@id":"https:\/\/lottomat.com\/tr\/#breadcrumb","itemListElement":[{"@type":"ListItem","position":1,"name":"Home","item":"https:\/\/lottomat.com\/tr\/"},{"@type":"ListItem","position":2,"name":"Lottomat &#8211; d\u00fcnyan\u0131n en b\u00fcy\u00fck piyangolar\u0131 tek bir yerde"}]},{"@type":"WebSite","@id":"https:\/\/lottomat.com\/tr\/#website","url":"https:\/\/lottomat.com\/tr\/","name":"Lottomat","description":"","potentialAction":[{"@type":"SearchAction","target":{"@type":"EntryPoint","urlTemplate":"https:\/\/lottomat.com\/tr\/?s={search_term_string}"},"query-input":{"@type":"PropertyValueSpecification","valueRequired":true,"valueName":"search_term_string"}}],"inLanguage":"tr"}]}},"_links":{"self":[{"href":"https:\/\/lottomat.com\/tr\/wp-json\/wp\/v2\/pages\/240931","targetHints":{"allow":["GET"]}}],"collection":[{"href":"https:\/\/lottomat.com\/tr\/wp-json\/wp\/v2\/pages"}],"about":[{"href":"https:\/\/lottomat.com\/tr\/wp-json\/wp\/v2\/types\/page"}],"author":[{"embeddable":true,"href":"https:\/\/lottomat.com\/tr\/wp-json\/wp\/v2\/users\/1"}],"replies":[{"embeddable":true,"href":"https:\/\/lottomat.com\/tr\/wp-json\/wp\/v2\/comments?post=240931"}],"version-history":[{"count":0,"href":"https:\/\/lottomat.com\/tr\/wp-json\/wp\/v2\/pages\/240931\/revisions"}],"wp:attachment":[{"href":"https:\/\/lottomat.com\/tr\/wp-json\/wp\/v2\/media?parent=240931"}],"curies":[{"name":"wp","href":"https:\/\/api.w.org\/{rel}","templated":true}]}}