{"id":9729,"date":"2025-03-27T11:28:23","date_gmt":"2025-03-27T11:28:23","guid":{"rendered":"https:\/\/lottomat.net\/lotteri-resultat\/mega-sena-resultat\/"},"modified":"2026-03-10T12:58:50","modified_gmt":"2026-03-10T12:58:50","slug":"mega-sena","status":"publish","type":"page","link":"https:\/\/lottomat.com\/sv\/resultaten\/mega-sena\/","title":{"rendered":"Mega Sena Resultat &#038; Vinnande Nummer"},"content":{"rendered":"\n\n<div class=\"kk-star-ratings kksr-auto kksr-align-left kksr-valign-top\"\n    data-payload='{&quot;align&quot;:&quot;left&quot;,&quot;id&quot;:&quot;9729&quot;,&quot;slug&quot;:&quot;default&quot;,&quot;valign&quot;:&quot;top&quot;,&quot;ignore&quot;:&quot;&quot;,&quot;reference&quot;:&quot;auto&quot;,&quot;class&quot;:&quot;&quot;,&quot;count&quot;:&quot;0&quot;,&quot;legendonly&quot;:&quot;&quot;,&quot;readonly&quot;:&quot;&quot;,&quot;score&quot;:&quot;0&quot;,&quot;starsonly&quot;:&quot;&quot;,&quot;best&quot;:&quot;5&quot;,&quot;gap&quot;:&quot;5&quot;,&quot;greet&quot;:&quot;Rate this page&quot;,&quot;legend&quot;:&quot;0\\\/5 - (0 votes)&quot;,&quot;size&quot;:&quot;30&quot;,&quot;title&quot;:&quot;Mega Sena Resultat \\u0026amp; Vinnande Nummer&quot;,&quot;width&quot;:&quot;0&quot;,&quot;_legend&quot;:&quot;{score}\\\/{best} - ({count} {votes})&quot;,&quot;font_factor&quot;:&quot;1.25&quot;}'>\n            \n<div class=\"kksr-stars\">\n    \n<div class=\"kksr-stars-inactive\">\n            <div class=\"kksr-star\" data-star=\"1\" style=\"padding-right: 5px\">\n            \n\n<div class=\"kksr-icon\" style=\"width: 30px; height: 30px;\"><\/div>\n        <\/div>\n            <div class=\"kksr-star\" data-star=\"2\" style=\"padding-right: 5px\">\n            \n\n<div class=\"kksr-icon\" style=\"width: 30px; height: 30px;\"><\/div>\n        <\/div>\n            <div class=\"kksr-star\" data-star=\"3\" style=\"padding-right: 5px\">\n            \n\n<div class=\"kksr-icon\" style=\"width: 30px; height: 30px;\"><\/div>\n        <\/div>\n            <div class=\"kksr-star\" data-star=\"4\" style=\"padding-right: 5px\">\n            \n\n<div class=\"kksr-icon\" style=\"width: 30px; height: 30px;\"><\/div>\n        <\/div>\n            <div class=\"kksr-star\" data-star=\"5\" style=\"padding-right: 5px\">\n            \n\n<div class=\"kksr-icon\" style=\"width: 30px; height: 30px;\"><\/div>\n        <\/div>\n    <\/div>\n    \n<div class=\"kksr-stars-active\" style=\"width: 0px;\">\n            <div class=\"kksr-star\" style=\"padding-right: 5px\">\n            \n\n<div class=\"kksr-icon\" style=\"width: 30px; height: 30px;\"><\/div>\n        <\/div>\n            <div class=\"kksr-star\" style=\"padding-right: 5px\">\n            \n\n<div class=\"kksr-icon\" style=\"width: 30px; height: 30px;\"><\/div>\n        <\/div>\n            <div class=\"kksr-star\" style=\"padding-right: 5px\">\n            \n\n<div class=\"kksr-icon\" style=\"width: 30px; height: 30px;\"><\/div>\n        <\/div>\n            <div class=\"kksr-star\" style=\"padding-right: 5px\">\n            \n\n<div class=\"kksr-icon\" style=\"width: 30px; height: 30px;\"><\/div>\n        <\/div>\n            <div class=\"kksr-star\" style=\"padding-right: 5px\">\n            \n\n<div class=\"kksr-icon\" style=\"width: 30px; height: 30px;\"><\/div>\n        <\/div>\n    <\/div>\n<\/div>\n                \n\n<div class=\"kksr-legend\" style=\"font-size: 24px;\">\n            <span class=\"kksr-muted\">Rate this page<\/span>\n    <\/div>\n    <\/div>\n<p>Du har b\u00f6rjat spela detta fantastiska lotteri, men vet inte hur och var du ska kontrollera <strong>Mega Sena-resultaten<\/strong> och de <strong>vinnande numren i Mega Sena<\/strong>? D\u00e5 har du kommit r\u00e4tt! Mega Sena-resultaten p\u00e5 Lottomat \u00e4r <strong>tillf\u00f6rlitliga, exakta och legitima<\/strong>. L\u00e4s resten av den h\u00e4r artikeln s\u00e5 missar du aldrig ett Mega Sena-resultat igen.<\/p>\n<h2>Hur kontrollerar man dagens Mega Sena-resultat i Brasilien?<img loading=\"lazy\" decoding=\"async\" class=\"alignright wp-image-260108\" src=\"https:\/\/lottomat.com\/wp-content\/uploads\/2025\/11\/Brazilian-lottery-draw.webp\" alt=\"Brasiliansk lottodragning\" width=\"200\" height=\"200\" srcset=\"https:\/\/lottomat.com\/wp-content\/uploads\/2025\/11\/Brazilian-lottery-draw.webp 400w, https:\/\/lottomat.com\/wp-content\/uploads\/2025\/11\/Brazilian-lottery-draw-300x300.webp 300w, https:\/\/lottomat.com\/wp-content\/uploads\/2025\/11\/Brazilian-lottery-draw-150x150.webp 150w, https:\/\/lottomat.com\/wp-content\/uploads\/2025\/11\/Brazilian-lottery-draw-100x100.webp 100w\" sizes=\"auto, (max-width: 200px) 100vw, 200px\" \/><\/h2>\n<p>Om du spelar Mega Sena i Brasilien finns det flera s\u00e4tt att kontrollera de vinnande numren. Det mest sj\u00e4lvklara \u00e4r f\u00f6rst\u00e5s att bes\u00f6ka det lokala ombudet d\u00e4r du kan k\u00f6pa lottsedlar \u2013 resultaten publiceras p\u00e5 anslagstavlan efter varje dragning. Ett annat alternativ \u00e4r att titta p\u00e5 direkts\u00e4nda dragningar p\u00e5 Caixas YouTube-kanal, men det passar inte alla eftersom dragningarna alltid sker p\u00e5 samma tider och dagar, och en del spelare helt enkelt inte kan se dem just d\u00e5. Att l\u00e4sa lokala tidningar \u00e4r ytterligare ett s\u00e4tt att ta del av Mega Sena-resultatet fr\u00e5n f\u00f6reg\u00e5ende kv\u00e4ll \u2013 tidningen publicerar den vinnande kombinationen och de priser som delades ut i den utg\u00e5va som kommer ut dagen efter dragningen.<\/p>\n<h2>Hur kontrollerar man dagens vinnande Mega Sena-nummer p\u00e5 Lottomat?<\/h2>\n<p>Det s\u00e4ger sig sj\u00e4lvt att Lottomats webbplats \u00e4r den mest tillf\u00f6rlitliga l\u00f6sningen f\u00f6r att kontrollera dagens Mega Sena-resultat. P\u00e5 v\u00e5r sida kan du p\u00e5 nolltid j\u00e4mf\u00f6ra din kombination med de dragna numren. Navigera enkelt till v\u00e5rt <a href=\"https:\/\/lottomat.com\/sv\/resultaten\/\">lotteriresultatarkiv<\/a>, hitta Mega Sena och klicka p\u00e5 alternativet Resultat. Du ser det senaste Mega Sena-resultatet, men du har ocks\u00e5 m\u00f6jlighet att se numren f\u00f6r varje dragning som \u00e4gt rum under de senaste fem \u00e5ren. Det b\u00e4sta av allt \u00e4r att detta \u00e4r <strong>helt gratis<\/strong>!<\/p>\n<h2>Mega Sena vinnande nummer \u2013 n\u00e4r \u00e4ger dragningarna rum?<\/h2>\n<p><img loading=\"lazy\" decoding=\"async\" class=\"alignleft wp-image-260139\" src=\"https:\/\/lottomat.com\/wp-content\/uploads\/2025\/11\/Brazilian-lottery-results.webp\" alt=\"Brasilianska lotteriresultat\" width=\"200\" height=\"200\" srcset=\"https:\/\/lottomat.com\/wp-content\/uploads\/2025\/11\/Brazilian-lottery-results.webp 400w, https:\/\/lottomat.com\/wp-content\/uploads\/2025\/11\/Brazilian-lottery-results-300x300.webp 300w, https:\/\/lottomat.com\/wp-content\/uploads\/2025\/11\/Brazilian-lottery-results-150x150.webp 150w, https:\/\/lottomat.com\/wp-content\/uploads\/2025\/11\/Brazilian-lottery-results-100x100.webp 100w\" sizes=\"auto, (max-width: 200px) 100vw, 200px\" \/>Mega Sena-resultaten publiceras p\u00e5 v\u00e5r webbplats s\u00e5 snart dragningen \u00e4r avslutad och den vinnande kombinationen har bekr\u00e4ftats av lotterioperat\u00f6ren. Om du inte redan vet det \u00e4ger <strong>dragningarna rum fyra g\u00e5nger i veckan \u2013 varje tisdag, onsdag, torsdag och l\u00f6rdag kl. 20:00 brasiliansk tid<\/strong> (Bras\u00edlias normaltid). Det finns \u00e4ven en speciell dragning p\u00e5 ny\u00e5rsafton kallad <strong>Mega da Virada<\/strong>. De vinnande numren i den dragningen \u00e4r extra v\u00e4rdefulla eftersom jackpotten i den omg\u00e5ngen brukar bli mycket stor. Ungef\u00e4r fem procent av int\u00e4kterna fr\u00e5n varje ordinarie dragning under \u00e5ret s\u00e4tts undan specifikt f\u00f6r detta spektakul\u00e4ra evenemang, och potten n\u00e5r ofta \u00f6ver 300 miljoner R$. Se d\u00e4rf\u00f6r till att bes\u00f6ka v\u00e5r webbplats varje tisdag, onsdag, torsdag och l\u00f6rdag \u2013 Mega Sena-resultaten v\u00e4ntar p\u00e5 dig s\u00e5 snart vi mottar den vinnande kombinationen fr\u00e5n arrang\u00f6ren.<\/p>\n<h2>Hur anv\u00e4nder man Mega Sena-resultatets arkiv med vinnande nummer?<\/h2>\n<p>Vi n\u00e4mnde tidigare ett arkiv med resultat. Om det v\u00e4ckte ditt intresse kan du h\u00e4r se hur du kommer \u00e5t det och anv\u00e4nder det.<\/p>\n<h3>Steg-f\u00f6r-steg-guide f\u00f6r att komma \u00e5t resultatarkivet<\/h3>\n<p>Arkivet \u00e4r \u00f6ppet f\u00f6r alla, s\u00e5 navigera bara till v\u00e5r webbplats i valfri modern webbl\u00e4sare. N\u00e4r du \u00e4r p\u00e5 startsidan klickar du p\u00e5 Resultat i toppmenyn. Nu ser du en lista \u00f6ver alla lotterier vi erbjuder. F\u00f6r att se Mega Sena-resultaten hittar du spelet i listan och klickar p\u00e5 alternativet Resultat igen. Nu ser du de vinnande numren i Mega Sena f\u00f6r den senaste omg\u00e5ngen samt ett datum. Om du klickar p\u00e5 datumet \u00f6ppnas en kalender \u2013 bl\u00e4ddra mellan m\u00e5naderna och v\u00e4lj den dag du vill se resultaten f\u00f6r, och klicka p\u00e5 den. Voil\u00e0! Nu kan du se Mega Sena-resultatet f\u00f6r det valda datumet. Som tidigare n\u00e4mnts lagras alla dragningar fr\u00e5n de senaste fem \u00e5ren h\u00e4r och du kan ta del av dem. Det \u00e4r <strong>oerh\u00f6rt anv\u00e4ndbart n\u00e4r det g\u00e4ller att skapa framtida kombinationer<\/strong>, eller hur?<\/p>\n<h2>Hur m\u00e5nga spelare vann och hur mycket i den senaste Mega Sena-dragningen?<\/h2>\n<p>Nyfiken p\u00e5 de senaste vinnarna och prisf\u00f6rdelningen? V\u00e5r resultatsida visar fullst\u00e4ndig information om varje Mega Sena-dragning, inklusive antalet vinnare i varje prisniv\u00e5 och exakt hur mycket som delats ut. Lotteriet erbjuder <strong>tre prisniv\u00e5er \u2013 med 6, 5 eller 4 r\u00e4tta nummer<\/strong> \u2013 med gener\u00f6sa priser \u00e4ven f\u00f6r l\u00e4gre niv\u00e5er. Vill du veta mer? <a href=\"https:\/\/lottomat.com\/sv\/lotteri\/mega-sena\/\">Kolla Mega Sena-priserna<\/a>, jackpotten och oddsen f\u00f6r att vinna p\u00e5 v\u00e5r dedikerade informationssida.<img loading=\"lazy\" decoding=\"async\" class=\"alignright wp-image-260169\" src=\"https:\/\/lottomat.com\/wp-content\/uploads\/2025\/11\/Mega-Sena-draw.webp\" alt=\"Mega Sena-dragning\" width=\"200\" height=\"200\" srcset=\"https:\/\/lottomat.com\/wp-content\/uploads\/2025\/11\/Mega-Sena-draw.webp 400w, https:\/\/lottomat.com\/wp-content\/uploads\/2025\/11\/Mega-Sena-draw-300x300.webp 300w, https:\/\/lottomat.com\/wp-content\/uploads\/2025\/11\/Mega-Sena-draw-150x150.webp 150w, https:\/\/lottomat.com\/wp-content\/uploads\/2025\/11\/Mega-Sena-draw-100x100.webp 100w\" sizes=\"auto, (max-width: 200px) 100vw, 200px\" \/><\/p>\n<h2>Att f\u00f6rst\u00e5 Mega Senas vinnande nummer<\/h2>\n<p>Precis som i alla andra lotterier \u00e4r valet av r\u00e4tt nummer avg\u00f6rande f\u00f6r din framg\u00e5ng. Ett av de b\u00e4sta s\u00e4tten att v\u00e4lja potentiella vinnande nummer i Mega Sena \u00e4r att s\u00f6ka efter vissa m\u00f6nster i dragningarna. F\u00f6r att l\u00e4gga m\u00e4rke till dessa m\u00f6nster m\u00e5ste du noggrant studera de nummer som dragits i varje omg\u00e5ng. B\u00f6rja allts\u00e5 fr\u00e5n dagens Mega Sena-resultat och f\u00f6rs\u00f6k att f\u00f6ra anteckningar om varje dragning. F\u00f6rr eller senare kommer du att b\u00f6rja se m\u00f6nster som kan f\u00f6rb\u00e4ttra dina kombinationer. Tills dess \u00e4r du v\u00e4lkommen att kolla de mest och minst frekvent dragna numren i Mega Sena-resultaten.<\/p>\n<h2>Vilka \u00e4r de mest dragna numren i Mega Sena?<\/h2>\n<p>H\u00e4r \u00e4r de sex Mega Sena-vinnarnummer som dragits mest frekvent. Att inkludera n\u00e5got av dem i sina kombinationer \u00e4r en popul\u00e4r strategi eftersom dessa nummer historiskt sett dykt upp oftare. <strong>Nummer 10<\/strong> \u2013 P\u00e5 f\u00f6rsta plats finns nummer 10. Det har dragits i 302 omg\u00e5ngar och senast h\u00e4nde det f\u00f6r 42 dagar sedan. <strong>Nummer 53<\/strong> \u2013 Andraplatsnumret har f\u00f6rekommit i 301 Mega Sena-resultat. Senast var det f\u00f6r 25 dagar sedan. <strong>Nummer 5<\/strong> \u2013 Det h\u00e4r numret har f\u00f6rekommit vid 289 olika tillf\u00e4llen. Det senaste Mega Sena-resultatet inneh\u00f6ll detta nummer. <strong>Nummer 37<\/strong> \u2013 Det fj\u00e4rde numret p\u00e5 listan har ing\u00e5tt i 283 kombinationer. Senast s\u00e5g vi det f\u00f6r 18 dagar sedan. <strong>Nummer 33<\/strong> \u2013 Mega Sena-resultaten har haft detta nummer i 281 olika omg\u00e5ngar. Av alla numren p\u00e5 den h\u00e4r listan \u00e4r det detta som inte dragits p\u00e5 l\u00e4ngst tid \u2013 hela 98 dagar har passerat sedan vi senast s\u00e5g det i den vinnande kombinationen. <strong>Nummer 34<\/strong> \u2013 Det sista numret p\u00e5 listan har dragits 279 g\u00e5nger, senast f\u00f6r exakt tv\u00e5 veckor sedan. Dagens Mega Sena-resultat kan ge dig stor gl\u00e4dje, s\u00e5 studera de dragna numren noggrant innan du v\u00e4ljer din kombination. R\u00e4tt f\u00f6rberedelse kan g\u00f6ra hela skillnaden.<\/p>\n<h2>Vilka \u00e4r de minst dragna numren i Mega Sena?<\/h2>\n<p><img loading=\"lazy\" decoding=\"async\" class=\"alignleft wp-image-260199\" src=\"https:\/\/lottomat.com\/wp-content\/uploads\/2025\/11\/Mega-Sena-numbers.webp\" alt=\"Mega Sena-nummer\" width=\"200\" height=\"200\" srcset=\"https:\/\/lottomat.com\/wp-content\/uploads\/2025\/11\/Mega-Sena-numbers.webp 400w, https:\/\/lottomat.com\/wp-content\/uploads\/2025\/11\/Mega-Sena-numbers-300x300.webp 300w, https:\/\/lottomat.com\/wp-content\/uploads\/2025\/11\/Mega-Sena-numbers-150x150.webp 150w, https:\/\/lottomat.com\/wp-content\/uploads\/2025\/11\/Mega-Sena-numbers-100x100.webp 100w\" sizes=\"auto, (max-width: 200px) 100vw, 200px\" \/>De Mega Sena-vinnarnummer som listas nedan \u00e4r de som dragits mest s\u00e4llan. Vi avr\u00e5der inte fr\u00e5n att inkludera dessa nummer i dina kombinationer, men kom ih\u00e5g att lottodragningar \u00e4r slumpm\u00e4ssiga. Det betyder inte att de inte kan bli de vinnande numren i det senaste Mega Sena-resultatet. Kom ih\u00e5g att <strong>det handlar om tur och ett genomt\u00e4nkt val av nummer<\/strong>. <strong>Nummer 26<\/strong> \u2013 Det h\u00e4r \u00e4r det s\u00e4llsynta vinnarnumret. Det har dragits endast 218 g\u00e5nger och senast h\u00e4nde det i den senaste Mega Sena-omg\u00e5ngen. <strong>Nummer 21<\/strong> \u2013 Andraplatsen innehas av detta nummer som vi sett i 220 omg\u00e5ngar. <strong>Nummer 55<\/strong> \u2013 F\u00f6r tv\u00e5 veckor sedan var senaste g\u00e5ngen vi s\u00e5g detta nummer, som kommit upp som vinnande vid 222 olika tillf\u00e4llen. <strong>Nummer 15<\/strong> \u2013 Mega Sena-resultaten har haft nummer 15 i kombinationen i 228 omg\u00e5ngar. Senast h\u00e4nde det f\u00f6r 46 dagar sedan. <strong>Nummer 22<\/strong> \u2013 Spelare har sett detta nummer i 235 olika dragningar. Det senaste Mega Sena-resultatet som inkluderade detta nummer drogs f\u00f6r tv\u00e5 omg\u00e5ngar sedan. <strong>Nummer 48<\/strong> \u2013 Slutligen \u00e4r det sista numret i den h\u00e4r \u00f6versikten ett som dragits vid 240 olika tillf\u00e4llen. Senast var det f\u00f6r 50 dagar sedan. Vill du spela? Klicka och k\u00f6p Mega Sena-lottsedlar online p\u00e5 v\u00e5r webbplats n\u00e4r som helst!<\/p>\n<h2>Hur f\u00f6ruts\u00e4ger man Mega Senas vinnande nummer?<\/h2>\n<p>\u00c4ven om det \u00e4r om\u00f6jligt att f\u00f6ruts\u00e4ga lotteriresultat med s\u00e4kerhet anv\u00e4nder m\u00e5nga spelare olika strategier f\u00f6r att v\u00e4lja sina nummer. Vissa analyserar historiska data och frekvensm\u00f6nster, medan andra f\u00f6redrar det slumpm\u00e4ssiga Surpresinha-alternativet som lotteriet erbjuder. Statistisk analys av tidigare dragningar kan vara intressant och potentiellt till hj\u00e4lp, men kom ih\u00e5g att varje dragning \u00e4r en oberoende h\u00e4ndelse.<\/p>\n<h3>Att f\u00f6rst\u00e5 dina spelalternativ<\/h3>\n<p>Spelare kan v\u00e4lja mellan 6 och 15 nummer fr\u00e5n en pool med 1 till 60. Ju fler nummer du v\u00e4ljer, desto b\u00e4ttre odds att matcha den vinnande kombinationen \u2013 men lottsedelspriset \u00f6kar i takt med det. Med tre prisniv\u00e5er tillg\u00e4ngliga \u2013 4, 5 eller 6 r\u00e4tta nummer \u2013 kan \u00e4ven delvisa tr\u00e4ffar ge betydande vinster. Den garanterade minimijackpotten b\u00f6rjar p\u00e5 <strong>2 miljoner R$ och kan rulla vidare utan begr\u00e4nsning<\/strong> om det inte finns n\u00e5gon vinnare, vilket skapar enorma prispotter. Oddsen f\u00f6r att vinna jackpotten \u00e4r 1 av 50 063 860, men med dragningar tre g\u00e5nger i veckan har du gott om chanser att pr\u00f6va lyckan.<img loading=\"lazy\" decoding=\"async\" class=\"alignright wp-image-260229\" src=\"https:\/\/lottomat.com\/wp-content\/uploads\/2025\/11\/Mega-Sena-winning-numbers.webp\" alt=\"Mega Sena vinnande nummer\" width=\"200\" height=\"200\" srcset=\"https:\/\/lottomat.com\/wp-content\/uploads\/2025\/11\/Mega-Sena-winning-numbers.webp 400w, https:\/\/lottomat.com\/wp-content\/uploads\/2025\/11\/Mega-Sena-winning-numbers-300x300.webp 300w, https:\/\/lottomat.com\/wp-content\/uploads\/2025\/11\/Mega-Sena-winning-numbers-150x150.webp 150w, https:\/\/lottomat.com\/wp-content\/uploads\/2025\/11\/Mega-Sena-winning-numbers-100x100.webp 100w\" sizes=\"auto, (max-width: 200px) 100vw, 200px\" \/><\/p>\n<h2>Varf\u00f6r v\u00e4lja Lottomat f\u00f6r Mega Sena-nummer?<\/h2>\n<p><a href=\"https:\/\/lottomat.com\/sv\/\">Lottomat<\/a> levererar <strong>snabba, exakta och tillf\u00f6rlitliga Mega Sena-resultat<\/strong> direkt efter varje dragning. V\u00e5rt omfattande arkiv l\u00e5ter dig utforska tidigare dragningar, analysera nummerm\u00f6nster och utveckla din spelstrategi. Oavsett om du kollar onsdagens resultat eller letar efter historisk data fr\u00e5n flera \u00e5r tillbaka g\u00f6r v\u00e5r plattform det enkelt att hitta all information du beh\u00f6ver. H\u00e5ll dig uppdaterad med de senaste vinnande numren i Mega Sena, kontrollera dina lottsedlar direkt och missa aldrig en dragning med Lottomat \u2013 din p\u00e5litliga k\u00e4lla f\u00f6r<\/p>\n","protected":false},"excerpt":{"rendered":"<p>Du har b\u00f6rjat spela detta fantastiska lotteri, men vet inte hur och var du ska kontrollera Mega Sena-resultaten och de vinnande numren i Mega Sena? D\u00e5 har du kommit r\u00e4tt! Mega Sena-resultaten p\u00e5 Lottomat \u00e4r tillf\u00f6rlitliga, exakta och legitima. L\u00e4s resten av den h\u00e4r artikeln s\u00e5 missar du aldrig ett Mega Sena-resultat igen. Hur kontrollerar [&hellip;]<\/p>\n","protected":false},"author":1,"featured_media":0,"parent":7629,"menu_order":13,"comment_status":"closed","ping_status":"closed","template":"megasena-results.php","meta":{"_et_pb_use_builder":"","_et_pb_old_content":"","_et_gb_content_width":"","exclude_from_search":false,"footnotes":""},"class_list":["post-9729","page","type-page","status-publish","hentry"],"yoast_head":"<!-- This site is optimized with the Yoast SEO plugin v23.8 - https:\/\/yoast.com\/wordpress\/plugins\/seo\/ -->\n<title>Mega Sena Resultat &amp; Vinnande Nummer - Lottomat<\/title>\n<meta name=\"description\" content=\"Kolla de senaste Mega Sena-resultaten p\u00e5 Lottomat. Verifiera de senaste vinnande numren i Mega Sena och j\u00e4mf\u00f6r dem med din lottsedel.\" \/>\n<meta name=\"robots\" content=\"index, follow, max-snippet:-1, max-image-preview:large, max-video-preview:-1\" \/>\n<link rel=\"canonical\" href=\"https:\/\/lottomat.com\/sv\/resultaten\/mega-sena\/\" \/>\n<meta property=\"og:locale\" content=\"sv_SE\" \/>\n<meta property=\"og:type\" content=\"article\" \/>\n<meta property=\"og:title\" content=\"Mega Sena Resultat &amp; Vinnande Nummer - Lottomat\" \/>\n<meta property=\"og:description\" content=\"Kolla de senaste Mega Sena-resultaten p\u00e5 Lottomat. Verifiera de senaste vinnande numren i Mega Sena och j\u00e4mf\u00f6r dem med din lottsedel.\" \/>\n<meta property=\"og:url\" content=\"https:\/\/lottomat.com\/sv\/resultaten\/mega-sena\/\" \/>\n<meta property=\"og:site_name\" content=\"Lottomat\" \/>\n<meta property=\"article:modified_time\" content=\"2026-03-10T12:58:50+00:00\" \/>\n<meta property=\"og:image\" content=\"https:\/\/lottomat.com\/wp-content\/uploads\/2025\/11\/Brazilian-lottery-draw.webp\" \/>\n\t<meta property=\"og:image:width\" content=\"400\" \/>\n\t<meta property=\"og:image:height\" content=\"400\" \/>\n\t<meta property=\"og:image:type\" content=\"image\/webp\" \/>\n<meta name=\"twitter:card\" content=\"summary_large_image\" \/>\n<meta name=\"twitter:label1\" content=\"Ber\u00e4knad l\u00e4stid\" \/>\n\t<meta name=\"twitter:data1\" content=\"8 minuter\" \/>\n<script type=\"application\/ld+json\" class=\"yoast-schema-graph\">{\"@context\":\"https:\/\/schema.org\",\"@graph\":[{\"@type\":\"WebPage\",\"@id\":\"https:\/\/lottomat.com\/sv\/resultaten\/mega-sena\/\",\"url\":\"https:\/\/lottomat.com\/sv\/resultaten\/mega-sena\/\",\"name\":\"Mega Sena Resultat & Vinnande Nummer - Lottomat\",\"isPartOf\":{\"@id\":\"https:\/\/lottomat.com\/sv\/#website\"},\"primaryImageOfPage\":{\"@id\":\"https:\/\/lottomat.com\/sv\/resultaten\/mega-sena\/#primaryimage\"},\"image\":{\"@id\":\"https:\/\/lottomat.com\/sv\/resultaten\/mega-sena\/#primaryimage\"},\"thumbnailUrl\":\"https:\/\/lottomat.com\/wp-content\/uploads\/2025\/11\/Brazilian-lottery-draw.webp\",\"datePublished\":\"2025-03-27T11:28:23+00:00\",\"dateModified\":\"2026-03-10T12:58:50+00:00\",\"description\":\"Kolla de senaste Mega Sena-resultaten p\u00e5 Lottomat. Verifiera de senaste vinnande numren i Mega Sena och j\u00e4mf\u00f6r dem med din lottsedel.\",\"breadcrumb\":{\"@id\":\"https:\/\/lottomat.com\/sv\/resultaten\/mega-sena\/#breadcrumb\"},\"inLanguage\":\"sv-SE\",\"potentialAction\":[{\"@type\":\"ReadAction\",\"target\":[\"https:\/\/lottomat.com\/sv\/resultaten\/mega-sena\/\"]}]},{\"@type\":\"ImageObject\",\"inLanguage\":\"sv-SE\",\"@id\":\"https:\/\/lottomat.com\/sv\/resultaten\/mega-sena\/#primaryimage\",\"url\":\"https:\/\/lottomat.com\/wp-content\/uploads\/2025\/11\/Brazilian-lottery-draw.webp\",\"contentUrl\":\"https:\/\/lottomat.com\/wp-content\/uploads\/2025\/11\/Brazilian-lottery-draw.webp\"},{\"@type\":\"BreadcrumbList\",\"@id\":\"https:\/\/lottomat.com\/sv\/resultaten\/mega-sena\/#breadcrumb\",\"itemListElement\":[{\"@type\":\"ListItem\",\"position\":1,\"name\":\"Home\",\"item\":\"https:\/\/lottomat.com\/sv\/\"},{\"@type\":\"ListItem\",\"position\":2,\"name\":\"De Senaste Lotteriresultaten &#038; Vinnande Nummer\",\"item\":\"https:\/\/lottomat.com\/sv\/resultaten\/\"},{\"@type\":\"ListItem\",\"position\":3,\"name\":\"Mega Sena Resultat &#038; Vinnande Nummer\"}]},{\"@type\":\"WebSite\",\"@id\":\"https:\/\/lottomat.com\/sv\/#website\",\"url\":\"https:\/\/lottomat.com\/sv\/\",\"name\":\"Lottomat\",\"description\":\"\",\"potentialAction\":[{\"@type\":\"SearchAction\",\"target\":{\"@type\":\"EntryPoint\",\"urlTemplate\":\"https:\/\/lottomat.com\/sv\/?s={search_term_string}\"},\"query-input\":{\"@type\":\"PropertyValueSpecification\",\"valueRequired\":true,\"valueName\":\"search_term_string\"}}],\"inLanguage\":\"sv-SE\"}]}<\/script>\n<!-- \/ Yoast SEO plugin. -->","yoast_head_json":{"title":"Mega Sena Resultat & Vinnande Nummer - Lottomat","description":"Kolla de senaste Mega Sena-resultaten p\u00e5 Lottomat. Verifiera de senaste vinnande numren i Mega Sena och j\u00e4mf\u00f6r dem med din lottsedel.","robots":{"index":"index","follow":"follow","max-snippet":"max-snippet:-1","max-image-preview":"max-image-preview:large","max-video-preview":"max-video-preview:-1"},"canonical":"https:\/\/lottomat.com\/sv\/resultaten\/mega-sena\/","og_locale":"sv_SE","og_type":"article","og_title":"Mega Sena Resultat & Vinnande Nummer - Lottomat","og_description":"Kolla de senaste Mega Sena-resultaten p\u00e5 Lottomat. Verifiera de senaste vinnande numren i Mega Sena och j\u00e4mf\u00f6r dem med din lottsedel.","og_url":"https:\/\/lottomat.com\/sv\/resultaten\/mega-sena\/","og_site_name":"Lottomat","article_modified_time":"2026-03-10T12:58:50+00:00","og_image":[{"width":400,"height":400,"url":"https:\/\/lottomat.com\/wp-content\/uploads\/2025\/11\/Brazilian-lottery-draw.webp","type":"image\/webp"}],"twitter_card":"summary_large_image","twitter_misc":{"Ber\u00e4knad l\u00e4stid":"8 minuter"},"schema":{"@context":"https:\/\/schema.org","@graph":[{"@type":"WebPage","@id":"https:\/\/lottomat.com\/sv\/resultaten\/mega-sena\/","url":"https:\/\/lottomat.com\/sv\/resultaten\/mega-sena\/","name":"Mega Sena Resultat & Vinnande Nummer - Lottomat","isPartOf":{"@id":"https:\/\/lottomat.com\/sv\/#website"},"primaryImageOfPage":{"@id":"https:\/\/lottomat.com\/sv\/resultaten\/mega-sena\/#primaryimage"},"image":{"@id":"https:\/\/lottomat.com\/sv\/resultaten\/mega-sena\/#primaryimage"},"thumbnailUrl":"https:\/\/lottomat.com\/wp-content\/uploads\/2025\/11\/Brazilian-lottery-draw.webp","datePublished":"2025-03-27T11:28:23+00:00","dateModified":"2026-03-10T12:58:50+00:00","description":"Kolla de senaste Mega Sena-resultaten p\u00e5 Lottomat. Verifiera de senaste vinnande numren i Mega Sena och j\u00e4mf\u00f6r dem med din lottsedel.","breadcrumb":{"@id":"https:\/\/lottomat.com\/sv\/resultaten\/mega-sena\/#breadcrumb"},"inLanguage":"sv-SE","potentialAction":[{"@type":"ReadAction","target":["https:\/\/lottomat.com\/sv\/resultaten\/mega-sena\/"]}]},{"@type":"ImageObject","inLanguage":"sv-SE","@id":"https:\/\/lottomat.com\/sv\/resultaten\/mega-sena\/#primaryimage","url":"https:\/\/lottomat.com\/wp-content\/uploads\/2025\/11\/Brazilian-lottery-draw.webp","contentUrl":"https:\/\/lottomat.com\/wp-content\/uploads\/2025\/11\/Brazilian-lottery-draw.webp"},{"@type":"BreadcrumbList","@id":"https:\/\/lottomat.com\/sv\/resultaten\/mega-sena\/#breadcrumb","itemListElement":[{"@type":"ListItem","position":1,"name":"Home","item":"https:\/\/lottomat.com\/sv\/"},{"@type":"ListItem","position":2,"name":"De Senaste Lotteriresultaten &#038; Vinnande Nummer","item":"https:\/\/lottomat.com\/sv\/resultaten\/"},{"@type":"ListItem","position":3,"name":"Mega Sena Resultat &#038; Vinnande Nummer"}]},{"@type":"WebSite","@id":"https:\/\/lottomat.com\/sv\/#website","url":"https:\/\/lottomat.com\/sv\/","name":"Lottomat","description":"","potentialAction":[{"@type":"SearchAction","target":{"@type":"EntryPoint","urlTemplate":"https:\/\/lottomat.com\/sv\/?s={search_term_string}"},"query-input":{"@type":"PropertyValueSpecification","valueRequired":true,"valueName":"search_term_string"}}],"inLanguage":"sv-SE"}]}},"_links":{"self":[{"href":"https:\/\/lottomat.com\/sv\/wp-json\/wp\/v2\/pages\/9729","targetHints":{"allow":["GET"]}}],"collection":[{"href":"https:\/\/lottomat.com\/sv\/wp-json\/wp\/v2\/pages"}],"about":[{"href":"https:\/\/lottomat.com\/sv\/wp-json\/wp\/v2\/types\/page"}],"author":[{"embeddable":true,"href":"https:\/\/lottomat.com\/sv\/wp-json\/wp\/v2\/users\/1"}],"replies":[{"embeddable":true,"href":"https:\/\/lottomat.com\/sv\/wp-json\/wp\/v2\/comments?post=9729"}],"version-history":[{"count":2,"href":"https:\/\/lottomat.com\/sv\/wp-json\/wp\/v2\/pages\/9729\/revisions"}],"predecessor-version":[{"id":273072,"href":"https:\/\/lottomat.com\/sv\/wp-json\/wp\/v2\/pages\/9729\/revisions\/273072"}],"up":[{"embeddable":true,"href":"https:\/\/lottomat.com\/sv\/wp-json\/wp\/v2\/pages\/7629"}],"wp:attachment":[{"href":"https:\/\/lottomat.com\/sv\/wp-json\/wp\/v2\/media?parent=9729"}],"curies":[{"name":"wp","href":"https:\/\/api.w.org\/{rel}","templated":true}]}}