{"id":9543,"date":"2025-03-26T08:35:10","date_gmt":"2025-03-26T08:35:10","guid":{"rendered":"https:\/\/lottomat.net\/spela-lotteri\/spela-superenalotto-online\/"},"modified":"2026-03-10T07:51:59","modified_gmt":"2026-03-10T07:51:59","slug":"superenalotto","status":"publish","type":"page","link":"https:\/\/lottomat.com\/sv\/spela\/superenalotto\/","title":{"rendered":"SuperEnalotto Online &#8211; SuperEnalotto Biljetter"},"content":{"rendered":"\n\n<div class=\"kk-star-ratings kksr-auto kksr-align-left kksr-valign-top\"\n    data-payload='{&quot;align&quot;:&quot;left&quot;,&quot;id&quot;:&quot;9543&quot;,&quot;slug&quot;:&quot;default&quot;,&quot;valign&quot;:&quot;top&quot;,&quot;ignore&quot;:&quot;&quot;,&quot;reference&quot;:&quot;auto&quot;,&quot;class&quot;:&quot;&quot;,&quot;count&quot;:&quot;0&quot;,&quot;legendonly&quot;:&quot;&quot;,&quot;readonly&quot;:&quot;&quot;,&quot;score&quot;:&quot;0&quot;,&quot;starsonly&quot;:&quot;&quot;,&quot;best&quot;:&quot;5&quot;,&quot;gap&quot;:&quot;5&quot;,&quot;greet&quot;:&quot;Rate this page&quot;,&quot;legend&quot;:&quot;0\\\/5 - (0 votes)&quot;,&quot;size&quot;:&quot;30&quot;,&quot;title&quot;:&quot;SuperEnalotto Online - SuperEnalotto Biljetter&quot;,&quot;width&quot;:&quot;0&quot;,&quot;_legend&quot;:&quot;{score}\\\/{best} - ({count} {votes})&quot;,&quot;font_factor&quot;:&quot;1.25&quot;}'>\n            \n<div class=\"kksr-stars\">\n    \n<div class=\"kksr-stars-inactive\">\n            <div class=\"kksr-star\" data-star=\"1\" style=\"padding-right: 5px\">\n            \n\n<div class=\"kksr-icon\" style=\"width: 30px; height: 30px;\"><\/div>\n        <\/div>\n            <div class=\"kksr-star\" data-star=\"2\" style=\"padding-right: 5px\">\n            \n\n<div class=\"kksr-icon\" style=\"width: 30px; height: 30px;\"><\/div>\n        <\/div>\n            <div class=\"kksr-star\" data-star=\"3\" style=\"padding-right: 5px\">\n            \n\n<div class=\"kksr-icon\" style=\"width: 30px; height: 30px;\"><\/div>\n        <\/div>\n            <div class=\"kksr-star\" data-star=\"4\" style=\"padding-right: 5px\">\n            \n\n<div class=\"kksr-icon\" style=\"width: 30px; height: 30px;\"><\/div>\n        <\/div>\n            <div class=\"kksr-star\" data-star=\"5\" style=\"padding-right: 5px\">\n            \n\n<div class=\"kksr-icon\" style=\"width: 30px; height: 30px;\"><\/div>\n        <\/div>\n    <\/div>\n    \n<div class=\"kksr-stars-active\" style=\"width: 0px;\">\n            <div class=\"kksr-star\" style=\"padding-right: 5px\">\n            \n\n<div class=\"kksr-icon\" style=\"width: 30px; height: 30px;\"><\/div>\n        <\/div>\n            <div class=\"kksr-star\" style=\"padding-right: 5px\">\n            \n\n<div class=\"kksr-icon\" style=\"width: 30px; height: 30px;\"><\/div>\n        <\/div>\n            <div class=\"kksr-star\" style=\"padding-right: 5px\">\n            \n\n<div class=\"kksr-icon\" style=\"width: 30px; height: 30px;\"><\/div>\n        <\/div>\n            <div class=\"kksr-star\" style=\"padding-right: 5px\">\n            \n\n<div class=\"kksr-icon\" style=\"width: 30px; height: 30px;\"><\/div>\n        <\/div>\n            <div class=\"kksr-star\" style=\"padding-right: 5px\">\n            \n\n<div class=\"kksr-icon\" style=\"width: 30px; height: 30px;\"><\/div>\n        <\/div>\n    <\/div>\n<\/div>\n                \n\n<div class=\"kksr-legend\" style=\"font-size: 24px;\">\n            <span class=\"kksr-muted\">Rate this page<\/span>\n    <\/div>\n    <\/div>\n<h2><img loading=\"lazy\" decoding=\"async\" class=\"alignleft wp-image-252554\" src=\"https:\/\/lottomat.com\/wp-content\/uploads\/2025\/10\/Italian-lottery-online-300x300.webp\" alt=\"Italienskt lotteri online\" width=\"200\" height=\"200\" srcset=\"https:\/\/lottomat.com\/wp-content\/uploads\/2025\/10\/Italian-lottery-online-300x300.webp 300w, https:\/\/lottomat.com\/wp-content\/uploads\/2025\/10\/Italian-lottery-online-150x150.webp 150w, https:\/\/lottomat.com\/wp-content\/uploads\/2025\/10\/Italian-lottery-online-100x100.webp 100w, https:\/\/lottomat.com\/wp-content\/uploads\/2025\/10\/Italian-lottery-online.webp 400w\" sizes=\"auto, (max-width: 200px) 100vw, 200px\" \/>Vad \u00e4r SuperEnalotto?<\/h2>\n<p><strong>SuperEnalotto \u00e4r Italiens mest popul\u00e4ra och prestigefyllda lottospel<\/strong>, k\u00e4nt f\u00f6r att erbjuda n\u00e5gra av de st\u00f6rsta jackpottarna i europeisk lotterihistoria. Detta ikoniska italienska lotteri har f\u00e4ngslat spelare sedan 1997 med sitt unika format och sin enast\u00e5ende vinstpotential. <strong>SuperEnalotto-dragningar \u00e4ger rum tre g\u00e5nger i veckan<\/strong> \u2013 p\u00e5 tisdagar, torsdagar och l\u00f6rdagar \u2013 vilket ger spelare flera chanser att vinna livsf\u00f6r\u00e4ndrande summor. Det som skiljer detta italienska lotteri fr\u00e5n m\u00e4ngden \u00e4r avsaknaden av ett jackpotttak, vilket inneb\u00e4r att priserna kan rullas \u00f6ver i all o\u00e4ndlighet tills n\u00e5gon vinner, och ofta n\u00e5r astronomiska belopp som v\u00e4cker internationell uppm\u00e4rksamhet. Vill du spela SuperEnalotto online? L\u00e5t oss ta reda p\u00e5 mer!<\/p>\n<h2><img loading=\"lazy\" decoding=\"async\" class=\"alignright wp-image-252584\" src=\"https:\/\/lottomat.com\/wp-content\/uploads\/2025\/10\/play-SuperEnalotto-300x300.webp\" alt=\"spela SuperEnalotto\" width=\"200\" height=\"200\" srcset=\"https:\/\/lottomat.com\/wp-content\/uploads\/2025\/10\/play-SuperEnalotto-300x300.webp 300w, https:\/\/lottomat.com\/wp-content\/uploads\/2025\/10\/play-SuperEnalotto-150x150.webp 150w, https:\/\/lottomat.com\/wp-content\/uploads\/2025\/10\/play-SuperEnalotto-100x100.webp 100w, https:\/\/lottomat.com\/wp-content\/uploads\/2025\/10\/play-SuperEnalotto.webp 400w\" sizes=\"auto, (max-width: 200px) 100vw, 200px\" \/>Hur spelar man SuperEnalotto online?<\/h2>\n<p><strong>Att spela SuperEnalotto online via LottoMat \u00e4r otroligt smidigt och tillg\u00e4ngligt fr\u00e5n var som helst i v\u00e4rlden, n\u00e4r som helst<\/strong>. Processen \u00e4r enkel och anv\u00e4ndarv\u00e4nlig \u2013 registrera dig bara p\u00e5 <a href=\"https:\/\/lottomat.com\/sv\/\">LottoMat:s webbplats<\/a>, v\u00e4lj dina lyckotal och k\u00f6p dina biljetter online utan att beh\u00f6va l\u00e4mna hemmet. <strong>Du kan v\u00e4lja dina nummer manuellt utifr\u00e5n din personliga strategi eller anv\u00e4nda alternativet Snabbval f\u00f6r ett slumpm\u00e4ssigt nummeurval<\/strong>. Denna flexibilitet g\u00f6r det m\u00f6jligt f\u00f6r b\u00e5de strategiska spelare och dem som f\u00f6redrar att \u00f6verl\u00e5ta \u00e5t slumpen att njuta av sp\u00e4nningen i Italiens fr\u00e4msta lotteri. Onlinespel eliminerar geografiska hinder och g\u00f6r det m\u00f6jligt f\u00f6r internationella spelare att delta i ett av Europas mest sp\u00e4nnande lottospel.<\/p>\n<h2>Hur k\u00f6per man SuperEnalotto-biljetter online?<\/h2>\n<p><strong>F\u00f6r att k\u00f6pa SuperEnalotto-biljetter online anv\u00e4nder du din f\u00f6redragna betalningsmetod via den s\u00e4kra LottoMat-plattformen<\/strong>. Alla biljetter finns tillg\u00e4ngliga p\u00e5 LottoMat:s webbplats, s\u00e5 att du aldrig missar en dragning. <strong>Vi garanterar \u00e4ktheten hos dina spelrader genom att skanna originalbiljetter som k\u00f6pts av v\u00e5ra licensierade ombud direkt i Italien<\/strong>. Detta f\u00f6rfarande s\u00e4kerst\u00e4ller att dina <a href=\"https:\/\/lottomat.com\/sv\/spela\/\">onlinelotteribiljetter<\/a> backas upp av \u00e4kta, fysiska lotteribiljetter k\u00f6pta fr\u00e5n auktoriserade italienska \u00e5terf\u00f6rs\u00e4ljare. De digitala kopiorna av dina biljetter f\u00f6rvaras s\u00e4kert p\u00e5 ditt konto, vilket ger fullst\u00e4ndig insyn och trygghet f\u00f6r dina lotteriinvesteringar. Detta system kombinerar bekv\u00e4mligheten med onlinespel och tillf\u00f6rlitligheten hos traditionellt biljettk\u00f6p.<\/p>\n<h2><img loading=\"lazy\" decoding=\"async\" class=\"wp-image-252614 alignleft\" src=\"https:\/\/lottomat.com\/wp-content\/uploads\/2025\/10\/SuperEnalotto-online-300x300.webp\" alt=\"SuperEnalotto online\" width=\"200\" height=\"200\" srcset=\"https:\/\/lottomat.com\/wp-content\/uploads\/2025\/10\/SuperEnalotto-online-300x300.webp 300w, https:\/\/lottomat.com\/wp-content\/uploads\/2025\/10\/SuperEnalotto-online-150x150.webp 150w, https:\/\/lottomat.com\/wp-content\/uploads\/2025\/10\/SuperEnalotto-online-100x100.webp 100w, https:\/\/lottomat.com\/wp-content\/uploads\/2025\/10\/SuperEnalotto-online.webp 400w\" sizes=\"auto, (max-width: 200px) 100vw, 200px\" \/>Kan man k\u00f6pa flera SuperEnalotto-biljetter?<\/h2>\n<p><strong>Ja, du kan avsev\u00e4rt \u00f6ka dina vinstchanser genom att k\u00f6pa flera SuperEnalotto-biljetter i en och samma transaktion<\/strong>. LottoMat erbjuder det smidiga alternativet &#8221;fler rader&#8221;, vilket l\u00e5ter dig k\u00f6pa upp till 20 SuperEnalotto-biljetter p\u00e5 en g\u00e5ng. Den h\u00e4r funktionen \u00e4r perfekt f\u00f6r spelare som vill maximera sin vinstpotential eller f\u00f6r lotterisyndikaten som vill sl\u00e5 samman sina resurser. <strong>Att k\u00f6pa flera biljetter \u00f6kar inte bara dina odds utan g\u00f6r det ocks\u00e5 enklare att hantera dina lotteriinl\u00e4gg<\/strong> i en enda transaktion.<\/p>\n<h2>Kan man k\u00f6pa SuperEnalotto-biljetter f\u00f6r flera dragningar?<\/h2>\n<p><strong>Absolut! LottoMat l\u00e5ter dig k\u00f6pa SuperEnalotto-biljetter f\u00f6r upp till 8 dragningar i f\u00f6ljd<\/strong>, s\u00e5 att du aldrig missar en chans att vinna. Detta f\u00f6rhandsk\u00f6psalternativ \u00e4r idealiskt f\u00f6r stressade spelare som vill delta regelbundet utan att beh\u00f6va komma ih\u00e5g att k\u00f6pa biljetter inf\u00f6r varje dragning. <strong>Att spela flera dragningar med samma nummer kan vara en del av en l\u00e5ngsiktig lottistrategi<\/strong>, och m\u00e5nga spelare f\u00f6redrar detta tillv\u00e4gag\u00e5ngss\u00e4tt f\u00f6r dess bekv\u00e4mlighet och konsekvens.<\/p>\n<h2>Vad kostar SuperEnalotto-biljetter online?<img loading=\"lazy\" decoding=\"async\" class=\"alignright wp-image-252644\" src=\"https:\/\/lottomat.com\/wp-content\/uploads\/2025\/10\/SuperEnalotto-tickets-300x300.webp\" alt=\"SuperEnalotto biljetter\" width=\"200\" height=\"200\" srcset=\"https:\/\/lottomat.com\/wp-content\/uploads\/2025\/10\/SuperEnalotto-tickets-300x300.webp 300w, https:\/\/lottomat.com\/wp-content\/uploads\/2025\/10\/SuperEnalotto-tickets-150x150.webp 150w, https:\/\/lottomat.com\/wp-content\/uploads\/2025\/10\/SuperEnalotto-tickets-100x100.webp 100w, https:\/\/lottomat.com\/wp-content\/uploads\/2025\/10\/SuperEnalotto-tickets.webp 400w\" sizes=\"auto, (max-width: 200px) 100vw, 200px\" \/><\/h2>\n<p><strong>N\u00e4r du har valt \u00f6nskat antal rader p\u00e5 LottoMat r\u00e4knar v\u00e5r automatiska kalkylator omedelbart ut den totala kostnaden f\u00f6r dina SuperEnalotto-biljetter<\/strong>. Priss\u00e4ttningen \u00e4r transparent och visas tydligt innan du slutf\u00f6r ditt k\u00f6p, s\u00e5 att det inte f\u00f6rekommer n\u00e5gra dolda avgifter eller obehagliga \u00f6verraskningar. <strong>V\u00e5rt prissystem tar h\u00e4nsyn till antalet rader, dragningar och eventuella ytterligare alternativ du har valt<\/strong>, och ger dig en fullst\u00e4ndig uppdelning av din lotteriinvestering. Denna automatiserade ber\u00e4kningsfunktion g\u00f6r det enkelt och smidigt att budgetera f\u00f6r ditt lottospelande.<\/p>\n<h2>Vilka \u00e4r de b\u00e4sta tipsen f\u00f6r att spela SuperEnalotto online?<\/h2>\n<p><strong>Framg\u00e5ngsrikt SuperEnalotto-spel kombinerar strategi med ansvarsfullt spelande<\/strong>. \u00d6verv\u00e4g att anv\u00e4nda en blandning av ofta dragna &#8221;heta&#8221; nummer och mer s\u00e4llsynta &#8221;kalla&#8221; nummer, men kom ih\u00e5g att varje dragning \u00e4r oberoende och slumpm\u00e4ssig. <strong>Systemrader kan \u00f6ka dina vinstchanser genom att t\u00e4cka fler nummerkombinationer<\/strong>, medan konsekvent spel med samma nummer tilltalar m\u00e5nga h\u00e4ngivna spelare. S\u00e4tt en bekv\u00e4m budget och h\u00e5ll dig till den, och betrakta lottospelandet som underh\u00e5llning snarare \u00e4n en investeringsstrategi. <strong>Dra nytta av flerdragningsalternativ f\u00f6r att bibeh\u00e5lla konsekvensen<\/strong>, och \u00f6verv\u00e4g att g\u00e5 med i eller bilda ett syndikat f\u00f6r att sl\u00e5 samman resurser och \u00f6ka gruppens samlade chanser. M\u00e5nga framg\u00e5ngsrika spelare f\u00f6ljer <a href=\"https:\/\/lottomat.com\/sv\/resultaten\/superenalotto\/\">SuperEnalotto-dragningsresultat<\/a> och m\u00f6nster, men det \u00e4r viktigt att komma ih\u00e5g att lottospel i slut\u00e4ndan bygger p\u00e5 slumpen. <strong>Det viktigaste \u00e4r att spela ansvarsfullt och samtidigt maximera njutningen av detta sp\u00e4nnande italienska lotteri<\/strong>.<\/p>\n<h2>\u00c4r det v\u00e4rt att spela SuperEnalotto online?<\/h2>\n<p><strong>Att spela SuperEnalotto online erbjuder ett enast\u00e5ende v\u00e4rde f\u00f6r lottientusiaster som s\u00f6ker de st\u00f6rsta m\u00f6jliga jackpottarna i Europa<\/strong>. Bekv\u00e4mligheten med onlinespel, kombinerat med SuperEnalottos obegr\u00e4nsade jackpottm\u00f6jligheter, g\u00f6r det till ett attraktivt alternativ f\u00f6r seri\u00f6sa lottospelare. <strong>M\u00f6jligheten att delta var som helst i v\u00e4rlden, n\u00e4r som helst, utan geografiska begr\u00e4nsningar tillf\u00f6r enormt merv\u00e4rde<\/strong>. Med tre dragningar i veckan och n\u00e5gra av de st\u00f6rsta priserna i lotterihistorien erbjuder SuperEnalotto fler m\u00f6jligheter och st\u00f6rre potentiella vinster \u00e4n m\u00e5nga andra europeiska lotterier. <strong>Kombinationen av tillg\u00e4nglighet, s\u00e4kerhet och en enorm vinstpotential g\u00f6r onlinespel p\u00e5 SuperEnalotto till ett v\u00e4l v\u00e4rt val f\u00f6r h\u00e4ngivna lottospelare<\/strong>. L\u00e4s mer om <a href=\"https:\/\/lottomat.com\/sv\/lotteri\/superenalotto\/\">SuperEnalotto-priser och jackpott<\/a> p\u00e5 v\u00e5r webbplats.<\/p>\n<h2>\u00c4r SuperEnalotto-biljetter k\u00f6pta online via LottoMat s\u00e4kra?<\/h2>\n<p><strong>Ja, SuperEnalotto-biljetter k\u00f6pta via LottoMat \u00e4r helt s\u00e4kra och trygga<\/strong>. Vi garanterar s\u00e4ker f\u00f6rvaring och hantering av alla dina lotteribiljetter via v\u00e5rt avancerade digitala system. <strong>Varje biljett skannas professionellt och lagras p\u00e5 ditt personliga konto<\/strong>, vilket ger dig permanent tillg\u00e5ng till dina spelrader och eliminerar all risk f\u00f6r borttappade eller skadade fysiska biljetter. V\u00e5ra licensierade ombud k\u00f6per originalbilfetter direkt fr\u00e5n auktoriserade italienska \u00e5terf\u00f6rs\u00e4ljare, vilket garanterar fullst\u00e4ndig \u00e4kthet och legitimitet. <strong>LottoMat:s s\u00e4kerhets\u00e5tg\u00e4rder inkluderar krypterade transaktioner, s\u00e4ker datalagring och fullst\u00e4ndig regelefterlevnad<\/strong>, vilket ger dig tryggheten att dina lotteriinvesteringar \u00e4r skyddade. Dina vinster \u00e4r garanterade och krediteras automatiskt till ditt konto, vilket g\u00f6r hela processen transparent och p\u00e5litlig.<\/p>\n","protected":false},"excerpt":{"rendered":"<p>Vad \u00e4r SuperEnalotto? SuperEnalotto \u00e4r Italiens mest popul\u00e4ra och prestigefyllda lottospel, k\u00e4nt f\u00f6r att erbjuda n\u00e5gra av de st\u00f6rsta jackpottarna i europeisk lotterihistoria. Detta ikoniska italienska lotteri har f\u00e4ngslat spelare sedan 1997 med sitt unika format och sin enast\u00e5ende vinstpotential. SuperEnalotto-dragningar \u00e4ger rum tre g\u00e5nger i veckan \u2013 p\u00e5 tisdagar, torsdagar och l\u00f6rdagar \u2013 vilket [&hellip;]<\/p>\n","protected":false},"author":1,"featured_media":0,"parent":6815,"menu_order":5,"comment_status":"closed","ping_status":"closed","template":"superenalotto.php","meta":{"_et_pb_use_builder":"","_et_pb_old_content":"","_et_gb_content_width":"","exclude_from_search":false,"footnotes":""},"class_list":["post-9543","page","type-page","status-publish","hentry"],"yoast_head":"<!-- This site is optimized with the Yoast SEO plugin v23.8 - https:\/\/yoast.com\/wordpress\/plugins\/seo\/ -->\n<title>SuperEnalotto Online - SuperEnalotto Biljetter - Lottomat<\/title>\n<meta name=\"description\" content=\"Spela italienska SuperEnalotto online och vinn en f\u00f6rm\u00f6genhet! K\u00f6p SuperEnalotto-biljetter p\u00e5 Lottomat och delta i n\u00e4sta italienska lottodragning.\" \/>\n<meta name=\"robots\" content=\"index, follow, max-snippet:-1, max-image-preview:large, max-video-preview:-1\" \/>\n<link rel=\"canonical\" href=\"https:\/\/lottomat.com\/sv\/spela\/superenalotto\/\" \/>\n<meta property=\"og:locale\" content=\"sv_SE\" \/>\n<meta property=\"og:type\" content=\"article\" \/>\n<meta property=\"og:title\" content=\"SuperEnalotto Online - SuperEnalotto Biljetter - Lottomat\" \/>\n<meta property=\"og:description\" content=\"Spela italienska SuperEnalotto online och vinn en f\u00f6rm\u00f6genhet! K\u00f6p SuperEnalotto-biljetter p\u00e5 Lottomat och delta i n\u00e4sta italienska lottodragning.\" \/>\n<meta property=\"og:url\" content=\"https:\/\/lottomat.com\/sv\/spela\/superenalotto\/\" \/>\n<meta property=\"og:site_name\" content=\"Lottomat\" \/>\n<meta property=\"article:modified_time\" content=\"2026-03-10T07:51:59+00:00\" \/>\n<meta property=\"og:image\" content=\"https:\/\/lottomat.com\/wp-content\/uploads\/2025\/10\/Italian-lottery-online.webp\" \/>\n\t<meta property=\"og:image:width\" content=\"400\" \/>\n\t<meta property=\"og:image:height\" content=\"400\" \/>\n\t<meta property=\"og:image:type\" content=\"image\/webp\" \/>\n<meta name=\"twitter:card\" content=\"summary_large_image\" \/>\n<meta name=\"twitter:label1\" content=\"Ber\u00e4knad l\u00e4stid\" \/>\n\t<meta name=\"twitter:data1\" content=\"6 minuter\" \/>\n<script type=\"application\/ld+json\" class=\"yoast-schema-graph\">{\"@context\":\"https:\/\/schema.org\",\"@graph\":[{\"@type\":\"WebPage\",\"@id\":\"https:\/\/lottomat.com\/sv\/spela\/superenalotto\/\",\"url\":\"https:\/\/lottomat.com\/sv\/spela\/superenalotto\/\",\"name\":\"SuperEnalotto Online - SuperEnalotto Biljetter - Lottomat\",\"isPartOf\":{\"@id\":\"https:\/\/lottomat.com\/sv\/#website\"},\"primaryImageOfPage\":{\"@id\":\"https:\/\/lottomat.com\/sv\/spela\/superenalotto\/#primaryimage\"},\"image\":{\"@id\":\"https:\/\/lottomat.com\/sv\/spela\/superenalotto\/#primaryimage\"},\"thumbnailUrl\":\"https:\/\/lottomat.com\/wp-content\/uploads\/2025\/10\/Italian-lottery-online-300x300.webp\",\"datePublished\":\"2025-03-26T08:35:10+00:00\",\"dateModified\":\"2026-03-10T07:51:59+00:00\",\"description\":\"Spela italienska SuperEnalotto online och vinn en f\u00f6rm\u00f6genhet! K\u00f6p SuperEnalotto-biljetter p\u00e5 Lottomat och delta i n\u00e4sta italienska lottodragning.\",\"breadcrumb\":{\"@id\":\"https:\/\/lottomat.com\/sv\/spela\/superenalotto\/#breadcrumb\"},\"inLanguage\":\"sv-SE\",\"potentialAction\":[{\"@type\":\"ReadAction\",\"target\":[\"https:\/\/lottomat.com\/sv\/spela\/superenalotto\/\"]}]},{\"@type\":\"ImageObject\",\"inLanguage\":\"sv-SE\",\"@id\":\"https:\/\/lottomat.com\/sv\/spela\/superenalotto\/#primaryimage\",\"url\":\"https:\/\/lottomat.com\/wp-content\/uploads\/2025\/10\/Italian-lottery-online-300x300.webp\",\"contentUrl\":\"https:\/\/lottomat.com\/wp-content\/uploads\/2025\/10\/Italian-lottery-online-300x300.webp\"},{\"@type\":\"BreadcrumbList\",\"@id\":\"https:\/\/lottomat.com\/sv\/spela\/superenalotto\/#breadcrumb\",\"itemListElement\":[{\"@type\":\"ListItem\",\"position\":1,\"name\":\"Home\",\"item\":\"https:\/\/lottomat.com\/sv\/\"},{\"@type\":\"ListItem\",\"position\":2,\"name\":\"Spela lotteri\",\"item\":\"https:\/\/lottomat.com\/sv\/spela\/\"},{\"@type\":\"ListItem\",\"position\":3,\"name\":\"SuperEnalotto Online &#8211; SuperEnalotto Biljetter\"}]},{\"@type\":\"WebSite\",\"@id\":\"https:\/\/lottomat.com\/sv\/#website\",\"url\":\"https:\/\/lottomat.com\/sv\/\",\"name\":\"Lottomat\",\"description\":\"\",\"potentialAction\":[{\"@type\":\"SearchAction\",\"target\":{\"@type\":\"EntryPoint\",\"urlTemplate\":\"https:\/\/lottomat.com\/sv\/?s={search_term_string}\"},\"query-input\":{\"@type\":\"PropertyValueSpecification\",\"valueRequired\":true,\"valueName\":\"search_term_string\"}}],\"inLanguage\":\"sv-SE\"}]}<\/script>\n<!-- \/ Yoast SEO plugin. -->","yoast_head_json":{"title":"SuperEnalotto Online - SuperEnalotto Biljetter - Lottomat","description":"Spela italienska SuperEnalotto online och vinn en f\u00f6rm\u00f6genhet! K\u00f6p SuperEnalotto-biljetter p\u00e5 Lottomat och delta i n\u00e4sta italienska lottodragning.","robots":{"index":"index","follow":"follow","max-snippet":"max-snippet:-1","max-image-preview":"max-image-preview:large","max-video-preview":"max-video-preview:-1"},"canonical":"https:\/\/lottomat.com\/sv\/spela\/superenalotto\/","og_locale":"sv_SE","og_type":"article","og_title":"SuperEnalotto Online - SuperEnalotto Biljetter - Lottomat","og_description":"Spela italienska SuperEnalotto online och vinn en f\u00f6rm\u00f6genhet! K\u00f6p SuperEnalotto-biljetter p\u00e5 Lottomat och delta i n\u00e4sta italienska lottodragning.","og_url":"https:\/\/lottomat.com\/sv\/spela\/superenalotto\/","og_site_name":"Lottomat","article_modified_time":"2026-03-10T07:51:59+00:00","og_image":[{"width":400,"height":400,"url":"https:\/\/lottomat.com\/wp-content\/uploads\/2025\/10\/Italian-lottery-online.webp","type":"image\/webp"}],"twitter_card":"summary_large_image","twitter_misc":{"Ber\u00e4knad l\u00e4stid":"6 minuter"},"schema":{"@context":"https:\/\/schema.org","@graph":[{"@type":"WebPage","@id":"https:\/\/lottomat.com\/sv\/spela\/superenalotto\/","url":"https:\/\/lottomat.com\/sv\/spela\/superenalotto\/","name":"SuperEnalotto Online - SuperEnalotto Biljetter - Lottomat","isPartOf":{"@id":"https:\/\/lottomat.com\/sv\/#website"},"primaryImageOfPage":{"@id":"https:\/\/lottomat.com\/sv\/spela\/superenalotto\/#primaryimage"},"image":{"@id":"https:\/\/lottomat.com\/sv\/spela\/superenalotto\/#primaryimage"},"thumbnailUrl":"https:\/\/lottomat.com\/wp-content\/uploads\/2025\/10\/Italian-lottery-online-300x300.webp","datePublished":"2025-03-26T08:35:10+00:00","dateModified":"2026-03-10T07:51:59+00:00","description":"Spela italienska SuperEnalotto online och vinn en f\u00f6rm\u00f6genhet! K\u00f6p SuperEnalotto-biljetter p\u00e5 Lottomat och delta i n\u00e4sta italienska lottodragning.","breadcrumb":{"@id":"https:\/\/lottomat.com\/sv\/spela\/superenalotto\/#breadcrumb"},"inLanguage":"sv-SE","potentialAction":[{"@type":"ReadAction","target":["https:\/\/lottomat.com\/sv\/spela\/superenalotto\/"]}]},{"@type":"ImageObject","inLanguage":"sv-SE","@id":"https:\/\/lottomat.com\/sv\/spela\/superenalotto\/#primaryimage","url":"https:\/\/lottomat.com\/wp-content\/uploads\/2025\/10\/Italian-lottery-online-300x300.webp","contentUrl":"https:\/\/lottomat.com\/wp-content\/uploads\/2025\/10\/Italian-lottery-online-300x300.webp"},{"@type":"BreadcrumbList","@id":"https:\/\/lottomat.com\/sv\/spela\/superenalotto\/#breadcrumb","itemListElement":[{"@type":"ListItem","position":1,"name":"Home","item":"https:\/\/lottomat.com\/sv\/"},{"@type":"ListItem","position":2,"name":"Spela lotteri","item":"https:\/\/lottomat.com\/sv\/spela\/"},{"@type":"ListItem","position":3,"name":"SuperEnalotto Online &#8211; SuperEnalotto Biljetter"}]},{"@type":"WebSite","@id":"https:\/\/lottomat.com\/sv\/#website","url":"https:\/\/lottomat.com\/sv\/","name":"Lottomat","description":"","potentialAction":[{"@type":"SearchAction","target":{"@type":"EntryPoint","urlTemplate":"https:\/\/lottomat.com\/sv\/?s={search_term_string}"},"query-input":{"@type":"PropertyValueSpecification","valueRequired":true,"valueName":"search_term_string"}}],"inLanguage":"sv-SE"}]}},"_links":{"self":[{"href":"https:\/\/lottomat.com\/sv\/wp-json\/wp\/v2\/pages\/9543","targetHints":{"allow":["GET"]}}],"collection":[{"href":"https:\/\/lottomat.com\/sv\/wp-json\/wp\/v2\/pages"}],"about":[{"href":"https:\/\/lottomat.com\/sv\/wp-json\/wp\/v2\/types\/page"}],"author":[{"embeddable":true,"href":"https:\/\/lottomat.com\/sv\/wp-json\/wp\/v2\/users\/1"}],"replies":[{"embeddable":true,"href":"https:\/\/lottomat.com\/sv\/wp-json\/wp\/v2\/comments?post=9543"}],"version-history":[{"count":1,"href":"https:\/\/lottomat.com\/sv\/wp-json\/wp\/v2\/pages\/9543\/revisions"}],"predecessor-version":[{"id":272993,"href":"https:\/\/lottomat.com\/sv\/wp-json\/wp\/v2\/pages\/9543\/revisions\/272993"}],"up":[{"embeddable":true,"href":"https:\/\/lottomat.com\/sv\/wp-json\/wp\/v2\/pages\/6815"}],"wp:attachment":[{"href":"https:\/\/lottomat.com\/sv\/wp-json\/wp\/v2\/media?parent=9543"}],"curies":[{"name":"wp","href":"https:\/\/api.w.org\/{rel}","templated":true}]}}