{"id":8869,"date":"2025-03-26T08:02:36","date_gmt":"2025-03-26T08:02:36","guid":{"rendered":"https:\/\/lottomat.net\/spela-lotteri\/spela-eurojackpot-online\/"},"modified":"2026-03-10T07:41:31","modified_gmt":"2026-03-10T07:41:31","slug":"eurojackpot","status":"publish","type":"page","link":"https:\/\/lottomat.com\/sv\/spela\/eurojackpot\/","title":{"rendered":"Spela Eurojackpot online"},"content":{"rendered":"\n\n<div class=\"kk-star-ratings kksr-auto kksr-align-left kksr-valign-top\"\n    data-payload='{&quot;align&quot;:&quot;left&quot;,&quot;id&quot;:&quot;8869&quot;,&quot;slug&quot;:&quot;default&quot;,&quot;valign&quot;:&quot;top&quot;,&quot;ignore&quot;:&quot;&quot;,&quot;reference&quot;:&quot;auto&quot;,&quot;class&quot;:&quot;&quot;,&quot;count&quot;:&quot;0&quot;,&quot;legendonly&quot;:&quot;&quot;,&quot;readonly&quot;:&quot;&quot;,&quot;score&quot;:&quot;0&quot;,&quot;starsonly&quot;:&quot;&quot;,&quot;best&quot;:&quot;5&quot;,&quot;gap&quot;:&quot;5&quot;,&quot;greet&quot;:&quot;Rate this page&quot;,&quot;legend&quot;:&quot;0\\\/5 - (0 votes)&quot;,&quot;size&quot;:&quot;30&quot;,&quot;title&quot;:&quot;Spela Eurojackpot online&quot;,&quot;width&quot;:&quot;0&quot;,&quot;_legend&quot;:&quot;{score}\\\/{best} - ({count} {votes})&quot;,&quot;font_factor&quot;:&quot;1.25&quot;}'>\n            \n<div class=\"kksr-stars\">\n    \n<div class=\"kksr-stars-inactive\">\n            <div class=\"kksr-star\" data-star=\"1\" style=\"padding-right: 5px\">\n            \n\n<div class=\"kksr-icon\" style=\"width: 30px; height: 30px;\"><\/div>\n        <\/div>\n            <div class=\"kksr-star\" data-star=\"2\" style=\"padding-right: 5px\">\n            \n\n<div class=\"kksr-icon\" style=\"width: 30px; height: 30px;\"><\/div>\n        <\/div>\n            <div class=\"kksr-star\" data-star=\"3\" style=\"padding-right: 5px\">\n            \n\n<div class=\"kksr-icon\" style=\"width: 30px; height: 30px;\"><\/div>\n        <\/div>\n            <div class=\"kksr-star\" data-star=\"4\" style=\"padding-right: 5px\">\n            \n\n<div class=\"kksr-icon\" style=\"width: 30px; height: 30px;\"><\/div>\n        <\/div>\n            <div class=\"kksr-star\" data-star=\"5\" style=\"padding-right: 5px\">\n            \n\n<div class=\"kksr-icon\" style=\"width: 30px; height: 30px;\"><\/div>\n        <\/div>\n    <\/div>\n    \n<div class=\"kksr-stars-active\" style=\"width: 0px;\">\n            <div class=\"kksr-star\" style=\"padding-right: 5px\">\n            \n\n<div class=\"kksr-icon\" style=\"width: 30px; height: 30px;\"><\/div>\n        <\/div>\n            <div class=\"kksr-star\" style=\"padding-right: 5px\">\n            \n\n<div class=\"kksr-icon\" style=\"width: 30px; height: 30px;\"><\/div>\n        <\/div>\n            <div class=\"kksr-star\" style=\"padding-right: 5px\">\n            \n\n<div class=\"kksr-icon\" style=\"width: 30px; height: 30px;\"><\/div>\n        <\/div>\n            <div class=\"kksr-star\" style=\"padding-right: 5px\">\n            \n\n<div class=\"kksr-icon\" style=\"width: 30px; height: 30px;\"><\/div>\n        <\/div>\n            <div class=\"kksr-star\" style=\"padding-right: 5px\">\n            \n\n<div class=\"kksr-icon\" style=\"width: 30px; height: 30px;\"><\/div>\n        <\/div>\n    <\/div>\n<\/div>\n                \n\n<div class=\"kksr-legend\" style=\"font-size: 24px;\">\n            <span class=\"kksr-muted\">Rate this page<\/span>\n    <\/div>\n    <\/div>\n<h2>Vad \u00e4r Eurojackpot?<\/h2>\n<p>Eurojackpot online \u00e4r ett <strong>internationellt lotteri som skapades i Europa<\/strong> och som till en b\u00f6rjan bara var popul\u00e4rt p\u00e5 v\u00e5r sida av halvklotet. Man kan s\u00e4ga att det helt enkelt \u00e4r en europeisk version av lotto. Eurojackpot \u00e4r ett ganska ungt lotteri \u2013 det <strong>grundades i mars 2012<\/strong> och har sedan dess \u00e5tnjutit en orubblig popularitet, inte bara i Europa utan \u00f6ver hela v\u00e4rlden. <strong>H\u00f6ga vinster, goda chanser att pricka in lyckosiffrorna och otroliga jackpottar<\/strong> g\u00f6r att Eurojackpot lockar till sig allt fler nya spelare. Detta penninglotteri har redan skapat ett par dussin lotto-miljon\u00e4rer. Det hela b\u00f6rjade med en plan att skapa en konkurrent till Euromillions-lotteriet, och det har redan <strong>g\u00e5tt om det och blivit ett av de snabbast v\u00e4xande och <a href=\"https:\/\/lottomat.com\/sv\/spela\/\">mest popul\u00e4ra onlinelottospelen<\/a><\/strong>.<\/p>\n<h2><img loading=\"lazy\" decoding=\"async\" class=\"alignleft wp-image-257564\" src=\"https:\/\/lottomat.com\/wp-content\/uploads\/2025\/11\/Eurojackpot-online.webp\" alt=\"Eurojackpot online\" width=\"200\" height=\"200\" srcset=\"https:\/\/lottomat.com\/wp-content\/uploads\/2025\/11\/Eurojackpot-online.webp 400w, https:\/\/lottomat.com\/wp-content\/uploads\/2025\/11\/Eurojackpot-online-300x300.webp 300w, https:\/\/lottomat.com\/wp-content\/uploads\/2025\/11\/Eurojackpot-online-150x150.webp 150w, https:\/\/lottomat.com\/wp-content\/uploads\/2025\/11\/Eurojackpot-online-100x100.webp 100w\" sizes=\"auto, (max-width: 200px) 100vw, 200px\" \/>Hur k\u00f6per man en Eurojackpot-lott online?<\/h2>\n<p>P\u00e5 LottoMat kan du k\u00f6pa lotter online, s\u00e5 att du slipper leta efter ett st\u00e4lle att k\u00f6pa dem p\u00e5. Allt finns samlat p\u00e5 ett och samma st\u00e4lle, <strong>dygnet runt, sju dagar i veckan<\/strong>. Det som \u00e4r \u00e4nnu viktigare \u00e4r att du kan spela <strong>fr\u00e5n vilken plats som helst i v\u00e4rlden<\/strong>, eftersom ett onlinek\u00f6p hos LottoMat behandlas p\u00e5 samma s\u00e4tt som ett k\u00f6p i ett av de l\u00e4nder som deltar i dragningarna. Det inneb\u00e4r att <strong>oavsett var du befinner dig kan du spela Eurojackpot online!<\/strong> N\u00e4r du har lagt din best\u00e4llning kommer <strong>v\u00e5r representant att k\u00f6pa en fysisk Eurojackpot-lott f\u00f6r din r\u00e4kning<\/strong>, som sedan finns tillg\u00e4nglig p\u00e5 ditt konto hos LottoMat.<\/p>\n<h2>Vad kostar en Eurojackpot-lott?<\/h2>\n<p>B\u00f6rja med att <strong>v\u00e4lja nummer p\u00e5 din Eurojackpot-lott online \u2013 5 huvudnummer och 2 extra nummer<\/strong>. Lottens pris visas l\u00e4ngst ned i listan. V\u00e5r kalkylator ber\u00e4knar det totala beloppet beroende p\u00e5 hur m\u00e5nga lotter du fyller i. Nu \u00e4r det bara att ge dig sj\u00e4lv en chans att vinna \u2013 n\u00e5got som sker anm\u00e4rkningsv\u00e4rt ofta i det h\u00e4r spelet.<\/p>\n<h2>Kan man k\u00f6pa flera Eurojackpot-lotter?<\/h2>\n<p>Ja, du kan <strong>k\u00f6pa flera Eurojackpot-lotter<\/strong> genom att v\u00e4lja alternativet &#8221;fler rader&#8221; och v\u00e4lja s\u00e5 m\u00e5nga rader du beh\u00f6ver. Den h\u00e4r strategin l\u00e5ter dig <strong>spela med olika nummerkombinationer i samma dragning, vilket potentiellt \u00f6kar dina vinstchanser<\/strong>. Varje ytterligare rad ger dig en ny m\u00f6jlighet att matcha vinstnumren, och du kan kombinera olika metoder f\u00f6r nummurval p\u00e5 dina lotter. Kom ih\u00e5g att <strong>varje rad priss\u00e4tts separat<\/strong>, s\u00e5 fler lotter inneb\u00e4r proportionellt h\u00f6gre totalkostnad.<\/p>\n<h2>Kan man k\u00f6pa Eurojackpot-lotter f\u00f6r flera dragningar?<\/h2>\n<h2><img loading=\"lazy\" decoding=\"async\" class=\"alignright wp-image-257594\" src=\"https:\/\/lottomat.com\/wp-content\/uploads\/2025\/11\/Eurojackpot-tickets.webp\" alt=\"Eurojackpot lotter\" width=\"200\" height=\"200\" srcset=\"https:\/\/lottomat.com\/wp-content\/uploads\/2025\/11\/Eurojackpot-tickets.webp 400w, https:\/\/lottomat.com\/wp-content\/uploads\/2025\/11\/Eurojackpot-tickets-300x300.webp 300w, https:\/\/lottomat.com\/wp-content\/uploads\/2025\/11\/Eurojackpot-tickets-150x150.webp 150w, https:\/\/lottomat.com\/wp-content\/uploads\/2025\/11\/Eurojackpot-tickets-100x100.webp 100w\" sizes=\"auto, (max-width: 200px) 100vw, 200px\" \/><\/h2>\n<p>Ja, hos LottoMat kan du <strong>k\u00f6pa lotter f\u00f6r upp till 8 dragningar i rad i f\u00f6rv\u00e4g<\/strong>. Den h\u00e4r funktionen f\u00f6r flerdragningar s\u00e4kerst\u00e4ller att du aldrig missar en dragning och kan vara s\u00e4rskilt praktisk f\u00f6r regelbundna spelare som f\u00f6redrar att planera i f\u00f6rv\u00e4g. Dina valda nummer deltar automatiskt i varje schemalagd dragning, och du f\u00e5r meddelanden om resultaten f\u00f6r varje dragning. Det h\u00e4r alternativet \u00e4r perfekt f\u00f6r spelare som vill delta regelbundet utan att beh\u00f6va komma ih\u00e5g att k\u00f6pa lotter inf\u00f6r varje enskild dragning.<\/p>\n<h2>Hur spelar man Eurojackpot online: vad kr\u00e4vs f\u00f6r att vinna?<\/h2>\n<p>F\u00f6r att delta i dragningarna m\u00e5ste du <strong>v\u00e4lja 5 nummer i intervallet 1 till 50 samt 2 extra nummer, s\u00e5 kallade bonusnummer, i intervallet 1 till 12<\/strong>. F\u00f6r ett helt slumpm\u00e4ssigt nummurval kan du anv\u00e4nda slumpalternativet som finns p\u00e5 plattformen. <strong>F\u00f6r att vinna huvudpriset kr\u00e4vs det att alla 7 nummer \u00e4r r\u00e4tt<\/strong>. N\u00e4r det g\u00e4ller vinsterna finns det inget enkelt svar p\u00e5 fr\u00e5gan om hur man spelar Eurojackpot f\u00f6r att vinna. Varje spelare har sin egen metod \u2013 en del k\u00f6per m\u00e4ngder av lotter, andra s\u00f6ker upp aktuella och <a href=\"https:\/\/lottomat.com\/sv\/resultaten\/\">arkiverade dragningsresultat<\/a>, noterar vilka nummer som dras oftast och skapar sina egna strategier inf\u00f6r framtida spel, och sedan finns det de som helt enkelt spelar p\u00e5 k\u00e4nn. I ditt spel kan du anv\u00e4nda de s\u00e5 kallade <strong>heta (mest dragna) eller kalla (minst dragna) numren<\/strong> p\u00e5 din lott \u2013 du kan kolla dem p\u00e5 LottoMat-webbplatsen, som har tagit fram ett litet fuskblad tillg\u00e4ngligt f\u00f6r alla spelare. N\u00e4r du fyller i Eurojackpot-lotten, se till att <strong>anv\u00e4nda olika nummerkombinationer och utnyttja hela det tillg\u00e4ngliga spannet<\/strong>.<\/p>\n<h2>Vad \u00e4r de b\u00e4sta tipsen f\u00f6r att spela Eurojackpot online?<\/h2>\n<p>F\u00f6r att maximera dina chanser i Eurojackpot online b\u00f6r du <strong>sprida ditt nummurval \u00f6ver hela intervallet<\/strong> i st\u00e4llet f\u00f6r att klumpa ihop dem i ett omr\u00e5de. M\u00e5nga erfarna spelare rekommenderar att <strong>analysera historiska dragningsdata f\u00f6r att hitta m\u00f6nster<\/strong>, men kom ih\u00e5g att varje dragning \u00e4r oberoende av de andra. \u00d6verv\u00e4g att <strong>g\u00e5 med i lottosyndikaten f\u00f6r att \u00f6ka din k\u00f6pkraft och dela p\u00e5 kostnaderna<\/strong>, och <strong>spela alltid inom din budget<\/strong>. Slutligen kan <strong>regelbundenhet vara avg\u00f6rande \u2013 att delta konsekvent i dragningarna kan f\u00f6rb\u00e4ttra dina totala odds<\/strong> j\u00e4mf\u00f6rt med sporadiskt spelande. F\u00f6r att l\u00e4ra dig mer om det h\u00e4r lotteriet \u2013 <a href=\"https:\/\/lottomat.com\/sv\/lotteri\/eurojackpot\/\">kolla Eurojackpots priser, regler och jackpott<\/a> inf\u00f6r den kommande dragningen.<\/p>\n<h2><img loading=\"lazy\" decoding=\"async\" class=\"alignleft wp-image-257624\" src=\"https:\/\/lottomat.com\/wp-content\/uploads\/2025\/11\/play-Eurojackpot.webp\" alt=\"spela Eurojackpot\" width=\"200\" height=\"200\" srcset=\"https:\/\/lottomat.com\/wp-content\/uploads\/2025\/11\/play-Eurojackpot.webp 400w, https:\/\/lottomat.com\/wp-content\/uploads\/2025\/11\/play-Eurojackpot-300x300.webp 300w, https:\/\/lottomat.com\/wp-content\/uploads\/2025\/11\/play-Eurojackpot-150x150.webp 150w, https:\/\/lottomat.com\/wp-content\/uploads\/2025\/11\/play-Eurojackpot-100x100.webp 100w\" sizes=\"auto, (max-width: 200px) 100vw, 200px\" \/>Vem kan spela Eurojackpot online?<\/h2>\n<p>Bland de l\u00e4nder som deltar i Eurojackpot-lotteriet finns hela <strong>18 stater (Kroatien, Tjeckien, Danmark, Estland, Finland, Tyskland, Ungern, Island, Italien, Lettland, Litauen, Nederl\u00e4nderna, Norge, Polen, Slovakien, Slovenien, Spanien och Sverige)<\/strong>. Att lista dem alla \u00e4r viktigt med tanke p\u00e5 Eurojackpots regler, eftersom det i enlighet med lotteriets anv\u00e4ndarvillkor g\u00e4ller att <strong>\u00e4ven personer med annat medborgarskap f\u00e5r delta i dragningarna, under f\u00f6ruts\u00e4ttning att lotten k\u00f6ptes i ett av ovanst\u00e5ende l\u00e4nder<\/strong>. Eurojackpot-lotteriet finns i huvudsak tillg\u00e4ngligt online. LottoMat-webbplatsen g\u00f6r det m\u00f6jligt f\u00f6r dig att k\u00f6pa Eurojackpot-lotter via internet. Det \u00e4r mycket enkelt \u2013 allt som kr\u00e4vs \u00e4r bokstavligen n\u00e5gra klick, och efter k\u00f6pet kan du snabbt och bekv\u00e4mt <a href=\"https:\/\/lottomat.com\/sv\/resultaten\/eurojackpot\/\">kontrollera de aktuella Eurojackpot-dragningsresultaten<\/a> p\u00e5 webbplatsen.<\/p>\n<h2>Vad skiljer Eurojackpot fr\u00e5n andra nummerspel?<\/h2>\n<p>De flesta slumpspel \u00e4r utformade p\u00e5 ett s\u00e4tt som g\u00f6r att mycket h\u00f6ga vinster bara \u00e4r tillg\u00e4ngliga f\u00f6r ett ganska begr\u00e4nsat antal spelare. <strong>Eurojackpot skapades med ett mycket st\u00f6rre antal vinnare i \u00e5tanke, och vinsterna uppg\u00e5r till tusentals och miljontals euro<\/strong>. Kort sagt \u00e4r det ett lotteri utformat p\u00e5 ett s\u00e4tt som <strong>ger spelarna h\u00f6gre vinstchanser<\/strong>. Och \u00e4ven om till exempel Euromillions-lotteriet kan ge h\u00f6gre vinster, <strong>erbjuder Eurojackpot betydligt b\u00e4ttre chanser att vinna<\/strong> i en dragning och plocka hem imponerande summor. Det \u00e4r v\u00e4rt att notera att det i Eurojackpot finns <strong>dubbelt s\u00e5 m\u00e5nga vinster som i andra slumpspel<\/strong>, vilket g\u00f6r att h\u00f6ga vinster n\u00e4stan \u00e4r inom r\u00e4ckh\u00e5ll. Det \u00e4r just den h\u00e4r egenskapen hos spelet som har lyft Eurojackpot till nya popularitetsh\u00f6jder i Europa. <strong>Fler vinnare inneb\u00e4r ocks\u00e5 b\u00e4ttre chanser f\u00f6r dig<\/strong>.<\/p>\n<h2>\u00c4r det v\u00e4rt att spela Eurojackpot online?<img loading=\"lazy\" decoding=\"async\" class=\"alignright wp-image-257654\" src=\"https:\/\/lottomat.com\/wp-content\/uploads\/2025\/11\/buy-tickets-online.webp\" alt=\"k\u00f6p lotter online\" width=\"200\" height=\"200\" srcset=\"https:\/\/lottomat.com\/wp-content\/uploads\/2025\/11\/buy-tickets-online.webp 400w, https:\/\/lottomat.com\/wp-content\/uploads\/2025\/11\/buy-tickets-online-300x300.webp 300w, https:\/\/lottomat.com\/wp-content\/uploads\/2025\/11\/buy-tickets-online-150x150.webp 150w, https:\/\/lottomat.com\/wp-content\/uploads\/2025\/11\/buy-tickets-online-100x100.webp 100w\" sizes=\"auto, (max-width: 200px) 100vw, 200px\" \/><\/h2>\n<p>Fr\u00e5gan du f\u00f6rmodligen st\u00e4ller dig \u00e4r om det verkligen \u00e4r v\u00e4rt det. M\u00e5nga undrar samma sak n\u00e4r de \u00e4r p\u00e5 v\u00e4g att k\u00f6pa en lott. Som med alla lotterier tar du en risk varje g\u00e5ng du k\u00f6per, men <strong>resultatet kan f\u00f6r\u00e4ndra ditt liv i grunden<\/strong>. T\u00e4nk p\u00e5 vad du skulle kunna g\u00f6ra om du vann jackpotten, eller till och med ett mindre pris. Ibland \u00e4r det v\u00e4rt att ta en chans f\u00f6r m\u00f6jligheten att f\u00e5 n\u00e5got b\u00e4ttre. Faktum \u00e4r att <strong>Eurojackpot har betydligt b\u00e4ttre odds \u00e4n sin huvudkonkurrent EuroMillions, sett till helheten<\/strong>. Du har <strong>mycket st\u00f6rre chans att vinna storpriset i det h\u00e4r lotteriet \u00e4n i den mer k\u00e4nda konkurrenten<\/strong>. Du l\u00e4gger allts\u00e5 samma pengar men har b\u00e4ttre vinstchanser. Den enda nackdelen \u00e4r att du kanske inte vinner, men sp\u00e4nningen \u00e4r ofta h\u00e4lften av n\u00f6jet. Att f\u00f6rlora \u00e4r aldrig roligt, s\u00e4rskilt n\u00e4r du dr\u00f6mmer om allt du skulle kunna g\u00f6ra med vinsten. Men k\u00e4nslan om och n\u00e4r du v\u00e4l vinner \u00e4r v\u00e4rd allt det tidigare vemodigt. S\u00e5 vad v\u00e4ntar du p\u00e5? Varf\u00f6r inte skapa ditt f\u00f6rsta konto p\u00e5 <a href=\"https:\/\/lottomat.com\/sv\/\">LottoMat-webbplatsen<\/a> och se vad Eurojackpot har att erbjuda? Det lovar att bli en rolig och sp\u00e4nnande resa.<\/p>\n<h2>Var ska du k\u00f6pa din Eurojackpot-lott: online eller offline?<\/h2>\n<p>N\u00e4r du k\u00f6per Eurojackpot-lotter kan du v\u00e4lja mellan onlineplattformar som LottoMat eller fysiska f\u00f6rs\u00e4ljningsst\u00e4llen. <strong>B\u00e5da metoderna erbjuder samma vinstpotential<\/strong> men skiljer sig \u00e5t vad g\u00e4ller bekv\u00e4mlighet och anv\u00e4ndarupplevelse.<\/p>\n<h3>Det traditionella butiksk\u00f6pet<\/h3>\n<p>Att k\u00f6pa lotter i butik inneb\u00e4r att du fyller i nummer f\u00f6r hand eller ber om ett slumpm\u00e4ssigt urval i kassan. \u00c4ven om en del spelare uppskattar det sociala inslaget och litar p\u00e5 fysiska k\u00f6p, <strong>har b\u00e5de online- och butikslotter lika stora chanser att vinna jackpotten<\/strong>. Ink\u00f6psst\u00e4llet p\u00e5verkar inte dina vinstchanser.<\/p>\n<h3><img loading=\"lazy\" decoding=\"async\" class=\"alignleft wp-image-257684\" src=\"https:\/\/lottomat.com\/wp-content\/uploads\/2025\/11\/play-online.webp\" alt=\"spela online\" width=\"200\" height=\"200\" srcset=\"https:\/\/lottomat.com\/wp-content\/uploads\/2025\/11\/play-online.webp 400w, https:\/\/lottomat.com\/wp-content\/uploads\/2025\/11\/play-online-300x300.webp 300w, https:\/\/lottomat.com\/wp-content\/uploads\/2025\/11\/play-online-150x150.webp 150w, https:\/\/lottomat.com\/wp-content\/uploads\/2025\/11\/play-online-100x100.webp 100w\" sizes=\"auto, (max-width: 200px) 100vw, 200px\" \/>Bekv\u00e4mligheten med att k\u00f6pa lotter online<\/h3>\n<p><strong>Onlinek\u00f6p av lotter eliminerar k\u00f6andet och sparar tid<\/strong>. Skapa helt enkelt ett konto, v\u00e4lj dina nummer eller anv\u00e4nd slumpm\u00e4ssigt urval, v\u00e4lj betalningsmetod och du \u00e4r klar. Du f\u00e5r e-postmeddelanden med resultaten. <strong>Den stora f\u00f6rdelen med onlinelotter \u00e4r att de lagras digitalt, s\u00e5 du kan inte tappa bort dem<\/strong>. Det eliminerar stressen \u00f6ver f\u00f6rlagda lotter och \u00e4r milj\u00f6v\u00e4nligt eftersom det minskar pappersanv\u00e4ndningen. \u00c4r du redo att h\u00e4nga med p\u00e5 n\u00f6jet? V\u00e4lj dina nummer och spela Eurojackpot online nu!<\/p>\n","protected":false},"excerpt":{"rendered":"<p>Vad \u00e4r Eurojackpot? Eurojackpot online \u00e4r ett internationellt lotteri som skapades i Europa och som till en b\u00f6rjan bara var popul\u00e4rt p\u00e5 v\u00e5r sida av halvklotet. Man kan s\u00e4ga att det helt enkelt \u00e4r en europeisk version av lotto. Eurojackpot \u00e4r ett ganska ungt lotteri \u2013 det grundades i mars 2012 och har sedan dess [&hellip;]<\/p>\n","protected":false},"author":1,"featured_media":0,"parent":6815,"menu_order":4,"comment_status":"closed","ping_status":"closed","template":"eurojackpot.php","meta":{"_et_pb_use_builder":"","_et_pb_old_content":"","_et_gb_content_width":"","exclude_from_search":false,"footnotes":""},"class_list":["post-8869","page","type-page","status-publish","hentry"],"yoast_head":"<!-- This site is optimized with the Yoast SEO plugin v23.8 - https:\/\/yoast.com\/wordpress\/plugins\/seo\/ -->\n<title>Eurojackpot Online - Eurojackpot Lotter - LottoMat<\/title>\n<meta name=\"description\" content=\"Spela Eurojackpot online och vinn stort p\u00e5 Lottomat! V\u00e4lj dina nummer och k\u00f6p Eurojackpot-lotter online n\u00e4r som helst!\" \/>\n<meta name=\"robots\" content=\"index, follow, max-snippet:-1, max-image-preview:large, max-video-preview:-1\" \/>\n<link rel=\"canonical\" href=\"https:\/\/lottomat.com\/sv\/spela\/eurojackpot\/\" \/>\n<meta property=\"og:locale\" content=\"sv_SE\" \/>\n<meta property=\"og:type\" content=\"article\" \/>\n<meta property=\"og:title\" content=\"Eurojackpot Online - Eurojackpot Lotter - LottoMat\" \/>\n<meta property=\"og:description\" content=\"Spela Eurojackpot online och vinn stort p\u00e5 Lottomat! V\u00e4lj dina nummer och k\u00f6p Eurojackpot-lotter online n\u00e4r som helst!\" \/>\n<meta property=\"og:url\" content=\"https:\/\/lottomat.com\/sv\/spela\/eurojackpot\/\" \/>\n<meta property=\"og:site_name\" content=\"Lottomat\" \/>\n<meta property=\"article:modified_time\" content=\"2026-03-10T07:41:31+00:00\" \/>\n<meta property=\"og:image\" content=\"https:\/\/lottomat.com\/wp-content\/uploads\/2025\/11\/Eurojackpot-online.webp\" \/>\n\t<meta property=\"og:image:width\" content=\"400\" \/>\n\t<meta property=\"og:image:height\" content=\"400\" \/>\n\t<meta property=\"og:image:type\" content=\"image\/webp\" \/>\n<meta name=\"twitter:card\" content=\"summary_large_image\" \/>\n<meta name=\"twitter:label1\" content=\"Ber\u00e4knad l\u00e4stid\" \/>\n\t<meta name=\"twitter:data1\" content=\"8 minuter\" \/>\n<script type=\"application\/ld+json\" class=\"yoast-schema-graph\">{\"@context\":\"https:\/\/schema.org\",\"@graph\":[{\"@type\":\"WebPage\",\"@id\":\"https:\/\/lottomat.com\/sv\/spela\/eurojackpot\/\",\"url\":\"https:\/\/lottomat.com\/sv\/spela\/eurojackpot\/\",\"name\":\"Eurojackpot Online - Eurojackpot Lotter - LottoMat\",\"isPartOf\":{\"@id\":\"https:\/\/lottomat.com\/sv\/#website\"},\"primaryImageOfPage\":{\"@id\":\"https:\/\/lottomat.com\/sv\/spela\/eurojackpot\/#primaryimage\"},\"image\":{\"@id\":\"https:\/\/lottomat.com\/sv\/spela\/eurojackpot\/#primaryimage\"},\"thumbnailUrl\":\"https:\/\/lottomat.com\/wp-content\/uploads\/2025\/11\/Eurojackpot-online.webp\",\"datePublished\":\"2025-03-26T08:02:36+00:00\",\"dateModified\":\"2026-03-10T07:41:31+00:00\",\"description\":\"Spela Eurojackpot online och vinn stort p\u00e5 Lottomat! V\u00e4lj dina nummer och k\u00f6p Eurojackpot-lotter online n\u00e4r som helst!\",\"breadcrumb\":{\"@id\":\"https:\/\/lottomat.com\/sv\/spela\/eurojackpot\/#breadcrumb\"},\"inLanguage\":\"sv-SE\",\"potentialAction\":[{\"@type\":\"ReadAction\",\"target\":[\"https:\/\/lottomat.com\/sv\/spela\/eurojackpot\/\"]}]},{\"@type\":\"ImageObject\",\"inLanguage\":\"sv-SE\",\"@id\":\"https:\/\/lottomat.com\/sv\/spela\/eurojackpot\/#primaryimage\",\"url\":\"https:\/\/lottomat.com\/wp-content\/uploads\/2025\/11\/Eurojackpot-online.webp\",\"contentUrl\":\"https:\/\/lottomat.com\/wp-content\/uploads\/2025\/11\/Eurojackpot-online.webp\"},{\"@type\":\"BreadcrumbList\",\"@id\":\"https:\/\/lottomat.com\/sv\/spela\/eurojackpot\/#breadcrumb\",\"itemListElement\":[{\"@type\":\"ListItem\",\"position\":1,\"name\":\"Home\",\"item\":\"https:\/\/lottomat.com\/sv\/\"},{\"@type\":\"ListItem\",\"position\":2,\"name\":\"Spela lotteri\",\"item\":\"https:\/\/lottomat.com\/sv\/spela\/\"},{\"@type\":\"ListItem\",\"position\":3,\"name\":\"Spela Eurojackpot online\"}]},{\"@type\":\"WebSite\",\"@id\":\"https:\/\/lottomat.com\/sv\/#website\",\"url\":\"https:\/\/lottomat.com\/sv\/\",\"name\":\"Lottomat\",\"description\":\"\",\"potentialAction\":[{\"@type\":\"SearchAction\",\"target\":{\"@type\":\"EntryPoint\",\"urlTemplate\":\"https:\/\/lottomat.com\/sv\/?s={search_term_string}\"},\"query-input\":{\"@type\":\"PropertyValueSpecification\",\"valueRequired\":true,\"valueName\":\"search_term_string\"}}],\"inLanguage\":\"sv-SE\"}]}<\/script>\n<!-- \/ Yoast SEO plugin. -->","yoast_head_json":{"title":"Eurojackpot Online - Eurojackpot Lotter - LottoMat","description":"Spela Eurojackpot online och vinn stort p\u00e5 Lottomat! V\u00e4lj dina nummer och k\u00f6p Eurojackpot-lotter online n\u00e4r som helst!","robots":{"index":"index","follow":"follow","max-snippet":"max-snippet:-1","max-image-preview":"max-image-preview:large","max-video-preview":"max-video-preview:-1"},"canonical":"https:\/\/lottomat.com\/sv\/spela\/eurojackpot\/","og_locale":"sv_SE","og_type":"article","og_title":"Eurojackpot Online - Eurojackpot Lotter - LottoMat","og_description":"Spela Eurojackpot online och vinn stort p\u00e5 Lottomat! V\u00e4lj dina nummer och k\u00f6p Eurojackpot-lotter online n\u00e4r som helst!","og_url":"https:\/\/lottomat.com\/sv\/spela\/eurojackpot\/","og_site_name":"Lottomat","article_modified_time":"2026-03-10T07:41:31+00:00","og_image":[{"width":400,"height":400,"url":"https:\/\/lottomat.com\/wp-content\/uploads\/2025\/11\/Eurojackpot-online.webp","type":"image\/webp"}],"twitter_card":"summary_large_image","twitter_misc":{"Ber\u00e4knad l\u00e4stid":"8 minuter"},"schema":{"@context":"https:\/\/schema.org","@graph":[{"@type":"WebPage","@id":"https:\/\/lottomat.com\/sv\/spela\/eurojackpot\/","url":"https:\/\/lottomat.com\/sv\/spela\/eurojackpot\/","name":"Eurojackpot Online - Eurojackpot Lotter - LottoMat","isPartOf":{"@id":"https:\/\/lottomat.com\/sv\/#website"},"primaryImageOfPage":{"@id":"https:\/\/lottomat.com\/sv\/spela\/eurojackpot\/#primaryimage"},"image":{"@id":"https:\/\/lottomat.com\/sv\/spela\/eurojackpot\/#primaryimage"},"thumbnailUrl":"https:\/\/lottomat.com\/wp-content\/uploads\/2025\/11\/Eurojackpot-online.webp","datePublished":"2025-03-26T08:02:36+00:00","dateModified":"2026-03-10T07:41:31+00:00","description":"Spela Eurojackpot online och vinn stort p\u00e5 Lottomat! V\u00e4lj dina nummer och k\u00f6p Eurojackpot-lotter online n\u00e4r som helst!","breadcrumb":{"@id":"https:\/\/lottomat.com\/sv\/spela\/eurojackpot\/#breadcrumb"},"inLanguage":"sv-SE","potentialAction":[{"@type":"ReadAction","target":["https:\/\/lottomat.com\/sv\/spela\/eurojackpot\/"]}]},{"@type":"ImageObject","inLanguage":"sv-SE","@id":"https:\/\/lottomat.com\/sv\/spela\/eurojackpot\/#primaryimage","url":"https:\/\/lottomat.com\/wp-content\/uploads\/2025\/11\/Eurojackpot-online.webp","contentUrl":"https:\/\/lottomat.com\/wp-content\/uploads\/2025\/11\/Eurojackpot-online.webp"},{"@type":"BreadcrumbList","@id":"https:\/\/lottomat.com\/sv\/spela\/eurojackpot\/#breadcrumb","itemListElement":[{"@type":"ListItem","position":1,"name":"Home","item":"https:\/\/lottomat.com\/sv\/"},{"@type":"ListItem","position":2,"name":"Spela lotteri","item":"https:\/\/lottomat.com\/sv\/spela\/"},{"@type":"ListItem","position":3,"name":"Spela Eurojackpot online"}]},{"@type":"WebSite","@id":"https:\/\/lottomat.com\/sv\/#website","url":"https:\/\/lottomat.com\/sv\/","name":"Lottomat","description":"","potentialAction":[{"@type":"SearchAction","target":{"@type":"EntryPoint","urlTemplate":"https:\/\/lottomat.com\/sv\/?s={search_term_string}"},"query-input":{"@type":"PropertyValueSpecification","valueRequired":true,"valueName":"search_term_string"}}],"inLanguage":"sv-SE"}]}},"_links":{"self":[{"href":"https:\/\/lottomat.com\/sv\/wp-json\/wp\/v2\/pages\/8869","targetHints":{"allow":["GET"]}}],"collection":[{"href":"https:\/\/lottomat.com\/sv\/wp-json\/wp\/v2\/pages"}],"about":[{"href":"https:\/\/lottomat.com\/sv\/wp-json\/wp\/v2\/types\/page"}],"author":[{"embeddable":true,"href":"https:\/\/lottomat.com\/sv\/wp-json\/wp\/v2\/users\/1"}],"replies":[{"embeddable":true,"href":"https:\/\/lottomat.com\/sv\/wp-json\/wp\/v2\/comments?post=8869"}],"version-history":[{"count":2,"href":"https:\/\/lottomat.com\/sv\/wp-json\/wp\/v2\/pages\/8869\/revisions"}],"predecessor-version":[{"id":272987,"href":"https:\/\/lottomat.com\/sv\/wp-json\/wp\/v2\/pages\/8869\/revisions\/272987"}],"up":[{"embeddable":true,"href":"https:\/\/lottomat.com\/sv\/wp-json\/wp\/v2\/pages\/6815"}],"wp:attachment":[{"href":"https:\/\/lottomat.com\/sv\/wp-json\/wp\/v2\/media?parent=8869"}],"curies":[{"name":"wp","href":"https:\/\/api.w.org\/{rel}","templated":true}]}}