{"id":8751,"date":"2025-03-26T07:54:05","date_gmt":"2025-03-26T07:54:05","guid":{"rendered":"https:\/\/lottomat.net\/spela-lotteri\/spela-mega-millions-online\/"},"modified":"2026-03-10T06:56:37","modified_gmt":"2026-03-10T06:56:37","slug":"mega-millions","status":"publish","type":"page","link":"https:\/\/lottomat.com\/sv\/spela\/mega-millions\/","title":{"rendered":"Spela Mega Millions online \u2013 Mega Millions Lotter"},"content":{"rendered":"\n\n<div class=\"kk-star-ratings kksr-auto kksr-align-left kksr-valign-top\"\n    data-payload='{&quot;align&quot;:&quot;left&quot;,&quot;id&quot;:&quot;8751&quot;,&quot;slug&quot;:&quot;default&quot;,&quot;valign&quot;:&quot;top&quot;,&quot;ignore&quot;:&quot;&quot;,&quot;reference&quot;:&quot;auto&quot;,&quot;class&quot;:&quot;&quot;,&quot;count&quot;:&quot;0&quot;,&quot;legendonly&quot;:&quot;&quot;,&quot;readonly&quot;:&quot;&quot;,&quot;score&quot;:&quot;0&quot;,&quot;starsonly&quot;:&quot;&quot;,&quot;best&quot;:&quot;5&quot;,&quot;gap&quot;:&quot;5&quot;,&quot;greet&quot;:&quot;Rate this page&quot;,&quot;legend&quot;:&quot;0\\\/5 - (0 votes)&quot;,&quot;size&quot;:&quot;30&quot;,&quot;title&quot;:&quot;Spela Mega Millions online \u2013 Mega Millions Lotter&quot;,&quot;width&quot;:&quot;0&quot;,&quot;_legend&quot;:&quot;{score}\\\/{best} - ({count} {votes})&quot;,&quot;font_factor&quot;:&quot;1.25&quot;}'>\n            \n<div class=\"kksr-stars\">\n    \n<div class=\"kksr-stars-inactive\">\n            <div class=\"kksr-star\" data-star=\"1\" style=\"padding-right: 5px\">\n            \n\n<div class=\"kksr-icon\" style=\"width: 30px; height: 30px;\"><\/div>\n        <\/div>\n            <div class=\"kksr-star\" data-star=\"2\" style=\"padding-right: 5px\">\n            \n\n<div class=\"kksr-icon\" style=\"width: 30px; height: 30px;\"><\/div>\n        <\/div>\n            <div class=\"kksr-star\" data-star=\"3\" style=\"padding-right: 5px\">\n            \n\n<div class=\"kksr-icon\" style=\"width: 30px; height: 30px;\"><\/div>\n        <\/div>\n            <div class=\"kksr-star\" data-star=\"4\" style=\"padding-right: 5px\">\n            \n\n<div class=\"kksr-icon\" style=\"width: 30px; height: 30px;\"><\/div>\n        <\/div>\n            <div class=\"kksr-star\" data-star=\"5\" style=\"padding-right: 5px\">\n            \n\n<div class=\"kksr-icon\" style=\"width: 30px; height: 30px;\"><\/div>\n        <\/div>\n    <\/div>\n    \n<div class=\"kksr-stars-active\" style=\"width: 0px;\">\n            <div class=\"kksr-star\" style=\"padding-right: 5px\">\n            \n\n<div class=\"kksr-icon\" style=\"width: 30px; height: 30px;\"><\/div>\n        <\/div>\n            <div class=\"kksr-star\" style=\"padding-right: 5px\">\n            \n\n<div class=\"kksr-icon\" style=\"width: 30px; height: 30px;\"><\/div>\n        <\/div>\n            <div class=\"kksr-star\" style=\"padding-right: 5px\">\n            \n\n<div class=\"kksr-icon\" style=\"width: 30px; height: 30px;\"><\/div>\n        <\/div>\n            <div class=\"kksr-star\" style=\"padding-right: 5px\">\n            \n\n<div class=\"kksr-icon\" style=\"width: 30px; height: 30px;\"><\/div>\n        <\/div>\n            <div class=\"kksr-star\" style=\"padding-right: 5px\">\n            \n\n<div class=\"kksr-icon\" style=\"width: 30px; height: 30px;\"><\/div>\n        <\/div>\n    <\/div>\n<\/div>\n                \n\n<div class=\"kksr-legend\" style=\"font-size: 24px;\">\n            <span class=\"kksr-muted\">Rate this page<\/span>\n    <\/div>\n    <\/div>\n<h2>Hur fungerar Mega Millions-lotteriet?<\/h2>\n<p>Mega Millions online-lotteri \u00e4r ett enkelt nummerspel med l\u00e4ttf\u00f6rst\u00e5eliga regler som \u00e4r l\u00e4tta att komma ih\u00e5g. Varje spelares uppgift \u00e4r att v\u00e4lja fem huvudnummer i intervallet 1 till 70 samt ett Mega Ball-nummer, som \u00e4r ett unikt bonusnummer i intervallet 1 till 24. Huvudpriset tillfaller den vinnare vars lott inneh\u00e5ller alla sex utdragna nummer, det vill s\u00e4ga fem huvudnummer och ett bonusnummer. Det \u00e4r v\u00e4rt att notera att <strong>Mega Millions \u00e4r ett lotteri med hela nio prisniv\u00e5er<\/strong> d\u00e4r varje spelare kan vinna en penningvinst. \u00c4nnu mer gl\u00e4djande \u00e4r att en Mega Millions-lott med enbart r\u00e4tt Mega Ball ocks\u00e5 ger vinst. Som vi beskrivit ovan \u00e4r Mega Millions ett lotteri som ger verkligt goda chanser att vinna miljontals dollar. L\u00e4s <a href=\"https:\/\/lottomat.com\/sv\/lotteri\/mega-millions\/\">mer om Mega Millions regler<\/a> p\u00e5 v\u00e5r webbplats och l\u00e4r dig mer.<\/p>\n<h2><img loading=\"lazy\" decoding=\"async\" class=\"alignleft wp-image-251833\" src=\"https:\/\/lottomat.com\/wp-content\/uploads\/2025\/10\/play-Mega-Millions.webp\" alt=\"spela Mega Millions\" width=\"200\" height=\"200\" srcset=\"https:\/\/lottomat.com\/wp-content\/uploads\/2025\/10\/play-Mega-Millions.webp 400w, https:\/\/lottomat.com\/wp-content\/uploads\/2025\/10\/play-Mega-Millions-300x300.webp 300w, https:\/\/lottomat.com\/wp-content\/uploads\/2025\/10\/play-Mega-Millions-150x150.webp 150w, https:\/\/lottomat.com\/wp-content\/uploads\/2025\/10\/play-Mega-Millions-100x100.webp 100w\" sizes=\"auto, (max-width: 200px) 100vw, 200px\" \/>Hur mycket kan du vinna med Mega Millions online?<\/h2>\n<p>Att v\u00e4lja alla r\u00e4tt utdragna nummer garanterar vinst av huvudpriset, eller en del av det om det finns fler \u00e4n en vinnare. Om flera spelare prickar in alla utdragna lotterinummer delas huvudpriset proportionellt mellan samtliga vinnare. Om du tr\u00e4ffar fem huvudnummer men missar Mega Ball f\u00e5r du ett <strong>garanterat pris p\u00e5 1 000 000 dollar<\/strong> (jo, du ser r\u00e4tt \u2013 vi talar om en miljon dollar f\u00f6r fem korrekt gissade nummer!). Mega Millions \u00e4r ett lotteri med frekventa jackpottar som kan v\u00e4xa till svindlande summor, och vinnande lotter i detta lotteri ger sina \u00e4gare mycket betydande vinster. Mega Millions erbjuder spelarna tv\u00e5 intressanta tillval. Tyv\u00e4rr \u00e4r dessa extra alternativ \u2013 d\u00e4ribland m\u00f6jligheten att k\u00f6pa en billigare lott f\u00f6r enbart jackpotten samt att multiplicera vinster fr\u00e5n spelets l\u00e4gre niv\u00e5er \u2013 bara tillg\u00e4ngliga f\u00f6r inv\u00e5nare i vissa amerikanska delstater, men huvudpriset och dess l\u00e4gre niv\u00e5er \u00e4r tillg\u00e4ngliga f\u00f6r alla \u00f6vriga spelare.<\/p>\n<h2>Vad kostar en Mega Millions online-lott?<\/h2>\n<p>F\u00f6r att kontrollera priset p\u00e5 en enskild lott eller ett st\u00f6rre antal, anv\u00e4nd LottoMat-webbplatsen och v\u00e4lj alternativet f\u00f6r att v\u00e4lja vinnande nummer. N\u00e4r du fyllt i lotten visas priset under lotterna. <strong>Kalkylatorn ber\u00e4knar automatiskt betalningsbeloppet<\/strong> utifr\u00e5n antalet valda Mega Millions online-lotter. Priset f\u00f6r en lott inkluderar lottens kostnad samt alla till\u00e4mpliga avgifter och \u00e4r slutgiltigt. Du beh\u00f6ver inte oroa dig f\u00f6r n\u00e5got annat \u2013 v\u00e4nta bara p\u00e5 <a href=\"https:\/\/lottomat.com\/sv\/resultaten\/mega-millions\/\">Mega Millions aktuella dragningsresultat<\/a>.<\/p>\n<h2>Hur k\u00f6per man en Mega Millions online-lott?<img loading=\"lazy\" decoding=\"async\" class=\"alignright wp-image-251863\" src=\"https:\/\/lottomat.com\/wp-content\/uploads\/2025\/10\/Mega-Millions-tickets.webp\" alt=\"Mega Millions lotter\" width=\"200\" height=\"200\" srcset=\"https:\/\/lottomat.com\/wp-content\/uploads\/2025\/10\/Mega-Millions-tickets.webp 400w, https:\/\/lottomat.com\/wp-content\/uploads\/2025\/10\/Mega-Millions-tickets-300x300.webp 300w, https:\/\/lottomat.com\/wp-content\/uploads\/2025\/10\/Mega-Millions-tickets-150x150.webp 150w, https:\/\/lottomat.com\/wp-content\/uploads\/2025\/10\/Mega-Millions-tickets-100x100.webp 100w\" sizes=\"auto, (max-width: 200px) 100vw, 200px\" \/><\/h2>\n<p>F\u00f6r att delta i Mega Millions dragningar beh\u00f6ver du inte bo i USA, men <strong>det enda alternativet \u00e4r att k\u00f6pa en Mega Millions-lott online<\/strong>. Fysiska lotterikontor finns endast i USA. Det enda du beh\u00f6ver g\u00f6ra \u00e4r att fylla i en lott p\u00e5 LottoMat-webbplatsen och sedan betala f\u00f6r den (flera f\u00f6redragna betalningsmetoder finns tillg\u00e4ngliga). Miljontals dollar ligger inom r\u00e4ckh\u00e5ll, utan att du beh\u00f6ver l\u00e4mna hemmet, dygnet runt, sju dagar i veckan. Numera kan du spela Mega Millions online i bekv\u00e4mligheten av ditt eget hem. Onlinelotterier utg\u00f6r idag den prim\u00e4ra grunden f\u00f6r denna bransch.<\/p>\n<h3>Dragningsschema och resultat<\/h3>\n<p>Din lott deltar i det amerikanska lotteriet, och om du vinner skickas priset i sin helhet eller i omg\u00e5ngar, beroende p\u00e5 vilket alternativ du valde. <strong>Dragningar \u00e4ger rum p\u00e5 onsdagar och l\u00f6rdagar<\/strong>, och <a href=\"https:\/\/lottomat.com\/sv\/resultaten\/\">aktuella dragningsresultat<\/a> kan du s\u00f6ka upp p\u00e5 LottoMat-webbplatsen. V\u00e4lj alternativet Spela och se hur enkelt det \u00e4r att k\u00f6pa en lott online. Allt du beh\u00f6ver f\u00f6r att vinna \u00e4r lite tur!<\/p>\n<h2>Hur spelar man Mega Millions online?<\/h2>\n<p>Tack vare v\u00e5r webbplats beh\u00f6ver du inte resa till USA f\u00f6r att k\u00f6pa en Mega Millions-lott. Det enda du beh\u00f6ver g\u00f6ra \u00e4r att v\u00e4lja fem huvudnummer i intervallet 1 till 70 samt ett extra Mega Ball-nummer i intervallet 1 till 24. Du kan ocks\u00e5 anv\u00e4nda slumpalternativet, d\u00e4r numren v\u00e4ljs slumpm\u00e4ssigt. F\u00f6r att vinna huvudpriset m\u00e5ste du pricka in alla utdragna nummer. Ju f\u00e4rre nummer du tr\u00e4ffar, desto l\u00e4gre blir din vinst. <strong>V\u00e4lj fem huvudnummer i intervallet 1 till 70 och ett unikt nummer kallat Mega Ball fr\u00e5n 1 till 24.<\/strong> V\u00e4lj dina nummer och spela om miljoner idag!<\/p>\n<h2><img loading=\"lazy\" decoding=\"async\" class=\"alignleft wp-image-251893\" src=\"https:\/\/lottomat.com\/wp-content\/uploads\/2025\/10\/buy-Mega-Millions-tickets.webp\" alt=\"k\u00f6p Mega Millions lotter\" width=\"200\" height=\"200\" srcset=\"https:\/\/lottomat.com\/wp-content\/uploads\/2025\/10\/buy-Mega-Millions-tickets.webp 400w, https:\/\/lottomat.com\/wp-content\/uploads\/2025\/10\/buy-Mega-Millions-tickets-300x300.webp 300w, https:\/\/lottomat.com\/wp-content\/uploads\/2025\/10\/buy-Mega-Millions-tickets-150x150.webp 150w, https:\/\/lottomat.com\/wp-content\/uploads\/2025\/10\/buy-Mega-Millions-tickets-100x100.webp 100w\" sizes=\"auto, (max-width: 200px) 100vw, 200px\" \/>Vilka \u00e4r de b\u00e4sta tipsen f\u00f6r att spela Mega Millions online och vinna?<\/h2>\n<p>Att spela smart \u00e4r nyckeln till att maximera din lotteriupplevelse och samtidigt h\u00e5lla budgeten i schack. H\u00e4r \u00e4r n\u00e5gra bepr\u00f6vade strategier som kan f\u00f6rb\u00e4ttra dina vinstchanser.<\/p>\n<h3>Gruppspelsstrategi<\/h3>\n<p>Vad kan man g\u00f6ra f\u00f6r att slippa l\u00e4gga en f\u00f6rm\u00f6genhet p\u00e5 spelet och \u00e4nd\u00e5 kunna delta i lotteriet med ett betydande antal lotter? Det \u00e4r enkelt \u2013 <strong>spela bara n\u00e4r det \u00e4r en rullning och bjud in v\u00e4nner eller familj att vara med<\/strong>. Det \u00e4r det b\u00e4sta s\u00e4ttet att vinna, genom att dela kostnaden f\u00f6r Mega Millions-lotter mellan familjemedlemmarna. Kom ih\u00e5g att vinstchanserna \u00f6kar med antalet lotter du k\u00f6per.<\/p>\n<h3>Metoder f\u00f6r nummerval<\/h3>\n<p>Hur du v\u00e4ljer dina nummer \u00e4r helt upp till dig. Du kan anv\u00e4nda slumpalternativet f\u00f6r att fylla Mega Millions-lotten med slumpm\u00e4ssiga nummer eller anv\u00e4nda dina lyckosiffror. Om du vill kan du ocks\u00e5 g\u00e5 igenom tidigare dragningsresultat f\u00f6r att identifiera de mest och minst frekvent utdragna numren i Mega Millions och utveckla din egen strategi f\u00f6r nummerspel. Du <a href=\"https:\/\/lottomat.com\/sv\/spela\/\">k\u00f6per en lott<\/a>, och vi \u00f6nskar dig lycka till!<\/p>\n<h2>Kan man k\u00f6pa fler Mega Millions-lotter online?<\/h2>\n<p>Ja, utnyttja alternativet <strong>&#8221;Fler rader&#8221; och v\u00e4lj s\u00e5 m\u00e5nga rader du beh\u00f6ver<\/strong>. Den h\u00e4r funktionen l\u00e5ter dig \u00f6ka dina vinstchanser genom att k\u00f6pa flera lotter i en och samma transaktion. Ju fler rader du spelar, desto b\u00e4ttre \u00e4r dina odds att tr\u00e4ffa den vinnande kombinationen.<\/p>\n<h2>Kan man k\u00f6pa Mega Millions-lotter online f\u00f6r flera dragningar?<img loading=\"lazy\" decoding=\"async\" class=\"alignright wp-image-251923\" src=\"https:\/\/lottomat.com\/wp-content\/uploads\/2025\/10\/Mega-Millions-online.webp\" alt=\"Mega Millions online\" width=\"200\" height=\"200\" srcset=\"https:\/\/lottomat.com\/wp-content\/uploads\/2025\/10\/Mega-Millions-online.webp 400w, https:\/\/lottomat.com\/wp-content\/uploads\/2025\/10\/Mega-Millions-online-300x300.webp 300w, https:\/\/lottomat.com\/wp-content\/uploads\/2025\/10\/Mega-Millions-online-150x150.webp 150w, https:\/\/lottomat.com\/wp-content\/uploads\/2025\/10\/Mega-Millions-online-100x100.webp 100w\" sizes=\"auto, (max-width: 200px) 100vw, 200px\" \/><\/h2>\n<p>Ja, p\u00e5 LottoMat kan du <strong>k\u00f6pa lotter f\u00f6r upp till 8 dragningar i f\u00f6rv\u00e4g<\/strong>. Den h\u00e4r smidiga funktionen inneb\u00e4r att du inte beh\u00f6ver komma ih\u00e5g att k\u00f6pa lotter inf\u00f6r varje enskild dragning. Du kan ange dina nummer en g\u00e5ng och l\u00e5ta dem spelas automatiskt i efterf\u00f6ljande dragningar. Det h\u00e4r f\u00f6rhandsk\u00f6psalternativet \u00e4r perfekt f\u00f6r spelare som har sina favoritnummer och vill vara s\u00e4kra p\u00e5 att aldrig missa en dragning.<\/p>\n<h2>\u00c4r det s\u00e4kert att spela Mega Millions online?<\/h2>\n<p>Att spela p\u00e5 LottoMat-webbplatsen \u00e4r <strong>helt tryggt och s\u00e4kert<\/strong>. Vi skannar alla lotter och tar v\u00e4l hand om v\u00e5ra kunder, och ser till att din personliga och finansiella information skyddas enligt de h\u00f6gsta s\u00e4kerhetsstandarder. V\u00e5r plattform anv\u00e4nder avancerad krypteringsteknik f\u00f6r att skydda alla transaktioner och lottk\u00f6p. Det \u00e4r dock viktigt att komma ih\u00e5g att <strong>spelande p\u00e5 Mega Millions b\u00f6r ses som underh\u00e5llning och n\u00f6je<\/strong>. Du b\u00f6r aldrig riskera pengar som du inte har r\u00e5d att f\u00f6rlora. Spela alltid ansvarsfullt och inom dina ekonomiska ramar, och betrakta lotter som en form av underh\u00e5llning snarare \u00e4n en investeringsstrategi.<\/p>\n","protected":false},"excerpt":{"rendered":"<p>Hur fungerar Mega Millions-lotteriet? Mega Millions online-lotteri \u00e4r ett enkelt nummerspel med l\u00e4ttf\u00f6rst\u00e5eliga regler som \u00e4r l\u00e4tta att komma ih\u00e5g. Varje spelares uppgift \u00e4r att v\u00e4lja fem huvudnummer i intervallet 1 till 70 samt ett Mega Ball-nummer, som \u00e4r ett unikt bonusnummer i intervallet 1 till 24. Huvudpriset tillfaller den vinnare vars lott inneh\u00e5ller alla [&hellip;]<\/p>\n","protected":false},"author":1,"featured_media":0,"parent":6815,"menu_order":2,"comment_status":"closed","ping_status":"closed","template":"megamillion.php","meta":{"_et_pb_use_builder":"","_et_pb_old_content":"","_et_gb_content_width":"","exclude_from_search":false,"footnotes":""},"class_list":["post-8751","page","type-page","status-publish","hentry"],"yoast_head":"<!-- This site is optimized with the Yoast SEO plugin v23.8 - https:\/\/yoast.com\/wordpress\/plugins\/seo\/ -->\n<title>Mega Millions Lotter - Spela Mega Millions online - Lottomat<\/title>\n<meta name=\"description\" content=\"Spela Mega Millions online-lotteri p\u00e5 Lottomat och vinn en f\u00f6rm\u00f6genhet! K\u00f6p Mega Millions lotter online idag \u2013 bli en del av sp\u00e4nningen!\" \/>\n<meta name=\"robots\" content=\"index, follow, max-snippet:-1, max-image-preview:large, max-video-preview:-1\" \/>\n<link rel=\"canonical\" href=\"https:\/\/lottomat.com\/sv\/spela\/mega-millions\/\" \/>\n<meta property=\"og:locale\" content=\"sv_SE\" \/>\n<meta property=\"og:type\" content=\"article\" \/>\n<meta property=\"og:title\" content=\"Mega Millions Lotter - Spela Mega Millions online - Lottomat\" \/>\n<meta property=\"og:description\" content=\"Spela Mega Millions online-lotteri p\u00e5 Lottomat och vinn en f\u00f6rm\u00f6genhet! K\u00f6p Mega Millions lotter online idag \u2013 bli en del av sp\u00e4nningen!\" \/>\n<meta property=\"og:url\" content=\"https:\/\/lottomat.com\/sv\/spela\/mega-millions\/\" \/>\n<meta property=\"og:site_name\" content=\"Lottomat\" \/>\n<meta property=\"article:modified_time\" content=\"2026-03-10T06:56:37+00:00\" \/>\n<meta property=\"og:image\" content=\"https:\/\/lottomat.com\/wp-content\/uploads\/2025\/10\/play-Mega-Millions.webp\" \/>\n\t<meta property=\"og:image:width\" content=\"400\" \/>\n\t<meta property=\"og:image:height\" content=\"400\" \/>\n\t<meta property=\"og:image:type\" content=\"image\/webp\" \/>\n<meta name=\"twitter:card\" content=\"summary_large_image\" \/>\n<meta name=\"twitter:label1\" content=\"Ber\u00e4knad l\u00e4stid\" \/>\n\t<meta name=\"twitter:data1\" content=\"6 minuter\" \/>\n<script type=\"application\/ld+json\" class=\"yoast-schema-graph\">{\"@context\":\"https:\/\/schema.org\",\"@graph\":[{\"@type\":\"WebPage\",\"@id\":\"https:\/\/lottomat.com\/sv\/spela\/mega-millions\/\",\"url\":\"https:\/\/lottomat.com\/sv\/spela\/mega-millions\/\",\"name\":\"Mega Millions Lotter - Spela Mega Millions online - Lottomat\",\"isPartOf\":{\"@id\":\"https:\/\/lottomat.com\/sv\/#website\"},\"primaryImageOfPage\":{\"@id\":\"https:\/\/lottomat.com\/sv\/spela\/mega-millions\/#primaryimage\"},\"image\":{\"@id\":\"https:\/\/lottomat.com\/sv\/spela\/mega-millions\/#primaryimage\"},\"thumbnailUrl\":\"https:\/\/lottomat.com\/wp-content\/uploads\/2025\/10\/play-Mega-Millions.webp\",\"datePublished\":\"2025-03-26T07:54:05+00:00\",\"dateModified\":\"2026-03-10T06:56:37+00:00\",\"description\":\"Spela Mega Millions online-lotteri p\u00e5 Lottomat och vinn en f\u00f6rm\u00f6genhet! K\u00f6p Mega Millions lotter online idag \u2013 bli en del av sp\u00e4nningen!\",\"breadcrumb\":{\"@id\":\"https:\/\/lottomat.com\/sv\/spela\/mega-millions\/#breadcrumb\"},\"inLanguage\":\"sv-SE\",\"potentialAction\":[{\"@type\":\"ReadAction\",\"target\":[\"https:\/\/lottomat.com\/sv\/spela\/mega-millions\/\"]}]},{\"@type\":\"ImageObject\",\"inLanguage\":\"sv-SE\",\"@id\":\"https:\/\/lottomat.com\/sv\/spela\/mega-millions\/#primaryimage\",\"url\":\"https:\/\/lottomat.com\/wp-content\/uploads\/2025\/10\/play-Mega-Millions.webp\",\"contentUrl\":\"https:\/\/lottomat.com\/wp-content\/uploads\/2025\/10\/play-Mega-Millions.webp\"},{\"@type\":\"BreadcrumbList\",\"@id\":\"https:\/\/lottomat.com\/sv\/spela\/mega-millions\/#breadcrumb\",\"itemListElement\":[{\"@type\":\"ListItem\",\"position\":1,\"name\":\"Home\",\"item\":\"https:\/\/lottomat.com\/sv\/\"},{\"@type\":\"ListItem\",\"position\":2,\"name\":\"Spela lotteri\",\"item\":\"https:\/\/lottomat.com\/sv\/spela\/\"},{\"@type\":\"ListItem\",\"position\":3,\"name\":\"Spela Mega Millions online \u2013 Mega Millions Lotter\"}]},{\"@type\":\"WebSite\",\"@id\":\"https:\/\/lottomat.com\/sv\/#website\",\"url\":\"https:\/\/lottomat.com\/sv\/\",\"name\":\"Lottomat\",\"description\":\"\",\"potentialAction\":[{\"@type\":\"SearchAction\",\"target\":{\"@type\":\"EntryPoint\",\"urlTemplate\":\"https:\/\/lottomat.com\/sv\/?s={search_term_string}\"},\"query-input\":{\"@type\":\"PropertyValueSpecification\",\"valueRequired\":true,\"valueName\":\"search_term_string\"}}],\"inLanguage\":\"sv-SE\"}]}<\/script>\n<!-- \/ Yoast SEO plugin. -->","yoast_head_json":{"title":"Mega Millions Lotter - Spela Mega Millions online - Lottomat","description":"Spela Mega Millions online-lotteri p\u00e5 Lottomat och vinn en f\u00f6rm\u00f6genhet! K\u00f6p Mega Millions lotter online idag \u2013 bli en del av sp\u00e4nningen!","robots":{"index":"index","follow":"follow","max-snippet":"max-snippet:-1","max-image-preview":"max-image-preview:large","max-video-preview":"max-video-preview:-1"},"canonical":"https:\/\/lottomat.com\/sv\/spela\/mega-millions\/","og_locale":"sv_SE","og_type":"article","og_title":"Mega Millions Lotter - Spela Mega Millions online - Lottomat","og_description":"Spela Mega Millions online-lotteri p\u00e5 Lottomat och vinn en f\u00f6rm\u00f6genhet! K\u00f6p Mega Millions lotter online idag \u2013 bli en del av sp\u00e4nningen!","og_url":"https:\/\/lottomat.com\/sv\/spela\/mega-millions\/","og_site_name":"Lottomat","article_modified_time":"2026-03-10T06:56:37+00:00","og_image":[{"width":400,"height":400,"url":"https:\/\/lottomat.com\/wp-content\/uploads\/2025\/10\/play-Mega-Millions.webp","type":"image\/webp"}],"twitter_card":"summary_large_image","twitter_misc":{"Ber\u00e4knad l\u00e4stid":"6 minuter"},"schema":{"@context":"https:\/\/schema.org","@graph":[{"@type":"WebPage","@id":"https:\/\/lottomat.com\/sv\/spela\/mega-millions\/","url":"https:\/\/lottomat.com\/sv\/spela\/mega-millions\/","name":"Mega Millions Lotter - Spela Mega Millions online - Lottomat","isPartOf":{"@id":"https:\/\/lottomat.com\/sv\/#website"},"primaryImageOfPage":{"@id":"https:\/\/lottomat.com\/sv\/spela\/mega-millions\/#primaryimage"},"image":{"@id":"https:\/\/lottomat.com\/sv\/spela\/mega-millions\/#primaryimage"},"thumbnailUrl":"https:\/\/lottomat.com\/wp-content\/uploads\/2025\/10\/play-Mega-Millions.webp","datePublished":"2025-03-26T07:54:05+00:00","dateModified":"2026-03-10T06:56:37+00:00","description":"Spela Mega Millions online-lotteri p\u00e5 Lottomat och vinn en f\u00f6rm\u00f6genhet! K\u00f6p Mega Millions lotter online idag \u2013 bli en del av sp\u00e4nningen!","breadcrumb":{"@id":"https:\/\/lottomat.com\/sv\/spela\/mega-millions\/#breadcrumb"},"inLanguage":"sv-SE","potentialAction":[{"@type":"ReadAction","target":["https:\/\/lottomat.com\/sv\/spela\/mega-millions\/"]}]},{"@type":"ImageObject","inLanguage":"sv-SE","@id":"https:\/\/lottomat.com\/sv\/spela\/mega-millions\/#primaryimage","url":"https:\/\/lottomat.com\/wp-content\/uploads\/2025\/10\/play-Mega-Millions.webp","contentUrl":"https:\/\/lottomat.com\/wp-content\/uploads\/2025\/10\/play-Mega-Millions.webp"},{"@type":"BreadcrumbList","@id":"https:\/\/lottomat.com\/sv\/spela\/mega-millions\/#breadcrumb","itemListElement":[{"@type":"ListItem","position":1,"name":"Home","item":"https:\/\/lottomat.com\/sv\/"},{"@type":"ListItem","position":2,"name":"Spela lotteri","item":"https:\/\/lottomat.com\/sv\/spela\/"},{"@type":"ListItem","position":3,"name":"Spela Mega Millions online \u2013 Mega Millions Lotter"}]},{"@type":"WebSite","@id":"https:\/\/lottomat.com\/sv\/#website","url":"https:\/\/lottomat.com\/sv\/","name":"Lottomat","description":"","potentialAction":[{"@type":"SearchAction","target":{"@type":"EntryPoint","urlTemplate":"https:\/\/lottomat.com\/sv\/?s={search_term_string}"},"query-input":{"@type":"PropertyValueSpecification","valueRequired":true,"valueName":"search_term_string"}}],"inLanguage":"sv-SE"}]}},"_links":{"self":[{"href":"https:\/\/lottomat.com\/sv\/wp-json\/wp\/v2\/pages\/8751","targetHints":{"allow":["GET"]}}],"collection":[{"href":"https:\/\/lottomat.com\/sv\/wp-json\/wp\/v2\/pages"}],"about":[{"href":"https:\/\/lottomat.com\/sv\/wp-json\/wp\/v2\/types\/page"}],"author":[{"embeddable":true,"href":"https:\/\/lottomat.com\/sv\/wp-json\/wp\/v2\/users\/1"}],"replies":[{"embeddable":true,"href":"https:\/\/lottomat.com\/sv\/wp-json\/wp\/v2\/comments?post=8751"}],"version-history":[{"count":3,"href":"https:\/\/lottomat.com\/sv\/wp-json\/wp\/v2\/pages\/8751\/revisions"}],"predecessor-version":[{"id":272972,"href":"https:\/\/lottomat.com\/sv\/wp-json\/wp\/v2\/pages\/8751\/revisions\/272972"}],"up":[{"embeddable":true,"href":"https:\/\/lottomat.com\/sv\/wp-json\/wp\/v2\/pages\/6815"}],"wp:attachment":[{"href":"https:\/\/lottomat.com\/sv\/wp-json\/wp\/v2\/media?parent=8751"}],"curies":[{"name":"wp","href":"https:\/\/api.w.org\/{rel}","templated":true}]}}