{"id":8468,"date":"2025-03-26T09:57:55","date_gmt":"2025-03-26T09:57:55","guid":{"rendered":"https:\/\/lottomat.net\/spela-lotteri\/spela-set-for-life-online\/"},"modified":"2026-03-10T15:10:03","modified_gmt":"2026-03-10T15:10:03","slug":"set-for-life-uk","status":"publish","type":"page","link":"https:\/\/lottomat.com\/sv\/spela\/set-for-life-uk\/","title":{"rendered":"pela Set for Life Online &#8211; Set For Life UK Biljetter"},"content":{"rendered":"\n\n<div class=\"kk-star-ratings kksr-auto kksr-align-left kksr-valign-top\"\n    data-payload='{&quot;align&quot;:&quot;left&quot;,&quot;id&quot;:&quot;8468&quot;,&quot;slug&quot;:&quot;default&quot;,&quot;valign&quot;:&quot;top&quot;,&quot;ignore&quot;:&quot;&quot;,&quot;reference&quot;:&quot;auto&quot;,&quot;class&quot;:&quot;&quot;,&quot;count&quot;:&quot;0&quot;,&quot;legendonly&quot;:&quot;&quot;,&quot;readonly&quot;:&quot;&quot;,&quot;score&quot;:&quot;0&quot;,&quot;starsonly&quot;:&quot;&quot;,&quot;best&quot;:&quot;5&quot;,&quot;gap&quot;:&quot;5&quot;,&quot;greet&quot;:&quot;Rate this page&quot;,&quot;legend&quot;:&quot;0\\\/5 - (0 votes)&quot;,&quot;size&quot;:&quot;30&quot;,&quot;title&quot;:&quot;pela Set for Life Online - Set For Life UK Biljetter&quot;,&quot;width&quot;:&quot;0&quot;,&quot;_legend&quot;:&quot;{score}\\\/{best} - ({count} {votes})&quot;,&quot;font_factor&quot;:&quot;1.25&quot;}'>\n            \n<div class=\"kksr-stars\">\n    \n<div class=\"kksr-stars-inactive\">\n            <div class=\"kksr-star\" data-star=\"1\" style=\"padding-right: 5px\">\n            \n\n<div class=\"kksr-icon\" style=\"width: 30px; height: 30px;\"><\/div>\n        <\/div>\n            <div class=\"kksr-star\" data-star=\"2\" style=\"padding-right: 5px\">\n            \n\n<div class=\"kksr-icon\" style=\"width: 30px; height: 30px;\"><\/div>\n        <\/div>\n            <div class=\"kksr-star\" data-star=\"3\" style=\"padding-right: 5px\">\n            \n\n<div class=\"kksr-icon\" style=\"width: 30px; height: 30px;\"><\/div>\n        <\/div>\n            <div class=\"kksr-star\" data-star=\"4\" style=\"padding-right: 5px\">\n            \n\n<div class=\"kksr-icon\" style=\"width: 30px; height: 30px;\"><\/div>\n        <\/div>\n            <div class=\"kksr-star\" data-star=\"5\" style=\"padding-right: 5px\">\n            \n\n<div class=\"kksr-icon\" style=\"width: 30px; height: 30px;\"><\/div>\n        <\/div>\n    <\/div>\n    \n<div class=\"kksr-stars-active\" style=\"width: 0px;\">\n            <div class=\"kksr-star\" style=\"padding-right: 5px\">\n            \n\n<div class=\"kksr-icon\" style=\"width: 30px; height: 30px;\"><\/div>\n        <\/div>\n            <div class=\"kksr-star\" style=\"padding-right: 5px\">\n            \n\n<div class=\"kksr-icon\" style=\"width: 30px; height: 30px;\"><\/div>\n        <\/div>\n            <div class=\"kksr-star\" style=\"padding-right: 5px\">\n            \n\n<div class=\"kksr-icon\" style=\"width: 30px; height: 30px;\"><\/div>\n        <\/div>\n            <div class=\"kksr-star\" style=\"padding-right: 5px\">\n            \n\n<div class=\"kksr-icon\" style=\"width: 30px; height: 30px;\"><\/div>\n        <\/div>\n            <div class=\"kksr-star\" style=\"padding-right: 5px\">\n            \n\n<div class=\"kksr-icon\" style=\"width: 30px; height: 30px;\"><\/div>\n        <\/div>\n    <\/div>\n<\/div>\n                \n\n<div class=\"kksr-legend\" style=\"font-size: 24px;\">\n            <span class=\"kksr-muted\">Rate this page<\/span>\n    <\/div>\n    <\/div>\n<h2>Vad \u00e4r Set For Life UK?<\/h2>\n<p>Set For Life UK \u00e4r ett unikt lottospel som drivs av National Lottery och lanserades i mars 2019. Till skillnad fr\u00e5n traditionella lotterier som erbjuder eng\u00e5ngsutbetalningar ger Set For Life garanterade m\u00e5nadsbetalningar under en l\u00e4ngre period. Du kan spela Set For Life online och offline.<img loading=\"lazy\" decoding=\"async\" class=\"alignright wp-image-265638\" src=\"https:\/\/lottomat.com\/wp-content\/uploads\/2026\/01\/buy-Set-For-Life-ticket.webp\" alt=\"k\u00f6p Set For Life biljett\" width=\"200\" height=\"200\" srcset=\"https:\/\/lottomat.com\/wp-content\/uploads\/2026\/01\/buy-Set-For-Life-ticket.webp 400w, https:\/\/lottomat.com\/wp-content\/uploads\/2026\/01\/buy-Set-For-Life-ticket-300x300.webp 300w, https:\/\/lottomat.com\/wp-content\/uploads\/2026\/01\/buy-Set-For-Life-ticket-150x150.webp 150w, https:\/\/lottomat.com\/wp-content\/uploads\/2026\/01\/buy-Set-For-Life-ticket-100x100.webp 100w\" sizes=\"auto, (max-width: 200px) 100vw, 200px\" \/><\/p>\n<p>Spelarna v\u00e4ljer <strong>fem huvudnummer fr\u00e5n 1 till 47<\/strong>, plus <strong>ett Life Ball-nummer fr\u00e5n 1 till 10<\/strong>. Dragningar sker tv\u00e5 g\u00e5nger i veckan, p\u00e5 m\u00e5ndag och torsdag kv\u00e4ll runt klockan 20:00. Toppvinsten ger <strong>\u00a310 000 varje m\u00e5nad i 30 \u00e5r \u2013<\/strong> totalt \u00a33,6 miljoner. Andrapriset erbjuder \u00a310 000 per m\u00e5nad i ett \u00e5r.<\/p>\n<p>Toppvinsten rullar inte \u00f6ver om den inte vinns; den ligger fast p\u00e5 \u00a310 000 per m\u00e5nad i 30 \u00e5r. Om flera spelare vinner jackpotten f\u00e5r varje vinnare sin fulla m\u00e5nadsbetalning p\u00e5 \u00a310 000 individuellt \u2013 priset delas inte. De samlade oddsen f\u00f6r att vinna n\u00e5got pris \u00e4r <strong>1 p\u00e5 12,4<\/strong>. Oddsen f\u00f6r att vinna toppvinsten \u00e4r <strong>1 p\u00e5 15 339 390<\/strong>.<\/p>\n<h2>Hur k\u00f6per man Set For Life UK Biljetter?<\/h2>\n<p>F\u00f6r spelare i Storbritannien \u00e4r det enkelt att k\u00f6pa Set For Life-biljetter hos ungef\u00e4r 45 000 auktoriserade National Lottery-\u00e5terf\u00f6rs\u00e4ljare. Varje rad kostar <strong>\u00a31,50<\/strong>, och du kan spela upp till sju rader per spelkupong. Du kan v\u00e4lja dina egna nummer eller v\u00e4lja Lucky Dip f\u00f6r slumpm\u00e4ssiga val. Observera att biljetter m\u00e5ste k\u00f6pas senast klockan 19:30 p\u00e5 dragningsdagarna (m\u00e5ndag och torsdag). Du kan k\u00f6pa biljetter upp till fyra veckor i f\u00f6rv\u00e4g.<\/p>\n<h2>Hur k\u00f6per man Set For Life UK Biljetter Online?<\/h2>\n<p>Internationella spelare och de utanf\u00f6r Storbritannien kan delta via licensierade lotteriombud som <strong>Lottomat<\/strong>. Dessa plattformar anlitar lokala agenter i Storbritannien som fysiskt bes\u00f6ker auktoriserade \u00e5terf\u00f6rs\u00e4ljare f\u00f6r att <a href=\"https:\/\/lottomat.com\/sv\/spela\/\">k\u00f6pa officiella lotteribiljetter<\/a> f\u00f6r din r\u00e4kning.<\/p>\n<p><img loading=\"lazy\" decoding=\"async\" class=\"alignleft wp-image-265669\" src=\"https:\/\/lottomat.com\/wp-content\/uploads\/2026\/01\/play-Set-For-Life.webp\" alt=\"spela Set For Life\" width=\"200\" height=\"200\" srcset=\"https:\/\/lottomat.com\/wp-content\/uploads\/2026\/01\/play-Set-For-Life.webp 400w, https:\/\/lottomat.com\/wp-content\/uploads\/2026\/01\/play-Set-For-Life-300x300.webp 300w, https:\/\/lottomat.com\/wp-content\/uploads\/2026\/01\/play-Set-For-Life-150x150.webp 150w, https:\/\/lottomat.com\/wp-content\/uploads\/2026\/01\/play-Set-For-Life-100x100.webp 100w\" sizes=\"auto, (max-width: 200px) 100vw, 200px\" \/>N\u00e4r du l\u00e4gger en best\u00e4llning via Lottomat v\u00e4ljer du dina fem huvudnummer (1\u201347) och ett Life Ball-nummer (1\u201310), eller v\u00e4ljer Quick Pick. Efter s\u00e4ker betalning k\u00f6per Lottomats agenter dina officiella biljetter innan dragningsdeadlinen. D\u00e4refter skannas varje biljett digitalt och laddas upp till ditt s\u00e4kra konto, vilket ger verifierbart bevis. Fysiska biljetter f\u00f6rvaras s\u00e4kert, skyddade mot f\u00f6rlust eller skada.<\/p>\n<p>Denna online\u00e5tkomst g\u00f6r det m\u00f6jligt f\u00f6r spelare fr\u00e5n Europa, Asien, Australien och andra delar av v\u00e4rlden att t\u00e4vla om samma livsf\u00f6r\u00e4ndrande m\u00e5nadsbetalningar som brittiska spelare.<\/p>\n<h2>Vad kostar en Set For Life UK Biljett?<\/h2>\n<p>Officiella Set For Life-biljetter kostar \u00a31,50 per rad hos brittiska \u00e5terf\u00f6rs\u00e4ljare. N\u00e4r du spelar via <a href=\"https:\/\/lottomat.com\/sv\/\">Lottomat-plattformen<\/a> inkluderar priset den officiella biljettkostnaden plus serviceavgifter. <strong>L\u00e4gg enkelt till det antal rader du \u00e4r intresserad av i din varukorg<\/strong>, s\u00e5 visar Lottomats best\u00e4llningsformul\u00e4r det totala beloppet innan k\u00f6pet. Denna transparenta priss\u00e4ttning inkluderar biljettpriset, serviceavgifter, skanningtj\u00e4nster, automatisk resultatkontroll och hj\u00e4lp med prisanspr\u00e5k.<\/p>\n<h2>Hur spelar man Set For Life UK Online?<\/h2>\n<p>Att spela via Lottomat \u00e4r enkelt. Skapa f\u00f6rst ett konto med grundl\u00e4ggande uppgifter och \u00e5lderverifiering. Navigera sedan till Set For Life UK-sektionen och v\u00e4lj dina fem huvudnummer (1\u201347) och ett Life Ball-nummer (1\u201310), eller anv\u00e4nd Quick Pick f\u00f6r slumpm\u00e4ssigt val. Ange sedan vilka dragningar du vill delta i \u2013 m\u00e5ndag, torsdag eller b\u00e5da \u2013 och hur m\u00e5nga veckor i rad du vill spela.<\/p>\n<p>N\u00e4r betalningen \u00e4r bekr\u00e4ftad k\u00f6per Lottomats agenter dina officiella biljetter f\u00f6re sista inl\u00e4mningsdagen. Skannade biljetter laddas sedan upp till ditt konto inom n\u00e5gra timmar, vilket ger digitalt bevis. Efter varje dragning kontrollerar Lottomat automatiskt biljetter och meddelar dig om vinster. Mindre vinster krediteras till ditt konto, medan st\u00f6rre vinster f\u00e5r hj\u00e4lp med anspr\u00e5kshantering.<\/p>\n<h2>Kan jag k\u00f6pa fler Set For Life UK Biljetter Online?<\/h2>\n<p>Ja, Lottomat till\u00e5ter k\u00f6p av <strong>upp till 20 rader i en enda best\u00e4llning<\/strong>. Detta passar olika spelarstilar \u2013 avslappnade spelare kanske k\u00f6per en eller tv\u00e5 rader, medan seri\u00f6sa entusiaster kan utnyttja maxgr\u00e4nsen p\u00e5 20 rader f\u00f6r 20 vinstchanser. Dessutom g\u00f6r flerlinjealternativet det m\u00f6jligt att testa olika strategier samtidigt och passar lottos\u00e4llskap eller syndikat. Att k\u00f6pa flera rader i en och samma best\u00e4llning \u00e4r mer effektivt, med samlad<img loading=\"lazy\" decoding=\"async\" class=\"alignright wp-image-265700\" src=\"https:\/\/lottomat.com\/wp-content\/uploads\/2026\/01\/Set-For-Life-online.webp\" alt=\"Set For Life online\" width=\"200\" height=\"200\" srcset=\"https:\/\/lottomat.com\/wp-content\/uploads\/2026\/01\/Set-For-Life-online.webp 400w, https:\/\/lottomat.com\/wp-content\/uploads\/2026\/01\/Set-For-Life-online-300x300.webp 300w, https:\/\/lottomat.com\/wp-content\/uploads\/2026\/01\/Set-For-Life-online-150x150.webp 150w, https:\/\/lottomat.com\/wp-content\/uploads\/2026\/01\/Set-For-Life-online-100x100.webp 100w\" sizes=\"auto, (max-width: 200px) 100vw, 200px\" \/> bekr\u00e4ftelse och alla biljetter organiserade tillsammans.<\/p>\n<h2>Kan jag k\u00f6pa Set For Life UK Biljetter Online f\u00f6r flera dragningar?<\/h2>\n<p>Absolut. Lottomat m\u00f6jligg\u00f6r k\u00f6p av biljetter f\u00f6r <strong>upp till \u00e5tta dragningar i rad<\/strong>. Med dragningar tv\u00e5 g\u00e5nger i veckan t\u00e4cker \u00e5tta p\u00e5 varandra f\u00f6ljande dragningar fyra hela veckor. Detta \u00e4r idealiskt f\u00f6r en hektisk vardag eller f\u00f6r kontinuerligt spel utan upprepade inloggningar. Du kan till exempel k\u00f6pa 20 rader f\u00f6r \u00e5tta dragningar i rad i en enda transaktion, och p\u00e5 s\u00e5 s\u00e4tt delta i totalt 16 dragningar med 20 kombinationer var. Dessutom fungerar detta f\u00f6rhandsk\u00f6p som en prenumeration utan automatisk f\u00f6rnyelse \u2013 efter \u00e5tta dragningar best\u00e4mmer du om du vill k\u00f6pa igen.<\/p>\n<h2>Hur kontrollerar man Set For Life UK Resultat Online?<\/h2>\n<p>Att <a href=\"https:\/\/lottomat.com\/sv\/resultaten\/\">kontrollera lotteriresultat<\/a> via Lottomat \u00e4r enkelt tack vare flera tillg\u00e4ngliga metoder. Det automatiska resultataviserings\u00adsystemet j\u00e4mf\u00f6r dina biljetter med officiella resultat efter varje dragning och skickar e-postmeddelanden vid eventuella vinster. Du kan ocks\u00e5 <a href=\"https:\/\/lottomat.com\/sv\/resultaten\/set-for-life-uk\/\">kontrollera Set For Life UK-resultat<\/a> direkt i ditt Lottomat-konto, d\u00e4r biljettstatus visas tydligt. Plattformen har en omfattande dragningshistorik f\u00f6r att granska tidigare resultat.<\/p>\n<p>F\u00f6r realtidsverifiering publicerar National Lotterys webbplats vinnande nummer strax efter varje dragning klockan 20:00, och dragningarna s\u00e4nds live p\u00e5 National Lotterys webbplats och YouTube-kanal.<\/p>\n<h2>Skannar LottoMat Set For Life UK Biljetter Online?<\/h2>\n<p><img loading=\"lazy\" decoding=\"async\" class=\"alignleft wp-image-265730\" src=\"https:\/\/lottomat.com\/wp-content\/uploads\/2026\/01\/Set-For-Life-tickets.webp\" alt=\"Set For Life biljetter\" width=\"200\" height=\"200\" srcset=\"https:\/\/lottomat.com\/wp-content\/uploads\/2026\/01\/Set-For-Life-tickets.webp 400w, https:\/\/lottomat.com\/wp-content\/uploads\/2026\/01\/Set-For-Life-tickets-300x300.webp 300w, https:\/\/lottomat.com\/wp-content\/uploads\/2026\/01\/Set-For-Life-tickets-150x150.webp 150w, https:\/\/lottomat.com\/wp-content\/uploads\/2026\/01\/Set-For-Life-tickets-100x100.webp 100w\" sizes=\"auto, (max-width: 200px) 100vw, 200px\" \/>Ja, Lottomat skannar och lagrar digitalt varje officiell Set For Life UK-biljett. Strax efter att agenterna k\u00f6pt dina biljetter skannas var och en digitalt med h\u00f6gkvalitativ bildteknik, vilket f\u00e5ngar all viktig information. Dessa skanningar laddas upp till ditt s\u00e4kra konto, vanligtvis inom n\u00e5gra timmar och alltid innan dragningen.<\/p>\n<p>Du kan se tydliga bilder av varje biljett, vilket ger verifierbart bevis. De skannade biljetterna ger omedelbar bekr\u00e4ftelse p\u00e5 att best\u00e4llningen behandlats korrekt, fungerar som digitala s\u00e4kerhetskopior och m\u00f6jligg\u00f6r verifiering av att numren registrerats r\u00e4tt. Fysiska biljetter f\u00f6rvaras s\u00e4kert, skyddade mot f\u00f6rlust eller skada. Vid prisanspr\u00e5k \u00e4r det ov\u00e4rderligt att ha b\u00e5de fysiska biljetter och digitala skanningar.<\/p>\n<h2>Vad \u00e4r de b\u00e4sta tipsen f\u00f6r Set For Life UK Online?<\/h2>\n<p>Att maximera din Set For Life UK-upplevelse kr\u00e4ver smarta strategier:<\/p>\n<ul class=\"list\">\n<li><strong>F\u00f6rst\u00e5 oddsen<\/strong>: Oddsen f\u00f6r toppvinsten \u00e4r 1 p\u00e5 15 339 390, med samlade odds f\u00f6r att vinna n\u00e5got pris p\u00e5 1 p\u00e5 12,4. Att f\u00f6rst\u00e5 dessa odds hj\u00e4lper dig att s\u00e4tta realistiska f\u00f6rv\u00e4ntningar och f\u00f6rdela din budget p\u00e5 ett ansvarsfullt s\u00e4tt.<\/li>\n<li><strong>Spela ansvarsfullt<\/strong>: Spendera aldrig mer \u00e4n du har r\u00e5d att f\u00f6rlora. S\u00e4tt upp strikta budgetgr\u00e4nser och behandla lottospel som underh\u00e5llning, inte som en investering.<\/li>\n<li><strong>Utnyttja f\u00f6rhandsk\u00f6p<\/strong>: K\u00f6p biljetter f\u00f6r upp till \u00e5tta dragningar i rad f\u00f6r att aldrig missa en dragning. Konsekvent deltagande inneb\u00e4r att du alltid \u00e4r med i matchen.<\/li>\n<li><strong>Balansera manuella val och Quick Pick<\/strong>: Kombinera personliga lyckonummer med slumpm\u00e4ssiga Quick Pick-val f\u00f6r variation i din strategi.<\/li>\n<li><strong>T\u00e4nk p\u00e5 Life Ball<\/strong>: Life Ball dras fr\u00e5n bara 10 nummer (1\u201310) och \u00e4r avg\u00f6rande f\u00f6r de tv\u00e5 h\u00f6gsta priserna. Det kan vara samma nummer som ett huvudnummer.<\/li>\n<li><strong>Dra nytta av flera rader<\/strong>: Att spela upp till 20 rader per dragning \u00f6kar dina chanser proportionellt. Med 20 olika kombinationer har du 20 chanser att matcha vinnande nummer.<\/li>\n<li><strong><img loading=\"lazy\" decoding=\"async\" class=\"alignright wp-image-265761\" style=\"font-weight: 500;\" src=\"https:\/\/lottomat.com\/wp-content\/uploads\/2026\/01\/Set-For-Life-UK-online.webp\" alt=\"Set For Life UK online\" width=\"200\" height=\"200\" srcset=\"https:\/\/lottomat.com\/wp-content\/uploads\/2026\/01\/Set-For-Life-UK-online.webp 400w, https:\/\/lottomat.com\/wp-content\/uploads\/2026\/01\/Set-For-Life-UK-online-300x300.webp 300w, https:\/\/lottomat.com\/wp-content\/uploads\/2026\/01\/Set-For-Life-UK-online-150x150.webp 150w, https:\/\/lottomat.com\/wp-content\/uploads\/2026\/01\/Set-For-Life-UK-online-100x100.webp 100w\" sizes=\"auto, (max-width: 200px) 100vw, 200px\" \/>G\u00e5 med i lottos\u00e4llskap<\/strong>: Att spela som en del av ett syndikat g\u00f6r det m\u00f6jligt att k\u00f6pa fler rader med delade kostnader, vilket dramatiskt \u00f6kar gruppens chanser och h\u00e5ller de individuella kostnaderna hanterbara.<\/li>\n<li><strong>Verifiera biljetter omedelbart<\/strong>: Granska skannade biljetter s\u00e5 snart de dyker upp i ditt konto f\u00f6r att bekr\u00e4fta att numren registrerats korrekt.<\/li>\n<li><strong>F\u00f6rst\u00e5 annuitetsstrukturen<\/strong>: Jackpotten ger \u00a310 000 per m\u00e5nad i 30 \u00e5r (totalt \u00a33,6 miljoner), medan andrapriset erbjuder \u00a310 000 per m\u00e5nad i ett \u00e5r. Det \u00e4r verkliga annuitetspriser med garanterade utbetalningar.<\/li>\n<li><strong>H\u00e5ll dig uppdaterad<\/strong>: Dragningar sker varje m\u00e5ndag och torsdag klockan 20:00, med st\u00e4ngd f\u00f6rs\u00e4ljning klockan 19:30. Att k\u00e4nna till schemat hj\u00e4lper dig att planera ditt deltagande.<\/li>\n<\/ul>\n<p>Genom att till\u00e4mpa dessa strategier med Lottomats plattform optimerar du din Set For Life UK-upplevelse. Ingen strategi garanterar framg\u00e5ng, men ett v\u00e4lgrundat spelande \u00f6kar njutningen och hj\u00e4lper dig att hantera din budget p\u00e5 ett ansvarsfullt s\u00e4tt.<\/p>\n<p><strong>\u00c4r du redo att spela Set For Life UK online? H\u00e4ng med och ha kul nu!<\/strong><\/p>\n","protected":false},"excerpt":{"rendered":"<p>Vad \u00e4r Set For Life UK? Set For Life UK \u00e4r ett unikt lottospel som drivs av National Lottery och lanserades i mars 2019. Till skillnad fr\u00e5n traditionella lotterier som erbjuder eng\u00e5ngsutbetalningar ger Set For Life garanterade m\u00e5nadsbetalningar under en l\u00e4ngre period. Du kan spela Set For Life online och offline. Spelarna v\u00e4ljer fem huvudnummer [&hellip;]<\/p>\n","protected":false},"author":1,"featured_media":0,"parent":6815,"menu_order":15,"comment_status":"closed","ping_status":"closed","template":"set-for-life.php","meta":{"_et_pb_use_builder":"","_et_pb_old_content":"","_et_gb_content_width":"","exclude_from_search":false,"footnotes":""},"class_list":["post-8468","page","type-page","status-publish","hentry"],"yoast_head":"<!-- This site is optimized with the Yoast SEO plugin v23.8 - https:\/\/yoast.com\/wordpress\/plugins\/seo\/ -->\n<title>Set for Life Online - K\u00f6p Set For Life UK Biljetter \u2013 Lottomat<\/title>\n<meta name=\"description\" content=\"Spela Set for Life online idag och vinn imorgon! H\u00e4r kan du k\u00f6pa Set for Life lotteribiljetter online och spela om fantastiska vinster.\" \/>\n<meta name=\"robots\" content=\"index, follow, max-snippet:-1, max-image-preview:large, max-video-preview:-1\" \/>\n<link rel=\"canonical\" href=\"https:\/\/lottomat.com\/sv\/spela\/set-for-life-uk\/\" \/>\n<meta property=\"og:locale\" content=\"sv_SE\" \/>\n<meta property=\"og:type\" content=\"article\" \/>\n<meta property=\"og:title\" content=\"Set for Life Online - K\u00f6p Set For Life UK Biljetter \u2013 Lottomat\" \/>\n<meta property=\"og:description\" content=\"Spela Set for Life online idag och vinn imorgon! H\u00e4r kan du k\u00f6pa Set for Life lotteribiljetter online och spela om fantastiska vinster.\" \/>\n<meta property=\"og:url\" content=\"https:\/\/lottomat.com\/sv\/spela\/set-for-life-uk\/\" \/>\n<meta property=\"og:site_name\" content=\"Lottomat\" \/>\n<meta property=\"article:modified_time\" content=\"2026-03-10T15:10:03+00:00\" \/>\n<meta property=\"og:image\" content=\"https:\/\/lottomat.com\/wp-content\/uploads\/2026\/01\/buy-Set-For-Life-ticket.webp\" \/>\n\t<meta property=\"og:image:width\" content=\"400\" \/>\n\t<meta property=\"og:image:height\" content=\"400\" \/>\n\t<meta property=\"og:image:type\" content=\"image\/webp\" \/>\n<meta name=\"twitter:card\" content=\"summary_large_image\" \/>\n<meta name=\"twitter:label1\" content=\"Ber\u00e4knad l\u00e4stid\" \/>\n\t<meta name=\"twitter:data1\" content=\"7 minuter\" \/>\n<script type=\"application\/ld+json\" class=\"yoast-schema-graph\">{\"@context\":\"https:\/\/schema.org\",\"@graph\":[{\"@type\":\"WebPage\",\"@id\":\"https:\/\/lottomat.com\/sv\/spela\/set-for-life-uk\/\",\"url\":\"https:\/\/lottomat.com\/sv\/spela\/set-for-life-uk\/\",\"name\":\"Set for Life Online - K\u00f6p Set For Life UK Biljetter \u2013 Lottomat\",\"isPartOf\":{\"@id\":\"https:\/\/lottomat.com\/sv\/#website\"},\"primaryImageOfPage\":{\"@id\":\"https:\/\/lottomat.com\/sv\/spela\/set-for-life-uk\/#primaryimage\"},\"image\":{\"@id\":\"https:\/\/lottomat.com\/sv\/spela\/set-for-life-uk\/#primaryimage\"},\"thumbnailUrl\":\"https:\/\/lottomat.com\/wp-content\/uploads\/2026\/01\/buy-Set-For-Life-ticket.webp\",\"datePublished\":\"2025-03-26T09:57:55+00:00\",\"dateModified\":\"2026-03-10T15:10:03+00:00\",\"description\":\"Spela Set for Life online idag och vinn imorgon! H\u00e4r kan du k\u00f6pa Set for Life lotteribiljetter online och spela om fantastiska vinster.\",\"breadcrumb\":{\"@id\":\"https:\/\/lottomat.com\/sv\/spela\/set-for-life-uk\/#breadcrumb\"},\"inLanguage\":\"sv-SE\",\"potentialAction\":[{\"@type\":\"ReadAction\",\"target\":[\"https:\/\/lottomat.com\/sv\/spela\/set-for-life-uk\/\"]}]},{\"@type\":\"ImageObject\",\"inLanguage\":\"sv-SE\",\"@id\":\"https:\/\/lottomat.com\/sv\/spela\/set-for-life-uk\/#primaryimage\",\"url\":\"https:\/\/lottomat.com\/wp-content\/uploads\/2026\/01\/buy-Set-For-Life-ticket.webp\",\"contentUrl\":\"https:\/\/lottomat.com\/wp-content\/uploads\/2026\/01\/buy-Set-For-Life-ticket.webp\"},{\"@type\":\"BreadcrumbList\",\"@id\":\"https:\/\/lottomat.com\/sv\/spela\/set-for-life-uk\/#breadcrumb\",\"itemListElement\":[{\"@type\":\"ListItem\",\"position\":1,\"name\":\"Home\",\"item\":\"https:\/\/lottomat.com\/sv\/\"},{\"@type\":\"ListItem\",\"position\":2,\"name\":\"Spela lotteri\",\"item\":\"https:\/\/lottomat.com\/sv\/spela\/\"},{\"@type\":\"ListItem\",\"position\":3,\"name\":\"pela Set for Life Online &#8211; Set For Life UK Biljetter\"}]},{\"@type\":\"WebSite\",\"@id\":\"https:\/\/lottomat.com\/sv\/#website\",\"url\":\"https:\/\/lottomat.com\/sv\/\",\"name\":\"Lottomat\",\"description\":\"\",\"potentialAction\":[{\"@type\":\"SearchAction\",\"target\":{\"@type\":\"EntryPoint\",\"urlTemplate\":\"https:\/\/lottomat.com\/sv\/?s={search_term_string}\"},\"query-input\":{\"@type\":\"PropertyValueSpecification\",\"valueRequired\":true,\"valueName\":\"search_term_string\"}}],\"inLanguage\":\"sv-SE\"}]}<\/script>\n<!-- \/ Yoast SEO plugin. -->","yoast_head_json":{"title":"Set for Life Online - K\u00f6p Set For Life UK Biljetter \u2013 Lottomat","description":"Spela Set for Life online idag och vinn imorgon! H\u00e4r kan du k\u00f6pa Set for Life lotteribiljetter online och spela om fantastiska vinster.","robots":{"index":"index","follow":"follow","max-snippet":"max-snippet:-1","max-image-preview":"max-image-preview:large","max-video-preview":"max-video-preview:-1"},"canonical":"https:\/\/lottomat.com\/sv\/spela\/set-for-life-uk\/","og_locale":"sv_SE","og_type":"article","og_title":"Set for Life Online - K\u00f6p Set For Life UK Biljetter \u2013 Lottomat","og_description":"Spela Set for Life online idag och vinn imorgon! H\u00e4r kan du k\u00f6pa Set for Life lotteribiljetter online och spela om fantastiska vinster.","og_url":"https:\/\/lottomat.com\/sv\/spela\/set-for-life-uk\/","og_site_name":"Lottomat","article_modified_time":"2026-03-10T15:10:03+00:00","og_image":[{"width":400,"height":400,"url":"https:\/\/lottomat.com\/wp-content\/uploads\/2026\/01\/buy-Set-For-Life-ticket.webp","type":"image\/webp"}],"twitter_card":"summary_large_image","twitter_misc":{"Ber\u00e4knad l\u00e4stid":"7 minuter"},"schema":{"@context":"https:\/\/schema.org","@graph":[{"@type":"WebPage","@id":"https:\/\/lottomat.com\/sv\/spela\/set-for-life-uk\/","url":"https:\/\/lottomat.com\/sv\/spela\/set-for-life-uk\/","name":"Set for Life Online - K\u00f6p Set For Life UK Biljetter \u2013 Lottomat","isPartOf":{"@id":"https:\/\/lottomat.com\/sv\/#website"},"primaryImageOfPage":{"@id":"https:\/\/lottomat.com\/sv\/spela\/set-for-life-uk\/#primaryimage"},"image":{"@id":"https:\/\/lottomat.com\/sv\/spela\/set-for-life-uk\/#primaryimage"},"thumbnailUrl":"https:\/\/lottomat.com\/wp-content\/uploads\/2026\/01\/buy-Set-For-Life-ticket.webp","datePublished":"2025-03-26T09:57:55+00:00","dateModified":"2026-03-10T15:10:03+00:00","description":"Spela Set for Life online idag och vinn imorgon! H\u00e4r kan du k\u00f6pa Set for Life lotteribiljetter online och spela om fantastiska vinster.","breadcrumb":{"@id":"https:\/\/lottomat.com\/sv\/spela\/set-for-life-uk\/#breadcrumb"},"inLanguage":"sv-SE","potentialAction":[{"@type":"ReadAction","target":["https:\/\/lottomat.com\/sv\/spela\/set-for-life-uk\/"]}]},{"@type":"ImageObject","inLanguage":"sv-SE","@id":"https:\/\/lottomat.com\/sv\/spela\/set-for-life-uk\/#primaryimage","url":"https:\/\/lottomat.com\/wp-content\/uploads\/2026\/01\/buy-Set-For-Life-ticket.webp","contentUrl":"https:\/\/lottomat.com\/wp-content\/uploads\/2026\/01\/buy-Set-For-Life-ticket.webp"},{"@type":"BreadcrumbList","@id":"https:\/\/lottomat.com\/sv\/spela\/set-for-life-uk\/#breadcrumb","itemListElement":[{"@type":"ListItem","position":1,"name":"Home","item":"https:\/\/lottomat.com\/sv\/"},{"@type":"ListItem","position":2,"name":"Spela lotteri","item":"https:\/\/lottomat.com\/sv\/spela\/"},{"@type":"ListItem","position":3,"name":"pela Set for Life Online &#8211; Set For Life UK Biljetter"}]},{"@type":"WebSite","@id":"https:\/\/lottomat.com\/sv\/#website","url":"https:\/\/lottomat.com\/sv\/","name":"Lottomat","description":"","potentialAction":[{"@type":"SearchAction","target":{"@type":"EntryPoint","urlTemplate":"https:\/\/lottomat.com\/sv\/?s={search_term_string}"},"query-input":{"@type":"PropertyValueSpecification","valueRequired":true,"valueName":"search_term_string"}}],"inLanguage":"sv-SE"}]}},"_links":{"self":[{"href":"https:\/\/lottomat.com\/sv\/wp-json\/wp\/v2\/pages\/8468","targetHints":{"allow":["GET"]}}],"collection":[{"href":"https:\/\/lottomat.com\/sv\/wp-json\/wp\/v2\/pages"}],"about":[{"href":"https:\/\/lottomat.com\/sv\/wp-json\/wp\/v2\/types\/page"}],"author":[{"embeddable":true,"href":"https:\/\/lottomat.com\/sv\/wp-json\/wp\/v2\/users\/1"}],"replies":[{"embeddable":true,"href":"https:\/\/lottomat.com\/sv\/wp-json\/wp\/v2\/comments?post=8468"}],"version-history":[{"count":3,"href":"https:\/\/lottomat.com\/sv\/wp-json\/wp\/v2\/pages\/8468\/revisions"}],"predecessor-version":[{"id":273164,"href":"https:\/\/lottomat.com\/sv\/wp-json\/wp\/v2\/pages\/8468\/revisions\/273164"}],"up":[{"embeddable":true,"href":"https:\/\/lottomat.com\/sv\/wp-json\/wp\/v2\/pages\/6815"}],"wp:attachment":[{"href":"https:\/\/lottomat.com\/sv\/wp-json\/wp\/v2\/media?parent=8468"}],"curies":[{"name":"wp","href":"https:\/\/api.w.org\/{rel}","templated":true}]}}