{"id":8466,"date":"2025-03-26T07:52:23","date_gmt":"2025-03-26T07:52:23","guid":{"rendered":"https:\/\/lottomat.net\/spela-lotteri\/spela-powerball-online\/"},"modified":"2026-03-10T10:32:24","modified_gmt":"2026-03-10T10:32:24","slug":"powerball","status":"publish","type":"page","link":"https:\/\/lottomat.com\/sv\/spela\/powerball\/","title":{"rendered":"Spela Powerball online &#8211; Powerball-biljetter"},"content":{"rendered":"\n\n<div class=\"kk-star-ratings kksr-auto kksr-align-left kksr-valign-top\"\n    data-payload='{&quot;align&quot;:&quot;left&quot;,&quot;id&quot;:&quot;8466&quot;,&quot;slug&quot;:&quot;default&quot;,&quot;valign&quot;:&quot;top&quot;,&quot;ignore&quot;:&quot;&quot;,&quot;reference&quot;:&quot;auto&quot;,&quot;class&quot;:&quot;&quot;,&quot;count&quot;:&quot;0&quot;,&quot;legendonly&quot;:&quot;&quot;,&quot;readonly&quot;:&quot;&quot;,&quot;score&quot;:&quot;0&quot;,&quot;starsonly&quot;:&quot;&quot;,&quot;best&quot;:&quot;5&quot;,&quot;gap&quot;:&quot;5&quot;,&quot;greet&quot;:&quot;Rate this page&quot;,&quot;legend&quot;:&quot;0\\\/5 - (0 votes)&quot;,&quot;size&quot;:&quot;30&quot;,&quot;title&quot;:&quot;Spela Powerball online - Powerball-biljetter&quot;,&quot;width&quot;:&quot;0&quot;,&quot;_legend&quot;:&quot;{score}\\\/{best} - ({count} {votes})&quot;,&quot;font_factor&quot;:&quot;1.25&quot;}'>\n            \n<div class=\"kksr-stars\">\n    \n<div class=\"kksr-stars-inactive\">\n            <div class=\"kksr-star\" data-star=\"1\" style=\"padding-right: 5px\">\n            \n\n<div class=\"kksr-icon\" style=\"width: 30px; height: 30px;\"><\/div>\n        <\/div>\n            <div class=\"kksr-star\" data-star=\"2\" style=\"padding-right: 5px\">\n            \n\n<div class=\"kksr-icon\" style=\"width: 30px; height: 30px;\"><\/div>\n        <\/div>\n            <div class=\"kksr-star\" data-star=\"3\" style=\"padding-right: 5px\">\n            \n\n<div class=\"kksr-icon\" style=\"width: 30px; height: 30px;\"><\/div>\n        <\/div>\n            <div class=\"kksr-star\" data-star=\"4\" style=\"padding-right: 5px\">\n            \n\n<div class=\"kksr-icon\" style=\"width: 30px; height: 30px;\"><\/div>\n        <\/div>\n            <div class=\"kksr-star\" data-star=\"5\" style=\"padding-right: 5px\">\n            \n\n<div class=\"kksr-icon\" style=\"width: 30px; height: 30px;\"><\/div>\n        <\/div>\n    <\/div>\n    \n<div class=\"kksr-stars-active\" style=\"width: 0px;\">\n            <div class=\"kksr-star\" style=\"padding-right: 5px\">\n            \n\n<div class=\"kksr-icon\" style=\"width: 30px; height: 30px;\"><\/div>\n        <\/div>\n            <div class=\"kksr-star\" style=\"padding-right: 5px\">\n            \n\n<div class=\"kksr-icon\" style=\"width: 30px; height: 30px;\"><\/div>\n        <\/div>\n            <div class=\"kksr-star\" style=\"padding-right: 5px\">\n            \n\n<div class=\"kksr-icon\" style=\"width: 30px; height: 30px;\"><\/div>\n        <\/div>\n            <div class=\"kksr-star\" style=\"padding-right: 5px\">\n            \n\n<div class=\"kksr-icon\" style=\"width: 30px; height: 30px;\"><\/div>\n        <\/div>\n            <div class=\"kksr-star\" style=\"padding-right: 5px\">\n            \n\n<div class=\"kksr-icon\" style=\"width: 30px; height: 30px;\"><\/div>\n        <\/div>\n    <\/div>\n<\/div>\n                \n\n<div class=\"kksr-legend\" style=\"font-size: 24px;\">\n            <span class=\"kksr-muted\">Rate this page<\/span>\n    <\/div>\n    <\/div>\n<h2><img loading=\"lazy\" decoding=\"async\" class=\"alignleft wp-image-252142\" src=\"https:\/\/lottomat.com\/wp-content\/uploads\/2025\/10\/play-Powerball-150x150.webp\" alt=\"spela Powerball\" width=\"200\" height=\"200\" srcset=\"https:\/\/lottomat.com\/wp-content\/uploads\/2025\/10\/play-Powerball-150x150.webp 150w, https:\/\/lottomat.com\/wp-content\/uploads\/2025\/10\/play-Powerball-300x300.webp 300w, https:\/\/lottomat.com\/wp-content\/uploads\/2025\/10\/play-Powerball-100x100.webp 100w, https:\/\/lottomat.com\/wp-content\/uploads\/2025\/10\/play-Powerball.webp 400w\" sizes=\"auto, (max-width: 200px) 100vw, 200px\" \/>Vad \u00e4r Powerball-lotteriet?<\/h2>\n<p>L\u00e5t oss b\u00f6rja med reglerna f\u00f6r detta ber\u00f6mda lotteri, som \u00e4r mycket enkla, och du kommer utan tvekan snabbt att l\u00e4ra dig hur du spelar Powerball online. Spelet best\u00e5r av att v\u00e4lja fem nummer fr\u00e5n intervallet 1 till 69 samt ett extra nummer, kallat Power Ball, fr\u00e5n nummerpoolen 1 till 26. Om alla vinnande nummer v\u00e4ljs vinner spelaren huvudvinsten som \u00e4r garanterad, men kom ih\u00e5g att det finns <strong>9 vinstniv\u00e5er<\/strong>. En spelare vinner ocks\u00e5 ett pris om endast det extra Power Ball-numret, allts\u00e5 bonusnumret, v\u00e4ljs korrekt. I Powerball-lotteriet online finns ocks\u00e5 en intressant l\u00f6sning f\u00f6r spelare. Den kallas <strong>Power Play<\/strong> och \u00e4r ett extra alternativ som g\u00f6r det m\u00f6jligt att multiplicera vinster utanf\u00f6r huvudpriset. Det \u00e4r dock endast tillg\u00e4ngligt i USA n\u00e4r en biljett k\u00f6ps personligen p\u00e5 ett Powerball-kontor. En spelare som matchar alla huvudnummer men inte det korrekta Powerball-bonusnumret f\u00e5r den garanterade vinsten p\u00e5 <strong>1 000 000 dollar<\/strong>. Med andra ord f\u00e5r n\u00e5gon som tr\u00e4ffar 5 huvudnummer en miljon dollar. Klicka och l\u00e4s <a href=\"https:\/\/lottomat.com\/sv\/lotteri\/information-om-powerball\/\">mer om Powerballs regler och priser<\/a> p\u00e5 v\u00e5r webbplats. Naturligtvis, precis som i andra <a href=\"https:\/\/lottomat.com\/sv\/\">v\u00e4rldens b\u00e4sta lotterier<\/a>, finns det en jackpot-\u00f6verf\u00f6ring om det saknas vinnare, vilket resulterar i m\u00f6jligheten att vinna enorma summor pengar, dessutom i dollar. Powerball blev ber\u00f6mt f\u00f6r vinnande biljetter som f\u00f6rvandlades till miljoner dollar. Den st\u00f6rsta jackpotten i det amerikanska lotteriet intr\u00e4ffade den <strong>7 november 2022<\/strong> och uppgick till <strong>2,04 miljarder dollar<\/strong> med ett kontantv\u00e4rde p\u00e5 <strong>997,6 miljoner dollar<\/strong>.<\/p>\n<h2>Hur k\u00f6per man Powerball-biljetter?<img loading=\"lazy\" decoding=\"async\" class=\"alignright wp-image-252172\" src=\"https:\/\/lottomat.com\/wp-content\/uploads\/2025\/10\/Powerball-lottery-tickets-300x300.webp\" alt=\"Powerball lotteribiljetter\" width=\"200\" height=\"200\" srcset=\"https:\/\/lottomat.com\/wp-content\/uploads\/2025\/10\/Powerball-lottery-tickets-300x300.webp 300w, https:\/\/lottomat.com\/wp-content\/uploads\/2025\/10\/Powerball-lottery-tickets-150x150.webp 150w, https:\/\/lottomat.com\/wp-content\/uploads\/2025\/10\/Powerball-lottery-tickets-100x100.webp 100w, https:\/\/lottomat.com\/wp-content\/uploads\/2025\/10\/Powerball-lottery-tickets.webp 400w\" sizes=\"auto, (max-width: 200px) 100vw, 200px\" \/><\/h2>\n<p>Tack vare f\u00f6r\u00e4ndringar i reglerna f\u00f6r Powerball beh\u00f6ver du inte vara medborgare i USA eller befinna dig p\u00e5 dess territorium. Du kan delta i <strong>Powerball-lotteriet online via LottoMat-webbplatsen<\/strong>. Det \u00e4r mycket bekv\u00e4mt, och du kan k\u00f6pa Powerball-biljetter n\u00e4r som helst p\u00e5 dagen eller natten, sju dagar i veckan. Allt du beh\u00f6ver g\u00f6ra \u00e4r att v\u00e4lja alternativet Spela p\u00e5 LottoMat-webbplatsen och fylla i det \u00f6nskade antalet biljetter. D\u00e4refter beh\u00f6ver du bara ha t\u00e5lamod och v\u00e4nta p\u00e5 dragningen, som \u00e4ger rum varje <strong>tisdag, torsdag och s\u00f6ndag kl. 02:59 UTC<\/strong>. LottoMat-webbplatsen garanterar att lotteribiljetten \u00e4r giltig och deltar i Powerball-prisdragningen. Du kan g\u00f6ra k\u00f6pet med en dator eller mobiltelefon <strong>fr\u00e5n var som helst i v\u00e4rlden och n\u00e4r som helst<\/strong>. Allt du beh\u00f6ver g\u00f6ra \u00e4r att skapa ett s\u00e4kert anv\u00e4ndarkonto, k\u00f6pa en biljett och v\u00e4nta p\u00e5 vinsten!<\/p>\n<h2>Vad kostar en Powerball online-biljett?<\/h2>\n<p>F\u00f6r att ber\u00e4kna kostnaden f\u00f6r en biljett beh\u00f6ver man bara fylla i en eller flera biljetter p\u00e5 LottoMat-webbplatsen. Efter att ha valt numren <strong>kommer priset att synas under alla biljetter<\/strong>. N\u00e4r fler \u00e4n en biljett fylls i kommer kalkylatorn att ber\u00e4kna det totala beloppet, vilket \u00e4r det slutliga priset. Det inneh\u00e5ller priset f\u00f6r alla Powerball-biljetter samt provisioner.<\/p>\n<h2><img loading=\"lazy\" decoding=\"async\" class=\"alignleft wp-image-252202\" src=\"https:\/\/lottomat.com\/wp-content\/uploads\/2025\/10\/Powerball-online-tickets-300x300.webp\" alt=\"Powerball online-biljetter\" width=\"200\" height=\"200\" srcset=\"https:\/\/lottomat.com\/wp-content\/uploads\/2025\/10\/Powerball-online-tickets-300x300.webp 300w, https:\/\/lottomat.com\/wp-content\/uploads\/2025\/10\/Powerball-online-tickets-150x150.webp 150w, https:\/\/lottomat.com\/wp-content\/uploads\/2025\/10\/Powerball-online-tickets-100x100.webp 100w, https:\/\/lottomat.com\/wp-content\/uploads\/2025\/10\/Powerball-online-tickets.webp 400w\" sizes=\"auto, (max-width: 200px) 100vw, 200px\" \/><\/h2>\n<h2>Hur spelar man Powerball online?<\/h2>\n<p>Tack vare v\u00e5r webbplats \u00e4r v\u00e4rldens mest popul\u00e4ra lotteri nu tillg\u00e4ngligt utan att l\u00e4mna hemmet. F\u00f6r att spela Powerball online v\u00e4ljer du <strong>fem huvudnummer fr\u00e5n 1 till 69 plus ett extra Power Ball-nummer fr\u00e5n 1 till 26<\/strong>. Du kan v\u00e4lja dina nummer manuellt eller anv\u00e4nda <strong>Snabbval<\/strong> f\u00f6r slumpm\u00e4ssigt urval. Det \u00e4r s\u00e5 enkelt! Att spela med LottoMat \u00e4r helt s\u00e4kert och tryggt. <strong>Vi skannar alla k\u00f6pta biljetter f\u00f6r att s\u00e4kerst\u00e4lla deras giltighet och din trygghet.<\/strong> Med LottoMat kan du spela Powerball online fr\u00e5n var som helst i v\u00e4rlden \u2013 allt du beh\u00f6ver \u00e4r <strong>internet\u00e5tkomst och m\u00f6jlighet till onlinebetalning.<\/strong> Denna globala tillg\u00e4nglighet g\u00f6r det enklare \u00e4n n\u00e5gonsin att delta i ett av v\u00e4rldens mest sp\u00e4nnande lotterier.<\/p>\n<h2>Kan jag k\u00f6pa fler Powerball-biljetter online?<\/h2>\n<p><strong>Ja, du kan definitivt k\u00f6pa flera Powerball-biljetter online<\/strong> f\u00f6r att \u00f6ka dina chanser att vinna. V\u00e4lj helt enkelt <strong>alternativet &#8221;fler rader&#8221;<\/strong> n\u00e4r du spelar och v\u00e4lj s\u00e5 m\u00e5nga rader du vill spela. Varje extra rad representerar ytterligare en chans att vinna jackpotten eller n\u00e5got av de sekund\u00e4ra priserna. Ju fler biljetter du k\u00f6per, desto b\u00e4ttre blir dina odds att matcha de vinnande numren.<\/p>\n<h2>Kan jag k\u00f6pa Powerball-biljetter online f\u00f6r flera dragningar?<\/h2>\n<h2><img loading=\"lazy\" decoding=\"async\" class=\"alignright wp-image-252232\" src=\"https:\/\/lottomat.com\/wp-content\/uploads\/2025\/10\/Powerball-online-300x300.webp\" alt=\"Powerball online\" width=\"200\" height=\"200\" srcset=\"https:\/\/lottomat.com\/wp-content\/uploads\/2025\/10\/Powerball-online-300x300.webp 300w, https:\/\/lottomat.com\/wp-content\/uploads\/2025\/10\/Powerball-online-150x150.webp 150w, https:\/\/lottomat.com\/wp-content\/uploads\/2025\/10\/Powerball-online-100x100.webp 100w, https:\/\/lottomat.com\/wp-content\/uploads\/2025\/10\/Powerball-online.webp 400w\" sizes=\"auto, (max-width: 200px) 100vw, 200px\" \/><\/h2>\n<p>Absolut! P\u00e5 LottoMat kan du <strong>k\u00f6pa Powerball-biljetter i f\u00f6rv\u00e4g f\u00f6r upp till 8 p\u00e5 varandra f\u00f6ljande dragningar<\/strong>. Denna praktiska funktion inneb\u00e4r att du inte beh\u00f6ver komma ih\u00e5g att k\u00f6pa biljetter inf\u00f6r varje enskild dragning \u2013 dina nummer kommer automatiskt att delta i flera framtida dragningar. Detta f\u00f6rk\u00f6psalternativ s\u00e4kerst\u00e4ller att <strong>du aldrig missar en dragning<\/strong> och ger dig kontinuerligt deltagande i lotteriet under flera veckor.<\/p>\n<h2>Hur kontrollerar man Powerball online-resultat?<\/h2>\n<p>Du kan enkelt kontrollera b\u00e5de <a href=\"https:\/\/lottomat.com\/sv\/resultaten\/powerball\/\">de senaste och arkiverade Powerball-resultaten<\/a> direkt p\u00e5 LottoMat-webbplatsen. V\u00e5r resultatsida uppdateras omedelbart efter varje dragning och ger dig <strong>korrekta och uppdaterade vinnande nummer.<\/strong> Oavsett om du vill kontrollera de senaste dragningarna eller titta tillbaka p\u00e5 historiska resultat finns all information tillg\u00e4nglig n\u00e4ra till hands. Denna praktiska funktion g\u00f6r att du snabbt kan verifiera om dina nummer har vunnit utan att beh\u00f6va s\u00f6ka p\u00e5 flera olika k\u00e4llor.<\/p>\n<h2><img loading=\"lazy\" decoding=\"async\" class=\"alignleft wp-image-252262\" src=\"https:\/\/lottomat.com\/wp-content\/uploads\/2025\/10\/Powerball-tickets-300x300.webp\" alt=\"Powerball-biljetter\" width=\"200\" height=\"200\" srcset=\"https:\/\/lottomat.com\/wp-content\/uploads\/2025\/10\/Powerball-tickets-300x300.webp 300w, https:\/\/lottomat.com\/wp-content\/uploads\/2025\/10\/Powerball-tickets-150x150.webp 150w, https:\/\/lottomat.com\/wp-content\/uploads\/2025\/10\/Powerball-tickets-100x100.webp 100w, https:\/\/lottomat.com\/wp-content\/uploads\/2025\/10\/Powerball-tickets.webp 400w\" sizes=\"auto, (max-width: 200px) 100vw, 200px\" \/>Skannar LottoMat Powerball-biljetter online?<\/h2>\n<p><strong>Ja, absolut!<\/strong> V\u00e5ra auktoriserade ombud k\u00f6per fysiskt Powerball-biljetter p\u00e5 officiella, licensierade f\u00f6rs\u00e4ljningsst\u00e4llen f\u00f6r din r\u00e4kning. <strong>Vi skannar och lagrar originalbiljetterna s\u00e4kert<\/strong> f\u00f6r att s\u00e4kerst\u00e4lla full transparens och s\u00e4kerhet f\u00f6r v\u00e5ra spelare. Det betyder att du har bevis p\u00e5 ditt biljettk\u00f6p och kan vara s\u00e4ker p\u00e5 att ditt deltagande \u00e4r giltigt i den officiella Powerball-dragningen. Originalbiljetterna f\u00f6rvaras s\u00e4kert i v\u00e5ra skyddade anl\u00e4ggningar, vilket ger dig trygghet kring din investering.<\/p>\n<h2>Vilka \u00e4r de b\u00e4sta Powerball online-tipsen?<\/h2>\n<p>Spela s\u00e4rskilt n\u00e4r det har varit en jackpot-\u00f6verf\u00f6ring. <strong>Powerball har v\u00e4rldens st\u00f6rsta jackpottar,<\/strong> och \u00e4ven med bara en biljett har du en chans att vinna. Den st\u00f6rsta jackpotten n\u00e5dde hela <strong>2,04 miljarder dollar!<\/strong> Du kan ocks\u00e5 anv\u00e4nda de mest dragna numren, som du hittar p\u00e5 <a href=\"https:\/\/lottomat.com\/sv\/resultaten\/\">sidan f\u00f6r lotteridragningar<\/a>. Den inneh\u00e5ller b\u00e5de aktuella dragningar och arkiverade resultat. Kom ih\u00e5g att <strong>att spela Powerball online b\u00f6r vara en form av underh\u00e5llning,<\/strong> s\u00e5 det \u00e4r viktigt att spela ansvarsfullt och beh\u00e5lla gott omd\u00f6me. S\u00e4tt en budget f\u00f6r dig sj\u00e4lv och h\u00e5ll dig till den, och behandla lotteribiljetter som en rolig aktivitet snarare \u00e4n en investeringsstrategi.<\/p>\n<h3>Tips som kan hj\u00e4lpa till att \u00f6ka dina vinstchanser<\/h3>\n<p>Att k\u00f6pa mer \u00e4n en Powerball-biljett inneb\u00e4r att varje extra biljett ger st\u00f6rre chans att f\u00e5 de dragna numren. Se till att de nummer du v\u00e4ljer \u00e4r varierade eftersom nummerpoolen \u00e4r stor \u2013 begr\u00e4nsa dig inte till exempelvis f\u00f6delsedatum, vilket kraftigt minskar ditt urval. F\u00f6r att s\u00e4nka kostnaden f\u00f6r <a href=\"https:\/\/lottomat.com\/sv\/spela\/\">att k\u00f6pa lotteribiljetter online<\/a> kan du bjuda in dina n\u00e4ra och k\u00e4ra att spela tillsammans med dig, vilket \u00f6kar chanserna att vinna. Kostnaderna f\u00f6r biljetter kan delas mellan flera personer, vilket g\u00f6r det mer \u00f6verkomligt f\u00f6r alla inblandade. Spela n\u00e4r det finns <a href=\"https:\/\/lottomat.com\/sv\/lotteri\/\">de st\u00f6rsta jackpot\u00f6verf\u00f6ringarna<\/a> eftersom hela Powerball-spelet handlar om chansen att vinna! <strong>Du kan k\u00f6pa en vinnande biljett n\u00e4r som helst och bli miljon\u00e4r!<\/strong><\/p>\n","protected":false},"excerpt":{"rendered":"<p>Vad \u00e4r Powerball-lotteriet? L\u00e5t oss b\u00f6rja med reglerna f\u00f6r detta ber\u00f6mda lotteri, som \u00e4r mycket enkla, och du kommer utan tvekan snabbt att l\u00e4ra dig hur du spelar Powerball online. Spelet best\u00e5r av att v\u00e4lja fem nummer fr\u00e5n intervallet 1 till 69 samt ett extra nummer, kallat Power Ball, fr\u00e5n nummerpoolen 1 till 26. Om [&hellip;]<\/p>\n","protected":false},"author":1,"featured_media":0,"parent":6815,"menu_order":1,"comment_status":"closed","ping_status":"closed","template":"powerball-usa.php","meta":{"_et_pb_use_builder":"","_et_pb_old_content":"","_et_gb_content_width":"","exclude_from_search":false,"footnotes":""},"class_list":["post-8466","page","type-page","status-publish","hentry"],"yoast_head":"<!-- This site is optimized with the Yoast SEO plugin v23.8 - https:\/\/yoast.com\/wordpress\/plugins\/seo\/ -->\n<title>Spela Powerball online - Powerball-biljetter - LottoMat Sverige<\/title>\n<meta name=\"description\" content=\"Vill du spela Powerball-lotteriet online? L\u00e4r dig hur du spelar Powerball och bli miljon\u00e4r! K\u00f6p Powerball-biljetter online n\u00e4r som helst!\" \/>\n<meta name=\"robots\" content=\"index, follow, max-snippet:-1, max-image-preview:large, max-video-preview:-1\" \/>\n<link rel=\"canonical\" href=\"https:\/\/lottomat.com\/sv\/spela\/powerball\/\" \/>\n<meta property=\"og:locale\" content=\"sv_SE\" \/>\n<meta property=\"og:type\" content=\"article\" \/>\n<meta property=\"og:title\" content=\"Spela Powerball online - Powerball-biljetter - LottoMat Sverige\" \/>\n<meta property=\"og:description\" content=\"Vill du spela Powerball-lotteriet online? L\u00e4r dig hur du spelar Powerball och bli miljon\u00e4r! K\u00f6p Powerball-biljetter online n\u00e4r som helst!\" \/>\n<meta property=\"og:url\" content=\"https:\/\/lottomat.com\/sv\/spela\/powerball\/\" \/>\n<meta property=\"og:site_name\" content=\"Lottomat\" \/>\n<meta property=\"article:modified_time\" content=\"2026-03-10T10:32:24+00:00\" \/>\n<meta property=\"og:image\" content=\"https:\/\/lottomat.com\/wp-content\/uploads\/2025\/10\/play-Powerball.webp\" \/>\n\t<meta property=\"og:image:width\" content=\"400\" \/>\n\t<meta property=\"og:image:height\" content=\"400\" \/>\n\t<meta property=\"og:image:type\" content=\"image\/webp\" \/>\n<meta name=\"twitter:card\" content=\"summary_large_image\" \/>\n<meta name=\"twitter:label1\" content=\"Ber\u00e4knad l\u00e4stid\" \/>\n\t<meta name=\"twitter:data1\" content=\"6 minuter\" \/>\n<script type=\"application\/ld+json\" class=\"yoast-schema-graph\">{\"@context\":\"https:\/\/schema.org\",\"@graph\":[{\"@type\":\"WebPage\",\"@id\":\"https:\/\/lottomat.com\/sv\/spela\/powerball\/\",\"url\":\"https:\/\/lottomat.com\/sv\/spela\/powerball\/\",\"name\":\"Spela Powerball online - Powerball-biljetter - LottoMat Sverige\",\"isPartOf\":{\"@id\":\"https:\/\/lottomat.com\/sv\/#website\"},\"primaryImageOfPage\":{\"@id\":\"https:\/\/lottomat.com\/sv\/spela\/powerball\/#primaryimage\"},\"image\":{\"@id\":\"https:\/\/lottomat.com\/sv\/spela\/powerball\/#primaryimage\"},\"thumbnailUrl\":\"https:\/\/lottomat.com\/wp-content\/uploads\/2025\/10\/play-Powerball-150x150.webp\",\"datePublished\":\"2025-03-26T07:52:23+00:00\",\"dateModified\":\"2026-03-10T10:32:24+00:00\",\"description\":\"Vill du spela Powerball-lotteriet online? L\u00e4r dig hur du spelar Powerball och bli miljon\u00e4r! K\u00f6p Powerball-biljetter online n\u00e4r som helst!\",\"breadcrumb\":{\"@id\":\"https:\/\/lottomat.com\/sv\/spela\/powerball\/#breadcrumb\"},\"inLanguage\":\"sv-SE\",\"potentialAction\":[{\"@type\":\"ReadAction\",\"target\":[\"https:\/\/lottomat.com\/sv\/spela\/powerball\/\"]}]},{\"@type\":\"ImageObject\",\"inLanguage\":\"sv-SE\",\"@id\":\"https:\/\/lottomat.com\/sv\/spela\/powerball\/#primaryimage\",\"url\":\"https:\/\/lottomat.com\/wp-content\/uploads\/2025\/10\/play-Powerball-150x150.webp\",\"contentUrl\":\"https:\/\/lottomat.com\/wp-content\/uploads\/2025\/10\/play-Powerball-150x150.webp\"},{\"@type\":\"BreadcrumbList\",\"@id\":\"https:\/\/lottomat.com\/sv\/spela\/powerball\/#breadcrumb\",\"itemListElement\":[{\"@type\":\"ListItem\",\"position\":1,\"name\":\"Home\",\"item\":\"https:\/\/lottomat.com\/sv\/\"},{\"@type\":\"ListItem\",\"position\":2,\"name\":\"Spela lotteri\",\"item\":\"https:\/\/lottomat.com\/sv\/spela\/\"},{\"@type\":\"ListItem\",\"position\":3,\"name\":\"Spela Powerball online &#8211; Powerball-biljetter\"}]},{\"@type\":\"WebSite\",\"@id\":\"https:\/\/lottomat.com\/sv\/#website\",\"url\":\"https:\/\/lottomat.com\/sv\/\",\"name\":\"Lottomat\",\"description\":\"\",\"potentialAction\":[{\"@type\":\"SearchAction\",\"target\":{\"@type\":\"EntryPoint\",\"urlTemplate\":\"https:\/\/lottomat.com\/sv\/?s={search_term_string}\"},\"query-input\":{\"@type\":\"PropertyValueSpecification\",\"valueRequired\":true,\"valueName\":\"search_term_string\"}}],\"inLanguage\":\"sv-SE\"}]}<\/script>\n<!-- \/ Yoast SEO plugin. -->","yoast_head_json":{"title":"Spela Powerball online - Powerball-biljetter - LottoMat Sverige","description":"Vill du spela Powerball-lotteriet online? L\u00e4r dig hur du spelar Powerball och bli miljon\u00e4r! K\u00f6p Powerball-biljetter online n\u00e4r som helst!","robots":{"index":"index","follow":"follow","max-snippet":"max-snippet:-1","max-image-preview":"max-image-preview:large","max-video-preview":"max-video-preview:-1"},"canonical":"https:\/\/lottomat.com\/sv\/spela\/powerball\/","og_locale":"sv_SE","og_type":"article","og_title":"Spela Powerball online - Powerball-biljetter - LottoMat Sverige","og_description":"Vill du spela Powerball-lotteriet online? L\u00e4r dig hur du spelar Powerball och bli miljon\u00e4r! K\u00f6p Powerball-biljetter online n\u00e4r som helst!","og_url":"https:\/\/lottomat.com\/sv\/spela\/powerball\/","og_site_name":"Lottomat","article_modified_time":"2026-03-10T10:32:24+00:00","og_image":[{"width":400,"height":400,"url":"https:\/\/lottomat.com\/wp-content\/uploads\/2025\/10\/play-Powerball.webp","type":"image\/webp"}],"twitter_card":"summary_large_image","twitter_misc":{"Ber\u00e4knad l\u00e4stid":"6 minuter"},"schema":{"@context":"https:\/\/schema.org","@graph":[{"@type":"WebPage","@id":"https:\/\/lottomat.com\/sv\/spela\/powerball\/","url":"https:\/\/lottomat.com\/sv\/spela\/powerball\/","name":"Spela Powerball online - Powerball-biljetter - LottoMat Sverige","isPartOf":{"@id":"https:\/\/lottomat.com\/sv\/#website"},"primaryImageOfPage":{"@id":"https:\/\/lottomat.com\/sv\/spela\/powerball\/#primaryimage"},"image":{"@id":"https:\/\/lottomat.com\/sv\/spela\/powerball\/#primaryimage"},"thumbnailUrl":"https:\/\/lottomat.com\/wp-content\/uploads\/2025\/10\/play-Powerball-150x150.webp","datePublished":"2025-03-26T07:52:23+00:00","dateModified":"2026-03-10T10:32:24+00:00","description":"Vill du spela Powerball-lotteriet online? L\u00e4r dig hur du spelar Powerball och bli miljon\u00e4r! K\u00f6p Powerball-biljetter online n\u00e4r som helst!","breadcrumb":{"@id":"https:\/\/lottomat.com\/sv\/spela\/powerball\/#breadcrumb"},"inLanguage":"sv-SE","potentialAction":[{"@type":"ReadAction","target":["https:\/\/lottomat.com\/sv\/spela\/powerball\/"]}]},{"@type":"ImageObject","inLanguage":"sv-SE","@id":"https:\/\/lottomat.com\/sv\/spela\/powerball\/#primaryimage","url":"https:\/\/lottomat.com\/wp-content\/uploads\/2025\/10\/play-Powerball-150x150.webp","contentUrl":"https:\/\/lottomat.com\/wp-content\/uploads\/2025\/10\/play-Powerball-150x150.webp"},{"@type":"BreadcrumbList","@id":"https:\/\/lottomat.com\/sv\/spela\/powerball\/#breadcrumb","itemListElement":[{"@type":"ListItem","position":1,"name":"Home","item":"https:\/\/lottomat.com\/sv\/"},{"@type":"ListItem","position":2,"name":"Spela lotteri","item":"https:\/\/lottomat.com\/sv\/spela\/"},{"@type":"ListItem","position":3,"name":"Spela Powerball online &#8211; Powerball-biljetter"}]},{"@type":"WebSite","@id":"https:\/\/lottomat.com\/sv\/#website","url":"https:\/\/lottomat.com\/sv\/","name":"Lottomat","description":"","potentialAction":[{"@type":"SearchAction","target":{"@type":"EntryPoint","urlTemplate":"https:\/\/lottomat.com\/sv\/?s={search_term_string}"},"query-input":{"@type":"PropertyValueSpecification","valueRequired":true,"valueName":"search_term_string"}}],"inLanguage":"sv-SE"}]}},"_links":{"self":[{"href":"https:\/\/lottomat.com\/sv\/wp-json\/wp\/v2\/pages\/8466","targetHints":{"allow":["GET"]}}],"collection":[{"href":"https:\/\/lottomat.com\/sv\/wp-json\/wp\/v2\/pages"}],"about":[{"href":"https:\/\/lottomat.com\/sv\/wp-json\/wp\/v2\/types\/page"}],"author":[{"embeddable":true,"href":"https:\/\/lottomat.com\/sv\/wp-json\/wp\/v2\/users\/1"}],"replies":[{"embeddable":true,"href":"https:\/\/lottomat.com\/sv\/wp-json\/wp\/v2\/comments?post=8466"}],"version-history":[{"count":2,"href":"https:\/\/lottomat.com\/sv\/wp-json\/wp\/v2\/pages\/8466\/revisions"}],"predecessor-version":[{"id":273019,"href":"https:\/\/lottomat.com\/sv\/wp-json\/wp\/v2\/pages\/8466\/revisions\/273019"}],"up":[{"embeddable":true,"href":"https:\/\/lottomat.com\/sv\/wp-json\/wp\/v2\/pages\/6815"}],"wp:attachment":[{"href":"https:\/\/lottomat.com\/sv\/wp-json\/wp\/v2\/media?parent=8466"}],"curies":[{"name":"wp","href":"https:\/\/api.w.org\/{rel}","templated":true}]}}