{"id":6507,"date":"2025-03-26T07:12:15","date_gmt":"2025-03-26T07:12:15","guid":{"rendered":"https:\/\/lottomat.net\/hem-varldens-storsta-lotterier-pa-ett-stalle\/"},"modified":"2026-02-13T11:27:31","modified_gmt":"2026-02-13T11:27:31","slug":"hem-varldens-storsta-lotterier-pa-ett-stalle","status":"publish","type":"page","link":"https:\/\/lottomat.com\/sv\/","title":{"rendered":"Lottomat &#8211; v\u00e4rldens st\u00f6rsta lotterier p\u00e5 ett st\u00e4lle"},"content":{"rendered":"\n\n<div class=\"kk-star-ratings kksr-auto kksr-align-left kksr-valign-top\"\n    data-payload='{&quot;align&quot;:&quot;left&quot;,&quot;id&quot;:&quot;6507&quot;,&quot;slug&quot;:&quot;default&quot;,&quot;valign&quot;:&quot;top&quot;,&quot;ignore&quot;:&quot;&quot;,&quot;reference&quot;:&quot;auto&quot;,&quot;class&quot;:&quot;&quot;,&quot;count&quot;:&quot;0&quot;,&quot;legendonly&quot;:&quot;&quot;,&quot;readonly&quot;:&quot;&quot;,&quot;score&quot;:&quot;0&quot;,&quot;starsonly&quot;:&quot;&quot;,&quot;best&quot;:&quot;5&quot;,&quot;gap&quot;:&quot;5&quot;,&quot;greet&quot;:&quot;Rate this page&quot;,&quot;legend&quot;:&quot;0\\\/5 - (0 votes)&quot;,&quot;size&quot;:&quot;30&quot;,&quot;title&quot;:&quot;Lottomat - v\u00e4rldens st\u00f6rsta lotterier p\u00e5 ett st\u00e4lle&quot;,&quot;width&quot;:&quot;0&quot;,&quot;_legend&quot;:&quot;{score}\\\/{best} - ({count} {votes})&quot;,&quot;font_factor&quot;:&quot;1.25&quot;}'>\n            \n<div class=\"kksr-stars\">\n    \n<div class=\"kksr-stars-inactive\">\n            <div class=\"kksr-star\" data-star=\"1\" style=\"padding-right: 5px\">\n            \n\n<div class=\"kksr-icon\" style=\"width: 30px; height: 30px;\"><\/div>\n        <\/div>\n            <div class=\"kksr-star\" data-star=\"2\" style=\"padding-right: 5px\">\n            \n\n<div class=\"kksr-icon\" style=\"width: 30px; height: 30px;\"><\/div>\n        <\/div>\n            <div class=\"kksr-star\" data-star=\"3\" style=\"padding-right: 5px\">\n            \n\n<div class=\"kksr-icon\" style=\"width: 30px; height: 30px;\"><\/div>\n        <\/div>\n            <div class=\"kksr-star\" data-star=\"4\" style=\"padding-right: 5px\">\n            \n\n<div class=\"kksr-icon\" style=\"width: 30px; height: 30px;\"><\/div>\n        <\/div>\n            <div class=\"kksr-star\" data-star=\"5\" style=\"padding-right: 5px\">\n            \n\n<div class=\"kksr-icon\" style=\"width: 30px; height: 30px;\"><\/div>\n        <\/div>\n    <\/div>\n    \n<div class=\"kksr-stars-active\" style=\"width: 0px;\">\n            <div class=\"kksr-star\" style=\"padding-right: 5px\">\n            \n\n<div class=\"kksr-icon\" style=\"width: 30px; height: 30px;\"><\/div>\n        <\/div>\n            <div class=\"kksr-star\" style=\"padding-right: 5px\">\n            \n\n<div class=\"kksr-icon\" style=\"width: 30px; height: 30px;\"><\/div>\n        <\/div>\n            <div class=\"kksr-star\" style=\"padding-right: 5px\">\n            \n\n<div class=\"kksr-icon\" style=\"width: 30px; height: 30px;\"><\/div>\n        <\/div>\n            <div class=\"kksr-star\" style=\"padding-right: 5px\">\n            \n\n<div class=\"kksr-icon\" style=\"width: 30px; height: 30px;\"><\/div>\n        <\/div>\n            <div class=\"kksr-star\" style=\"padding-right: 5px\">\n            \n\n<div class=\"kksr-icon\" style=\"width: 30px; height: 30px;\"><\/div>\n        <\/div>\n    <\/div>\n<\/div>\n                \n\n<div class=\"kksr-legend\" style=\"font-size: 24px;\">\n            <span class=\"kksr-muted\">Rate this page<\/span>\n    <\/div>\n    <\/div>\n<h2 style=\"text-align: left;\"><img loading=\"lazy\" decoding=\"async\" class=\"alignleft wp-image-1091\" src=\"https:\/\/lottomat.com\/wp-content\/uploads\/2025\/03\/play-lotteries-available-in-other-countries-300x300.png\" alt=\"spela lotterier tillg\u00e4ngliga i andra l\u00e4nder\" width=\"130\" height=\"130\" srcset=\"https:\/\/lottomat.com\/wp-content\/uploads\/2025\/03\/play-lotteries-available-in-other-countries-300x300.png 300w, https:\/\/lottomat.com\/wp-content\/uploads\/2025\/03\/play-lotteries-available-in-other-countries-150x150.png 150w, https:\/\/lottomat.com\/wp-content\/uploads\/2025\/03\/play-lotteries-available-in-other-countries-100x100.png 100w, https:\/\/lottomat.com\/wp-content\/uploads\/2025\/03\/play-lotteries-available-in-other-countries.png 400w\" sizes=\"auto, (max-width: 130px) 100vw, 130px\" \/>Kan jag spela lotterier som finns tillg\u00e4ngliga i andra l\u00e4nder?<\/h2>\n<p>Ja, ja, ja! Svaret p\u00e5 den vanligaste fr\u00e5gan fr\u00e5n v\u00e5ra spelare \u00e4r ja &#8211; du kan spela v\u00e4rldens st\u00f6rsta lotterier oavsett vilket land du bor i. P\u00e5 Lottomat-webbplatsen \u00e4r de st\u00f6rsta lotterierna tillg\u00e4ngliga f\u00f6r dig utan att du beh\u00f6ver bes\u00f6ka n\u00e5got lotterikontor, inklusive det n\u00e4rmaste i ditt bos\u00e4ttningsland. P\u00e5 Lottomat hittar du lotterier som garanterar de st\u00f6rsta vinsterna, bland dem SuperEnalotto, d\u00e4r du f\u00f6r att vinna huvudvinsten m\u00e5ste matcha 6 siffror av 90 korrekt. Det finns ocks\u00e5 Eurojackpot och EuroMillions, som \u00e4r de st\u00f6rsta europeiska lotterierna; f\u00f6r att vinna beh\u00f6ver du bara v\u00e4lja fem siffror av 50. Hos oss kan du ocks\u00e5 spela French Lotto, UK Lotto eller tv\u00e5 fantastiska spanska lotterier, El Gordo och La Primitiva, som erbjuder en h\u00f6g vinstchans. I v\u00e5rt utbud hittar du ocks\u00e5 de st\u00f6rsta amerikanska lotterierna, inklusive Powerball, Mega Millions och m\u00e5nga andra attraktiva alternativ, som ger dig m\u00f6jlighet att \u00f6ka dina vinstchanser.<\/p>\n<hr \/>\n<h2><img loading=\"lazy\" decoding=\"async\" class=\"alignleft wp-image-21538 lazy loaded\" src=\"https:\/\/lottomat.net\/wp-content\/uploads\/2020\/06\/euro-jackpot-2.png\" alt=\"euro jackpot\" width=\"130\" height=\"130\" data-src=\"https:\/\/lottomat.net\/wp-content\/uploads\/2020\/06\/euro-jackpot-2.png\" data-was-processed=\"true\" srcset=\"https:\/\/lottomat.com\/wp-content\/uploads\/2020\/06\/euro-jackpot-2.png 400w, https:\/\/lottomat.com\/wp-content\/uploads\/2020\/06\/euro-jackpot-2-300x300.png 300w, https:\/\/lottomat.com\/wp-content\/uploads\/2020\/06\/euro-jackpot-2-150x150.png 150w, https:\/\/lottomat.com\/wp-content\/uploads\/2020\/06\/euro-jackpot-2-100x100.png 100w\" sizes=\"auto, (max-width: 130px) 100vw, 130px\" \/>Hur kan jag k\u00f6pa lotterna?<\/h2>\n<p>Att k\u00f6pa lotter online \u00e4r extremt enkelt, snabbt och framf\u00f6r allt s\u00e4kert. Allt du beh\u00f6ver g\u00f6ra \u00e4r att v\u00e4lja ett lotteri, v\u00e4lja siffrorna, slutf\u00f6ra en enkel registrering, betala kupongen och verifiera att du har valt r\u00e4tt efter dragningen.<\/p>\n<hr \/>\n<h2><img loading=\"lazy\" decoding=\"async\" class=\"alignleft wp-image-21566 lazy loaded\" src=\"https:\/\/lottomat.net\/wp-content\/uploads\/2020\/06\/Euro-Million.png\" alt=\"Euro Million\" width=\"130\" height=\"130\" data-src=\"https:\/\/lottomat.net\/wp-content\/uploads\/2020\/06\/Euro-Million.png\" data-was-processed=\"true\" srcset=\"https:\/\/lottomat.com\/wp-content\/uploads\/2020\/06\/Euro-Million.png 400w, https:\/\/lottomat.com\/wp-content\/uploads\/2020\/06\/Euro-Million-300x300.png 300w, https:\/\/lottomat.com\/wp-content\/uploads\/2020\/06\/Euro-Million-150x150.png 150w, https:\/\/lottomat.com\/wp-content\/uploads\/2020\/06\/Euro-Million-100x100.png 100w\" sizes=\"auto, (max-width: 130px) 100vw, 130px\" \/>Vad h\u00e4nder efter att jag best\u00e4llt kupongen online?<\/h2>\n<p>En av v\u00e5ra representanter kommer att k\u00f6pa en officiell kupong \u00e5 dina v\u00e4gnar enligt de siffror du har valt. Din kupong kommer att f\u00f6rvaras i kassask\u00e5pet fram till dragningen, och siffrorna du valt kommer att finnas p\u00e5 ditt anv\u00e4ndarkonto p\u00e5 v\u00e5r webbplats. Dessutom, n\u00e4r du g\u00f6r ett k\u00f6p, kommer Lottomat ocks\u00e5 att meddela dig via e-post om beloppet som spenderats p\u00e5 k\u00f6p av lotter, betalningsmetoden och siffrorna du har valt. Dessutom kommer en skanning av den k\u00f6pta kupongen att l\u00e4ggas upp p\u00e5 ditt konto.<\/p>\n<hr \/>\n<h2><img loading=\"lazy\" decoding=\"async\" class=\"alignleft wp-image-21594 lazy loaded\" src=\"https:\/\/lottomat.net\/wp-content\/uploads\/2020\/06\/Euro-Millions.png\" alt=\"Euro Millions\" width=\"122\" height=\"122\" data-src=\"https:\/\/lottomat.net\/wp-content\/uploads\/2020\/06\/Euro-Millions.png\" data-was-processed=\"true\" srcset=\"https:\/\/lottomat.com\/wp-content\/uploads\/2020\/06\/Euro-Millions.png 400w, https:\/\/lottomat.com\/wp-content\/uploads\/2020\/06\/Euro-Millions-300x300.png 300w, https:\/\/lottomat.com\/wp-content\/uploads\/2020\/06\/Euro-Millions-150x150.png 150w, https:\/\/lottomat.com\/wp-content\/uploads\/2020\/06\/Euro-Millions-100x100.png 100w\" sizes=\"auto, (max-width: 122px) 100vw, 122px\" \/>Hur missar jag inte jackpottarna?<\/h2>\n<p>Lottomat kommer att h\u00e5lla dig informerad om kommande jackpottar. Du kommer att f\u00e5 ett e-postmeddelande i f\u00f6rv\u00e4g f\u00f6r att p\u00e5minna dig om den kommande dragningen, och du kommer att kunna planera ditt spelschema med hj\u00e4lp av prenumerationsalternativet.<\/p>\n<p>&nbsp;<\/p>\n<hr \/>\n<h2><img loading=\"lazy\" decoding=\"async\" class=\"alignleft wp-image-21622 lazy loaded\" src=\"https:\/\/lottomat.net\/wp-content\/uploads\/2020\/06\/mega-millions.png\" alt=\"mega millions\" width=\"130\" height=\"130\" data-src=\"https:\/\/lottomat.net\/wp-content\/uploads\/2020\/06\/mega-millions.png\" data-was-processed=\"true\" srcset=\"https:\/\/lottomat.com\/wp-content\/uploads\/2020\/06\/mega-millions.png 400w, https:\/\/lottomat.com\/wp-content\/uploads\/2020\/06\/mega-millions-300x300.png 300w, https:\/\/lottomat.com\/wp-content\/uploads\/2020\/06\/mega-millions-150x150.png 150w, https:\/\/lottomat.com\/wp-content\/uploads\/2020\/06\/mega-millions-100x100.png 100w\" sizes=\"auto, (max-width: 130px) 100vw, 130px\" \/>Vad h\u00e4nder om jag vinner?<\/h2>\n<p>\u00c4ven i detta \u00f6gonblick g\u00f6r Lottomat det enklare f\u00f6r dig att h\u00e4mta dina vinster. Alla dina vinster, upp till 2 500 EUR, krediteras automatiskt till ditt konto i v\u00e5rt system omedelbart efter dragningen och kan anv\u00e4ndas f\u00f6r dina efterf\u00f6ljande k\u00f6p eller beg\u00e4ras som ett uttag fr\u00e5n ditt konto. Du g\u00f6r allt detta online &#8211; bekv\u00e4mt och s\u00e4kert. I fallet med betydande priser kommer Lottomat att hj\u00e4lpa dig att v\u00e4lja den mest praktiska formen f\u00f6r att ta emot priset. Stora priser s\u00e4tts vanligtvis in p\u00e5 det bankkonto du anger och kan i vissa fall kr\u00e4va din n\u00e4rvaro f\u00f6r att g\u00f6ra anspr\u00e5k p\u00e5 vinsten. Vi kommer ocks\u00e5 att ordna detta s\u00e5 att du fullt ut kan njuta av vinsten, precis som m\u00e5nga av v\u00e5ra nuvarande vinnare har gjort.<\/p>\n<hr \/>\n<h2><img loading=\"lazy\" decoding=\"async\" class=\"alignleft wp-image-21650 lazy loaded\" src=\"https:\/\/lottomat.net\/wp-content\/uploads\/2020\/06\/online-lotto.png\" alt=\"online lotto\" width=\"130\" height=\"130\" data-src=\"https:\/\/lottomat.net\/wp-content\/uploads\/2020\/06\/online-lotto.png\" data-was-processed=\"true\" srcset=\"https:\/\/lottomat.com\/wp-content\/uploads\/2020\/06\/online-lotto.png 400w, https:\/\/lottomat.com\/wp-content\/uploads\/2020\/06\/online-lotto-300x300.png 300w, https:\/\/lottomat.com\/wp-content\/uploads\/2020\/06\/online-lotto-150x150.png 150w, https:\/\/lottomat.com\/wp-content\/uploads\/2020\/06\/online-lotto-100x100.png 100w\" sizes=\"auto, (max-width: 130px) 100vw, 130px\" \/>Finns det n\u00e5gra metoder f\u00f6r att vinna?<\/h2>\n<p>Vi vill f\u00f6rs\u00e4kra dig om att vi inte k\u00e4nner till s\u00e5dana metoder. Lotterier, liksom de flesta nummerspel, \u00e4r baserade p\u00e5 slumpm\u00e4ssighet. Du har f\u00f6rmodligen h\u00f6rt att n\u00e5gon har uppt\u00e4ckt ett system f\u00f6r Lotto-spelet eller n\u00e5got annat hasardspel. Trots bevis som tyder p\u00e5 att vissa siffror dras oftare \u00e4n andra, \u00e4r experterna \u00f6verens om att det inte finns n\u00e5got bevisat system. Detta \u00e4r Lotto-paradoxen. Alla har samma chanser h\u00e4r, s\u00e5 kanske just idag kommer din upps\u00e4ttning siffror att vinna. S\u00e5 l\u00e5t oss spela systematiskt, f\u00f6r \u00f6det kan le n\u00e4r som helst. V\u00e5ra nuvarande vinnare f\u00f6resl\u00e5r att regelbundenhet och konsekvent spel \u00e4r nycklarna till att vinna.<\/p>\n<hr \/>\n<h2 style=\"text-align: center;\"><span style=\"color: #00b3ff;\">Hos oss kan du spela 24\/7, 365 dagar om \u00e5ret.<\/span><\/h2>\n","protected":false},"excerpt":{"rendered":"<p>Kan jag spela lotterier som finns tillg\u00e4ngliga i andra l\u00e4nder? Ja, ja, ja! Svaret p\u00e5 den vanligaste fr\u00e5gan fr\u00e5n v\u00e5ra spelare \u00e4r ja &#8211; du kan spela v\u00e4rldens st\u00f6rsta lotterier oavsett vilket land du bor i. P\u00e5 Lottomat-webbplatsen \u00e4r de st\u00f6rsta lotterierna tillg\u00e4ngliga f\u00f6r dig utan att du beh\u00f6ver bes\u00f6ka n\u00e5got lotterikontor, inklusive det n\u00e4rmaste [&hellip;]<\/p>\n","protected":false},"author":1,"featured_media":0,"parent":0,"menu_order":1,"comment_status":"closed","ping_status":"closed","template":"lotto.php","meta":{"_et_pb_use_builder":"","_et_pb_old_content":"","_et_gb_content_width":"","exclude_from_search":false,"footnotes":""},"class_list":["post-6507","page","type-page","status-publish","hentry"],"yoast_head":"<!-- This site is optimized with the Yoast SEO plugin v23.8 - https:\/\/yoast.com\/wordpress\/plugins\/seo\/ -->\n<title>Lotto online - k\u00f6p lotter online - Lottomat.com<\/title>\n<meta name=\"description\" content=\"Lottomat erbjuder de st\u00f6rsta lotterierna i v\u00e4rlden med de b\u00e4sta jackpottarna. Spela online och vinn stort! K\u00f6p lotter och kontrollera resultaten.\" \/>\n<meta name=\"robots\" content=\"index, follow, max-snippet:-1, max-image-preview:large, max-video-preview:-1\" \/>\n<link rel=\"canonical\" href=\"https:\/\/lottomat.com\/sv\/\" \/>\n<meta property=\"og:locale\" content=\"sv_SE\" \/>\n<meta property=\"og:type\" content=\"article\" \/>\n<meta property=\"og:title\" content=\"Lotto online - k\u00f6p lotter online - Lottomat.com\" \/>\n<meta property=\"og:description\" content=\"Lottomat erbjuder de st\u00f6rsta lotterierna i v\u00e4rlden med de b\u00e4sta jackpottarna. Spela online och vinn stort! K\u00f6p lotter och kontrollera resultaten.\" \/>\n<meta property=\"og:url\" content=\"https:\/\/lottomat.com\/sv\/\" \/>\n<meta property=\"og:site_name\" content=\"Lottomat\" \/>\n<meta property=\"article:modified_time\" content=\"2026-02-13T11:27:31+00:00\" \/>\n<meta property=\"og:image\" content=\"https:\/\/lottomat.com\/wp-content\/uploads\/2025\/03\/play-lotteries-available-in-other-countries-300x300.png\" \/>\n<meta name=\"twitter:card\" content=\"summary_large_image\" \/>\n<meta name=\"twitter:label1\" content=\"Ber\u00e4knad l\u00e4stid\" \/>\n\t<meta name=\"twitter:data1\" content=\"4 minuter\" \/>\n<script type=\"application\/ld+json\" class=\"yoast-schema-graph\">{\"@context\":\"https:\/\/schema.org\",\"@graph\":[{\"@type\":\"WebPage\",\"@id\":\"https:\/\/lottomat.com\/sv\/\",\"url\":\"https:\/\/lottomat.com\/sv\/\",\"name\":\"Lotto online - k\u00f6p lotter online - Lottomat.com\",\"isPartOf\":{\"@id\":\"https:\/\/lottomat.com\/sv\/#website\"},\"primaryImageOfPage\":{\"@id\":\"https:\/\/lottomat.com\/sv\/#primaryimage\"},\"image\":{\"@id\":\"https:\/\/lottomat.com\/sv\/#primaryimage\"},\"thumbnailUrl\":\"https:\/\/lottomat.com\/wp-content\/uploads\/2025\/03\/play-lotteries-available-in-other-countries-300x300.png\",\"datePublished\":\"2025-03-26T07:12:15+00:00\",\"dateModified\":\"2026-02-13T11:27:31+00:00\",\"description\":\"Lottomat erbjuder de st\u00f6rsta lotterierna i v\u00e4rlden med de b\u00e4sta jackpottarna. Spela online och vinn stort! K\u00f6p lotter och kontrollera resultaten.\",\"breadcrumb\":{\"@id\":\"https:\/\/lottomat.com\/sv\/#breadcrumb\"},\"inLanguage\":\"sv-SE\",\"potentialAction\":[{\"@type\":\"ReadAction\",\"target\":[\"https:\/\/lottomat.com\/sv\/\"]}]},{\"@type\":\"ImageObject\",\"inLanguage\":\"sv-SE\",\"@id\":\"https:\/\/lottomat.com\/sv\/#primaryimage\",\"url\":\"https:\/\/lottomat.com\/wp-content\/uploads\/2025\/03\/play-lotteries-available-in-other-countries-300x300.png\",\"contentUrl\":\"https:\/\/lottomat.com\/wp-content\/uploads\/2025\/03\/play-lotteries-available-in-other-countries-300x300.png\"},{\"@type\":\"BreadcrumbList\",\"@id\":\"https:\/\/lottomat.com\/sv\/#breadcrumb\",\"itemListElement\":[{\"@type\":\"ListItem\",\"position\":1,\"name\":\"Home\",\"item\":\"https:\/\/lottomat.com\/sv\/\"},{\"@type\":\"ListItem\",\"position\":2,\"name\":\"Lottomat &#8211; v\u00e4rldens st\u00f6rsta lotterier p\u00e5 ett st\u00e4lle\"}]},{\"@type\":\"WebSite\",\"@id\":\"https:\/\/lottomat.com\/sv\/#website\",\"url\":\"https:\/\/lottomat.com\/sv\/\",\"name\":\"Lottomat\",\"description\":\"\",\"potentialAction\":[{\"@type\":\"SearchAction\",\"target\":{\"@type\":\"EntryPoint\",\"urlTemplate\":\"https:\/\/lottomat.com\/sv\/?s={search_term_string}\"},\"query-input\":{\"@type\":\"PropertyValueSpecification\",\"valueRequired\":true,\"valueName\":\"search_term_string\"}}],\"inLanguage\":\"sv-SE\"}]}<\/script>\n<!-- \/ Yoast SEO plugin. -->","yoast_head_json":{"title":"Lotto online - k\u00f6p lotter online - Lottomat.com","description":"Lottomat erbjuder de st\u00f6rsta lotterierna i v\u00e4rlden med de b\u00e4sta jackpottarna. Spela online och vinn stort! K\u00f6p lotter och kontrollera resultaten.","robots":{"index":"index","follow":"follow","max-snippet":"max-snippet:-1","max-image-preview":"max-image-preview:large","max-video-preview":"max-video-preview:-1"},"canonical":"https:\/\/lottomat.com\/sv\/","og_locale":"sv_SE","og_type":"article","og_title":"Lotto online - k\u00f6p lotter online - Lottomat.com","og_description":"Lottomat erbjuder de st\u00f6rsta lotterierna i v\u00e4rlden med de b\u00e4sta jackpottarna. Spela online och vinn stort! K\u00f6p lotter och kontrollera resultaten.","og_url":"https:\/\/lottomat.com\/sv\/","og_site_name":"Lottomat","article_modified_time":"2026-02-13T11:27:31+00:00","og_image":[{"url":"https:\/\/lottomat.com\/wp-content\/uploads\/2025\/03\/play-lotteries-available-in-other-countries-300x300.png"}],"twitter_card":"summary_large_image","twitter_misc":{"Ber\u00e4knad l\u00e4stid":"4 minuter"},"schema":{"@context":"https:\/\/schema.org","@graph":[{"@type":"WebPage","@id":"https:\/\/lottomat.com\/sv\/","url":"https:\/\/lottomat.com\/sv\/","name":"Lotto online - k\u00f6p lotter online - Lottomat.com","isPartOf":{"@id":"https:\/\/lottomat.com\/sv\/#website"},"primaryImageOfPage":{"@id":"https:\/\/lottomat.com\/sv\/#primaryimage"},"image":{"@id":"https:\/\/lottomat.com\/sv\/#primaryimage"},"thumbnailUrl":"https:\/\/lottomat.com\/wp-content\/uploads\/2025\/03\/play-lotteries-available-in-other-countries-300x300.png","datePublished":"2025-03-26T07:12:15+00:00","dateModified":"2026-02-13T11:27:31+00:00","description":"Lottomat erbjuder de st\u00f6rsta lotterierna i v\u00e4rlden med de b\u00e4sta jackpottarna. Spela online och vinn stort! K\u00f6p lotter och kontrollera resultaten.","breadcrumb":{"@id":"https:\/\/lottomat.com\/sv\/#breadcrumb"},"inLanguage":"sv-SE","potentialAction":[{"@type":"ReadAction","target":["https:\/\/lottomat.com\/sv\/"]}]},{"@type":"ImageObject","inLanguage":"sv-SE","@id":"https:\/\/lottomat.com\/sv\/#primaryimage","url":"https:\/\/lottomat.com\/wp-content\/uploads\/2025\/03\/play-lotteries-available-in-other-countries-300x300.png","contentUrl":"https:\/\/lottomat.com\/wp-content\/uploads\/2025\/03\/play-lotteries-available-in-other-countries-300x300.png"},{"@type":"BreadcrumbList","@id":"https:\/\/lottomat.com\/sv\/#breadcrumb","itemListElement":[{"@type":"ListItem","position":1,"name":"Home","item":"https:\/\/lottomat.com\/sv\/"},{"@type":"ListItem","position":2,"name":"Lottomat &#8211; v\u00e4rldens st\u00f6rsta lotterier p\u00e5 ett st\u00e4lle"}]},{"@type":"WebSite","@id":"https:\/\/lottomat.com\/sv\/#website","url":"https:\/\/lottomat.com\/sv\/","name":"Lottomat","description":"","potentialAction":[{"@type":"SearchAction","target":{"@type":"EntryPoint","urlTemplate":"https:\/\/lottomat.com\/sv\/?s={search_term_string}"},"query-input":{"@type":"PropertyValueSpecification","valueRequired":true,"valueName":"search_term_string"}}],"inLanguage":"sv-SE"}]}},"_links":{"self":[{"href":"https:\/\/lottomat.com\/sv\/wp-json\/wp\/v2\/pages\/6507","targetHints":{"allow":["GET"]}}],"collection":[{"href":"https:\/\/lottomat.com\/sv\/wp-json\/wp\/v2\/pages"}],"about":[{"href":"https:\/\/lottomat.com\/sv\/wp-json\/wp\/v2\/types\/page"}],"author":[{"embeddable":true,"href":"https:\/\/lottomat.com\/sv\/wp-json\/wp\/v2\/users\/1"}],"replies":[{"embeddable":true,"href":"https:\/\/lottomat.com\/sv\/wp-json\/wp\/v2\/comments?post=6507"}],"version-history":[{"count":2,"href":"https:\/\/lottomat.com\/sv\/wp-json\/wp\/v2\/pages\/6507\/revisions"}],"predecessor-version":[{"id":270981,"href":"https:\/\/lottomat.com\/sv\/wp-json\/wp\/v2\/pages\/6507\/revisions\/270981"}],"wp:attachment":[{"href":"https:\/\/lottomat.com\/sv\/wp-json\/wp\/v2\/media?parent=6507"}],"curies":[{"name":"wp","href":"https:\/\/api.w.org\/{rel}","templated":true}]}}