{"id":273133,"date":"2025-05-18T16:33:53","date_gmt":"2025-05-18T16:33:53","guid":{"rendered":"https:\/\/lottomat.com\/?page_id=273133"},"modified":"2026-03-10T14:23:41","modified_gmt":"2026-03-10T14:23:41","slug":"euromillions-austria-regler-priser-jackpott","status":"publish","type":"page","link":"https:\/\/lottomat.com\/sv\/lotteri\/euromillions-austria-regler-priser-jackpott\/","title":{"rendered":"Euromillions Austria Regler: Priser &#038; Jackpott"},"content":{"rendered":"\n\n<div class=\"kk-star-ratings kksr-auto kksr-align-left kksr-valign-top\"\n    data-payload='{&quot;align&quot;:&quot;left&quot;,&quot;id&quot;:&quot;273133&quot;,&quot;slug&quot;:&quot;default&quot;,&quot;valign&quot;:&quot;top&quot;,&quot;ignore&quot;:&quot;&quot;,&quot;reference&quot;:&quot;auto&quot;,&quot;class&quot;:&quot;&quot;,&quot;count&quot;:&quot;0&quot;,&quot;legendonly&quot;:&quot;&quot;,&quot;readonly&quot;:&quot;&quot;,&quot;score&quot;:&quot;0&quot;,&quot;starsonly&quot;:&quot;&quot;,&quot;best&quot;:&quot;5&quot;,&quot;gap&quot;:&quot;5&quot;,&quot;greet&quot;:&quot;Rate this page&quot;,&quot;legend&quot;:&quot;0\\\/5 - (0 votes)&quot;,&quot;size&quot;:&quot;30&quot;,&quot;title&quot;:&quot;Euromillions Austria Regler: Priser \\u0026amp; Jackpott&quot;,&quot;width&quot;:&quot;0&quot;,&quot;_legend&quot;:&quot;{score}\\\/{best} - ({count} {votes})&quot;,&quot;font_factor&quot;:&quot;1.25&quot;}'>\n            \n<div class=\"kksr-stars\">\n    \n<div class=\"kksr-stars-inactive\">\n            <div class=\"kksr-star\" data-star=\"1\" style=\"padding-right: 5px\">\n            \n\n<div class=\"kksr-icon\" style=\"width: 30px; height: 30px;\"><\/div>\n        <\/div>\n            <div class=\"kksr-star\" data-star=\"2\" style=\"padding-right: 5px\">\n            \n\n<div class=\"kksr-icon\" style=\"width: 30px; height: 30px;\"><\/div>\n        <\/div>\n            <div class=\"kksr-star\" data-star=\"3\" style=\"padding-right: 5px\">\n            \n\n<div class=\"kksr-icon\" style=\"width: 30px; height: 30px;\"><\/div>\n        <\/div>\n            <div class=\"kksr-star\" data-star=\"4\" style=\"padding-right: 5px\">\n            \n\n<div class=\"kksr-icon\" style=\"width: 30px; height: 30px;\"><\/div>\n        <\/div>\n            <div class=\"kksr-star\" data-star=\"5\" style=\"padding-right: 5px\">\n            \n\n<div class=\"kksr-icon\" style=\"width: 30px; height: 30px;\"><\/div>\n        <\/div>\n    <\/div>\n    \n<div class=\"kksr-stars-active\" style=\"width: 0px;\">\n            <div class=\"kksr-star\" style=\"padding-right: 5px\">\n            \n\n<div class=\"kksr-icon\" style=\"width: 30px; height: 30px;\"><\/div>\n        <\/div>\n            <div class=\"kksr-star\" style=\"padding-right: 5px\">\n            \n\n<div class=\"kksr-icon\" style=\"width: 30px; height: 30px;\"><\/div>\n        <\/div>\n            <div class=\"kksr-star\" style=\"padding-right: 5px\">\n            \n\n<div class=\"kksr-icon\" style=\"width: 30px; height: 30px;\"><\/div>\n        <\/div>\n            <div class=\"kksr-star\" style=\"padding-right: 5px\">\n            \n\n<div class=\"kksr-icon\" style=\"width: 30px; height: 30px;\"><\/div>\n        <\/div>\n            <div class=\"kksr-star\" style=\"padding-right: 5px\">\n            \n\n<div class=\"kksr-icon\" style=\"width: 30px; height: 30px;\"><\/div>\n        <\/div>\n    <\/div>\n<\/div>\n                \n\n<div class=\"kksr-legend\" style=\"font-size: 24px;\">\n            <span class=\"kksr-muted\">Rate this page<\/span>\n    <\/div>\n    <\/div>\n<h2>Upplev sp\u00e4nningen med EuroMillions Austria \u2013 Din v\u00e4g till livsf\u00f6r\u00e4ndrande vinster!<\/h2>\n<p><img loading=\"lazy\" decoding=\"async\" class=\"alignleft wp-image-268187\" src=\"https:\/\/lottomat.com\/wp-content\/uploads\/2026\/01\/Austrian-EuroMillions-prizes.webp\" alt=\"\u00d6sterrikiska EuroMillions-priser\" width=\"200\" height=\"200\" srcset=\"https:\/\/lottomat.com\/wp-content\/uploads\/2026\/01\/Austrian-EuroMillions-prizes.webp 400w, https:\/\/lottomat.com\/wp-content\/uploads\/2026\/01\/Austrian-EuroMillions-prizes-300x300.webp 300w, https:\/\/lottomat.com\/wp-content\/uploads\/2026\/01\/Austrian-EuroMillions-prizes-150x150.webp 150w, https:\/\/lottomat.com\/wp-content\/uploads\/2026\/01\/Austrian-EuroMillions-prizes-100x100.webp 100w\" sizes=\"auto, (max-width: 200px) 100vw, 200px\" \/>F\u00f6rest\u00e4ll dig att vakna upp imorgon och inse att dina dr\u00f6mmar \u00e4ntligen kan bli verklighet \u2013 ett lyxigt hem, exotiska semestrar, ekonomisk trygghet f\u00f6r dina n\u00e4ra och k\u00e4ra, och friheten att leva livet p\u00e5 dina egna villkor. Med EuroMillions Austria, officiellt k\u00e4nt som EuroMillions EU, kan den dr\u00f6mmen bli din verklighet! Som ett av Europas mest popul\u00e4ra och sp\u00e4nnande lotterier erbjuder EuroMillions Austria dig den unika chansen att vinna h\u00e4pnadsv\u00e4ckande jackpottar och vara en del av en upprymd, livsf\u00f6r\u00e4ndrande upplevelse. L\u00e5t oss g\u00e5 igenom allt du beh\u00f6ver veta om detta fantastiska lotteri och vad som skiljer det fr\u00e5n sin brittiska motsvarighet. L\u00e4s mer om reglerna f\u00f6r EuroMillions Austria och sedan&#8230; <a href=\"https:\/\/lottomat.com\/sv\/spela\/euromillions-eu-online-euromillions-austria-biljetter\/\">spela EuroMillions Austria online<\/a> p\u00e5 Lottomat!<\/p>\n<h2>Vad \u00e4r EuroMillions Austria (EuroMillions EU)?<\/h2>\n<p>EuroMillions Austria \u00e4r \u00d6sterrikes deltagande i det ber\u00f6mda EuroMillions-lotteriet, ett transnationellt europeiskt lotteri som samlar spelare fr\u00e5n \u00d6sterrike, Spanien, Frankrike, Belgien, Irland, Luxemburg, Portugal och Schweiz. Sedan starten 2004 har EuroMillions snabbt blivit en sensation runt om p\u00e5 kontinenten, tack vare sina enorma jackpottar och sitt enkla och engagerande speluppl\u00e4gg.<\/p>\n<p>F\u00f6r att spela EuroMillions Austria v\u00e4ljer deltagarna fem huvudnummer fr\u00e5n 1 till 50 och tv\u00e5 Lucky Star-nummer fr\u00e5n 1 till 12. Dragningarna \u00e4ger rum varje tisdag och fredag kv\u00e4ll i Paris, och sp\u00e4nningen \u00e4r p\u00e5taglig n\u00e4r miljontals europ\u00e9er h\u00e5ller andan i hoppet om att se sina nummer dras upp!<\/p>\n<h2>Hur fungerar EuroMillions Austria? EuroMillions Austrias regler<img loading=\"lazy\" decoding=\"async\" class=\"alignright wp-image-268217\" src=\"https:\/\/lottomat.com\/wp-content\/uploads\/2026\/01\/Austrian-EuroMillions-rules.webp\" alt=\"\u00d6sterrikiska EuroMillions-regler\" width=\"200\" height=\"200\" srcset=\"https:\/\/lottomat.com\/wp-content\/uploads\/2026\/01\/Austrian-EuroMillions-rules.webp 400w, https:\/\/lottomat.com\/wp-content\/uploads\/2026\/01\/Austrian-EuroMillions-rules-300x300.webp 300w, https:\/\/lottomat.com\/wp-content\/uploads\/2026\/01\/Austrian-EuroMillions-rules-150x150.webp 150w, https:\/\/lottomat.com\/wp-content\/uploads\/2026\/01\/Austrian-EuroMillions-rules-100x100.webp 100w\" sizes=\"auto, (max-width: 200px) 100vw, 200px\" \/><\/h2>\n<p>Det \u00e4r enkelt att komma ig\u00e5ng och tillg\u00e4ngligt f\u00f6r alla. <a href=\"https:\/\/lottomat.com\/sv\/spela\/\">Du kan k\u00f6pa dina lottobiljetter<\/a> hos auktoriserade \u00e5terf\u00f6rs\u00e4ljare runt om i \u00d6sterrike eller spela online hemifr\u00e5n i lugn och ro. Minsta jackpott b\u00f6rjar p\u00e5 svindlande 17 miljoner euro, men med \u00f6vert\u00e4ckningar kan den skjuta upp till otroliga 240 miljoner euro! Det finns 13 olika prisklasser, vilket inneb\u00e4r att du har flera chanser att vinna, \u00e4ven om du inte tr\u00e4ffar jackpotten.<\/p>\n<p>N\u00e4r du spelar EuroMillions Austria ansluter du dig inte bara till ett lotteri \u2013 du ansluter dig till en gemenskap av dr\u00f6mmare, alla med hoppet om det magiska \u00f6gonblicket n\u00e4r deras liv f\u00f6rvandlas f\u00f6r alltid. Oavsett om du vinner ett mindre pris eller kn\u00e4cker den rekordstora jackpotten b\u00e4r varje biljett med sig l\u00f6ftet om en ljusare morgondag.<\/p>\n<h2>EuroMillions Austria vs EuroMillions UK \u2013 De viktigaste skillnaderna<\/h2>\n<p><img loading=\"lazy\" decoding=\"async\" class=\"alignleft wp-image-268247\" src=\"https:\/\/lottomat.com\/wp-content\/uploads\/2026\/01\/EuroMillions-Austria-jackpot.webp\" alt=\"EuroMillions Austria jackpott\" width=\"200\" height=\"200\" srcset=\"https:\/\/lottomat.com\/wp-content\/uploads\/2026\/01\/EuroMillions-Austria-jackpot.webp 400w, https:\/\/lottomat.com\/wp-content\/uploads\/2026\/01\/EuroMillions-Austria-jackpot-300x300.webp 300w, https:\/\/lottomat.com\/wp-content\/uploads\/2026\/01\/EuroMillions-Austria-jackpot-150x150.webp 150w, https:\/\/lottomat.com\/wp-content\/uploads\/2026\/01\/EuroMillions-Austria-jackpot-100x100.webp 100w\" sizes=\"auto, (max-width: 200px) 100vw, 200px\" \/>\u00c4ven om b\u00e5de \u00d6sterrike och Storbritannien deltar i EuroMillions finns det n\u00e5gra viktiga skillnader att k\u00e4nna till:<\/p>\n<ol>\n<li><strong>Biljettpris<\/strong>: I \u00d6sterrike \u00e4r priset f\u00f6r en enskild <a href=\"https:\/\/lottomat.com\/sv\/spela\/euromillions-eu-online-euromillions-austria-biljetter\/\">EuroMillions Austria-biljett<\/a> angivet i euro. I Storbritannien ber\u00e4knas biljettpriset i pund sterling och \u00e4r n\u00e5got h\u00f6gre \u00e4n i \u00d6sterrike, eftersom det inkluderar deltagande i spelet UK Millionaire Maker, som garanterar minst en brittisk miljon\u00e4r i varje dragning.<\/li>\n<li><strong>Valuta och priser<\/strong>: EuroMillions Austrias priser betalas ut i euro, medan brittiska spelare f\u00e5r sina vinster i pund sterling. V\u00e4rdet p\u00e5 sekund\u00e4rpriser kan variera n\u00e5got beroende p\u00e5 v\u00e4xelkursen.<\/li>\n<li><strong>Till\u00e4ggsspel<\/strong>: \u00d6sterrikiska spelare kan delta i &#8221;\u00d6sterreich Bonus&#8221; \u2013 en exklusiv till\u00e4ggsdragning som ger dig \u00e4nnu fler chanser att vinna. Storbritanniens motsvarighet \u00e4r Millionaire Maker, som automatiskt ing\u00e5r i varje biljett.<\/li>\n<li><strong>Beskattning<\/strong>: I \u00d6sterrike \u00e4r lotterivinster skattefria, vilket inneb\u00e4r att du f\u00e5r beh\u00e5lla varenda cent av ditt pris! I Storbritannien \u00e4r lotterivinster ocks\u00e5 f\u00f6r n\u00e4rvarande skattefria, men kontrollera alltid de senaste best\u00e4mmelserna.<\/li>\n<\/ol>\n<h2>Varf\u00f6r spela EuroMillions Austria? Magin med livsf\u00f6r\u00e4ndrande vinster<\/h2>\n<p>EuroMillions Austria handlar inte bara om stora pengar \u2013 det handlar om hopp, sp\u00e4nning och k\u00e4nslan av att allt \u00e4r m\u00f6jligt. Varje dragning \u00e4r ett nytt tillf\u00e4lle att v\u00e4nda upp och ned p\u00e5 ditt liv, unna din familj n\u00e5got extra, st\u00f6dja v\u00e4lg\u00f6renhet eller ge sig ut p\u00e5 de stora \u00e4ventyr du alltid dr\u00f6mt om. Ber\u00e4ttelserna om vanliga m\u00e4nniskor som blir miljon\u00e4rer \u00f6ver en natt \u00e4r verkliga och inspirerande \u2013 du kan vara n\u00e4ste man!<img loading=\"lazy\" decoding=\"async\" class=\"alignright wp-image-268278\" src=\"https:\/\/lottomat.com\/wp-content\/uploads\/2026\/01\/EuroMillions-Austria-rules.webp\" alt=\"EuroMillions Austria-regler\" width=\"200\" height=\"200\" srcset=\"https:\/\/lottomat.com\/wp-content\/uploads\/2026\/01\/EuroMillions-Austria-rules.webp 400w, https:\/\/lottomat.com\/wp-content\/uploads\/2026\/01\/EuroMillions-Austria-rules-300x300.webp 300w, https:\/\/lottomat.com\/wp-content\/uploads\/2026\/01\/EuroMillions-Austria-rules-150x150.webp 150w, https:\/\/lottomat.com\/wp-content\/uploads\/2026\/01\/EuroMillions-Austria-rules-100x100.webp 100w\" sizes=\"auto, (max-width: 200px) 100vw, 200px\" \/><\/p>\n<p>Vad v\u00e4ntar du p\u00e5? N\u00e4sta EuroMillions Austria-dragning kan vara din biljett till en framtid full av gl\u00e4dje, lyx och obegr\u00e4nsade m\u00f6jligheter. K\u00f6p din biljett, dr\u00f6mm stort och omfamna sp\u00e4nningen \u2013 f\u00f6r med EuroMillions Austria kan vad som helst h\u00e4nda!<\/p>\n<p><strong>H\u00e4ng med i sp\u00e4nningen idag \u2013 och l\u00e5t dina dr\u00f6mmar ta fart med EuroMillions Austria! Kontrollera <a href=\"https:\/\/lottomat.com\/sv\/resultaten\/euromillions-austria-resultat-euromillions-eu-vinnande-nummer\/\">vinnande nummer f\u00f6r EuroMillions Austria<\/a>.<\/strong><\/p>\n","protected":false},"excerpt":{"rendered":"<p>Upplev sp\u00e4nningen med EuroMillions Austria \u2013 Din v\u00e4g till livsf\u00f6r\u00e4ndrande vinster! F\u00f6rest\u00e4ll dig att vakna upp imorgon och inse att dina dr\u00f6mmar \u00e4ntligen kan bli verklighet \u2013 ett lyxigt hem, exotiska semestrar, ekonomisk trygghet f\u00f6r dina n\u00e4ra och k\u00e4ra, och friheten att leva livet p\u00e5 dina egna villkor. Med EuroMillions Austria, officiellt k\u00e4nt som EuroMillions [&hellip;]<\/p>\n","protected":false},"author":2,"featured_media":0,"parent":6990,"menu_order":0,"comment_status":"closed","ping_status":"closed","template":"euromillions-at-info.php","meta":{"_et_pb_use_builder":"","_et_pb_old_content":"","_et_gb_content_width":"","exclude_from_search":false,"footnotes":""},"class_list":["post-273133","page","type-page","status-publish","hentry"],"yoast_head":"<!-- This site is optimized with the Yoast SEO plugin v23.8 - https:\/\/yoast.com\/wordpress\/plugins\/seo\/ -->\n<title>Euromillions Austria Regler: Priser &amp; Jackpott \u2013 Lottomat<\/title>\n<meta name=\"description\" content=\"L\u00e4s mer om reglerna f\u00f6r EuroMillions Austria. H\u00e4r kan du kontrollera EuroMillions Austrias priser och jackpott. Kolla dina chanser.\" \/>\n<meta name=\"robots\" content=\"index, follow, max-snippet:-1, max-image-preview:large, max-video-preview:-1\" \/>\n<link rel=\"canonical\" href=\"https:\/\/lottomat.com\/sv\/lotteri\/euromillions-austria-regler-priser-jackpott\/\" \/>\n<meta property=\"og:locale\" content=\"sv_SE\" \/>\n<meta property=\"og:type\" content=\"article\" \/>\n<meta property=\"og:title\" content=\"Euromillions Austria Regler: Priser &amp; Jackpott \u2013 Lottomat\" \/>\n<meta property=\"og:description\" content=\"L\u00e4s mer om reglerna f\u00f6r EuroMillions Austria. H\u00e4r kan du kontrollera EuroMillions Austrias priser och jackpott. Kolla dina chanser.\" \/>\n<meta property=\"og:url\" content=\"https:\/\/lottomat.com\/sv\/lotteri\/euromillions-austria-regler-priser-jackpott\/\" \/>\n<meta property=\"og:site_name\" content=\"Lottomat\" \/>\n<meta property=\"article:modified_time\" content=\"2026-03-10T14:23:41+00:00\" \/>\n<meta property=\"og:image\" content=\"https:\/\/lottomat.com\/wp-content\/uploads\/2026\/01\/Austrian-EuroMillions-prizes.webp\" \/>\n\t<meta property=\"og:image:width\" content=\"400\" \/>\n\t<meta property=\"og:image:height\" content=\"400\" \/>\n\t<meta property=\"og:image:type\" content=\"image\/webp\" \/>\n<meta name=\"twitter:card\" content=\"summary_large_image\" \/>\n<meta name=\"twitter:label1\" content=\"Ber\u00e4knad l\u00e4stid\" \/>\n\t<meta name=\"twitter:data1\" content=\"4 minuter\" \/>\n<script type=\"application\/ld+json\" class=\"yoast-schema-graph\">{\"@context\":\"https:\/\/schema.org\",\"@graph\":[{\"@type\":\"WebPage\",\"@id\":\"https:\/\/lottomat.com\/sv\/lotteri\/euromillions-austria-regler-priser-jackpott\/\",\"url\":\"https:\/\/lottomat.com\/sv\/lotteri\/euromillions-austria-regler-priser-jackpott\/\",\"name\":\"Euromillions Austria Regler: Priser & Jackpott \u2013 Lottomat\",\"isPartOf\":{\"@id\":\"https:\/\/lottomat.com\/sv\/#website\"},\"primaryImageOfPage\":{\"@id\":\"https:\/\/lottomat.com\/sv\/lotteri\/euromillions-austria-regler-priser-jackpott\/#primaryimage\"},\"image\":{\"@id\":\"https:\/\/lottomat.com\/sv\/lotteri\/euromillions-austria-regler-priser-jackpott\/#primaryimage\"},\"thumbnailUrl\":\"https:\/\/lottomat.com\/wp-content\/uploads\/2026\/01\/Austrian-EuroMillions-prizes.webp\",\"datePublished\":\"2025-05-18T16:33:53+00:00\",\"dateModified\":\"2026-03-10T14:23:41+00:00\",\"description\":\"L\u00e4s mer om reglerna f\u00f6r EuroMillions Austria. H\u00e4r kan du kontrollera EuroMillions Austrias priser och jackpott. Kolla dina chanser.\",\"breadcrumb\":{\"@id\":\"https:\/\/lottomat.com\/sv\/lotteri\/euromillions-austria-regler-priser-jackpott\/#breadcrumb\"},\"inLanguage\":\"sv-SE\",\"potentialAction\":[{\"@type\":\"ReadAction\",\"target\":[\"https:\/\/lottomat.com\/sv\/lotteri\/euromillions-austria-regler-priser-jackpott\/\"]}]},{\"@type\":\"ImageObject\",\"inLanguage\":\"sv-SE\",\"@id\":\"https:\/\/lottomat.com\/sv\/lotteri\/euromillions-austria-regler-priser-jackpott\/#primaryimage\",\"url\":\"https:\/\/lottomat.com\/wp-content\/uploads\/2026\/01\/Austrian-EuroMillions-prizes.webp\",\"contentUrl\":\"https:\/\/lottomat.com\/wp-content\/uploads\/2026\/01\/Austrian-EuroMillions-prizes.webp\"},{\"@type\":\"BreadcrumbList\",\"@id\":\"https:\/\/lottomat.com\/sv\/lotteri\/euromillions-austria-regler-priser-jackpott\/#breadcrumb\",\"itemListElement\":[{\"@type\":\"ListItem\",\"position\":1,\"name\":\"Home\",\"item\":\"https:\/\/lottomat.com\/sv\/\"},{\"@type\":\"ListItem\",\"position\":2,\"name\":\"Lottoregler: Priser, Jackpot &#038; Odds\",\"item\":\"https:\/\/lottomat.com\/sv\/lotteri\/\"},{\"@type\":\"ListItem\",\"position\":3,\"name\":\"Euromillions Austria Regler: Priser &#038; Jackpott\"}]},{\"@type\":\"WebSite\",\"@id\":\"https:\/\/lottomat.com\/sv\/#website\",\"url\":\"https:\/\/lottomat.com\/sv\/\",\"name\":\"Lottomat\",\"description\":\"\",\"potentialAction\":[{\"@type\":\"SearchAction\",\"target\":{\"@type\":\"EntryPoint\",\"urlTemplate\":\"https:\/\/lottomat.com\/sv\/?s={search_term_string}\"},\"query-input\":{\"@type\":\"PropertyValueSpecification\",\"valueRequired\":true,\"valueName\":\"search_term_string\"}}],\"inLanguage\":\"sv-SE\"}]}<\/script>\n<!-- \/ Yoast SEO plugin. -->","yoast_head_json":{"title":"Euromillions Austria Regler: Priser & Jackpott \u2013 Lottomat","description":"L\u00e4s mer om reglerna f\u00f6r EuroMillions Austria. H\u00e4r kan du kontrollera EuroMillions Austrias priser och jackpott. Kolla dina chanser.","robots":{"index":"index","follow":"follow","max-snippet":"max-snippet:-1","max-image-preview":"max-image-preview:large","max-video-preview":"max-video-preview:-1"},"canonical":"https:\/\/lottomat.com\/sv\/lotteri\/euromillions-austria-regler-priser-jackpott\/","og_locale":"sv_SE","og_type":"article","og_title":"Euromillions Austria Regler: Priser & Jackpott \u2013 Lottomat","og_description":"L\u00e4s mer om reglerna f\u00f6r EuroMillions Austria. H\u00e4r kan du kontrollera EuroMillions Austrias priser och jackpott. Kolla dina chanser.","og_url":"https:\/\/lottomat.com\/sv\/lotteri\/euromillions-austria-regler-priser-jackpott\/","og_site_name":"Lottomat","article_modified_time":"2026-03-10T14:23:41+00:00","og_image":[{"width":400,"height":400,"url":"https:\/\/lottomat.com\/wp-content\/uploads\/2026\/01\/Austrian-EuroMillions-prizes.webp","type":"image\/webp"}],"twitter_card":"summary_large_image","twitter_misc":{"Ber\u00e4knad l\u00e4stid":"4 minuter"},"schema":{"@context":"https:\/\/schema.org","@graph":[{"@type":"WebPage","@id":"https:\/\/lottomat.com\/sv\/lotteri\/euromillions-austria-regler-priser-jackpott\/","url":"https:\/\/lottomat.com\/sv\/lotteri\/euromillions-austria-regler-priser-jackpott\/","name":"Euromillions Austria Regler: Priser & Jackpott \u2013 Lottomat","isPartOf":{"@id":"https:\/\/lottomat.com\/sv\/#website"},"primaryImageOfPage":{"@id":"https:\/\/lottomat.com\/sv\/lotteri\/euromillions-austria-regler-priser-jackpott\/#primaryimage"},"image":{"@id":"https:\/\/lottomat.com\/sv\/lotteri\/euromillions-austria-regler-priser-jackpott\/#primaryimage"},"thumbnailUrl":"https:\/\/lottomat.com\/wp-content\/uploads\/2026\/01\/Austrian-EuroMillions-prizes.webp","datePublished":"2025-05-18T16:33:53+00:00","dateModified":"2026-03-10T14:23:41+00:00","description":"L\u00e4s mer om reglerna f\u00f6r EuroMillions Austria. H\u00e4r kan du kontrollera EuroMillions Austrias priser och jackpott. Kolla dina chanser.","breadcrumb":{"@id":"https:\/\/lottomat.com\/sv\/lotteri\/euromillions-austria-regler-priser-jackpott\/#breadcrumb"},"inLanguage":"sv-SE","potentialAction":[{"@type":"ReadAction","target":["https:\/\/lottomat.com\/sv\/lotteri\/euromillions-austria-regler-priser-jackpott\/"]}]},{"@type":"ImageObject","inLanguage":"sv-SE","@id":"https:\/\/lottomat.com\/sv\/lotteri\/euromillions-austria-regler-priser-jackpott\/#primaryimage","url":"https:\/\/lottomat.com\/wp-content\/uploads\/2026\/01\/Austrian-EuroMillions-prizes.webp","contentUrl":"https:\/\/lottomat.com\/wp-content\/uploads\/2026\/01\/Austrian-EuroMillions-prizes.webp"},{"@type":"BreadcrumbList","@id":"https:\/\/lottomat.com\/sv\/lotteri\/euromillions-austria-regler-priser-jackpott\/#breadcrumb","itemListElement":[{"@type":"ListItem","position":1,"name":"Home","item":"https:\/\/lottomat.com\/sv\/"},{"@type":"ListItem","position":2,"name":"Lottoregler: Priser, Jackpot &#038; Odds","item":"https:\/\/lottomat.com\/sv\/lotteri\/"},{"@type":"ListItem","position":3,"name":"Euromillions Austria Regler: Priser &#038; Jackpott"}]},{"@type":"WebSite","@id":"https:\/\/lottomat.com\/sv\/#website","url":"https:\/\/lottomat.com\/sv\/","name":"Lottomat","description":"","potentialAction":[{"@type":"SearchAction","target":{"@type":"EntryPoint","urlTemplate":"https:\/\/lottomat.com\/sv\/?s={search_term_string}"},"query-input":{"@type":"PropertyValueSpecification","valueRequired":true,"valueName":"search_term_string"}}],"inLanguage":"sv-SE"}]}},"_links":{"self":[{"href":"https:\/\/lottomat.com\/sv\/wp-json\/wp\/v2\/pages\/273133","targetHints":{"allow":["GET"]}}],"collection":[{"href":"https:\/\/lottomat.com\/sv\/wp-json\/wp\/v2\/pages"}],"about":[{"href":"https:\/\/lottomat.com\/sv\/wp-json\/wp\/v2\/types\/page"}],"author":[{"embeddable":true,"href":"https:\/\/lottomat.com\/sv\/wp-json\/wp\/v2\/users\/2"}],"replies":[{"embeddable":true,"href":"https:\/\/lottomat.com\/sv\/wp-json\/wp\/v2\/comments?post=273133"}],"version-history":[{"count":2,"href":"https:\/\/lottomat.com\/sv\/wp-json\/wp\/v2\/pages\/273133\/revisions"}],"predecessor-version":[{"id":273135,"href":"https:\/\/lottomat.com\/sv\/wp-json\/wp\/v2\/pages\/273133\/revisions\/273135"}],"up":[{"embeddable":true,"href":"https:\/\/lottomat.com\/sv\/wp-json\/wp\/v2\/pages\/6990"}],"wp:attachment":[{"href":"https:\/\/lottomat.com\/sv\/wp-json\/wp\/v2\/media?parent=273133"}],"curies":[{"name":"wp","href":"https:\/\/api.w.org\/{rel}","templated":true}]}}