{"id":273130,"date":"2025-05-18T16:34:38","date_gmt":"2025-05-18T16:34:38","guid":{"rendered":"https:\/\/lottomat.com\/?page_id=273130"},"modified":"2026-03-10T14:20:47","modified_gmt":"2026-03-10T14:20:47","slug":"euromillions-austria-resultat-euromillions-eu-vinnande-nummer","status":"publish","type":"page","link":"https:\/\/lottomat.com\/sv\/resultaten\/euromillions-austria-resultat-euromillions-eu-vinnande-nummer\/","title":{"rendered":"Euromillions Austria Resultat &#8211; Euromillions EU Vinnande Nummer"},"content":{"rendered":"\n\n<div class=\"kk-star-ratings kksr-auto kksr-align-left kksr-valign-top\"\n    data-payload='{&quot;align&quot;:&quot;left&quot;,&quot;id&quot;:&quot;273130&quot;,&quot;slug&quot;:&quot;default&quot;,&quot;valign&quot;:&quot;top&quot;,&quot;ignore&quot;:&quot;&quot;,&quot;reference&quot;:&quot;auto&quot;,&quot;class&quot;:&quot;&quot;,&quot;count&quot;:&quot;0&quot;,&quot;legendonly&quot;:&quot;&quot;,&quot;readonly&quot;:&quot;&quot;,&quot;score&quot;:&quot;0&quot;,&quot;starsonly&quot;:&quot;&quot;,&quot;best&quot;:&quot;5&quot;,&quot;gap&quot;:&quot;5&quot;,&quot;greet&quot;:&quot;Rate this page&quot;,&quot;legend&quot;:&quot;0\\\/5 - (0 votes)&quot;,&quot;size&quot;:&quot;30&quot;,&quot;title&quot;:&quot;Euromillions Austria Resultat - Euromillions EU Vinnande Nummer&quot;,&quot;width&quot;:&quot;0&quot;,&quot;_legend&quot;:&quot;{score}\\\/{best} - ({count} {votes})&quot;,&quot;font_factor&quot;:&quot;1.25&quot;}'>\n            \n<div class=\"kksr-stars\">\n    \n<div class=\"kksr-stars-inactive\">\n            <div class=\"kksr-star\" data-star=\"1\" style=\"padding-right: 5px\">\n            \n\n<div class=\"kksr-icon\" style=\"width: 30px; height: 30px;\"><\/div>\n        <\/div>\n            <div class=\"kksr-star\" data-star=\"2\" style=\"padding-right: 5px\">\n            \n\n<div class=\"kksr-icon\" style=\"width: 30px; height: 30px;\"><\/div>\n        <\/div>\n            <div class=\"kksr-star\" data-star=\"3\" style=\"padding-right: 5px\">\n            \n\n<div class=\"kksr-icon\" style=\"width: 30px; height: 30px;\"><\/div>\n        <\/div>\n            <div class=\"kksr-star\" data-star=\"4\" style=\"padding-right: 5px\">\n            \n\n<div class=\"kksr-icon\" style=\"width: 30px; height: 30px;\"><\/div>\n        <\/div>\n            <div class=\"kksr-star\" data-star=\"5\" style=\"padding-right: 5px\">\n            \n\n<div class=\"kksr-icon\" style=\"width: 30px; height: 30px;\"><\/div>\n        <\/div>\n    <\/div>\n    \n<div class=\"kksr-stars-active\" style=\"width: 0px;\">\n            <div class=\"kksr-star\" style=\"padding-right: 5px\">\n            \n\n<div class=\"kksr-icon\" style=\"width: 30px; height: 30px;\"><\/div>\n        <\/div>\n            <div class=\"kksr-star\" style=\"padding-right: 5px\">\n            \n\n<div class=\"kksr-icon\" style=\"width: 30px; height: 30px;\"><\/div>\n        <\/div>\n            <div class=\"kksr-star\" style=\"padding-right: 5px\">\n            \n\n<div class=\"kksr-icon\" style=\"width: 30px; height: 30px;\"><\/div>\n        <\/div>\n            <div class=\"kksr-star\" style=\"padding-right: 5px\">\n            \n\n<div class=\"kksr-icon\" style=\"width: 30px; height: 30px;\"><\/div>\n        <\/div>\n            <div class=\"kksr-star\" style=\"padding-right: 5px\">\n            \n\n<div class=\"kksr-icon\" style=\"width: 30px; height: 30px;\"><\/div>\n        <\/div>\n    <\/div>\n<\/div>\n                \n\n<div class=\"kksr-legend\" style=\"font-size: 24px;\">\n            <span class=\"kksr-muted\">Rate this page<\/span>\n    <\/div>\n    <\/div>\n<h2>Upplev sp\u00e4nningen med EuroMillions Austria-resultaten<img loading=\"lazy\" decoding=\"async\" class=\"alignright wp-image-268309\" src=\"https:\/\/lottomat.com\/wp-content\/uploads\/2026\/01\/Austrian-EuroMillions-draw.webp\" alt=\"\u00d6sterrikisk EuroMillions-dragning\" width=\"200\" height=\"200\" srcset=\"https:\/\/lottomat.com\/wp-content\/uploads\/2026\/01\/Austrian-EuroMillions-draw.webp 400w, https:\/\/lottomat.com\/wp-content\/uploads\/2026\/01\/Austrian-EuroMillions-draw-300x300.webp 300w, https:\/\/lottomat.com\/wp-content\/uploads\/2026\/01\/Austrian-EuroMillions-draw-150x150.webp 150w, https:\/\/lottomat.com\/wp-content\/uploads\/2026\/01\/Austrian-EuroMillions-draw-100x100.webp 100w\" sizes=\"auto, (max-width: 200px) 100vw, 200px\" \/><\/h2>\n<p>Om du n\u00e5gonsin dr\u00f6mt om att f\u00f6r\u00e4ndra ditt liv \u00f6ver en natt \u00e4r EuroMillions Austria det lotteri som f\u00f6rvandlar dr\u00f6mmar till verklighet. Med sina sp\u00e4nnande dragningar, livsf\u00f6r\u00e4ndrande jackpottar och ber\u00e4ttelser om otroliga vinnare f\u00e5ngar EuroMillions Austria fantasin hos miljontals m\u00e4nniskor runt om i Europa varje vecka. Oavsett om du \u00e4r en van spelare eller bara funderar p\u00e5 att k\u00f6pa din f\u00f6rsta biljett kan det v\u00e4cka en k\u00e4nsla av sp\u00e4nning och hopp att l\u00e4sa om resultaten och m\u00f6jligheterna. L\u00e5t oss dyka in i EuroMillions Austrias v\u00e4rld av resultat, utforska de st\u00f6rsta vinsterna och se hur ofta lyckan ler mot glada spelare!<\/p>\n<h2>Rekordstora vinster: M\u00f6t de st\u00f6rsta EuroMillions Austria-vinnarna<\/h2>\n<p>N\u00e4r det g\u00e4ller h\u00e4pnadsv\u00e4ckande jackpottar har EuroMillions Austria verkligen skrivit historia. Lotteriet, som \u00e4r en del av det st\u00f6rre EuroMillions-konsortiet, erbjuder regelbundet priser som kan n\u00e5 extraordin\u00e4ra belopp och ibland \u00f6verstiga 100 miljoner euro. Under \u00e5ren har en rad remarkabla vinster skett i \u00d6sterrike och f\u00f6r alltid f\u00f6r\u00e4ndrat livet f\u00f6r dem som h\u00f6ll de lyckliga biljetterna.<img loading=\"lazy\" decoding=\"async\" class=\"alignleft wp-image-268340\" src=\"https:\/\/lottomat.com\/wp-content\/uploads\/2026\/01\/Austrian-EuroMillions-numbers.webp\" alt=\"\u00d6sterrikiska EuroMillions-nummer\" width=\"200\" height=\"200\" srcset=\"https:\/\/lottomat.com\/wp-content\/uploads\/2026\/01\/Austrian-EuroMillions-numbers.webp 400w, https:\/\/lottomat.com\/wp-content\/uploads\/2026\/01\/Austrian-EuroMillions-numbers-300x300.webp 300w, https:\/\/lottomat.com\/wp-content\/uploads\/2026\/01\/Austrian-EuroMillions-numbers-150x150.webp 150w, https:\/\/lottomat.com\/wp-content\/uploads\/2026\/01\/Austrian-EuroMillions-numbers-100x100.webp 100w\" sizes=\"auto, (max-width: 200px) 100vw, 200px\" \/><\/p>\n<p>En av de mest omtalade vinsterna i \u00d6sterrike \u00e4gde rum i augusti 2020, n\u00e4r en grupp kollegor fr\u00e5n Wien skopade \u00e5t sig otroliga 45 miljoner euro. Deras historia blev en sensation runt om i landet \u2013 v\u00e4nner och familj firade, och vinnarna kunde knappt tro sin lycka. Det var inte bara en seger f\u00f6r en enskild person, utan f\u00f6r ett helt g\u00e4ng vars liv f\u00f6r\u00e4ndrades gemensamt.<\/p>\n<p>Ett annat of\u00f6rgl\u00f6mligt \u00f6gonblick kom 2018, n\u00e4r en spelare fr\u00e5n Salzburg matchade alla fem huvudnummer och b\u00e5da Lucky Stars och s\u00e4krade sig en jackpott p\u00e5 30 miljoner euro. Vinnaren valde att f\u00f6rbli anonym, men lokala nyheter rapporterade om en v\u00e5g av uppst\u00e5ndelse i Salzburg, d\u00e4r staden sumlade av spekulationer och gl\u00e4dje inf\u00f6r nyheten.<\/p>\n<p>\u00c4ven om dessa tillh\u00f6r de st\u00f6rsta \u00e4r de l\u00e5ngt ifr\u00e5n de enda lyckober\u00e4ttelserna. Runt om i \u00d6sterrike, fr\u00e5n Graz till Innsbruck, har EuroMillions skapat nya miljon\u00e4rer \u2013 var och en med sin unika historia om hur en enda biljett f\u00f6r\u00e4ndrade allt.<\/p>\n<h2>Hur ofta sker vinster i EuroMillions Austria?<\/h2>\n<p>En av de mest sp\u00e4nnande aspekterna med EuroMillions Austria \u00e4r hur ofta <a href=\"https:\/\/lottomat.com\/sv\/lotteri\/euromillions\/\">livsf\u00f6r\u00e4ndrande EuroMillions Austria-priser<\/a> vinns. Med tv\u00e5 dragningar varje vecka \u2013 p\u00e5 tisdagar och fredagar \u2013 \u00e4r m\u00f6jligheterna att vinna gott om. Statistiken visar faktiskt att \u00f6sterrikiska spelare regelbundet tar hem stora priser, b\u00e5de p\u00e5 jackpottniv\u00e5 och i de sekund\u00e4ra prisklasserna.<\/p>\n<p>Oddsen f\u00f6r att vinna ett pris i EuroMillions \u00e4r uppmuntrande 1 p\u00e5 13, vilket inneb\u00e4r att n\u00e4stan varje dragning ger upphov till en ny v\u00e5g av vinnare. I \u00d6sterrike tar hundratusentals spelare emot priser varje \u00e5r, allt fr\u00e5n mindre kontantvinster till jackpottar p\u00e5 flera miljoner euro.<img loading=\"lazy\" decoding=\"async\" class=\"alignright wp-image-268370\" src=\"https:\/\/lottomat.com\/wp-content\/uploads\/2026\/01\/EuroMillions-Austria-draw.webp\" alt=\"EuroMillions Austria-dragning\" width=\"200\" height=\"200\" srcset=\"https:\/\/lottomat.com\/wp-content\/uploads\/2026\/01\/EuroMillions-Austria-draw.webp 400w, https:\/\/lottomat.com\/wp-content\/uploads\/2026\/01\/EuroMillions-Austria-draw-300x300.webp 300w, https:\/\/lottomat.com\/wp-content\/uploads\/2026\/01\/EuroMillions-Austria-draw-150x150.webp 150w, https:\/\/lottomat.com\/wp-content\/uploads\/2026\/01\/EuroMillions-Austria-draw-100x100.webp 100w\" sizes=\"auto, (max-width: 200px) 100vw, 200px\" \/><\/p>\n<p>\u00c4nnu mer sp\u00e4nnande \u00e4r att EuroMillions Austria ofta rullar \u00f6ver och h\u00f6jer jackpotten f\u00f6r varje dragning tills n\u00e5gon matchar alla nummer. Det kan leda till kraftiga \u00f6kningar i biljettf\u00f6rs\u00e4ljningen och en p\u00e5taglig k\u00e4nsla av f\u00f6rv\u00e4ntan runt om i landet n\u00e4r jackpotten kl\u00e4ttrar allt h\u00f6gre.<\/p>\n<p>Det \u00e4r inte heller bara enskilda spelare som vinner. Syndikaten \u2013 grupper av v\u00e4nner, familjemedlemmar eller kollegor \u2013 g\u00e5r regelbundet samman f\u00f6r att k\u00f6pa EuroMillions Austria-biljetter tillsammans, \u00f6kar sina chanser att vinna och delar i m\u00e5nga fall gl\u00e4djen av en stor utbetalning.<\/p>\n<h2>Gl\u00e4djen och m\u00f6jligheten med en EuroMillions-vinst<\/h2>\n<p>F\u00f6rest\u00e4ll dig att vakna upp och uppt\u00e4cka att du \u00e4r \u00d6sterrikes nyaste miljon\u00e4r. M\u00f6jligheterna \u00e4r o\u00e4ndliga: resa v\u00e4rlden runt, k\u00f6pa ditt dr\u00f6mhem, st\u00f6dja dina n\u00e4ra och k\u00e4ra, eller investera i ett hj\u00e4rteprojekt du alltid dr\u00f6mt om. F\u00f6r m\u00e5nga EuroMillions Austria-vinnare \u00e4r verkligheten efter en stor vinst \u00e4nnu b\u00e4ttre \u00e4n de f\u00f6rest\u00e4llt sig.<\/p>\n<p>Det finns otaliga ber\u00e4ttelser om vinnare som anv\u00e4nde sin nyf\u00f6rv\u00e4rvade f\u00f6rm\u00f6genhet f\u00f6r att g\u00f6ra skillnad \u2013 inte bara i sina egna liv, utan ocks\u00e5 i sina samh\u00e4llen. Vissa har donerat till lokala v\u00e4lg\u00f6renhetsorganisationer, startat f\u00f6retag som skapade arbetstillf\u00e4llen, eller f\u00f6rverkligat livsl\u00e5nga dr\u00f6mmar. Oavsett om det handlar om ett spontant \u00e4ventyr eller en noggrant planerad pension \u00e4r friheten som f\u00f6ljer med en EuroMillions-vinst verkligen enast\u00e5ende.<\/p>\n<p>Varje tisdag och fredag, n\u00e4r resultaten tillk\u00e4nnages, upplever tusentals \u00f6sterrikare en pigg k\u00e4nsla av f\u00f6rv\u00e4ntan. Att kontrollera sina nummer, f\u00f6rest\u00e4lla sig vad man skulle g\u00f6ra om man vann och dela sp\u00e4nningen med v\u00e4nner och familj \u2013 det \u00e4r allt en del av magin som g\u00f6r EuroMillions Austria s\u00e5 speciellt.<\/p>\n<h2>Att kontrollera EuroMillions Austria-resultaten: Ditt f\u00f6rsta steg mot ett nytt liv<\/h2>\n<p><img loading=\"lazy\" decoding=\"async\" class=\"alignleft wp-image-268401\" src=\"https:\/\/lottomat.com\/wp-content\/uploads\/2026\/01\/EuroMillions-Austria-results.webp\" alt=\"EuroMillions Austria-resultat\" width=\"200\" height=\"200\" srcset=\"https:\/\/lottomat.com\/wp-content\/uploads\/2026\/01\/EuroMillions-Austria-results.webp 400w, https:\/\/lottomat.com\/wp-content\/uploads\/2026\/01\/EuroMillions-Austria-results-300x300.webp 300w, https:\/\/lottomat.com\/wp-content\/uploads\/2026\/01\/EuroMillions-Austria-results-150x150.webp 150w, https:\/\/lottomat.com\/wp-content\/uploads\/2026\/01\/EuroMillions-Austria-results-100x100.webp 100w\" sizes=\"auto, (max-width: 200px) 100vw, 200px\" \/>Att h\u00e5lla sig uppdaterad med de senaste EuroMillions Austria-resultaten \u00e4r viktigt f\u00f6r varje spelare. <a href=\"https:\/\/lottomat.com\/sv\/resultaten\/\">De officiella lotteriresultaten<\/a> publiceras strax efter varje dragning, och att kontrollera dem har aldrig varit enklare \u2013 vare sig online, via officiella appar eller hos din lokala lotteri\u00e5terf\u00f6rs\u00e4ljare. N\u00e4r de vinnande numren avsl\u00f6jas bankar hj\u00e4rtat fortare och hoppet stiger, medan spelare runt om i \u00d6sterrike v\u00e4ntar p\u00e5 att se om de \u00e4r n\u00e4sta lyckliga vinnare.<\/p>\n<p>Om du har en vinnande biljett \u00e4r processen enkel. St\u00f6rre priser kan h\u00e4mtas ut vid Austrian Lotteries huvudkontor, med fullt st\u00f6d som v\u00e4gleder dig genom varje steg. \u00c4ven om du vinner ett mindre pris kan du h\u00e4mta ut din vinst hos auktoriserade \u00e5terf\u00f6rs\u00e4ljare, vilket g\u00f6r varje vinst tillg\u00e4nglig och trygg.<\/p>\n<p>Kom ih\u00e5g att varje EuroMillions Austria-dragning \u00f6ppnar f\u00f6r nya m\u00f6jligheter. \u00c4ven om du inte vinner jackpotten finns det tolv olika prisklasser, vilket inneb\u00e4r att tusentals \u00f6sterrikare njuter av vinster \u2013 stora som sm\u00e5 \u2013 varje vecka.<\/p>\n<hr \/>\n<p>EuroMillions Austria \u00e4r mer \u00e4n bara ett spel \u2013 det \u00e4r en port till dr\u00f6mmar, sp\u00e4nning och chansen att uppleva livet p\u00e5 ett helt nytt s\u00e4tt. Med varje dragning skrivs nya ber\u00e4ttelser och nya vinnare tr\u00e4der fram i rampljuset. Kommer du att vara n\u00e4st p\u00e5 tur att ansluta dig till deras skara? <a href=\"https:\/\/lottomat.com\/sv\/spela\/euromillions-eu-online-euromillions-austria-biljetter\/\">Spela EuroMillions Austria online<\/a>, kontrollera de senaste EuroMillions Austria-resultaten och v\u00e5ga dr\u00f6mma stort!<\/p>\n","protected":false},"excerpt":{"rendered":"<p>Upplev sp\u00e4nningen med EuroMillions Austria-resultaten Om du n\u00e5gonsin dr\u00f6mt om att f\u00f6r\u00e4ndra ditt liv \u00f6ver en natt \u00e4r EuroMillions Austria det lotteri som f\u00f6rvandlar dr\u00f6mmar till verklighet. Med sina sp\u00e4nnande dragningar, livsf\u00f6r\u00e4ndrande jackpottar och ber\u00e4ttelser om otroliga vinnare f\u00e5ngar EuroMillions Austria fantasin hos miljontals m\u00e4nniskor runt om i Europa varje vecka. Oavsett om du \u00e4r [&hellip;]<\/p>\n","protected":false},"author":2,"featured_media":0,"parent":7629,"menu_order":0,"comment_status":"closed","ping_status":"closed","template":"euromillions-results.php","meta":{"_et_pb_use_builder":"","_et_pb_old_content":"","_et_gb_content_width":"","exclude_from_search":false,"footnotes":""},"class_list":["post-273130","page","type-page","status-publish","hentry"],"yoast_head":"<!-- This site is optimized with the Yoast SEO plugin v23.8 - https:\/\/yoast.com\/wordpress\/plugins\/seo\/ -->\n<title>EuroMillions Austria Resultat &amp; Vinnande Nummer \u2013 Lottomat<\/title>\n<meta name=\"description\" content=\"Kontrollera de senaste EuroMillions Austria-resultaten och vinnande numren. L\u00e4s mer om de officiella dragningsresultaten. Se om du har vunnit detta lotteri!\" \/>\n<meta name=\"robots\" content=\"index, follow, max-snippet:-1, max-image-preview:large, max-video-preview:-1\" \/>\n<link rel=\"canonical\" href=\"https:\/\/lottomat.com\/sv\/resultaten\/euromillions-austria-resultat-euromillions-eu-vinnande-nummer\/\" \/>\n<meta property=\"og:locale\" content=\"sv_SE\" \/>\n<meta property=\"og:type\" content=\"article\" \/>\n<meta property=\"og:title\" content=\"EuroMillions Austria Resultat &amp; Vinnande Nummer \u2013 Lottomat\" \/>\n<meta property=\"og:description\" content=\"Kontrollera de senaste EuroMillions Austria-resultaten och vinnande numren. L\u00e4s mer om de officiella dragningsresultaten. Se om du har vunnit detta lotteri!\" \/>\n<meta property=\"og:url\" content=\"https:\/\/lottomat.com\/sv\/resultaten\/euromillions-austria-resultat-euromillions-eu-vinnande-nummer\/\" \/>\n<meta property=\"og:site_name\" content=\"Lottomat\" \/>\n<meta property=\"article:modified_time\" content=\"2026-03-10T14:20:47+00:00\" \/>\n<meta property=\"og:image\" content=\"https:\/\/lottomat.com\/wp-content\/uploads\/2026\/01\/Austrian-EuroMillions-draw.webp\" \/>\n\t<meta property=\"og:image:width\" content=\"400\" \/>\n\t<meta property=\"og:image:height\" content=\"400\" \/>\n\t<meta property=\"og:image:type\" content=\"image\/webp\" \/>\n<meta name=\"twitter:card\" content=\"summary_large_image\" \/>\n<meta name=\"twitter:label1\" content=\"Ber\u00e4knad l\u00e4stid\" \/>\n\t<meta name=\"twitter:data1\" content=\"5 minuter\" \/>\n<script type=\"application\/ld+json\" class=\"yoast-schema-graph\">{\"@context\":\"https:\/\/schema.org\",\"@graph\":[{\"@type\":\"WebPage\",\"@id\":\"https:\/\/lottomat.com\/sv\/resultaten\/euromillions-austria-resultat-euromillions-eu-vinnande-nummer\/\",\"url\":\"https:\/\/lottomat.com\/sv\/resultaten\/euromillions-austria-resultat-euromillions-eu-vinnande-nummer\/\",\"name\":\"EuroMillions Austria Resultat & Vinnande Nummer \u2013 Lottomat\",\"isPartOf\":{\"@id\":\"https:\/\/lottomat.com\/sv\/#website\"},\"primaryImageOfPage\":{\"@id\":\"https:\/\/lottomat.com\/sv\/resultaten\/euromillions-austria-resultat-euromillions-eu-vinnande-nummer\/#primaryimage\"},\"image\":{\"@id\":\"https:\/\/lottomat.com\/sv\/resultaten\/euromillions-austria-resultat-euromillions-eu-vinnande-nummer\/#primaryimage\"},\"thumbnailUrl\":\"https:\/\/lottomat.com\/wp-content\/uploads\/2026\/01\/Austrian-EuroMillions-draw.webp\",\"datePublished\":\"2025-05-18T16:34:38+00:00\",\"dateModified\":\"2026-03-10T14:20:47+00:00\",\"description\":\"Kontrollera de senaste EuroMillions Austria-resultaten och vinnande numren. L\u00e4s mer om de officiella dragningsresultaten. Se om du har vunnit detta lotteri!\",\"breadcrumb\":{\"@id\":\"https:\/\/lottomat.com\/sv\/resultaten\/euromillions-austria-resultat-euromillions-eu-vinnande-nummer\/#breadcrumb\"},\"inLanguage\":\"sv-SE\",\"potentialAction\":[{\"@type\":\"ReadAction\",\"target\":[\"https:\/\/lottomat.com\/sv\/resultaten\/euromillions-austria-resultat-euromillions-eu-vinnande-nummer\/\"]}]},{\"@type\":\"ImageObject\",\"inLanguage\":\"sv-SE\",\"@id\":\"https:\/\/lottomat.com\/sv\/resultaten\/euromillions-austria-resultat-euromillions-eu-vinnande-nummer\/#primaryimage\",\"url\":\"https:\/\/lottomat.com\/wp-content\/uploads\/2026\/01\/Austrian-EuroMillions-draw.webp\",\"contentUrl\":\"https:\/\/lottomat.com\/wp-content\/uploads\/2026\/01\/Austrian-EuroMillions-draw.webp\"},{\"@type\":\"BreadcrumbList\",\"@id\":\"https:\/\/lottomat.com\/sv\/resultaten\/euromillions-austria-resultat-euromillions-eu-vinnande-nummer\/#breadcrumb\",\"itemListElement\":[{\"@type\":\"ListItem\",\"position\":1,\"name\":\"Home\",\"item\":\"https:\/\/lottomat.com\/sv\/\"},{\"@type\":\"ListItem\",\"position\":2,\"name\":\"De Senaste Lotteriresultaten &#038; Vinnande Nummer\",\"item\":\"https:\/\/lottomat.com\/sv\/resultaten\/\"},{\"@type\":\"ListItem\",\"position\":3,\"name\":\"Euromillions Austria Resultat &#8211; Euromillions EU Vinnande Nummer\"}]},{\"@type\":\"WebSite\",\"@id\":\"https:\/\/lottomat.com\/sv\/#website\",\"url\":\"https:\/\/lottomat.com\/sv\/\",\"name\":\"Lottomat\",\"description\":\"\",\"potentialAction\":[{\"@type\":\"SearchAction\",\"target\":{\"@type\":\"EntryPoint\",\"urlTemplate\":\"https:\/\/lottomat.com\/sv\/?s={search_term_string}\"},\"query-input\":{\"@type\":\"PropertyValueSpecification\",\"valueRequired\":true,\"valueName\":\"search_term_string\"}}],\"inLanguage\":\"sv-SE\"}]}<\/script>\n<!-- \/ Yoast SEO plugin. -->","yoast_head_json":{"title":"EuroMillions Austria Resultat & Vinnande Nummer \u2013 Lottomat","description":"Kontrollera de senaste EuroMillions Austria-resultaten och vinnande numren. L\u00e4s mer om de officiella dragningsresultaten. Se om du har vunnit detta lotteri!","robots":{"index":"index","follow":"follow","max-snippet":"max-snippet:-1","max-image-preview":"max-image-preview:large","max-video-preview":"max-video-preview:-1"},"canonical":"https:\/\/lottomat.com\/sv\/resultaten\/euromillions-austria-resultat-euromillions-eu-vinnande-nummer\/","og_locale":"sv_SE","og_type":"article","og_title":"EuroMillions Austria Resultat & Vinnande Nummer \u2013 Lottomat","og_description":"Kontrollera de senaste EuroMillions Austria-resultaten och vinnande numren. L\u00e4s mer om de officiella dragningsresultaten. Se om du har vunnit detta lotteri!","og_url":"https:\/\/lottomat.com\/sv\/resultaten\/euromillions-austria-resultat-euromillions-eu-vinnande-nummer\/","og_site_name":"Lottomat","article_modified_time":"2026-03-10T14:20:47+00:00","og_image":[{"width":400,"height":400,"url":"https:\/\/lottomat.com\/wp-content\/uploads\/2026\/01\/Austrian-EuroMillions-draw.webp","type":"image\/webp"}],"twitter_card":"summary_large_image","twitter_misc":{"Ber\u00e4knad l\u00e4stid":"5 minuter"},"schema":{"@context":"https:\/\/schema.org","@graph":[{"@type":"WebPage","@id":"https:\/\/lottomat.com\/sv\/resultaten\/euromillions-austria-resultat-euromillions-eu-vinnande-nummer\/","url":"https:\/\/lottomat.com\/sv\/resultaten\/euromillions-austria-resultat-euromillions-eu-vinnande-nummer\/","name":"EuroMillions Austria Resultat & Vinnande Nummer \u2013 Lottomat","isPartOf":{"@id":"https:\/\/lottomat.com\/sv\/#website"},"primaryImageOfPage":{"@id":"https:\/\/lottomat.com\/sv\/resultaten\/euromillions-austria-resultat-euromillions-eu-vinnande-nummer\/#primaryimage"},"image":{"@id":"https:\/\/lottomat.com\/sv\/resultaten\/euromillions-austria-resultat-euromillions-eu-vinnande-nummer\/#primaryimage"},"thumbnailUrl":"https:\/\/lottomat.com\/wp-content\/uploads\/2026\/01\/Austrian-EuroMillions-draw.webp","datePublished":"2025-05-18T16:34:38+00:00","dateModified":"2026-03-10T14:20:47+00:00","description":"Kontrollera de senaste EuroMillions Austria-resultaten och vinnande numren. L\u00e4s mer om de officiella dragningsresultaten. Se om du har vunnit detta lotteri!","breadcrumb":{"@id":"https:\/\/lottomat.com\/sv\/resultaten\/euromillions-austria-resultat-euromillions-eu-vinnande-nummer\/#breadcrumb"},"inLanguage":"sv-SE","potentialAction":[{"@type":"ReadAction","target":["https:\/\/lottomat.com\/sv\/resultaten\/euromillions-austria-resultat-euromillions-eu-vinnande-nummer\/"]}]},{"@type":"ImageObject","inLanguage":"sv-SE","@id":"https:\/\/lottomat.com\/sv\/resultaten\/euromillions-austria-resultat-euromillions-eu-vinnande-nummer\/#primaryimage","url":"https:\/\/lottomat.com\/wp-content\/uploads\/2026\/01\/Austrian-EuroMillions-draw.webp","contentUrl":"https:\/\/lottomat.com\/wp-content\/uploads\/2026\/01\/Austrian-EuroMillions-draw.webp"},{"@type":"BreadcrumbList","@id":"https:\/\/lottomat.com\/sv\/resultaten\/euromillions-austria-resultat-euromillions-eu-vinnande-nummer\/#breadcrumb","itemListElement":[{"@type":"ListItem","position":1,"name":"Home","item":"https:\/\/lottomat.com\/sv\/"},{"@type":"ListItem","position":2,"name":"De Senaste Lotteriresultaten &#038; Vinnande Nummer","item":"https:\/\/lottomat.com\/sv\/resultaten\/"},{"@type":"ListItem","position":3,"name":"Euromillions Austria Resultat &#8211; Euromillions EU Vinnande Nummer"}]},{"@type":"WebSite","@id":"https:\/\/lottomat.com\/sv\/#website","url":"https:\/\/lottomat.com\/sv\/","name":"Lottomat","description":"","potentialAction":[{"@type":"SearchAction","target":{"@type":"EntryPoint","urlTemplate":"https:\/\/lottomat.com\/sv\/?s={search_term_string}"},"query-input":{"@type":"PropertyValueSpecification","valueRequired":true,"valueName":"search_term_string"}}],"inLanguage":"sv-SE"}]}},"_links":{"self":[{"href":"https:\/\/lottomat.com\/sv\/wp-json\/wp\/v2\/pages\/273130","targetHints":{"allow":["GET"]}}],"collection":[{"href":"https:\/\/lottomat.com\/sv\/wp-json\/wp\/v2\/pages"}],"about":[{"href":"https:\/\/lottomat.com\/sv\/wp-json\/wp\/v2\/types\/page"}],"author":[{"embeddable":true,"href":"https:\/\/lottomat.com\/sv\/wp-json\/wp\/v2\/users\/2"}],"replies":[{"embeddable":true,"href":"https:\/\/lottomat.com\/sv\/wp-json\/wp\/v2\/comments?post=273130"}],"version-history":[{"count":2,"href":"https:\/\/lottomat.com\/sv\/wp-json\/wp\/v2\/pages\/273130\/revisions"}],"predecessor-version":[{"id":273132,"href":"https:\/\/lottomat.com\/sv\/wp-json\/wp\/v2\/pages\/273130\/revisions\/273132"}],"up":[{"embeddable":true,"href":"https:\/\/lottomat.com\/sv\/wp-json\/wp\/v2\/pages\/7629"}],"wp:attachment":[{"href":"https:\/\/lottomat.com\/sv\/wp-json\/wp\/v2\/media?parent=273130"}],"curies":[{"name":"wp","href":"https:\/\/api.w.org\/{rel}","templated":true}]}}