{"id":273127,"date":"2025-05-18T16:39:08","date_gmt":"2025-05-18T16:39:08","guid":{"rendered":"https:\/\/lottomat.com\/?page_id=273127"},"modified":"2026-03-10T14:16:23","modified_gmt":"2026-03-10T14:16:23","slug":"euromillions-eu-online-euromillions-austria-biljetter","status":"publish","type":"page","link":"https:\/\/lottomat.com\/sv\/spela\/euromillions-eu-online-euromillions-austria-biljetter\/","title":{"rendered":"Euromillions EU Online &#8211; Euromillions Austria Biljetter"},"content":{"rendered":"\n\n<div class=\"kk-star-ratings kksr-auto kksr-align-left kksr-valign-top\"\n    data-payload='{&quot;align&quot;:&quot;left&quot;,&quot;id&quot;:&quot;273127&quot;,&quot;slug&quot;:&quot;default&quot;,&quot;valign&quot;:&quot;top&quot;,&quot;ignore&quot;:&quot;&quot;,&quot;reference&quot;:&quot;auto&quot;,&quot;class&quot;:&quot;&quot;,&quot;count&quot;:&quot;0&quot;,&quot;legendonly&quot;:&quot;&quot;,&quot;readonly&quot;:&quot;&quot;,&quot;score&quot;:&quot;0&quot;,&quot;starsonly&quot;:&quot;&quot;,&quot;best&quot;:&quot;5&quot;,&quot;gap&quot;:&quot;5&quot;,&quot;greet&quot;:&quot;Rate this page&quot;,&quot;legend&quot;:&quot;0\\\/5 - (0 votes)&quot;,&quot;size&quot;:&quot;30&quot;,&quot;title&quot;:&quot;Euromillions EU Online - Euromillions Austria Biljetter&quot;,&quot;width&quot;:&quot;0&quot;,&quot;_legend&quot;:&quot;{score}\\\/{best} - ({count} {votes})&quot;,&quot;font_factor&quot;:&quot;1.25&quot;}'>\n            \n<div class=\"kksr-stars\">\n    \n<div class=\"kksr-stars-inactive\">\n            <div class=\"kksr-star\" data-star=\"1\" style=\"padding-right: 5px\">\n            \n\n<div class=\"kksr-icon\" style=\"width: 30px; height: 30px;\"><\/div>\n        <\/div>\n            <div class=\"kksr-star\" data-star=\"2\" style=\"padding-right: 5px\">\n            \n\n<div class=\"kksr-icon\" style=\"width: 30px; height: 30px;\"><\/div>\n        <\/div>\n            <div class=\"kksr-star\" data-star=\"3\" style=\"padding-right: 5px\">\n            \n\n<div class=\"kksr-icon\" style=\"width: 30px; height: 30px;\"><\/div>\n        <\/div>\n            <div class=\"kksr-star\" data-star=\"4\" style=\"padding-right: 5px\">\n            \n\n<div class=\"kksr-icon\" style=\"width: 30px; height: 30px;\"><\/div>\n        <\/div>\n            <div class=\"kksr-star\" data-star=\"5\" style=\"padding-right: 5px\">\n            \n\n<div class=\"kksr-icon\" style=\"width: 30px; height: 30px;\"><\/div>\n        <\/div>\n    <\/div>\n    \n<div class=\"kksr-stars-active\" style=\"width: 0px;\">\n            <div class=\"kksr-star\" style=\"padding-right: 5px\">\n            \n\n<div class=\"kksr-icon\" style=\"width: 30px; height: 30px;\"><\/div>\n        <\/div>\n            <div class=\"kksr-star\" style=\"padding-right: 5px\">\n            \n\n<div class=\"kksr-icon\" style=\"width: 30px; height: 30px;\"><\/div>\n        <\/div>\n            <div class=\"kksr-star\" style=\"padding-right: 5px\">\n            \n\n<div class=\"kksr-icon\" style=\"width: 30px; height: 30px;\"><\/div>\n        <\/div>\n            <div class=\"kksr-star\" style=\"padding-right: 5px\">\n            \n\n<div class=\"kksr-icon\" style=\"width: 30px; height: 30px;\"><\/div>\n        <\/div>\n            <div class=\"kksr-star\" style=\"padding-right: 5px\">\n            \n\n<div class=\"kksr-icon\" style=\"width: 30px; height: 30px;\"><\/div>\n        <\/div>\n    <\/div>\n<\/div>\n                \n\n<div class=\"kksr-legend\" style=\"font-size: 24px;\">\n            <span class=\"kksr-muted\">Rate this page<\/span>\n    <\/div>\n    <\/div>\n<h2>Upplev sp\u00e4nningen med Euromillions EU \u2013 Det \u00f6sterrikiska s\u00e4ttet att vinna stort<\/h2>\n<p><img loading=\"lazy\" decoding=\"async\" class=\"alignright wp-image-268063\" src=\"https:\/\/lottomat.com\/wp-content\/uploads\/2026\/01\/Austrian-EuroMillions.webp\" alt=\"\u00d6sterrikiska EuroMillions\" width=\"200\" height=\"200\" srcset=\"https:\/\/lottomat.com\/wp-content\/uploads\/2026\/01\/Austrian-EuroMillions.webp 400w, https:\/\/lottomat.com\/wp-content\/uploads\/2026\/01\/Austrian-EuroMillions-300x300.webp 300w, https:\/\/lottomat.com\/wp-content\/uploads\/2026\/01\/Austrian-EuroMillions-150x150.webp 150w, https:\/\/lottomat.com\/wp-content\/uploads\/2026\/01\/Austrian-EuroMillions-100x100.webp 100w\" sizes=\"auto, (max-width: 200px) 100vw, 200px\" \/><\/p>\n<p>F\u00f6rest\u00e4ll dig att vakna upp till ett liv d\u00e4r alla dina dr\u00f6mmar \u00e4r inom r\u00e4ckh\u00e5ll, d\u00e4r siffrorna du valde ig\u00e5r kv\u00e4ll har f\u00f6r\u00e4ndrat din framtid f\u00f6r alltid. Det \u00e4r den k\u00e4nslan som v\u00e4ntar varje deltagare i <strong>Euromillions EU<\/strong>, \u00e4ven k\u00e4nt som <strong>Euromillions Austria<\/strong>. Med jackpottar som f\u00e5ngar fantasin och miljontals spelares entusiasm \u00e4r detta lotteri din biljett till en v\u00e4rld av m\u00f6jligheter.<\/p>\n<p>Euromillions EU \u00e4r inte bara ett vanligt lotteri \u2013 det \u00e4r en upplevelse som f\u00f6renar spelare \u00f6ver hela kontinenten i det gemensamma hoppet om att sl\u00e5 till stort. Sp\u00e4nningen, surret p\u00e5 dragningskv\u00e4llen och chansen att kliva in i skaran av Europas st\u00f6rsta vinnare \u2013 allt b\u00f6rjar med en enda biljett.<\/p>\n<h2>Vad g\u00f6r Euromillions Austria unikt?<\/h2>\n<p>Om du k\u00e4nner till det globala fenomenet Euromillions kanske du undrar vad som skiljer EU-versionen \u2013 och s\u00e4rskilt Euromillions Austria \u2013 fr\u00e5n sin brittiska motsvarighet. Svaret ligger i detaljerna, och f\u00f6r lotteri\u00e4lskare spelar dessa detaljer stor roll.<\/p>\n<p><img loading=\"lazy\" decoding=\"async\" class=\"alignleft wp-image-268094\" src=\"https:\/\/lottomat.com\/wp-content\/uploads\/2026\/01\/EuroMillions-Austria-online.webp\" alt=\"EuroMillions Austria online\" width=\"200\" height=\"200\" srcset=\"https:\/\/lottomat.com\/wp-content\/uploads\/2026\/01\/EuroMillions-Austria-online.webp 400w, https:\/\/lottomat.com\/wp-content\/uploads\/2026\/01\/EuroMillions-Austria-online-300x300.webp 300w, https:\/\/lottomat.com\/wp-content\/uploads\/2026\/01\/EuroMillions-Austria-online-150x150.webp 150w, https:\/\/lottomat.com\/wp-content\/uploads\/2026\/01\/EuroMillions-Austria-online-100x100.webp 100w\" sizes=\"auto, (max-width: 200px) 100vw, 200px\" \/>Euromillions EU f\u00f6ljer <a href=\"https:\/\/lottomat.com\/sv\/lotteri\/euromillions\/\">det klassiska Euromillions-formatet<\/a>, men biljetter k\u00f6ps och vinster betalas ut enligt \u00f6sterrikiska regler och beskattning. Det inneb\u00e4r ofta olika utbetalningsstrukturer och ibland gynnsammare skattevillkor f\u00f6r vinnare, beroende p\u00e5 bos\u00e4ttningsland. Till skillnad fr\u00e5n den brittiska versionen, d\u00e4r biljetter k\u00f6ps i pund och lyder under brittiska lotteribest\u00e4mmelser, verkar Euromillions Austria i euro och f\u00f6ljer \u00f6sterrikisk spellagstiftning. Det kan g\u00f6ra skillnad inte bara i hur du spelar, utan ocks\u00e5 i hur mycket du faktiskt tar hem om du vinner.<\/p>\n<p>En annan m\u00e4rkbar skillnad \u00e4r de extra spel och utlottningar som ibland f\u00f6ljer med Euromillions UK-dragningarna, som till exempel UK Millionaire Maker. Dessa \u00e4r exklusiva f\u00f6r brittiska deltagare, men genom att spela via Euromillions EU \u00e4r du en del av en genuint paneuropeisk lotteriupplevelse och delar sp\u00e4nningen med spelare fr\u00e5n \u00d6sterrike, Spanien, Frankrike, Portugal, Belgien, Irland, Luxemburg och Schweiz. Gemenskapen och spelets storlek g\u00f6r varje dragning till ett verkligt internationellt evenemang.<\/p>\n<h2>Sp\u00e4nningens rytm \u2013 N\u00e4r sker dragningarna?<\/h2>\n<p>Euromillions EU h\u00e5ller sp\u00e4nningen vid liv med tv\u00e5 dragningar varje vecka, varje tisdag och fredag kv\u00e4ll. Denna regelbundna rytm inneb\u00e4r att chansen att f\u00f6r\u00e4ndra ditt liv aldrig \u00e4r l\u00e5ngt borta \u2013 bara n\u00e5gra dagar skiljer varje tillf\u00e4lle att bli Europas n\u00e4sta stora vinnare. F\u00f6rv\u00e4ntan byggs upp under veckan, och varje dragning \u00e4r en ny start, ett nytt skott mot lyckan som kan v\u00e4nta precis runt h\u00f6rnet.<\/p>\n<p>Det finns en s\u00e4rskild magi i vetskapen om att tv\u00e5 g\u00e5nger i veckan, n\u00e5gonstans i Europa, kommer n\u00e5gon att se sina nummer dras upp. Varf\u00f6r skulle det inte kunna vara du? Med s\u00e5 t\u00e4ta dragningar erbjuder Euromillions EU gott om tillf\u00e4llen att spela, dr\u00f6mma och vinna.<\/p>\n<h2>Varf\u00f6r spela Euromillions Austria? Gl\u00e4djen i att jaga stora dr\u00f6mmar<\/h2>\n<p>Den verkliga tjusningen med Euromillions EU ligger i de livsf\u00f6r\u00e4ndrande m\u00f6jligheterna det erbjuder. Jackpottarna n\u00e5r regelbundet svindlande h\u00f6jder och kan ibland stiga till \u00f6ver 200 miljoner euro. T\u00e4nk dig vad du skulle kunna g\u00f6ra med en s\u00e5dan vinst \u2013 vare sig det handlar om att resa v\u00e4rlden runt, k\u00f6pa ditt dr\u00f6mhem, trygga din familjs framtid eller st\u00f6dja de hj\u00e4rtefr\u00e5gor som betyder mest f\u00f6r dig. Horisonten vidgas och den enda gr\u00e4nsen \u00e4r din fantasi.<\/p>\n<p>Men bortom de enorma utbetalningarna finns det n\u00e5got djupt tillfredsst\u00e4llande i att vara en del av ett s\u00e5 legendariskt lotteri. Varje biljett \u00e4r ett l\u00f6fte om hopp, en liten investering i tron att lyckan kan le mot just dig. Den rena sp\u00e4nningen inf\u00f6r dragningen, \u00f6gonblicket d\u00e5 dina nummer ropar upp, och adrenalinkicken som f\u00f6ljer \u2013 det \u00e4r en upplevelse som tillf\u00f6r ett st\u00e4nk av gl\u00e4dje till vardagslivet.<img loading=\"lazy\" decoding=\"async\" class=\"alignright wp-image-268125\" src=\"https:\/\/lottomat.com\/wp-content\/uploads\/2026\/01\/EuroMillions-Austria-tickets.webp\" alt=\"EuroMillions Austria biljetter\" width=\"200\" height=\"200\" srcset=\"https:\/\/lottomat.com\/wp-content\/uploads\/2026\/01\/EuroMillions-Austria-tickets.webp 400w, https:\/\/lottomat.com\/wp-content\/uploads\/2026\/01\/EuroMillions-Austria-tickets-300x300.webp 300w, https:\/\/lottomat.com\/wp-content\/uploads\/2026\/01\/EuroMillions-Austria-tickets-150x150.webp 150w, https:\/\/lottomat.com\/wp-content\/uploads\/2026\/01\/EuroMillions-Austria-tickets-100x100.webp 100w\" sizes=\"auto, (max-width: 200px) 100vw, 200px\" \/><\/p>\n<p>F\u00f6r att verkligen omfamna lotteristilen \u00e4r konsekvens nyckeln. De mest framg\u00e5ngsrika lotterisspelarna vet att regelbundet spelande \u00e4r hemligheten bakom \u00f6kade chanser. Varje dragning du missar \u00e4r ett f\u00f6rlorat tillf\u00e4lle, s\u00e5 g\u00f6r det till en vana \u2013 k\u00f6p dina biljetter, v\u00e4lj dina nummer, v\u00e4nta p\u00e5 <a href=\"https:\/\/lottomat.com\/sv\/spela\/euromillions\/\">de officiella EuroMillions Austria-resultaten<\/a> och h\u00e5ll dig kvar i spelet. Du kan trots allt inte vinna om du inte spelar, och du vet aldrig n\u00e4r din lyckodag kommer.<\/p>\n<h2>Mer \u00e4n bara Euromillions \u2013 Hela v\u00e4rlden v\u00e4ntar p\u00e5 Lottomat<\/h2>\n<p>\u00c4ven om Euromillions EU och dess brittiska motsvarighet tillh\u00f6r <a href=\"https:\/\/lottomat.com\/sv\/spela\/\">de mest popul\u00e4ra lotterierna i Europa<\/a> \u00e4r de bara b\u00f6rjan p\u00e5 vad som \u00e4r m\u00f6jligt p\u00e5 Lottomat. V\u00e5r plattform s\u00e4tter hela lotteriv\u00e4rlden i dina h\u00e4nder \u2013 fr\u00e5n det m\u00e4ktiga Powerball och <a href=\"https:\/\/lottomat.com\/sv\/spela\/mega-millions\/\">Mega Millions<\/a> i USA till Italiens <a href=\"https:\/\/lottomat.com\/sv\/spela\/superenalotto\/\">SuperEnalotto<\/a>, Spaniens El Gordo och m\u00e5nga andra. Varje lotteri erbjuder sin egen unika karakt\u00e4r, sina odds och sina jackpotstorlekar, vilket ger dig o\u00e4ndliga s\u00e4tt att spela och vinna.<\/p>\n<p>Att spela flera lotterier \u00e4r en strategi som m\u00e5nga erfarna spelare anammar. Genom att sprida dina insatser \u00f6ver olika spel vidgar du inte bara dina vyer utan \u00f6kar ocks\u00e5 avsev\u00e4rt dina chanser att n\u00e5 en stor vinst. Varje biljett \u00e4r ett nytt tillf\u00e4lle, varje dragning ett nytt \u00e4ventyr. P\u00e5 Lottomat har du friheten att utforska, experimentera och hitta de spel som talar till din k\u00e4nsla f\u00f6r sp\u00e4nning.<\/p>\n<p>Lotteriv\u00e4rlden \u00e4r full av ber\u00e4ttelser \u2013 om vanliga m\u00e4nniskor vars liv f\u00f6r\u00e4ndrades p\u00e5 ett \u00f6gonblick, om dr\u00f6mmar som f\u00f6rverkligades och \u00f6den som skrevs om. Med varje biljett du k\u00f6per ansluter du dig till denna globala gemenskap av dr\u00f6mmare och vinnare. N\u00e4sta ber\u00e4ttelse kan vara din.<\/p>\n<h2>Din resa mot lyckan b\u00f6rjar h\u00e4r<\/h2>\n<p><img loading=\"lazy\" decoding=\"async\" class=\"alignleft wp-image-268155\" src=\"https:\/\/lottomat.com\/wp-content\/uploads\/2026\/01\/play-EuroMillions-Austria.webp\" alt=\"spela EuroMillions Austria\" width=\"200\" height=\"200\" srcset=\"https:\/\/lottomat.com\/wp-content\/uploads\/2026\/01\/play-EuroMillions-Austria.webp 400w, https:\/\/lottomat.com\/wp-content\/uploads\/2026\/01\/play-EuroMillions-Austria-300x300.webp 300w, https:\/\/lottomat.com\/wp-content\/uploads\/2026\/01\/play-EuroMillions-Austria-150x150.webp 150w, https:\/\/lottomat.com\/wp-content\/uploads\/2026\/01\/play-EuroMillions-Austria-100x100.webp 100w\" sizes=\"auto, (max-width: 200px) 100vw, 200px\" \/>Euromillions EU \u00e4r mer \u00e4n bara ett spel \u2013 det \u00e4r en portal till en ljusare framtid. Sp\u00e4nningens k\u00e4nsla, gl\u00e4djen i m\u00f6jligheternas v\u00e4rld och chansen att bli en av Europas st\u00f6rsta vinnare \u00e4r alla inom din r\u00e4ckh\u00e5ll. Oavsett om du spelar f\u00f6r f\u00f6rsta g\u00e5ngen eller \u00e4r ett rutinerat lotterifan, finns det aldrig ett b\u00e4ttre tillf\u00e4lle att engagera sig.<\/p>\n<p>Kom ih\u00e5g att nyckeln till att vinna \u00e4r att delta. Ju mer du spelar, desto st\u00f6rre \u00e4r dina chanser att ansluta dig till de lyckliga f\u00e5 vars liv har f\u00f6rvandlats av en enda biljett. L\u00e5t inte ytterligare en dragning passera f\u00f6rbi \u2013 ta din chans, omfamna sp\u00e4nningen och l\u00e5t Euromillions EU \u00f6ppna d\u00f6rrarna till det liv du alltid dr\u00f6mt om.<\/p>\n<p>Och om du vill \u00f6ka dina chanser ytterligare, utforska det rika utbudet av internationella lotterier p\u00e5 Lottomat. Varje spel \u00e4r en ny m\u00f6jlighet, en ny horisont och ett nytt sk\u00e4l att tro att lyckan ler mot den modige. Ditt \u00e4ventyr b\u00f6rjar nu \u2013 \u00e4r du redo att spela?<\/p>\n","protected":false},"excerpt":{"rendered":"<p>Upplev sp\u00e4nningen med Euromillions EU \u2013 Det \u00f6sterrikiska s\u00e4ttet att vinna stort F\u00f6rest\u00e4ll dig att vakna upp till ett liv d\u00e4r alla dina dr\u00f6mmar \u00e4r inom r\u00e4ckh\u00e5ll, d\u00e4r siffrorna du valde ig\u00e5r kv\u00e4ll har f\u00f6r\u00e4ndrat din framtid f\u00f6r alltid. Det \u00e4r den k\u00e4nslan som v\u00e4ntar varje deltagare i Euromillions EU, \u00e4ven k\u00e4nt som Euromillions Austria. [&hellip;]<\/p>\n","protected":false},"author":2,"featured_media":0,"parent":6815,"menu_order":0,"comment_status":"closed","ping_status":"closed","template":"euromillions-at.php","meta":{"_et_pb_use_builder":"","_et_pb_old_content":"","_et_gb_content_width":"","exclude_from_search":false,"footnotes":""},"class_list":["post-273127","page","type-page","status-publish","hentry"],"yoast_head":"<!-- This site is optimized with the Yoast SEO plugin v23.8 - https:\/\/yoast.com\/wordpress\/plugins\/seo\/ -->\n<title>EuroMillions Austria Online \u2013 K\u00f6p Biljetter \u2013 Lottomat<\/title>\n<meta name=\"description\" content=\"Spela EuroMillions Austria online p\u00e5 Lottomat. H\u00e4r kan du k\u00f6pa EuroMillions Austria-biljetter online inf\u00f6r kommande dragning. G\u00e5 med nu!\" \/>\n<meta name=\"robots\" content=\"index, follow, max-snippet:-1, max-image-preview:large, max-video-preview:-1\" \/>\n<link rel=\"canonical\" href=\"https:\/\/lottomat.com\/sv\/spela\/euromillions-eu-online-euromillions-austria-biljetter\/\" \/>\n<meta property=\"og:locale\" content=\"sv_SE\" \/>\n<meta property=\"og:type\" content=\"article\" \/>\n<meta property=\"og:title\" content=\"EuroMillions Austria Online \u2013 K\u00f6p Biljetter \u2013 Lottomat\" \/>\n<meta property=\"og:description\" content=\"Spela EuroMillions Austria online p\u00e5 Lottomat. H\u00e4r kan du k\u00f6pa EuroMillions Austria-biljetter online inf\u00f6r kommande dragning. G\u00e5 med nu!\" \/>\n<meta property=\"og:url\" content=\"https:\/\/lottomat.com\/sv\/spela\/euromillions-eu-online-euromillions-austria-biljetter\/\" \/>\n<meta property=\"og:site_name\" content=\"Lottomat\" \/>\n<meta property=\"article:modified_time\" content=\"2026-03-10T14:16:23+00:00\" \/>\n<meta property=\"og:image\" content=\"https:\/\/lottomat.com\/wp-content\/uploads\/2026\/01\/Austrian-EuroMillions.webp\" \/>\n\t<meta property=\"og:image:width\" content=\"400\" \/>\n\t<meta property=\"og:image:height\" content=\"400\" \/>\n\t<meta property=\"og:image:type\" content=\"image\/webp\" \/>\n<meta name=\"twitter:card\" content=\"summary_large_image\" \/>\n<meta name=\"twitter:label1\" content=\"Ber\u00e4knad l\u00e4stid\" \/>\n\t<meta name=\"twitter:data1\" content=\"6 minuter\" \/>\n<script type=\"application\/ld+json\" class=\"yoast-schema-graph\">{\"@context\":\"https:\/\/schema.org\",\"@graph\":[{\"@type\":\"WebPage\",\"@id\":\"https:\/\/lottomat.com\/sv\/spela\/euromillions-eu-online-euromillions-austria-biljetter\/\",\"url\":\"https:\/\/lottomat.com\/sv\/spela\/euromillions-eu-online-euromillions-austria-biljetter\/\",\"name\":\"EuroMillions Austria Online \u2013 K\u00f6p Biljetter \u2013 Lottomat\",\"isPartOf\":{\"@id\":\"https:\/\/lottomat.com\/sv\/#website\"},\"primaryImageOfPage\":{\"@id\":\"https:\/\/lottomat.com\/sv\/spela\/euromillions-eu-online-euromillions-austria-biljetter\/#primaryimage\"},\"image\":{\"@id\":\"https:\/\/lottomat.com\/sv\/spela\/euromillions-eu-online-euromillions-austria-biljetter\/#primaryimage\"},\"thumbnailUrl\":\"https:\/\/lottomat.com\/wp-content\/uploads\/2026\/01\/Austrian-EuroMillions.webp\",\"datePublished\":\"2025-05-18T16:39:08+00:00\",\"dateModified\":\"2026-03-10T14:16:23+00:00\",\"description\":\"Spela EuroMillions Austria online p\u00e5 Lottomat. H\u00e4r kan du k\u00f6pa EuroMillions Austria-biljetter online inf\u00f6r kommande dragning. G\u00e5 med nu!\",\"breadcrumb\":{\"@id\":\"https:\/\/lottomat.com\/sv\/spela\/euromillions-eu-online-euromillions-austria-biljetter\/#breadcrumb\"},\"inLanguage\":\"sv-SE\",\"potentialAction\":[{\"@type\":\"ReadAction\",\"target\":[\"https:\/\/lottomat.com\/sv\/spela\/euromillions-eu-online-euromillions-austria-biljetter\/\"]}]},{\"@type\":\"ImageObject\",\"inLanguage\":\"sv-SE\",\"@id\":\"https:\/\/lottomat.com\/sv\/spela\/euromillions-eu-online-euromillions-austria-biljetter\/#primaryimage\",\"url\":\"https:\/\/lottomat.com\/wp-content\/uploads\/2026\/01\/Austrian-EuroMillions.webp\",\"contentUrl\":\"https:\/\/lottomat.com\/wp-content\/uploads\/2026\/01\/Austrian-EuroMillions.webp\"},{\"@type\":\"BreadcrumbList\",\"@id\":\"https:\/\/lottomat.com\/sv\/spela\/euromillions-eu-online-euromillions-austria-biljetter\/#breadcrumb\",\"itemListElement\":[{\"@type\":\"ListItem\",\"position\":1,\"name\":\"Home\",\"item\":\"https:\/\/lottomat.com\/sv\/\"},{\"@type\":\"ListItem\",\"position\":2,\"name\":\"Spela lotteri\",\"item\":\"https:\/\/lottomat.com\/sv\/spela\/\"},{\"@type\":\"ListItem\",\"position\":3,\"name\":\"Euromillions EU Online &#8211; Euromillions Austria Biljetter\"}]},{\"@type\":\"WebSite\",\"@id\":\"https:\/\/lottomat.com\/sv\/#website\",\"url\":\"https:\/\/lottomat.com\/sv\/\",\"name\":\"Lottomat\",\"description\":\"\",\"potentialAction\":[{\"@type\":\"SearchAction\",\"target\":{\"@type\":\"EntryPoint\",\"urlTemplate\":\"https:\/\/lottomat.com\/sv\/?s={search_term_string}\"},\"query-input\":{\"@type\":\"PropertyValueSpecification\",\"valueRequired\":true,\"valueName\":\"search_term_string\"}}],\"inLanguage\":\"sv-SE\"}]}<\/script>\n<!-- \/ Yoast SEO plugin. -->","yoast_head_json":{"title":"EuroMillions Austria Online \u2013 K\u00f6p Biljetter \u2013 Lottomat","description":"Spela EuroMillions Austria online p\u00e5 Lottomat. H\u00e4r kan du k\u00f6pa EuroMillions Austria-biljetter online inf\u00f6r kommande dragning. G\u00e5 med nu!","robots":{"index":"index","follow":"follow","max-snippet":"max-snippet:-1","max-image-preview":"max-image-preview:large","max-video-preview":"max-video-preview:-1"},"canonical":"https:\/\/lottomat.com\/sv\/spela\/euromillions-eu-online-euromillions-austria-biljetter\/","og_locale":"sv_SE","og_type":"article","og_title":"EuroMillions Austria Online \u2013 K\u00f6p Biljetter \u2013 Lottomat","og_description":"Spela EuroMillions Austria online p\u00e5 Lottomat. H\u00e4r kan du k\u00f6pa EuroMillions Austria-biljetter online inf\u00f6r kommande dragning. G\u00e5 med nu!","og_url":"https:\/\/lottomat.com\/sv\/spela\/euromillions-eu-online-euromillions-austria-biljetter\/","og_site_name":"Lottomat","article_modified_time":"2026-03-10T14:16:23+00:00","og_image":[{"width":400,"height":400,"url":"https:\/\/lottomat.com\/wp-content\/uploads\/2026\/01\/Austrian-EuroMillions.webp","type":"image\/webp"}],"twitter_card":"summary_large_image","twitter_misc":{"Ber\u00e4knad l\u00e4stid":"6 minuter"},"schema":{"@context":"https:\/\/schema.org","@graph":[{"@type":"WebPage","@id":"https:\/\/lottomat.com\/sv\/spela\/euromillions-eu-online-euromillions-austria-biljetter\/","url":"https:\/\/lottomat.com\/sv\/spela\/euromillions-eu-online-euromillions-austria-biljetter\/","name":"EuroMillions Austria Online \u2013 K\u00f6p Biljetter \u2013 Lottomat","isPartOf":{"@id":"https:\/\/lottomat.com\/sv\/#website"},"primaryImageOfPage":{"@id":"https:\/\/lottomat.com\/sv\/spela\/euromillions-eu-online-euromillions-austria-biljetter\/#primaryimage"},"image":{"@id":"https:\/\/lottomat.com\/sv\/spela\/euromillions-eu-online-euromillions-austria-biljetter\/#primaryimage"},"thumbnailUrl":"https:\/\/lottomat.com\/wp-content\/uploads\/2026\/01\/Austrian-EuroMillions.webp","datePublished":"2025-05-18T16:39:08+00:00","dateModified":"2026-03-10T14:16:23+00:00","description":"Spela EuroMillions Austria online p\u00e5 Lottomat. H\u00e4r kan du k\u00f6pa EuroMillions Austria-biljetter online inf\u00f6r kommande dragning. G\u00e5 med nu!","breadcrumb":{"@id":"https:\/\/lottomat.com\/sv\/spela\/euromillions-eu-online-euromillions-austria-biljetter\/#breadcrumb"},"inLanguage":"sv-SE","potentialAction":[{"@type":"ReadAction","target":["https:\/\/lottomat.com\/sv\/spela\/euromillions-eu-online-euromillions-austria-biljetter\/"]}]},{"@type":"ImageObject","inLanguage":"sv-SE","@id":"https:\/\/lottomat.com\/sv\/spela\/euromillions-eu-online-euromillions-austria-biljetter\/#primaryimage","url":"https:\/\/lottomat.com\/wp-content\/uploads\/2026\/01\/Austrian-EuroMillions.webp","contentUrl":"https:\/\/lottomat.com\/wp-content\/uploads\/2026\/01\/Austrian-EuroMillions.webp"},{"@type":"BreadcrumbList","@id":"https:\/\/lottomat.com\/sv\/spela\/euromillions-eu-online-euromillions-austria-biljetter\/#breadcrumb","itemListElement":[{"@type":"ListItem","position":1,"name":"Home","item":"https:\/\/lottomat.com\/sv\/"},{"@type":"ListItem","position":2,"name":"Spela lotteri","item":"https:\/\/lottomat.com\/sv\/spela\/"},{"@type":"ListItem","position":3,"name":"Euromillions EU Online &#8211; Euromillions Austria Biljetter"}]},{"@type":"WebSite","@id":"https:\/\/lottomat.com\/sv\/#website","url":"https:\/\/lottomat.com\/sv\/","name":"Lottomat","description":"","potentialAction":[{"@type":"SearchAction","target":{"@type":"EntryPoint","urlTemplate":"https:\/\/lottomat.com\/sv\/?s={search_term_string}"},"query-input":{"@type":"PropertyValueSpecification","valueRequired":true,"valueName":"search_term_string"}}],"inLanguage":"sv-SE"}]}},"_links":{"self":[{"href":"https:\/\/lottomat.com\/sv\/wp-json\/wp\/v2\/pages\/273127","targetHints":{"allow":["GET"]}}],"collection":[{"href":"https:\/\/lottomat.com\/sv\/wp-json\/wp\/v2\/pages"}],"about":[{"href":"https:\/\/lottomat.com\/sv\/wp-json\/wp\/v2\/types\/page"}],"author":[{"embeddable":true,"href":"https:\/\/lottomat.com\/sv\/wp-json\/wp\/v2\/users\/2"}],"replies":[{"embeddable":true,"href":"https:\/\/lottomat.com\/sv\/wp-json\/wp\/v2\/comments?post=273127"}],"version-history":[{"count":2,"href":"https:\/\/lottomat.com\/sv\/wp-json\/wp\/v2\/pages\/273127\/revisions"}],"predecessor-version":[{"id":273129,"href":"https:\/\/lottomat.com\/sv\/wp-json\/wp\/v2\/pages\/273127\/revisions\/273129"}],"up":[{"embeddable":true,"href":"https:\/\/lottomat.com\/sv\/wp-json\/wp\/v2\/pages\/6815"}],"wp:attachment":[{"href":"https:\/\/lottomat.com\/sv\/wp-json\/wp\/v2\/media?parent=273127"}],"curies":[{"name":"wp","href":"https:\/\/api.w.org\/{rel}","templated":true}]}}