{"id":238217,"date":"2025-04-07T19:25:51","date_gmt":"2025-04-07T19:25:51","guid":{"rendered":"https:\/\/lottomat.net\/lotteri-resultat\/superenalotto-resultat\/"},"modified":"2026-03-10T07:55:32","modified_gmt":"2026-03-10T07:55:32","slug":"superenalotto","status":"publish","type":"page","link":"https:\/\/lottomat.com\/sv\/resultaten\/superenalotto\/","title":{"rendered":"SuperEnalotto Resultat &#038; Vinnande Nummer"},"content":{"rendered":"\n\n<div class=\"kk-star-ratings kksr-auto kksr-align-left kksr-valign-top\"\n    data-payload='{&quot;align&quot;:&quot;left&quot;,&quot;id&quot;:&quot;238217&quot;,&quot;slug&quot;:&quot;default&quot;,&quot;valign&quot;:&quot;top&quot;,&quot;ignore&quot;:&quot;&quot;,&quot;reference&quot;:&quot;auto&quot;,&quot;class&quot;:&quot;&quot;,&quot;count&quot;:&quot;0&quot;,&quot;legendonly&quot;:&quot;&quot;,&quot;readonly&quot;:&quot;&quot;,&quot;score&quot;:&quot;0&quot;,&quot;starsonly&quot;:&quot;&quot;,&quot;best&quot;:&quot;5&quot;,&quot;gap&quot;:&quot;5&quot;,&quot;greet&quot;:&quot;Rate this page&quot;,&quot;legend&quot;:&quot;0\\\/5 - (0 votes)&quot;,&quot;size&quot;:&quot;30&quot;,&quot;title&quot;:&quot;SuperEnalotto Resultat \\u0026amp; Vinnande Nummer&quot;,&quot;width&quot;:&quot;0&quot;,&quot;_legend&quot;:&quot;{score}\\\/{best} - ({count} {votes})&quot;,&quot;font_factor&quot;:&quot;1.25&quot;}'>\n            \n<div class=\"kksr-stars\">\n    \n<div class=\"kksr-stars-inactive\">\n            <div class=\"kksr-star\" data-star=\"1\" style=\"padding-right: 5px\">\n            \n\n<div class=\"kksr-icon\" style=\"width: 30px; height: 30px;\"><\/div>\n        <\/div>\n            <div class=\"kksr-star\" data-star=\"2\" style=\"padding-right: 5px\">\n            \n\n<div class=\"kksr-icon\" style=\"width: 30px; height: 30px;\"><\/div>\n        <\/div>\n            <div class=\"kksr-star\" data-star=\"3\" style=\"padding-right: 5px\">\n            \n\n<div class=\"kksr-icon\" style=\"width: 30px; height: 30px;\"><\/div>\n        <\/div>\n            <div class=\"kksr-star\" data-star=\"4\" style=\"padding-right: 5px\">\n            \n\n<div class=\"kksr-icon\" style=\"width: 30px; height: 30px;\"><\/div>\n        <\/div>\n            <div class=\"kksr-star\" data-star=\"5\" style=\"padding-right: 5px\">\n            \n\n<div class=\"kksr-icon\" style=\"width: 30px; height: 30px;\"><\/div>\n        <\/div>\n    <\/div>\n    \n<div class=\"kksr-stars-active\" style=\"width: 0px;\">\n            <div class=\"kksr-star\" style=\"padding-right: 5px\">\n            \n\n<div class=\"kksr-icon\" style=\"width: 30px; height: 30px;\"><\/div>\n        <\/div>\n            <div class=\"kksr-star\" style=\"padding-right: 5px\">\n            \n\n<div class=\"kksr-icon\" style=\"width: 30px; height: 30px;\"><\/div>\n        <\/div>\n            <div class=\"kksr-star\" style=\"padding-right: 5px\">\n            \n\n<div class=\"kksr-icon\" style=\"width: 30px; height: 30px;\"><\/div>\n        <\/div>\n            <div class=\"kksr-star\" style=\"padding-right: 5px\">\n            \n\n<div class=\"kksr-icon\" style=\"width: 30px; height: 30px;\"><\/div>\n        <\/div>\n            <div class=\"kksr-star\" style=\"padding-right: 5px\">\n            \n\n<div class=\"kksr-icon\" style=\"width: 30px; height: 30px;\"><\/div>\n        <\/div>\n    <\/div>\n<\/div>\n                \n\n<div class=\"kksr-legend\" style=\"font-size: 24px;\">\n            <span class=\"kksr-muted\">Rate this page<\/span>\n    <\/div>\n    <\/div>\n<p>Att ta del av SuperEnalotto-resultaten fr\u00e5n varje dragning som dina biljetter deltar i \u00e4r verkligen en sp\u00e4nnande upplevelse, inte minst n\u00e4r det visar sig att du prickat in de lyckliga numren. Sl\u00e5 snabbt och smidigt upp p\u00e5 <a href=\"https:\/\/lottomat.com\/sv\/\">LottoMat:s webbplats<\/a> om du lyckats ta steget in i miljon\u00e4rernas skara, eftersom vi publicerar resultaten direkt efter dragningen och de kommer fr\u00e5n det officiella meddelandet fr\u00e5n SuperEnalotto-lotteriets arrang\u00f6r. Man kan s\u00e4ga att <a href=\"https:\/\/lottomat.com\/sv\/resultaten\/\">v\u00e5ra lotteriresultat<\/a> alltid \u00e4r f\u00e4rska som nybakade bullar.<\/p>\n<h2><img loading=\"lazy\" decoding=\"async\" class=\"wp-image-252676 alignleft\" src=\"https:\/\/lottomat.com\/wp-content\/uploads\/2025\/10\/Italian-lottery-numbers-300x300.webp\" alt=\"Italienska lotterinummer\" width=\"200\" height=\"200\" srcset=\"https:\/\/lottomat.com\/wp-content\/uploads\/2025\/10\/Italian-lottery-numbers-300x300.webp 300w, https:\/\/lottomat.com\/wp-content\/uploads\/2025\/10\/Italian-lottery-numbers-150x150.webp 150w, https:\/\/lottomat.com\/wp-content\/uploads\/2025\/10\/Italian-lottery-numbers-100x100.webp 100w, https:\/\/lottomat.com\/wp-content\/uploads\/2025\/10\/Italian-lottery-numbers.webp 400w\" sizes=\"auto, (max-width: 200px) 100vw, 200px\" \/>Hur kontrollerar man de aktuella SuperEnalotto-resultaten?<\/h2>\n<p>Det \u00e4r verkligen enkelt som en pl\u00e4tt och otroligt snabbt. <strong>Resultaten fr\u00e5n den senaste dragningen finns alltid l\u00e4ngst upp p\u00e5 sidan.<\/strong> Du kan dock bli f\u00f6rvirrad av bonusnumret, det s\u00e5 kallade Jolly, som finns med i resultaten \u2013 men vi h\u00e4mtar resultaten direkt fr\u00e5n arrang\u00f6ren, omedelbart efter dragningen, s\u00e5 detta extra lilla nummer som bara kan v\u00e4ljas av italienare p\u00e5 lotterikontor runt om i landet finns ocks\u00e5 med. Det inneb\u00e4r att du enbart fokuserar p\u00e5 resultaten f\u00f6r huvudnumren, eftersom du inte deltar i dragningen av Jolly. <strong>Resultaten p\u00e5 LottoMat:s webbplats visas i en anv\u00e4ndarv\u00e4nlig tabell som \u00e4r mycket enkel att l\u00e4sa.<\/strong><\/p>\n<h2>Hur kontrollerar man arkiverade SuperEnalotto-resultat?<\/h2>\n<p>P\u00e5 LottoMat:s webbplats ger vi dig m\u00f6jlighet att bl\u00e4ddra bland \u00e4ldre resultat. Precis bredvid de senast dragna numren finns datumet f\u00f6r den senaste dragningen. <strong>Om du klickar p\u00e5 det datumet \u00f6ppnas en kalender med arkiverade dragningar.<\/strong> Allt du beh\u00f6ver g\u00f6ra \u00e4r att v\u00e4lja det datum som intresserar dig och sl\u00e5 upp resultaten fr\u00e5n den tidigare SuperEnalotto-dragningen. Vi samlar in data fr\u00e5n de senaste 12 m\u00e5naderna och du kan lita p\u00e5 att den hanteras p\u00e5 ett tillf\u00f6rlitligt s\u00e4tt och framf\u00f6r allt \u00e4r sanningsenlig.<\/p>\n<h2>Hur anv\u00e4nder man arkiverade SuperEnalotto-vinnarnummer?<img loading=\"lazy\" decoding=\"async\" class=\"wp-image-252707 alignright\" src=\"https:\/\/lottomat.com\/wp-content\/uploads\/2025\/10\/Italian-lottery-results-300x300.webp\" alt=\"Italienska lotteriresultat\" width=\"200\" height=\"200\" srcset=\"https:\/\/lottomat.com\/wp-content\/uploads\/2025\/10\/Italian-lottery-results-300x300.webp 300w, https:\/\/lottomat.com\/wp-content\/uploads\/2025\/10\/Italian-lottery-results-150x150.webp 150w, https:\/\/lottomat.com\/wp-content\/uploads\/2025\/10\/Italian-lottery-results-100x100.webp 100w, https:\/\/lottomat.com\/wp-content\/uploads\/2025\/10\/Italian-lottery-results.webp 400w\" sizes=\"auto, (max-width: 200px) 100vw, 200px\" \/><\/h2>\n<p>Vet du varf\u00f6r arkiverade dragningar \u00e4r anv\u00e4ndbara? Det finns faktiskt tre huvudsakliga sk\u00e4l. <strong>F\u00f6rst och fr\u00e4mst ger de dig m\u00f6jlighet att skapa din egen, unika strategi<\/strong> d\u00e4r du granskar nyligen dragna nummer och bed\u00f6mer vinstchanserna i dragningen. F\u00f6r det andra kan du kontrollera om det har f\u00f6rekommit en lycklig sexa i lotteriet, om det kommer att bli en jackpott, och dessutom vilket som var det h\u00f6gsta priset nyligen, s\u00e5 att du kan ber\u00e4kna den potentiella vinsten fr\u00e5n ett vunnet lotteri. F\u00f6r det tredje kan du se hur m\u00e5nga vinnare SuperEnalotto har och vilka priser de vinner, \u00e4ven om de inte v\u00e4ljer alla dragna nummer \u2013 och det finns alltid hundratusentals vinnare! Allt som \u00e5terst\u00e5r f\u00f6r dig att g\u00f6ra \u00e4r att k\u00f6pa biljetterna och drastiskt f\u00f6r\u00e4ndra ditt liv! Och kom ih\u00e5g att varje biljett f\u00f6r dig ett steg n\u00e4rmare vinst p\u00e5 <a href=\"https:\/\/lottomat.com\/sv\/spela\/superenalotto\/\">SuperEnalotto online<\/a>.<\/p>\n<h2>Vilka \u00e4r de mest dragna numren i SuperEnalotto?<\/h2>\n<p>Enligt statistisk analys av SuperEnalotto-dragningar sedan 1997 <strong>inkluderar de 10 mest frekvent dragna numren 90, 85, 77, 86, 82, 55, 88, 80, 87 och 79.<\/strong> Dessa nummer kallas ofta f\u00f6r &#8221;heta nummer&#8221; i lotterisammanhang p\u00e5 grund av deras frekventa f\u00f6rekomst i vinnande kombinationer. Nummer 90 innehar topplaceringen och har dragits hundratals g\u00e5nger under spelets historia. Spelare anv\u00e4nder ofta dessa statistiska uppgifter f\u00f6r att v\u00e4gleda sina nummervalsstrategier, men det \u00e4r viktigt att komma ih\u00e5g att varje dragning \u00e4r oberoende och att tidigare resultat inte p\u00e5verkar framtida utfall.<\/p>\n<h2><img loading=\"lazy\" decoding=\"async\" class=\"wp-image-252737 alignleft\" src=\"https:\/\/lottomat.com\/wp-content\/uploads\/2025\/10\/SuperEnalotto-results-300x300.webp\" alt=\"SuperEnalotto resultat\" width=\"200\" height=\"200\" srcset=\"https:\/\/lottomat.com\/wp-content\/uploads\/2025\/10\/SuperEnalotto-results-300x300.webp 300w, https:\/\/lottomat.com\/wp-content\/uploads\/2025\/10\/SuperEnalotto-results-150x150.webp 150w, https:\/\/lottomat.com\/wp-content\/uploads\/2025\/10\/SuperEnalotto-results-100x100.webp 100w, https:\/\/lottomat.com\/wp-content\/uploads\/2025\/10\/SuperEnalotto-results.webp 400w\" sizes=\"auto, (max-width: 200px) 100vw, 200px\" \/>Vilka \u00e4r de minst dragna numren i SuperEnalotto?<\/h2>\n<p>I andra \u00e4nden av spektrumet har SuperEnalotto flera &#8221;kalla nummer&#8221; som f\u00f6rekommer mer s\u00e4llan i dragningarna. <strong>De 10 minst dragna numren utg\u00f6rs vanligtvis av l\u00e4gre nummer som 1, 2, 3, 4, 5, 6, 7, 8, 9 och 10<\/strong>, \u00e4ven om detta kan variera beroende p\u00e5 den analyserade tidsperioden. Dessa kalla nummer har inte f\u00f6rekommit lika ofta i vinnande kombinationer j\u00e4mf\u00f6rt med sina heta motsvarigheter. Vissa lotterientusiaster tror att kalla nummer \u00e4r &#8221;mogna&#8221; att dras, medan andra f\u00f6redrar att h\u00e5lla sig till heta nummer som bevisat sin frekvens. Att f\u00f6rst\u00e5 m\u00f6nstren f\u00f6r b\u00e5de heta och kalla nummer kan hj\u00e4lpa spelare att utveckla sina personliga lotteristrategier.<\/p>\n<h2>Kan SuperEnalotto-resultaten f\u00f6ruts\u00e4gas?<\/h2>\n<p>Trots den omfattande statistiska analys som finns tillg\u00e4nglig f\u00f6r SuperEnalotto \u00e4r det avg\u00f6rande att f\u00f6rst\u00e5 att <strong>lotteriresultat inte kan f\u00f6ruts\u00e4gas med s\u00e4kerhet.<\/strong> Varje SuperEnalotto-dragning \u00e4r helt slumpm\u00e4ssig och oberoende av tidigare resultat. \u00c4ven om det kan vara intressant att studera heta och kalla nummer, frekvensdiagram och historiska m\u00f6nster, och det kan v\u00e4gleda din nummervalssstrategi, garanterar dessa statistiska uppgifter inte framtida framg\u00e5ng. Lotteriet anv\u00e4nder avancerade slumptalsgeneratorer som s\u00e4kerst\u00e4ller att varje nummer fr\u00e5n 1 till 90 har lika stor chans att dras i varje enskild dragning. Den matematiska sannolikheten f\u00f6rblir konstant oavsett tidigare resultat \u2013 detta kallas &#8221;spelares villfarelse&#8221; n\u00e4r m\u00e4nniskor felaktigt tror att tidigare resultat p\u00e5verkar framtida utfall. Professionella matematiker och statistiker betonar konsekvent att lottospel som SuperEnalotto \u00e4r rena slumpspel. <strong>Det b\u00e4sta tillv\u00e4gag\u00e5ngss\u00e4ttet \u00e4r att spela ansvarsfullt, inom dina ekonomiska ramar, och f\u00f6r n\u00f6jets skull snarare \u00e4n som en investeringsstrategi.<\/strong><\/p>\n<h2>Hur kontrollerar man g\u00e5rdagens SuperEnalotto-dragningsresultat?<img loading=\"lazy\" decoding=\"async\" class=\"wp-image-252767 alignright\" src=\"https:\/\/lottomat.com\/wp-content\/uploads\/2025\/10\/SuperEnalotto-winning-numbers-300x300.webp\" alt=\"SuperEnalotto vinnande nummer\" width=\"200\" height=\"200\" srcset=\"https:\/\/lottomat.com\/wp-content\/uploads\/2025\/10\/SuperEnalotto-winning-numbers-300x300.webp 300w, https:\/\/lottomat.com\/wp-content\/uploads\/2025\/10\/SuperEnalotto-winning-numbers-150x150.webp 150w, https:\/\/lottomat.com\/wp-content\/uploads\/2025\/10\/SuperEnalotto-winning-numbers-100x100.webp 100w, https:\/\/lottomat.com\/wp-content\/uploads\/2025\/10\/SuperEnalotto-winning-numbers.webp 400w\" sizes=\"auto, (max-width: 200px) 100vw, 200px\" \/><\/h2>\n<p>Att kontrollera g\u00e5rdagens SuperEnalotto-resultat p\u00e5 LottoMat:s webbplats \u00e4r enkelt och bekv\u00e4mt. V\u00e5r plattform inneh\u00e5ller omfattande arkiv \u00f6ver alla senaste lottodragningar, vilket g\u00f6r det l\u00e4tt att komma \u00e5t resultat fr\u00e5n ig\u00e5r, f\u00f6rra veckan eller till och med f\u00f6rra m\u00e5naden. <strong>Oavsett om du s\u00f6ker efter dagens senaste resultat eller beh\u00f6ver verifiera nummer fr\u00e5n tidigare dragningar erbjuder LottoMat tillf\u00f6rlitlig och korrekt information om det italienska lotteriet.<\/strong> Navigera helt enkelt till v\u00e5r resultatssektion d\u00e4r du hittar en kronologisk lista \u00f6ver alla senaste SuperEnalotto-dragningar. Varje resultatpost inkluderar de sex huvudsakliga vinnarnumren, Jolly-numret och SuperStar-numret om till\u00e4mpligt. Du kan klicka p\u00e5 ett specifikt datum f\u00f6r att se detaljerad information om just den dragningen, inklusive prisf\u00f6rdelning och vinnarstatistik. Kom ih\u00e5g att p\u00e5 LottoMat <strong>spelar det ingen roll om du s\u00f6ker efter dagens resultat, g\u00e5rdagens nummer eller resultat fr\u00e5n veckor sedan \u2013 du hittar alltid autentiska resultat fr\u00e5n det italienska lotteriet<\/strong> som du kan lita p\u00e5 fullt ut.<\/p>\n<h2>Hur m\u00e5nga personer vann i den senaste SuperEnalotto-dragningen?<\/h2>\n<p>Varje SuperEnalotto-dragning ger upphov till flera vinnare inom olika <a href=\"https:\/\/lottomat.com\/sv\/lotteri\/superenalotto\/\">SuperEnalotto-prisniv\u00e5er<\/a>, inte bara jackpottvinnaren. <strong>V\u00e5r omfattande tabell \u00f6ver prisf\u00f6rdelning ger detaljerad information om antalet vinnare p\u00e5 varje prisniv\u00e5 och de motsvarande prisbelopp de erh\u00f6ll.<\/strong> Dessa v\u00e4rdefulla uppgifter hj\u00e4lper spelare att f\u00f6rst\u00e5 de olika s\u00e4tten att vinna i SuperEnalotto ut\u00f6ver att matcha alla sex nummer. Vanligtvis <strong>vinner tusentals spelare priser i varje SuperEnalotto-dragning \u00f6ver alla prisniv\u00e5er<\/strong>, med majoriteten som vinner mindre belopp f\u00f6r att ha matchat 2\u20133 nummer. Denna information uppdateras omedelbart efter varje dragning och ger insyn i lotteriets prisf\u00f6rdelning, vilket hj\u00e4lper spelare att f\u00f6rst\u00e5 sina potentiella vinster p\u00e5 olika matchningsniv\u00e5er.<\/p>\n","protected":false},"excerpt":{"rendered":"<p>Att ta del av SuperEnalotto-resultaten fr\u00e5n varje dragning som dina biljetter deltar i \u00e4r verkligen en sp\u00e4nnande upplevelse, inte minst n\u00e4r det visar sig att du prickat in de lyckliga numren. Sl\u00e5 snabbt och smidigt upp p\u00e5 LottoMat:s webbplats om du lyckats ta steget in i miljon\u00e4rernas skara, eftersom vi publicerar resultaten direkt efter dragningen [&hellip;]<\/p>\n","protected":false},"author":1,"featured_media":0,"parent":7629,"menu_order":5,"comment_status":"closed","ping_status":"closed","template":"superenalotto-results.php","meta":{"_et_pb_use_builder":"","_et_pb_old_content":"","_et_gb_content_width":"","exclude_from_search":false,"footnotes":""},"class_list":["post-238217","page","type-page","status-publish","hentry"],"yoast_head":"<!-- This site is optimized with the Yoast SEO plugin v23.8 - https:\/\/yoast.com\/wordpress\/plugins\/seo\/ -->\n<title>SuperEnalotto Resultat &amp; Vinnande Nummer - LottoMat<\/title>\n<meta name=\"description\" content=\"Kolla in de senaste SuperEnalotto-resultaten nu! Se dagens vinnande nummer och ta reda p\u00e5 om du har vunnit i den italienska lottodragningen.\" \/>\n<meta name=\"robots\" content=\"index, follow, max-snippet:-1, max-image-preview:large, max-video-preview:-1\" \/>\n<link rel=\"canonical\" href=\"https:\/\/lottomat.com\/sv\/resultaten\/superenalotto\/\" \/>\n<meta property=\"og:locale\" content=\"sv_SE\" \/>\n<meta property=\"og:type\" content=\"article\" \/>\n<meta property=\"og:title\" content=\"SuperEnalotto Resultat &amp; Vinnande Nummer - LottoMat\" \/>\n<meta property=\"og:description\" content=\"Kolla in de senaste SuperEnalotto-resultaten nu! Se dagens vinnande nummer och ta reda p\u00e5 om du har vunnit i den italienska lottodragningen.\" \/>\n<meta property=\"og:url\" content=\"https:\/\/lottomat.com\/sv\/resultaten\/superenalotto\/\" \/>\n<meta property=\"og:site_name\" content=\"Lottomat\" \/>\n<meta property=\"article:modified_time\" content=\"2026-03-10T07:55:32+00:00\" \/>\n<meta property=\"og:image\" content=\"https:\/\/lottomat.com\/wp-content\/uploads\/2025\/10\/Italian-lottery-numbers.webp\" \/>\n\t<meta property=\"og:image:width\" content=\"400\" \/>\n\t<meta property=\"og:image:height\" content=\"400\" \/>\n\t<meta property=\"og:image:type\" content=\"image\/webp\" \/>\n<meta name=\"twitter:card\" content=\"summary_large_image\" \/>\n<meta name=\"twitter:label1\" content=\"Ber\u00e4knad l\u00e4stid\" \/>\n\t<meta name=\"twitter:data1\" content=\"6 minuter\" \/>\n<script type=\"application\/ld+json\" class=\"yoast-schema-graph\">{\"@context\":\"https:\/\/schema.org\",\"@graph\":[{\"@type\":\"WebPage\",\"@id\":\"https:\/\/lottomat.com\/sv\/resultaten\/superenalotto\/\",\"url\":\"https:\/\/lottomat.com\/sv\/resultaten\/superenalotto\/\",\"name\":\"SuperEnalotto Resultat & Vinnande Nummer - LottoMat\",\"isPartOf\":{\"@id\":\"https:\/\/lottomat.com\/sv\/#website\"},\"primaryImageOfPage\":{\"@id\":\"https:\/\/lottomat.com\/sv\/resultaten\/superenalotto\/#primaryimage\"},\"image\":{\"@id\":\"https:\/\/lottomat.com\/sv\/resultaten\/superenalotto\/#primaryimage\"},\"thumbnailUrl\":\"https:\/\/lottomat.com\/wp-content\/uploads\/2025\/10\/Italian-lottery-numbers-300x300.webp\",\"datePublished\":\"2025-04-07T19:25:51+00:00\",\"dateModified\":\"2026-03-10T07:55:32+00:00\",\"description\":\"Kolla in de senaste SuperEnalotto-resultaten nu! Se dagens vinnande nummer och ta reda p\u00e5 om du har vunnit i den italienska lottodragningen.\",\"breadcrumb\":{\"@id\":\"https:\/\/lottomat.com\/sv\/resultaten\/superenalotto\/#breadcrumb\"},\"inLanguage\":\"sv-SE\",\"potentialAction\":[{\"@type\":\"ReadAction\",\"target\":[\"https:\/\/lottomat.com\/sv\/resultaten\/superenalotto\/\"]}]},{\"@type\":\"ImageObject\",\"inLanguage\":\"sv-SE\",\"@id\":\"https:\/\/lottomat.com\/sv\/resultaten\/superenalotto\/#primaryimage\",\"url\":\"https:\/\/lottomat.com\/wp-content\/uploads\/2025\/10\/Italian-lottery-numbers-300x300.webp\",\"contentUrl\":\"https:\/\/lottomat.com\/wp-content\/uploads\/2025\/10\/Italian-lottery-numbers-300x300.webp\"},{\"@type\":\"BreadcrumbList\",\"@id\":\"https:\/\/lottomat.com\/sv\/resultaten\/superenalotto\/#breadcrumb\",\"itemListElement\":[{\"@type\":\"ListItem\",\"position\":1,\"name\":\"Home\",\"item\":\"https:\/\/lottomat.com\/sv\/\"},{\"@type\":\"ListItem\",\"position\":2,\"name\":\"De Senaste Lotteriresultaten &#038; Vinnande Nummer\",\"item\":\"https:\/\/lottomat.com\/sv\/resultaten\/\"},{\"@type\":\"ListItem\",\"position\":3,\"name\":\"SuperEnalotto Resultat &#038; Vinnande Nummer\"}]},{\"@type\":\"WebSite\",\"@id\":\"https:\/\/lottomat.com\/sv\/#website\",\"url\":\"https:\/\/lottomat.com\/sv\/\",\"name\":\"Lottomat\",\"description\":\"\",\"potentialAction\":[{\"@type\":\"SearchAction\",\"target\":{\"@type\":\"EntryPoint\",\"urlTemplate\":\"https:\/\/lottomat.com\/sv\/?s={search_term_string}\"},\"query-input\":{\"@type\":\"PropertyValueSpecification\",\"valueRequired\":true,\"valueName\":\"search_term_string\"}}],\"inLanguage\":\"sv-SE\"}]}<\/script>\n<!-- \/ Yoast SEO plugin. -->","yoast_head_json":{"title":"SuperEnalotto Resultat & Vinnande Nummer - LottoMat","description":"Kolla in de senaste SuperEnalotto-resultaten nu! Se dagens vinnande nummer och ta reda p\u00e5 om du har vunnit i den italienska lottodragningen.","robots":{"index":"index","follow":"follow","max-snippet":"max-snippet:-1","max-image-preview":"max-image-preview:large","max-video-preview":"max-video-preview:-1"},"canonical":"https:\/\/lottomat.com\/sv\/resultaten\/superenalotto\/","og_locale":"sv_SE","og_type":"article","og_title":"SuperEnalotto Resultat & Vinnande Nummer - LottoMat","og_description":"Kolla in de senaste SuperEnalotto-resultaten nu! Se dagens vinnande nummer och ta reda p\u00e5 om du har vunnit i den italienska lottodragningen.","og_url":"https:\/\/lottomat.com\/sv\/resultaten\/superenalotto\/","og_site_name":"Lottomat","article_modified_time":"2026-03-10T07:55:32+00:00","og_image":[{"width":400,"height":400,"url":"https:\/\/lottomat.com\/wp-content\/uploads\/2025\/10\/Italian-lottery-numbers.webp","type":"image\/webp"}],"twitter_card":"summary_large_image","twitter_misc":{"Ber\u00e4knad l\u00e4stid":"6 minuter"},"schema":{"@context":"https:\/\/schema.org","@graph":[{"@type":"WebPage","@id":"https:\/\/lottomat.com\/sv\/resultaten\/superenalotto\/","url":"https:\/\/lottomat.com\/sv\/resultaten\/superenalotto\/","name":"SuperEnalotto Resultat & Vinnande Nummer - LottoMat","isPartOf":{"@id":"https:\/\/lottomat.com\/sv\/#website"},"primaryImageOfPage":{"@id":"https:\/\/lottomat.com\/sv\/resultaten\/superenalotto\/#primaryimage"},"image":{"@id":"https:\/\/lottomat.com\/sv\/resultaten\/superenalotto\/#primaryimage"},"thumbnailUrl":"https:\/\/lottomat.com\/wp-content\/uploads\/2025\/10\/Italian-lottery-numbers-300x300.webp","datePublished":"2025-04-07T19:25:51+00:00","dateModified":"2026-03-10T07:55:32+00:00","description":"Kolla in de senaste SuperEnalotto-resultaten nu! Se dagens vinnande nummer och ta reda p\u00e5 om du har vunnit i den italienska lottodragningen.","breadcrumb":{"@id":"https:\/\/lottomat.com\/sv\/resultaten\/superenalotto\/#breadcrumb"},"inLanguage":"sv-SE","potentialAction":[{"@type":"ReadAction","target":["https:\/\/lottomat.com\/sv\/resultaten\/superenalotto\/"]}]},{"@type":"ImageObject","inLanguage":"sv-SE","@id":"https:\/\/lottomat.com\/sv\/resultaten\/superenalotto\/#primaryimage","url":"https:\/\/lottomat.com\/wp-content\/uploads\/2025\/10\/Italian-lottery-numbers-300x300.webp","contentUrl":"https:\/\/lottomat.com\/wp-content\/uploads\/2025\/10\/Italian-lottery-numbers-300x300.webp"},{"@type":"BreadcrumbList","@id":"https:\/\/lottomat.com\/sv\/resultaten\/superenalotto\/#breadcrumb","itemListElement":[{"@type":"ListItem","position":1,"name":"Home","item":"https:\/\/lottomat.com\/sv\/"},{"@type":"ListItem","position":2,"name":"De Senaste Lotteriresultaten &#038; Vinnande Nummer","item":"https:\/\/lottomat.com\/sv\/resultaten\/"},{"@type":"ListItem","position":3,"name":"SuperEnalotto Resultat &#038; Vinnande Nummer"}]},{"@type":"WebSite","@id":"https:\/\/lottomat.com\/sv\/#website","url":"https:\/\/lottomat.com\/sv\/","name":"Lottomat","description":"","potentialAction":[{"@type":"SearchAction","target":{"@type":"EntryPoint","urlTemplate":"https:\/\/lottomat.com\/sv\/?s={search_term_string}"},"query-input":{"@type":"PropertyValueSpecification","valueRequired":true,"valueName":"search_term_string"}}],"inLanguage":"sv-SE"}]}},"_links":{"self":[{"href":"https:\/\/lottomat.com\/sv\/wp-json\/wp\/v2\/pages\/238217","targetHints":{"allow":["GET"]}}],"collection":[{"href":"https:\/\/lottomat.com\/sv\/wp-json\/wp\/v2\/pages"}],"about":[{"href":"https:\/\/lottomat.com\/sv\/wp-json\/wp\/v2\/types\/page"}],"author":[{"embeddable":true,"href":"https:\/\/lottomat.com\/sv\/wp-json\/wp\/v2\/users\/1"}],"replies":[{"embeddable":true,"href":"https:\/\/lottomat.com\/sv\/wp-json\/wp\/v2\/comments?post=238217"}],"version-history":[{"count":2,"href":"https:\/\/lottomat.com\/sv\/wp-json\/wp\/v2\/pages\/238217\/revisions"}],"predecessor-version":[{"id":272995,"href":"https:\/\/lottomat.com\/sv\/wp-json\/wp\/v2\/pages\/238217\/revisions\/272995"}],"up":[{"embeddable":true,"href":"https:\/\/lottomat.com\/sv\/wp-json\/wp\/v2\/pages\/7629"}],"wp:attachment":[{"href":"https:\/\/lottomat.com\/sv\/wp-json\/wp\/v2\/media?parent=238217"}],"curies":[{"name":"wp","href":"https:\/\/api.w.org\/{rel}","templated":true}]}}