{"id":237860,"date":"2025-04-07T19:24:29","date_gmt":"2025-04-07T19:24:29","guid":{"rendered":"https:\/\/lottomat.net\/lotteri-resultat\/mega-millions-resultat\/"},"modified":"2026-03-10T06:59:39","modified_gmt":"2026-03-10T06:59:39","slug":"mega-millions","status":"publish","type":"page","link":"https:\/\/lottomat.com\/sv\/resultaten\/mega-millions\/","title":{"rendered":"Mega Millions Resultat &#038; Vinnande Nummer"},"content":{"rendered":"\n\n<div class=\"kk-star-ratings kksr-auto kksr-align-left kksr-valign-top\"\n    data-payload='{&quot;align&quot;:&quot;left&quot;,&quot;id&quot;:&quot;237860&quot;,&quot;slug&quot;:&quot;default&quot;,&quot;valign&quot;:&quot;top&quot;,&quot;ignore&quot;:&quot;&quot;,&quot;reference&quot;:&quot;auto&quot;,&quot;class&quot;:&quot;&quot;,&quot;count&quot;:&quot;0&quot;,&quot;legendonly&quot;:&quot;&quot;,&quot;readonly&quot;:&quot;&quot;,&quot;score&quot;:&quot;0&quot;,&quot;starsonly&quot;:&quot;&quot;,&quot;best&quot;:&quot;5&quot;,&quot;gap&quot;:&quot;5&quot;,&quot;greet&quot;:&quot;Rate this page&quot;,&quot;legend&quot;:&quot;0\\\/5 - (0 votes)&quot;,&quot;size&quot;:&quot;30&quot;,&quot;title&quot;:&quot;Mega Millions Resultat \\u0026amp; Vinnande Nummer&quot;,&quot;width&quot;:&quot;0&quot;,&quot;_legend&quot;:&quot;{score}\\\/{best} - ({count} {votes})&quot;,&quot;font_factor&quot;:&quot;1.25&quot;}'>\n            \n<div class=\"kksr-stars\">\n    \n<div class=\"kksr-stars-inactive\">\n            <div class=\"kksr-star\" data-star=\"1\" style=\"padding-right: 5px\">\n            \n\n<div class=\"kksr-icon\" style=\"width: 30px; height: 30px;\"><\/div>\n        <\/div>\n            <div class=\"kksr-star\" data-star=\"2\" style=\"padding-right: 5px\">\n            \n\n<div class=\"kksr-icon\" style=\"width: 30px; height: 30px;\"><\/div>\n        <\/div>\n            <div class=\"kksr-star\" data-star=\"3\" style=\"padding-right: 5px\">\n            \n\n<div class=\"kksr-icon\" style=\"width: 30px; height: 30px;\"><\/div>\n        <\/div>\n            <div class=\"kksr-star\" data-star=\"4\" style=\"padding-right: 5px\">\n            \n\n<div class=\"kksr-icon\" style=\"width: 30px; height: 30px;\"><\/div>\n        <\/div>\n            <div class=\"kksr-star\" data-star=\"5\" style=\"padding-right: 5px\">\n            \n\n<div class=\"kksr-icon\" style=\"width: 30px; height: 30px;\"><\/div>\n        <\/div>\n    <\/div>\n    \n<div class=\"kksr-stars-active\" style=\"width: 0px;\">\n            <div class=\"kksr-star\" style=\"padding-right: 5px\">\n            \n\n<div class=\"kksr-icon\" style=\"width: 30px; height: 30px;\"><\/div>\n        <\/div>\n            <div class=\"kksr-star\" style=\"padding-right: 5px\">\n            \n\n<div class=\"kksr-icon\" style=\"width: 30px; height: 30px;\"><\/div>\n        <\/div>\n            <div class=\"kksr-star\" style=\"padding-right: 5px\">\n            \n\n<div class=\"kksr-icon\" style=\"width: 30px; height: 30px;\"><\/div>\n        <\/div>\n            <div class=\"kksr-star\" style=\"padding-right: 5px\">\n            \n\n<div class=\"kksr-icon\" style=\"width: 30px; height: 30px;\"><\/div>\n        <\/div>\n            <div class=\"kksr-star\" style=\"padding-right: 5px\">\n            \n\n<div class=\"kksr-icon\" style=\"width: 30px; height: 30px;\"><\/div>\n        <\/div>\n    <\/div>\n<\/div>\n                \n\n<div class=\"kksr-legend\" style=\"font-size: 24px;\">\n            <span class=\"kksr-muted\">Rate this page<\/span>\n    <\/div>\n    <\/div>\n<p>Mega Millions lotter k\u00f6ps, de vinnande Mega Millions-numren v\u00e4ljs ut, och du fokuserar bara p\u00e5 ljuvliga planer och dr\u00f6mmar som kommer att g\u00e5 i uppfyllelse om du bara ansluter dig till gruppen av miljon\u00e4rer. Det \u00e4r det inget fel p\u00e5 \u2013 vi har alla v\u00e5ra dr\u00f6mmar. Det \u00e4r troligt att varje spelares tankar kretsar kring vinst innan Mega Millions-resultaten presenteras, och <strong>Mega Millions \u00e4r ett spel som verkligen kan ge v\u00e4ldigt mycket<\/strong>.<\/p>\n<h2>\u00c4r det m\u00f6jligt att vinna med Mega Millions-nummer?<img loading=\"lazy\" decoding=\"async\" class=\"alignright wp-image-251955\" src=\"https:\/\/lottomat.com\/wp-content\/uploads\/2025\/10\/Mega-Millions-winning-numbers.webp\" alt=\"Mega Millions vinnande nummer\" width=\"200\" height=\"200\" srcset=\"https:\/\/lottomat.com\/wp-content\/uploads\/2025\/10\/Mega-Millions-winning-numbers.webp 400w, https:\/\/lottomat.com\/wp-content\/uploads\/2025\/10\/Mega-Millions-winning-numbers-300x300.webp 300w, https:\/\/lottomat.com\/wp-content\/uploads\/2025\/10\/Mega-Millions-winning-numbers-150x150.webp 150w, https:\/\/lottomat.com\/wp-content\/uploads\/2025\/10\/Mega-Millions-winning-numbers-100x100.webp 100w\" sizes=\"auto, (max-width: 200px) 100vw, 200px\" \/><\/h2>\n<p>Tills du <a href=\"https:\/\/lottomat.com\/sv\/resultaten\/\">kontrollerar de aktuella lottodragningsresultaten<\/a> kan du dr\u00f6mma, men det \u00e4r bara dragningen av de nummer du valde som kan g\u00f6ra denna vackra dr\u00f6m till verklighet \u2013 d\u00e4rf\u00f6r \u00e4r det ingen id\u00e9 att v\u00e4nta, bara spela och kolla. Allt du beh\u00f6ver g\u00f6ra efter dragningen \u00e4r att <a href=\"https:\/\/lottomat.com\/sv\/\">bes\u00f6ka LottoMat-webbplatsen<\/a> och g\u00e5 till resultatsidan f\u00f6r Mega Millions f\u00f6r att se vilka nummer som vann i just den dragningen. Om de st\u00e4mmer \u00f6verens med din lott betyder det att du \u00e4r bland vinnarna av <a href=\"https:\/\/lottomat.com\/sv\/lotteri\/mega-millions\/\">Mega Millions priser och jackpott<\/a>. <strong>Mega Millions-dragningen \u00e4ger rum regelbundet tv\u00e5 g\u00e5nger i veckan, varje onsdag och l\u00f6rdag kl. 03:00 UTC<\/strong>. Vi publicerar de aktuella Mega Millions-resultaten online direkt efter att dragningen avslutats, och de h\u00e4mtas fr\u00e5n lotteriv\u00e4rdets officiella information, vilket g\u00f6r dem 100 % kontrollerade och tillf\u00f6rlitliga. Det enda att t\u00e4nka p\u00e5 \u00e4r att \u00e4ndra tidszonen till din lokala tidszon.<\/p>\n<h2>Hur kontrollerar man dagens Mega Millions-resultat?<\/h2>\n<p><strong>Aktuella Mega Millions-resultat finns tillg\u00e4ngliga p\u00e5 LottoMat-webbplatsen omedelbart efter varje dragning<\/strong>. Alla publicerade resultat h\u00e4mtas direkt fr\u00e5n officiella lotterik\u00e4llor, vilket garanterar fullst\u00e4ndig noggrannhet och tillf\u00f6rlitlighet. Du kan f\u00e5 tillg\u00e5ng till de senaste vinnande numren genom att bes\u00f6ka v\u00e5r dedikerade Mega Millions-resultatsida. Resultaten uppdateras i realtid efter varje dragning, s\u00e5 du har alltid tillg\u00e5ng till den mest aktuella informationen. G\u00e5 helt enkelt till v\u00e5r resultatsection och ta reda p\u00e5 om dina nummer har gjort dig till n\u00e4sta Mega Millions-vinnare.<\/p>\n<h2><img loading=\"lazy\" decoding=\"async\" class=\"alignleft wp-image-251985\" src=\"https:\/\/lottomat.com\/wp-content\/uploads\/2025\/10\/Mega-Millions-results.webp\" alt=\"Mega Millions resultat\" width=\"200\" height=\"200\" srcset=\"https:\/\/lottomat.com\/wp-content\/uploads\/2025\/10\/Mega-Millions-results.webp 400w, https:\/\/lottomat.com\/wp-content\/uploads\/2025\/10\/Mega-Millions-results-300x300.webp 300w, https:\/\/lottomat.com\/wp-content\/uploads\/2025\/10\/Mega-Millions-results-150x150.webp 150w, https:\/\/lottomat.com\/wp-content\/uploads\/2025\/10\/Mega-Millions-results-100x100.webp 100w\" sizes=\"auto, (max-width: 200px) 100vw, 200px\" \/>Hur kontrollerar man historiska Mega Millions-resultat och vinnande nummer?<\/h2>\n<p>Vi vet hur viktiga arkiverade lottoresultat \u00e4r f\u00f6r m\u00e5nga av oss, eftersom en del av er bygger sin strategi f\u00f6r kommande dragningar p\u00e5 dem. Allt du beh\u00f6ver g\u00f6ra f\u00f6r att anv\u00e4nda dem \u00e4r att g\u00e5 till v\u00e5r resultatkalender. Den finns tillg\u00e4nglig p\u00e5 h\u00f6ger sida l\u00e4ngst upp. Efter att ha klickat p\u00e5 ett datum kan du fritt bl\u00e4ddra till andra perioder. <strong>D\u00e4r kan du kontrollera de Mega Millions vinnande nummer som drogs under de senaste veckorna och se hur viktigt det \u00e4r med ett varierat urval av nummer p\u00e5 lotterna<\/strong>.<\/p>\n<h2>Hur anv\u00e4nder man arkivet med Mega Millions vinnande nummer?<\/h2>\n<p>Det historiska arkivet med Mega Millions-resultat \u00e4r ett v\u00e4rdefullt verktyg f\u00f6r spelare som vill analysera m\u00f6nster och utveckla sina spelstrategier. Genom att granska tidigare dragningar kan du identifiera trender i nummerfrekens och fatta mer v\u00e4lgrundade beslut om dina nummerval. <strong>Arkivet l\u00e5ter dig sp\u00e5ra vilka nummer som ofta f\u00f6rekommer tillsammans, vilket hj\u00e4lper dig att f\u00f6rst\u00e5 spelets m\u00f6nster \u00f6ver tid<\/strong>. M\u00e5nga framg\u00e5ngsrika spelare anv\u00e4nder dessa historiska data f\u00f6r att skapa systematiska metoder f\u00f6r sina nummerval, men det \u00e4r viktigt att komma ih\u00e5g att varje dragning \u00e4r oberoende och slumpm\u00e4ssig. Arkivet ger inblick i nummerkombinationer som dragits flera g\u00e5nger och ger dig en grund f\u00f6r att skapa din egen urvalsmetodik. Tidigare resultat garanterar dock inga framtida vinster i lottospel.<\/p>\n<h2>Vilka \u00e4r de mest dragna numren i Mega Millions?<img loading=\"lazy\" decoding=\"async\" class=\"alignright wp-image-252015\" src=\"https:\/\/lottomat.com\/wp-content\/uploads\/2025\/10\/drawing-results.webp\" alt=\"dragningsresultat\" width=\"200\" height=\"200\" srcset=\"https:\/\/lottomat.com\/wp-content\/uploads\/2025\/10\/drawing-results.webp 400w, https:\/\/lottomat.com\/wp-content\/uploads\/2025\/10\/drawing-results-300x300.webp 300w, https:\/\/lottomat.com\/wp-content\/uploads\/2025\/10\/drawing-results-150x150.webp 150w, https:\/\/lottomat.com\/wp-content\/uploads\/2025\/10\/drawing-results-100x100.webp 100w\" sizes=\"auto, (max-width: 200px) 100vw, 200px\" \/><\/h2>\n<p>Vi har redan n\u00e4mnt att f\u00f6rbereda en god strategi med hj\u00e4lp av tidigare dragna nummer, men ett lika bra st\u00f6d finns i form av statistik f\u00f6r dragning av specifika nummer. Det visar sig att vissa nummer dras betydligt oftare \u00e4n andra. P\u00e5 LottoMat-webbplatsen hittar du all den informationen f\u00f6r varje lotteri. <strong>De mest dragna numren i Mega Millions \u00e4r: 29, 4, 48 och 36<\/strong>. Nummer 48 har redan dragits 80 g\u00e5nger sedan 2005. <strong>Vad g\u00e4ller Mega Ball \u00e4r de mest dragna numren 35, 9, 36 och 7<\/strong>. Vi \u00f6nskar dig ingenting annat \u00e4n de mest l\u00f6nsamma Mega Millions-resultaten!<\/p>\n<h2>Vilka \u00e4r de minst dragna numren i Mega Millions?<\/h2>\n<p>Medan vissa nummer f\u00f6rekommer ofta i Mega Millions-dragningar verkar andra dras mer s\u00e4llan, vilket skapar det som spelare kallar &#8221;kalla&#8221; nummer. <strong>Dessa mer s\u00e4llan dragna nummer kan vara lika v\u00e4rdefulla n\u00e4r det g\u00e4ller att skapa en balanserad lottostrategi<\/strong>. En del spelare f\u00f6redrar att inkludera dessa s\u00e4llan dragna nummer i sina val, i tron att de \u00e4r &#8221;p\u00e5 tur&#8221; att dyka upp. <strong>De minst dragna huvudnumren i Mega Millions historia inkluderar 50, 51, 65, 66 och 67<\/strong>. Dessa nummer har dragits betydligt f\u00e4rre g\u00e5nger j\u00e4mf\u00f6rt med de vanligaste numren, och vissa har f\u00f6rekommit bara 66\u201384 g\u00e5nger under spelets historia. Bland Mega Ball-numren tenderar vissa nummer som 15 och h\u00f6gre nummer att f\u00f6rekomma mer s\u00e4llan i de senaste dragningarna. De historiskt sett minst dragna huvudnumren inkluderar flera h\u00f6gre nummer fr\u00e5n det tillg\u00e4ngliga intervallet, \u00e4ven om de specifika numren f\u00f6r\u00e4ndras \u00f6ver tid i takt med fler dragningar. <strong>Nummer 50 sticker ut som ett av de kallaste numren och har dragits bara 66 g\u00e5nger sedan spelets start<\/strong>. Det \u00e4r v\u00e4rt att notera att i ett verkligt slumpm\u00e4ssigt system har alla nummer lika stor sannolikhet att dras i en given dragning, oavsett deras historiska frekvens.<\/p>\n<h2><img loading=\"lazy\" decoding=\"async\" class=\"alignleft wp-image-252045\" src=\"https:\/\/lottomat.com\/wp-content\/uploads\/2025\/10\/Mega-Millions-draw.webp\" alt=\"Mega Millions dragning\" width=\"200\" height=\"200\" srcset=\"https:\/\/lottomat.com\/wp-content\/uploads\/2025\/10\/Mega-Millions-draw.webp 400w, https:\/\/lottomat.com\/wp-content\/uploads\/2025\/10\/Mega-Millions-draw-300x300.webp 300w, https:\/\/lottomat.com\/wp-content\/uploads\/2025\/10\/Mega-Millions-draw-150x150.webp 150w, https:\/\/lottomat.com\/wp-content\/uploads\/2025\/10\/Mega-Millions-draw-100x100.webp 100w\" sizes=\"auto, (max-width: 200px) 100vw, 200px\" \/>Kan Mega Millions-resultat f\u00f6ruts\u00e4gas?<\/h2>\n<p>Fr\u00e5gan om lotteridragningar kan f\u00f6ruts\u00e4gas \u00e4r n\u00e5got som fascinerat spelare i generationer. <strong>Mega Millions-dragningar genomf\u00f6rs med certifierade metoder f\u00f6r slumptalsgenerering, vilket g\u00f6r verklig f\u00f6ruts\u00e4gelse matematiskt om\u00f6jlig<\/strong>. Varje boll har lika stor chans att v\u00e4ljas ut i varje dragning, oavsett n\u00e4r den senast drogs. \u00c4ven om statistisk analys av tidigare resultat kan avsl\u00f6ja intressanta m\u00f6nster och frekvenser kan dessa m\u00f6nster inte p\u00e5 ett tillf\u00f6rlitligt s\u00e4tt f\u00f6ruts\u00e4ga framtida utfall. Det slumpm\u00e4ssiga inslaget i lottodragningar inneb\u00e4r att en nummerkombination har samma sannolikhet att vinna som vilken annan som helst, vare sig det \u00e4r en sekvens som 1-2-3-4-5 eller en till synes slumpm\u00e4ssig blandning av nummer. <strong>Det b\u00e4sta tillv\u00e4gag\u00e5ngss\u00e4ttet \u00e4r att <a href=\"https:\/\/lottomat.com\/sv\/spela\/mega-millions\/\">spela Mega Millions online<\/a> p\u00e5 ett ansvarsfullt s\u00e4tt och komma ih\u00e5g att lottospel \u00e4r utformade som slumpspel, inte som skicklighetsspel eller f\u00f6ruts\u00e4gelse\u00f6vningar<\/strong>.<\/p>\n","protected":false},"excerpt":{"rendered":"<p>Mega Millions lotter k\u00f6ps, de vinnande Mega Millions-numren v\u00e4ljs ut, och du fokuserar bara p\u00e5 ljuvliga planer och dr\u00f6mmar som kommer att g\u00e5 i uppfyllelse om du bara ansluter dig till gruppen av miljon\u00e4rer. Det \u00e4r det inget fel p\u00e5 \u2013 vi har alla v\u00e5ra dr\u00f6mmar. Det \u00e4r troligt att varje spelares tankar kretsar kring [&hellip;]<\/p>\n","protected":false},"author":1,"featured_media":0,"parent":7629,"menu_order":2,"comment_status":"closed","ping_status":"closed","template":"megamillion-results.php","meta":{"_et_pb_use_builder":"","_et_pb_old_content":"","_et_gb_content_width":"","exclude_from_search":false,"footnotes":""},"class_list":["post-237860","page","type-page","status-publish","hentry"],"yoast_head":"<!-- This site is optimized with the Yoast SEO plugin v23.8 - https:\/\/yoast.com\/wordpress\/plugins\/seo\/ -->\n<title>Mega Millions Resultat &amp; Vinnande Nummer - Lottomat<\/title>\n<meta name=\"description\" content=\"Kolla de senaste Mega Millions-resultaten och vinnande numren h\u00e4r. Kontrollera vilka nummer som drogs i den senaste Mega Millions-dragningen.\" \/>\n<meta name=\"robots\" content=\"index, follow, max-snippet:-1, max-image-preview:large, max-video-preview:-1\" \/>\n<link rel=\"canonical\" href=\"https:\/\/lottomat.com\/sv\/resultaten\/mega-millions\/\" \/>\n<meta property=\"og:locale\" content=\"sv_SE\" \/>\n<meta property=\"og:type\" content=\"article\" \/>\n<meta property=\"og:title\" content=\"Mega Millions Resultat &amp; Vinnande Nummer - Lottomat\" \/>\n<meta property=\"og:description\" content=\"Kolla de senaste Mega Millions-resultaten och vinnande numren h\u00e4r. Kontrollera vilka nummer som drogs i den senaste Mega Millions-dragningen.\" \/>\n<meta property=\"og:url\" content=\"https:\/\/lottomat.com\/sv\/resultaten\/mega-millions\/\" \/>\n<meta property=\"og:site_name\" content=\"Lottomat\" \/>\n<meta property=\"article:modified_time\" content=\"2026-03-10T06:59:39+00:00\" \/>\n<meta property=\"og:image\" content=\"https:\/\/lottomat.com\/wp-content\/uploads\/2025\/10\/Mega-Millions-winning-numbers.webp\" \/>\n\t<meta property=\"og:image:width\" content=\"400\" \/>\n\t<meta property=\"og:image:height\" content=\"400\" \/>\n\t<meta property=\"og:image:type\" content=\"image\/webp\" \/>\n<meta name=\"twitter:card\" content=\"summary_large_image\" \/>\n<meta name=\"twitter:label1\" content=\"Ber\u00e4knad l\u00e4stid\" \/>\n\t<meta name=\"twitter:data1\" content=\"6 minuter\" \/>\n<script type=\"application\/ld+json\" class=\"yoast-schema-graph\">{\"@context\":\"https:\/\/schema.org\",\"@graph\":[{\"@type\":\"WebPage\",\"@id\":\"https:\/\/lottomat.com\/sv\/resultaten\/mega-millions\/\",\"url\":\"https:\/\/lottomat.com\/sv\/resultaten\/mega-millions\/\",\"name\":\"Mega Millions Resultat & Vinnande Nummer - Lottomat\",\"isPartOf\":{\"@id\":\"https:\/\/lottomat.com\/sv\/#website\"},\"primaryImageOfPage\":{\"@id\":\"https:\/\/lottomat.com\/sv\/resultaten\/mega-millions\/#primaryimage\"},\"image\":{\"@id\":\"https:\/\/lottomat.com\/sv\/resultaten\/mega-millions\/#primaryimage\"},\"thumbnailUrl\":\"https:\/\/lottomat.com\/wp-content\/uploads\/2025\/10\/Mega-Millions-winning-numbers.webp\",\"datePublished\":\"2025-04-07T19:24:29+00:00\",\"dateModified\":\"2026-03-10T06:59:39+00:00\",\"description\":\"Kolla de senaste Mega Millions-resultaten och vinnande numren h\u00e4r. Kontrollera vilka nummer som drogs i den senaste Mega Millions-dragningen.\",\"breadcrumb\":{\"@id\":\"https:\/\/lottomat.com\/sv\/resultaten\/mega-millions\/#breadcrumb\"},\"inLanguage\":\"sv-SE\",\"potentialAction\":[{\"@type\":\"ReadAction\",\"target\":[\"https:\/\/lottomat.com\/sv\/resultaten\/mega-millions\/\"]}]},{\"@type\":\"ImageObject\",\"inLanguage\":\"sv-SE\",\"@id\":\"https:\/\/lottomat.com\/sv\/resultaten\/mega-millions\/#primaryimage\",\"url\":\"https:\/\/lottomat.com\/wp-content\/uploads\/2025\/10\/Mega-Millions-winning-numbers.webp\",\"contentUrl\":\"https:\/\/lottomat.com\/wp-content\/uploads\/2025\/10\/Mega-Millions-winning-numbers.webp\"},{\"@type\":\"BreadcrumbList\",\"@id\":\"https:\/\/lottomat.com\/sv\/resultaten\/mega-millions\/#breadcrumb\",\"itemListElement\":[{\"@type\":\"ListItem\",\"position\":1,\"name\":\"Home\",\"item\":\"https:\/\/lottomat.com\/sv\/\"},{\"@type\":\"ListItem\",\"position\":2,\"name\":\"De Senaste Lotteriresultaten &#038; Vinnande Nummer\",\"item\":\"https:\/\/lottomat.com\/sv\/resultaten\/\"},{\"@type\":\"ListItem\",\"position\":3,\"name\":\"Mega Millions Resultat &#038; Vinnande Nummer\"}]},{\"@type\":\"WebSite\",\"@id\":\"https:\/\/lottomat.com\/sv\/#website\",\"url\":\"https:\/\/lottomat.com\/sv\/\",\"name\":\"Lottomat\",\"description\":\"\",\"potentialAction\":[{\"@type\":\"SearchAction\",\"target\":{\"@type\":\"EntryPoint\",\"urlTemplate\":\"https:\/\/lottomat.com\/sv\/?s={search_term_string}\"},\"query-input\":{\"@type\":\"PropertyValueSpecification\",\"valueRequired\":true,\"valueName\":\"search_term_string\"}}],\"inLanguage\":\"sv-SE\"}]}<\/script>\n<!-- \/ Yoast SEO plugin. -->","yoast_head_json":{"title":"Mega Millions Resultat & Vinnande Nummer - Lottomat","description":"Kolla de senaste Mega Millions-resultaten och vinnande numren h\u00e4r. Kontrollera vilka nummer som drogs i den senaste Mega Millions-dragningen.","robots":{"index":"index","follow":"follow","max-snippet":"max-snippet:-1","max-image-preview":"max-image-preview:large","max-video-preview":"max-video-preview:-1"},"canonical":"https:\/\/lottomat.com\/sv\/resultaten\/mega-millions\/","og_locale":"sv_SE","og_type":"article","og_title":"Mega Millions Resultat & Vinnande Nummer - Lottomat","og_description":"Kolla de senaste Mega Millions-resultaten och vinnande numren h\u00e4r. Kontrollera vilka nummer som drogs i den senaste Mega Millions-dragningen.","og_url":"https:\/\/lottomat.com\/sv\/resultaten\/mega-millions\/","og_site_name":"Lottomat","article_modified_time":"2026-03-10T06:59:39+00:00","og_image":[{"width":400,"height":400,"url":"https:\/\/lottomat.com\/wp-content\/uploads\/2025\/10\/Mega-Millions-winning-numbers.webp","type":"image\/webp"}],"twitter_card":"summary_large_image","twitter_misc":{"Ber\u00e4knad l\u00e4stid":"6 minuter"},"schema":{"@context":"https:\/\/schema.org","@graph":[{"@type":"WebPage","@id":"https:\/\/lottomat.com\/sv\/resultaten\/mega-millions\/","url":"https:\/\/lottomat.com\/sv\/resultaten\/mega-millions\/","name":"Mega Millions Resultat & Vinnande Nummer - Lottomat","isPartOf":{"@id":"https:\/\/lottomat.com\/sv\/#website"},"primaryImageOfPage":{"@id":"https:\/\/lottomat.com\/sv\/resultaten\/mega-millions\/#primaryimage"},"image":{"@id":"https:\/\/lottomat.com\/sv\/resultaten\/mega-millions\/#primaryimage"},"thumbnailUrl":"https:\/\/lottomat.com\/wp-content\/uploads\/2025\/10\/Mega-Millions-winning-numbers.webp","datePublished":"2025-04-07T19:24:29+00:00","dateModified":"2026-03-10T06:59:39+00:00","description":"Kolla de senaste Mega Millions-resultaten och vinnande numren h\u00e4r. Kontrollera vilka nummer som drogs i den senaste Mega Millions-dragningen.","breadcrumb":{"@id":"https:\/\/lottomat.com\/sv\/resultaten\/mega-millions\/#breadcrumb"},"inLanguage":"sv-SE","potentialAction":[{"@type":"ReadAction","target":["https:\/\/lottomat.com\/sv\/resultaten\/mega-millions\/"]}]},{"@type":"ImageObject","inLanguage":"sv-SE","@id":"https:\/\/lottomat.com\/sv\/resultaten\/mega-millions\/#primaryimage","url":"https:\/\/lottomat.com\/wp-content\/uploads\/2025\/10\/Mega-Millions-winning-numbers.webp","contentUrl":"https:\/\/lottomat.com\/wp-content\/uploads\/2025\/10\/Mega-Millions-winning-numbers.webp"},{"@type":"BreadcrumbList","@id":"https:\/\/lottomat.com\/sv\/resultaten\/mega-millions\/#breadcrumb","itemListElement":[{"@type":"ListItem","position":1,"name":"Home","item":"https:\/\/lottomat.com\/sv\/"},{"@type":"ListItem","position":2,"name":"De Senaste Lotteriresultaten &#038; Vinnande Nummer","item":"https:\/\/lottomat.com\/sv\/resultaten\/"},{"@type":"ListItem","position":3,"name":"Mega Millions Resultat &#038; Vinnande Nummer"}]},{"@type":"WebSite","@id":"https:\/\/lottomat.com\/sv\/#website","url":"https:\/\/lottomat.com\/sv\/","name":"Lottomat","description":"","potentialAction":[{"@type":"SearchAction","target":{"@type":"EntryPoint","urlTemplate":"https:\/\/lottomat.com\/sv\/?s={search_term_string}"},"query-input":{"@type":"PropertyValueSpecification","valueRequired":true,"valueName":"search_term_string"}}],"inLanguage":"sv-SE"}]}},"_links":{"self":[{"href":"https:\/\/lottomat.com\/sv\/wp-json\/wp\/v2\/pages\/237860","targetHints":{"allow":["GET"]}}],"collection":[{"href":"https:\/\/lottomat.com\/sv\/wp-json\/wp\/v2\/pages"}],"about":[{"href":"https:\/\/lottomat.com\/sv\/wp-json\/wp\/v2\/types\/page"}],"author":[{"embeddable":true,"href":"https:\/\/lottomat.com\/sv\/wp-json\/wp\/v2\/users\/1"}],"replies":[{"embeddable":true,"href":"https:\/\/lottomat.com\/sv\/wp-json\/wp\/v2\/comments?post=237860"}],"version-history":[{"count":2,"href":"https:\/\/lottomat.com\/sv\/wp-json\/wp\/v2\/pages\/237860\/revisions"}],"predecessor-version":[{"id":272974,"href":"https:\/\/lottomat.com\/sv\/wp-json\/wp\/v2\/pages\/237860\/revisions\/272974"}],"up":[{"embeddable":true,"href":"https:\/\/lottomat.com\/sv\/wp-json\/wp\/v2\/pages\/7629"}],"wp:attachment":[{"href":"https:\/\/lottomat.com\/sv\/wp-json\/wp\/v2\/media?parent=237860"}],"curies":[{"name":"wp","href":"https:\/\/api.w.org\/{rel}","templated":true}]}}