{"id":237702,"date":"2025-04-07T19:23:03","date_gmt":"2025-04-07T19:23:03","guid":{"rendered":"https:\/\/lottomat.net\/lotteri-resultat\/powerball-resultat\/"},"modified":"2026-03-10T07:27:35","modified_gmt":"2026-03-10T07:27:35","slug":"powerball","status":"publish","type":"page","link":"https:\/\/lottomat.com\/sv\/resultaten\/powerball\/","title":{"rendered":"Powerball-resultat &#038; vinnande nummer"},"content":{"rendered":"\n\n<div class=\"kk-star-ratings kksr-auto kksr-align-left kksr-valign-top\"\n    data-payload='{&quot;align&quot;:&quot;left&quot;,&quot;id&quot;:&quot;237702&quot;,&quot;slug&quot;:&quot;default&quot;,&quot;valign&quot;:&quot;top&quot;,&quot;ignore&quot;:&quot;&quot;,&quot;reference&quot;:&quot;auto&quot;,&quot;class&quot;:&quot;&quot;,&quot;count&quot;:&quot;0&quot;,&quot;legendonly&quot;:&quot;&quot;,&quot;readonly&quot;:&quot;&quot;,&quot;score&quot;:&quot;0&quot;,&quot;starsonly&quot;:&quot;&quot;,&quot;best&quot;:&quot;5&quot;,&quot;gap&quot;:&quot;5&quot;,&quot;greet&quot;:&quot;Rate this page&quot;,&quot;legend&quot;:&quot;0\\\/5 - (0 votes)&quot;,&quot;size&quot;:&quot;30&quot;,&quot;title&quot;:&quot;Powerball-resultat \\u0026amp; vinnande nummer&quot;,&quot;width&quot;:&quot;0&quot;,&quot;_legend&quot;:&quot;{score}\\\/{best} - ({count} {votes})&quot;,&quot;font_factor&quot;:&quot;1.25&quot;}'>\n            \n<div class=\"kksr-stars\">\n    \n<div class=\"kksr-stars-inactive\">\n            <div class=\"kksr-star\" data-star=\"1\" style=\"padding-right: 5px\">\n            \n\n<div class=\"kksr-icon\" style=\"width: 30px; height: 30px;\"><\/div>\n        <\/div>\n            <div class=\"kksr-star\" data-star=\"2\" style=\"padding-right: 5px\">\n            \n\n<div class=\"kksr-icon\" style=\"width: 30px; height: 30px;\"><\/div>\n        <\/div>\n            <div class=\"kksr-star\" data-star=\"3\" style=\"padding-right: 5px\">\n            \n\n<div class=\"kksr-icon\" style=\"width: 30px; height: 30px;\"><\/div>\n        <\/div>\n            <div class=\"kksr-star\" data-star=\"4\" style=\"padding-right: 5px\">\n            \n\n<div class=\"kksr-icon\" style=\"width: 30px; height: 30px;\"><\/div>\n        <\/div>\n            <div class=\"kksr-star\" data-star=\"5\" style=\"padding-right: 5px\">\n            \n\n<div class=\"kksr-icon\" style=\"width: 30px; height: 30px;\"><\/div>\n        <\/div>\n    <\/div>\n    \n<div class=\"kksr-stars-active\" style=\"width: 0px;\">\n            <div class=\"kksr-star\" style=\"padding-right: 5px\">\n            \n\n<div class=\"kksr-icon\" style=\"width: 30px; height: 30px;\"><\/div>\n        <\/div>\n            <div class=\"kksr-star\" style=\"padding-right: 5px\">\n            \n\n<div class=\"kksr-icon\" style=\"width: 30px; height: 30px;\"><\/div>\n        <\/div>\n            <div class=\"kksr-star\" style=\"padding-right: 5px\">\n            \n\n<div class=\"kksr-icon\" style=\"width: 30px; height: 30px;\"><\/div>\n        <\/div>\n            <div class=\"kksr-star\" style=\"padding-right: 5px\">\n            \n\n<div class=\"kksr-icon\" style=\"width: 30px; height: 30px;\"><\/div>\n        <\/div>\n            <div class=\"kksr-star\" style=\"padding-right: 5px\">\n            \n\n<div class=\"kksr-icon\" style=\"width: 30px; height: 30px;\"><\/div>\n        <\/div>\n    <\/div>\n<\/div>\n                \n\n<div class=\"kksr-legend\" style=\"font-size: 24px;\">\n            <span class=\"kksr-muted\">Rate this page<\/span>\n    <\/div>\n    <\/div>\n<p>Efter att ha k\u00f6pt lottsedlarna, valt de fem huvudnumren och ett bonusnummer f\u00f6r Powerball p\u00e5 dem, \u00e4r allt du beh\u00f6ver g\u00f6ra att t\u00e5lmodigt v\u00e4nta p\u00e5 dragningsresultaten, som kommer att dyka upp blixtsnabbt p\u00e5 <a href=\"https:\/\/lottomat.com\/sv\/\"><strong>LottoMats webbplats<\/strong><\/a>. All information vi publicerar om de dragna numren kommer direkt fr\u00e5n dragningsv\u00e4rden, s\u00e5 att du kan vara s\u00e4ker p\u00e5 att <strong>Powerball-resultaten till 100% st\u00e4mmer \u00f6verens med dragningen<\/strong>.<img loading=\"lazy\" decoding=\"async\" class=\"alignleft wp-image-252294\" src=\"https:\/\/lottomat.com\/wp-content\/uploads\/2025\/10\/jackpot-and-prizes-300x300.webp\" alt=\"jackpot och priser\" width=\"200\" height=\"200\" srcset=\"https:\/\/lottomat.com\/wp-content\/uploads\/2025\/10\/jackpot-and-prizes-300x300.webp 300w, https:\/\/lottomat.com\/wp-content\/uploads\/2025\/10\/jackpot-and-prizes-150x150.webp 150w, https:\/\/lottomat.com\/wp-content\/uploads\/2025\/10\/jackpot-and-prizes-100x100.webp 100w, https:\/\/lottomat.com\/wp-content\/uploads\/2025\/10\/jackpot-and-prizes.webp 400w\" sizes=\"auto, (max-width: 200px) 100vw, 200px\" \/><\/p>\n<h2>Hur kontrollerar man de aktuella Powerball-resultaten?<\/h2>\n<p>P\u00e5 LottoMats webbplats hittar du alltid de <strong>senaste resultaten fr\u00e5n Powerball-lotteriet<\/strong>, helt f\u00e4rska. Vi uppdaterar Powerball-resultaten direkt efter dragningen, de kommer fr\u00e5n officiella k\u00e4llor, det vill s\u00e4ga lotteriets arrang\u00f6r, och \u00e4r <strong>hundra procent tillf\u00f6rlitliga<\/strong>. N\u00e4r du har g\u00e5tt till sidan med Powerball-lotteriresultat beh\u00f6ver du j\u00e4mf\u00f6ra numren p\u00e5 lottsedeln med numren i resultattabellen. Om din lottsedel har sex dragna nummer \u2013 grattis, <strong>du har precis blivit miljon\u00e4r!<\/strong> Om inte, finns det ingenting att oroa sig f\u00f6r, eftersom Powerball har hela <strong>nio prisniv\u00e5er med garanterade vinster<\/strong>. Det betyder att du inte beh\u00f6ver tr\u00e4ffa alla sex f\u00f6r att vinna ett penningpris, men du m\u00e5ste <a href=\"https:\/\/lottomat.com\/sv\/spela\/spela-powerball\/\">k\u00f6pa en Powerball-lottsedel online<\/a>!<\/p>\n<h2>Hur kontrollerar man g\u00e5rdagens Powe<img loading=\"lazy\" decoding=\"async\" class=\"wp-image-252354 alignright\" src=\"https:\/\/lottomat.com\/wp-content\/uploads\/2025\/10\/Powerball-Numbers-300x300.webp\" alt=\"Powerball-nummer\" width=\"200\" height=\"200\" srcset=\"https:\/\/lottomat.com\/wp-content\/uploads\/2025\/10\/Powerball-Numbers-300x300.webp 300w, https:\/\/lottomat.com\/wp-content\/uploads\/2025\/10\/Powerball-Numbers-150x150.webp 150w, https:\/\/lottomat.com\/wp-content\/uploads\/2025\/10\/Powerball-Numbers-100x100.webp 100w, https:\/\/lottomat.com\/wp-content\/uploads\/2025\/10\/Powerball-Numbers.webp 400w\" sizes=\"auto, (max-width: 200px) 100vw, 200px\" \/>rball-resultat?<\/h2>\n<p>Oavsett om du letar efter dagens resultat, g\u00e5rdagens nummer eller dragningar fr\u00e5n f\u00f6rra veckan, kan du hitta <strong>alla Powerball-resultat enkelt p\u00e5 LottoMat<\/strong>. V\u00e5r omfattande resultadatabas ger dig snabb och smidig tillg\u00e5ng till information om alla dragningar. Navigera helt enkelt till resultatsektionen och v\u00e4lj det specifika datum du vill kontrollera. Den h\u00e4r praktiska funktionen s\u00e4kerst\u00e4ller att <strong>du aldrig missar att kontrollera dina lottsedlar<\/strong>, oavsett n\u00e4r dragningen \u00e4gde rum.<\/p>\n<h2>Hur anv\u00e4nder man arkiverade Powerball-dragningsresultat?<\/h2>\n<p>LottoMats webbplats erbjuder dig \u00e4ven <strong>arkiverade Powerball-dragningsresultat<\/strong>. Om du vill s\u00f6ka bland dem beh\u00f6ver du bara anv\u00e4nda v\u00e5r resultatkalender. Du hittar den p\u00e5 h\u00f6ger sida om de aktuellt dragna numren. N\u00e4r du expanderar listan kan du s\u00f6ka efter tidigare dragningar, \u00e4nda tillbaka <strong>tolv m\u00e5nader<\/strong>.<\/p>\n<h3><img loading=\"lazy\" decoding=\"async\" class=\"alignleft wp-image-252324\" src=\"https:\/\/lottomat.com\/wp-content\/uploads\/2025\/10\/Powerball-Draw-300x300.webp\" alt=\"Powerball-dragning\" width=\"200\" height=\"200\" srcset=\"https:\/\/lottomat.com\/wp-content\/uploads\/2025\/10\/Powerball-Draw-300x300.webp 300w, https:\/\/lottomat.com\/wp-content\/uploads\/2025\/10\/Powerball-Draw-150x150.webp 150w, https:\/\/lottomat.com\/wp-content\/uploads\/2025\/10\/Powerball-Draw-100x100.webp 100w, https:\/\/lottomat.com\/wp-content\/uploads\/2025\/10\/Powerball-Draw.webp 400w\" sizes=\"auto, (max-width: 200px) 100vw, 200px\" \/>Vilka f\u00f6rdelar finns det med att anv\u00e4nda arkiverade Powerball-resultat?<\/h3>\n<p>Vad beh\u00f6ver du de arkiverade lottodragningsresultaten till? Det finns faktiskt flera anv\u00e4ndningsomr\u00e5den. F\u00f6r det f\u00f6rsta kan de hj\u00e4lpa dig att <strong>skapa din egen strategi f\u00f6r att v\u00e4lja nummer<\/strong> n\u00e4r du fyller i lottsedlar igen, s\u00e5 att dina framtida spel kan bli mer framg\u00e5ngsrika. Du kan ocks\u00e5 <a href=\"https:\/\/lottomat.com\/sv\/resultaten\/\">anv\u00e4nda arkiverade lotteriresultat<\/a> f\u00f6r att se vilka nummer som dragits mest nyligen, vilka som inte dykt upp p\u00e5 flera veckor, och du kommer att inse hur viktigt det \u00e4r att v\u00e4lja varierade nummer fr\u00e5n olika intervall. Det har l\u00e4nge varit k\u00e4nt att man inte b\u00f6r begr\u00e4nsa sig p\u00e5 n\u00e5got s\u00e4tt n\u00e4r man fyller i lottsedlar. Varje nummer i den tillg\u00e4ngliga poolen \u00e4r viktigt, men \u00e4nd\u00e5 v\u00e4ljer m\u00e5nga spelare en fast upps\u00e4ttning nummer baserade p\u00e5 f\u00f6delsedagar, exempelvis f\u00f6delsedag eller m\u00e5nad, vilket verkligen inskr\u00e4nker poolen och samtidigt minskar chanserna att vinna Powerball-lotteriet. Arkiverade dragningsresultat inneh\u00e5ller \u00e4ven information om de senaste jackpottarna som rullat vidare, prisv\u00e4rden och antalet vinnare som tr\u00e4ffat Powerball-jackpotten.<\/p>\n<h2>Vilka \u00e4r de mest dragna numren i Powerball?<\/h2>\n<p>P\u00e5 LottoMats webbplats hittar du all viktig information relaterad till lotterier. Det handlar inte bara om resultat, utan \u00e4ven en lista \u00f6ver Powerballs regler och intressant information, anv\u00e4ndarvillkor och en stor m\u00e4ngd tips som g\u00f6r det l\u00e4ttare att vinna p\u00e5 lotterier. Vi har tagit fram ett <strong>stort och intressant facit<\/strong> \u00e5t dig, d\u00e4r vi anger vilka nummer som dragits flest respektive f\u00e4rrest g\u00e5nger i Powerball. Det hj\u00e4lper dig att planera valet av nummer p\u00e5 nya lottsedlar, eftersom statistiken tydligt visar vilka nummer som tenderar att dras oftare \u00e4n andra. Ta vara p\u00e5 dem och kom ih\u00e5g att Powerball-numret dras fr\u00e5n ett separat numrerintervall, s\u00e5 samma nummer kan dras b\u00e5de bland huvudnumren och som bonusnummer i Powerball. Du beh\u00f6ver inte l\u00e4ngre s\u00f6ka och skriva ner gamla resultat \u2013 allt serveras direkt p\u00e5 ett silverfat. De <strong>mest dragna numren i Powerball-lotteriet \u00e4r: 8, 26, 22, 23 och 36<\/strong>. Skapa din egen strategi genom att v\u00e4lja de nummer som talar till dig, men anv\u00e4nd \u00e4ven de vi f\u00f6resl\u00e5r, f\u00f6r <strong>statistiken ljuger aldrig<\/strong>.<\/p>\n<h2>Vilka \u00e4r de minst dragna vinnande Powerball-numren?<img loading=\"lazy\" decoding=\"async\" class=\"alignright wp-image-252384\" src=\"https:\/\/lottomat.com\/wp-content\/uploads\/2025\/10\/Powerball-Results-300x300.webp\" alt=\"Powerball-resultat\" width=\"200\" height=\"200\" srcset=\"https:\/\/lottomat.com\/wp-content\/uploads\/2025\/10\/Powerball-Results-300x300.webp 300w, https:\/\/lottomat.com\/wp-content\/uploads\/2025\/10\/Powerball-Results-150x150.webp 150w, https:\/\/lottomat.com\/wp-content\/uploads\/2025\/10\/Powerball-Results-100x100.webp 100w, https:\/\/lottomat.com\/wp-content\/uploads\/2025\/10\/Powerball-Results.webp 400w\" sizes=\"auto, (max-width: 200px) 100vw, 200px\" \/><\/h2>\n<p>Att f\u00f6rst\u00e5 vilka nummer som f\u00f6rekommer mer s\u00e4llan i Powerball-dragningar kan vara lika v\u00e4rdefullt som att k\u00e4nna till de mest dragna. Statistisk analys visar att vissa nummer har varit <strong>konsekvent underrepresenterade i tidigare dragningar<\/strong>. De minst dragna numren inkluderar 15, 51, 37, 47, 12, 4 och 24. Vissa spelare tror att dessa &#8221;kalla&#8221; nummer \u00e4r mogna f\u00f6r en comeback och inkluderar dem i sin nummervalstsrategi. \u00c4ven om tidigare resultat inte garanterar framtida utfall kan analys av dessa m\u00f6nster hj\u00e4lpa dig att fatta mer v\u00e4lgrundade beslut n\u00e4r du v\u00e4ljer dina Powerball-nummer inf\u00f6r kommande dragningar.<\/p>\n<h2>Hur m\u00e5nga spelare vann och hur mycket i den senaste Powerball-dragningen?<\/h2>\n<p>Varje Powerball-dragning skapar <strong>tusentals vinnare p\u00e5 alla prisniv\u00e5er<\/strong>, vilket g\u00f6r det till ett av v\u00e4rldens mest givande lotterier. Prisf\u00f6rdelningen inkluderar vanligtvis en jackpotvinnare eller flera vinnare som delar p\u00e5 toppriset, ett antal miljon\u00e4rer som matchat fem huvudnummer samt hundratusentals vinnare av mindre priser. Prisbeloppen varierar beroende p\u00e5 antalet vinnare i varje kategori och de totala lottsedelf\u00f6rs\u00e4ljningarna f\u00f6r den dragningen. Du hittar <strong>detaljerade sammanst\u00e4llningar \u00f6ver antal vinnare och prisbelopp<\/strong> f\u00f6r varje niv\u00e5 direkt efter varje dragning p\u00e5 LottoMats webbplats. Den h\u00e4r informationen hj\u00e4lper dig att f\u00f6rst\u00e5 oddsen och de potentiella vinsterna f\u00f6r olika vinnande kombinationer. Om du vill veta mer om priserna f\u00f6r den kommande dragningen, <a href=\"https:\/\/lottomat.com\/sv\/lotteri\/information-om-powerball\/\">l\u00e4s om Powerball-priser och jackpott<\/a>.<\/p>\n<h2><img loading=\"lazy\" decoding=\"async\" class=\"alignleft wp-image-252414\" src=\"https:\/\/lottomat.com\/wp-content\/uploads\/2025\/10\/Powerball-Winning-Numbers-300x300.webp\" alt=\"Powerball vinnande nummer\" width=\"200\" height=\"200\" srcset=\"https:\/\/lottomat.com\/wp-content\/uploads\/2025\/10\/Powerball-Winning-Numbers-300x300.webp 300w, https:\/\/lottomat.com\/wp-content\/uploads\/2025\/10\/Powerball-Winning-Numbers-150x150.webp 150w, https:\/\/lottomat.com\/wp-content\/uploads\/2025\/10\/Powerball-Winning-Numbers-100x100.webp 100w, https:\/\/lottomat.com\/wp-content\/uploads\/2025\/10\/Powerball-Winning-Numbers.webp 400w\" sizes=\"auto, (max-width: 200px) 100vw, 200px\" \/><\/h2>\n<h2>Hur f\u00f6ruts\u00e4ger man Powerball-resultat och vinnande nummer?<\/h2>\n<p>\u00c4ven om Powerball \u00e4r ett slumpm\u00e4ssigt spel och <strong>ingen metod kan garantera vinnande nummer<\/strong>, anv\u00e4nder m\u00e5nga spelare olika strategier f\u00f6r att f\u00f6rb\u00e4ttra sitt nummerval. Vissa analyserar frekvensdiagram f\u00f6r att identifiera heta och kalla nummer, medan andra anv\u00e4nder matematiska system som hjulsystem eller deltanummeranalys. Slumptalsgeneratorer kan hj\u00e4lpa till att eliminera m\u00e4nskliga f\u00f6rdomar i nummervalet. Kom ih\u00e5g att varje dragning \u00e4r oberoende och att varje nummerkombination har lika stor chans att dras. Det viktigaste \u00e4r att <strong>spela konsekvent med nummer du k\u00e4nner dig trygg med<\/strong>, oavsett om de baseras p\u00e5 statistisk analys, personlig betydelse eller ren intuition. Viktigast av allt \u2013 spela alltid ansvarsfullt inom dina budgetgr\u00e4nser. Nu vet du om det \u00e4r m\u00f6jligt att f\u00f6ruts\u00e4ga Powerball-resultaten. En sak \u00e4r s\u00e4ker \u2013 f\u00f6r att vinna m\u00e5ste du spela. S\u00e5 <a href=\"https:\/\/lottomat.com\/sv\/spela\/\">k\u00f6p en lottsedel till vilket lotteri som helst<\/a> och v\u00e4nta p\u00e5 resultaten som kommer att g\u00f6ra dig glad.<\/p>\n","protected":false},"excerpt":{"rendered":"<p>Efter att ha k\u00f6pt lottsedlarna, valt de fem huvudnumren och ett bonusnummer f\u00f6r Powerball p\u00e5 dem, \u00e4r allt du beh\u00f6ver g\u00f6ra att t\u00e5lmodigt v\u00e4nta p\u00e5 dragningsresultaten, som kommer att dyka upp blixtsnabbt p\u00e5 LottoMats webbplats. All information vi publicerar om de dragna numren kommer direkt fr\u00e5n dragningsv\u00e4rden, s\u00e5 att du kan vara s\u00e4ker p\u00e5 att [&hellip;]<\/p>\n","protected":false},"author":1,"featured_media":0,"parent":7629,"menu_order":1,"comment_status":"closed","ping_status":"closed","template":"powerball-usa-results.php","meta":{"_et_pb_use_builder":"","_et_pb_old_content":"","_et_gb_content_width":"","exclude_from_search":false,"footnotes":""},"class_list":["post-237702","page","type-page","status-publish","hentry"],"yoast_head":"<!-- This site is optimized with the Yoast SEO plugin v23.8 - https:\/\/yoast.com\/wordpress\/plugins\/seo\/ -->\n<title>Powerball-resultat &amp; vinnande nummer \u2013 LottoMat<\/title>\n<meta name=\"description\" content=\"Kolla de senaste Powerball-resultaten och vinnande numren. J\u00e4mf\u00f6r dina nummer med de officiella dragningsresultaten f\u00f6r att se om du har vunnit!\" \/>\n<meta name=\"robots\" content=\"index, follow, max-snippet:-1, max-image-preview:large, max-video-preview:-1\" \/>\n<link rel=\"canonical\" href=\"https:\/\/lottomat.com\/sv\/resultaten\/powerball\/\" \/>\n<meta property=\"og:locale\" content=\"sv_SE\" \/>\n<meta property=\"og:type\" content=\"article\" \/>\n<meta property=\"og:title\" content=\"Powerball-resultat &amp; vinnande nummer \u2013 LottoMat\" \/>\n<meta property=\"og:description\" content=\"Kolla de senaste Powerball-resultaten och vinnande numren. J\u00e4mf\u00f6r dina nummer med de officiella dragningsresultaten f\u00f6r att se om du har vunnit!\" \/>\n<meta property=\"og:url\" content=\"https:\/\/lottomat.com\/sv\/resultaten\/powerball\/\" \/>\n<meta property=\"og:site_name\" content=\"Lottomat\" \/>\n<meta property=\"article:modified_time\" content=\"2026-03-10T07:27:35+00:00\" \/>\n<meta property=\"og:image\" content=\"https:\/\/lottomat.com\/wp-content\/uploads\/2025\/10\/jackpot-and-prizes.webp\" \/>\n\t<meta property=\"og:image:width\" content=\"400\" \/>\n\t<meta property=\"og:image:height\" content=\"400\" \/>\n\t<meta property=\"og:image:type\" content=\"image\/webp\" \/>\n<meta name=\"twitter:card\" content=\"summary_large_image\" \/>\n<meta name=\"twitter:label1\" content=\"Ber\u00e4knad l\u00e4stid\" \/>\n\t<meta name=\"twitter:data1\" content=\"6 minuter\" \/>\n<script type=\"application\/ld+json\" class=\"yoast-schema-graph\">{\"@context\":\"https:\/\/schema.org\",\"@graph\":[{\"@type\":\"WebPage\",\"@id\":\"https:\/\/lottomat.com\/sv\/resultaten\/powerball\/\",\"url\":\"https:\/\/lottomat.com\/sv\/resultaten\/powerball\/\",\"name\":\"Powerball-resultat & vinnande nummer \u2013 LottoMat\",\"isPartOf\":{\"@id\":\"https:\/\/lottomat.com\/sv\/#website\"},\"primaryImageOfPage\":{\"@id\":\"https:\/\/lottomat.com\/sv\/resultaten\/powerball\/#primaryimage\"},\"image\":{\"@id\":\"https:\/\/lottomat.com\/sv\/resultaten\/powerball\/#primaryimage\"},\"thumbnailUrl\":\"https:\/\/lottomat.com\/wp-content\/uploads\/2025\/10\/jackpot-and-prizes-300x300.webp\",\"datePublished\":\"2025-04-07T19:23:03+00:00\",\"dateModified\":\"2026-03-10T07:27:35+00:00\",\"description\":\"Kolla de senaste Powerball-resultaten och vinnande numren. J\u00e4mf\u00f6r dina nummer med de officiella dragningsresultaten f\u00f6r att se om du har vunnit!\",\"breadcrumb\":{\"@id\":\"https:\/\/lottomat.com\/sv\/resultaten\/powerball\/#breadcrumb\"},\"inLanguage\":\"sv-SE\",\"potentialAction\":[{\"@type\":\"ReadAction\",\"target\":[\"https:\/\/lottomat.com\/sv\/resultaten\/powerball\/\"]}]},{\"@type\":\"ImageObject\",\"inLanguage\":\"sv-SE\",\"@id\":\"https:\/\/lottomat.com\/sv\/resultaten\/powerball\/#primaryimage\",\"url\":\"https:\/\/lottomat.com\/wp-content\/uploads\/2025\/10\/jackpot-and-prizes-300x300.webp\",\"contentUrl\":\"https:\/\/lottomat.com\/wp-content\/uploads\/2025\/10\/jackpot-and-prizes-300x300.webp\"},{\"@type\":\"BreadcrumbList\",\"@id\":\"https:\/\/lottomat.com\/sv\/resultaten\/powerball\/#breadcrumb\",\"itemListElement\":[{\"@type\":\"ListItem\",\"position\":1,\"name\":\"Home\",\"item\":\"https:\/\/lottomat.com\/sv\/\"},{\"@type\":\"ListItem\",\"position\":2,\"name\":\"De Senaste Lotteriresultaten &#038; Vinnande Nummer\",\"item\":\"https:\/\/lottomat.com\/sv\/resultaten\/\"},{\"@type\":\"ListItem\",\"position\":3,\"name\":\"Powerball-resultat &#038; vinnande nummer\"}]},{\"@type\":\"WebSite\",\"@id\":\"https:\/\/lottomat.com\/sv\/#website\",\"url\":\"https:\/\/lottomat.com\/sv\/\",\"name\":\"Lottomat\",\"description\":\"\",\"potentialAction\":[{\"@type\":\"SearchAction\",\"target\":{\"@type\":\"EntryPoint\",\"urlTemplate\":\"https:\/\/lottomat.com\/sv\/?s={search_term_string}\"},\"query-input\":{\"@type\":\"PropertyValueSpecification\",\"valueRequired\":true,\"valueName\":\"search_term_string\"}}],\"inLanguage\":\"sv-SE\"}]}<\/script>\n<!-- \/ Yoast SEO plugin. -->","yoast_head_json":{"title":"Powerball-resultat & vinnande nummer \u2013 LottoMat","description":"Kolla de senaste Powerball-resultaten och vinnande numren. J\u00e4mf\u00f6r dina nummer med de officiella dragningsresultaten f\u00f6r att se om du har vunnit!","robots":{"index":"index","follow":"follow","max-snippet":"max-snippet:-1","max-image-preview":"max-image-preview:large","max-video-preview":"max-video-preview:-1"},"canonical":"https:\/\/lottomat.com\/sv\/resultaten\/powerball\/","og_locale":"sv_SE","og_type":"article","og_title":"Powerball-resultat & vinnande nummer \u2013 LottoMat","og_description":"Kolla de senaste Powerball-resultaten och vinnande numren. J\u00e4mf\u00f6r dina nummer med de officiella dragningsresultaten f\u00f6r att se om du har vunnit!","og_url":"https:\/\/lottomat.com\/sv\/resultaten\/powerball\/","og_site_name":"Lottomat","article_modified_time":"2026-03-10T07:27:35+00:00","og_image":[{"width":400,"height":400,"url":"https:\/\/lottomat.com\/wp-content\/uploads\/2025\/10\/jackpot-and-prizes.webp","type":"image\/webp"}],"twitter_card":"summary_large_image","twitter_misc":{"Ber\u00e4knad l\u00e4stid":"6 minuter"},"schema":{"@context":"https:\/\/schema.org","@graph":[{"@type":"WebPage","@id":"https:\/\/lottomat.com\/sv\/resultaten\/powerball\/","url":"https:\/\/lottomat.com\/sv\/resultaten\/powerball\/","name":"Powerball-resultat & vinnande nummer \u2013 LottoMat","isPartOf":{"@id":"https:\/\/lottomat.com\/sv\/#website"},"primaryImageOfPage":{"@id":"https:\/\/lottomat.com\/sv\/resultaten\/powerball\/#primaryimage"},"image":{"@id":"https:\/\/lottomat.com\/sv\/resultaten\/powerball\/#primaryimage"},"thumbnailUrl":"https:\/\/lottomat.com\/wp-content\/uploads\/2025\/10\/jackpot-and-prizes-300x300.webp","datePublished":"2025-04-07T19:23:03+00:00","dateModified":"2026-03-10T07:27:35+00:00","description":"Kolla de senaste Powerball-resultaten och vinnande numren. J\u00e4mf\u00f6r dina nummer med de officiella dragningsresultaten f\u00f6r att se om du har vunnit!","breadcrumb":{"@id":"https:\/\/lottomat.com\/sv\/resultaten\/powerball\/#breadcrumb"},"inLanguage":"sv-SE","potentialAction":[{"@type":"ReadAction","target":["https:\/\/lottomat.com\/sv\/resultaten\/powerball\/"]}]},{"@type":"ImageObject","inLanguage":"sv-SE","@id":"https:\/\/lottomat.com\/sv\/resultaten\/powerball\/#primaryimage","url":"https:\/\/lottomat.com\/wp-content\/uploads\/2025\/10\/jackpot-and-prizes-300x300.webp","contentUrl":"https:\/\/lottomat.com\/wp-content\/uploads\/2025\/10\/jackpot-and-prizes-300x300.webp"},{"@type":"BreadcrumbList","@id":"https:\/\/lottomat.com\/sv\/resultaten\/powerball\/#breadcrumb","itemListElement":[{"@type":"ListItem","position":1,"name":"Home","item":"https:\/\/lottomat.com\/sv\/"},{"@type":"ListItem","position":2,"name":"De Senaste Lotteriresultaten &#038; Vinnande Nummer","item":"https:\/\/lottomat.com\/sv\/resultaten\/"},{"@type":"ListItem","position":3,"name":"Powerball-resultat &#038; vinnande nummer"}]},{"@type":"WebSite","@id":"https:\/\/lottomat.com\/sv\/#website","url":"https:\/\/lottomat.com\/sv\/","name":"Lottomat","description":"","potentialAction":[{"@type":"SearchAction","target":{"@type":"EntryPoint","urlTemplate":"https:\/\/lottomat.com\/sv\/?s={search_term_string}"},"query-input":{"@type":"PropertyValueSpecification","valueRequired":true,"valueName":"search_term_string"}}],"inLanguage":"sv-SE"}]}},"_links":{"self":[{"href":"https:\/\/lottomat.com\/sv\/wp-json\/wp\/v2\/pages\/237702","targetHints":{"allow":["GET"]}}],"collection":[{"href":"https:\/\/lottomat.com\/sv\/wp-json\/wp\/v2\/pages"}],"about":[{"href":"https:\/\/lottomat.com\/sv\/wp-json\/wp\/v2\/types\/page"}],"author":[{"embeddable":true,"href":"https:\/\/lottomat.com\/sv\/wp-json\/wp\/v2\/users\/1"}],"replies":[{"embeddable":true,"href":"https:\/\/lottomat.com\/sv\/wp-json\/wp\/v2\/comments?post=237702"}],"version-history":[{"count":3,"href":"https:\/\/lottomat.com\/sv\/wp-json\/wp\/v2\/pages\/237702\/revisions"}],"predecessor-version":[{"id":272982,"href":"https:\/\/lottomat.com\/sv\/wp-json\/wp\/v2\/pages\/237702\/revisions\/272982"}],"up":[{"embeddable":true,"href":"https:\/\/lottomat.com\/sv\/wp-json\/wp\/v2\/pages\/7629"}],"wp:attachment":[{"href":"https:\/\/lottomat.com\/sv\/wp-json\/wp\/v2\/media?parent=237702"}],"curies":[{"name":"wp","href":"https:\/\/api.w.org\/{rel}","templated":true}]}}