{"id":232641,"date":"2025-03-27T10:35:32","date_gmt":"2025-03-27T10:35:32","guid":{"rendered":"https:\/\/lottomat.net\/lotteri-resultat\/eurojackpot-resultat\/"},"modified":"2026-03-10T07:45:30","modified_gmt":"2026-03-10T07:45:30","slug":"eurojackpot","status":"publish","type":"page","link":"https:\/\/lottomat.com\/sv\/resultaten\/eurojackpot\/","title":{"rendered":"Eurojackpot-resultat och vinstnummer"},"content":{"rendered":"\n\n<div class=\"kk-star-ratings kksr-auto kksr-align-left kksr-valign-top\"\n    data-payload='{&quot;align&quot;:&quot;left&quot;,&quot;id&quot;:&quot;232641&quot;,&quot;slug&quot;:&quot;default&quot;,&quot;valign&quot;:&quot;top&quot;,&quot;ignore&quot;:&quot;&quot;,&quot;reference&quot;:&quot;auto&quot;,&quot;class&quot;:&quot;&quot;,&quot;count&quot;:&quot;0&quot;,&quot;legendonly&quot;:&quot;&quot;,&quot;readonly&quot;:&quot;&quot;,&quot;score&quot;:&quot;0&quot;,&quot;starsonly&quot;:&quot;&quot;,&quot;best&quot;:&quot;5&quot;,&quot;gap&quot;:&quot;5&quot;,&quot;greet&quot;:&quot;Rate this page&quot;,&quot;legend&quot;:&quot;0\\\/5 - (0 votes)&quot;,&quot;size&quot;:&quot;30&quot;,&quot;title&quot;:&quot;Eurojackpot-resultat och vinstnummer&quot;,&quot;width&quot;:&quot;0&quot;,&quot;_legend&quot;:&quot;{score}\\\/{best} - ({count} {votes})&quot;,&quot;font_factor&quot;:&quot;1.25&quot;}'>\n            \n<div class=\"kksr-stars\">\n    \n<div class=\"kksr-stars-inactive\">\n            <div class=\"kksr-star\" data-star=\"1\" style=\"padding-right: 5px\">\n            \n\n<div class=\"kksr-icon\" style=\"width: 30px; height: 30px;\"><\/div>\n        <\/div>\n            <div class=\"kksr-star\" data-star=\"2\" style=\"padding-right: 5px\">\n            \n\n<div class=\"kksr-icon\" style=\"width: 30px; height: 30px;\"><\/div>\n        <\/div>\n            <div class=\"kksr-star\" data-star=\"3\" style=\"padding-right: 5px\">\n            \n\n<div class=\"kksr-icon\" style=\"width: 30px; height: 30px;\"><\/div>\n        <\/div>\n            <div class=\"kksr-star\" data-star=\"4\" style=\"padding-right: 5px\">\n            \n\n<div class=\"kksr-icon\" style=\"width: 30px; height: 30px;\"><\/div>\n        <\/div>\n            <div class=\"kksr-star\" data-star=\"5\" style=\"padding-right: 5px\">\n            \n\n<div class=\"kksr-icon\" style=\"width: 30px; height: 30px;\"><\/div>\n        <\/div>\n    <\/div>\n    \n<div class=\"kksr-stars-active\" style=\"width: 0px;\">\n            <div class=\"kksr-star\" style=\"padding-right: 5px\">\n            \n\n<div class=\"kksr-icon\" style=\"width: 30px; height: 30px;\"><\/div>\n        <\/div>\n            <div class=\"kksr-star\" style=\"padding-right: 5px\">\n            \n\n<div class=\"kksr-icon\" style=\"width: 30px; height: 30px;\"><\/div>\n        <\/div>\n            <div class=\"kksr-star\" style=\"padding-right: 5px\">\n            \n\n<div class=\"kksr-icon\" style=\"width: 30px; height: 30px;\"><\/div>\n        <\/div>\n            <div class=\"kksr-star\" style=\"padding-right: 5px\">\n            \n\n<div class=\"kksr-icon\" style=\"width: 30px; height: 30px;\"><\/div>\n        <\/div>\n            <div class=\"kksr-star\" style=\"padding-right: 5px\">\n            \n\n<div class=\"kksr-icon\" style=\"width: 30px; height: 30px;\"><\/div>\n        <\/div>\n    <\/div>\n<\/div>\n                \n\n<div class=\"kksr-legend\" style=\"font-size: 24px;\">\n            <span class=\"kksr-muted\">Rate this page<\/span>\n    <\/div>\n    <\/div>\n<p>K\u00f6pte du Eurojackpot-lotter och undrar om du vann? Tills du k\u00e4nner till de dragna numren kan vad som helst h\u00e4nda, och du kan se <a href=\"https:\/\/lottomat.com\/sv\/resultaten\/\">lotteriresultaten p\u00e5 den h\u00e4r webbplatsen<\/a>. Vi publicerar dem blixtsnabbt direkt efter att vi f\u00e5tt information fr\u00e5n Eurojackpots officiella webbplats, s\u00e5 du kan vara s\u00e4ker p\u00e5 att de \u00e4r tillf\u00f6rlitligt bekr\u00e4ftade och till 100 % korrekta. Analysera Eurojackpot-resultaten och vinstnumren redan nu!<\/p>\n<h2>Hur kollar man dagens Eurojackpot-resultat?<img loading=\"lazy\" decoding=\"async\" class=\"alignright wp-image-257716\" src=\"https:\/\/lottomat.com\/wp-content\/uploads\/2025\/11\/Eurojackpot-online-1.webp\" alt=\"Eurojackpot online\" width=\"200\" height=\"200\" srcset=\"https:\/\/lottomat.com\/wp-content\/uploads\/2025\/11\/Eurojackpot-online-1.webp 400w, https:\/\/lottomat.com\/wp-content\/uploads\/2025\/11\/Eurojackpot-online-1-300x300.webp 300w, https:\/\/lottomat.com\/wp-content\/uploads\/2025\/11\/Eurojackpot-online-1-150x150.webp 150w, https:\/\/lottomat.com\/wp-content\/uploads\/2025\/11\/Eurojackpot-online-1-100x100.webp 100w\" sizes=\"auto, (max-width: 200px) 100vw, 200px\" \/><\/h2>\n<p>Det enklaste s\u00e4ttet att kolla de senaste Eurojackpot-resultaten \u00e4r p\u00e5 v\u00e5r webbplats. Vi tillhandah\u00e5ller <strong>100 % tillf\u00f6rlitliga dragningsresultat<\/strong> som du kan lita p\u00e5 fullt ut. V\u00e5r plattform ser till att alla Eurojackpot-vinstnummer <strong>uppdateras omedelbart efter varje officiell dragning<\/strong>. Oavsett om du letar efter vinnande kombinationer, prisf\u00f6rdelningar eller jackpottbelopp hittar du korrekt och aktuell information h\u00e4r. Vi f\u00f6rst\u00e5r hur viktigt det \u00e4r f\u00f6r lottospelare att snabbt f\u00e5 verifierade resultat, vilket \u00e4r anledningen till att vi prioriterar <strong>snabbhet och noggrannhet<\/strong> n\u00e4r vi levererar Eurojackpot-resultat till v\u00e5ra anv\u00e4ndare.<\/p>\n<h2>Hur kollar man g\u00e5rdagens Eurojackpot-resultat?<\/h2>\n<p>Du kan \u00e4ven kolla g\u00e5rdagens Eurojackpot-resultat p\u00e5 <a href=\"https:\/\/lottomat.com\/sv\/\">v\u00e5r Lottomat-webbplats<\/a>, eftersom vi presenterar inte bara aktuella resultat utan \u00e4ven <strong>historiska data fr\u00e5n tidigare dragningar<\/strong>. V\u00e5r omfattande databas inneh\u00e5ller <strong>dagens resultat, g\u00e5rdagens dragningar och resultat fr\u00e5n veckor, m\u00e5nader eller till och med \u00e5r tillbaka<\/strong>. Det h\u00e4r omfattande arkivet l\u00e5ter dig sp\u00e5ra m\u00f6nster, analysera trender och granska valfri dragning som intresserar dig. Oavsett om du missade att kolla dina lotter ig\u00e5r eller vill verifiera tidigare vinstnummer ger v\u00e5r plattform enkel \u00e5tkomst till alla historiska Eurojackpot-resultat med <strong>fullst\u00e4ndig precision och tillf\u00f6rlitlighet<\/strong>.<\/p>\n<h2>Hur kollar man arkiverade Eurojackpot-resultat?<\/h2>\n<p>F\u00f6r att se arkiverade Eurojackpot-resultat beh\u00f6ver du bara anv\u00e4nda resultatkalendern p\u00e5 Lottomat-webbplatsen. Den finns precis under datumet f\u00f6r den senaste dragningen. Allt du beh\u00f6ver g\u00f6ra \u00e4r att v\u00e4lja det datum du \u00e4r mest intresserad av och se spelets resultat fram till dess.<\/p>\n<h2><img loading=\"lazy\" decoding=\"async\" class=\"alignleft wp-image-257746\" src=\"https:\/\/lottomat.com\/wp-content\/uploads\/2025\/11\/Eurojackpot-tickets-1.webp\" alt=\"Eurojackpot lotter\" width=\"200\" height=\"200\" srcset=\"https:\/\/lottomat.com\/wp-content\/uploads\/2025\/11\/Eurojackpot-tickets-1.webp 400w, https:\/\/lottomat.com\/wp-content\/uploads\/2025\/11\/Eurojackpot-tickets-1-300x300.webp 300w, https:\/\/lottomat.com\/wp-content\/uploads\/2025\/11\/Eurojackpot-tickets-1-150x150.webp 150w, https:\/\/lottomat.com\/wp-content\/uploads\/2025\/11\/Eurojackpot-tickets-1-100x100.webp 100w\" sizes=\"auto, (max-width: 200px) 100vw, 200px\" \/>Hur anv\u00e4nder man arkiverade dragningsresultat och Eurojackpot-vinstnummer?<\/h2>\n<p>De senaste och arkiverade lottoresultaten l\u00e5ter dig kontrollera vilka nummer som drogs i tidigare dragningar, hur ofta jackpotten rullas \u00f6ver i ett visst lotteri, antalet vinnare och rekordvinster. Allt detta finns till f\u00f6r att du ska kunna bygga upp en strategi f\u00f6r att spela Eurojackpot och utveckla din egen metod f\u00f6r att v\u00e4lja nummer. \u00c5 andra sidan, om du vill v\u00e4lja nummer snabbare men \u00e4nd\u00e5 anv\u00e4nda statistik, \u00e4r du fri att anv\u00e4nda v\u00e5ra tips om de mest och minst dragna numren i Eurojackpot-lotteriet. All n\u00f6dv\u00e4ndig data och information finns p\u00e5 Lottomat-webbplatsen. Kom ih\u00e5g att inte begr\u00e4nsa dig n\u00e4r du spelar. D\u00e4rf\u00f6r \u00e4r det en god id\u00e9 att v\u00e4lja fr\u00e5n hela poolen av tillg\u00e4ngliga nummer n\u00e4r du spelar, eftersom det \u00f6kar dina chanser att vinna huvudpriset.<\/p>\n<h2>Vilka nummer dras oftast i Eurojackpot?<\/h2>\n<p>Baserat p\u00e5 statistisk analys av Eurojackpot-dragningar sedan lotteriet startade 2012 \u00e4r de mest frekvent dragna huvudnumren <strong>14, 16, 18, 19, 25, 33 och 40<\/strong>. Dessa heta nummer har f\u00f6rekommit oftare \u00e4n andra under hela lotteriets historia. Vad g\u00e4ller bonusnumren (Euro Numbers) \u00e4r numren <strong>5 och 8 de som dragits mest: 83 g\u00e5nger vardera<\/strong>. M\u00e5nga lottospelare anv\u00e4nder statistiken om heta nummer f\u00f6r att v\u00e4gleda sin nummurvalsstrategi. \u00c4ven om varje nummer teoretiskt sett har lika stor chans att dras, f\u00f6redrar en del spelare att v\u00e4lja bland dessa ofta f\u00f6rekommande nummer n\u00e4r de g\u00f6r sina Eurojackpot-val. Det \u00e4r v\u00e4rt att notera att <strong>tidigare frekvens inte garanterar framtida resultat<\/strong>, men den h\u00e4r statistiken kan ge intressanta insikter f\u00f6r lottointresserade.<\/p>\n<h2>Vilka nummer dras minst frekvent i Eurojackpot?<\/h2>\n<p>I andra \u00e4nden av skalan f\u00f6rekommer vissa nummer mer s\u00e4llan i Eurojackpot-dragningarna, vilket gett dem beteckningen &#8221;kalla nummer&#8221;. De minst frekvent dragna Eurojackpot-numren \u00e4r: <strong>48, 2, 36, 50 och en delad sista plats mellan 24, 27 och 31<\/strong>. De minst f\u00f6rekommande Euro Numbers \u00e4r <strong>9 och 10<\/strong>. En del lottospelare tror att dessa kalla nummer \u00e4r &#8221;p\u00e5 v\u00e4g&#8221; att dras snart, men det \u00e4r viktigt att f\u00f6rst\u00e5 att <strong>varje dragning \u00e4r helt slumpm\u00e4ssig och oberoende<\/strong>. \u00c4ven om det inte \u00e4r s\u00e5 lotteridragningar fungerar \u2013 varje dragning \u00e4r helt slumpm\u00e4ssig och utan koppling till f\u00f6reg\u00e5ende dragning \u2013 \u00e4r det \u00e4nd\u00e5 roligt att ta reda p\u00e5 vilka nummer som f\u00f6rekommit mest s\u00e4llan. Oavsett om du v\u00e4ljer heta nummer, kalla nummer eller en blandning av b\u00e5da, kom ih\u00e5g att <strong>lotteriresultat i slut\u00e4ndan grundar sig p\u00e5 slumpen<\/strong>.<\/p>\n<h2>Hur m\u00e5nga vann i den senaste Eurojackpot-dragningen?<img loading=\"lazy\" decoding=\"async\" class=\"alignright wp-image-257777\" src=\"https:\/\/lottomat.com\/wp-content\/uploads\/2025\/11\/play-Eurojackpot-1.webp\" alt=\"spela Eurojackpot\" width=\"200\" height=\"200\" srcset=\"https:\/\/lottomat.com\/wp-content\/uploads\/2025\/11\/play-Eurojackpot-1.webp 400w, https:\/\/lottomat.com\/wp-content\/uploads\/2025\/11\/play-Eurojackpot-1-300x300.webp 300w, https:\/\/lottomat.com\/wp-content\/uploads\/2025\/11\/play-Eurojackpot-1-150x150.webp 150w, https:\/\/lottomat.com\/wp-content\/uploads\/2025\/11\/play-Eurojackpot-1-100x100.webp 100w\" sizes=\"auto, (max-width: 200px) 100vw, 200px\" \/><\/h2>\n<p>P\u00e5 v\u00e5r webbplats hittar du en detaljerad tabell med utf\u00f6rlig information om den senaste Eurojackpot-dragningens resultat, inklusive <strong>antalet personer som vann priser i varje prisniv\u00e5<\/strong> och <strong>det exakta beloppet f\u00f6r varje pris i euro<\/strong>. Den h\u00e4r uppdelningen visar vinnare i samtliga <strong>tolv priskategorier<\/strong>, fr\u00e5n jackpotvinnaren ned till dem som matchade den l\u00e4gsta vinnande kombinationen. Genom att granska den h\u00e4r informationen kan du se att <strong>spelare faktiskt vinner i Eurojackpot regelbundet<\/strong> p\u00e5 alla prisniv\u00e5er. Prisf\u00f6rdelningen visar lotteriets dragningskraft, med <strong>flera s\u00e4tt att vinna och betydande priser<\/strong> \u00e4ven f\u00f6r l\u00e4gre niv\u00e5er. Den h\u00e4r \u00f6ppenheten hj\u00e4lper spelare att f\u00f6rst\u00e5 sina chanser och se den verkliga effekten av Eurojackpot-dragningarna p\u00e5 vinnare i deltagande l\u00e4nder. \u00c4r du redo att vara med om det roligaste som finns? <a href=\"https:\/\/lottomat.com\/sv\/spela\/eurojackpot\/\">Spela Eurojackpot online<\/a> p\u00e5 Lottomat och vinn stort.<\/p>\n<h2>Vad h\u00e4nder n\u00e4r ingen spelare vinner jackpotten?<\/h2>\n<p>N\u00e4r ingen spelare matchar alla fem huvudnummer plus b\u00e5da Euro Numbers <strong>rullas jackpotbeloppet \u00f6ver till n\u00e4sta dragning<\/strong>, vilket skapar det som kallas en rollover eller ackumulering. Den h\u00e4r processen inneb\u00e4r att <strong>prispotten kontinuerligt v\u00e4xer<\/strong> tills n\u00e5gon vinner toppriset, vilket g\u00f6r efterf\u00f6ljande dragningar \u00e4nnu mer sp\u00e4nnande f\u00f6r spelarna. Rollover-mekanismen g\u00f6r att jackpottarna kan n\u00e5 betydande belopp, med <strong>ett maximalt jackpottak p\u00e5 120 miljoner euro<\/strong>. N\u00e4r detta maxbelopp n\u00e5s f\u00f6rdelas eventuella ytterligare medel som annars skulle ha lagts till jackpotten i st\u00e4llet bland vinnarna i n\u00e4sta prisniv\u00e5. Det h\u00e4r systemet s\u00e4kerst\u00e4ller att enorma priser kan byggas upp \u00f6ver tid och skapar m\u00f6jligheten till livsf\u00f6r\u00e4ndrande vinster som lockar miljontals spelare \u00f6ver hela Europa. L\u00e4s mer om <a href=\"https:\/\/lottomat.com\/sv\/lotteri\/eurojackpot\/\">Eurojackpots priser och jackpott<\/a> p\u00e5 v\u00e5r webbplats.<\/p>\n<h2><img loading=\"lazy\" decoding=\"async\" class=\"alignleft wp-image-257807\" src=\"https:\/\/lottomat.com\/wp-content\/uploads\/2025\/11\/tickets-online.webp\" alt=\"lotter online\" width=\"200\" height=\"200\" srcset=\"https:\/\/lottomat.com\/wp-content\/uploads\/2025\/11\/tickets-online.webp 400w, https:\/\/lottomat.com\/wp-content\/uploads\/2025\/11\/tickets-online-300x300.webp 300w, https:\/\/lottomat.com\/wp-content\/uploads\/2025\/11\/tickets-online-150x150.webp 150w, https:\/\/lottomat.com\/wp-content\/uploads\/2025\/11\/tickets-online-100x100.webp 100w\" sizes=\"auto, (max-width: 200px) 100vw, 200px\" \/>Kan Eurojackpot-dragningsresultat f\u00f6ruts\u00e4gas?<\/h2>\n<p><strong>Nej, Eurojackpot-dragningsresultat kan inte f\u00f6ruts\u00e4gas<\/strong> med n\u00e5gon grad av s\u00e4kerhet. Lotteriet anv\u00e4nder ett <strong>helt slumpm\u00e4ssigt dragningssystem<\/strong> d\u00e4r varje nummerkombination har exakt samma matematiska sannolikhet att v\u00e4ljas i varje enskild dragning. \u00c4ven om statistisk analys kan visa vilka nummer som dragits mer eller mindre frekvent tidigare, har dessa historiska data <strong>ingen inverkan p\u00e5 framtida dragningar<\/strong>. Varje Eurojackpot-dragning \u00e4r en <strong>oberoende h\u00e4ndelse<\/strong>, vilket inneb\u00e4r att tidigare resultat inte p\u00e5verkar kommande dragningar. Alla system eller strategier som p\u00e5st\u00e5r sig kunna f\u00f6ruts\u00e4ga lotterinummer \u00e4r i grunden felaktiga, eftersom <strong>sann slumpm\u00e4ssighet inte kan f\u00f6ruts\u00e4gas<\/strong> eller manipuleras genom analys eller m\u00f6nster. Vad v\u00e4ntar du p\u00e5? Lotterna \u00e4r billiga och chanserna \u00e4r goda, s\u00e5 g\u00f6r dig redo att v\u00e4lja dina nummer och se vad som h\u00e4nder. <strong>Du kan ocks\u00e5 <a href=\"https:\/\/lottomat.com\/sv\/spela\/\">se en fullst\u00e4ndig lista \u00f6ver v\u00e5ra onlinelotterier<\/a> med de st\u00f6rsta jackpottarna!<\/strong><\/p>\n","protected":false},"excerpt":{"rendered":"<p>K\u00f6pte du Eurojackpot-lotter och undrar om du vann? Tills du k\u00e4nner till de dragna numren kan vad som helst h\u00e4nda, och du kan se lotteriresultaten p\u00e5 den h\u00e4r webbplatsen. Vi publicerar dem blixtsnabbt direkt efter att vi f\u00e5tt information fr\u00e5n Eurojackpots officiella webbplats, s\u00e5 du kan vara s\u00e4ker p\u00e5 att de \u00e4r tillf\u00f6rlitligt bekr\u00e4ftade och [&hellip;]<\/p>\n","protected":false},"author":1,"featured_media":0,"parent":7629,"menu_order":4,"comment_status":"closed","ping_status":"closed","template":"eurojackpot-results.php","meta":{"_et_pb_use_builder":"","_et_pb_old_content":"","_et_gb_content_width":"","exclude_from_search":false,"footnotes":""},"class_list":["post-232641","page","type-page","status-publish","hentry"],"yoast_head":"<!-- This site is optimized with the Yoast SEO plugin v23.8 - https:\/\/yoast.com\/wordpress\/plugins\/seo\/ -->\n<title>Eurojackpot-resultat - Eurojackpot vinstnummer - LottoMat<\/title>\n<meta name=\"description\" content=\"Kolla de senaste Eurojackpot-resultaten. H\u00e4r kan du j\u00e4mf\u00f6ra dina nummer med de officiella Eurojackpot-vinstnumren. Missa inte dragningen!\" \/>\n<meta name=\"robots\" content=\"index, follow, max-snippet:-1, max-image-preview:large, max-video-preview:-1\" \/>\n<link rel=\"canonical\" href=\"https:\/\/lottomat.com\/sv\/resultaten\/eurojackpot\/\" \/>\n<meta property=\"og:locale\" content=\"sv_SE\" \/>\n<meta property=\"og:type\" content=\"article\" \/>\n<meta property=\"og:title\" content=\"Eurojackpot-resultat - Eurojackpot vinstnummer - LottoMat\" \/>\n<meta property=\"og:description\" content=\"Kolla de senaste Eurojackpot-resultaten. H\u00e4r kan du j\u00e4mf\u00f6ra dina nummer med de officiella Eurojackpot-vinstnumren. Missa inte dragningen!\" \/>\n<meta property=\"og:url\" content=\"https:\/\/lottomat.com\/sv\/resultaten\/eurojackpot\/\" \/>\n<meta property=\"og:site_name\" content=\"Lottomat\" \/>\n<meta property=\"article:modified_time\" content=\"2026-03-10T07:45:30+00:00\" \/>\n<meta property=\"og:image\" content=\"https:\/\/lottomat.com\/wp-content\/uploads\/2025\/11\/Eurojackpot-online-1.webp\" \/>\n\t<meta property=\"og:image:width\" content=\"400\" \/>\n\t<meta property=\"og:image:height\" content=\"400\" \/>\n\t<meta property=\"og:image:type\" content=\"image\/webp\" \/>\n<meta name=\"twitter:card\" content=\"summary_large_image\" \/>\n<meta name=\"twitter:label1\" content=\"Ber\u00e4knad l\u00e4stid\" \/>\n\t<meta name=\"twitter:data1\" content=\"6 minuter\" \/>\n<script type=\"application\/ld+json\" class=\"yoast-schema-graph\">{\"@context\":\"https:\/\/schema.org\",\"@graph\":[{\"@type\":\"WebPage\",\"@id\":\"https:\/\/lottomat.com\/sv\/resultaten\/eurojackpot\/\",\"url\":\"https:\/\/lottomat.com\/sv\/resultaten\/eurojackpot\/\",\"name\":\"Eurojackpot-resultat - Eurojackpot vinstnummer - LottoMat\",\"isPartOf\":{\"@id\":\"https:\/\/lottomat.com\/sv\/#website\"},\"primaryImageOfPage\":{\"@id\":\"https:\/\/lottomat.com\/sv\/resultaten\/eurojackpot\/#primaryimage\"},\"image\":{\"@id\":\"https:\/\/lottomat.com\/sv\/resultaten\/eurojackpot\/#primaryimage\"},\"thumbnailUrl\":\"https:\/\/lottomat.com\/wp-content\/uploads\/2025\/11\/Eurojackpot-online-1.webp\",\"datePublished\":\"2025-03-27T10:35:32+00:00\",\"dateModified\":\"2026-03-10T07:45:30+00:00\",\"description\":\"Kolla de senaste Eurojackpot-resultaten. H\u00e4r kan du j\u00e4mf\u00f6ra dina nummer med de officiella Eurojackpot-vinstnumren. Missa inte dragningen!\",\"breadcrumb\":{\"@id\":\"https:\/\/lottomat.com\/sv\/resultaten\/eurojackpot\/#breadcrumb\"},\"inLanguage\":\"sv-SE\",\"potentialAction\":[{\"@type\":\"ReadAction\",\"target\":[\"https:\/\/lottomat.com\/sv\/resultaten\/eurojackpot\/\"]}]},{\"@type\":\"ImageObject\",\"inLanguage\":\"sv-SE\",\"@id\":\"https:\/\/lottomat.com\/sv\/resultaten\/eurojackpot\/#primaryimage\",\"url\":\"https:\/\/lottomat.com\/wp-content\/uploads\/2025\/11\/Eurojackpot-online-1.webp\",\"contentUrl\":\"https:\/\/lottomat.com\/wp-content\/uploads\/2025\/11\/Eurojackpot-online-1.webp\"},{\"@type\":\"BreadcrumbList\",\"@id\":\"https:\/\/lottomat.com\/sv\/resultaten\/eurojackpot\/#breadcrumb\",\"itemListElement\":[{\"@type\":\"ListItem\",\"position\":1,\"name\":\"Home\",\"item\":\"https:\/\/lottomat.com\/sv\/\"},{\"@type\":\"ListItem\",\"position\":2,\"name\":\"De Senaste Lotteriresultaten &#038; Vinnande Nummer\",\"item\":\"https:\/\/lottomat.com\/sv\/resultaten\/\"},{\"@type\":\"ListItem\",\"position\":3,\"name\":\"Eurojackpot-resultat och vinstnummer\"}]},{\"@type\":\"WebSite\",\"@id\":\"https:\/\/lottomat.com\/sv\/#website\",\"url\":\"https:\/\/lottomat.com\/sv\/\",\"name\":\"Lottomat\",\"description\":\"\",\"potentialAction\":[{\"@type\":\"SearchAction\",\"target\":{\"@type\":\"EntryPoint\",\"urlTemplate\":\"https:\/\/lottomat.com\/sv\/?s={search_term_string}\"},\"query-input\":{\"@type\":\"PropertyValueSpecification\",\"valueRequired\":true,\"valueName\":\"search_term_string\"}}],\"inLanguage\":\"sv-SE\"}]}<\/script>\n<!-- \/ Yoast SEO plugin. -->","yoast_head_json":{"title":"Eurojackpot-resultat - Eurojackpot vinstnummer - LottoMat","description":"Kolla de senaste Eurojackpot-resultaten. H\u00e4r kan du j\u00e4mf\u00f6ra dina nummer med de officiella Eurojackpot-vinstnumren. Missa inte dragningen!","robots":{"index":"index","follow":"follow","max-snippet":"max-snippet:-1","max-image-preview":"max-image-preview:large","max-video-preview":"max-video-preview:-1"},"canonical":"https:\/\/lottomat.com\/sv\/resultaten\/eurojackpot\/","og_locale":"sv_SE","og_type":"article","og_title":"Eurojackpot-resultat - Eurojackpot vinstnummer - LottoMat","og_description":"Kolla de senaste Eurojackpot-resultaten. H\u00e4r kan du j\u00e4mf\u00f6ra dina nummer med de officiella Eurojackpot-vinstnumren. Missa inte dragningen!","og_url":"https:\/\/lottomat.com\/sv\/resultaten\/eurojackpot\/","og_site_name":"Lottomat","article_modified_time":"2026-03-10T07:45:30+00:00","og_image":[{"width":400,"height":400,"url":"https:\/\/lottomat.com\/wp-content\/uploads\/2025\/11\/Eurojackpot-online-1.webp","type":"image\/webp"}],"twitter_card":"summary_large_image","twitter_misc":{"Ber\u00e4knad l\u00e4stid":"6 minuter"},"schema":{"@context":"https:\/\/schema.org","@graph":[{"@type":"WebPage","@id":"https:\/\/lottomat.com\/sv\/resultaten\/eurojackpot\/","url":"https:\/\/lottomat.com\/sv\/resultaten\/eurojackpot\/","name":"Eurojackpot-resultat - Eurojackpot vinstnummer - LottoMat","isPartOf":{"@id":"https:\/\/lottomat.com\/sv\/#website"},"primaryImageOfPage":{"@id":"https:\/\/lottomat.com\/sv\/resultaten\/eurojackpot\/#primaryimage"},"image":{"@id":"https:\/\/lottomat.com\/sv\/resultaten\/eurojackpot\/#primaryimage"},"thumbnailUrl":"https:\/\/lottomat.com\/wp-content\/uploads\/2025\/11\/Eurojackpot-online-1.webp","datePublished":"2025-03-27T10:35:32+00:00","dateModified":"2026-03-10T07:45:30+00:00","description":"Kolla de senaste Eurojackpot-resultaten. H\u00e4r kan du j\u00e4mf\u00f6ra dina nummer med de officiella Eurojackpot-vinstnumren. Missa inte dragningen!","breadcrumb":{"@id":"https:\/\/lottomat.com\/sv\/resultaten\/eurojackpot\/#breadcrumb"},"inLanguage":"sv-SE","potentialAction":[{"@type":"ReadAction","target":["https:\/\/lottomat.com\/sv\/resultaten\/eurojackpot\/"]}]},{"@type":"ImageObject","inLanguage":"sv-SE","@id":"https:\/\/lottomat.com\/sv\/resultaten\/eurojackpot\/#primaryimage","url":"https:\/\/lottomat.com\/wp-content\/uploads\/2025\/11\/Eurojackpot-online-1.webp","contentUrl":"https:\/\/lottomat.com\/wp-content\/uploads\/2025\/11\/Eurojackpot-online-1.webp"},{"@type":"BreadcrumbList","@id":"https:\/\/lottomat.com\/sv\/resultaten\/eurojackpot\/#breadcrumb","itemListElement":[{"@type":"ListItem","position":1,"name":"Home","item":"https:\/\/lottomat.com\/sv\/"},{"@type":"ListItem","position":2,"name":"De Senaste Lotteriresultaten &#038; Vinnande Nummer","item":"https:\/\/lottomat.com\/sv\/resultaten\/"},{"@type":"ListItem","position":3,"name":"Eurojackpot-resultat och vinstnummer"}]},{"@type":"WebSite","@id":"https:\/\/lottomat.com\/sv\/#website","url":"https:\/\/lottomat.com\/sv\/","name":"Lottomat","description":"","potentialAction":[{"@type":"SearchAction","target":{"@type":"EntryPoint","urlTemplate":"https:\/\/lottomat.com\/sv\/?s={search_term_string}"},"query-input":{"@type":"PropertyValueSpecification","valueRequired":true,"valueName":"search_term_string"}}],"inLanguage":"sv-SE"}]}},"_links":{"self":[{"href":"https:\/\/lottomat.com\/sv\/wp-json\/wp\/v2\/pages\/232641","targetHints":{"allow":["GET"]}}],"collection":[{"href":"https:\/\/lottomat.com\/sv\/wp-json\/wp\/v2\/pages"}],"about":[{"href":"https:\/\/lottomat.com\/sv\/wp-json\/wp\/v2\/types\/page"}],"author":[{"embeddable":true,"href":"https:\/\/lottomat.com\/sv\/wp-json\/wp\/v2\/users\/1"}],"replies":[{"embeddable":true,"href":"https:\/\/lottomat.com\/sv\/wp-json\/wp\/v2\/comments?post=232641"}],"version-history":[{"count":2,"href":"https:\/\/lottomat.com\/sv\/wp-json\/wp\/v2\/pages\/232641\/revisions"}],"predecessor-version":[{"id":272989,"href":"https:\/\/lottomat.com\/sv\/wp-json\/wp\/v2\/pages\/232641\/revisions\/272989"}],"up":[{"embeddable":true,"href":"https:\/\/lottomat.com\/sv\/wp-json\/wp\/v2\/pages\/7629"}],"wp:attachment":[{"href":"https:\/\/lottomat.com\/sv\/wp-json\/wp\/v2\/media?parent=232641"}],"curies":[{"name":"wp","href":"https:\/\/api.w.org\/{rel}","templated":true}]}}