{"id":10631,"date":"2025-03-26T10:16:37","date_gmt":"2025-03-26T10:16:37","guid":{"rendered":"https:\/\/lottomat.net\/lotteriinformation\/information-om-powerball\/"},"modified":"2026-03-10T10:39:36","modified_gmt":"2026-03-10T10:39:36","slug":"powerball","status":"publish","type":"page","link":"https:\/\/lottomat.com\/sv\/lotteri\/powerball\/","title":{"rendered":"Powerball-priser, regler &#038; jackpott"},"content":{"rendered":"\n\n<div class=\"kk-star-ratings kksr-auto kksr-align-left kksr-valign-top\"\n    data-payload='{&quot;align&quot;:&quot;left&quot;,&quot;id&quot;:&quot;10631&quot;,&quot;slug&quot;:&quot;default&quot;,&quot;valign&quot;:&quot;top&quot;,&quot;ignore&quot;:&quot;&quot;,&quot;reference&quot;:&quot;auto&quot;,&quot;class&quot;:&quot;&quot;,&quot;count&quot;:&quot;0&quot;,&quot;legendonly&quot;:&quot;&quot;,&quot;readonly&quot;:&quot;&quot;,&quot;score&quot;:&quot;0&quot;,&quot;starsonly&quot;:&quot;&quot;,&quot;best&quot;:&quot;5&quot;,&quot;gap&quot;:&quot;5&quot;,&quot;greet&quot;:&quot;Rate this page&quot;,&quot;legend&quot;:&quot;0\\\/5 - (0 votes)&quot;,&quot;size&quot;:&quot;30&quot;,&quot;title&quot;:&quot;Powerball-priser, regler \\u0026amp; jackpott&quot;,&quot;width&quot;:&quot;0&quot;,&quot;_legend&quot;:&quot;{score}\\\/{best} - ({count} {votes})&quot;,&quot;font_factor&quot;:&quot;1.25&quot;}'>\n            \n<div class=\"kksr-stars\">\n    \n<div class=\"kksr-stars-inactive\">\n            <div class=\"kksr-star\" data-star=\"1\" style=\"padding-right: 5px\">\n            \n\n<div class=\"kksr-icon\" style=\"width: 30px; height: 30px;\"><\/div>\n        <\/div>\n            <div class=\"kksr-star\" data-star=\"2\" style=\"padding-right: 5px\">\n            \n\n<div class=\"kksr-icon\" style=\"width: 30px; height: 30px;\"><\/div>\n        <\/div>\n            <div class=\"kksr-star\" data-star=\"3\" style=\"padding-right: 5px\">\n            \n\n<div class=\"kksr-icon\" style=\"width: 30px; height: 30px;\"><\/div>\n        <\/div>\n            <div class=\"kksr-star\" data-star=\"4\" style=\"padding-right: 5px\">\n            \n\n<div class=\"kksr-icon\" style=\"width: 30px; height: 30px;\"><\/div>\n        <\/div>\n            <div class=\"kksr-star\" data-star=\"5\" style=\"padding-right: 5px\">\n            \n\n<div class=\"kksr-icon\" style=\"width: 30px; height: 30px;\"><\/div>\n        <\/div>\n    <\/div>\n    \n<div class=\"kksr-stars-active\" style=\"width: 0px;\">\n            <div class=\"kksr-star\" style=\"padding-right: 5px\">\n            \n\n<div class=\"kksr-icon\" style=\"width: 30px; height: 30px;\"><\/div>\n        <\/div>\n            <div class=\"kksr-star\" style=\"padding-right: 5px\">\n            \n\n<div class=\"kksr-icon\" style=\"width: 30px; height: 30px;\"><\/div>\n        <\/div>\n            <div class=\"kksr-star\" style=\"padding-right: 5px\">\n            \n\n<div class=\"kksr-icon\" style=\"width: 30px; height: 30px;\"><\/div>\n        <\/div>\n            <div class=\"kksr-star\" style=\"padding-right: 5px\">\n            \n\n<div class=\"kksr-icon\" style=\"width: 30px; height: 30px;\"><\/div>\n        <\/div>\n            <div class=\"kksr-star\" style=\"padding-right: 5px\">\n            \n\n<div class=\"kksr-icon\" style=\"width: 30px; height: 30px;\"><\/div>\n        <\/div>\n    <\/div>\n<\/div>\n                \n\n<div class=\"kksr-legend\" style=\"font-size: 24px;\">\n            <span class=\"kksr-muted\">Rate this page<\/span>\n    <\/div>\n    <\/div>\n<p>L\u00e4s mer om Powerball-priser, jackpott och spelregler. Powerball Lotto \u2013 Ett spel om tur eller ett lotteri \u00e4r en av de mest popul\u00e4ra formerna av spelunderh\u00e5llning v\u00e4rlden \u00f6ver. De flesta av oss har deltagit i en lottodragning minst en g\u00e5ng. Lotterier \u00e4r v\u00e4ldigt enkla och sp\u00e4nnande spel med tydliga regler. Det \u00e4r absolut ingenting komplicerat med dem, och vem som helst kan l\u00e4ra sig reglerna f\u00f6r vilket lotteri som helst mycket snabbt. Om du \u00e4r ett fan av nummerspel och fortfarande letar efter ett nytt och intressant lotteri att prova, b\u00f6r du l\u00e4sa vidare i artikeln. Vi ber\u00e4ttar vad v\u00e4rldens mest k\u00e4nda Powerball lotto \u00e4r, hur spelet fungerar, chanserna och riskerna, samt hur mycket man kan vinna (Powerball-priser och jackpott).<\/p>\n<h2><img loading=\"lazy\" decoding=\"async\" class=\"alignleft wp-image-252449\" src=\"https:\/\/lottomat.com\/wp-content\/uploads\/2025\/10\/Powerball-jackpot-300x300.webp\" alt=\"Powerball jackpott\" width=\"200\" height=\"200\" srcset=\"https:\/\/lottomat.com\/wp-content\/uploads\/2025\/10\/Powerball-jackpot-300x300.webp 300w, https:\/\/lottomat.com\/wp-content\/uploads\/2025\/10\/Powerball-jackpot-150x150.webp 150w, https:\/\/lottomat.com\/wp-content\/uploads\/2025\/10\/Powerball-jackpot-100x100.webp 100w, https:\/\/lottomat.com\/wp-content\/uploads\/2025\/10\/Powerball-jackpot.webp 400w\" sizes=\"auto, (max-width: 200px) 100vw, 200px\" \/>Vad \u00e4r Powerball-lotteriet?<\/h2>\n<p>Powerball \u00e4r ett amerikanskt lotteri som har funnits sedan <strong>1988<\/strong>. Det var tidigare k\u00e4nt som Lotto America, men \u00e5r <strong>1992<\/strong> \u00e4ndrades namnet till dagens Powerball. Amerikanska Powerball \u00e4r ett av <a href=\"https:\/\/lottomat.com\/sv\/\">de mest popul\u00e4ra lotterierna i v\u00e4rlden<\/a>; det har lotterikontor i USA i hela <strong>45 delstater<\/strong>, samt i District of Columbia, Puerto Rico och Jungfru\u00f6arna. Det \u00e4r v\u00e4rt att notera att lotteriet var en f\u00f6reg\u00e5ngare till dragning ur tv\u00e5 trummor, vilket m\u00f6jliggjorde h\u00f6gre vinster. Powerball lotto-dragningarna \u00e4ger rum varje <strong>m\u00e5ndag, onsdag och l\u00f6rdag kl. 10:59 PM EST<\/strong>. Florida Lottery-studion \u00e4r vanligtvis platsen f\u00f6r dragningen. Om du inte bor eller befinner dig i USA och inte har m\u00f6jlighet att <a href=\"https:\/\/lottomat.com\/sv\/spela\/spela-powerball\/\">k\u00f6pa en Powerball lotto-lottsedel online<\/a>, beh\u00f6ver du bara anv\u00e4nda v\u00e5r <strong>LottoMat-webbplats<\/strong>. H\u00e4r kan du spela Powerball lotto \u00f6ver internet, l\u00e4sa intressanta artiklar och <a href=\"https:\/\/lottomat.com\/sv\/resultaten\/powerball\/\">kolla de senaste Powerball-dragningsresultaten<\/a>.<\/p>\n<h2>Vilka \u00e4r reglerna f\u00f6r att spela Powerball-lotteriet?<\/h2>\n<p>Sedan lotteriets tillkomst har reglerna \u00e4ndrats flera g\u00e5nger; det moderniserades vanligtvis f\u00f6r att ge spelarna m\u00f6jlighet att vinna h\u00f6ga penningpriser i Powerball. Inledningsvis beh\u00f6vde man v\u00e4lja sju nummer ur en pool p\u00e5 40. Sedan lades valet av ett andra bonusnummer fr\u00e5n en mindre pool till. Poolens storlek \u00e4ndrades flera g\u00e5nger tills man slutligen enades om att v\u00e4lja <strong>fem nummer ur 69 och ett ur 26<\/strong> s\u00e5 kallade Powerballs. Dessa regler g\u00e4ller fortfarande i dag. Ett nummer fr\u00e5n huvuddragningen kan vara identiskt med det andra.<\/p>\n<h2>Vilka \u00e4r riskerna och chanserna att vinna Powerball-priser?<\/h2>\n<p>Kort sagt \u00e4r de h\u00f6ga. Sannolikheten f\u00f6r en f\u00f6rstaniv\u00e5vinst \u00e4r <strong>1:292 miljoner<\/strong>. Chanserna f\u00f6r en andraniv\u00e5vinst \u00e4r bara <strong>1:11,5 miljoner<\/strong>, vilket \u00e4r ett enormt gap, och chanserna \u00f6kar dramatiskt d\u00e4rifr\u00e5n. Som j\u00e4mf\u00f6relse \u00e4r chansen att vinna polska Lotto 1:14 miljoner f\u00f6r huvudpriset. I Powerball lotto <strong>vinner 1 av varje 25 inl\u00e4mnade lottsedlar<\/strong>. Risken \u00e4r allts\u00e5 inte liten, men det \u00e4r inte heller vinsterna \u2013 de \u00e4r faktiskt bland de h\u00f6gsta i v\u00e4rlden. Det \u00e4r d\u00e4rf\u00f6r som antalet Powerball-intresserade inte bara h\u00e5ller sig stabilt trots de l\u00e5ga oddsen, utan forts\u00e4tter att v\u00e4xa \u00e5r efter \u00e5r. Minsta Powerball-insats \u00e4r <strong>5 dollar<\/strong>, vilket \u00e4r mycket attraktivt f\u00f6r de flesta spelare, s\u00e4rskilt med tanke p\u00e5 de h\u00f6ga vinsterna.<\/p>\n<h2><img loading=\"lazy\" decoding=\"async\" class=\"wp-image-252479 alignright\" src=\"https:\/\/lottomat.com\/wp-content\/uploads\/2025\/10\/Powerball-prizes-300x300.webp\" alt=\"Powerball-priser\" width=\"200\" height=\"200\" srcset=\"https:\/\/lottomat.com\/wp-content\/uploads\/2025\/10\/Powerball-prizes-300x300.webp 300w, https:\/\/lottomat.com\/wp-content\/uploads\/2025\/10\/Powerball-prizes-150x150.webp 150w, https:\/\/lottomat.com\/wp-content\/uploads\/2025\/10\/Powerball-prizes-100x100.webp 100w, https:\/\/lottomat.com\/wp-content\/uploads\/2025\/10\/Powerball-prizes.webp 400w\" sizes=\"auto, (max-width: 200px) 100vw, 200px\" \/><\/h2>\n<h2>Vilka \u00e4r Powerball-priserna \u2013 hur mycket kan man vinna?<\/h2>\n<p>Att s\u00e4ga att Powerball erbjuder mycket h\u00f6ga vinster \u00e4r att n\u00e4stan underdriva. Vi talar om enorma belopp; det \u00e4r sv\u00e5rt att f\u00f6rest\u00e4lla sig vad man ska g\u00f6ra med ett s\u00e5dant gigantiskt pris. Om du vinner beh\u00f6ver dina barn, barnbarn, barnbarnsbarn och barnbarnsbarns barn aldrig arbeta igen. Den l\u00e4gsta garanterade vinsten i Powerball \u00e4r <strong>20 miljoner dollar<\/strong>. Och det utan att n\u00e4mna att genomsnittsvinsten ligger kring 110\u2013120 miljoner dollar. Andraniv\u00e5vinsten ser mindre imponerande ut. Det \u00e4r en &#8221;blygsam&#8221; <strong>en miljon dollar<\/strong>. Det r\u00e4cker dock att v\u00e4lja fem r\u00e4tta nummer f\u00f6r att bli en lycklig \u00e4gare. Allt f\u00f6r\u00e4ndras dock n\u00e4r en rollover intr\u00e4ffar. Oj d\u00e5! En rollover-jackpott i Powerball \u00e4r rent och sk\u00e4rt vansinne.<\/p>\n<h2>Hur ser Powerball-rollovers ut?<\/h2>\n<p>Det som i f\u00f6rsta hand skiljer Powerball fr\u00e5n exempelvis polska Lotto-lotteriet \u00e4r de massiva rolloverssen, som f\u00e5r hj\u00e4rtat att sl\u00e5 snabbare, och de chockerande h\u00f6ga jackpottarna som f\u00f6ljer med dem. Hur ska k\u00e4nslorna inte skjuta i h\u00f6jden n\u00e4r Powerball <strong>inte har n\u00e5got \u00f6vre rollover-tak<\/strong>? Det inneb\u00e4r att om spelarna \u00e4r olyckliga och det h\u00e4nder flera g\u00e5nger att ingen vinner huvudpriset, samlas potten p\u00e5 h\u00f6g tills r\u00e4tt nummer v\u00e4ljs. En lotto-rollover-jackpott delas vanligtvis mellan flera spelare, vilket inneb\u00e4r att priset f\u00f6rdelas proportionellt bland dem. Men det har mer \u00e4n en g\u00e5ng h\u00e4nt i Powerballs historia att bara en enda person valde de dragna numren och vann hela jackpotten f\u00f6r sig sj\u00e4lv.<\/p>\n<h2>Vad var rekordvinsten i Powerball-lotteriet?<img loading=\"lazy\" decoding=\"async\" class=\"wp-image-252509 alignleft\" src=\"https:\/\/lottomat.com\/wp-content\/uploads\/2025\/10\/Powerball-rules-300x300.webp\" alt=\"Powerball-regler\" width=\"200\" height=\"200\" srcset=\"https:\/\/lottomat.com\/wp-content\/uploads\/2025\/10\/Powerball-rules-300x300.webp 300w, https:\/\/lottomat.com\/wp-content\/uploads\/2025\/10\/Powerball-rules-150x150.webp 150w, https:\/\/lottomat.com\/wp-content\/uploads\/2025\/10\/Powerball-rules-100x100.webp 100w, https:\/\/lottomat.com\/wp-content\/uploads\/2025\/10\/Powerball-rules.webp 400w\" sizes=\"auto, (max-width: 200px) 100vw, 200px\" \/><\/h2>\n<p>Rekordjackpotten i Powerballs historia vanns den <strong>7 november 2022<\/strong> och uppgick till otroliga <strong>2,04 miljarder dollar<\/strong> med ett kontantv\u00e4rde p\u00e5 <strong>997,6 miljoner dollar<\/strong>. Detta \u00e4r fortfarande den st\u00f6rsta lottojackpotten som n\u00e5gonsin vunnits i hela v\u00e4rlden. Den vinnande lottsedeln s\u00e5ldes i Kalifornien och l\u00f6stes in av en enda vinnare. Den n\u00e4st st\u00f6rsta Powerball-jackpotten var <strong>1,787 miljarder dollar<\/strong>, som vanns i september 2025 p\u00e5 lottsedlar s\u00e5lda i Missouri och Texas.<\/p>\n<h2>Vem kan spela Powerball och vinna Powerball-priser?<\/h2>\n<p>Alla f\u00e5r chansen att spela s\u00e5 l\u00e4nge de \u00e4r vuxna. F\u00f6r inte s\u00e5 l\u00e4nge sedan var Powerball bara tillg\u00e4ngligt f\u00f6r amerikaner eller f\u00f6r den som befann sig p\u00e5 amerikanskt territorium och kunde bes\u00f6ka ett lotterikontor. Nu \u00e4r det annorlunda. Och det \u00e4r allt tack vare internetlotterier och v\u00e5r <a href=\"https:\/\/lottomat.com\/sv\/\"><strong>LottoMat-webbplats<\/strong><\/a>. Det spelar ingen roll om du bor i Afrika, Asien eller Europa. Eller om du sitter vid skrivbordet, ligger i s\u00e4ngen, joggar eller kopplar av i tr\u00e4dg\u00e5rden. Du kan spela Powerball och vinna Powerball-jackpotten var som helst. Onlinelotterier har blivit otroligt popul\u00e4ra; de flesta spelare anv\u00e4nder den h\u00e4r typen av l\u00f6sning eftersom den \u00e4r bekv\u00e4m. Allt du beh\u00f6ver \u00e4r <strong>internetuppkoppling<\/strong>. Det ger spelare runt om i v\u00e4rlden en enorm frihet.<\/p>\n<h2>Hur spelar man Powerball \u00f6ver internet?<\/h2>\n<p>Allt du beh\u00f6ver g\u00f6ra \u00e4r att logga in p\u00e5 <strong>LottoMat-webbplatsen<\/strong> och fylla i en lottsedel med dina favoritnummer. Det \u00e4r allt. Sedan v\u00e4ntar du p\u00e5 dragningen och kollar Powerball-resultaten. Dessa \u00e4r ocks\u00e5 enkla att hitta p\u00e5 v\u00e5r webbplats. Att spela Powerball \u00f6ver internet \u00e4r otroligt enkelt och ger s\u00e5 mycket sp\u00e4nning.<\/p>\n<h2>N\u00e4r \u00e4ger Powerball lotto-dragningarna rum?<\/h2>\n<p>Powerball-dragningarna \u00e4ger rum <strong>tre g\u00e5nger i veckan \u2013 p\u00e5 m\u00e5ndag, onsdag och l\u00f6rdag<\/strong>. \u00c4r du ute efter starka k\u00e4nslor och fantastiska vinster? Spela Powerball lotto online \u2013 snabbt, smidigt och utan att l\u00e4mna hemmet. Lycka till!<\/p>\n<h2>Tabell \u00f6ver Powerball-priser och vinstchanser<\/h2>\n","protected":false},"excerpt":{"rendered":"<p>L\u00e4s mer om Powerball-priser, jackpott och spelregler. Powerball Lotto \u2013 Ett spel om tur eller ett lotteri \u00e4r en av de mest popul\u00e4ra formerna av spelunderh\u00e5llning v\u00e4rlden \u00f6ver. De flesta av oss har deltagit i en lottodragning minst en g\u00e5ng. Lotterier \u00e4r v\u00e4ldigt enkla och sp\u00e4nnande spel med tydliga regler. Det \u00e4r absolut ingenting komplicerat [&hellip;]<\/p>\n","protected":false},"author":1,"featured_media":0,"parent":6990,"menu_order":1,"comment_status":"closed","ping_status":"closed","template":"powerball-usa-info.php","meta":{"_et_pb_use_builder":"","_et_pb_old_content":"","_et_gb_content_width":"","exclude_from_search":false,"footnotes":""},"class_list":["post-10631","page","type-page","status-publish","hentry"],"yoast_head":"<!-- This site is optimized with the Yoast SEO plugin v23.8 - https:\/\/yoast.com\/wordpress\/plugins\/seo\/ -->\n<title>Powerball-priser, regler &amp; jackpott - Lottomat<\/title>\n<meta name=\"description\" content=\"Kolla Powerball-priserna, jackpotten och reglerna f\u00f6r att spela Powerball. Ta reda p\u00e5 mer om dina chanser att vinna detta amerikanska lotteri.\" \/>\n<meta name=\"robots\" content=\"index, follow, max-snippet:-1, max-image-preview:large, max-video-preview:-1\" \/>\n<link rel=\"canonical\" href=\"https:\/\/lottomat.com\/sv\/lotteri\/powerball\/\" \/>\n<meta property=\"og:locale\" content=\"sv_SE\" \/>\n<meta property=\"og:type\" content=\"article\" \/>\n<meta property=\"og:title\" content=\"Powerball-priser, regler &amp; jackpott - Lottomat\" \/>\n<meta property=\"og:description\" content=\"Kolla Powerball-priserna, jackpotten och reglerna f\u00f6r att spela Powerball. Ta reda p\u00e5 mer om dina chanser att vinna detta amerikanska lotteri.\" \/>\n<meta property=\"og:url\" content=\"https:\/\/lottomat.com\/sv\/lotteri\/powerball\/\" \/>\n<meta property=\"og:site_name\" content=\"Lottomat\" \/>\n<meta property=\"article:modified_time\" content=\"2026-03-10T10:39:36+00:00\" \/>\n<meta property=\"og:image\" content=\"https:\/\/lottomat.com\/wp-content\/uploads\/2025\/10\/Powerball-jackpot.webp\" \/>\n\t<meta property=\"og:image:width\" content=\"400\" \/>\n\t<meta property=\"og:image:height\" content=\"400\" \/>\n\t<meta property=\"og:image:type\" content=\"image\/webp\" \/>\n<meta name=\"twitter:card\" content=\"summary_large_image\" \/>\n<meta name=\"twitter:label1\" content=\"Ber\u00e4knad l\u00e4stid\" \/>\n\t<meta name=\"twitter:data1\" content=\"5 minuter\" \/>\n<script type=\"application\/ld+json\" class=\"yoast-schema-graph\">{\"@context\":\"https:\/\/schema.org\",\"@graph\":[{\"@type\":\"WebPage\",\"@id\":\"https:\/\/lottomat.com\/sv\/lotteri\/powerball\/\",\"url\":\"https:\/\/lottomat.com\/sv\/lotteri\/powerball\/\",\"name\":\"Powerball-priser, regler & jackpott - Lottomat\",\"isPartOf\":{\"@id\":\"https:\/\/lottomat.com\/sv\/#website\"},\"primaryImageOfPage\":{\"@id\":\"https:\/\/lottomat.com\/sv\/lotteri\/powerball\/#primaryimage\"},\"image\":{\"@id\":\"https:\/\/lottomat.com\/sv\/lotteri\/powerball\/#primaryimage\"},\"thumbnailUrl\":\"https:\/\/lottomat.com\/wp-content\/uploads\/2025\/10\/Powerball-jackpot-300x300.webp\",\"datePublished\":\"2025-03-26T10:16:37+00:00\",\"dateModified\":\"2026-03-10T10:39:36+00:00\",\"description\":\"Kolla Powerball-priserna, jackpotten och reglerna f\u00f6r att spela Powerball. Ta reda p\u00e5 mer om dina chanser att vinna detta amerikanska lotteri.\",\"breadcrumb\":{\"@id\":\"https:\/\/lottomat.com\/sv\/lotteri\/powerball\/#breadcrumb\"},\"inLanguage\":\"sv-SE\",\"potentialAction\":[{\"@type\":\"ReadAction\",\"target\":[\"https:\/\/lottomat.com\/sv\/lotteri\/powerball\/\"]}]},{\"@type\":\"ImageObject\",\"inLanguage\":\"sv-SE\",\"@id\":\"https:\/\/lottomat.com\/sv\/lotteri\/powerball\/#primaryimage\",\"url\":\"https:\/\/lottomat.com\/wp-content\/uploads\/2025\/10\/Powerball-jackpot-300x300.webp\",\"contentUrl\":\"https:\/\/lottomat.com\/wp-content\/uploads\/2025\/10\/Powerball-jackpot-300x300.webp\"},{\"@type\":\"BreadcrumbList\",\"@id\":\"https:\/\/lottomat.com\/sv\/lotteri\/powerball\/#breadcrumb\",\"itemListElement\":[{\"@type\":\"ListItem\",\"position\":1,\"name\":\"Home\",\"item\":\"https:\/\/lottomat.com\/sv\/\"},{\"@type\":\"ListItem\",\"position\":2,\"name\":\"Lottoregler: Priser, Jackpot &#038; Odds\",\"item\":\"https:\/\/lottomat.com\/sv\/lotteri\/\"},{\"@type\":\"ListItem\",\"position\":3,\"name\":\"Powerball-priser, regler &#038; jackpott\"}]},{\"@type\":\"WebSite\",\"@id\":\"https:\/\/lottomat.com\/sv\/#website\",\"url\":\"https:\/\/lottomat.com\/sv\/\",\"name\":\"Lottomat\",\"description\":\"\",\"potentialAction\":[{\"@type\":\"SearchAction\",\"target\":{\"@type\":\"EntryPoint\",\"urlTemplate\":\"https:\/\/lottomat.com\/sv\/?s={search_term_string}\"},\"query-input\":{\"@type\":\"PropertyValueSpecification\",\"valueRequired\":true,\"valueName\":\"search_term_string\"}}],\"inLanguage\":\"sv-SE\"}]}<\/script>\n<!-- \/ Yoast SEO plugin. -->","yoast_head_json":{"title":"Powerball-priser, regler & jackpott - Lottomat","description":"Kolla Powerball-priserna, jackpotten och reglerna f\u00f6r att spela Powerball. Ta reda p\u00e5 mer om dina chanser att vinna detta amerikanska lotteri.","robots":{"index":"index","follow":"follow","max-snippet":"max-snippet:-1","max-image-preview":"max-image-preview:large","max-video-preview":"max-video-preview:-1"},"canonical":"https:\/\/lottomat.com\/sv\/lotteri\/powerball\/","og_locale":"sv_SE","og_type":"article","og_title":"Powerball-priser, regler & jackpott - Lottomat","og_description":"Kolla Powerball-priserna, jackpotten och reglerna f\u00f6r att spela Powerball. Ta reda p\u00e5 mer om dina chanser att vinna detta amerikanska lotteri.","og_url":"https:\/\/lottomat.com\/sv\/lotteri\/powerball\/","og_site_name":"Lottomat","article_modified_time":"2026-03-10T10:39:36+00:00","og_image":[{"width":400,"height":400,"url":"https:\/\/lottomat.com\/wp-content\/uploads\/2025\/10\/Powerball-jackpot.webp","type":"image\/webp"}],"twitter_card":"summary_large_image","twitter_misc":{"Ber\u00e4knad l\u00e4stid":"5 minuter"},"schema":{"@context":"https:\/\/schema.org","@graph":[{"@type":"WebPage","@id":"https:\/\/lottomat.com\/sv\/lotteri\/powerball\/","url":"https:\/\/lottomat.com\/sv\/lotteri\/powerball\/","name":"Powerball-priser, regler & jackpott - Lottomat","isPartOf":{"@id":"https:\/\/lottomat.com\/sv\/#website"},"primaryImageOfPage":{"@id":"https:\/\/lottomat.com\/sv\/lotteri\/powerball\/#primaryimage"},"image":{"@id":"https:\/\/lottomat.com\/sv\/lotteri\/powerball\/#primaryimage"},"thumbnailUrl":"https:\/\/lottomat.com\/wp-content\/uploads\/2025\/10\/Powerball-jackpot-300x300.webp","datePublished":"2025-03-26T10:16:37+00:00","dateModified":"2026-03-10T10:39:36+00:00","description":"Kolla Powerball-priserna, jackpotten och reglerna f\u00f6r att spela Powerball. Ta reda p\u00e5 mer om dina chanser att vinna detta amerikanska lotteri.","breadcrumb":{"@id":"https:\/\/lottomat.com\/sv\/lotteri\/powerball\/#breadcrumb"},"inLanguage":"sv-SE","potentialAction":[{"@type":"ReadAction","target":["https:\/\/lottomat.com\/sv\/lotteri\/powerball\/"]}]},{"@type":"ImageObject","inLanguage":"sv-SE","@id":"https:\/\/lottomat.com\/sv\/lotteri\/powerball\/#primaryimage","url":"https:\/\/lottomat.com\/wp-content\/uploads\/2025\/10\/Powerball-jackpot-300x300.webp","contentUrl":"https:\/\/lottomat.com\/wp-content\/uploads\/2025\/10\/Powerball-jackpot-300x300.webp"},{"@type":"BreadcrumbList","@id":"https:\/\/lottomat.com\/sv\/lotteri\/powerball\/#breadcrumb","itemListElement":[{"@type":"ListItem","position":1,"name":"Home","item":"https:\/\/lottomat.com\/sv\/"},{"@type":"ListItem","position":2,"name":"Lottoregler: Priser, Jackpot &#038; Odds","item":"https:\/\/lottomat.com\/sv\/lotteri\/"},{"@type":"ListItem","position":3,"name":"Powerball-priser, regler &#038; jackpott"}]},{"@type":"WebSite","@id":"https:\/\/lottomat.com\/sv\/#website","url":"https:\/\/lottomat.com\/sv\/","name":"Lottomat","description":"","potentialAction":[{"@type":"SearchAction","target":{"@type":"EntryPoint","urlTemplate":"https:\/\/lottomat.com\/sv\/?s={search_term_string}"},"query-input":{"@type":"PropertyValueSpecification","valueRequired":true,"valueName":"search_term_string"}}],"inLanguage":"sv-SE"}]}},"_links":{"self":[{"href":"https:\/\/lottomat.com\/sv\/wp-json\/wp\/v2\/pages\/10631","targetHints":{"allow":["GET"]}}],"collection":[{"href":"https:\/\/lottomat.com\/sv\/wp-json\/wp\/v2\/pages"}],"about":[{"href":"https:\/\/lottomat.com\/sv\/wp-json\/wp\/v2\/types\/page"}],"author":[{"embeddable":true,"href":"https:\/\/lottomat.com\/sv\/wp-json\/wp\/v2\/users\/1"}],"replies":[{"embeddable":true,"href":"https:\/\/lottomat.com\/sv\/wp-json\/wp\/v2\/comments?post=10631"}],"version-history":[{"count":3,"href":"https:\/\/lottomat.com\/sv\/wp-json\/wp\/v2\/pages\/10631\/revisions"}],"predecessor-version":[{"id":272985,"href":"https:\/\/lottomat.com\/sv\/wp-json\/wp\/v2\/pages\/10631\/revisions\/272985"}],"up":[{"embeddable":true,"href":"https:\/\/lottomat.com\/sv\/wp-json\/wp\/v2\/pages\/6990"}],"wp:attachment":[{"href":"https:\/\/lottomat.com\/sv\/wp-json\/wp\/v2\/media?parent=10631"}],"curies":[{"name":"wp","href":"https:\/\/api.w.org\/{rel}","templated":true}]}}