{"id":10566,"date":"2025-03-26T13:41:46","date_gmt":"2025-03-26T13:41:46","guid":{"rendered":"https:\/\/lottomat.net\/lotteriinformation\/mega-millions-information\/"},"modified":"2026-03-10T07:03:05","modified_gmt":"2026-03-10T07:03:05","slug":"mega-millions","status":"publish","type":"page","link":"https:\/\/lottomat.com\/sv\/lotteri\/mega-millions\/","title":{"rendered":"Mega Millions Priser, Regler &#038; Jackpott"},"content":{"rendered":"\n\n<div class=\"kk-star-ratings kksr-auto kksr-align-left kksr-valign-top\"\n    data-payload='{&quot;align&quot;:&quot;left&quot;,&quot;id&quot;:&quot;10566&quot;,&quot;slug&quot;:&quot;default&quot;,&quot;valign&quot;:&quot;top&quot;,&quot;ignore&quot;:&quot;&quot;,&quot;reference&quot;:&quot;auto&quot;,&quot;class&quot;:&quot;&quot;,&quot;count&quot;:&quot;0&quot;,&quot;legendonly&quot;:&quot;&quot;,&quot;readonly&quot;:&quot;&quot;,&quot;score&quot;:&quot;0&quot;,&quot;starsonly&quot;:&quot;&quot;,&quot;best&quot;:&quot;5&quot;,&quot;gap&quot;:&quot;5&quot;,&quot;greet&quot;:&quot;Rate this page&quot;,&quot;legend&quot;:&quot;0\\\/5 - (0 votes)&quot;,&quot;size&quot;:&quot;30&quot;,&quot;title&quot;:&quot;Mega Millions Priser, Regler \\u0026amp; Jackpott&quot;,&quot;width&quot;:&quot;0&quot;,&quot;_legend&quot;:&quot;{score}\\\/{best} - ({count} {votes})&quot;,&quot;font_factor&quot;:&quot;1.25&quot;}'>\n            \n<div class=\"kksr-stars\">\n    \n<div class=\"kksr-stars-inactive\">\n            <div class=\"kksr-star\" data-star=\"1\" style=\"padding-right: 5px\">\n            \n\n<div class=\"kksr-icon\" style=\"width: 30px; height: 30px;\"><\/div>\n        <\/div>\n            <div class=\"kksr-star\" data-star=\"2\" style=\"padding-right: 5px\">\n            \n\n<div class=\"kksr-icon\" style=\"width: 30px; height: 30px;\"><\/div>\n        <\/div>\n            <div class=\"kksr-star\" data-star=\"3\" style=\"padding-right: 5px\">\n            \n\n<div class=\"kksr-icon\" style=\"width: 30px; height: 30px;\"><\/div>\n        <\/div>\n            <div class=\"kksr-star\" data-star=\"4\" style=\"padding-right: 5px\">\n            \n\n<div class=\"kksr-icon\" style=\"width: 30px; height: 30px;\"><\/div>\n        <\/div>\n            <div class=\"kksr-star\" data-star=\"5\" style=\"padding-right: 5px\">\n            \n\n<div class=\"kksr-icon\" style=\"width: 30px; height: 30px;\"><\/div>\n        <\/div>\n    <\/div>\n    \n<div class=\"kksr-stars-active\" style=\"width: 0px;\">\n            <div class=\"kksr-star\" style=\"padding-right: 5px\">\n            \n\n<div class=\"kksr-icon\" style=\"width: 30px; height: 30px;\"><\/div>\n        <\/div>\n            <div class=\"kksr-star\" style=\"padding-right: 5px\">\n            \n\n<div class=\"kksr-icon\" style=\"width: 30px; height: 30px;\"><\/div>\n        <\/div>\n            <div class=\"kksr-star\" style=\"padding-right: 5px\">\n            \n\n<div class=\"kksr-icon\" style=\"width: 30px; height: 30px;\"><\/div>\n        <\/div>\n            <div class=\"kksr-star\" style=\"padding-right: 5px\">\n            \n\n<div class=\"kksr-icon\" style=\"width: 30px; height: 30px;\"><\/div>\n        <\/div>\n            <div class=\"kksr-star\" style=\"padding-right: 5px\">\n            \n\n<div class=\"kksr-icon\" style=\"width: 30px; height: 30px;\"><\/div>\n        <\/div>\n    <\/div>\n<\/div>\n                \n\n<div class=\"kksr-legend\" style=\"font-size: 24px;\">\n            <span class=\"kksr-muted\">Rate this page<\/span>\n    <\/div>\n    <\/div>\n<p><strong>Vill du vinna Mega Millions priser och jackpottar?<\/strong> Spelare fr\u00e5n hela v\u00e4rlden funderar st\u00e4ndigt p\u00e5 hur man kn\u00e4cker systemet i nummerspel, vilket lotteri man ska satsa p\u00e5, om man ska spela i kombinationer eller konsekvent h\u00e5lla sig till ett enda spel. Tyv\u00e4rr finns det inget entydigt svar p\u00e5 den fr\u00e5gan. Varje erfaren lottospelare har sina egna teorier, \u00f6vertygelser och vanor. Vad man kan g\u00f6ra \u00e4r att framf\u00f6r allt l\u00e4ra sig s\u00e5 mycket som m\u00f6jligt om de olika onlinelotterierna f\u00f6r att fatta ett v\u00e4lgrundat beslut om vad man ska spela. Allt du beh\u00f6ver veta om de b\u00e4sta och mest popul\u00e4ra onlinespelen finns p\u00e5 LottoMat-webbplatsen. Det \u00e4r ocks\u00e5 d\u00e4r du kan spela ditt favoritlotteri eller <a href=\"https:\/\/lottomat.com\/sv\/resultaten\/\">kolla de senaste lottodragningsresultaten<\/a>. I artikeln nedan fokuserar vi p\u00e5 Mega Millions priser, regler och viktig information.<\/p>\n<h2>Vad \u00e4r Mega Millions-lotteriet?<img loading=\"lazy\" decoding=\"async\" class=\"alignright wp-image-253136\" src=\"https:\/\/lottomat.com\/wp-content\/uploads\/2025\/10\/prizes-and-jackpot.webp\" alt=\"priser och jackpott\" width=\"200\" height=\"200\" srcset=\"https:\/\/lottomat.com\/wp-content\/uploads\/2025\/10\/prizes-and-jackpot.webp 400w, https:\/\/lottomat.com\/wp-content\/uploads\/2025\/10\/prizes-and-jackpot-300x300.webp 300w, https:\/\/lottomat.com\/wp-content\/uploads\/2025\/10\/prizes-and-jackpot-150x150.webp 150w, https:\/\/lottomat.com\/wp-content\/uploads\/2025\/10\/prizes-and-jackpot-100x100.webp 100w\" sizes=\"auto, (max-width: 200px) 100vw, 200px\" \/><\/h2>\n<p>Mega Millions online \u00e4r, tillsammans med Powerball, det mest popul\u00e4ra amerikanska nummerlotteriet. Det har vunnit sin popularitet tack vare sina tydliga och l\u00e4ttspela regler, astronomiska vinster och framf\u00f6r allt sina otroliga vinstchanser. O\u00f6vertr\u00e4ffade k\u00e4nslor f\u00f6ljer varje dragning, och n\u00e4r det \u00e4r en Mega Millions-jackpott \u00e4r det inte bara spelarna som tappar fattningen utan \u00e4ven de som inte ens deltar i spelet. Lotter till detta lotteri k\u00f6ps av n\u00e4stan varje amerikan, \u00e4ven de som inte prim\u00e4rt \u00e4r intresserade av hasardspel. Jackpottarna h\u00e4nf\u00f6rer inte bara amerikaner \u2013 spelet \u00e4r \u00e4ven popul\u00e4rt v\u00e4rlden \u00f6ver. Tack vare m\u00f6jligheten att <a href=\"https:\/\/lottomat.com\/sv\/spela\/mega-millions\/\">spela Mega Millions online<\/a> kan varje vuxen delta i detta fantastiska lotteri fr\u00e5n var som helst i v\u00e4rlden.<\/p>\n<h2>Vad \u00e4r Mega Millions historia?<\/h2>\n<p>Detta lotteri grundades 1996 och hette ursprungligen The Big Game, vilket sex \u00e5r senare bytte namn till det vi k\u00e4nner det som idag: Mega Millions. Inledningsvis var det bara tillg\u00e4ngligt i sex delstater: Georgia, Maryland, Illinois, Massachusetts, Virginia och Michigan. Numera har Mega Millions lotterikontor i <strong>45 delstater, District of Columbia och Amerikanska Jungfru\u00f6arna<\/strong>. En Mega Millions-dragning \u00e4ger rum varje <strong>onsdag och l\u00f6rdag kv\u00e4ll kl. 03:00 UTC<\/strong>, inklusive p\u00e5 helgdagar som observeras av Georgia Lottery. Dragningarna av Mega Millions priser och huvudjackpotten sker i Georgia, n\u00e4rmare best\u00e4mt i Atlanta.<\/p>\n<h2><img loading=\"lazy\" decoding=\"async\" class=\"alignleft wp-image-253166\" src=\"https:\/\/lottomat.com\/wp-content\/uploads\/2025\/10\/Mega-Millions-jackpot.webp\" alt=\"Mega Millions jackpott\" width=\"200\" height=\"200\" srcset=\"https:\/\/lottomat.com\/wp-content\/uploads\/2025\/10\/Mega-Millions-jackpot.webp 400w, https:\/\/lottomat.com\/wp-content\/uploads\/2025\/10\/Mega-Millions-jackpot-300x300.webp 300w, https:\/\/lottomat.com\/wp-content\/uploads\/2025\/10\/Mega-Millions-jackpot-150x150.webp 150w, https:\/\/lottomat.com\/wp-content\/uploads\/2025\/10\/Mega-Millions-jackpot-100x100.webp 100w\" sizes=\"auto, (max-width: 200px) 100vw, 200px\" \/>Vilka \u00e4r reglerna f\u00f6r Mega Millions?<\/h2>\n<p>De nuvarande Mega Millions-reglerna \u00e4r enkla, liknande de som finns i andra lotterier. F\u00f6r att spela v\u00e4ljer du <strong>fem nummer fr\u00e5n en pool med 70 nummer<\/strong> och ett extra nummer (kallat Mega Ball) fr\u00e5n en <strong>pool med 24 gyllene bollar<\/strong>. Det extra numret kallas Mega Ball och dras fr\u00e5n en andra upps\u00e4ttning nummer, vilket g\u00f6r det m\u00f6jligt att det matchar ett huvudnummer som dragits.<\/p>\n<h3>Viktiga f\u00f6r\u00e4ndringar 2025<\/h3>\n<ul class=\"list\">\n<li><strong>Lottpris:<\/strong> Kostar nu 5 dollar per spel (h\u00f6jt fr\u00e5n 2 dollar)<\/li>\n<li><strong>Inbyggd multiplikator:<\/strong> Varje lott inkluderar automatiskt en multiplikator (2X, 3X, 4X, 5X eller 10X)<\/li>\n<li><strong>Startjackpott:<\/strong> H\u00f6jd fr\u00e5n 20 miljoner till 50 miljoner dollar<\/li>\n<li><strong>B\u00e4ttre odds:<\/strong> Jackpottoddsarna f\u00f6rb\u00e4ttrade fr\u00e5n 1 p\u00e5 302 575 350 till 1 p\u00e5 290 472 336<\/li>\n<li><strong>Mega Ball-pool:<\/strong> Minskad fr\u00e5n 25 till 24 nummer<\/li>\n<\/ul>\n<p><strong>Att gissa alla sex nummer r\u00e4tt<\/strong> ger dig huvudpriset. <strong>Andraniv\u00e5priser varierar fr\u00e5n 2 miljoner till 10 miljoner dollar<\/strong> (beroende p\u00e5 multiplikatorn), och spelare kan vinna genom att gissa fem grundnummer ur den st\u00f6rre poolen. <strong>Kolossala skillnader separerar<\/strong> den f\u00f6rsta och andra prisniv\u00e5n i Mega Millions! Om det visar sig att ingen har gissat alla lottonummer efter en dragning sker en rullning. Jackpotten vid en Mega Millions-rullning kan n\u00e5 otroligt h\u00f6ga belopp. Det \u00e4r framf\u00f6r allt en bra id\u00e9 att k\u00f6pa Mega Millions-lotter online under en rullning.<\/p>\n<h2>Vilka \u00e4r de st\u00f6rsta Mega Millions-jackpottarna i historien?<img loading=\"lazy\" decoding=\"async\" class=\"alignright wp-image-253196\" src=\"https:\/\/lottomat.com\/wp-content\/uploads\/2025\/10\/rules-of-playing.webp\" alt=\"spelregler\" width=\"200\" height=\"200\" srcset=\"https:\/\/lottomat.com\/wp-content\/uploads\/2025\/10\/rules-of-playing.webp 400w, https:\/\/lottomat.com\/wp-content\/uploads\/2025\/10\/rules-of-playing-300x300.webp 300w, https:\/\/lottomat.com\/wp-content\/uploads\/2025\/10\/rules-of-playing-150x150.webp 150w, https:\/\/lottomat.com\/wp-content\/uploads\/2025\/10\/rules-of-playing-100x100.webp 100w\" sizes=\"auto, (max-width: 200px) 100vw, 200px\" \/><\/h2>\n<p>De fem st\u00f6rsta Mega Millions-jackpottarna som n\u00e5gonsin vunnits \u00e4r:<\/p>\n<ol class=\"list\">\n<li><strong>1,602 miljarder dollar<\/strong> (8 augusti 2023) \u2013 Vunnen i Florida<\/li>\n<li><strong>1,537 miljarder dollar<\/strong> (23 oktober 2018) \u2013 Vunnen i South Carolina<\/li>\n<li><strong>1,35 miljarder dollar<\/strong> (13 januari 2023) \u2013 Vunnen i Maine<\/li>\n<li><strong>1,337 miljarder dollar<\/strong> (29 juli 2022) \u2013 Vunnen i Illinois<\/li>\n<li><strong>1,22 miljarder dollar<\/strong> (27 december 2024) \u2013 Vunnen i Kalifornien<\/li>\n<\/ol>\n<p>Dessa rekordstora jackpottar visar p\u00e5 den otroliga potentialen i Mega Millions-rullningar och bevisar hur spelet har producerat n\u00e5gra av de st\u00f6rsta lotteripriser i v\u00e4rldshistorien.<\/p>\n<h2>Vilka risker finns det med att spela Mega Millions?<\/h2>\n<p>Det brukar s\u00e4gas att det inte finns n\u00e5gon gl\u00e4dje utan risk, och det st\u00e4mmer. N\u00e4r det g\u00e4ller Mega Millions f\u00e5r detta ordspr\u00e5k en s\u00e4rskild inneb\u00f6rd. Och risken \u00e4r tyv\u00e4rr enorm. Chansen att vinna Mega Millions-jackpotten och tr\u00e4ffa alla sex nummer \u00e4r <strong>1 p\u00e5 290 472 336<\/strong> (fr\u00e5n och med 2025). En s\u00e5dan liten sannolikhet kan avskr\u00e4cka m\u00e5nga spelare, men Mega Millions har \u00e4nd\u00e5 sina trogna entusiaster. Risken \u00e4r utan tvekan h\u00f6g, men att ta den kan visa sig mycket l\u00f6nsamt. Mega Millions \u00e4r ett spel f\u00f6r dj\u00e4rva spelare som gillar att satsa best\u00e4mt och spela f\u00f6r att vinna miljoner. Spelare som f\u00f6redrar att spela det s\u00e4kra och ta l\u00e5ga risker \u00e4r troligtvis inte intresserade av Mega Millions. Lyckligtvis kan alla p\u00e5 <a href=\"https:\/\/lottomat.com\/sv\/\">LottoMat-webbplatsen<\/a> hitta ett onlinelotteri som passar dem b\u00e4st.<\/p>\n<h2><img loading=\"lazy\" decoding=\"async\" class=\"alignleft wp-image-253226\" src=\"https:\/\/lottomat.com\/wp-content\/uploads\/2025\/10\/Mega-Millions-rules.webp\" alt=\"Mega Millions regler\" width=\"200\" height=\"200\" srcset=\"https:\/\/lottomat.com\/wp-content\/uploads\/2025\/10\/Mega-Millions-rules.webp 400w, https:\/\/lottomat.com\/wp-content\/uploads\/2025\/10\/Mega-Millions-rules-300x300.webp 300w, https:\/\/lottomat.com\/wp-content\/uploads\/2025\/10\/Mega-Millions-rules-150x150.webp 150w, https:\/\/lottomat.com\/wp-content\/uploads\/2025\/10\/Mega-Millions-rules-100x100.webp 100w\" sizes=\"auto, (max-width: 200px) 100vw, 200px\" \/>Vilka \u00e4r Mega Millions priser och hur mycket kan du vinna?<\/h2>\n<p>Det garanterade prisv\u00e4rdet f\u00f6r f\u00f6rstaniv\u00e5vinster \u00e4r nu <strong>50 miljoner dollar<\/strong> som startjackpott, en betydande h\u00f6jning fr\u00e5n de tidigare gr\u00e4nserna p\u00e5 15 miljoner och sedermera 20 miljoner dollar. Denna f\u00f6r\u00e4ndring har gjort spelet \u00e4nnu mer intensivt och attraktivt f\u00f6r spelare. Mega Millions erbjuder nio olika prisniv\u00e5er, fr\u00e5n att matcha enbart Mega Ball till att sl\u00e5 hela jackpotten. Formatet fr\u00e5n 2025 inkluderar en <strong>inbyggd multiplikatorfunktion<\/strong> som kan \u00f6ka icke-jackpott-priser med 2, 3, 4, 5 eller 10 g\u00e5nger grundbeloppet. Det inneb\u00e4r att \u00e4ven mindre vinster kan bli betydande priser. Andraniv\u00e5priset (fem r\u00e4tta huvudnummer utan Mega Ball) kan nu variera fr\u00e5n <strong>2 miljoner till 10 miljoner dollar<\/strong> beroende p\u00e5 den dragna multiplikatorn. Alla \u00f6vriga prisniv\u00e5er drar ocks\u00e5 nytta av denna automatiska multiplikationsfunktion, vilket g\u00f6r varje lott potentiellt mer v\u00e4rdefull \u00e4n tidigare.<\/p>\n<h2>Vem kan spela Mega Millions och vinna priser?<\/h2>\n<p>Om du befinner dig i USA kan du k\u00f6pa en lott p\u00e5 ett station\u00e4rt lotterikontor. Om du \u00e4r utanf\u00f6r USA kan du d\u00e4remot anv\u00e4nda LottoMat-webbplatsen, som erbjuder lottk\u00f6p. Enkelt uttryckt kan Mega Millions spelas av <strong>vem som helst med internetuppkoppling som \u00e4r myndig<\/strong>, det vill s\u00e4ga \u00f6ver arton \u00e5r. Numera har spelare v\u00e4rlden \u00f6ver privilegiet att skicka in en lott till vilket lotteri som helst med ett enda klick, fylla i s\u00e5 m\u00e5nga lotter de vill och g\u00f6ra det fr\u00e5n var som helst i v\u00e4rlden. Inget k\u00f6ande, inget letande efter ett lotterikontor \u2013 lugnt och stressfritt, utan att beh\u00f6va hasta med numervalen. P\u00e5 LottoMat-webbplatsen har du m\u00f6jlighet att inte bara spela Mega Millions utan ocks\u00e5 l\u00e4ra dig om lottodragningar, hur man spelar f\u00f6r att vinna och <a href=\"https:\/\/lottomat.com\/sv\/resultaten\/mega-millions\/\">kolla de senaste Mega Millions lottoresultaten<\/a>.<\/p>\n<h2>Vilka \u00e4r dina chanser att vinna Mega Millions?<img loading=\"lazy\" decoding=\"async\" class=\"alignright wp-image-253256\" src=\"https:\/\/lottomat.com\/wp-content\/uploads\/2025\/10\/Mega-Millions-prizes.webp\" alt=\"Mega Millions priser\" width=\"200\" height=\"200\" srcset=\"https:\/\/lottomat.com\/wp-content\/uploads\/2025\/10\/Mega-Millions-prizes.webp 400w, https:\/\/lottomat.com\/wp-content\/uploads\/2025\/10\/Mega-Millions-prizes-300x300.webp 300w, https:\/\/lottomat.com\/wp-content\/uploads\/2025\/10\/Mega-Millions-prizes-150x150.webp 150w, https:\/\/lottomat.com\/wp-content\/uploads\/2025\/10\/Mega-Millions-prizes-100x100.webp 100w\" sizes=\"auto, (max-width: 200px) 100vw, 200px\" \/><\/h2>\n<p>De totala oddsen f\u00f6r att vinna vilket pris som helst i Mega Millions \u00e4r <strong>1 p\u00e5 23<\/strong> (f\u00f6rb\u00e4ttrat fr\u00e5n 1 p\u00e5 24 \u00e5r 2025). \u00c4ven om jackpottoddsarna \u00e4r astronomiska finns det flera prisniv\u00e5er som erbjuder b\u00e4ttre chanser att vinna mindre belopp. <strong>Kom ih\u00e5g:<\/strong> Varje dragning \u00e4r slumpm\u00e4ssig och varje nummerkombination har samma chans att v\u00e4ljas som vilken annan som helst. Den inbyggda multiplikatorfunktionen fr\u00e5n 2025 s\u00e4kerst\u00e4ller att \u00e4ven icke-jackpott-priser kan vara betydande, med m\u00f6jlighet att vinna upp till <strong>10 g\u00e5nger<\/strong> grundprisbeloppet. Med jackpottar som regelbundet \u00f6verstiger hundratals miljoner och d\u00e5 och d\u00e5 sl\u00e5r igenom miljarddollarsgr\u00e4nsen forts\u00e4tter Mega Millions att erbjuda dr\u00f6mmen om omedelbart v\u00e4lst\u00e5nd till spelare runt om i landet och v\u00e4rlden.<\/p>\n<h2>Mega Millions Priser &amp; Oddstabell<\/h2>\n","protected":false},"excerpt":{"rendered":"<p>Vill du vinna Mega Millions priser och jackpottar? Spelare fr\u00e5n hela v\u00e4rlden funderar st\u00e4ndigt p\u00e5 hur man kn\u00e4cker systemet i nummerspel, vilket lotteri man ska satsa p\u00e5, om man ska spela i kombinationer eller konsekvent h\u00e5lla sig till ett enda spel. Tyv\u00e4rr finns det inget entydigt svar p\u00e5 den fr\u00e5gan. Varje erfaren lottospelare har sina [&hellip;]<\/p>\n","protected":false},"author":2,"featured_media":0,"parent":6990,"menu_order":2,"comment_status":"closed","ping_status":"closed","template":"megamillion-info.php","meta":{"_et_pb_use_builder":"","_et_pb_old_content":"","_et_gb_content_width":"","exclude_from_search":false,"footnotes":""},"class_list":["post-10566","page","type-page","status-publish","hentry"],"yoast_head":"<!-- This site is optimized with the Yoast SEO plugin v23.8 - https:\/\/yoast.com\/wordpress\/plugins\/seo\/ -->\n<title>Mega Millions Priser, Regler &amp; Jackpott - Lottomat<\/title>\n<meta name=\"description\" content=\"Du har m\u00f6jlighet att vinna Mega Millions priser och jackpott. Mega Millions \u00e4r ett fantastiskt lotteri d\u00e4r jackpottarna v\u00e4xer som gallenast\" \/>\n<meta name=\"robots\" content=\"index, follow, max-snippet:-1, max-image-preview:large, max-video-preview:-1\" \/>\n<link rel=\"canonical\" href=\"https:\/\/lottomat.com\/sv\/lotteri\/mega-millions\/\" \/>\n<meta property=\"og:locale\" content=\"sv_SE\" \/>\n<meta property=\"og:type\" content=\"article\" \/>\n<meta property=\"og:title\" content=\"Mega Millions Priser, Regler &amp; Jackpott - Lottomat\" \/>\n<meta property=\"og:description\" content=\"Du har m\u00f6jlighet att vinna Mega Millions priser och jackpott. Mega Millions \u00e4r ett fantastiskt lotteri d\u00e4r jackpottarna v\u00e4xer som gallenast\" \/>\n<meta property=\"og:url\" content=\"https:\/\/lottomat.com\/sv\/lotteri\/mega-millions\/\" \/>\n<meta property=\"og:site_name\" content=\"Lottomat\" \/>\n<meta property=\"article:modified_time\" content=\"2026-03-10T07:03:05+00:00\" \/>\n<meta property=\"og:image\" content=\"https:\/\/lottomat.com\/wp-content\/uploads\/2025\/10\/prizes-and-jackpot.webp\" \/>\n\t<meta property=\"og:image:width\" content=\"400\" \/>\n\t<meta property=\"og:image:height\" content=\"400\" \/>\n\t<meta property=\"og:image:type\" content=\"image\/webp\" \/>\n<meta name=\"twitter:card\" content=\"summary_large_image\" \/>\n<meta name=\"twitter:label1\" content=\"Ber\u00e4knad l\u00e4stid\" \/>\n\t<meta name=\"twitter:data1\" content=\"7 minuter\" \/>\n<script type=\"application\/ld+json\" class=\"yoast-schema-graph\">{\"@context\":\"https:\/\/schema.org\",\"@graph\":[{\"@type\":\"WebPage\",\"@id\":\"https:\/\/lottomat.com\/sv\/lotteri\/mega-millions\/\",\"url\":\"https:\/\/lottomat.com\/sv\/lotteri\/mega-millions\/\",\"name\":\"Mega Millions Priser, Regler & Jackpott - Lottomat\",\"isPartOf\":{\"@id\":\"https:\/\/lottomat.com\/sv\/#website\"},\"primaryImageOfPage\":{\"@id\":\"https:\/\/lottomat.com\/sv\/lotteri\/mega-millions\/#primaryimage\"},\"image\":{\"@id\":\"https:\/\/lottomat.com\/sv\/lotteri\/mega-millions\/#primaryimage\"},\"thumbnailUrl\":\"https:\/\/lottomat.com\/wp-content\/uploads\/2025\/10\/prizes-and-jackpot.webp\",\"datePublished\":\"2025-03-26T13:41:46+00:00\",\"dateModified\":\"2026-03-10T07:03:05+00:00\",\"description\":\"Du har m\u00f6jlighet att vinna Mega Millions priser och jackpott. Mega Millions \u00e4r ett fantastiskt lotteri d\u00e4r jackpottarna v\u00e4xer som gallenast\",\"breadcrumb\":{\"@id\":\"https:\/\/lottomat.com\/sv\/lotteri\/mega-millions\/#breadcrumb\"},\"inLanguage\":\"sv-SE\",\"potentialAction\":[{\"@type\":\"ReadAction\",\"target\":[\"https:\/\/lottomat.com\/sv\/lotteri\/mega-millions\/\"]}]},{\"@type\":\"ImageObject\",\"inLanguage\":\"sv-SE\",\"@id\":\"https:\/\/lottomat.com\/sv\/lotteri\/mega-millions\/#primaryimage\",\"url\":\"https:\/\/lottomat.com\/wp-content\/uploads\/2025\/10\/prizes-and-jackpot.webp\",\"contentUrl\":\"https:\/\/lottomat.com\/wp-content\/uploads\/2025\/10\/prizes-and-jackpot.webp\"},{\"@type\":\"BreadcrumbList\",\"@id\":\"https:\/\/lottomat.com\/sv\/lotteri\/mega-millions\/#breadcrumb\",\"itemListElement\":[{\"@type\":\"ListItem\",\"position\":1,\"name\":\"Home\",\"item\":\"https:\/\/lottomat.com\/sv\/\"},{\"@type\":\"ListItem\",\"position\":2,\"name\":\"Lottoregler: Priser, Jackpot &#038; Odds\",\"item\":\"https:\/\/lottomat.com\/sv\/lotteri\/\"},{\"@type\":\"ListItem\",\"position\":3,\"name\":\"Mega Millions Priser, Regler &#038; Jackpott\"}]},{\"@type\":\"WebSite\",\"@id\":\"https:\/\/lottomat.com\/sv\/#website\",\"url\":\"https:\/\/lottomat.com\/sv\/\",\"name\":\"Lottomat\",\"description\":\"\",\"potentialAction\":[{\"@type\":\"SearchAction\",\"target\":{\"@type\":\"EntryPoint\",\"urlTemplate\":\"https:\/\/lottomat.com\/sv\/?s={search_term_string}\"},\"query-input\":{\"@type\":\"PropertyValueSpecification\",\"valueRequired\":true,\"valueName\":\"search_term_string\"}}],\"inLanguage\":\"sv-SE\"}]}<\/script>\n<!-- \/ Yoast SEO plugin. -->","yoast_head_json":{"title":"Mega Millions Priser, Regler & Jackpott - Lottomat","description":"Du har m\u00f6jlighet att vinna Mega Millions priser och jackpott. Mega Millions \u00e4r ett fantastiskt lotteri d\u00e4r jackpottarna v\u00e4xer som gallenast","robots":{"index":"index","follow":"follow","max-snippet":"max-snippet:-1","max-image-preview":"max-image-preview:large","max-video-preview":"max-video-preview:-1"},"canonical":"https:\/\/lottomat.com\/sv\/lotteri\/mega-millions\/","og_locale":"sv_SE","og_type":"article","og_title":"Mega Millions Priser, Regler & Jackpott - Lottomat","og_description":"Du har m\u00f6jlighet att vinna Mega Millions priser och jackpott. Mega Millions \u00e4r ett fantastiskt lotteri d\u00e4r jackpottarna v\u00e4xer som gallenast","og_url":"https:\/\/lottomat.com\/sv\/lotteri\/mega-millions\/","og_site_name":"Lottomat","article_modified_time":"2026-03-10T07:03:05+00:00","og_image":[{"width":400,"height":400,"url":"https:\/\/lottomat.com\/wp-content\/uploads\/2025\/10\/prizes-and-jackpot.webp","type":"image\/webp"}],"twitter_card":"summary_large_image","twitter_misc":{"Ber\u00e4knad l\u00e4stid":"7 minuter"},"schema":{"@context":"https:\/\/schema.org","@graph":[{"@type":"WebPage","@id":"https:\/\/lottomat.com\/sv\/lotteri\/mega-millions\/","url":"https:\/\/lottomat.com\/sv\/lotteri\/mega-millions\/","name":"Mega Millions Priser, Regler & Jackpott - Lottomat","isPartOf":{"@id":"https:\/\/lottomat.com\/sv\/#website"},"primaryImageOfPage":{"@id":"https:\/\/lottomat.com\/sv\/lotteri\/mega-millions\/#primaryimage"},"image":{"@id":"https:\/\/lottomat.com\/sv\/lotteri\/mega-millions\/#primaryimage"},"thumbnailUrl":"https:\/\/lottomat.com\/wp-content\/uploads\/2025\/10\/prizes-and-jackpot.webp","datePublished":"2025-03-26T13:41:46+00:00","dateModified":"2026-03-10T07:03:05+00:00","description":"Du har m\u00f6jlighet att vinna Mega Millions priser och jackpott. Mega Millions \u00e4r ett fantastiskt lotteri d\u00e4r jackpottarna v\u00e4xer som gallenast","breadcrumb":{"@id":"https:\/\/lottomat.com\/sv\/lotteri\/mega-millions\/#breadcrumb"},"inLanguage":"sv-SE","potentialAction":[{"@type":"ReadAction","target":["https:\/\/lottomat.com\/sv\/lotteri\/mega-millions\/"]}]},{"@type":"ImageObject","inLanguage":"sv-SE","@id":"https:\/\/lottomat.com\/sv\/lotteri\/mega-millions\/#primaryimage","url":"https:\/\/lottomat.com\/wp-content\/uploads\/2025\/10\/prizes-and-jackpot.webp","contentUrl":"https:\/\/lottomat.com\/wp-content\/uploads\/2025\/10\/prizes-and-jackpot.webp"},{"@type":"BreadcrumbList","@id":"https:\/\/lottomat.com\/sv\/lotteri\/mega-millions\/#breadcrumb","itemListElement":[{"@type":"ListItem","position":1,"name":"Home","item":"https:\/\/lottomat.com\/sv\/"},{"@type":"ListItem","position":2,"name":"Lottoregler: Priser, Jackpot &#038; Odds","item":"https:\/\/lottomat.com\/sv\/lotteri\/"},{"@type":"ListItem","position":3,"name":"Mega Millions Priser, Regler &#038; Jackpott"}]},{"@type":"WebSite","@id":"https:\/\/lottomat.com\/sv\/#website","url":"https:\/\/lottomat.com\/sv\/","name":"Lottomat","description":"","potentialAction":[{"@type":"SearchAction","target":{"@type":"EntryPoint","urlTemplate":"https:\/\/lottomat.com\/sv\/?s={search_term_string}"},"query-input":{"@type":"PropertyValueSpecification","valueRequired":true,"valueName":"search_term_string"}}],"inLanguage":"sv-SE"}]}},"_links":{"self":[{"href":"https:\/\/lottomat.com\/sv\/wp-json\/wp\/v2\/pages\/10566","targetHints":{"allow":["GET"]}}],"collection":[{"href":"https:\/\/lottomat.com\/sv\/wp-json\/wp\/v2\/pages"}],"about":[{"href":"https:\/\/lottomat.com\/sv\/wp-json\/wp\/v2\/types\/page"}],"author":[{"embeddable":true,"href":"https:\/\/lottomat.com\/sv\/wp-json\/wp\/v2\/users\/2"}],"replies":[{"embeddable":true,"href":"https:\/\/lottomat.com\/sv\/wp-json\/wp\/v2\/comments?post=10566"}],"version-history":[{"count":4,"href":"https:\/\/lottomat.com\/sv\/wp-json\/wp\/v2\/pages\/10566\/revisions"}],"predecessor-version":[{"id":272978,"href":"https:\/\/lottomat.com\/sv\/wp-json\/wp\/v2\/pages\/10566\/revisions\/272978"}],"up":[{"embeddable":true,"href":"https:\/\/lottomat.com\/sv\/wp-json\/wp\/v2\/pages\/6990"}],"wp:attachment":[{"href":"https:\/\/lottomat.com\/sv\/wp-json\/wp\/v2\/media?parent=10566"}],"curies":[{"name":"wp","href":"https:\/\/api.w.org\/{rel}","templated":true}]}}