{"id":9733,"date":"2025-03-26T08:35:10","date_gmt":"2025-03-26T08:35:10","guid":{"rendered":""},"modified":"2025-10-05T16:37:49","modified_gmt":"2025-10-05T16:37:49","slug":"superenalotto","status":"publish","type":"page","link":"https:\/\/lottomat.com\/sr\/igrati\/superenalotto\/","title":{"rendered":"SuperEnalotto Online &#8211; SuperEnalotto Tiketi"},"content":{"rendered":"\n\n<div class=\"kk-star-ratings kksr-auto kksr-align-left kksr-valign-top\"\n    data-payload='{&quot;align&quot;:&quot;left&quot;,&quot;id&quot;:&quot;9733&quot;,&quot;slug&quot;:&quot;default&quot;,&quot;valign&quot;:&quot;top&quot;,&quot;ignore&quot;:&quot;&quot;,&quot;reference&quot;:&quot;auto&quot;,&quot;class&quot;:&quot;&quot;,&quot;count&quot;:&quot;0&quot;,&quot;legendonly&quot;:&quot;&quot;,&quot;readonly&quot;:&quot;&quot;,&quot;score&quot;:&quot;0&quot;,&quot;starsonly&quot;:&quot;&quot;,&quot;best&quot;:&quot;5&quot;,&quot;gap&quot;:&quot;5&quot;,&quot;greet&quot;:&quot;Rate this page&quot;,&quot;legend&quot;:&quot;0\\\/5 - (0 votes)&quot;,&quot;size&quot;:&quot;30&quot;,&quot;title&quot;:&quot;SuperEnalotto Online - SuperEnalotto Tiketi&quot;,&quot;width&quot;:&quot;0&quot;,&quot;_legend&quot;:&quot;{score}\\\/{best} - ({count} {votes})&quot;,&quot;font_factor&quot;:&quot;1.25&quot;}'>\n            \n<div class=\"kksr-stars\">\n    \n<div class=\"kksr-stars-inactive\">\n            <div class=\"kksr-star\" data-star=\"1\" style=\"padding-right: 5px\">\n            \n\n<div class=\"kksr-icon\" style=\"width: 30px; height: 30px;\"><\/div>\n        <\/div>\n            <div class=\"kksr-star\" data-star=\"2\" style=\"padding-right: 5px\">\n            \n\n<div class=\"kksr-icon\" style=\"width: 30px; height: 30px;\"><\/div>\n        <\/div>\n            <div class=\"kksr-star\" data-star=\"3\" style=\"padding-right: 5px\">\n            \n\n<div class=\"kksr-icon\" style=\"width: 30px; height: 30px;\"><\/div>\n        <\/div>\n            <div class=\"kksr-star\" data-star=\"4\" style=\"padding-right: 5px\">\n            \n\n<div class=\"kksr-icon\" style=\"width: 30px; height: 30px;\"><\/div>\n        <\/div>\n            <div class=\"kksr-star\" data-star=\"5\" style=\"padding-right: 5px\">\n            \n\n<div class=\"kksr-icon\" style=\"width: 30px; height: 30px;\"><\/div>\n        <\/div>\n    <\/div>\n    \n<div class=\"kksr-stars-active\" style=\"width: 0px;\">\n            <div class=\"kksr-star\" style=\"padding-right: 5px\">\n            \n\n<div class=\"kksr-icon\" style=\"width: 30px; height: 30px;\"><\/div>\n        <\/div>\n            <div class=\"kksr-star\" style=\"padding-right: 5px\">\n            \n\n<div class=\"kksr-icon\" style=\"width: 30px; height: 30px;\"><\/div>\n        <\/div>\n            <div class=\"kksr-star\" style=\"padding-right: 5px\">\n            \n\n<div class=\"kksr-icon\" style=\"width: 30px; height: 30px;\"><\/div>\n        <\/div>\n            <div class=\"kksr-star\" style=\"padding-right: 5px\">\n            \n\n<div class=\"kksr-icon\" style=\"width: 30px; height: 30px;\"><\/div>\n        <\/div>\n            <div class=\"kksr-star\" style=\"padding-right: 5px\">\n            \n\n<div class=\"kksr-icon\" style=\"width: 30px; height: 30px;\"><\/div>\n        <\/div>\n    <\/div>\n<\/div>\n                \n\n<div class=\"kksr-legend\" style=\"font-size: 24px;\">\n            <span class=\"kksr-muted\">Rate this page<\/span>\n    <\/div>\n    <\/div>\n<h2><img loading=\"lazy\" decoding=\"async\" class=\"alignleft wp-image-252554\" src=\"https:\/\/lottomat.com\/wp-content\/uploads\/2025\/10\/Italian-lottery-online-300x300.webp\" alt=\"Italijanska lutrija online\" width=\"200\" height=\"200\" srcset=\"https:\/\/lottomat.com\/wp-content\/uploads\/2025\/10\/Italian-lottery-online-300x300.webp 300w, https:\/\/lottomat.com\/wp-content\/uploads\/2025\/10\/Italian-lottery-online-150x150.webp 150w, https:\/\/lottomat.com\/wp-content\/uploads\/2025\/10\/Italian-lottery-online-100x100.webp 100w, https:\/\/lottomat.com\/wp-content\/uploads\/2025\/10\/Italian-lottery-online.webp 400w\" sizes=\"auto, (max-width: 200px) 100vw, 200px\" \/>\u0160ta je SuperEnalotto?<\/h2>\n<p><strong>SuperEnalotto je najpopularnija i najpresti\u017enija lutrijska igra u Italiji<\/strong>, poznata po tome \u0161to nudi neke od najve\u0107ih d\u017eekpotova u istoriji evropskih lutrija. Ova legendarna italijanska lutrija o\u010darava igra\u010de jo\u0161 od 1997. godine svojim jedinstvenim formatom i izuzetnim potencijalom nagrada. <strong>Izvla\u010denja SuperEnalotto odr\u017eavaju se tri puta nedeljno<\/strong> \u2013 utorkom, \u010detvrtkom i subotom \u2013 daju\u0107i igra\u010dima vi\u0161estruke \u0161anse da osvoje iznose koji mogu promeniti \u017eivot. Ono \u0161to ovu italijansku lutriju izdvaja jeste nepostojanje limita za d\u017eekpot, \u0161to zna\u010di da se nagrade mogu prenositi neograni\u010deno dok neko ne osvoji, \u010desto dosti\u017eu\u0107i astronomske cifre koje privla\u010de me\u0111unarodnu pa\u017enju. \u017delite da igrate SuperEnalotto online? Hajde da saznamo vi\u0161e!<\/p>\n<h2><img loading=\"lazy\" decoding=\"async\" class=\"alignright wp-image-252584\" src=\"https:\/\/lottomat.com\/wp-content\/uploads\/2025\/10\/play-SuperEnalotto-300x300.webp\" alt=\"igraj SuperEnalotto\" width=\"200\" height=\"200\" srcset=\"https:\/\/lottomat.com\/wp-content\/uploads\/2025\/10\/play-SuperEnalotto-300x300.webp 300w, https:\/\/lottomat.com\/wp-content\/uploads\/2025\/10\/play-SuperEnalotto-150x150.webp 150w, https:\/\/lottomat.com\/wp-content\/uploads\/2025\/10\/play-SuperEnalotto-100x100.webp 100w, https:\/\/lottomat.com\/wp-content\/uploads\/2025\/10\/play-SuperEnalotto.webp 400w\" sizes=\"auto, (max-width: 200px) 100vw, 200px\" \/>Kako igrati SuperEnalotto online?<\/h2>\n<p><strong>Igranje SuperEnalotto online putem LottoMat je izuzetno prakti\u010dno i dostupno sa bilo kog mesta u svetu, u bilo koje vreme<\/strong>. Proces je jednostavan i prilago\u0111en korisnicima \u2013 dovoljno je da se registrujete na <a href=\"https:\/\/lottomat.com\/sr\/\">LottoMat sajtu<\/a>, izaberete svoje sre\u0107ne brojeve i kupite tikete online bez napu\u0161tanja doma. <strong>Mo\u017eete birati brojeve ru\u010dno prema sopstvenoj strategiji ili koristiti opciju Quick Pick za nasumi\u010dan izbor<\/strong>. Ova fleksibilnost omogu\u0107ava i strate\u0161kim igra\u010dima i onima koji vole da prepuste sudbinu slu\u010daju da u\u017eivaju u uzbu\u0111enju najpoznatije italijanske lutrije. Online igranje uklanja geografske barijere, omogu\u0107avaju\u0107i me\u0111unarodnim igra\u010dima da u\u010destvuju u jednoj od najuzbudljivijih evropskih lutrija.<\/p>\n<h2>Kako kupiti SuperEnalotto tikete online?<\/h2>\n<p><strong>Kupovina SuperEnalotto tiketa online zahteva kori\u0161\u0107enje va\u0161e omiljene metode pla\u0107anja preko bezbedne LottoMat platforme<\/strong>. Svi tiketi su dostupni na LottoMat sajtu, obezbe\u0111uju\u0107i da ne propustite nijedno izvla\u010denje. <strong>Garantujemo autenti\u010dnost va\u0161ih uplata skeniranjem originalnih tiketa koje na\u0161i licencirani agenti kupuju direktno u Italiji<\/strong>. Ovaj proces osigurava da <a href=\"https:\/\/lottomat.com\/sr\/\">va\u0161i online lutrijski tiketi<\/a> imaju podr\u0161ku pravih, fizi\u010dkih tiketa kupljenih od ovla\u0161\u0107enih italijanskih prodavaca. Digitalne kopije va\u0161ih tiketa \u010duvaju se sigurno na va\u0161em nalogu, pru\u017eaju\u0107i potpunu transparentnost i sigurnost za va\u0161a ulaganja u lutriju. Ovaj sistem kombinuje pogodnost online igranja sa pouzdano\u0161\u0107u tradicionalne kupovine tiketa.<\/p>\n<h2><img loading=\"lazy\" decoding=\"async\" class=\"wp-image-252614 alignleft\" src=\"https:\/\/lottomat.com\/wp-content\/uploads\/2025\/10\/SuperEnalotto-online-300x300.webp\" alt=\"SuperEnalotto online\" width=\"200\" height=\"200\" srcset=\"https:\/\/lottomat.com\/wp-content\/uploads\/2025\/10\/SuperEnalotto-online-300x300.webp 300w, https:\/\/lottomat.com\/wp-content\/uploads\/2025\/10\/SuperEnalotto-online-150x150.webp 150w, https:\/\/lottomat.com\/wp-content\/uploads\/2025\/10\/SuperEnalotto-online-100x100.webp 100w, https:\/\/lottomat.com\/wp-content\/uploads\/2025\/10\/SuperEnalotto-online.webp 400w\" sizes=\"auto, (max-width: 200px) 100vw, 200px\" \/>Mo\u017eete li kupiti vi\u0161e SuperEnalotto tiketa?<\/h2>\n<p><strong>Da, mo\u017eete zna\u010dajno pove\u0107ati svoje \u0161anse za dobitak kupovinom vi\u0161e SuperEnalotto tiketa u jednoj transakciji<\/strong>. LottoMat nudi prakti\u010dnu opciju \u201evi\u0161e linija\u201c, koja vam omogu\u0107ava da kupite do 20 SuperEnalotto tiketa odjednom. Ova opcija je savr\u0161ena za igra\u010de koji \u017eele da maksimizuju svoje \u0161anse za dobitak ili za sindikate lutrije koji \u017eele da objedine svoje resurse. <strong>Kupovina vi\u0161e tiketa ne samo da pove\u0107ava va\u0161e \u0161anse, ve\u0107 i olak\u0161ava upravljanje va\u0161im uplatama<\/strong> u jednoj jednostavnoj transakciji.<\/p>\n<h2>Mo\u017eete li kupiti SuperEnalotto tikete za vi\u0161e izvla\u010denja?<\/h2>\n<p><strong>Apsolutno! LottoMat vam omogu\u0107ava da kupite SuperEnalotto tikete za do 8 uzastopnih izvla\u010denja<\/strong>, osiguravaju\u0107i da ne propustite nijednu priliku za dobitak. Ova opcija unapred je idealna za zauzete igra\u010de koji \u017eele da zadr\u017ee kontinuitet u igranju bez potrebe da se se\u0107aju da kupe tikete pre svakog izvla\u010denja. <strong>Igranje na vi\u0161e izvla\u010denja sa istim brojevima mo\u017ee biti deo dugoro\u010dne strategije<\/strong>, a mnogi igra\u010di preferiraju ovaj pristup radi prakti\u010dnosti i doslednosti.<\/p>\n<h2>Koja je cena SuperEnalotto tiketa online?<img loading=\"lazy\" decoding=\"async\" class=\"alignright wp-image-252644\" src=\"https:\/\/lottomat.com\/wp-content\/uploads\/2025\/10\/SuperEnalotto-tickets-300x300.webp\" alt=\"SuperEnalotto tiketi\" width=\"200\" height=\"200\" srcset=\"https:\/\/lottomat.com\/wp-content\/uploads\/2025\/10\/SuperEnalotto-tickets-300x300.webp 300w, https:\/\/lottomat.com\/wp-content\/uploads\/2025\/10\/SuperEnalotto-tickets-150x150.webp 150w, https:\/\/lottomat.com\/wp-content\/uploads\/2025\/10\/SuperEnalotto-tickets-100x100.webp 100w, https:\/\/lottomat.com\/wp-content\/uploads\/2025\/10\/SuperEnalotto-tickets.webp 400w\" sizes=\"auto, (max-width: 200px) 100vw, 200px\" \/><\/h2>\n<p><strong>Nakon \u0161to izaberete \u017eeljeni broj linija na LottoMat, na\u0161 automatski kalkulator odmah \u0107e izra\u010dunati ukupnu cenu va\u0161ih SuperEnalotto tiketa<\/strong>. Cena je transparentna i jasno prikazana pre zavr\u0161etka kupovine, osiguravaju\u0107i da nema skrivenih tro\u0161kova ili iznena\u0111enja. <strong>Na\u0161 sistem cena uzima u obzir broj linija, izvla\u010denja i sve dodatne opcije koje odaberete<\/strong>, pru\u017eaju\u0107i vam detaljan pregled va\u0161eg ulaganja u lutriju. Ova funkcija automatskog izra\u010dunavanja \u010dini planiranje bud\u017eeta za lutriju jednostavnim i jasnim.<\/p>\n<h2>Koji su najbolji saveti za igranje SuperEnalotto online?<\/h2>\n<p><strong>Uspe\u0161no igranje SuperEnalotto kombinuje strategiju sa odgovornim igranjem<\/strong>. Razmotrite kombinovanje \u010desto izvla\u010denih \u201evru\u0107ih\u201c brojeva sa re\u0111e izvla\u010denim \u201ehladnim\u201c brojevima, mada imajte na umu da je svako izvla\u010denje nezavisno i nasumi\u010dno. <strong>Sistemska igranja mogu pove\u0107ati va\u0161e \u0161anse pokrivaju\u0107i vi\u0161e kombinacija brojeva<\/strong>, dok dosledno igranje sa istim brojevima privla\u010di mnoge posve\u0107ene igra\u010de. Postavite udoban bud\u017eet i dr\u017eite ga se, tretiraju\u0107i lutriju kao zabavu, a ne kao strategiju ulaganja. <strong>Iskoristite opcije za vi\u0161e izvla\u010denja da odr\u017eite kontinuitet<\/strong> i razmislite o pridru\u017eivanju ili formiranju sindikata kako biste udru\u017eili resurse i pove\u0107ali kolektivne \u0161anse za dobitak. Mnogi uspe\u0161ni igra\u010di prate <a href=\"https:\/\/lottomat.com\/sr\/rezultati\/superenalotto\/\">rezultate SuperEnalotto izvla\u010denja<\/a> i njihove obrasce, ali va\u017eno je zapamtiti da se lutrijske igre u krajnjoj liniji zasnivaju na sre\u0107i. <strong>Klju\u010d je igrati odgovorno dok maksimizujete svoje u\u017eivanje u ovoj uzbudljivoj italijanskoj lutriji<\/strong>.<\/p>\n<h2>Vredi li igrati SuperEnalotto online?<\/h2>\n<p><strong>Igranje SuperEnalotto online pru\u017ea izuzetnu vrednost za ljubitelje lutrije koji tra\u017ee najve\u0107e d\u017eekpotove u Evropi<\/strong>. Pogodnost online igranja, u kombinaciji sa neograni\u010denim potencijalom d\u017eekpota SuperEnalotto, \u010dini ga privla\u010dnom opcijom za ozbiljne igra\u010de lutrije. <strong>Mogu\u0107nost u\u010de\u0161\u0107a sa bilo kog mesta u svetu, u bilo koje vreme, bez geografskih ograni\u010denja donosi ogromnu vrednost<\/strong>. Sa tri izvla\u010denja nedeljno i nekim od najve\u0107ih nagrada u istoriji lutrija, SuperEnalotto nudi vi\u0161e \u0161ansi i ve\u0107e potencijalne nagrade od mnogih drugih evropskih lutrija. <strong>Kombinacija dostupnosti, sigurnosti i ogromnog potencijala nagrada \u010dini online igranje SuperEnalotto vrednim izborom za posve\u0107ene igra\u010de<\/strong>. Pro\u010ditajte vi\u0161e o <a href=\"https:\/\/lottomat.com\/sr\/lutrija\/superenalotto\/\">SuperEnalotto nagradama i d\u017eekpotu<\/a> na na\u0161em sajtu.<\/p>\n<h2>Da li su SuperEnalotto tiketi kupljeni online putem LottoMat bezbedni?<\/h2>\n<p><strong>Da, SuperEnalotto tiketi kupljeni putem LottoMat su potpuno bezbedni<\/strong>. Garantujemo sigurno \u010duvanje i upravljanje svim va\u0161im tiketima preko na\u0161eg naprednog digitalnog sistema. <strong>Svaki tiket se profesionalno skenira i \u010duva na va\u0161em li\u010dnom nalogu<\/strong>, daju\u0107i vam stalni pristup va\u0161im uplatama i uklanjaju\u0107i rizik od gubitka ili o\u0161te\u0107enja fizi\u010dkih tiketa. Na\u0161i licencirani agenti kupuju originalne tikete direktno od ovla\u0161\u0107enih italijanskih prodavaca, obezbe\u0111uju\u0107i potpunu autenti\u010dnost i legitimnost. <strong>Mere bezbednosti LottoMat uklju\u010duju enkriptovane transakcije, sigurno \u010duvanje podataka i potpunu uskla\u0111enost sa regulativama<\/strong>, daju\u0107i vam sigurnost da su va\u0161a ulaganja u lutriju za\u0161ti\u0107ena. Va\u0161i dobici su zagarantovani i automatski se upla\u0107uju na va\u0161 nalog, \u010dine\u0107i ceo proces transparentnim i pouzdanim.<\/p>\n","protected":false},"excerpt":{"rendered":"<p>\u0160ta je SuperEnalotto? SuperEnalotto je najpopularnija i najpresti\u017enija lutrijska igra u Italiji, poznata po tome \u0161to nudi neke od najve\u0107ih d\u017eekpotova u istoriji evropskih lutrija. Ova legendarna italijanska lutrija o\u010darava igra\u010de jo\u0161 od 1997. godine svojim jedinstvenim formatom i izuzetnim potencijalom nagrada. Izvla\u010denja SuperEnalotto odr\u017eavaju se tri puta nedeljno \u2013 utorkom, \u010detvrtkom i subotom \u2013 [&hellip;]<\/p>\n","protected":false},"author":1,"featured_media":0,"parent":6838,"menu_order":5,"comment_status":"closed","ping_status":"closed","template":"superenalotto.php","meta":{"_et_pb_use_builder":"","_et_pb_old_content":"","_et_gb_content_width":"","exclude_from_search":false,"footnotes":""},"class_list":["post-9733","page","type-page","status-publish","hentry"],"yoast_head":"<!-- This site is optimized with the Yoast SEO plugin v23.8 - https:\/\/yoast.com\/wordpress\/plugins\/seo\/ -->\n<title>SuperEnalotto Online - SuperEnalotto Tiketi - Lottomat Srbija<\/title>\n<meta name=\"description\" content=\"Igrajte italijanski SuperEnalotto online i osvojite bogatstvo! Kupite SuperEnalotto tikete na Lottomat i u\u010destvujte u narednom izvla\u010denju italijanske lutrije.\" \/>\n<meta name=\"robots\" content=\"index, follow, max-snippet:-1, max-image-preview:large, max-video-preview:-1\" \/>\n<link rel=\"canonical\" href=\"https:\/\/lottomat.com\/sr\/igrati\/superenalotto\/\" \/>\n<meta property=\"og:locale\" content=\"sr_RS\" \/>\n<meta property=\"og:type\" content=\"article\" \/>\n<meta property=\"og:title\" content=\"SuperEnalotto Online - SuperEnalotto Tiketi - Lottomat Srbija\" \/>\n<meta property=\"og:description\" content=\"Igrajte italijanski SuperEnalotto online i osvojite bogatstvo! Kupite SuperEnalotto tikete na Lottomat i u\u010destvujte u narednom izvla\u010denju italijanske lutrije.\" \/>\n<meta property=\"og:url\" content=\"https:\/\/lottomat.com\/sr\/igrati\/superenalotto\/\" \/>\n<meta property=\"og:site_name\" content=\"Lottomat\" \/>\n<meta property=\"article:modified_time\" content=\"2025-10-05T16:37:49+00:00\" \/>\n<meta property=\"og:image\" content=\"https:\/\/lottomat.com\/wp-content\/uploads\/2025\/10\/Italian-lottery-online-300x300.webp\" \/>\n<meta name=\"twitter:card\" content=\"summary_large_image\" \/>\n<meta name=\"twitter:label1\" content=\"\u041f\u0440\u043e\u0446\u0435\u045a\u0435\u043d\u043e \u0432\u0440\u0435\u043c\u0435 \u0447\u0438\u0442\u0430\u045a\u0430\" \/>\n\t<meta name=\"twitter:data1\" content=\"5 \u043c\u0438\u043d\u0443\u0442\u0430\" \/>\n<script type=\"application\/ld+json\" class=\"yoast-schema-graph\">{\"@context\":\"https:\/\/schema.org\",\"@graph\":[{\"@type\":\"WebPage\",\"@id\":\"https:\/\/lottomat.com\/sr\/igrati\/superenalotto\/\",\"url\":\"https:\/\/lottomat.com\/sr\/igrati\/superenalotto\/\",\"name\":\"SuperEnalotto Online - SuperEnalotto Tiketi - Lottomat Srbija\",\"isPartOf\":{\"@id\":\"https:\/\/lottomat.com\/sr\/#website\"},\"primaryImageOfPage\":{\"@id\":\"https:\/\/lottomat.com\/sr\/igrati\/superenalotto\/#primaryimage\"},\"image\":{\"@id\":\"https:\/\/lottomat.com\/sr\/igrati\/superenalotto\/#primaryimage\"},\"thumbnailUrl\":\"https:\/\/lottomat.com\/wp-content\/uploads\/2025\/10\/Italian-lottery-online-300x300.webp\",\"datePublished\":\"2025-03-26T08:35:10+00:00\",\"dateModified\":\"2025-10-05T16:37:49+00:00\",\"description\":\"Igrajte italijanski SuperEnalotto online i osvojite bogatstvo! Kupite SuperEnalotto tikete na Lottomat i u\u010destvujte u narednom izvla\u010denju italijanske lutrije.\",\"breadcrumb\":{\"@id\":\"https:\/\/lottomat.com\/sr\/igrati\/superenalotto\/#breadcrumb\"},\"inLanguage\":\"sr-RS\",\"potentialAction\":[{\"@type\":\"ReadAction\",\"target\":[\"https:\/\/lottomat.com\/sr\/igrati\/superenalotto\/\"]}]},{\"@type\":\"ImageObject\",\"inLanguage\":\"sr-RS\",\"@id\":\"https:\/\/lottomat.com\/sr\/igrati\/superenalotto\/#primaryimage\",\"url\":\"https:\/\/lottomat.com\/wp-content\/uploads\/2025\/10\/Italian-lottery-online-300x300.webp\",\"contentUrl\":\"https:\/\/lottomat.com\/wp-content\/uploads\/2025\/10\/Italian-lottery-online-300x300.webp\"},{\"@type\":\"BreadcrumbList\",\"@id\":\"https:\/\/lottomat.com\/sr\/igrati\/superenalotto\/#breadcrumb\",\"itemListElement\":[{\"@type\":\"ListItem\",\"position\":1,\"name\":\"Home\",\"item\":\"https:\/\/lottomat.com\/sr\/\"},{\"@type\":\"ListItem\",\"position\":2,\"name\":\"Online Lotto &#8211; Igrajte najbolje online lutrije\",\"item\":\"https:\/\/lottomat.com\/sr\/igrati\/\"},{\"@type\":\"ListItem\",\"position\":3,\"name\":\"SuperEnalotto Online &#8211; SuperEnalotto Tiketi\"}]},{\"@type\":\"WebSite\",\"@id\":\"https:\/\/lottomat.com\/sr\/#website\",\"url\":\"https:\/\/lottomat.com\/sr\/\",\"name\":\"Lottomat\",\"description\":\"\",\"potentialAction\":[{\"@type\":\"SearchAction\",\"target\":{\"@type\":\"EntryPoint\",\"urlTemplate\":\"https:\/\/lottomat.com\/sr\/?s={search_term_string}\"},\"query-input\":{\"@type\":\"PropertyValueSpecification\",\"valueRequired\":true,\"valueName\":\"search_term_string\"}}],\"inLanguage\":\"sr-RS\"}]}<\/script>\n<!-- \/ Yoast SEO plugin. -->","yoast_head_json":{"title":"SuperEnalotto Online - SuperEnalotto Tiketi - Lottomat Srbija","description":"Igrajte italijanski SuperEnalotto online i osvojite bogatstvo! Kupite SuperEnalotto tikete na Lottomat i u\u010destvujte u narednom izvla\u010denju italijanske lutrije.","robots":{"index":"index","follow":"follow","max-snippet":"max-snippet:-1","max-image-preview":"max-image-preview:large","max-video-preview":"max-video-preview:-1"},"canonical":"https:\/\/lottomat.com\/sr\/igrati\/superenalotto\/","og_locale":"sr_RS","og_type":"article","og_title":"SuperEnalotto Online - SuperEnalotto Tiketi - Lottomat Srbija","og_description":"Igrajte italijanski SuperEnalotto online i osvojite bogatstvo! Kupite SuperEnalotto tikete na Lottomat i u\u010destvujte u narednom izvla\u010denju italijanske lutrije.","og_url":"https:\/\/lottomat.com\/sr\/igrati\/superenalotto\/","og_site_name":"Lottomat","article_modified_time":"2025-10-05T16:37:49+00:00","og_image":[{"url":"https:\/\/lottomat.com\/wp-content\/uploads\/2025\/10\/Italian-lottery-online-300x300.webp"}],"twitter_card":"summary_large_image","twitter_misc":{"\u041f\u0440\u043e\u0446\u0435\u045a\u0435\u043d\u043e \u0432\u0440\u0435\u043c\u0435 \u0447\u0438\u0442\u0430\u045a\u0430":"5 \u043c\u0438\u043d\u0443\u0442\u0430"},"schema":{"@context":"https:\/\/schema.org","@graph":[{"@type":"WebPage","@id":"https:\/\/lottomat.com\/sr\/igrati\/superenalotto\/","url":"https:\/\/lottomat.com\/sr\/igrati\/superenalotto\/","name":"SuperEnalotto Online - SuperEnalotto Tiketi - Lottomat Srbija","isPartOf":{"@id":"https:\/\/lottomat.com\/sr\/#website"},"primaryImageOfPage":{"@id":"https:\/\/lottomat.com\/sr\/igrati\/superenalotto\/#primaryimage"},"image":{"@id":"https:\/\/lottomat.com\/sr\/igrati\/superenalotto\/#primaryimage"},"thumbnailUrl":"https:\/\/lottomat.com\/wp-content\/uploads\/2025\/10\/Italian-lottery-online-300x300.webp","datePublished":"2025-03-26T08:35:10+00:00","dateModified":"2025-10-05T16:37:49+00:00","description":"Igrajte italijanski SuperEnalotto online i osvojite bogatstvo! Kupite SuperEnalotto tikete na Lottomat i u\u010destvujte u narednom izvla\u010denju italijanske lutrije.","breadcrumb":{"@id":"https:\/\/lottomat.com\/sr\/igrati\/superenalotto\/#breadcrumb"},"inLanguage":"sr-RS","potentialAction":[{"@type":"ReadAction","target":["https:\/\/lottomat.com\/sr\/igrati\/superenalotto\/"]}]},{"@type":"ImageObject","inLanguage":"sr-RS","@id":"https:\/\/lottomat.com\/sr\/igrati\/superenalotto\/#primaryimage","url":"https:\/\/lottomat.com\/wp-content\/uploads\/2025\/10\/Italian-lottery-online-300x300.webp","contentUrl":"https:\/\/lottomat.com\/wp-content\/uploads\/2025\/10\/Italian-lottery-online-300x300.webp"},{"@type":"BreadcrumbList","@id":"https:\/\/lottomat.com\/sr\/igrati\/superenalotto\/#breadcrumb","itemListElement":[{"@type":"ListItem","position":1,"name":"Home","item":"https:\/\/lottomat.com\/sr\/"},{"@type":"ListItem","position":2,"name":"Online Lotto &#8211; Igrajte najbolje online lutrije","item":"https:\/\/lottomat.com\/sr\/igrati\/"},{"@type":"ListItem","position":3,"name":"SuperEnalotto Online &#8211; SuperEnalotto Tiketi"}]},{"@type":"WebSite","@id":"https:\/\/lottomat.com\/sr\/#website","url":"https:\/\/lottomat.com\/sr\/","name":"Lottomat","description":"","potentialAction":[{"@type":"SearchAction","target":{"@type":"EntryPoint","urlTemplate":"https:\/\/lottomat.com\/sr\/?s={search_term_string}"},"query-input":{"@type":"PropertyValueSpecification","valueRequired":true,"valueName":"search_term_string"}}],"inLanguage":"sr-RS"}]}},"_links":{"self":[{"href":"https:\/\/lottomat.com\/sr\/wp-json\/wp\/v2\/pages\/9733","targetHints":{"allow":["GET"]}}],"collection":[{"href":"https:\/\/lottomat.com\/sr\/wp-json\/wp\/v2\/pages"}],"about":[{"href":"https:\/\/lottomat.com\/sr\/wp-json\/wp\/v2\/types\/page"}],"author":[{"embeddable":true,"href":"https:\/\/lottomat.com\/sr\/wp-json\/wp\/v2\/users\/1"}],"replies":[{"embeddable":true,"href":"https:\/\/lottomat.com\/sr\/wp-json\/wp\/v2\/comments?post=9733"}],"version-history":[{"count":2,"href":"https:\/\/lottomat.com\/sr\/wp-json\/wp\/v2\/pages\/9733\/revisions"}],"predecessor-version":[{"id":253064,"href":"https:\/\/lottomat.com\/sr\/wp-json\/wp\/v2\/pages\/9733\/revisions\/253064"}],"up":[{"embeddable":true,"href":"https:\/\/lottomat.com\/sr\/wp-json\/wp\/v2\/pages\/6838"}],"wp:attachment":[{"href":"https:\/\/lottomat.com\/sr\/wp-json\/wp\/v2\/media?parent=9733"}],"curies":[{"name":"wp","href":"https:\/\/api.w.org\/{rel}","templated":true}]}}