{"id":9704,"date":"2025-03-27T11:28:23","date_gmt":"2025-03-27T11:28:23","guid":{"rendered":"https:\/\/lottomat.net\/%d1%80%d0%b5%d0%b7%d1%83%d0%bb%d1%82%d0%b0%d1%82%d0%b8-%d0%bb%d1%83%d1%82%d1%80%d0%b8%d1%98%d0%b5\/%d0%bc%d0%b5%d0%b3%d0%b0-%d1%81%d0%b5%d0%bd%d0%b0-%d1%80%d0%b5%d0%b7%d1%83%d0%bb%d1%82%d0%b0%d1%82%d0%b8\/"},"modified":"2025-11-27T22:17:23","modified_gmt":"2025-11-27T22:17:23","slug":"mega-sena","status":"publish","type":"page","link":"https:\/\/lottomat.com\/sr\/rezultati\/mega-sena\/","title":{"rendered":"Rezultati Mega Sena &#038; Dobitni Brojevi"},"content":{"rendered":"\n\n<div class=\"kk-star-ratings kksr-auto kksr-align-left kksr-valign-top\"\n    data-payload='{&quot;align&quot;:&quot;left&quot;,&quot;id&quot;:&quot;9704&quot;,&quot;slug&quot;:&quot;default&quot;,&quot;valign&quot;:&quot;top&quot;,&quot;ignore&quot;:&quot;&quot;,&quot;reference&quot;:&quot;auto&quot;,&quot;class&quot;:&quot;&quot;,&quot;count&quot;:&quot;0&quot;,&quot;legendonly&quot;:&quot;&quot;,&quot;readonly&quot;:&quot;&quot;,&quot;score&quot;:&quot;0&quot;,&quot;starsonly&quot;:&quot;&quot;,&quot;best&quot;:&quot;5&quot;,&quot;gap&quot;:&quot;5&quot;,&quot;greet&quot;:&quot;Rate this page&quot;,&quot;legend&quot;:&quot;0\\\/5 - (0 votes)&quot;,&quot;size&quot;:&quot;30&quot;,&quot;title&quot;:&quot;Rezultati Mega Sena \\u0026amp; Dobitni Brojevi&quot;,&quot;width&quot;:&quot;0&quot;,&quot;_legend&quot;:&quot;{score}\\\/{best} - ({count} {votes})&quot;,&quot;font_factor&quot;:&quot;1.25&quot;}'>\n            \n<div class=\"kksr-stars\">\n    \n<div class=\"kksr-stars-inactive\">\n            <div class=\"kksr-star\" data-star=\"1\" style=\"padding-right: 5px\">\n            \n\n<div class=\"kksr-icon\" style=\"width: 30px; height: 30px;\"><\/div>\n        <\/div>\n            <div class=\"kksr-star\" data-star=\"2\" style=\"padding-right: 5px\">\n            \n\n<div class=\"kksr-icon\" style=\"width: 30px; height: 30px;\"><\/div>\n        <\/div>\n            <div class=\"kksr-star\" data-star=\"3\" style=\"padding-right: 5px\">\n            \n\n<div class=\"kksr-icon\" style=\"width: 30px; height: 30px;\"><\/div>\n        <\/div>\n            <div class=\"kksr-star\" data-star=\"4\" style=\"padding-right: 5px\">\n            \n\n<div class=\"kksr-icon\" style=\"width: 30px; height: 30px;\"><\/div>\n        <\/div>\n            <div class=\"kksr-star\" data-star=\"5\" style=\"padding-right: 5px\">\n            \n\n<div class=\"kksr-icon\" style=\"width: 30px; height: 30px;\"><\/div>\n        <\/div>\n    <\/div>\n    \n<div class=\"kksr-stars-active\" style=\"width: 0px;\">\n            <div class=\"kksr-star\" style=\"padding-right: 5px\">\n            \n\n<div class=\"kksr-icon\" style=\"width: 30px; height: 30px;\"><\/div>\n        <\/div>\n            <div class=\"kksr-star\" style=\"padding-right: 5px\">\n            \n\n<div class=\"kksr-icon\" style=\"width: 30px; height: 30px;\"><\/div>\n        <\/div>\n            <div class=\"kksr-star\" style=\"padding-right: 5px\">\n            \n\n<div class=\"kksr-icon\" style=\"width: 30px; height: 30px;\"><\/div>\n        <\/div>\n            <div class=\"kksr-star\" style=\"padding-right: 5px\">\n            \n\n<div class=\"kksr-icon\" style=\"width: 30px; height: 30px;\"><\/div>\n        <\/div>\n            <div class=\"kksr-star\" style=\"padding-right: 5px\">\n            \n\n<div class=\"kksr-icon\" style=\"width: 30px; height: 30px;\"><\/div>\n        <\/div>\n    <\/div>\n<\/div>\n                \n\n<div class=\"kksr-legend\" style=\"font-size: 24px;\">\n            <span class=\"kksr-muted\">Rate this page<\/span>\n    <\/div>\n    <\/div>\n<p>Po\u010deli ste da igrate ovu izvanrednu lutriju, ali ne znate kako i gde da proverite <strong>Mega Sena rezultate<\/strong> i <strong>Mega Sena dobitne brojeve<\/strong>? Na pravom ste mestu! Mega Sena rezultati na Lottomat su <strong>pouzdani, precizni i legitimni<\/strong>. Pro\u010ditajte ostatak ovog \u010dlanka i vi\u0161e nikada ne\u0107ete propustiti nijedan Mega Sena rezultat.<\/p>\n<h2>Kako proveriti dana\u0161nje Mega Sena rezultate u Brazilu?<img loading=\"lazy\" decoding=\"async\" class=\"alignright wp-image-260108\" src=\"https:\/\/lottomat.com\/wp-content\/uploads\/2025\/11\/Brazilian-lottery-draw.webp\" alt=\"Brazilian lottery draw\" width=\"200\" height=\"200\" srcset=\"https:\/\/lottomat.com\/wp-content\/uploads\/2025\/11\/Brazilian-lottery-draw.webp 400w, https:\/\/lottomat.com\/wp-content\/uploads\/2025\/11\/Brazilian-lottery-draw-300x300.webp 300w, https:\/\/lottomat.com\/wp-content\/uploads\/2025\/11\/Brazilian-lottery-draw-150x150.webp 150w, https:\/\/lottomat.com\/wp-content\/uploads\/2025\/11\/Brazilian-lottery-draw-100x100.webp 100w\" sizes=\"auto, (max-width: 200px) 100vw, 200px\" \/><\/h2>\n<p>Ako igrate Mega Sena u Brazilu, imate vi\u0161e opcija za proveru Mega Sena dobitnih brojeva. Naravno, prva stvar koja pada na pamet jeste odlazak u lokalnu prodavnicu gde se mogu kupiti karte. Rezultati se objavljuju na tabli nakon svakog izvla\u010denja. Drugo re\u0161enje za proveru Mega Sena rezultata jeste gledanje prenosa u\u017eivo na Caixa YouTube kanalu. Ipak, to nije pogodno za sve, jer se izvla\u010denja uvek odr\u017eavaju u isto vreme i istim danima, a neki igra\u010di jednostavno ne mogu da gledaju u tom trenutku. \u010citanje lokalnih novina je jo\u0161 jedan na\u010din da se proveri Mega Sena rezultat od prethodne ve\u010deri. U su\u0161tini, novine \u0107e objaviti dobitnu kombinaciju i osvojene nagrade u izdanju koje \u0107e biti objavljeno dan nakon izvla\u010denja.<\/p>\n<h2>Kako proveriti dana\u0161nje Mega Sena dobitne brojeve na Lottomat?<\/h2>\n<p>Podrazumeva se da je najpouzdanije re\u0161enje za proveru dana\u0161njih Mega Sena rezultata Lottomat veb-sajt. Na na\u0161oj stranici mo\u017eete uporediti va\u0161u kombinaciju sa izvu\u010denim brojevima za tili \u010das. Jednostavno idite na na\u0161 <a href=\"https:\/\/lottomat.com\/sr\/rezultati\/\">arhiv rezultata lutrije<\/a>, prona\u0111ite Mega Sena i kliknite na opciju Rezultati. Vide\u0107ete najnoviji Mega Sena rezultat, ali imate mogu\u0107nost da pogledate brojeve za svako izvla\u010denje koje se dogodilo u poslednjih pet godina. Najbolja stvar u vezi ovoga je \u0161to je <strong>potpuno besplatno<\/strong>!<\/p>\n<h2>Mega Sena dobitni brojevi \u2013 Kada se odr\u017eavaju izvla\u010denja?<\/h2>\n<p><img loading=\"lazy\" decoding=\"async\" class=\"alignleft wp-image-260139\" src=\"https:\/\/lottomat.com\/wp-content\/uploads\/2025\/11\/Brazilian-lottery-results.webp\" alt=\"Brazilian lottery results\" width=\"200\" height=\"200\" srcset=\"https:\/\/lottomat.com\/wp-content\/uploads\/2025\/11\/Brazilian-lottery-results.webp 400w, https:\/\/lottomat.com\/wp-content\/uploads\/2025\/11\/Brazilian-lottery-results-300x300.webp 300w, https:\/\/lottomat.com\/wp-content\/uploads\/2025\/11\/Brazilian-lottery-results-150x150.webp 150w, https:\/\/lottomat.com\/wp-content\/uploads\/2025\/11\/Brazilian-lottery-results-100x100.webp 100w\" sizes=\"auto, (max-width: 200px) 100vw, 200px\" \/>Mega Sena rezultati na na\u0161em sajtu objavljuju se \u010dim se izvla\u010denje zavr\u0161i i dobitna kombinacija bude potvr\u0111ena od strane operatora lutrije. Ako niste znali, <strong>izvla\u010denja se odr\u017eavaju \u010detiri puta nedeljno \u2013 svakog utorka, srede, \u010detvrtka i subote u 20h po brazilskom vremenu<\/strong> (Bras\u00edlia Standard Time). Tu je i jedno specijalno izvla\u010denje na do\u010dek Nove godine zvano <strong>Mega da Virada<\/strong>. Mega Sena dobitni brojevi u tom izvla\u010denju vredniji su nego ina\u010de, jer d\u017eekpot u ovoj rundi dostigne ogromnu sumu. Oko pet procenata prihoda od svakog regularnog izvla\u010denja tokom godine odvaja se upravo za ovaj spektakularni doga\u0111aj, \u010desto dosti\u017eu\u0107i preko R$300 miliona. Zato obavezno proveravajte na\u0161 sajt svakog utorka, srede, \u010detvrtka i subote. Mega Sena rezultati \u0107e vas \u010dekati \u010dim primimo dobitnu kombinaciju od organizatora.<\/p>\n<h2>Kako koristiti arhivu Mega Sena rezultata i dobitnih brojeva?<\/h2>\n<p>Ranije smo pomenuli arhivu rezultata. Ako vas je to zainteresovalo, evo kako da joj pristupite i kako da je koristite.<\/p>\n<h3>Uputstvo korak po korak za pristup arhivi rezultata<\/h3>\n<p>Pre svega, arhivu mo\u017ee koristiti svako \u2013 samo idite na na\u0161 sajt u bilo kom modernom pretra\u017eiva\u010du. Kada ste na po\u010detnoj stranici, kliknite na Rezultati u meniju zaglavlja. Sada \u0107ete videti listu svih online lutrija koje nudimo. Da biste videli Mega Sena rezultate, prona\u0111ite igru na listi i ponovo kliknite na opciju Rezultati. Sada \u0107ete videti Mega Sena dobitne brojeve iz poslednjeg kola i vide\u0107ete datum. Klikom na taj datum otvori\u0107e se kalendar \u2013 prelistajte mesece i izaberite dan za koji \u017eelite da vidite rezultate, pa kliknite na njega. Bingo! Sada mo\u017eete videti Mega Sena rezultat za izabrani datum. Kao \u0161to je ranije re\u010deno, svako izvla\u010denje u poslednjih pet godina bi\u0107e sa\u010duvano ovde i mo\u0107i \u0107ete da ga pregledate. Ovo je <strong>izuzetno korisno kada je u pitanju kreiranje budu\u0107ih kombinacija<\/strong>, zar ne?<\/p>\n<h2>Koliko je igra\u010da osvojilo i koliko u poslednjem Mega Sena izvla\u010denju?<\/h2>\n<p>Zanima vas ko su bili najskoriji pobednici i kako su nagrade raspodeljene? Na\u0161a stranica sa rezultatima prikazuje sveobuhvatne informacije o svakom Mega Sena izvla\u010denju, uklju\u010duju\u0107i broj dobitnika u svakom rangu nagrada i ta\u010dne iznose koji su dodeljeni. Lutrija nudi <strong>tri nivoa nagrada \u2013 pogadanje 6, 5 ili 4 broja<\/strong> \u2013 uz zna\u010dajne dobitke \u010dak i za ni\u017ee rangove. \u017delite da saznate vi\u0161e? <a href=\"https:\/\/lottomat.com\/sr\/lutrija\/mega-sena\/\">Proverite Mega Sena nagrade<\/a>, d\u017eekpot i verovatno\u0107e dobitka na na\u0161oj posebnoj informativnoj stranici.<img loading=\"lazy\" decoding=\"async\" class=\"alignright wp-image-260169\" src=\"https:\/\/lottomat.com\/wp-content\/uploads\/2025\/11\/Mega-Sena-draw.webp\" alt=\"Mega Sena draw\" width=\"200\" height=\"200\" srcset=\"https:\/\/lottomat.com\/wp-content\/uploads\/2025\/11\/Mega-Sena-draw.webp 400w, https:\/\/lottomat.com\/wp-content\/uploads\/2025\/11\/Mega-Sena-draw-300x300.webp 300w, https:\/\/lottomat.com\/wp-content\/uploads\/2025\/11\/Mega-Sena-draw-150x150.webp 150w, https:\/\/lottomat.com\/wp-content\/uploads\/2025\/11\/Mega-Sena-draw-100x100.webp 100w\" sizes=\"auto, (max-width: 200px) 100vw, 200px\" \/><\/p>\n<h2>Razumevanje Mega Sena dobitnih brojeva<\/h2>\n<p>Kao i u svakoj drugoj lutriji, odabir pravih brojeva klju\u010d je va\u0161eg uspeha. Jedan od najboljih na\u010dina da izaberete potencijalne Mega Sena dobitne brojeve jeste da tra\u017eite odre\u0111ene obrasce u izvla\u010denjima. Da biste primetili te obrasce, morate pa\u017eljivo prou\u010diti brojeve izvu\u010dene u svakom kolu. Dakle, po\u010dev\u0161i od dana\u0161njih Mega Sena rezultata, poku\u0161ajte da vodite bele\u0161ke za svako izvla\u010denje. Pre ili kasnije, po\u010de\u0107ete da uo\u010davate obrasce koji mogu pobolj\u0161ati va\u0161e kombinacije. Ipak, dok se to ne desi, slobodno proverite naj\u010de\u0161\u0107e i najmanje \u010desto izvu\u010dene brojeve u Mega Sena rezultatima.<\/p>\n<h2>Koji su naj\u010de\u0161\u0107e izvu\u010deni brojevi u Mega Sena?<\/h2>\n<p>Ovo su \u0161est Mega Sena dobitnih brojeva koji su naj\u010de\u0161\u0107e izvla\u010deni. Uklju\u010divanje bilo kog od njih u va\u0161e kombinacije popularna je strategija, jer su se ti brojevi istorijski pojavljivali \u010de\u0161\u0107e. <strong>Broj 10<\/strong> \u2013 Na prvom mestu je broj 10. Izvu\u010den je u 302 kola, a poslednji put pre 42 dana. <strong>Broj 53<\/strong> \u2013 Broj na drugom mestu pojavio se u 301 Mega Sena rezultatu. Poslednji put pre 25 dana. <strong>Broj 5<\/strong> \u2013 Ovaj broj se pojavio u 289 razli\u010ditih navrata. Najnoviji Mega Sena rezultat sadr\u017ei ovaj broj. <strong>Broj 37<\/strong> \u2013 \u010cetvrti broj na listi bio je deo 283 kombinacije. Poslednji put smo ga videli pre 18 dana. <strong>Broj 33<\/strong> \u2013 Mega Sena rezultati imali su ovaj broj u 281 razli\u010ditom kolu. Od svih brojeva na listi, ovaj najdu\u017ee nije izvu\u010den. Pro\u0161lo je ukupno 98 dana otkako smo ga videli u dobitnoj kombinaciji. <strong>Broj 34<\/strong> \u2013 Poslednji broj na listi izvu\u010den je 279 puta. Poslednji put ta\u010dno pre dve nedelje. Dana\u0161nji Mega Sena rezultati mogu vam doneti mnogo radosti i sre\u0107e, zato pa\u017eljivo prou\u010dite izvu\u010dene brojeve pre nego \u0161to odaberete svoju kombinaciju. Dobra priprema mo\u017ee napraviti ogromnu razliku.<\/p>\n<h2>Koji su najmanje izvu\u010deni brojevi u Mega Sena?<\/h2>\n<p><img loading=\"lazy\" decoding=\"async\" class=\"alignleft wp-image-260199\" src=\"https:\/\/lottomat.com\/wp-content\/uploads\/2025\/11\/Mega-Sena-numbers.webp\" alt=\"Mega Sena numbers\" width=\"200\" height=\"200\" srcset=\"https:\/\/lottomat.com\/wp-content\/uploads\/2025\/11\/Mega-Sena-numbers.webp 400w, https:\/\/lottomat.com\/wp-content\/uploads\/2025\/11\/Mega-Sena-numbers-300x300.webp 300w, https:\/\/lottomat.com\/wp-content\/uploads\/2025\/11\/Mega-Sena-numbers-150x150.webp 150w, https:\/\/lottomat.com\/wp-content\/uploads\/2025\/11\/Mega-Sena-numbers-100x100.webp 100w\" sizes=\"auto, (max-width: 200px) 100vw, 200px\" \/>Mega Sena dobitni brojevi navedeni ispod su oni koji su najre\u0111e izvla\u010deni. Ne\u0107emo vas obeshrabriti da ih uklju\u010dite u va\u0161e kombinacije, ali imajte na umu da su izvla\u010denja nasumi\u010dna. To ne zna\u010di da oni ne\u0107e biti dobitni u najnovijem Mega Sena rezultatu. Upamtite da <strong>je sve stvar sre\u0107e i pa\u017eljivog odabira brojeva<\/strong>. <strong>Broj 26<\/strong> \u2013 Ovo je najre\u0111i dobitni broj. Izvu\u010den je samo 218 puta, a poslednji put u poslednjem kolu Mega Sena. <strong>Broj 21<\/strong> \u2013 Drugo mesto dr\u017ei ovaj broj koji smo videli u 220 kola. <strong>Broj 55<\/strong> \u2013 Pre dve nedelje poslednji put smo videli ovaj broj, koji je iza\u0161ao kao dobitni u 222 razli\u010dita navrata. <strong>Broj 15<\/strong> \u2013 Mega Sena rezultat imao je broj 15 u kombinaciji u 228 kola. Poslednji put pre 46 dana. <strong>Broj 22<\/strong> \u2013 Igra\u010di su videli ovaj broj u 235 razli\u010ditih izvla\u010denja. Poslednji Mega Sena rezultat sa ovim brojem izvu\u010den je pre dva kola. <strong>Broj 48<\/strong> \u2013 Na kraju, poslednji broj u ovom pregledu izvu\u010den je u 240 navrata. Poslednji put pre 50 dana. \u017delite da igrate? Kliknite i kupite Mega Sena tickets online na na\u0161em sajtu bilo kada!<\/p>\n<h2>Kako predvideti Mega Sena dobitne brojeve?<\/h2>\n<p>Iako je nemogu\u0107e sa sigurno\u0161\u0107u predvideti rezultate lutrije, mnogi igra\u010di koriste razli\u010dite strategije pri odabiru brojeva. Neki analiziraju istorijske podatke i obrasce u\u010destalosti, dok drugi preferiraju nasumi\u010dnu opciju Surpresinha koju nudi lutrija. Statisti\u010dka analiza pro\u0161lih izvla\u010denja mo\u017ee biti zanimljiva i potencijalno korisna, ali ne zaboravite da je svako izvla\u010denje nezavisan doga\u0111aj.<\/p>\n<h3>Razumevanje opcija igranja<\/h3>\n<p>Igra\u010di mogu da izaberu izme\u0111u 6 i 15 brojeva iz opsega od 1 do 60. \u0160to vi\u0161e brojeva odaberete, ve\u0107e su \u0161anse da pogodite dobitnu kombinaciju, iako se cena karte proporcionalno pove\u0107ava. Sa tri nivoa nagrada \u2013 pogadanje 4, 5 ili 6 brojeva \u2013 \u010dak i delimi\u010dna poklapanja mogu doneti zna\u010dajne dobitke. Minimalni garantovani d\u017eekpot po\u010dinje od <strong>R$2 miliona i mo\u017ee da raste neograni\u010deno<\/strong> ako nema dobitnika, stvaraju\u0107i ogromne nagradne fondove. \u0160ansa da osvojite d\u017eekpot je 1 prema 50.063.860, ali uz izvla\u010denja tri puta nedeljno imate mnogo prilika da oku\u0161ate sre\u0107u.<img loading=\"lazy\" decoding=\"async\" class=\"alignright wp-image-260229\" src=\"https:\/\/lottomat.com\/wp-content\/uploads\/2025\/11\/Mega-Sena-winning-numbers.webp\" alt=\"Mega Sena winning numbers\" width=\"200\" height=\"200\" srcset=\"https:\/\/lottomat.com\/wp-content\/uploads\/2025\/11\/Mega-Sena-winning-numbers.webp 400w, https:\/\/lottomat.com\/wp-content\/uploads\/2025\/11\/Mega-Sena-winning-numbers-300x300.webp 300w, https:\/\/lottomat.com\/wp-content\/uploads\/2025\/11\/Mega-Sena-winning-numbers-150x150.webp 150w, https:\/\/lottomat.com\/wp-content\/uploads\/2025\/11\/Mega-Sena-winning-numbers-100x100.webp 100w\" sizes=\"auto, (max-width: 200px) 100vw, 200px\" \/><\/p>\n<h2>Za\u0161to izabrati Lottomat za Mega Sena brojeve?<\/h2>\n<p><a href=\"https:\/\/lottomat.com\/sr\/\">Lottomat<\/a> pru\u017ea <strong>brze, ta\u010dne i pouzdane Mega Sena rezultate<\/strong> odmah nakon svakog izvla\u010denja. Na\u0161a sveobuhvatna arhiva omogu\u0107ava vam da istra\u017eujete prethodna izvla\u010denja, analizirate obrasce brojeva i razvijete svoju strategiju igranja. Bilo da proveravate rezultate sa srede ili pretra\u017eujete istorijske podatke od pre nekoliko godina, na\u0161a platforma omogu\u0107ava lak pristup svim informacijama koje su vam potrebne. Ostanite u toku sa najnovijim Mega Sena dobitnim brojevima, proverite va\u0161e tickets odmah i nikada ne propustite izvla\u010denje uz Lottomat \u2013 va\u0161 pouzdani izvor za najve\u0107u brazilski lutriju! Pridru\u017eite nam se i <a href=\"https:\/\/lottomat.com\/sr\/igrati\/mega-sena\/\">igrajte Mega Sena online bilo kada<\/a>!<\/p>\n","protected":false},"excerpt":{"rendered":"<p>Po\u010deli ste da igrate ovu izvanrednu lutriju, ali ne znate kako i gde da proverite Mega Sena rezultate i Mega Sena dobitne brojeve? Na pravom ste mestu! Mega Sena rezultati na Lottomat su pouzdani, precizni i legitimni. Pro\u010ditajte ostatak ovog \u010dlanka i vi\u0161e nikada ne\u0107ete propustiti nijedan Mega Sena rezultat. Kako proveriti dana\u0161nje Mega Sena [&hellip;]<\/p>\n","protected":false},"author":1,"featured_media":0,"parent":7641,"menu_order":13,"comment_status":"closed","ping_status":"closed","template":"megasena-results.php","meta":{"_et_pb_use_builder":"","_et_pb_old_content":"","_et_gb_content_width":"","exclude_from_search":false,"footnotes":""},"class_list":["post-9704","page","type-page","status-publish","hentry"],"yoast_head":"<!-- This site is optimized with the Yoast SEO plugin v23.8 - https:\/\/yoast.com\/wordpress\/plugins\/seo\/ -->\n<title>Rezultati Mega Sena &amp; Dobitni Brojevi - LottoMat Srbija<\/title>\n<meta name=\"description\" content=\"Proverite najnovije Mega Sena rezultate na Lottomat. Potvrdite najnovije Mega Sena dobitne brojeve i uporedite ih sa va\u0161om kartom. Proverite odmah!\" \/>\n<meta name=\"robots\" content=\"index, follow, max-snippet:-1, max-image-preview:large, max-video-preview:-1\" \/>\n<link rel=\"canonical\" href=\"https:\/\/lottomat.com\/sr\/rezultati\/mega-sena\/\" \/>\n<meta property=\"og:locale\" content=\"sr_RS\" \/>\n<meta property=\"og:type\" content=\"article\" \/>\n<meta property=\"og:title\" content=\"Rezultati Mega Sena &amp; Dobitni Brojevi - LottoMat Srbija\" \/>\n<meta property=\"og:description\" content=\"Proverite najnovije Mega Sena rezultate na Lottomat. Potvrdite najnovije Mega Sena dobitne brojeve i uporedite ih sa va\u0161om kartom. Proverite odmah!\" \/>\n<meta property=\"og:url\" content=\"https:\/\/lottomat.com\/sr\/rezultati\/mega-sena\/\" \/>\n<meta property=\"og:site_name\" content=\"Lottomat\" \/>\n<meta property=\"article:modified_time\" content=\"2025-11-27T22:17:23+00:00\" \/>\n<meta property=\"og:image\" content=\"https:\/\/lottomat.com\/wp-content\/uploads\/2025\/11\/Brazilian-lottery-draw.webp\" \/>\n<meta name=\"twitter:card\" content=\"summary_large_image\" \/>\n<meta name=\"twitter:label1\" content=\"\u041f\u0440\u043e\u0446\u0435\u045a\u0435\u043d\u043e \u0432\u0440\u0435\u043c\u0435 \u0447\u0438\u0442\u0430\u045a\u0430\" \/>\n\t<meta name=\"twitter:data1\" content=\"7 \u043c\u0438\u043d\u0443\u0442\u0430\" \/>\n<script type=\"application\/ld+json\" class=\"yoast-schema-graph\">{\"@context\":\"https:\/\/schema.org\",\"@graph\":[{\"@type\":\"WebPage\",\"@id\":\"https:\/\/lottomat.com\/sr\/rezultati\/mega-sena\/\",\"url\":\"https:\/\/lottomat.com\/sr\/rezultati\/mega-sena\/\",\"name\":\"Rezultati Mega Sena & Dobitni Brojevi - LottoMat Srbija\",\"isPartOf\":{\"@id\":\"https:\/\/lottomat.com\/sr\/#website\"},\"primaryImageOfPage\":{\"@id\":\"https:\/\/lottomat.com\/sr\/rezultati\/mega-sena\/#primaryimage\"},\"image\":{\"@id\":\"https:\/\/lottomat.com\/sr\/rezultati\/mega-sena\/#primaryimage\"},\"thumbnailUrl\":\"https:\/\/lottomat.com\/wp-content\/uploads\/2025\/11\/Brazilian-lottery-draw.webp\",\"datePublished\":\"2025-03-27T11:28:23+00:00\",\"dateModified\":\"2025-11-27T22:17:23+00:00\",\"description\":\"Proverite najnovije Mega Sena rezultate na Lottomat. Potvrdite najnovije Mega Sena dobitne brojeve i uporedite ih sa va\u0161om kartom. Proverite odmah!\",\"breadcrumb\":{\"@id\":\"https:\/\/lottomat.com\/sr\/rezultati\/mega-sena\/#breadcrumb\"},\"inLanguage\":\"sr-RS\",\"potentialAction\":[{\"@type\":\"ReadAction\",\"target\":[\"https:\/\/lottomat.com\/sr\/rezultati\/mega-sena\/\"]}]},{\"@type\":\"ImageObject\",\"inLanguage\":\"sr-RS\",\"@id\":\"https:\/\/lottomat.com\/sr\/rezultati\/mega-sena\/#primaryimage\",\"url\":\"https:\/\/lottomat.com\/wp-content\/uploads\/2025\/11\/Brazilian-lottery-draw.webp\",\"contentUrl\":\"https:\/\/lottomat.com\/wp-content\/uploads\/2025\/11\/Brazilian-lottery-draw.webp\"},{\"@type\":\"BreadcrumbList\",\"@id\":\"https:\/\/lottomat.com\/sr\/rezultati\/mega-sena\/#breadcrumb\",\"itemListElement\":[{\"@type\":\"ListItem\",\"position\":1,\"name\":\"Home\",\"item\":\"https:\/\/lottomat.com\/sr\/\"},{\"@type\":\"ListItem\",\"position\":2,\"name\":\"Najnoviji rezultati lutrije i dobitni brojevi\",\"item\":\"https:\/\/lottomat.com\/sr\/rezultati\/\"},{\"@type\":\"ListItem\",\"position\":3,\"name\":\"Rezultati Mega Sena &#038; Dobitni Brojevi\"}]},{\"@type\":\"WebSite\",\"@id\":\"https:\/\/lottomat.com\/sr\/#website\",\"url\":\"https:\/\/lottomat.com\/sr\/\",\"name\":\"Lottomat\",\"description\":\"\",\"potentialAction\":[{\"@type\":\"SearchAction\",\"target\":{\"@type\":\"EntryPoint\",\"urlTemplate\":\"https:\/\/lottomat.com\/sr\/?s={search_term_string}\"},\"query-input\":{\"@type\":\"PropertyValueSpecification\",\"valueRequired\":true,\"valueName\":\"search_term_string\"}}],\"inLanguage\":\"sr-RS\"}]}<\/script>\n<!-- \/ Yoast SEO plugin. -->","yoast_head_json":{"title":"Rezultati Mega Sena & Dobitni Brojevi - LottoMat Srbija","description":"Proverite najnovije Mega Sena rezultate na Lottomat. Potvrdite najnovije Mega Sena dobitne brojeve i uporedite ih sa va\u0161om kartom. Proverite odmah!","robots":{"index":"index","follow":"follow","max-snippet":"max-snippet:-1","max-image-preview":"max-image-preview:large","max-video-preview":"max-video-preview:-1"},"canonical":"https:\/\/lottomat.com\/sr\/rezultati\/mega-sena\/","og_locale":"sr_RS","og_type":"article","og_title":"Rezultati Mega Sena & Dobitni Brojevi - LottoMat Srbija","og_description":"Proverite najnovije Mega Sena rezultate na Lottomat. Potvrdite najnovije Mega Sena dobitne brojeve i uporedite ih sa va\u0161om kartom. Proverite odmah!","og_url":"https:\/\/lottomat.com\/sr\/rezultati\/mega-sena\/","og_site_name":"Lottomat","article_modified_time":"2025-11-27T22:17:23+00:00","og_image":[{"url":"https:\/\/lottomat.com\/wp-content\/uploads\/2025\/11\/Brazilian-lottery-draw.webp"}],"twitter_card":"summary_large_image","twitter_misc":{"\u041f\u0440\u043e\u0446\u0435\u045a\u0435\u043d\u043e \u0432\u0440\u0435\u043c\u0435 \u0447\u0438\u0442\u0430\u045a\u0430":"7 \u043c\u0438\u043d\u0443\u0442\u0430"},"schema":{"@context":"https:\/\/schema.org","@graph":[{"@type":"WebPage","@id":"https:\/\/lottomat.com\/sr\/rezultati\/mega-sena\/","url":"https:\/\/lottomat.com\/sr\/rezultati\/mega-sena\/","name":"Rezultati Mega Sena & Dobitni Brojevi - LottoMat Srbija","isPartOf":{"@id":"https:\/\/lottomat.com\/sr\/#website"},"primaryImageOfPage":{"@id":"https:\/\/lottomat.com\/sr\/rezultati\/mega-sena\/#primaryimage"},"image":{"@id":"https:\/\/lottomat.com\/sr\/rezultati\/mega-sena\/#primaryimage"},"thumbnailUrl":"https:\/\/lottomat.com\/wp-content\/uploads\/2025\/11\/Brazilian-lottery-draw.webp","datePublished":"2025-03-27T11:28:23+00:00","dateModified":"2025-11-27T22:17:23+00:00","description":"Proverite najnovije Mega Sena rezultate na Lottomat. Potvrdite najnovije Mega Sena dobitne brojeve i uporedite ih sa va\u0161om kartom. Proverite odmah!","breadcrumb":{"@id":"https:\/\/lottomat.com\/sr\/rezultati\/mega-sena\/#breadcrumb"},"inLanguage":"sr-RS","potentialAction":[{"@type":"ReadAction","target":["https:\/\/lottomat.com\/sr\/rezultati\/mega-sena\/"]}]},{"@type":"ImageObject","inLanguage":"sr-RS","@id":"https:\/\/lottomat.com\/sr\/rezultati\/mega-sena\/#primaryimage","url":"https:\/\/lottomat.com\/wp-content\/uploads\/2025\/11\/Brazilian-lottery-draw.webp","contentUrl":"https:\/\/lottomat.com\/wp-content\/uploads\/2025\/11\/Brazilian-lottery-draw.webp"},{"@type":"BreadcrumbList","@id":"https:\/\/lottomat.com\/sr\/rezultati\/mega-sena\/#breadcrumb","itemListElement":[{"@type":"ListItem","position":1,"name":"Home","item":"https:\/\/lottomat.com\/sr\/"},{"@type":"ListItem","position":2,"name":"Najnoviji rezultati lutrije i dobitni brojevi","item":"https:\/\/lottomat.com\/sr\/rezultati\/"},{"@type":"ListItem","position":3,"name":"Rezultati Mega Sena &#038; Dobitni Brojevi"}]},{"@type":"WebSite","@id":"https:\/\/lottomat.com\/sr\/#website","url":"https:\/\/lottomat.com\/sr\/","name":"Lottomat","description":"","potentialAction":[{"@type":"SearchAction","target":{"@type":"EntryPoint","urlTemplate":"https:\/\/lottomat.com\/sr\/?s={search_term_string}"},"query-input":{"@type":"PropertyValueSpecification","valueRequired":true,"valueName":"search_term_string"}}],"inLanguage":"sr-RS"}]}},"_links":{"self":[{"href":"https:\/\/lottomat.com\/sr\/wp-json\/wp\/v2\/pages\/9704","targetHints":{"allow":["GET"]}}],"collection":[{"href":"https:\/\/lottomat.com\/sr\/wp-json\/wp\/v2\/pages"}],"about":[{"href":"https:\/\/lottomat.com\/sr\/wp-json\/wp\/v2\/types\/page"}],"author":[{"embeddable":true,"href":"https:\/\/lottomat.com\/sr\/wp-json\/wp\/v2\/users\/1"}],"replies":[{"embeddable":true,"href":"https:\/\/lottomat.com\/sr\/wp-json\/wp\/v2\/comments?post=9704"}],"version-history":[{"count":2,"href":"https:\/\/lottomat.com\/sr\/wp-json\/wp\/v2\/pages\/9704\/revisions"}],"predecessor-version":[{"id":260542,"href":"https:\/\/lottomat.com\/sr\/wp-json\/wp\/v2\/pages\/9704\/revisions\/260542"}],"up":[{"embeddable":true,"href":"https:\/\/lottomat.com\/sr\/wp-json\/wp\/v2\/pages\/7641"}],"wp:attachment":[{"href":"https:\/\/lottomat.com\/sr\/wp-json\/wp\/v2\/media?parent=9704"}],"curies":[{"name":"wp","href":"https:\/\/api.w.org\/{rel}","templated":true}]}}