{"id":9571,"date":"2025-03-27T11:23:45","date_gmt":"2025-03-27T11:23:45","guid":{"rendered":"https:\/\/lottomat.net\/%d1%80%d0%b5%d0%b7%d1%83%d0%bb%d1%82%d0%b0%d1%82%d0%b8-%d0%bb%d1%83%d1%82%d1%80%d0%b8%d1%98%d0%b5\/%d1%80%d0%b5%d0%b7%d1%83%d0%bb%d1%82%d0%b0%d1%82%d0%b8-%d0%bd%d0%b5%d0%bc%d0%b0%d1%87%d0%ba%d0%b5-%d0%bb%d0%be%d1%82%d0%be\/"},"modified":"2026-01-10T10:00:37","modified_gmt":"2026-01-10T10:00:37","slug":"lotto-6aus49","status":"publish","type":"page","link":"https:\/\/lottomat.com\/sr\/rezultati\/lotto-6aus49\/","title":{"rendered":"Rezultati nema\u010dkog Lotto 6aus49 i dobitni brojevi"},"content":{"rendered":"\n\n<div class=\"kk-star-ratings kksr-auto kksr-align-left kksr-valign-top\"\n    data-payload='{&quot;align&quot;:&quot;left&quot;,&quot;id&quot;:&quot;9571&quot;,&quot;slug&quot;:&quot;default&quot;,&quot;valign&quot;:&quot;top&quot;,&quot;ignore&quot;:&quot;&quot;,&quot;reference&quot;:&quot;auto&quot;,&quot;class&quot;:&quot;&quot;,&quot;count&quot;:&quot;0&quot;,&quot;legendonly&quot;:&quot;&quot;,&quot;readonly&quot;:&quot;&quot;,&quot;score&quot;:&quot;0&quot;,&quot;starsonly&quot;:&quot;&quot;,&quot;best&quot;:&quot;5&quot;,&quot;gap&quot;:&quot;5&quot;,&quot;greet&quot;:&quot;Rate this page&quot;,&quot;legend&quot;:&quot;0\\\/5 - (0 votes)&quot;,&quot;size&quot;:&quot;30&quot;,&quot;title&quot;:&quot;Rezultati nema\u010dkog Lotto 6aus49 i dobitni brojevi&quot;,&quot;width&quot;:&quot;0&quot;,&quot;_legend&quot;:&quot;{score}\\\/{best} - ({count} {votes})&quot;,&quot;font_factor&quot;:&quot;1.25&quot;}'>\n            \n<div class=\"kksr-stars\">\n    \n<div class=\"kksr-stars-inactive\">\n            <div class=\"kksr-star\" data-star=\"1\" style=\"padding-right: 5px\">\n            \n\n<div class=\"kksr-icon\" style=\"width: 30px; height: 30px;\"><\/div>\n        <\/div>\n            <div class=\"kksr-star\" data-star=\"2\" style=\"padding-right: 5px\">\n            \n\n<div class=\"kksr-icon\" style=\"width: 30px; height: 30px;\"><\/div>\n        <\/div>\n            <div class=\"kksr-star\" data-star=\"3\" style=\"padding-right: 5px\">\n            \n\n<div class=\"kksr-icon\" style=\"width: 30px; height: 30px;\"><\/div>\n        <\/div>\n            <div class=\"kksr-star\" data-star=\"4\" style=\"padding-right: 5px\">\n            \n\n<div class=\"kksr-icon\" style=\"width: 30px; height: 30px;\"><\/div>\n        <\/div>\n            <div class=\"kksr-star\" data-star=\"5\" style=\"padding-right: 5px\">\n            \n\n<div class=\"kksr-icon\" style=\"width: 30px; height: 30px;\"><\/div>\n        <\/div>\n    <\/div>\n    \n<div class=\"kksr-stars-active\" style=\"width: 0px;\">\n            <div class=\"kksr-star\" style=\"padding-right: 5px\">\n            \n\n<div class=\"kksr-icon\" style=\"width: 30px; height: 30px;\"><\/div>\n        <\/div>\n            <div class=\"kksr-star\" style=\"padding-right: 5px\">\n            \n\n<div class=\"kksr-icon\" style=\"width: 30px; height: 30px;\"><\/div>\n        <\/div>\n            <div class=\"kksr-star\" style=\"padding-right: 5px\">\n            \n\n<div class=\"kksr-icon\" style=\"width: 30px; height: 30px;\"><\/div>\n        <\/div>\n            <div class=\"kksr-star\" style=\"padding-right: 5px\">\n            \n\n<div class=\"kksr-icon\" style=\"width: 30px; height: 30px;\"><\/div>\n        <\/div>\n            <div class=\"kksr-star\" style=\"padding-right: 5px\">\n            \n\n<div class=\"kksr-icon\" style=\"width: 30px; height: 30px;\"><\/div>\n        <\/div>\n    <\/div>\n<\/div>\n                \n\n<div class=\"kksr-legend\" style=\"font-size: 24px;\">\n            <span class=\"kksr-muted\">Rate this page<\/span>\n    <\/div>\n    <\/div>\n<p>Da li \u010dekate <strong>najnovije rezultate nema\u010dkog Lotto 6aus49<\/strong>? Na pravom ste mestu! Na sajtu Lottomat prona\u0107i \u0107ete aktuelne rezultate izvla\u010denja nema\u010dke lutrije, kao i arhivirane rezultate iz prethodnih kola. Garantujemo da prikazujemo zvani\u010dne i 100% ta\u010dne dobitne brojeve. Proverite da li ste pobedili!<\/p>\n<h2>Kako proveriti aktuelne rezultate nema\u010dkog Lotto 6aus49?<\/h2>\n<p>U Nema\u010dkoj igra\u010di imaju nekoliko tradicionalnih na\u010dina da provere rezultate izvla\u010denja nema\u010dkog Lotta. Lokalni listovi objavljuju dobitne brojeve dan nakon svakog izvla\u010denja, dok televizijski programi prikazuju rezultate u ve\u010dernjim terminima. Mnogi ovla\u0161\u0107eni prodavci lutrije tako\u0111e isti\u010du <a href=\"https:\/\/lottomat.com\/sr\/rezultati\/\">najnovije dobitne brojeve lutrije<\/a> u izlozima svojih prodavnica.<img loading=\"lazy\" decoding=\"async\" class=\"alignright wp-image-264460\" src=\"https:\/\/lottomat.com\/wp-content\/uploads\/2026\/01\/German-Lottery-winning-numbers.webp\" alt=\"Dobitni brojevi nema\u010dke lutrije\" width=\"200\" height=\"200\" srcset=\"https:\/\/lottomat.com\/wp-content\/uploads\/2026\/01\/German-Lottery-winning-numbers.webp 400w, https:\/\/lottomat.com\/wp-content\/uploads\/2026\/01\/German-Lottery-winning-numbers-300x300.webp 300w, https:\/\/lottomat.com\/wp-content\/uploads\/2026\/01\/German-Lottery-winning-numbers-150x150.webp 150w, https:\/\/lottomat.com\/wp-content\/uploads\/2026\/01\/German-Lottery-winning-numbers-100x100.webp 100w\" sizes=\"auto, (max-width: 200px) 100vw, 200px\" \/><\/p>\n<p>Za najprakti\u010dniji i najpouzdaniji na\u010din provere aktuelnih brojeva nema\u010dkog Lotto 6aus49, <strong>Lottomat slu\u017ei kao va\u0161 pouzdani digitalni izvor<\/strong>. Na\u0161a platforma a\u017eurira rezultate odmah nakon svakog zvani\u010dnog izvla\u010denja, omogu\u0107avaju\u0107i vam pristup verifikovanim dobitnim brojevima nema\u010dkog Lotta 6\/49 u roku od nekoliko minuta nakon objave. Korisni\u010dki prilago\u0111en interfejs na Lottomat.com jasno prikazuje sve klju\u010dne informacije, uklju\u010duju\u0107i \u0161est glavnih brojeva, Superzahl (bonus broj) i rezultate svih dodatnih igara. Za razliku od rasutih izvora informacija, <strong>Lottomat objedinjuje sve podatke o izvla\u010denjima nema\u010dkog Lotta na jednom prakti\u010dnom mestu<\/strong>, \u0161to ga \u010dini omiljenom destinacijom za hiljade igra\u010da koji tra\u017ee ta\u010dne i pravovremene rezultate.<\/p>\n<p>Pouzdanost <a href=\"https:\/\/lottomat.com\/sr\/\"><strong>Lottomat<\/strong><\/a> platforme proizlazi iz na\u0161e direktne povezanosti sa zvani\u010dnim pru\u017eaocima podataka o lutriji, \u010dime se elimini\u0161e rizik od gre\u0161aka ili dezinformacija. Bilo da proveravate sa ra\u010dunara, tableta ili pametnog telefona, na\u0161 responzivni dizajn omogu\u0107ava vam pristup rezultatima nema\u010dkog Lotto 6aus49 u bilo koje vreme i sa bilo kog mesta.<\/p>\n<h2>Kako proveriti ju\u010dera\u0161nje rezultate nema\u010dkog Lotto 6aus49?<\/h2>\n<p>Propustiti objavu rezultata izvla\u010denja \u010desta je pojava u u\u017eurbanom svakodnevnom \u017eivotu, ali uz Lottomat nikada ne morate brinuti da \u0107ete izgubiti pregled dobitnih brojeva nema\u010dkog Lotta 6\/49. Na\u0161 sveobuhvatan arhivski sistem odr\u017eava kompletnu istorijsku bazu podataka svih izvla\u010denja nema\u010dkog Lotta, \u0161to omogu\u0107ava jednostavnu proveru ju\u010dera\u0161njih ili bilo kojih ranijih rezultata.<\/p>\n<p>Na Lottomatu je pristup ju\u010dera\u0161njim brojevima nema\u010dkog Lotto 6aus49 izuzetno jednostavan. Dovoljno je da odete na stranicu sa rezultatima i izaberete \u017eeljeni datum putem na\u0161eg intuitivnog kalendarskog interfejsa. <strong>Pored ju\u010dera\u0161njih kola, na\u0161 arhiv obuhvata nedelje, mesece, pa \u010dak i godine istorije izvla\u010denja nema\u010dkog Lotta<\/strong>. Bez obzira da li ste zaboravili da proverite sino\u0107nje izvla\u010denje, propustili rezultate tokom pro\u0161lonedeljnog odmora ili treba da proverite brojeve od pre nekoliko meseci, Lottomat je tu za vas.<\/p>\n<p>Arhivirani rezultati prikazuju iste sveobuhvatne informacije kao i aktuelna izvla\u010denja, uklju\u010duju\u0107i svih \u0161est glavnih brojeva, Superzahl, detalje o raspodeli dobitaka i iznose d\u017eekpota. Na\u0161a funkcija pretrage omogu\u0107ava vam i brz prelazak na odre\u0111ene datume bez ru\u010dnog pregledanja brojnih unosa. Mo\u017eda ste prona\u0161li staru tiket u d\u017eepu kaputa i treba da proverite da li je dobitna, ili planirate slede\u0107u uplatu i \u017eelite da analizirate nedavne obrasce brojeva. Koji god da je va\u0161 razlog za proveru prethodnih rezultata nema\u010dkog Lotto 6aus49, Lottomat vam pru\u017ea nesmetan pristup potrebnim informacijama.<\/p>\n<h2>Kako koristiti arhivirane rezultate izvla\u010denja nema\u010dkog Lotto 6aus49?<\/h2>\n<p>Arhivirani dobitni brojevi nema\u010dkog Lotta 6\/49 imaju vi\u0161e prakti\u010dnih namena osim same provere starih tiketa. Razumevanje kako efikasno koristiti ove istorijske podatke mo\u017ee unaprediti va\u0161e iskustvo igranja lutrije i potencijalno uticati na budu\u0107i izbor brojeva.<\/p>\n<h3>Provera starih tiketa<\/h3>\n<p>Pre svega, arhivirani rezultati omogu\u0107avaju proveru tiketa iz prethodnih izvla\u010denja. Uz sveobuhvatan arhiv Lottomata mo\u017eete proveriti tikete za izvla\u010denja sa bilo kog datuma i osigurati da nikada ne propustite preuzimanje dobitka samo zato \u0161to ste proverili pogre\u0161an datum.<\/p>\n<h3>Provera prava na isplatu dobitka<\/h3>\n<p>Jo\u0161 jedna vredna primena arhiviranih brojeva nema\u010dkog Lotto 6aus49 odnosi se na proveru prava na isplatu dobitka. Kada smatrate da ste osvojili nagradu, uvid u arhivirane rezultate poma\u017ee vam da potvrdite ta\u010dan dobitni razred i iznos koji treba da preuzmete. Ovo je posebno korisno kod ni\u017eih dobitaka, gde se iznosi isplate mogu razlikovati u zavisnosti od ukupnog nagradnog fonda za to izvla\u010denje.<\/p>\n<h3>Statisti\u010dka analiza<\/h3>\n<p>Istorijski podaci su tako\u0111e izuzetno vredni za statisti\u010dku analizu. Mnogi igra\u010di u\u017eivaju u prou\u010davanju u\u010destalosti brojeva, identifikovanju \u201evru\u0107ih\u201d i \u201ehladnih\u201d brojeva ili analizi uzastopnih pojavljivanja. Lottomatov lako dostupan arhiv \u010dini ovakvu analizu jednostavnom, jer mo\u017eete pregledati vi\u0161e izvla\u010denja i uo\u010diti trendove ili obrasce koji vas zanimaju.<\/p>\n<h3>Pra\u0107enje rasta d\u017eekpota<\/h3>\n<p>Pored toga, arhivirani rezultati poma\u017eu igra\u010dima da prate razvoj d\u017eekpota. Pregledom uzastopnih izvla\u010denja u kojima se d\u017eekpot prenosio mo\u017eete razumeti kako se nagradni fond uve\u0107ava i uo\u010diti obrasce u ciklusima d\u017eekpota.<\/p>\n<h2>Koje su prednosti kori\u0161\u0107enja arhiviranih rezultata nema\u010dkog Lotto 6\/49?<\/h2>\n<p>Dostupnost sveobuhvatnih arhiviranih podataka o izvla\u010denjima nema\u010dkog Lotta putem Lottomata nudi brojne prednosti koje unapre\u0111uju iskustvo kako povremenih, tako i ozbiljnih igra\u010da.<\/p>\n<p><strong><img loading=\"lazy\" decoding=\"async\" class=\"alignleft wp-image-264490\" src=\"https:\/\/lottomat.com\/wp-content\/uploads\/2026\/01\/German-Lotto-6aus49-numbers.webp\" alt=\"Brojevi nema\u010dkog Lotto 6aus49\" width=\"200\" height=\"200\" srcset=\"https:\/\/lottomat.com\/wp-content\/uploads\/2026\/01\/German-Lotto-6aus49-numbers.webp 400w, https:\/\/lottomat.com\/wp-content\/uploads\/2026\/01\/German-Lotto-6aus49-numbers-300x300.webp 300w, https:\/\/lottomat.com\/wp-content\/uploads\/2026\/01\/German-Lotto-6aus49-numbers-150x150.webp 150w, https:\/\/lottomat.com\/wp-content\/uploads\/2026\/01\/German-Lotto-6aus49-numbers-100x100.webp 100w\" sizes=\"auto, (max-width: 200px) 100vw, 200px\" \/>Statisti\u010dka analiza i prepoznavanje obrazaca<\/strong>: Pristup istorijskim rezultatima nema\u010dkog Lotto 6aus49 omogu\u0107ava igra\u010dima sprovo\u0111enje detaljnih statisti\u010dkih analiza. Analizom stotina ili hiljada prethodnih izvla\u010denja mo\u017eete utvrditi koji se brojevi naj\u010de\u0161\u0107e pojavljuju i da li se vremenom javljaju odre\u0111eni obrasci.<\/p>\n<p><strong>Validacija i verifikacija<\/strong>: Arhivirani rezultati pru\u017eaju pouzdanu referentnu ta\u010dku za proveru tiketa iz bilo kog istorijskog perioda. Ovo je klju\u010dno ne samo za isplatu dobitaka, ve\u0107 i za re\u0161avanje sporova i obezbe\u0111ivanje odgovornosti i transparentnosti u radu lutrije.<\/p>\n<p><strong>Edukativna vrednost<\/strong>: Za nove igra\u010de nema\u010dkog Lotto 6aus49, pregled istorijskih rezultata nudi dragocene uvide u to kako igra funkcioni\u0161e, koje su nagrade dostupne i kakva je tipi\u010dna raspodela dobitnih brojeva. Posmatranje izvla\u010denja kroz desetine kola poma\u017ee novim igra\u010dima da bolje razumeju mehaniku igre nego samo \u010ditanje pravila.<\/p>\n<p><strong>Strate\u0161ko planiranje<\/strong>: Iako su ishodi lutrije po prirodi nasumi\u010dni, neki igra\u010di razvijaju li\u010dne strategije zasnovane na istorijskim podacima. Arhivirani rezultati pru\u017eaju osnovu za pristup koji vam najvi\u0161e odgovara, bilo da analizirate u\u010destalost ili birate brojeve sa li\u010dnim zna\u010denjem.<\/p>\n<p><strong>Prakti\u010dnost i dostupnost<\/strong>: Centralizovanje svih dobitnih brojeva nema\u010dkog Lotta 6\/49 na jednoj lako dostupnoj platformi elimini\u0161e potrebu za pretra\u017eivanjem vi\u0161e izvora ili vo\u0111enjem li\u010dnih evidencija. Lottomatov arhiv slu\u017ei kao va\u0161a stalna referentna biblioteka za sve informacije o izvla\u010denjima nema\u010dkog Lotta.<\/p>\n<h2>Kako predvideti rezultate i dobitne brojeve nema\u010dkog Lotto 6aus49?<\/h2>\n<p>Pitanje predvi\u0111anja brojeva nema\u010dkog Lotto 6aus49 intrigira igra\u010de lutrije \u0161irom sveta. Iako je va\u017eno razumeti da su izvla\u010denja potpuno nasumi\u010dna i nepredvidiva, postoje razli\u010diti analiti\u010dki pristupi koje igra\u010di koriste prilikom izbora svojih brojeva.<\/p>\n<h3>Razumevanje prave nasumi\u010dnosti<\/h3>\n<p>Dobitni brojevi nema\u010dkog Lotta 6\/49 izvla\u010de se pomo\u0107u mehani\u010dkih lutrijskih ma\u0161ina i fizi\u010dkih kuglica, \u010dime se posti\u017eu zaista nasumi\u010dni ishodi. <strong>Svaki broj ima potpuno istu verovatno\u0107u da bude izvu\u010den u svakom pojedina\u010dnom izvla\u010denju<\/strong>. Nijedan matemati\u010dki sistem ili statisti\u010dka analiza ne mo\u017ee ta\u010dno predvideti koji \u0107e brojevi biti slede\u0107i.<\/p>\n<h3>Statisti\u010dki pristupi<\/h3>\n<p>Mnogi igra\u010di u\u017eivaju u analizi istorijskih podataka o izvla\u010denjima nema\u010dkog Lotta koriste\u0107i opse\u017ean arhiv Lottomata. Neki prou\u010davaju \u201evru\u0107e brojeve\u201d koji su se \u010desto pojavljivali u poslednjim kolima, dok drugi preferiraju \u201ehladne brojeve\u201d koji se dugo nisu pojavljivali. Ipak, ovi pristupi ne uti\u010du na realnu verovatno\u0107u dobitka, jer prethodna izvla\u010denja ne uti\u010du na budu\u0107e ishode.<img loading=\"lazy\" decoding=\"async\" class=\"alignright wp-image-264581\" src=\"https:\/\/lottomat.com\/wp-content\/uploads\/2026\/01\/Lotto-6aus49-winning-numbers.webp\" alt=\"Dobitni brojevi Lotto 6aus49\" width=\"200\" height=\"200\" srcset=\"https:\/\/lottomat.com\/wp-content\/uploads\/2026\/01\/Lotto-6aus49-winning-numbers.webp 400w, https:\/\/lottomat.com\/wp-content\/uploads\/2026\/01\/Lotto-6aus49-winning-numbers-300x300.webp 300w, https:\/\/lottomat.com\/wp-content\/uploads\/2026\/01\/Lotto-6aus49-winning-numbers-150x150.webp 150w, https:\/\/lottomat.com\/wp-content\/uploads\/2026\/01\/Lotto-6aus49-winning-numbers-100x100.webp 100w\" sizes=\"auto, (max-width: 200px) 100vw, 200px\" \/><\/p>\n<h3>Prakti\u010dne strategije<\/h3>\n<p>Jedan koristan pristup podrazumeva izbegavanje obrazaca koje bira veliki broj igra\u010da, kao \u0161to su nizovi 1-2-3-4-5-6. Iako takve kombinacije imaju istu verovatno\u0107u dobitka kao i bilo koje druge, u slu\u010daju dobitka nagrada bi se delila me\u0111u mnogim igra\u010dima. Generator nasumi\u010dnih brojeva ili opcija Quick Pick matemati\u010dki su ispravne alternative, a mnogi dobitnici d\u017eekpota koristili su Quick Pick umesto pa\u017eljivo analiziranih brojeva.<\/p>\n<h3>Stvarna slika<\/h3>\n<p><strong>Svaka mogu\u0107a kombinacija od \u0161est brojeva ima potpuno istu verovatno\u0107u \u2013 otprilike 1 prema 15,5 miliona za osvajanje d\u017eekpota<\/strong>. Ove strategije prvenstveno slu\u017ee da u\u010dine izbor brojeva zanimljivijim, a ne da pove\u0107aju \u0161anse za dobitak.<\/p>\n<h3>Odgovorna igra<\/h3>\n<p>Koji god pristup da odaberete, odgovorna igra uvek treba da bude prioritet. Odredite bud\u017eet koji mo\u017eete da priu\u0161tite da izgubite i posmatrajte igru kao zabavu, a ne kao investiciju.<\/p>\n<p>Iako Lottomat ne mo\u017ee da predvidi budu\u0107e dobitne brojeve nema\u010dkog Lotta 6\/49, platforma pru\u017ea sve alate potrebne za informisano u\u010de\u0161\u0107e. Kori\u0161\u0107enjem Lottomata kao pouzdanog izvora informacija o izvla\u010denjima nema\u010dkog Lotta, osiguravate da nikada ne propustite rezultat i da imate sve podatke potrebne za odgovorno u\u017eivanje u ovoj klasi\u010dnoj lutrijskoj igri.<\/p>\n<h2>Pridru\u017eite se zabavi i igrajte nema\u010dku lutriju 6\/49 online!<\/h2>\n<p>Da li ste spremni da se zabavite uz <a href=\"https:\/\/lottomat.com\/sr\/igrati\/lotto-6aus49\/\">nema\u010dki Lotto 6aus49 online<\/a> ovde na Lottomatu? Izaberite svoje brojeve i\u2026 sa\u010dekajte zvani\u010dno izvla\u010denje nema\u010dke lutrije!<\/p>\n","protected":false},"excerpt":{"rendered":"<p>Da li \u010dekate najnovije rezultate nema\u010dkog Lotto 6aus49? Na pravom ste mestu! Na sajtu Lottomat prona\u0107i \u0107ete aktuelne rezultate izvla\u010denja nema\u010dke lutrije, kao i arhivirane rezultate iz prethodnih kola. Garantujemo da prikazujemo zvani\u010dne i 100% ta\u010dne dobitne brojeve. Proverite da li ste pobedili! Kako proveriti aktuelne rezultate nema\u010dkog Lotto 6aus49? U Nema\u010dkoj igra\u010di imaju nekoliko [&hellip;]<\/p>\n","protected":false},"author":1,"featured_media":0,"parent":7641,"menu_order":12,"comment_status":"closed","ping_status":"closed","template":"lotto-german-results.php","meta":{"_et_pb_use_builder":"","_et_pb_old_content":"","_et_gb_content_width":"","exclude_from_search":false,"footnotes":""},"class_list":["post-9571","page","type-page","status-publish","hentry"],"yoast_head":"<!-- This site is optimized with the Yoast SEO plugin v23.8 - https:\/\/yoast.com\/wordpress\/plugins\/seo\/ -->\n<title>Rezultati nema\u010dkog Lotto 6aus49 \u2013 Dobitni brojevi \u2013 LottoMat<\/title>\n<meta name=\"description\" content=\"Ovde \u0107ete prona\u0107i aktuelne rezultate izvla\u010denja nema\u010dke lutrije Lotto 6aus49. Proverite najnovije dobitne brojeve nema\u010dkog Lotta.\" \/>\n<meta name=\"robots\" content=\"index, follow, max-snippet:-1, max-image-preview:large, max-video-preview:-1\" \/>\n<link rel=\"canonical\" href=\"https:\/\/lottomat.com\/sr\/rezultati\/lotto-6aus49\/\" \/>\n<meta property=\"og:locale\" content=\"sr_RS\" \/>\n<meta property=\"og:type\" content=\"article\" \/>\n<meta property=\"og:title\" content=\"Rezultati nema\u010dkog Lotto 6aus49 \u2013 Dobitni brojevi \u2013 LottoMat\" \/>\n<meta property=\"og:description\" content=\"Ovde \u0107ete prona\u0107i aktuelne rezultate izvla\u010denja nema\u010dke lutrije Lotto 6aus49. Proverite najnovije dobitne brojeve nema\u010dkog Lotta.\" \/>\n<meta property=\"og:url\" content=\"https:\/\/lottomat.com\/sr\/rezultati\/lotto-6aus49\/\" \/>\n<meta property=\"og:site_name\" content=\"Lottomat\" \/>\n<meta property=\"article:modified_time\" content=\"2026-01-10T10:00:37+00:00\" \/>\n<meta property=\"og:image\" content=\"https:\/\/lottomat.com\/wp-content\/uploads\/2026\/01\/German-Lottery-winning-numbers.webp\" \/>\n<meta name=\"twitter:card\" content=\"summary_large_image\" \/>\n<meta name=\"twitter:label1\" content=\"\u041f\u0440\u043e\u0446\u0435\u045a\u0435\u043d\u043e \u0432\u0440\u0435\u043c\u0435 \u0447\u0438\u0442\u0430\u045a\u0430\" \/>\n\t<meta name=\"twitter:data1\" content=\"7 \u043c\u0438\u043d\u0443\u0442\u0430\" \/>\n<script type=\"application\/ld+json\" class=\"yoast-schema-graph\">{\"@context\":\"https:\/\/schema.org\",\"@graph\":[{\"@type\":\"WebPage\",\"@id\":\"https:\/\/lottomat.com\/sr\/rezultati\/lotto-6aus49\/\",\"url\":\"https:\/\/lottomat.com\/sr\/rezultati\/lotto-6aus49\/\",\"name\":\"Rezultati nema\u010dkog Lotto 6aus49 \u2013 Dobitni brojevi \u2013 LottoMat\",\"isPartOf\":{\"@id\":\"https:\/\/lottomat.com\/sr\/#website\"},\"primaryImageOfPage\":{\"@id\":\"https:\/\/lottomat.com\/sr\/rezultati\/lotto-6aus49\/#primaryimage\"},\"image\":{\"@id\":\"https:\/\/lottomat.com\/sr\/rezultati\/lotto-6aus49\/#primaryimage\"},\"thumbnailUrl\":\"https:\/\/lottomat.com\/wp-content\/uploads\/2026\/01\/German-Lottery-winning-numbers.webp\",\"datePublished\":\"2025-03-27T11:23:45+00:00\",\"dateModified\":\"2026-01-10T10:00:37+00:00\",\"description\":\"Ovde \u0107ete prona\u0107i aktuelne rezultate izvla\u010denja nema\u010dke lutrije Lotto 6aus49. Proverite najnovije dobitne brojeve nema\u010dkog Lotta.\",\"breadcrumb\":{\"@id\":\"https:\/\/lottomat.com\/sr\/rezultati\/lotto-6aus49\/#breadcrumb\"},\"inLanguage\":\"sr-RS\",\"potentialAction\":[{\"@type\":\"ReadAction\",\"target\":[\"https:\/\/lottomat.com\/sr\/rezultati\/lotto-6aus49\/\"]}]},{\"@type\":\"ImageObject\",\"inLanguage\":\"sr-RS\",\"@id\":\"https:\/\/lottomat.com\/sr\/rezultati\/lotto-6aus49\/#primaryimage\",\"url\":\"https:\/\/lottomat.com\/wp-content\/uploads\/2026\/01\/German-Lottery-winning-numbers.webp\",\"contentUrl\":\"https:\/\/lottomat.com\/wp-content\/uploads\/2026\/01\/German-Lottery-winning-numbers.webp\"},{\"@type\":\"BreadcrumbList\",\"@id\":\"https:\/\/lottomat.com\/sr\/rezultati\/lotto-6aus49\/#breadcrumb\",\"itemListElement\":[{\"@type\":\"ListItem\",\"position\":1,\"name\":\"Home\",\"item\":\"https:\/\/lottomat.com\/sr\/\"},{\"@type\":\"ListItem\",\"position\":2,\"name\":\"Najnoviji rezultati lutrije i dobitni brojevi\",\"item\":\"https:\/\/lottomat.com\/sr\/rezultati\/\"},{\"@type\":\"ListItem\",\"position\":3,\"name\":\"Rezultati nema\u010dkog Lotto 6aus49 i dobitni brojevi\"}]},{\"@type\":\"WebSite\",\"@id\":\"https:\/\/lottomat.com\/sr\/#website\",\"url\":\"https:\/\/lottomat.com\/sr\/\",\"name\":\"Lottomat\",\"description\":\"\",\"potentialAction\":[{\"@type\":\"SearchAction\",\"target\":{\"@type\":\"EntryPoint\",\"urlTemplate\":\"https:\/\/lottomat.com\/sr\/?s={search_term_string}\"},\"query-input\":{\"@type\":\"PropertyValueSpecification\",\"valueRequired\":true,\"valueName\":\"search_term_string\"}}],\"inLanguage\":\"sr-RS\"}]}<\/script>\n<!-- \/ Yoast SEO plugin. -->","yoast_head_json":{"title":"Rezultati nema\u010dkog Lotto 6aus49 \u2013 Dobitni brojevi \u2013 LottoMat","description":"Ovde \u0107ete prona\u0107i aktuelne rezultate izvla\u010denja nema\u010dke lutrije Lotto 6aus49. Proverite najnovije dobitne brojeve nema\u010dkog Lotta.","robots":{"index":"index","follow":"follow","max-snippet":"max-snippet:-1","max-image-preview":"max-image-preview:large","max-video-preview":"max-video-preview:-1"},"canonical":"https:\/\/lottomat.com\/sr\/rezultati\/lotto-6aus49\/","og_locale":"sr_RS","og_type":"article","og_title":"Rezultati nema\u010dkog Lotto 6aus49 \u2013 Dobitni brojevi \u2013 LottoMat","og_description":"Ovde \u0107ete prona\u0107i aktuelne rezultate izvla\u010denja nema\u010dke lutrije Lotto 6aus49. Proverite najnovije dobitne brojeve nema\u010dkog Lotta.","og_url":"https:\/\/lottomat.com\/sr\/rezultati\/lotto-6aus49\/","og_site_name":"Lottomat","article_modified_time":"2026-01-10T10:00:37+00:00","og_image":[{"url":"https:\/\/lottomat.com\/wp-content\/uploads\/2026\/01\/German-Lottery-winning-numbers.webp"}],"twitter_card":"summary_large_image","twitter_misc":{"\u041f\u0440\u043e\u0446\u0435\u045a\u0435\u043d\u043e \u0432\u0440\u0435\u043c\u0435 \u0447\u0438\u0442\u0430\u045a\u0430":"7 \u043c\u0438\u043d\u0443\u0442\u0430"},"schema":{"@context":"https:\/\/schema.org","@graph":[{"@type":"WebPage","@id":"https:\/\/lottomat.com\/sr\/rezultati\/lotto-6aus49\/","url":"https:\/\/lottomat.com\/sr\/rezultati\/lotto-6aus49\/","name":"Rezultati nema\u010dkog Lotto 6aus49 \u2013 Dobitni brojevi \u2013 LottoMat","isPartOf":{"@id":"https:\/\/lottomat.com\/sr\/#website"},"primaryImageOfPage":{"@id":"https:\/\/lottomat.com\/sr\/rezultati\/lotto-6aus49\/#primaryimage"},"image":{"@id":"https:\/\/lottomat.com\/sr\/rezultati\/lotto-6aus49\/#primaryimage"},"thumbnailUrl":"https:\/\/lottomat.com\/wp-content\/uploads\/2026\/01\/German-Lottery-winning-numbers.webp","datePublished":"2025-03-27T11:23:45+00:00","dateModified":"2026-01-10T10:00:37+00:00","description":"Ovde \u0107ete prona\u0107i aktuelne rezultate izvla\u010denja nema\u010dke lutrije Lotto 6aus49. Proverite najnovije dobitne brojeve nema\u010dkog Lotta.","breadcrumb":{"@id":"https:\/\/lottomat.com\/sr\/rezultati\/lotto-6aus49\/#breadcrumb"},"inLanguage":"sr-RS","potentialAction":[{"@type":"ReadAction","target":["https:\/\/lottomat.com\/sr\/rezultati\/lotto-6aus49\/"]}]},{"@type":"ImageObject","inLanguage":"sr-RS","@id":"https:\/\/lottomat.com\/sr\/rezultati\/lotto-6aus49\/#primaryimage","url":"https:\/\/lottomat.com\/wp-content\/uploads\/2026\/01\/German-Lottery-winning-numbers.webp","contentUrl":"https:\/\/lottomat.com\/wp-content\/uploads\/2026\/01\/German-Lottery-winning-numbers.webp"},{"@type":"BreadcrumbList","@id":"https:\/\/lottomat.com\/sr\/rezultati\/lotto-6aus49\/#breadcrumb","itemListElement":[{"@type":"ListItem","position":1,"name":"Home","item":"https:\/\/lottomat.com\/sr\/"},{"@type":"ListItem","position":2,"name":"Najnoviji rezultati lutrije i dobitni brojevi","item":"https:\/\/lottomat.com\/sr\/rezultati\/"},{"@type":"ListItem","position":3,"name":"Rezultati nema\u010dkog Lotto 6aus49 i dobitni brojevi"}]},{"@type":"WebSite","@id":"https:\/\/lottomat.com\/sr\/#website","url":"https:\/\/lottomat.com\/sr\/","name":"Lottomat","description":"","potentialAction":[{"@type":"SearchAction","target":{"@type":"EntryPoint","urlTemplate":"https:\/\/lottomat.com\/sr\/?s={search_term_string}"},"query-input":{"@type":"PropertyValueSpecification","valueRequired":true,"valueName":"search_term_string"}}],"inLanguage":"sr-RS"}]}},"_links":{"self":[{"href":"https:\/\/lottomat.com\/sr\/wp-json\/wp\/v2\/pages\/9571","targetHints":{"allow":["GET"]}}],"collection":[{"href":"https:\/\/lottomat.com\/sr\/wp-json\/wp\/v2\/pages"}],"about":[{"href":"https:\/\/lottomat.com\/sr\/wp-json\/wp\/v2\/types\/page"}],"author":[{"embeddable":true,"href":"https:\/\/lottomat.com\/sr\/wp-json\/wp\/v2\/users\/1"}],"replies":[{"embeddable":true,"href":"https:\/\/lottomat.com\/sr\/wp-json\/wp\/v2\/comments?post=9571"}],"version-history":[{"count":3,"href":"https:\/\/lottomat.com\/sr\/wp-json\/wp\/v2\/pages\/9571\/revisions"}],"predecessor-version":[{"id":267896,"href":"https:\/\/lottomat.com\/sr\/wp-json\/wp\/v2\/pages\/9571\/revisions\/267896"}],"up":[{"embeddable":true,"href":"https:\/\/lottomat.com\/sr\/wp-json\/wp\/v2\/pages\/7641"}],"wp:attachment":[{"href":"https:\/\/lottomat.com\/sr\/wp-json\/wp\/v2\/media?parent=9571"}],"curies":[{"name":"wp","href":"https:\/\/api.w.org\/{rel}","templated":true}]}}