{"id":9127,"date":"2025-03-26T08:02:36","date_gmt":"2025-03-26T08:02:36","guid":{"rendered":""},"modified":"2025-11-18T22:59:01","modified_gmt":"2025-11-18T22:59:01","slug":"eurojackpot","status":"publish","type":"page","link":"https:\/\/lottomat.com\/sr\/igrati\/eurojackpot\/","title":{"rendered":"Igraj Eurojackpot online"},"content":{"rendered":"\n\n<div class=\"kk-star-ratings kksr-auto kksr-align-left kksr-valign-top\"\n    data-payload='{&quot;align&quot;:&quot;left&quot;,&quot;id&quot;:&quot;9127&quot;,&quot;slug&quot;:&quot;default&quot;,&quot;valign&quot;:&quot;top&quot;,&quot;ignore&quot;:&quot;&quot;,&quot;reference&quot;:&quot;auto&quot;,&quot;class&quot;:&quot;&quot;,&quot;count&quot;:&quot;0&quot;,&quot;legendonly&quot;:&quot;&quot;,&quot;readonly&quot;:&quot;&quot;,&quot;score&quot;:&quot;0&quot;,&quot;starsonly&quot;:&quot;&quot;,&quot;best&quot;:&quot;5&quot;,&quot;gap&quot;:&quot;5&quot;,&quot;greet&quot;:&quot;Rate this page&quot;,&quot;legend&quot;:&quot;0\\\/5 - (0 votes)&quot;,&quot;size&quot;:&quot;30&quot;,&quot;title&quot;:&quot;Igraj Eurojackpot online&quot;,&quot;width&quot;:&quot;0&quot;,&quot;_legend&quot;:&quot;{score}\\\/{best} - ({count} {votes})&quot;,&quot;font_factor&quot;:&quot;1.25&quot;}'>\n            \n<div class=\"kksr-stars\">\n    \n<div class=\"kksr-stars-inactive\">\n            <div class=\"kksr-star\" data-star=\"1\" style=\"padding-right: 5px\">\n            \n\n<div class=\"kksr-icon\" style=\"width: 30px; height: 30px;\"><\/div>\n        <\/div>\n            <div class=\"kksr-star\" data-star=\"2\" style=\"padding-right: 5px\">\n            \n\n<div class=\"kksr-icon\" style=\"width: 30px; height: 30px;\"><\/div>\n        <\/div>\n            <div class=\"kksr-star\" data-star=\"3\" style=\"padding-right: 5px\">\n            \n\n<div class=\"kksr-icon\" style=\"width: 30px; height: 30px;\"><\/div>\n        <\/div>\n            <div class=\"kksr-star\" data-star=\"4\" style=\"padding-right: 5px\">\n            \n\n<div class=\"kksr-icon\" style=\"width: 30px; height: 30px;\"><\/div>\n        <\/div>\n            <div class=\"kksr-star\" data-star=\"5\" style=\"padding-right: 5px\">\n            \n\n<div class=\"kksr-icon\" style=\"width: 30px; height: 30px;\"><\/div>\n        <\/div>\n    <\/div>\n    \n<div class=\"kksr-stars-active\" style=\"width: 0px;\">\n            <div class=\"kksr-star\" style=\"padding-right: 5px\">\n            \n\n<div class=\"kksr-icon\" style=\"width: 30px; height: 30px;\"><\/div>\n        <\/div>\n            <div class=\"kksr-star\" style=\"padding-right: 5px\">\n            \n\n<div class=\"kksr-icon\" style=\"width: 30px; height: 30px;\"><\/div>\n        <\/div>\n            <div class=\"kksr-star\" style=\"padding-right: 5px\">\n            \n\n<div class=\"kksr-icon\" style=\"width: 30px; height: 30px;\"><\/div>\n        <\/div>\n            <div class=\"kksr-star\" style=\"padding-right: 5px\">\n            \n\n<div class=\"kksr-icon\" style=\"width: 30px; height: 30px;\"><\/div>\n        <\/div>\n            <div class=\"kksr-star\" style=\"padding-right: 5px\">\n            \n\n<div class=\"kksr-icon\" style=\"width: 30px; height: 30px;\"><\/div>\n        <\/div>\n    <\/div>\n<\/div>\n                \n\n<div class=\"kksr-legend\" style=\"font-size: 24px;\">\n            <span class=\"kksr-muted\">Rate this page<\/span>\n    <\/div>\n    <\/div>\n<h2>\u0160ta je Eurojackpot?<\/h2>\n<p>Eurojackpot online je <strong>me\u0111unarodna lutrija nastala u Evropi<\/strong>, koja je u po\u010detku bila popularna samo u na\u0161em delu hemisfere. Moglo bi se re\u0107i da je to evropska verzija lota. Eurojackpot je prili\u010dno mlada lutrija, <strong>nastala u martu 2012. godine<\/strong> i od tada u\u017eiva neprekidnu popularnost, ne samo u Evropi ve\u0107 i \u0161irom sveta. <strong>Velike nagrade, dobre \u0161anse da pogodite sre\u0107ne brojeve i impresivni d\u017eekpotovi<\/strong> privla\u010de sve ve\u0107i broj novih igra\u010da. Ova nov\u010dana lutrija ve\u0107 je stvorila nekoliko desetina loto-milionera.<\/p>\n<p>Sve je po\u010delo planom da se napravi konkurencija lutriji Euromillions, a Eurojackpot ju je u me\u0111uvremenu <strong>pre\u0161ao, postav\u0161i jedna od najbr\u017ee rastu\u0107ih i <a href=\"https:\/\/lottomat.com\/sr\/igrati\/\">najpopularnijih online loto igara<\/a><\/strong>.<\/p>\n<h2><img loading=\"lazy\" decoding=\"async\" class=\"alignleft wp-image-257564\" src=\"https:\/\/lottomat.com\/wp-content\/uploads\/2025\/11\/Eurojackpot-online.webp\" alt=\"Eurojackpot online\" width=\"200\" height=\"200\" srcset=\"https:\/\/lottomat.com\/wp-content\/uploads\/2025\/11\/Eurojackpot-online.webp 400w, https:\/\/lottomat.com\/wp-content\/uploads\/2025\/11\/Eurojackpot-online-300x300.webp 300w, https:\/\/lottomat.com\/wp-content\/uploads\/2025\/11\/Eurojackpot-online-150x150.webp 150w, https:\/\/lottomat.com\/wp-content\/uploads\/2025\/11\/Eurojackpot-online-100x100.webp 100w\" sizes=\"auto, (max-width: 200px) 100vw, 200px\" \/>Kako kupiti Eurojackpot tiket online?<\/h2>\n<p>LottoMat omogu\u0107ava kupovinu lutrijskih tiketa online, tako da ne mora\u0161 da tra\u017ei\u0161 prodajno mesto. Sve ima\u0161 na jednom mestu, <strong>24 sata dnevno, 7 dana u nedelji<\/strong>. Jo\u0161 va\u017enije \u2013 <strong>sa bilo kog mesta na svetu<\/strong>, jer se online kupovina na LottoMat tretira isto kao kupovina u bilo kojoj zemlji u\u010desnici izvla\u010denja. To zna\u010di da <strong>bez obzira gde se nalazi\u0161, mo\u017ee\u0161 igrati Eurojackpot online!<\/strong><\/p>\n<p>Nakon \u0161to napravi\u0161 porud\u017ebinu, <strong>na\u0161 predstavnik \u0107e kupiti papirni Eurojackpot tiket u tvoje ime<\/strong> i on \u0107e biti dostupan na tvom nalogu na LottoMat.<\/p>\n<h2>Koja je cena Eurojackpot tiketa?<\/h2>\n<p>Prvo <strong>izaberi brojeve na svom Eurojackpot online tiketu \u2013 5 osnovnih i 2 dodatna<\/strong>. Cena tiketa bi\u0107e prikazana na dnu liste. Na\u0161 kalkulator \u0107e izra\u010dunati ukupni iznos u zavisnosti od broja ispunjenih tiketa.<\/p>\n<p>Sve \u0161to ti preostaje jeste da sebi da\u0161 \u0161ansu za dobitak, koji se u ovoj igri de\u0161ava iznena\u0111uju\u0107e \u010desto.<\/p>\n<h2>Mo\u017ee\u0161 li kupiti vi\u0161e Eurojackpot tiketa?<\/h2>\n<p>Da, mo\u017ee\u0161 <strong>kupiti vi\u0161e Eurojackpot tiketa<\/strong> tako \u0161to odabere\u0161 opciju \u201evi\u0161e linija\u201c i izabere\u0161 koliko god linija \u017eeli\u0161. Ova strategija omogu\u0107ava ti da <strong>igra\u0161 razli\u010dite kombinacije brojeva u istom izvla\u010denju, \u010dime potencijalno pove\u0107ava\u0161 \u0161ansu za dobitak<\/strong>.<\/p>\n<p>Svaka dodatna linija pru\u017ea ti novu priliku da pogodi\u0161 dobitne brojeve, a mo\u017ee\u0161 kombinovati razli\u010dite metode izbora brojeva na vi\u0161e tiketa. Zapamti da se <strong>svaka linija napla\u0107uje posebno<\/strong>, pa kupovina vi\u0161e tiketa proporcionalno pove\u0107ava ukupni tro\u0161ak.<\/p>\n<h2>Mo\u017ee\u0161 li kupiti Eurojackpot tikete za vi\u0161e izvla\u010denja unapred?<\/h2>\n<h2><img loading=\"lazy\" decoding=\"async\" class=\"alignright wp-image-257594\" src=\"https:\/\/lottomat.com\/wp-content\/uploads\/2025\/11\/Eurojackpot-tickets.webp\" alt=\"Eurojackpot tiketi\" width=\"200\" height=\"200\" srcset=\"https:\/\/lottomat.com\/wp-content\/uploads\/2025\/11\/Eurojackpot-tickets.webp 400w, https:\/\/lottomat.com\/wp-content\/uploads\/2025\/11\/Eurojackpot-tickets-300x300.webp 300w, https:\/\/lottomat.com\/wp-content\/uploads\/2025\/11\/Eurojackpot-tickets-150x150.webp 150w, https:\/\/lottomat.com\/wp-content\/uploads\/2025\/11\/Eurojackpot-tickets-100x100.webp 100w\" sizes=\"auto, (max-width: 200px) 100vw, 200px\" \/><\/h2>\n<p>Da, na LottoMat mo\u017ee\u0161 <strong>kupiti tikete za do 8 uzastopnih izvla\u010denja unapred<\/strong>. Ova funkcija osigurava da ne propusti\u0161 nijedno izvla\u010denje i posebno je pogodna za redovne igra\u010de koji vole da unapred isplaniraju. Tvoji izabrani brojevi automatski u\u010destvuju u svakom zakazanom izvla\u010denju, a o rezultatima \u0107e\u0161 biti obave\u0161ten nakon svakog izvla\u010denja. Ova opcija je savr\u0161ena za igra\u010de koji \u017eele redovno u\u010de\u0161\u0107e bez podse\u0107anja da kupe tiket za svako pojedina\u010dno kolo.<\/p>\n<h2>Kako igrati Eurojackpot online: \u0160ta treba uraditi da bi se pobedilo?<\/h2>\n<p>Za u\u010de\u0161\u0107e u izvla\u010denju mora\u0161 <strong>odabrati 5 brojeva iz opsega 1 do 50 i 2 dodatna (bonus broja) iz opsega 1 do 12<\/strong>. Za potpuno nasumi\u010dan izbor mo\u017ee\u0161 koristiti funkciju slu\u010dajnog odabira na platformi. <strong>Glavna nagrada se osvaja pravilnim poga\u0111anjem svih 7 brojeva<\/strong>.<\/p>\n<p>Kada je re\u010d o osvajanju nagrada, ne postoji jedinstven odgovor na pitanje \u201ekako igrati Eurojackpot da bih pobedio\u201c. Svaki igra\u010d ima svoje metode \u2013 neki kupuju mnogo tiketa, drugi prate trenutne i <a href=\"https:\/\/lottomat.com\/sr\/rezultati\/\">arhivirane rezultate izvla\u010denja<\/a>, bele\u017ee brojeve koji se naj\u010de\u0161\u0107e pojavljuju i prave svoje strategije za budu\u0107e igre, a neki jednostavno igraju na sre\u0107u.<\/p>\n<p>U svojoj igri mo\u017ee\u0161 koristiti tzv. <strong>vru\u0107e (naj\u010de\u0161\u0107e izvla\u010dene) i hladne (najre\u0111e izvla\u010dene) brojeve<\/strong>, koje mo\u017ee\u0161 proveriti na sajtu LottoMat, gde postoji i mala pomo\u0107na tabela za svakog igra\u010da. Kada popunjava\u0161 Eurojackpot tiket, potrudi se da <strong>kombinuje\u0161 razli\u010dite brojeve i iskoristi\u0161 ceo dostupni opseg<\/strong>.<\/p>\n<h2>Koji su najbolji saveti za igranje Eurojackpot online?<\/h2>\n<p>Da bi pove\u0107ao \u0161anse u Eurojackpot online igri, poku\u0161aj da <strong>rasporedi\u0161 brojeve kroz ceo numeri\u010dki opseg<\/strong>, umesto da ih grupi\u0161e\u0161 u jednom delu. Mnogi iskusni igra\u010di preporu\u010duju <strong>analizu istorijskih rezultata kako bi se uo\u010dili eventualni obrasci<\/strong>, iako je svako izvla\u010denje nezavisno. Razmisli o tome da <strong>u\u010destvuje\u0161 u zajedni\u010dkim grupama (lottery pools) kako bi pove\u0107ao fond za kupovinu i podelio tro\u0161kove<\/strong>, a uvek <strong>igraj u granicama svog bud\u017eeta<\/strong>. Na kraju, <strong>doslednost mo\u017ee biti klju\u010d \u2013 redovno u\u010destvovanje mo\u017ee pobolj\u0161ati tvoje ukupne \u0161anse<\/strong> u odnosu na povremenu igru.<\/p>\n<p>Da sazna\u0161 vi\u0161e o ovoj lutriji \u2013 <a href=\"https:\/\/lottomat.com\/sr\/lutrija\/eurojackpot\/\">pogledaj nagrade, pravila i d\u017eekpot Eurojackpot-a<\/a> za naredno izvla\u010denje.<\/p>\n<h2><img loading=\"lazy\" decoding=\"async\" class=\"alignleft wp-image-257624\" src=\"https:\/\/lottomat.com\/wp-content\/uploads\/2025\/11\/play-Eurojackpot.webp\" alt=\"igraj Eurojackpot\" width=\"200\" height=\"200\" srcset=\"https:\/\/lottomat.com\/wp-content\/uploads\/2025\/11\/play-Eurojackpot.webp 400w, https:\/\/lottomat.com\/wp-content\/uploads\/2025\/11\/play-Eurojackpot-300x300.webp 300w, https:\/\/lottomat.com\/wp-content\/uploads\/2025\/11\/play-Eurojackpot-150x150.webp 150w, https:\/\/lottomat.com\/wp-content\/uploads\/2025\/11\/play-Eurojackpot-100x100.webp 100w\" sizes=\"auto, (max-width: 200px) 100vw, 200px\" \/>Ko mo\u017ee igrati Eurojackpot online?<\/h2>\n<p>Me\u0111u dr\u017eavama koje u\u010destvuju u lutriji Eurojackpot nalazi se \u010dak <strong>18 zemalja (Hrvatska, \u010ce\u0161ka, Danska, Estonija, Finska, Nema\u010dka, Ma\u0111arska, Island, Italija, Letonija, Litvanija, Holandija, Norve\u0161ka, Poljska, Slova\u010dka, Slovenija, \u0160panija i \u0160vedska)<\/strong>. Njihovo navo\u0111enje je va\u017eno zbog pravila Eurojackpot-a, jer prema uslovima kori\u0161\u0107enja lutrije, <strong>osobe drugih dr\u017eavljanstava tako\u0111e mogu u\u010destvovati u izvla\u010denju, pod uslovom da je tiket kupljen u jednoj od navedenih zemalja<\/strong>. Eurojackpot je uglavnom dostupan online.<\/p>\n<p>LottoMat ti omogu\u0107ava da kupi\u0161 Eurojackpot tikete preko interneta. Veoma je jednostavno \u2013 potrebno je svega nekoliko klikova, a nakon kupovine mo\u017ee\u0161 brzo i lako <a href=\"https:\/\/lottomat.com\/sr\/rezultati\/eurojackpot\/\">proveriti trenutne rezultate izvla\u010denja<\/a> na sajtu.<\/p>\n<h2>\u0160ta \u010dini Eurojackpot druga\u010dijim od ostalih igara sa brojevima?<\/h2>\n<p>Ve\u0107ina igara na sre\u0107u je napravljena tako da vrlo visoke nagrade budu dostupne samo ograni\u010denom broju igra\u010da. <strong>Eurojackpot je napravljen sa idejom da ima mnogo vi\u0161e dobitnika, a nagrade dosti\u017eu hiljade i milione evra<\/strong>. Ukratko, to je izvla\u010denje osmi\u0161ljeno tako da <strong>igra\u010dima pru\u017ei ve\u0107e \u0161anse za dobitak<\/strong>. I iako, na primer, lutrija Euromillions omogu\u0107ava ve\u0107e nagrade, <strong>Eurojackpot pru\u017ea mnogo ve\u0107e \u0161anse<\/strong> da se osvoji dobitak i postigne impresivna nagrada.<\/p>\n<p>Va\u017eno je napomenuti da Eurojackpot ima <strong>duplo vi\u0161e nagrada u odnosu na druge igre na sre\u0107u<\/strong>, \u0161to \u010dini velike dobitke gotovo nadohvat ruke. Upravo ova karakteristika podigla je Eurojackpot na vi\u0161i nivo popularnosti u Evropi.<\/p>\n<p><strong>Ve\u0107i broj dobitnika zna\u010di i ve\u0107e \u0161anse za tebe<\/strong>.<\/p>\n<h2>Da li se isplati igrati Eurojackpot online?<img loading=\"lazy\" decoding=\"async\" class=\"alignright wp-image-257654\" src=\"https:\/\/lottomat.com\/wp-content\/uploads\/2025\/11\/buy-tickets-online.webp\" alt=\"kupi tikete online\" width=\"200\" height=\"200\" srcset=\"https:\/\/lottomat.com\/wp-content\/uploads\/2025\/11\/buy-tickets-online.webp 400w, https:\/\/lottomat.com\/wp-content\/uploads\/2025\/11\/buy-tickets-online-300x300.webp 300w, https:\/\/lottomat.com\/wp-content\/uploads\/2025\/11\/buy-tickets-online-150x150.webp 150w, https:\/\/lottomat.com\/wp-content\/uploads\/2025\/11\/buy-tickets-online-100x100.webp 100w\" sizes=\"auto, (max-width: 200px) 100vw, 200px\" \/><\/h2>\n<p>Pitanje koje \u0107e\u0161 verovatno sebi postaviti jeste: da li se zaista isplati? Mnogi se pitaju isto kada nameravaju da kupe tiket. Kao i kod svake lutrije, rizik postoji svaki put kada igra\u0161, ali <strong>rezultati ti mogu promeniti \u017eivot<\/strong>. Razmisli \u0161ta bi sve mogao da uradi\u0161 ako osvoji\u0161 d\u017eekpot ili \u010dak manju nagradu. Nekada vredi rizikovati za \u0161ansu ka ne\u010demu boljem.<\/p>\n<p>Istina je da <strong>Eurojackpot ima mnogo bolje \u0161anse od svog glavnog konkurenta, EuroMillions-a<\/strong>. <strong>Mnogo je verovatnije da \u0107e\u0161 osvojiti glavnu nagradu<\/strong> u ovoj lutriji nego u njenoj popularnijoj varijanti. Dakle, tro\u0161i\u0161 isti novac, ali sa ve\u0107om \u0161ansom za dobitak. Jedini nedostatak je \u0161to mo\u017eda ne\u0107e\u0161 pobediti, ali i\u0161\u010dekivanje je \u010desto pola zabave.<\/p>\n<p>Gubitak nikada nije prijatan, posebno kada ma\u0161ta\u0161 o tome \u0161ta bi sve mogao da uradi\u0161 sa osvojenim novcem. Me\u0111utim, uzbu\u0111enje kada pobedi\u0161 vredi sve ranije razo\u010daravanje. Pa \u0161ta \u010deka\u0161? Za\u0161to ne otvori\u0161 svoj prvi nalog na <a href=\"https:\/\/lottomat.com\/sr\/\">LottoMat sajtu<\/a> i vidi\u0161 \u0161ta sve Eurojackpot nudi? Sigurno te o\u010dekuje uzbudljivo i zabavno iskustvo.<\/p>\n<h2>Gde treba kupiti svoj Eurojackpot tiket: online ili offline?<\/h2>\n<p>Kada kupuje\u0161 Eurojackpot tikete, mo\u017ee\u0161 birati izme\u0111u online platformi poput LottoMat i fizi\u010dkih prodajnih mesta. <strong>Obe metode nude isti potencijal za dobitak<\/strong>, ali se razlikuju u prakti\u010dnosti i korisni\u010dkom iskustvu.<\/p>\n<h3>Tradicionalno iskustvo u prodavnici<\/h3>\n<p>Kupovina tiketa u prodavnici podrazumeva ru\u010dno popunjavanje brojeva ili tra\u017eenje nasumi\u010dnog izbora na \u0161alteru. Dok neki igra\u010di u\u017eivaju u dru\u0161tvenom aspektu i veruju fizi\u010dkim kupovinama, <strong>i online i offline tiketi imaju jednake \u0161anse za osvajanje d\u017eekpota<\/strong>. Mesto kupovine ne uti\u010de na verovatno\u0107u dobitka.<\/p>\n<h3><img loading=\"lazy\" decoding=\"async\" class=\"alignleft wp-image-257684\" src=\"https:\/\/lottomat.com\/wp-content\/uploads\/2025\/11\/play-online.webp\" alt=\"igraj online\" width=\"200\" height=\"200\" srcset=\"https:\/\/lottomat.com\/wp-content\/uploads\/2025\/11\/play-online.webp 400w, https:\/\/lottomat.com\/wp-content\/uploads\/2025\/11\/play-online-300x300.webp 300w, https:\/\/lottomat.com\/wp-content\/uploads\/2025\/11\/play-online-150x150.webp 150w, https:\/\/lottomat.com\/wp-content\/uploads\/2025\/11\/play-online-100x100.webp 100w\" sizes=\"auto, (max-width: 200px) 100vw, 200px\" \/>Prakti\u010dnost online tiketa<\/h3>\n<p><strong>Kupovina tiketa online elimini\u0161e \u010dekanje u redovima i \u0161tedi vreme<\/strong>. Samo napravi\u0161 nalog, izabere\u0161 brojeve ili koristi\u0161 \u201elucky dip\u201c, izabere\u0161 metod pla\u0107anja i gotovo. Dobija\u0161 email obave\u0161tenja o rezultatima.<\/p>\n<p><strong>Velika prednost online tiketa je da su digitalno sa\u010duvani, pa ih ne mo\u017ee\u0161 izgubiti<\/strong>. Ovo uklanja stres oko pogubljenih tiketa i ekolo\u0161ki je prihvatljivo jer smanjuje upotrebu papira.<\/p>\n<p>Spreman si da se priklju\u010di\u0161 zabavi? Izaberi svoje brojeve i igraj Eurojackpot online sada!<\/p>\n","protected":false},"excerpt":{"rendered":"<p>\u0160ta je Eurojackpot? Eurojackpot online je me\u0111unarodna lutrija nastala u Evropi, koja je u po\u010detku bila popularna samo u na\u0161em delu hemisfere. Moglo bi se re\u0107i da je to evropska verzija lota. Eurojackpot je prili\u010dno mlada lutrija, nastala u martu 2012. godine i od tada u\u017eiva neprekidnu popularnost, ne samo u Evropi ve\u0107 i \u0161irom [&hellip;]<\/p>\n","protected":false},"author":1,"featured_media":0,"parent":6838,"menu_order":4,"comment_status":"closed","ping_status":"closed","template":"eurojackpot.php","meta":{"_et_pb_use_builder":"","_et_pb_old_content":"","_et_gb_content_width":"","exclude_from_search":false,"footnotes":""},"class_list":["post-9127","page","type-page","status-publish","hentry"],"yoast_head":"<!-- This site is optimized with the Yoast SEO plugin v23.8 - https:\/\/yoast.com\/wordpress\/plugins\/seo\/ -->\n<title>Eurojackpot Online - Eurojackpot Tiketi - LottoMat<\/title>\n<meta name=\"description\" content=\"Igraj Eurojackpot online i osvoji velike nagrade na Lottomat! Izaberi svoje brojeve i kupi Eurojackpot tikete online u bilo kom trenutku!\" \/>\n<meta name=\"robots\" content=\"index, follow, max-snippet:-1, max-image-preview:large, max-video-preview:-1\" \/>\n<link rel=\"canonical\" href=\"https:\/\/lottomat.com\/sr\/igrati\/eurojackpot\/\" \/>\n<meta property=\"og:locale\" content=\"sr_RS\" \/>\n<meta property=\"og:type\" content=\"article\" \/>\n<meta property=\"og:title\" content=\"Eurojackpot Online - Eurojackpot Tiketi - LottoMat\" \/>\n<meta property=\"og:description\" content=\"Igraj Eurojackpot online i osvoji velike nagrade na Lottomat! Izaberi svoje brojeve i kupi Eurojackpot tikete online u bilo kom trenutku!\" \/>\n<meta property=\"og:url\" content=\"https:\/\/lottomat.com\/sr\/igrati\/eurojackpot\/\" \/>\n<meta property=\"og:site_name\" content=\"Lottomat\" \/>\n<meta property=\"article:modified_time\" content=\"2025-11-18T22:59:01+00:00\" \/>\n<meta property=\"og:image\" content=\"https:\/\/lottomat.com\/wp-content\/uploads\/2025\/11\/Eurojackpot-online.webp\" \/>\n<meta name=\"twitter:card\" content=\"summary_large_image\" \/>\n<meta name=\"twitter:label1\" content=\"\u041f\u0440\u043e\u0446\u0435\u045a\u0435\u043d\u043e \u0432\u0440\u0435\u043c\u0435 \u0447\u0438\u0442\u0430\u045a\u0430\" \/>\n\t<meta name=\"twitter:data1\" content=\"7 \u043c\u0438\u043d\u0443\u0442\u0430\" \/>\n<script type=\"application\/ld+json\" class=\"yoast-schema-graph\">{\"@context\":\"https:\/\/schema.org\",\"@graph\":[{\"@type\":\"WebPage\",\"@id\":\"https:\/\/lottomat.com\/sr\/igrati\/eurojackpot\/\",\"url\":\"https:\/\/lottomat.com\/sr\/igrati\/eurojackpot\/\",\"name\":\"Eurojackpot Online - Eurojackpot Tiketi - LottoMat\",\"isPartOf\":{\"@id\":\"https:\/\/lottomat.com\/sr\/#website\"},\"primaryImageOfPage\":{\"@id\":\"https:\/\/lottomat.com\/sr\/igrati\/eurojackpot\/#primaryimage\"},\"image\":{\"@id\":\"https:\/\/lottomat.com\/sr\/igrati\/eurojackpot\/#primaryimage\"},\"thumbnailUrl\":\"https:\/\/lottomat.com\/wp-content\/uploads\/2025\/11\/Eurojackpot-online.webp\",\"datePublished\":\"2025-03-26T08:02:36+00:00\",\"dateModified\":\"2025-11-18T22:59:01+00:00\",\"description\":\"Igraj Eurojackpot online i osvoji velike nagrade na Lottomat! Izaberi svoje brojeve i kupi Eurojackpot tikete online u bilo kom trenutku!\",\"breadcrumb\":{\"@id\":\"https:\/\/lottomat.com\/sr\/igrati\/eurojackpot\/#breadcrumb\"},\"inLanguage\":\"sr-RS\",\"potentialAction\":[{\"@type\":\"ReadAction\",\"target\":[\"https:\/\/lottomat.com\/sr\/igrati\/eurojackpot\/\"]}]},{\"@type\":\"ImageObject\",\"inLanguage\":\"sr-RS\",\"@id\":\"https:\/\/lottomat.com\/sr\/igrati\/eurojackpot\/#primaryimage\",\"url\":\"https:\/\/lottomat.com\/wp-content\/uploads\/2025\/11\/Eurojackpot-online.webp\",\"contentUrl\":\"https:\/\/lottomat.com\/wp-content\/uploads\/2025\/11\/Eurojackpot-online.webp\"},{\"@type\":\"BreadcrumbList\",\"@id\":\"https:\/\/lottomat.com\/sr\/igrati\/eurojackpot\/#breadcrumb\",\"itemListElement\":[{\"@type\":\"ListItem\",\"position\":1,\"name\":\"Home\",\"item\":\"https:\/\/lottomat.com\/sr\/\"},{\"@type\":\"ListItem\",\"position\":2,\"name\":\"Online Lotto &#8211; Igrajte najbolje online lutrije\",\"item\":\"https:\/\/lottomat.com\/sr\/igrati\/\"},{\"@type\":\"ListItem\",\"position\":3,\"name\":\"Igraj Eurojackpot online\"}]},{\"@type\":\"WebSite\",\"@id\":\"https:\/\/lottomat.com\/sr\/#website\",\"url\":\"https:\/\/lottomat.com\/sr\/\",\"name\":\"Lottomat\",\"description\":\"\",\"potentialAction\":[{\"@type\":\"SearchAction\",\"target\":{\"@type\":\"EntryPoint\",\"urlTemplate\":\"https:\/\/lottomat.com\/sr\/?s={search_term_string}\"},\"query-input\":{\"@type\":\"PropertyValueSpecification\",\"valueRequired\":true,\"valueName\":\"search_term_string\"}}],\"inLanguage\":\"sr-RS\"}]}<\/script>\n<!-- \/ Yoast SEO plugin. -->","yoast_head_json":{"title":"Eurojackpot Online - Eurojackpot Tiketi - LottoMat","description":"Igraj Eurojackpot online i osvoji velike nagrade na Lottomat! Izaberi svoje brojeve i kupi Eurojackpot tikete online u bilo kom trenutku!","robots":{"index":"index","follow":"follow","max-snippet":"max-snippet:-1","max-image-preview":"max-image-preview:large","max-video-preview":"max-video-preview:-1"},"canonical":"https:\/\/lottomat.com\/sr\/igrati\/eurojackpot\/","og_locale":"sr_RS","og_type":"article","og_title":"Eurojackpot Online - Eurojackpot Tiketi - LottoMat","og_description":"Igraj Eurojackpot online i osvoji velike nagrade na Lottomat! Izaberi svoje brojeve i kupi Eurojackpot tikete online u bilo kom trenutku!","og_url":"https:\/\/lottomat.com\/sr\/igrati\/eurojackpot\/","og_site_name":"Lottomat","article_modified_time":"2025-11-18T22:59:01+00:00","og_image":[{"url":"https:\/\/lottomat.com\/wp-content\/uploads\/2025\/11\/Eurojackpot-online.webp"}],"twitter_card":"summary_large_image","twitter_misc":{"\u041f\u0440\u043e\u0446\u0435\u045a\u0435\u043d\u043e \u0432\u0440\u0435\u043c\u0435 \u0447\u0438\u0442\u0430\u045a\u0430":"7 \u043c\u0438\u043d\u0443\u0442\u0430"},"schema":{"@context":"https:\/\/schema.org","@graph":[{"@type":"WebPage","@id":"https:\/\/lottomat.com\/sr\/igrati\/eurojackpot\/","url":"https:\/\/lottomat.com\/sr\/igrati\/eurojackpot\/","name":"Eurojackpot Online - Eurojackpot Tiketi - LottoMat","isPartOf":{"@id":"https:\/\/lottomat.com\/sr\/#website"},"primaryImageOfPage":{"@id":"https:\/\/lottomat.com\/sr\/igrati\/eurojackpot\/#primaryimage"},"image":{"@id":"https:\/\/lottomat.com\/sr\/igrati\/eurojackpot\/#primaryimage"},"thumbnailUrl":"https:\/\/lottomat.com\/wp-content\/uploads\/2025\/11\/Eurojackpot-online.webp","datePublished":"2025-03-26T08:02:36+00:00","dateModified":"2025-11-18T22:59:01+00:00","description":"Igraj Eurojackpot online i osvoji velike nagrade na Lottomat! Izaberi svoje brojeve i kupi Eurojackpot tikete online u bilo kom trenutku!","breadcrumb":{"@id":"https:\/\/lottomat.com\/sr\/igrati\/eurojackpot\/#breadcrumb"},"inLanguage":"sr-RS","potentialAction":[{"@type":"ReadAction","target":["https:\/\/lottomat.com\/sr\/igrati\/eurojackpot\/"]}]},{"@type":"ImageObject","inLanguage":"sr-RS","@id":"https:\/\/lottomat.com\/sr\/igrati\/eurojackpot\/#primaryimage","url":"https:\/\/lottomat.com\/wp-content\/uploads\/2025\/11\/Eurojackpot-online.webp","contentUrl":"https:\/\/lottomat.com\/wp-content\/uploads\/2025\/11\/Eurojackpot-online.webp"},{"@type":"BreadcrumbList","@id":"https:\/\/lottomat.com\/sr\/igrati\/eurojackpot\/#breadcrumb","itemListElement":[{"@type":"ListItem","position":1,"name":"Home","item":"https:\/\/lottomat.com\/sr\/"},{"@type":"ListItem","position":2,"name":"Online Lotto &#8211; Igrajte najbolje online lutrije","item":"https:\/\/lottomat.com\/sr\/igrati\/"},{"@type":"ListItem","position":3,"name":"Igraj Eurojackpot online"}]},{"@type":"WebSite","@id":"https:\/\/lottomat.com\/sr\/#website","url":"https:\/\/lottomat.com\/sr\/","name":"Lottomat","description":"","potentialAction":[{"@type":"SearchAction","target":{"@type":"EntryPoint","urlTemplate":"https:\/\/lottomat.com\/sr\/?s={search_term_string}"},"query-input":{"@type":"PropertyValueSpecification","valueRequired":true,"valueName":"search_term_string"}}],"inLanguage":"sr-RS"}]}},"_links":{"self":[{"href":"https:\/\/lottomat.com\/sr\/wp-json\/wp\/v2\/pages\/9127","targetHints":{"allow":["GET"]}}],"collection":[{"href":"https:\/\/lottomat.com\/sr\/wp-json\/wp\/v2\/pages"}],"about":[{"href":"https:\/\/lottomat.com\/sr\/wp-json\/wp\/v2\/types\/page"}],"author":[{"embeddable":true,"href":"https:\/\/lottomat.com\/sr\/wp-json\/wp\/v2\/users\/1"}],"replies":[{"embeddable":true,"href":"https:\/\/lottomat.com\/sr\/wp-json\/wp\/v2\/comments?post=9127"}],"version-history":[{"count":2,"href":"https:\/\/lottomat.com\/sr\/wp-json\/wp\/v2\/pages\/9127\/revisions"}],"predecessor-version":[{"id":258868,"href":"https:\/\/lottomat.com\/sr\/wp-json\/wp\/v2\/pages\/9127\/revisions\/258868"}],"up":[{"embeddable":true,"href":"https:\/\/lottomat.com\/sr\/wp-json\/wp\/v2\/pages\/6838"}],"wp:attachment":[{"href":"https:\/\/lottomat.com\/sr\/wp-json\/wp\/v2\/media?parent=9127"}],"curies":[{"name":"wp","href":"https:\/\/api.w.org\/{rel}","templated":true}]}}