{"id":8786,"date":"2025-03-26T07:54:05","date_gmt":"2025-03-26T07:54:05","guid":{"rendered":""},"modified":"2025-10-05T17:27:52","modified_gmt":"2025-10-05T17:27:52","slug":"mega-millions","status":"publish","type":"page","link":"https:\/\/lottomat.com\/sr\/igrati\/mega-millions\/","title":{"rendered":"Igraj Mega Millions online \u2013 Mega Millions Tiketi"},"content":{"rendered":"\n\n<div class=\"kk-star-ratings kksr-auto kksr-align-left kksr-valign-top\"\n    data-payload='{&quot;align&quot;:&quot;left&quot;,&quot;id&quot;:&quot;8786&quot;,&quot;slug&quot;:&quot;default&quot;,&quot;valign&quot;:&quot;top&quot;,&quot;ignore&quot;:&quot;&quot;,&quot;reference&quot;:&quot;auto&quot;,&quot;class&quot;:&quot;&quot;,&quot;count&quot;:&quot;0&quot;,&quot;legendonly&quot;:&quot;&quot;,&quot;readonly&quot;:&quot;&quot;,&quot;score&quot;:&quot;0&quot;,&quot;starsonly&quot;:&quot;&quot;,&quot;best&quot;:&quot;5&quot;,&quot;gap&quot;:&quot;5&quot;,&quot;greet&quot;:&quot;Rate this page&quot;,&quot;legend&quot;:&quot;0\\\/5 - (0 votes)&quot;,&quot;size&quot;:&quot;30&quot;,&quot;title&quot;:&quot;Igraj Mega Millions online \u2013 Mega Millions Tiketi&quot;,&quot;width&quot;:&quot;0&quot;,&quot;_legend&quot;:&quot;{score}\\\/{best} - ({count} {votes})&quot;,&quot;font_factor&quot;:&quot;1.25&quot;}'>\n            \n<div class=\"kksr-stars\">\n    \n<div class=\"kksr-stars-inactive\">\n            <div class=\"kksr-star\" data-star=\"1\" style=\"padding-right: 5px\">\n            \n\n<div class=\"kksr-icon\" style=\"width: 30px; height: 30px;\"><\/div>\n        <\/div>\n            <div class=\"kksr-star\" data-star=\"2\" style=\"padding-right: 5px\">\n            \n\n<div class=\"kksr-icon\" style=\"width: 30px; height: 30px;\"><\/div>\n        <\/div>\n            <div class=\"kksr-star\" data-star=\"3\" style=\"padding-right: 5px\">\n            \n\n<div class=\"kksr-icon\" style=\"width: 30px; height: 30px;\"><\/div>\n        <\/div>\n            <div class=\"kksr-star\" data-star=\"4\" style=\"padding-right: 5px\">\n            \n\n<div class=\"kksr-icon\" style=\"width: 30px; height: 30px;\"><\/div>\n        <\/div>\n            <div class=\"kksr-star\" data-star=\"5\" style=\"padding-right: 5px\">\n            \n\n<div class=\"kksr-icon\" style=\"width: 30px; height: 30px;\"><\/div>\n        <\/div>\n    <\/div>\n    \n<div class=\"kksr-stars-active\" style=\"width: 0px;\">\n            <div class=\"kksr-star\" style=\"padding-right: 5px\">\n            \n\n<div class=\"kksr-icon\" style=\"width: 30px; height: 30px;\"><\/div>\n        <\/div>\n            <div class=\"kksr-star\" style=\"padding-right: 5px\">\n            \n\n<div class=\"kksr-icon\" style=\"width: 30px; height: 30px;\"><\/div>\n        <\/div>\n            <div class=\"kksr-star\" style=\"padding-right: 5px\">\n            \n\n<div class=\"kksr-icon\" style=\"width: 30px; height: 30px;\"><\/div>\n        <\/div>\n            <div class=\"kksr-star\" style=\"padding-right: 5px\">\n            \n\n<div class=\"kksr-icon\" style=\"width: 30px; height: 30px;\"><\/div>\n        <\/div>\n            <div class=\"kksr-star\" style=\"padding-right: 5px\">\n            \n\n<div class=\"kksr-icon\" style=\"width: 30px; height: 30px;\"><\/div>\n        <\/div>\n    <\/div>\n<\/div>\n                \n\n<div class=\"kksr-legend\" style=\"font-size: 24px;\">\n            <span class=\"kksr-muted\">Rate this page<\/span>\n    <\/div>\n    <\/div>\n<h2>Kako Funkcioni\u0161e Mega Millions Lutrija?<\/h2>\n<p>Online lutrija Mega Millions je jednostavna igra sa brojevima, sa pravilima koja se lako pamte. Zadatak svakog igra\u010da je da izabere pet glavnih brojeva iz opsega od 1 do 70 i da odabere Mega Ball, koji je poseban bonus broj iz opsega od 1 do 24. Glavna nagrada je namenjena pobedniku \u010diji tiket sadr\u017ei svih \u0161est izvu\u010denih brojeva, odnosno pet glavnih brojeva i jedan bonus broj. Vredi pomenuti da <strong>Mega Millions je lutrija koja ima \u010dak devet nivoa nagrada<\/strong>, gde svaki igra\u010d mo\u017ee osvojiti nov\u010danu nagradu. \u0160tavi\u0161e, tiket Mega Millions sa samo pogo\u0111enim Mega Ball brojem tako\u0111e dobija nagradu. Kao \u0161to smo naveli, Mega Millions je lutrija koja daje zaista velike \u0161anse da se osvoje milioni dolara. Pro\u010ditaj <a href=\"https:\/\/lottomat.com\/sr\/lutrija\/mega-milions\/\">vi\u0161e o pravilima Mega Millions<\/a> na na\u0161em sajtu i saznaj vi\u0161e.<\/p>\n<h2><img loading=\"lazy\" decoding=\"async\" class=\"alignleft wp-image-251833\" src=\"https:\/\/lottomat.com\/wp-content\/uploads\/2025\/10\/play-Mega-Millions.webp\" alt=\"igraj Mega Millions\" width=\"200\" height=\"200\" srcset=\"https:\/\/lottomat.com\/wp-content\/uploads\/2025\/10\/play-Mega-Millions.webp 400w, https:\/\/lottomat.com\/wp-content\/uploads\/2025\/10\/play-Mega-Millions-300x300.webp 300w, https:\/\/lottomat.com\/wp-content\/uploads\/2025\/10\/play-Mega-Millions-150x150.webp 150w, https:\/\/lottomat.com\/wp-content\/uploads\/2025\/10\/play-Mega-Millions-100x100.webp 100w\" sizes=\"auto, (max-width: 200px) 100vw, 200px\" \/>Koliko Mo\u017ee\u0161 Dobiti Zahvaljuju\u0107i Mega Millions Online?<\/h2>\n<p>Pogoditi sve izvu\u010dene brojeve garantuje osvajanje glavne nagrade ili njenog dela, ako ima vi\u0161e dobitnika. Ako vi\u0161e igra\u010da pogodi sve brojeve, glavna nagrada se deli proporcionalno me\u0111u svim u\u010desnicima. Ako pogodi\u0161 pet glavnih brojeva, ali ne i Mega Ball, dobija\u0161 <strong>zagarantovanu nagradu od 1.000.000 $<\/strong> (da, dobro vidi\u0161 \u2013 govorimo o milionu dolara za pet pogo\u0111enih brojeva!). Mega Millions je lutrija sa \u010destim d\u017eekpotovima, koji mogu porasti do neverovatnih suma, pa dobitni tiketi donose zaista zna\u010dajne iznose. Mega Millions nudi igra\u010dima dve zanimljive opcije. Na\u017ealost, te dodatne opcije, uklju\u010duju\u0107i mogu\u0107nost kupovine jeftinijeg tiketa samo za d\u017eekpot i uve\u0107anja dobitaka iz ni\u017eih kategorija, dostupne su samo gra\u0111anima odre\u0111enih ameri\u010dkih dr\u017eava; me\u0111utim, glavna nagrada i ni\u017ee kategorije dostupne su svim ostalim igra\u010dima.<\/p>\n<h2>Koja Je Cena Mega Millions Online Tiketa?<\/h2>\n<p>Da proveri\u0161 cenu jednog tiketa ili ve\u0107eg broja, koristi sajt Lottomat i opciju za odabir dobitnih brojeva. Nakon popunjavanja tiketa, cena \u0107e biti prikazana ispod tiketa. <strong>Kalkulator automatski izra\u010dunava vrednost uplate<\/strong> na osnovu broja izabranih online Mega Millions tiketa. Cena tiketa uklju\u010duje i tro\u0161kove i sve odgovaraju\u0107e provizije i kona\u010dna je. Ne mora\u0161 da brine\u0161 ni o \u010demu drugom; samo sa\u010dekaj <a href=\"https:\/\/lottomat.com\/sr\/rezultati\/mega-millions\/\">trenutne rezultate izvla\u010denja Mega Millions<\/a>.<\/p>\n<h2>Kako Kupiti Mega Millions Online Tike?<img loading=\"lazy\" decoding=\"async\" class=\"alignright wp-image-251863\" src=\"https:\/\/lottomat.com\/wp-content\/uploads\/2025\/10\/Mega-Millions-tickets.webp\" alt=\"Mega Millions tiketi\" width=\"200\" height=\"200\" srcset=\"https:\/\/lottomat.com\/wp-content\/uploads\/2025\/10\/Mega-Millions-tickets.webp 400w, https:\/\/lottomat.com\/wp-content\/uploads\/2025\/10\/Mega-Millions-tickets-300x300.webp 300w, https:\/\/lottomat.com\/wp-content\/uploads\/2025\/10\/Mega-Millions-tickets-150x150.webp 150w, https:\/\/lottomat.com\/wp-content\/uploads\/2025\/10\/Mega-Millions-tickets-100x100.webp 100w\" sizes=\"auto, (max-width: 200px) 100vw, 200px\" \/><\/h2>\n<p>Za u\u010de\u0161\u0107e u izvla\u010denjima Mega Millions nagrada nije obavezno da \u017eivi\u0161 u Sjedinjenim Dr\u017eavama, ali <strong>jedina opcija je kupovina Mega Millions tiketa online<\/strong>. Fizi\u010dke poslovnice lutrije postoje samo u SAD-u. Sve \u0161to treba da uradi\u0161 je da popuni\u0161 tiket na sajtu Lottomat i da ga plati\u0161 (dostupno je nekoliko metoda pla\u0107anja). Milioni dolara su na dohvat ruke, bez napu\u0161tanja ku\u0107e, 24 sata dnevno, 7 dana u nedelji. Danas mo\u017ee\u0161 igrati Mega Millions lutriju online iz udobnosti svoje fotelje. Online lutrije su sada glavna osnova ovog biznisa.<\/p>\n<h3>Raspored Izvla\u010denja i Rezultati<\/h3>\n<p>Tvoj tiket u\u010destvuje u ameri\u010dkoj lutriji, a ako osvoji\u0161 nagradu, ona se ispla\u0107uje u celosti ili u ratama, zavisno od opcije koju odabere\u0161. <strong>Izvla\u010denja se odr\u017eavaju sredom i subotom<\/strong>, a <a href=\"https:\/\/lottomat.com\/sr\/rezultati\/\">trenutne rezultate izvla\u010denja<\/a> mo\u017ee\u0161 prona\u0107i na sajtu Lottomat. U\u0111i u opciju Igraj i vidi koliko je lako kupiti tiket online. Sve \u0161to ti treba da bi pobedio je sre\u0107a!<\/p>\n<h2>Kako Igrati Mega Millions Lutriju Online?<\/h2>\n<p>Zahvaljuju\u0107i na\u0161em sajtu, ne mora\u0161 da ide\u0161 u SAD da bi kupio Mega Millions tiket. Sve \u0161to treba da uradi\u0161 je da izabere\u0161 pet glavnih brojeva iz opsega 1 do 70 i dodatni broj Mega Ball iz opsega 1 do 24. Mo\u017ee\u0161 koristiti i opciju nasumi\u010dnog izbora, gde se brojevi biraju slu\u010dajno. Da bi osvojio glavnu nagradu, mora\u0161 pogoditi sve izvu\u010dene brojeve. \u0160to manje brojeva pogodi\u0161, to \u0107e dobitak biti manji. <strong>Izaberi pet glavnih brojeva iz opsega od 1 do 70 i jedan jedinstveni broj pod nazivom Mega Ball od 1 do 24.<\/strong> Izaberi svoje brojeve i igraj za milione ve\u0107 danas!<\/p>\n<h2><img loading=\"lazy\" decoding=\"async\" class=\"alignleft wp-image-251893\" src=\"https:\/\/lottomat.com\/wp-content\/uploads\/2025\/10\/buy-Mega-Millions-tickets.webp\" alt=\"kupi Mega Millions tikete\" width=\"200\" height=\"200\" srcset=\"https:\/\/lottomat.com\/wp-content\/uploads\/2025\/10\/buy-Mega-Millions-tickets.webp 400w, https:\/\/lottomat.com\/wp-content\/uploads\/2025\/10\/buy-Mega-Millions-tickets-300x300.webp 300w, https:\/\/lottomat.com\/wp-content\/uploads\/2025\/10\/buy-Mega-Millions-tickets-150x150.webp 150w, https:\/\/lottomat.com\/wp-content\/uploads\/2025\/10\/buy-Mega-Millions-tickets-100x100.webp 100w\" sizes=\"auto, (max-width: 200px) 100vw, 200px\" \/>Koji Su Najbolji Saveti za Igru Mega Millions Online i Pobed\u0443?<\/h2>\n<p>Igrati pametno je klju\u010d za maksimalno u\u017eivanje u lutriji, dok istovremeno efikasno upravlja\u0161 svojim bud\u017eetom. Evo nekoliko dokazanih strategija koje mogu pove\u0107ati tvoje \u0161anse za pobedu.<\/p>\n<h3>Strategija Grupne Igre<\/h3>\n<p>Kako izbe\u0107i da potro\u0161i\u0161 bogatstvo na igru, a da ipak u\u010destvuje\u0161 u lutriji sa zna\u010dajnim brojem tiketa? Jednostavno \u2013 <strong>igraj samo kada postoji rollover i pozovi svoje prijatelje ili porodicu da igraju<\/strong>. To je najbolji na\u010din da se osvoji, podelom tro\u0161kova Mega Millions tiketa me\u0111u u\u010desnicima iz porodice. Zapamti da \u0161anse za dobitak rastu sa brojem kupljenih tiketa.<\/p>\n<h3>Metode Izbora Brojeva<\/h3>\n<p>Na\u010din na koji bira\u0161 brojeve zavisi samo od tebe. Mo\u017ee\u0161 koristiti opciju nasumi\u010dnog izbora kako bi popunio Mega Millions tiket slu\u010dajnim brojevima ili koristiti svoje sre\u0107ne brojeve. Ako \u017eeli\u0161 \u2013 mo\u017ee\u0161 pregledati rezultate prethodnih izvla\u010denja da identifikuje\u0161 naj\u010de\u0161\u0107e i najre\u0111e izvu\u010dene brojeve u Mega Millions i razvije\u0161 sopstvenu strategiju igre. <a href=\"https:\/\/lottomat.com\/sr\/igrati\/\">Kupi tiket lutrije<\/a>, i \u017eelimo ti puno sre\u0107e!<\/p>\n<h2>Mo\u017ee\u0161 Li Kupiti Vi\u0161e Mega Millions Tiketa Online?<\/h2>\n<p>Da, iskoristi opciju <strong>&#8222;Vi\u0161e linija&#8220; i izaberi onoliko linija koliko ti je potrebno<\/strong>. Ova funkcija ti omogu\u0107ava da pove\u0107a\u0161 \u0161anse za dobitak kupovinom vi\u0161e tiketa u jednoj transakciji. \u0160to vi\u0161e linija igra\u0161, ve\u0107e su ti \u0161anse da pogodi\u0161 dobitnu kombinaciju.<\/p>\n<h2>Mo\u017ee\u0161 Li Kupiti Mega Millions Tikete Online za Vi\u0161e Izvla\u010denja?<img loading=\"lazy\" decoding=\"async\" class=\"alignright wp-image-251923\" src=\"https:\/\/lottomat.com\/wp-content\/uploads\/2025\/10\/Mega-Millions-online.webp\" alt=\"Mega Millions online\" width=\"200\" height=\"200\" srcset=\"https:\/\/lottomat.com\/wp-content\/uploads\/2025\/10\/Mega-Millions-online.webp 400w, https:\/\/lottomat.com\/wp-content\/uploads\/2025\/10\/Mega-Millions-online-300x300.webp 300w, https:\/\/lottomat.com\/wp-content\/uploads\/2025\/10\/Mega-Millions-online-150x150.webp 150w, https:\/\/lottomat.com\/wp-content\/uploads\/2025\/10\/Mega-Millions-online-100x100.webp 100w\" sizes=\"auto, (max-width: 200px) 100vw, 200px\" \/><\/h2>\n<p>Da, na Lottomat mo\u017ee\u0161 <strong>kupiti tikete za do 8 izvla\u010denja unapred<\/strong>. Ova prakti\u010dna funkcija zna\u010di da ne mora\u0161 da se se\u0107a\u0161 da kupuje\u0161 tiket za svako izvla\u010denje pojedina\u010dno. Mo\u017ee\u0161 jednom postaviti svoje brojeve i pustiti ih da se igraju automatski za uzastopna izvla\u010denja. Ova opcija unapred je savr\u0161ena za igra\u010de koji imaju svoje omiljene brojeve i \u017eele da budu sigurni da ne\u0107e propustiti nijedno izvla\u010denje.<\/p>\n<h2>Da Li Je Sigurno Igrati Mega Millions Online?<\/h2>\n<p>Igranje na sajtu Lottomat je <strong>potpuno sigurno i bezbedno<\/strong>. Skeniramo sve tikete i brinemo o na\u0161im korisnicima, obezbe\u0111uju\u0107i da su tvoji li\u010dni i finansijski podaci za\u0161ti\u0107eni najvi\u0161im standardima sigurnosti. Na\u0161a platforma koristi naprednu tehnologiju enkripcije za za\u0161titu svih transakcija i kupovina tiketa. Me\u0111utim, va\u017eno je zapamtiti da <strong>igranje Mega Millions treba tretirati kao zabavu<\/strong>. Nikada ne bi trebalo da rizikuje\u0161 novac koji ne mo\u017ee\u0161 da priu\u0161ti\u0161 da izgubi\u0161. Uvek igraj odgovorno i u skladu sa svojim mogu\u0107nostima, tretiraju\u0107i lutrijske tikete kao oblik zabave, a ne kao investicionu strategiju.<\/p>\n","protected":false},"excerpt":{"rendered":"<p>Kako Funkcioni\u0161e Mega Millions Lutrija? Online lutrija Mega Millions je jednostavna igra sa brojevima, sa pravilima koja se lako pamte. Zadatak svakog igra\u010da je da izabere pet glavnih brojeva iz opsega od 1 do 70 i da odabere Mega Ball, koji je poseban bonus broj iz opsega od 1 do 24. Glavna nagrada je namenjena [&hellip;]<\/p>\n","protected":false},"author":1,"featured_media":0,"parent":6838,"menu_order":2,"comment_status":"closed","ping_status":"closed","template":"megamillion.php","meta":{"_et_pb_use_builder":"","_et_pb_old_content":"","_et_gb_content_width":"","exclude_from_search":false,"footnotes":""},"class_list":["post-8786","page","type-page","status-publish","hentry"],"yoast_head":"<!-- This site is optimized with the Yoast SEO plugin v23.8 - https:\/\/yoast.com\/wordpress\/plugins\/seo\/ -->\n<title>Mega Millions Lutrijski Tiketi - Igraj Mega Millions online - Lottomat Srbija<\/title>\n<meta name=\"description\" content=\"Igraj online lutriju Mega Millions na Lottomat i osvoji bogatstvo! Kupi Mega Millions tikete online danas \u2013 pridru\u017ei se zabavi! Pogodi d\u017eekpot odmah!\" \/>\n<meta name=\"robots\" content=\"index, follow, max-snippet:-1, max-image-preview:large, max-video-preview:-1\" \/>\n<link rel=\"canonical\" href=\"https:\/\/lottomat.com\/sr\/igrati\/mega-millions\/\" \/>\n<meta property=\"og:locale\" content=\"sr_RS\" \/>\n<meta property=\"og:type\" content=\"article\" \/>\n<meta property=\"og:title\" content=\"Mega Millions Lutrijski Tiketi - Igraj Mega Millions online - Lottomat Srbija\" \/>\n<meta property=\"og:description\" content=\"Igraj online lutriju Mega Millions na Lottomat i osvoji bogatstvo! Kupi Mega Millions tikete online danas \u2013 pridru\u017ei se zabavi! Pogodi d\u017eekpot odmah!\" \/>\n<meta property=\"og:url\" content=\"https:\/\/lottomat.com\/sr\/igrati\/mega-millions\/\" \/>\n<meta property=\"og:site_name\" content=\"Lottomat\" \/>\n<meta property=\"article:modified_time\" content=\"2025-10-05T17:27:52+00:00\" \/>\n<meta property=\"og:image\" content=\"https:\/\/lottomat.com\/wp-content\/uploads\/2025\/10\/play-Mega-Millions.webp\" \/>\n<meta name=\"twitter:card\" content=\"summary_large_image\" \/>\n<meta name=\"twitter:label1\" content=\"\u041f\u0440\u043e\u0446\u0435\u045a\u0435\u043d\u043e \u0432\u0440\u0435\u043c\u0435 \u0447\u0438\u0442\u0430\u045a\u0430\" \/>\n\t<meta name=\"twitter:data1\" content=\"6 \u043c\u0438\u043d\u0443\u0442\u0430\" \/>\n<script type=\"application\/ld+json\" class=\"yoast-schema-graph\">{\"@context\":\"https:\/\/schema.org\",\"@graph\":[{\"@type\":\"WebPage\",\"@id\":\"https:\/\/lottomat.com\/sr\/igrati\/mega-millions\/\",\"url\":\"https:\/\/lottomat.com\/sr\/igrati\/mega-millions\/\",\"name\":\"Mega Millions Lutrijski Tiketi - Igraj Mega Millions online - Lottomat Srbija\",\"isPartOf\":{\"@id\":\"https:\/\/lottomat.com\/sr\/#website\"},\"primaryImageOfPage\":{\"@id\":\"https:\/\/lottomat.com\/sr\/igrati\/mega-millions\/#primaryimage\"},\"image\":{\"@id\":\"https:\/\/lottomat.com\/sr\/igrati\/mega-millions\/#primaryimage\"},\"thumbnailUrl\":\"https:\/\/lottomat.com\/wp-content\/uploads\/2025\/10\/play-Mega-Millions.webp\",\"datePublished\":\"2025-03-26T07:54:05+00:00\",\"dateModified\":\"2025-10-05T17:27:52+00:00\",\"description\":\"Igraj online lutriju Mega Millions na Lottomat i osvoji bogatstvo! Kupi Mega Millions tikete online danas \u2013 pridru\u017ei se zabavi! Pogodi d\u017eekpot odmah!\",\"breadcrumb\":{\"@id\":\"https:\/\/lottomat.com\/sr\/igrati\/mega-millions\/#breadcrumb\"},\"inLanguage\":\"sr-RS\",\"potentialAction\":[{\"@type\":\"ReadAction\",\"target\":[\"https:\/\/lottomat.com\/sr\/igrati\/mega-millions\/\"]}]},{\"@type\":\"ImageObject\",\"inLanguage\":\"sr-RS\",\"@id\":\"https:\/\/lottomat.com\/sr\/igrati\/mega-millions\/#primaryimage\",\"url\":\"https:\/\/lottomat.com\/wp-content\/uploads\/2025\/10\/play-Mega-Millions.webp\",\"contentUrl\":\"https:\/\/lottomat.com\/wp-content\/uploads\/2025\/10\/play-Mega-Millions.webp\"},{\"@type\":\"BreadcrumbList\",\"@id\":\"https:\/\/lottomat.com\/sr\/igrati\/mega-millions\/#breadcrumb\",\"itemListElement\":[{\"@type\":\"ListItem\",\"position\":1,\"name\":\"Home\",\"item\":\"https:\/\/lottomat.com\/sr\/\"},{\"@type\":\"ListItem\",\"position\":2,\"name\":\"Online Lotto &#8211; Igrajte najbolje online lutrije\",\"item\":\"https:\/\/lottomat.com\/sr\/igrati\/\"},{\"@type\":\"ListItem\",\"position\":3,\"name\":\"Igraj Mega Millions online \u2013 Mega Millions Tiketi\"}]},{\"@type\":\"WebSite\",\"@id\":\"https:\/\/lottomat.com\/sr\/#website\",\"url\":\"https:\/\/lottomat.com\/sr\/\",\"name\":\"Lottomat\",\"description\":\"\",\"potentialAction\":[{\"@type\":\"SearchAction\",\"target\":{\"@type\":\"EntryPoint\",\"urlTemplate\":\"https:\/\/lottomat.com\/sr\/?s={search_term_string}\"},\"query-input\":{\"@type\":\"PropertyValueSpecification\",\"valueRequired\":true,\"valueName\":\"search_term_string\"}}],\"inLanguage\":\"sr-RS\"}]}<\/script>\n<!-- \/ Yoast SEO plugin. -->","yoast_head_json":{"title":"Mega Millions Lutrijski Tiketi - Igraj Mega Millions online - Lottomat Srbija","description":"Igraj online lutriju Mega Millions na Lottomat i osvoji bogatstvo! Kupi Mega Millions tikete online danas \u2013 pridru\u017ei se zabavi! Pogodi d\u017eekpot odmah!","robots":{"index":"index","follow":"follow","max-snippet":"max-snippet:-1","max-image-preview":"max-image-preview:large","max-video-preview":"max-video-preview:-1"},"canonical":"https:\/\/lottomat.com\/sr\/igrati\/mega-millions\/","og_locale":"sr_RS","og_type":"article","og_title":"Mega Millions Lutrijski Tiketi - Igraj Mega Millions online - Lottomat Srbija","og_description":"Igraj online lutriju Mega Millions na Lottomat i osvoji bogatstvo! Kupi Mega Millions tikete online danas \u2013 pridru\u017ei se zabavi! Pogodi d\u017eekpot odmah!","og_url":"https:\/\/lottomat.com\/sr\/igrati\/mega-millions\/","og_site_name":"Lottomat","article_modified_time":"2025-10-05T17:27:52+00:00","og_image":[{"url":"https:\/\/lottomat.com\/wp-content\/uploads\/2025\/10\/play-Mega-Millions.webp"}],"twitter_card":"summary_large_image","twitter_misc":{"\u041f\u0440\u043e\u0446\u0435\u045a\u0435\u043d\u043e \u0432\u0440\u0435\u043c\u0435 \u0447\u0438\u0442\u0430\u045a\u0430":"6 \u043c\u0438\u043d\u0443\u0442\u0430"},"schema":{"@context":"https:\/\/schema.org","@graph":[{"@type":"WebPage","@id":"https:\/\/lottomat.com\/sr\/igrati\/mega-millions\/","url":"https:\/\/lottomat.com\/sr\/igrati\/mega-millions\/","name":"Mega Millions Lutrijski Tiketi - Igraj Mega Millions online - Lottomat Srbija","isPartOf":{"@id":"https:\/\/lottomat.com\/sr\/#website"},"primaryImageOfPage":{"@id":"https:\/\/lottomat.com\/sr\/igrati\/mega-millions\/#primaryimage"},"image":{"@id":"https:\/\/lottomat.com\/sr\/igrati\/mega-millions\/#primaryimage"},"thumbnailUrl":"https:\/\/lottomat.com\/wp-content\/uploads\/2025\/10\/play-Mega-Millions.webp","datePublished":"2025-03-26T07:54:05+00:00","dateModified":"2025-10-05T17:27:52+00:00","description":"Igraj online lutriju Mega Millions na Lottomat i osvoji bogatstvo! Kupi Mega Millions tikete online danas \u2013 pridru\u017ei se zabavi! Pogodi d\u017eekpot odmah!","breadcrumb":{"@id":"https:\/\/lottomat.com\/sr\/igrati\/mega-millions\/#breadcrumb"},"inLanguage":"sr-RS","potentialAction":[{"@type":"ReadAction","target":["https:\/\/lottomat.com\/sr\/igrati\/mega-millions\/"]}]},{"@type":"ImageObject","inLanguage":"sr-RS","@id":"https:\/\/lottomat.com\/sr\/igrati\/mega-millions\/#primaryimage","url":"https:\/\/lottomat.com\/wp-content\/uploads\/2025\/10\/play-Mega-Millions.webp","contentUrl":"https:\/\/lottomat.com\/wp-content\/uploads\/2025\/10\/play-Mega-Millions.webp"},{"@type":"BreadcrumbList","@id":"https:\/\/lottomat.com\/sr\/igrati\/mega-millions\/#breadcrumb","itemListElement":[{"@type":"ListItem","position":1,"name":"Home","item":"https:\/\/lottomat.com\/sr\/"},{"@type":"ListItem","position":2,"name":"Online Lotto &#8211; Igrajte najbolje online lutrije","item":"https:\/\/lottomat.com\/sr\/igrati\/"},{"@type":"ListItem","position":3,"name":"Igraj Mega Millions online \u2013 Mega Millions Tiketi"}]},{"@type":"WebSite","@id":"https:\/\/lottomat.com\/sr\/#website","url":"https:\/\/lottomat.com\/sr\/","name":"Lottomat","description":"","potentialAction":[{"@type":"SearchAction","target":{"@type":"EntryPoint","urlTemplate":"https:\/\/lottomat.com\/sr\/?s={search_term_string}"},"query-input":{"@type":"PropertyValueSpecification","valueRequired":true,"valueName":"search_term_string"}}],"inLanguage":"sr-RS"}]}},"_links":{"self":[{"href":"https:\/\/lottomat.com\/sr\/wp-json\/wp\/v2\/pages\/8786","targetHints":{"allow":["GET"]}}],"collection":[{"href":"https:\/\/lottomat.com\/sr\/wp-json\/wp\/v2\/pages"}],"about":[{"href":"https:\/\/lottomat.com\/sr\/wp-json\/wp\/v2\/types\/page"}],"author":[{"embeddable":true,"href":"https:\/\/lottomat.com\/sr\/wp-json\/wp\/v2\/users\/1"}],"replies":[{"embeddable":true,"href":"https:\/\/lottomat.com\/sr\/wp-json\/wp\/v2\/comments?post=8786"}],"version-history":[{"count":3,"href":"https:\/\/lottomat.com\/sr\/wp-json\/wp\/v2\/pages\/8786\/revisions"}],"predecessor-version":[{"id":253089,"href":"https:\/\/lottomat.com\/sr\/wp-json\/wp\/v2\/pages\/8786\/revisions\/253089"}],"up":[{"embeddable":true,"href":"https:\/\/lottomat.com\/sr\/wp-json\/wp\/v2\/pages\/6838"}],"wp:attachment":[{"href":"https:\/\/lottomat.com\/sr\/wp-json\/wp\/v2\/media?parent=8786"}],"curies":[{"name":"wp","href":"https:\/\/api.w.org\/{rel}","templated":true}]}}