{"id":8481,"date":"2025-03-26T07:52:23","date_gmt":"2025-03-26T07:52:23","guid":{"rendered":"https:\/\/lottomat.net\/%d0%b8%d0%b3%d1%80%d0%b0%d1%98%d1%82%d0%b5-%d0%bb%d1%83%d1%82%d1%80%d0%b8%d1%98%d1%83\/%d0%b8%d0%b3%d1%80%d0%b0%d1%98%d1%82%d0%b5-%d0%bf%d0%be%d0%b2%d0%b5%d1%80%d0%b1%d0%b0%d0%bb%d0%bb-%d0%bd%d0%b0-%d0%bc%d1%80%d0%b5%d0%b6%d0%b8\/"},"modified":"2025-10-05T15:34:41","modified_gmt":"2025-10-05T15:34:41","slug":"powerball","status":"publish","type":"page","link":"https:\/\/lottomat.com\/sr\/igrati\/powerball\/","title":{"rendered":"Igraj Powerball Online &#8211; Powerball Tiketi"},"content":{"rendered":"\n\n<div class=\"kk-star-ratings kksr-auto kksr-align-left kksr-valign-top\"\n    data-payload='{&quot;align&quot;:&quot;left&quot;,&quot;id&quot;:&quot;8481&quot;,&quot;slug&quot;:&quot;default&quot;,&quot;valign&quot;:&quot;top&quot;,&quot;ignore&quot;:&quot;&quot;,&quot;reference&quot;:&quot;auto&quot;,&quot;class&quot;:&quot;&quot;,&quot;count&quot;:&quot;0&quot;,&quot;legendonly&quot;:&quot;&quot;,&quot;readonly&quot;:&quot;&quot;,&quot;score&quot;:&quot;0&quot;,&quot;starsonly&quot;:&quot;&quot;,&quot;best&quot;:&quot;5&quot;,&quot;gap&quot;:&quot;5&quot;,&quot;greet&quot;:&quot;Rate this page&quot;,&quot;legend&quot;:&quot;0\\\/5 - (0 votes)&quot;,&quot;size&quot;:&quot;30&quot;,&quot;title&quot;:&quot;Igraj Powerball Online - Powerball Tiketi&quot;,&quot;width&quot;:&quot;0&quot;,&quot;_legend&quot;:&quot;{score}\\\/{best} - ({count} {votes})&quot;,&quot;font_factor&quot;:&quot;1.25&quot;}'>\n            \n<div class=\"kksr-stars\">\n    \n<div class=\"kksr-stars-inactive\">\n            <div class=\"kksr-star\" data-star=\"1\" style=\"padding-right: 5px\">\n            \n\n<div class=\"kksr-icon\" style=\"width: 30px; height: 30px;\"><\/div>\n        <\/div>\n            <div class=\"kksr-star\" data-star=\"2\" style=\"padding-right: 5px\">\n            \n\n<div class=\"kksr-icon\" style=\"width: 30px; height: 30px;\"><\/div>\n        <\/div>\n            <div class=\"kksr-star\" data-star=\"3\" style=\"padding-right: 5px\">\n            \n\n<div class=\"kksr-icon\" style=\"width: 30px; height: 30px;\"><\/div>\n        <\/div>\n            <div class=\"kksr-star\" data-star=\"4\" style=\"padding-right: 5px\">\n            \n\n<div class=\"kksr-icon\" style=\"width: 30px; height: 30px;\"><\/div>\n        <\/div>\n            <div class=\"kksr-star\" data-star=\"5\" style=\"padding-right: 5px\">\n            \n\n<div class=\"kksr-icon\" style=\"width: 30px; height: 30px;\"><\/div>\n        <\/div>\n    <\/div>\n    \n<div class=\"kksr-stars-active\" style=\"width: 0px;\">\n            <div class=\"kksr-star\" style=\"padding-right: 5px\">\n            \n\n<div class=\"kksr-icon\" style=\"width: 30px; height: 30px;\"><\/div>\n        <\/div>\n            <div class=\"kksr-star\" style=\"padding-right: 5px\">\n            \n\n<div class=\"kksr-icon\" style=\"width: 30px; height: 30px;\"><\/div>\n        <\/div>\n            <div class=\"kksr-star\" style=\"padding-right: 5px\">\n            \n\n<div class=\"kksr-icon\" style=\"width: 30px; height: 30px;\"><\/div>\n        <\/div>\n            <div class=\"kksr-star\" style=\"padding-right: 5px\">\n            \n\n<div class=\"kksr-icon\" style=\"width: 30px; height: 30px;\"><\/div>\n        <\/div>\n            <div class=\"kksr-star\" style=\"padding-right: 5px\">\n            \n\n<div class=\"kksr-icon\" style=\"width: 30px; height: 30px;\"><\/div>\n        <\/div>\n    <\/div>\n<\/div>\n                \n\n<div class=\"kksr-legend\" style=\"font-size: 24px;\">\n            <span class=\"kksr-muted\">Rate this page<\/span>\n    <\/div>\n    <\/div>\n<h2><img loading=\"lazy\" decoding=\"async\" class=\"alignleft wp-image-252142\" src=\"https:\/\/lottomat.com\/wp-content\/uploads\/2025\/10\/play-Powerball-150x150.webp\" alt=\"igraj Powerball\" width=\"200\" height=\"200\" srcset=\"https:\/\/lottomat.com\/wp-content\/uploads\/2025\/10\/play-Powerball-150x150.webp 150w, https:\/\/lottomat.com\/wp-content\/uploads\/2025\/10\/play-Powerball-300x300.webp 300w, https:\/\/lottomat.com\/wp-content\/uploads\/2025\/10\/play-Powerball-100x100.webp 100w, https:\/\/lottomat.com\/wp-content\/uploads\/2025\/10\/play-Powerball.webp 400w\" sizes=\"auto, (max-width: 200px) 100vw, 200px\" \/>\u0160ta je Powerball lutrija?<\/h2>\n<p>Po\u010dnimo sa pravilima ove \u010duvene lutrije, koja su veoma jednostavna, i sigurno \u0107e\u0161 brzo nau\u010diti kako da igra\u0161 Powerball online. Igra se sastoji od izbora pet brojeva iz opsega od 1 do 69 i jednog dodatnog, zvanog Power Ball, iz skupa brojeva od 1 do 26. Ako se izaberu svi dobitni brojevi, igra\u010d osvaja garantovanu glavnu nagradu, ali zapamti da postoji <strong>9 nivoa dobitaka<\/strong>. Nagradu dobija i igra\u010d koji izabere samo dodatni Power Ball broj, \u0161to je bonus broj. U Powerball lutriji online postoji i jedno zanimljivo re\u0161enje za igra\u010de. Zove se <strong>Power Play<\/strong> i to je dodatna opcija koja omogu\u0107ava umno\u017eavanje dobitaka van glavne nagrade. Ipak, dostupna je samo na teritoriji Sjedinjenih Ameri\u010dkih Dr\u017eava kada se tiket kupuje li\u010dno u Powerball poslovnici. Igra\u010d koji pogodi sve izvu\u010dene brojeve osvaja glavnu nagradu, ali ako ne pogodi bonus broj Powerball, dobija garantovanih <strong>1.000.000 dolara<\/strong>. Drugim re\u010dima, onaj ko pogodi 5 glavnih brojeva dobija milion dolara. Klikni i pro\u010ditaj <a href=\"https:\/\/lottomat.com\/sr\/lutrija\/powerball\/\">vi\u0161e o pravilima i nagradama Powerball<\/a> na na\u0161em sajtu. Naravno, kao i kod drugih <a href=\"https:\/\/lottomat.com\/sr\/\">najboljih svetskih lutrija<\/a>, postoji i rollover u slu\u010daju da nema dobitnika, \u0161to donosi priliku da se osvoje ogromne svote novca, i to u dolarima. Powerball je postao poznat po dobitnim tiketima koji su donosili milione dolara. Najve\u0107i dobitak iz roll-overa u ameri\u010dkoj lutriji desio se <strong>7. novembra 2022.<\/strong> i iznosio je <strong>2,04 milijarde dolara<\/strong>, sa gotovinskom vredno\u0161\u0107u od <strong>997,6 miliona dolara<\/strong>.<\/p>\n<h2>Kako kupiti Powerball tikete?<img loading=\"lazy\" decoding=\"async\" class=\"alignright wp-image-252172\" src=\"https:\/\/lottomat.com\/wp-content\/uploads\/2025\/10\/Powerball-lottery-tickets-300x300.webp\" alt=\"Powerball tiketi\" width=\"200\" height=\"200\" srcset=\"https:\/\/lottomat.com\/wp-content\/uploads\/2025\/10\/Powerball-lottery-tickets-300x300.webp 300w, https:\/\/lottomat.com\/wp-content\/uploads\/2025\/10\/Powerball-lottery-tickets-150x150.webp 150w, https:\/\/lottomat.com\/wp-content\/uploads\/2025\/10\/Powerball-lottery-tickets-100x100.webp 100w, https:\/\/lottomat.com\/wp-content\/uploads\/2025\/10\/Powerball-lottery-tickets.webp 400w\" sizes=\"auto, (max-width: 200px) 100vw, 200px\" \/><\/h2>\n<p>Zahvaljuju\u0107i promenama u pravilima Powerball-a, ne mora\u0161 biti dr\u017eavljanin Sjedinjenih Dr\u017eava niti boraviti na njihovoj teritoriji. Mo\u017ee\u0161 u\u010destvovati u <strong>Powerball lutriji online koriste\u0107i LottoMat sajt<\/strong>. To je veoma zgodno, a mo\u017ee\u0161 kupiti Powerball tikete bilo kada, danju ili no\u0107u, sedam dana u nedelji. Sve \u0161to treba da uradi\u0161 je da odabere\u0161 opciju Igraj na LottoMat sajtu i popuni\u0161 odgovaraju\u0107i broj tiketa. Zatim treba samo da bude\u0161 strpljiv i sa\u010deka\u0161 izvla\u010denje, koje se odr\u017eava svakog <strong>utorka, \u010detvrtka i nedelje u 02:59 UTC<\/strong>. LottoMat sajt garantuje da je tiket validan i u\u010destvuje u izvla\u010denju nagrada Powerball. Kupovinu mo\u017ee\u0161 obaviti pomo\u0107u ra\u010dunara ili mobilnog telefona <strong>bilo gde u svetu i u bilo koje vreme<\/strong>. Sve \u0161to ti treba je da napravi\u0161 siguran korisni\u010dki nalog, kupi\u0161 tiket i sa\u010deka\u0161 dobitak!<\/p>\n<h2>Kolika je cena Powerball online tiketa?<\/h2>\n<p>Da bi se izra\u010dunala cena tiketa, dovoljno je popuniti jedan ili vi\u0161e tiketa na LottoMat sajtu. Nakon izbora brojeva, <strong>cena \u0107e biti prikazana ispod svih tiketa<\/strong>. Ako popuni\u0161 vi\u0161e od jednog tiketa, kalkulator \u0107e izra\u010dunati ukupni iznos, \u0161to predstavlja kona\u010dnu cenu. Ona uklju\u010duje cenu svih Powerball tiketa i proviziju.<\/p>\n<h2><img loading=\"lazy\" decoding=\"async\" class=\"alignleft wp-image-252202\" src=\"https:\/\/lottomat.com\/wp-content\/uploads\/2025\/10\/Powerball-online-tickets-300x300.webp\" alt=\"Powerball online tiketi\" width=\"200\" height=\"200\" srcset=\"https:\/\/lottomat.com\/wp-content\/uploads\/2025\/10\/Powerball-online-tickets-300x300.webp 300w, https:\/\/lottomat.com\/wp-content\/uploads\/2025\/10\/Powerball-online-tickets-150x150.webp 150w, https:\/\/lottomat.com\/wp-content\/uploads\/2025\/10\/Powerball-online-tickets-100x100.webp 100w, https:\/\/lottomat.com\/wp-content\/uploads\/2025\/10\/Powerball-online-tickets.webp 400w\" sizes=\"auto, (max-width: 200px) 100vw, 200px\" \/>Kako igrati Powerball online?<\/h2>\n<p>Zahvaljuju\u0107i na\u0161em sajtu, najpopularnija lutrija na svetu sada je dostupna bez napu\u0161tanja ku\u0107e. Da bi igrao Powerball online, izaberi <strong>pet glavnih brojeva od 1 do 69 plus dodatni Power Ball broj od 1 do 26<\/strong>. Brojeve mo\u017ee\u0161 odabrati ru\u010dno ili koristiti <strong>opciju Brzi Izbor za nasumi\u010dan izbor<\/strong>. Tako je jednostavno! Igranje preko LottoMat-a je potpuno sigurno i za\u0161ti\u0107eno. <strong>Mi skeniramo sve kupljene tikete da bismo osigurali njihovu validnost i tvoju sigurnost.<\/strong> Uz LottoMat mo\u017ee\u0161 igrati Powerball online sa bilo kog mesta na svetu \u2013 sve \u0161to ti je potrebno je <strong>internet pristup i mogu\u0107nost online pla\u0107anja.<\/strong> Ova globalna dostupnost \u010dini u\u010de\u0161\u0107e u jednoj od najuzbudljivijih lutrija na svetu lak\u0161im nego ikada.<\/p>\n<h2>Mogu li kupiti vi\u0161e Powerball tiketa online?<\/h2>\n<p><strong>Da, svakako mo\u017ee\u0161 kupiti vi\u0161e Powerball tiketa online<\/strong> kako bi pove\u0107ao svoje \u0161anse za dobitak. Jednostavno izaberi <strong>opciju &#8222;vi\u0161e linija&#8220;<\/strong> prilikom igranja i odaberi onoliko linija koliko \u017eeli\u0161. Svaka dodatna linija predstavlja jo\u0161 jednu priliku da osvoji\u0161 jackpot ili neku od sporednih nagrada. \u0160to vi\u0161e tiketa kupi\u0161, ve\u0107e su \u0161anse da pogodi\u0161 dobitne brojeve.<\/p>\n<h2>Mogu li kupiti Powerball tikete online za vi\u0161e izvla\u010denja?<\/h2>\n<h2><img loading=\"lazy\" decoding=\"async\" class=\"alignright wp-image-252232\" src=\"https:\/\/lottomat.com\/wp-content\/uploads\/2025\/10\/Powerball-online-300x300.webp\" alt=\"Powerball online\" width=\"200\" height=\"200\" srcset=\"https:\/\/lottomat.com\/wp-content\/uploads\/2025\/10\/Powerball-online-300x300.webp 300w, https:\/\/lottomat.com\/wp-content\/uploads\/2025\/10\/Powerball-online-150x150.webp 150w, https:\/\/lottomat.com\/wp-content\/uploads\/2025\/10\/Powerball-online-100x100.webp 100w, https:\/\/lottomat.com\/wp-content\/uploads\/2025\/10\/Powerball-online.webp 400w\" sizes=\"auto, (max-width: 200px) 100vw, 200px\" \/><\/h2>\n<p>Apsolutno! Na LottoMat-u mo\u017ee\u0161 <strong>kupiti Powerball tikete za do 8 uzastopnih izvla\u010denja<\/strong> unapred. Ova prakti\u010dna opcija zna\u010di da ne mora\u0161 da pamti\u0161 da kupuje\u0161 tikete za svako pojedina\u010dno izvla\u010denje \u2013 tvoji brojevi \u0107e automatski u\u010destvovati u vi\u0161e budu\u0107ih kola. Ova unapred kupljena opcija osigurava <strong>da nikada ne propusti\u0161 izvla\u010denje<\/strong> i daje ti kontinuirano u\u010de\u0161\u0107e u lutriji tokom nekoliko nedelja.<\/p>\n<h2>Kako proveriti rezultate Powerball online lutrije?<\/h2>\n<p>Mo\u017ee\u0161 lako proveriti i <a href=\"https:\/\/lottomat.com\/sr\/rezultati\/powerball\/\">najnovije i arhivirane rezultate Powerball-a<\/a> direktno na LottoMat sajtu. Na\u0161a stranica sa rezultatima se a\u017eurira odmah nakon svakog izvla\u010denja, pru\u017eaju\u0107i ti <strong>ta\u010dne i aktuelne dobitne brojeve.<\/strong> Bilo da \u017eeli\u0161 da proveri\u0161 najnovija izvla\u010denja ili da pogleda\u0161 stare rezultate, sve informacije su ti na dohvat ruke. Ova prakti\u010dna funkcija ti omogu\u0107ava da brzo proveri\u0161 da li su tvoji brojevi dobitni, bez potrebe za pretragom na vi\u0161e izvora.<\/p>\n<h2><img loading=\"lazy\" decoding=\"async\" class=\"alignleft wp-image-252262\" src=\"https:\/\/lottomat.com\/wp-content\/uploads\/2025\/10\/Powerball-tickets-300x300.webp\" alt=\"Powerball tiketi\" width=\"200\" height=\"200\" srcset=\"https:\/\/lottomat.com\/wp-content\/uploads\/2025\/10\/Powerball-tickets-300x300.webp 300w, https:\/\/lottomat.com\/wp-content\/uploads\/2025\/10\/Powerball-tickets-150x150.webp 150w, https:\/\/lottomat.com\/wp-content\/uploads\/2025\/10\/Powerball-tickets-100x100.webp 100w, https:\/\/lottomat.com\/wp-content\/uploads\/2025\/10\/Powerball-tickets.webp 400w\" sizes=\"auto, (max-width: 200px) 100vw, 200px\" \/>Da li LottoMat skenira Powerball tikete online?<\/h2>\n<p><strong>Da, apsolutno!<\/strong> Na\u0161i ovla\u0161\u0107eni agenti fizi\u010dki kupuju Powerball tikete na zvani\u010dnim, licenciranim mestima u tvoje ime. <strong>Mi skeniramo i \u010duvamo originalne tikete na sigurnom<\/strong> kako bismo osigurali potpunu transparentnost i sigurnost za na\u0161e igra\u010de. To zna\u010di da ima\u0161 dokaz o kupovini tiketa i mo\u017ee\u0161 biti siguran da je tvoje u\u010de\u0161\u0107e validno za zvani\u010dno Powerball izvla\u010denje. Originalni tiketi se \u010duvaju na sigurnom u na\u0161im za\u0161ti\u0107enim prostorima, \u0161to ti daje mir i sigurnost za tvoju investiciju.<\/p>\n<h2>Koji su najbolji Powerball online saveti?<\/h2>\n<p>Igraj, naro\u010dito kada postoji rollover. <strong>Powerball ima najve\u0107e rollovere na svetu,<\/strong> i \u010dak i sa jednim tiketom ima\u0161 \u0161ansu da osvoji\u0161. Najve\u0107i jackpot je dostigao \u010ditavih <strong>2,04 milijarde dolara!<\/strong> Tako\u0111e mo\u017ee\u0161 koristiti naj\u010de\u0161\u0107e izvla\u010dene brojeve, koje mo\u017ee\u0161 prona\u0107i na <a href=\"https:\/\/lottomat.com\/sr\/rezultati\/\">stranici sa rezultatima izvla\u010denja<\/a>. Ona sadr\u017ei i aktuelne i arhivirane rezultate. Zapamti da <strong>igranje Powerball online treba da bude oblik zabave,<\/strong> pa je va\u017eno da igra\u0161 odgovorno i sa dobrim rasu\u0111ivanjem. Postavi sebi bud\u017eet i dr\u017ei ga se, tretiraju\u0107i tikete kao zabavnu aktivnost, a ne kao investicionu strategiju.<\/p>\n<h3>Saveti koji mogu pove\u0107ati tvoje \u0161anse za dobitak<\/h3>\n<p>Kupovina vi\u0161e od jednog Powerball tiketa zna\u010di da svaki dodatni tiket pru\u017ea ve\u0107e \u0161anse da se pogode izvu\u010deni brojevi. Pobrini se da brojevi koje bira\u0161 budu raznovrsni, jer je raspon veliki, pa se nemoj ograni\u010davati na datume ro\u0111enja, koji ti zna\u010dajno su\u017eavaju izbor. Da bi smanjio tro\u0161ak <a href=\"https:\/\/lottomat.com\/sr\/igrati\/\">kupovine lutrijskih tiketa online<\/a>, mo\u017ee\u0161 pozvati svoje najbli\u017ee da igraju, \u0161to garantuje ve\u0107e \u0161anse za dobitak. Tro\u0161kovi tiketa se mogu podeliti me\u0111u vi\u0161e ljudi, \u010dine\u0107i ih pristupa\u010dnijim za sve uklju\u010dene. Igraj kada postoje <a href=\"https:\/\/lottomat.com\/sr\/lutrija\/\">najve\u0107i rollovere na lutriji<\/a>, jer je cela poenta Powerball-a upravo \u0161ansa da se osvoji! <strong>Mo\u017ee\u0161 kupiti dobitni tiket bilo kada i postati milioner!<\/strong><\/p>\n","protected":false},"excerpt":{"rendered":"<p>\u0160ta je Powerball lutrija? Po\u010dnimo sa pravilima ove \u010duvene lutrije, koja su veoma jednostavna, i sigurno \u0107e\u0161 brzo nau\u010diti kako da igra\u0161 Powerball online. Igra se sastoji od izbora pet brojeva iz opsega od 1 do 69 i jednog dodatnog, zvanog Power Ball, iz skupa brojeva od 1 do 26. Ako se izaberu svi dobitni [&hellip;]<\/p>\n","protected":false},"author":1,"featured_media":0,"parent":6838,"menu_order":1,"comment_status":"closed","ping_status":"closed","template":"powerball-usa.php","meta":{"_et_pb_use_builder":"","_et_pb_old_content":"","_et_gb_content_width":"","exclude_from_search":false,"footnotes":""},"class_list":["post-8481","page","type-page","status-publish","hentry"],"yoast_head":"<!-- This site is optimized with the Yoast SEO plugin v23.8 - https:\/\/yoast.com\/wordpress\/plugins\/seo\/ -->\n<title>Igraj Powerball Online - Powerball Tiketi - Lottomat Srbija<\/title>\n<meta name=\"description\" content=\"\u017deli\u0161 li da igra\u0161 Powerball online lutriju? Nau\u010di kako da igra\u0161 Powerball i postani milioner! Kupi Powerball tikete online bilo kada!\" \/>\n<meta name=\"robots\" content=\"index, follow, max-snippet:-1, max-image-preview:large, max-video-preview:-1\" \/>\n<link rel=\"canonical\" href=\"https:\/\/lottomat.com\/sr\/igrati\/powerball\/\" \/>\n<meta property=\"og:locale\" content=\"sr_RS\" \/>\n<meta property=\"og:type\" content=\"article\" \/>\n<meta property=\"og:title\" content=\"Igraj Powerball Online - Powerball Tiketi - Lottomat Srbija\" \/>\n<meta property=\"og:description\" content=\"\u017deli\u0161 li da igra\u0161 Powerball online lutriju? Nau\u010di kako da igra\u0161 Powerball i postani milioner! Kupi Powerball tikete online bilo kada!\" \/>\n<meta property=\"og:url\" content=\"https:\/\/lottomat.com\/sr\/igrati\/powerball\/\" \/>\n<meta property=\"og:site_name\" content=\"Lottomat\" \/>\n<meta property=\"article:modified_time\" content=\"2025-10-05T15:34:41+00:00\" \/>\n<meta property=\"og:image\" content=\"https:\/\/lottomat.com\/wp-content\/uploads\/2025\/10\/play-Powerball-150x150.webp\" \/>\n<meta name=\"twitter:card\" content=\"summary_large_image\" \/>\n<meta name=\"twitter:label1\" content=\"\u041f\u0440\u043e\u0446\u0435\u045a\u0435\u043d\u043e \u0432\u0440\u0435\u043c\u0435 \u0447\u0438\u0442\u0430\u045a\u0430\" \/>\n\t<meta name=\"twitter:data1\" content=\"6 \u043c\u0438\u043d\u0443\u0442\u0430\" \/>\n<script type=\"application\/ld+json\" class=\"yoast-schema-graph\">{\"@context\":\"https:\/\/schema.org\",\"@graph\":[{\"@type\":\"WebPage\",\"@id\":\"https:\/\/lottomat.com\/sr\/igrati\/powerball\/\",\"url\":\"https:\/\/lottomat.com\/sr\/igrati\/powerball\/\",\"name\":\"Igraj Powerball Online - Powerball Tiketi - Lottomat Srbija\",\"isPartOf\":{\"@id\":\"https:\/\/lottomat.com\/sr\/#website\"},\"primaryImageOfPage\":{\"@id\":\"https:\/\/lottomat.com\/sr\/igrati\/powerball\/#primaryimage\"},\"image\":{\"@id\":\"https:\/\/lottomat.com\/sr\/igrati\/powerball\/#primaryimage\"},\"thumbnailUrl\":\"https:\/\/lottomat.com\/wp-content\/uploads\/2025\/10\/play-Powerball-150x150.webp\",\"datePublished\":\"2025-03-26T07:52:23+00:00\",\"dateModified\":\"2025-10-05T15:34:41+00:00\",\"description\":\"\u017deli\u0161 li da igra\u0161 Powerball online lutriju? Nau\u010di kako da igra\u0161 Powerball i postani milioner! Kupi Powerball tikete online bilo kada!\",\"breadcrumb\":{\"@id\":\"https:\/\/lottomat.com\/sr\/igrati\/powerball\/#breadcrumb\"},\"inLanguage\":\"sr-RS\",\"potentialAction\":[{\"@type\":\"ReadAction\",\"target\":[\"https:\/\/lottomat.com\/sr\/igrati\/powerball\/\"]}]},{\"@type\":\"ImageObject\",\"inLanguage\":\"sr-RS\",\"@id\":\"https:\/\/lottomat.com\/sr\/igrati\/powerball\/#primaryimage\",\"url\":\"https:\/\/lottomat.com\/wp-content\/uploads\/2025\/10\/play-Powerball-150x150.webp\",\"contentUrl\":\"https:\/\/lottomat.com\/wp-content\/uploads\/2025\/10\/play-Powerball-150x150.webp\"},{\"@type\":\"BreadcrumbList\",\"@id\":\"https:\/\/lottomat.com\/sr\/igrati\/powerball\/#breadcrumb\",\"itemListElement\":[{\"@type\":\"ListItem\",\"position\":1,\"name\":\"Home\",\"item\":\"https:\/\/lottomat.com\/sr\/\"},{\"@type\":\"ListItem\",\"position\":2,\"name\":\"Online Lotto &#8211; Igrajte najbolje online lutrije\",\"item\":\"https:\/\/lottomat.com\/sr\/igrati\/\"},{\"@type\":\"ListItem\",\"position\":3,\"name\":\"Igraj Powerball Online &#8211; Powerball Tiketi\"}]},{\"@type\":\"WebSite\",\"@id\":\"https:\/\/lottomat.com\/sr\/#website\",\"url\":\"https:\/\/lottomat.com\/sr\/\",\"name\":\"Lottomat\",\"description\":\"\",\"potentialAction\":[{\"@type\":\"SearchAction\",\"target\":{\"@type\":\"EntryPoint\",\"urlTemplate\":\"https:\/\/lottomat.com\/sr\/?s={search_term_string}\"},\"query-input\":{\"@type\":\"PropertyValueSpecification\",\"valueRequired\":true,\"valueName\":\"search_term_string\"}}],\"inLanguage\":\"sr-RS\"}]}<\/script>\n<!-- \/ Yoast SEO plugin. -->","yoast_head_json":{"title":"Igraj Powerball Online - Powerball Tiketi - Lottomat Srbija","description":"\u017deli\u0161 li da igra\u0161 Powerball online lutriju? Nau\u010di kako da igra\u0161 Powerball i postani milioner! Kupi Powerball tikete online bilo kada!","robots":{"index":"index","follow":"follow","max-snippet":"max-snippet:-1","max-image-preview":"max-image-preview:large","max-video-preview":"max-video-preview:-1"},"canonical":"https:\/\/lottomat.com\/sr\/igrati\/powerball\/","og_locale":"sr_RS","og_type":"article","og_title":"Igraj Powerball Online - Powerball Tiketi - Lottomat Srbija","og_description":"\u017deli\u0161 li da igra\u0161 Powerball online lutriju? Nau\u010di kako da igra\u0161 Powerball i postani milioner! Kupi Powerball tikete online bilo kada!","og_url":"https:\/\/lottomat.com\/sr\/igrati\/powerball\/","og_site_name":"Lottomat","article_modified_time":"2025-10-05T15:34:41+00:00","og_image":[{"url":"https:\/\/lottomat.com\/wp-content\/uploads\/2025\/10\/play-Powerball-150x150.webp"}],"twitter_card":"summary_large_image","twitter_misc":{"\u041f\u0440\u043e\u0446\u0435\u045a\u0435\u043d\u043e \u0432\u0440\u0435\u043c\u0435 \u0447\u0438\u0442\u0430\u045a\u0430":"6 \u043c\u0438\u043d\u0443\u0442\u0430"},"schema":{"@context":"https:\/\/schema.org","@graph":[{"@type":"WebPage","@id":"https:\/\/lottomat.com\/sr\/igrati\/powerball\/","url":"https:\/\/lottomat.com\/sr\/igrati\/powerball\/","name":"Igraj Powerball Online - Powerball Tiketi - Lottomat Srbija","isPartOf":{"@id":"https:\/\/lottomat.com\/sr\/#website"},"primaryImageOfPage":{"@id":"https:\/\/lottomat.com\/sr\/igrati\/powerball\/#primaryimage"},"image":{"@id":"https:\/\/lottomat.com\/sr\/igrati\/powerball\/#primaryimage"},"thumbnailUrl":"https:\/\/lottomat.com\/wp-content\/uploads\/2025\/10\/play-Powerball-150x150.webp","datePublished":"2025-03-26T07:52:23+00:00","dateModified":"2025-10-05T15:34:41+00:00","description":"\u017deli\u0161 li da igra\u0161 Powerball online lutriju? Nau\u010di kako da igra\u0161 Powerball i postani milioner! Kupi Powerball tikete online bilo kada!","breadcrumb":{"@id":"https:\/\/lottomat.com\/sr\/igrati\/powerball\/#breadcrumb"},"inLanguage":"sr-RS","potentialAction":[{"@type":"ReadAction","target":["https:\/\/lottomat.com\/sr\/igrati\/powerball\/"]}]},{"@type":"ImageObject","inLanguage":"sr-RS","@id":"https:\/\/lottomat.com\/sr\/igrati\/powerball\/#primaryimage","url":"https:\/\/lottomat.com\/wp-content\/uploads\/2025\/10\/play-Powerball-150x150.webp","contentUrl":"https:\/\/lottomat.com\/wp-content\/uploads\/2025\/10\/play-Powerball-150x150.webp"},{"@type":"BreadcrumbList","@id":"https:\/\/lottomat.com\/sr\/igrati\/powerball\/#breadcrumb","itemListElement":[{"@type":"ListItem","position":1,"name":"Home","item":"https:\/\/lottomat.com\/sr\/"},{"@type":"ListItem","position":2,"name":"Online Lotto &#8211; Igrajte najbolje online lutrije","item":"https:\/\/lottomat.com\/sr\/igrati\/"},{"@type":"ListItem","position":3,"name":"Igraj Powerball Online &#8211; Powerball Tiketi"}]},{"@type":"WebSite","@id":"https:\/\/lottomat.com\/sr\/#website","url":"https:\/\/lottomat.com\/sr\/","name":"Lottomat","description":"","potentialAction":[{"@type":"SearchAction","target":{"@type":"EntryPoint","urlTemplate":"https:\/\/lottomat.com\/sr\/?s={search_term_string}"},"query-input":{"@type":"PropertyValueSpecification","valueRequired":true,"valueName":"search_term_string"}}],"inLanguage":"sr-RS"}]}},"_links":{"self":[{"href":"https:\/\/lottomat.com\/sr\/wp-json\/wp\/v2\/pages\/8481","targetHints":{"allow":["GET"]}}],"collection":[{"href":"https:\/\/lottomat.com\/sr\/wp-json\/wp\/v2\/pages"}],"about":[{"href":"https:\/\/lottomat.com\/sr\/wp-json\/wp\/v2\/types\/page"}],"author":[{"embeddable":true,"href":"https:\/\/lottomat.com\/sr\/wp-json\/wp\/v2\/users\/1"}],"replies":[{"embeddable":true,"href":"https:\/\/lottomat.com\/sr\/wp-json\/wp\/v2\/comments?post=8481"}],"version-history":[{"count":2,"href":"https:\/\/lottomat.com\/sr\/wp-json\/wp\/v2\/pages\/8481\/revisions"}],"predecessor-version":[{"id":253033,"href":"https:\/\/lottomat.com\/sr\/wp-json\/wp\/v2\/pages\/8481\/revisions\/253033"}],"up":[{"embeddable":true,"href":"https:\/\/lottomat.com\/sr\/wp-json\/wp\/v2\/pages\/6838"}],"wp:attachment":[{"href":"https:\/\/lottomat.com\/sr\/wp-json\/wp\/v2\/media?parent=8481"}],"curies":[{"name":"wp","href":"https:\/\/api.w.org\/{rel}","templated":true}]}}