{"id":8462,"date":"2025-03-26T09:57:55","date_gmt":"2025-03-26T09:57:55","guid":{"rendered":""},"modified":"2026-01-11T18:28:14","modified_gmt":"2026-01-11T18:28:14","slug":"set-for-life-uk","status":"publish","type":"page","link":"https:\/\/lottomat.com\/sr\/igrati\/set-for-life-uk\/","title":{"rendered":"Igrajte Set for Life online &#8211; Set For Life UK tiketi"},"content":{"rendered":"\n\n<div class=\"kk-star-ratings kksr-auto kksr-align-left kksr-valign-top\"\n    data-payload='{&quot;align&quot;:&quot;left&quot;,&quot;id&quot;:&quot;8462&quot;,&quot;slug&quot;:&quot;default&quot;,&quot;valign&quot;:&quot;top&quot;,&quot;ignore&quot;:&quot;&quot;,&quot;reference&quot;:&quot;auto&quot;,&quot;class&quot;:&quot;&quot;,&quot;count&quot;:&quot;0&quot;,&quot;legendonly&quot;:&quot;&quot;,&quot;readonly&quot;:&quot;&quot;,&quot;score&quot;:&quot;0&quot;,&quot;starsonly&quot;:&quot;&quot;,&quot;best&quot;:&quot;5&quot;,&quot;gap&quot;:&quot;5&quot;,&quot;greet&quot;:&quot;Rate this page&quot;,&quot;legend&quot;:&quot;0\\\/5 - (0 votes)&quot;,&quot;size&quot;:&quot;30&quot;,&quot;title&quot;:&quot;Igrajte Set for Life online - Set For Life UK tiketi&quot;,&quot;width&quot;:&quot;0&quot;,&quot;_legend&quot;:&quot;{score}\\\/{best} - ({count} {votes})&quot;,&quot;font_factor&quot;:&quot;1.25&quot;}'>\n            \n<div class=\"kksr-stars\">\n    \n<div class=\"kksr-stars-inactive\">\n            <div class=\"kksr-star\" data-star=\"1\" style=\"padding-right: 5px\">\n            \n\n<div class=\"kksr-icon\" style=\"width: 30px; height: 30px;\"><\/div>\n        <\/div>\n            <div class=\"kksr-star\" data-star=\"2\" style=\"padding-right: 5px\">\n            \n\n<div class=\"kksr-icon\" style=\"width: 30px; height: 30px;\"><\/div>\n        <\/div>\n            <div class=\"kksr-star\" data-star=\"3\" style=\"padding-right: 5px\">\n            \n\n<div class=\"kksr-icon\" style=\"width: 30px; height: 30px;\"><\/div>\n        <\/div>\n            <div class=\"kksr-star\" data-star=\"4\" style=\"padding-right: 5px\">\n            \n\n<div class=\"kksr-icon\" style=\"width: 30px; height: 30px;\"><\/div>\n        <\/div>\n            <div class=\"kksr-star\" data-star=\"5\" style=\"padding-right: 5px\">\n            \n\n<div class=\"kksr-icon\" style=\"width: 30px; height: 30px;\"><\/div>\n        <\/div>\n    <\/div>\n    \n<div class=\"kksr-stars-active\" style=\"width: 0px;\">\n            <div class=\"kksr-star\" style=\"padding-right: 5px\">\n            \n\n<div class=\"kksr-icon\" style=\"width: 30px; height: 30px;\"><\/div>\n        <\/div>\n            <div class=\"kksr-star\" style=\"padding-right: 5px\">\n            \n\n<div class=\"kksr-icon\" style=\"width: 30px; height: 30px;\"><\/div>\n        <\/div>\n            <div class=\"kksr-star\" style=\"padding-right: 5px\">\n            \n\n<div class=\"kksr-icon\" style=\"width: 30px; height: 30px;\"><\/div>\n        <\/div>\n            <div class=\"kksr-star\" style=\"padding-right: 5px\">\n            \n\n<div class=\"kksr-icon\" style=\"width: 30px; height: 30px;\"><\/div>\n        <\/div>\n            <div class=\"kksr-star\" style=\"padding-right: 5px\">\n            \n\n<div class=\"kksr-icon\" style=\"width: 30px; height: 30px;\"><\/div>\n        <\/div>\n    <\/div>\n<\/div>\n                \n\n<div class=\"kksr-legend\" style=\"font-size: 24px;\">\n            <span class=\"kksr-muted\">Rate this page<\/span>\n    <\/div>\n    <\/div>\n<h2>\u0160ta je Set For Life UK?<\/h2>\n<p>Set For Life UK je jedinstvena lutrijska igra kojom upravlja National Lottery, pokrenuta u martu 2019. godine. Za razliku od tradicionalnih lutrija koje nude jednokratne isplate, Set For Life obezbe\u0111uje garantovane mese\u010dne isplate tokom dugog vremenskog perioda. Set For Life mo\u017eete igrati online i offline.<img loading=\"lazy\" decoding=\"async\" class=\"alignright wp-image-265638\" src=\"https:\/\/lottomat.com\/wp-content\/uploads\/2026\/01\/buy-Set-For-Life-ticket.webp\" alt=\"kupite Set For Life tiket\" width=\"200\" height=\"200\" srcset=\"https:\/\/lottomat.com\/wp-content\/uploads\/2026\/01\/buy-Set-For-Life-ticket.webp 400w, https:\/\/lottomat.com\/wp-content\/uploads\/2026\/01\/buy-Set-For-Life-ticket-300x300.webp 300w, https:\/\/lottomat.com\/wp-content\/uploads\/2026\/01\/buy-Set-For-Life-ticket-150x150.webp 150w, https:\/\/lottomat.com\/wp-content\/uploads\/2026\/01\/buy-Set-For-Life-ticket-100x100.webp 100w\" sizes=\"auto, (max-width: 200px) 100vw, 200px\" \/><\/p>\n<p>Igra\u010di biraju <strong>pet glavnih brojeva od 1 do 47<\/strong>, kao i <strong>jedan Life Ball broj od 1 do 10<\/strong>. Izvla\u010denja se odr\u017eavaju dva puta nedeljno, ponedeljkom i \u010detvrtkom uve\u010de oko 20:00 \u010dasova. Glavna nagrada donosi <strong>\u00a310.000 svakog meseca tokom 30 godina<\/strong> \u2013 ukupno \u00a33,6 miliona. Druga nagrada nudi \u00a310.000 mese\u010dno tokom jedne godine.<\/p>\n<p>Glavna nagrada se ne prenosi ako nije osvojena; uvek ostaje ista \u2013 \u00a310.000 mese\u010dno tokom 30 godina. Ako vi\u0161e igra\u010da osvoji d\u017eekpot, svaki dobitnik pojedina\u010dno dobija pun mese\u010dni iznos od \u00a310.000 \u2013 nagrada se ne deli. Ukupne \u0161anse za osvajanje bilo koje nagrade iznose <strong>1 prema 12,4<\/strong>. \u0160anse za osvajanje glavne nagrade su <strong>1 prema 15.339.390<\/strong>.<\/p>\n<h2>Kako kupiti Set For Life UK tikete?<\/h2>\n<p>Za igra\u010de u Ujedinjenom Kraljevstvu, kupovina Set For Life tiketa je jednostavna na oko 45.000 ovla\u0161\u0107enih prodajnih mesta National Lotteryja. Svaka linija ko\u0161ta <strong>\u00a31,50<\/strong>, a po jednom listi\u0107u mo\u017eete igrati do sedam linija. Mo\u017eete izabrati sopstvene brojeve ili se odlu\u010diti za Lucky Dip za nasumi\u010dni izbor. Tako\u0111e, tiketi moraju biti kupljeni pre 19:30 \u010dasova na dane izvla\u010denja (ponedeljak i \u010detvrtak). Tikete je mogu\u0107e kupiti unapred za period do \u010detiri nedelje.<\/p>\n<h2>Kako kupiti Set For Life UK tikete online?<\/h2>\n<p>Me\u0111unarodni igra\u010di i oni van Ujedinjenog Kraljevstva mogu u\u010destvovati putem licenciranih lutrijskih kurirskih servisa kao \u0161to je <strong>Lottomat<\/strong>. Ove platforme zapo\u0161ljavaju lokalne agente u UK koji fizi\u010dki pose\u0107uju ovla\u0161\u0107ena prodajna mesta kako bi u va\u0161e ime <a href=\"https:\/\/lottomat.com\/sr\/igrati\/\">kupili zvani\u010dne lutrijske tikete<\/a>.<\/p>\n<p><img loading=\"lazy\" decoding=\"async\" class=\"alignleft wp-image-265669\" src=\"https:\/\/lottomat.com\/wp-content\/uploads\/2026\/01\/play-Set-For-Life.webp\" alt=\"igrajte Set For Life\" width=\"200\" height=\"200\" srcset=\"https:\/\/lottomat.com\/wp-content\/uploads\/2026\/01\/play-Set-For-Life.webp 400w, https:\/\/lottomat.com\/wp-content\/uploads\/2026\/01\/play-Set-For-Life-300x300.webp 300w, https:\/\/lottomat.com\/wp-content\/uploads\/2026\/01\/play-Set-For-Life-150x150.webp 150w, https:\/\/lottomat.com\/wp-content\/uploads\/2026\/01\/play-Set-For-Life-100x100.webp 100w\" sizes=\"auto, (max-width: 200px) 100vw, 200px\" \/>Kada poru\u010dite putem Lottomata, birate svojih pet glavnih brojeva (1\u201347) i jedan Life Ball (1\u201310) ili se odlu\u010dujete za Brzi izbor. Nakon sigurne uplate, Lottomatovi agenti kupuju va\u0161e zvani\u010dne tikete pre isteka roka za izvla\u010denje. Zatim se svaki tiket digitalno skenira i postavlja na va\u0161 bezbedan nalog, pru\u017eaju\u0107i proverljiv dokaz. Fizi\u010dki tiketi se bezbedno \u010duvaju, za\u0161ti\u0107eni od gubitka ili o\u0161te\u0107enja.<\/p>\n<p>Ovaj online pristup omogu\u0107ava igra\u010dima iz Evrope, Azije, Australije i \u0161ire da se takmi\u010de za iste mese\u010dne isplate koje mogu promeniti \u017eivot, kao i stanovnici UK-a.<\/p>\n<h2>Kolika je cena Set For Life UK tiketa?<\/h2>\n<p>Zvani\u010dni Set For Life tiketi ko\u0161taju \u00a31,50 po liniji na prodajnim mestima u UK-u. Kada igrate putem <a href=\"https:\/\/lottomat.com\/sr\/\">Lottomat platforme<\/a>, cena uklju\u010duje zvani\u010dnu cenu tiketa plus naknade za uslugu. Jednostavno <strong>dodajte broj linija koje vas zanimaju u korpu<\/strong>, a Lottomatov obrazac za porud\u017ebinu \u0107e prikazati ukupan iznos pre kupovine. Ova transparentna cena uklju\u010duje cenu tiketa, naknade za uslugu, usluge skeniranja, automatsku proveru rezultata i pomo\u0107 pri isplati dobitaka.<\/p>\n<h2>Kako igrati Set For Life UK online?<\/h2>\n<p>Igranje putem Lottomata je jednostavno. Prvo napravite nalog sa osnovnim podacima i verifikacijom godina. Zatim idite u Set For Life UK sekciju i izaberite svojih pet glavnih brojeva (1\u201347) i jedan Life Ball (1\u201310) ili koristite Brzi izbor za nasumi\u010dan odabir. Nakon toga odaberite u kojim izvla\u010denjima \u017eelite da u\u010destvujete \u2013 ponedeljak, \u010detvrtak ili oba \u2013 kao i koliko uzastopnih nedelja \u017eelite da igrate.<\/p>\n<p>Nakon potvrde uplate, Lottomatovi agenti kupuju va\u0161e zvani\u010dne tikete pre roka. Zatim se skenirani tiketi postavljaju na va\u0161 nalog u roku od nekoliko sati, pru\u017eaju\u0107i digitalni dokaz. Nakon svakog izvla\u010denja, Lottomat automatski proverava tikete i obave\u0161tava vas o dobitcima. Manji dobici se pripisuju va\u0161em nalogu, dok se za ve\u0107e dobitke pru\u017ea pomo\u0107 pri isplati.<\/p>\n<h2>Mogu li kupiti vi\u0161e Set For Life UK tiketa online?<\/h2>\n<p>Da, Lottomat omogu\u0107ava kupovinu <strong>do 20 linija u jednoj porud\u017ebini<\/strong>. Ovo odgovara razli\u010ditim stilovima igranja \u2013 povremeni igra\u010di mogu kupiti jednu ili dve linije, dok ozbiljni entuzijasti mogu iskoristiti maksimalno ograni\u010denje od 20 linija za 20 \u0161ansi za dobitak. Pored toga, opcija sa vi\u0161e linija omogu\u0107ava istovremeno testiranje razli\u010ditih strategija i pogodna je za lutrijske poolove ili sindikate. Kupovina vi\u0161e linija u jednoj porud\u017ebini je efikasnija, sa objedinjnom<img loading=\"lazy\" decoding=\"async\" class=\"alignright wp-image-265700\" src=\"https:\/\/lottomat.com\/wp-content\/uploads\/2026\/01\/Set-For-Life-online.webp\" alt=\"Set For Life online\" width=\"200\" height=\"200\" srcset=\"https:\/\/lottomat.com\/wp-content\/uploads\/2026\/01\/Set-For-Life-online.webp 400w, https:\/\/lottomat.com\/wp-content\/uploads\/2026\/01\/Set-For-Life-online-300x300.webp 300w, https:\/\/lottomat.com\/wp-content\/uploads\/2026\/01\/Set-For-Life-online-150x150.webp 150w, https:\/\/lottomat.com\/wp-content\/uploads\/2026\/01\/Set-For-Life-online-100x100.webp 100w\" sizes=\"auto, (max-width: 200px) 100vw, 200px\" \/> potvrdom i svim tiketima organizovanim zajedno.<\/p>\n<h2>Mogu li kupiti Set For Life UK tikete online za vi\u0161e izvla\u010denja?<\/h2>\n<p>Apsolutno. Lottomat omogu\u0107ava kupovinu tiketa za <strong>do osam uzastopnih izvla\u010denja<\/strong>. Sa dva izvla\u010denja nedeljno, osam uzastopnih izvla\u010denja pokriva puna \u010detiri nedelje. Ovo je idealno za zauzete rasporede ili kontinuiranu igru bez ponovnog prijavljivanja. Na primer, mo\u017eete kupiti 20 linija za osam uzastopnih izvla\u010denja u jednoj transakciji, u\u010destvuju\u0107i u ukupno 16 izvla\u010denja sa 20 kombinacija u svakom. Tako\u0111e, ova kupovina unapred funkcioni\u0161e kao pretplata bez automatskog obnavljanja \u2013 nakon osam izvla\u010denja sami odlu\u010dujete da li \u0107ete ponovo kupiti.<\/p>\n<h2>Kako proveriti Set For Life UK rezultate online?<\/h2>\n<p><a href=\"https:\/\/lottomat.com\/sr\/rezultati\/\">Provera lutrijskih rezultata<\/a> putem Lottomata je jednostavna i dostupna kroz vi\u0161e metoda. Sistem automatskih obave\u0161tenja upore\u0111uje va\u0161e tikete sa zvani\u010dnim rezultatima nakon svakog izvla\u010denja i \u0161alje vam e-mail obave\u0161tenja o eventualnim dobitcima. Tako\u0111e mo\u017eete <a href=\"https:\/\/lottomat.com\/sr\/rezultati\/set-for-life-uk\/\">proveriti Set For Life UK rezultate<\/a> direktno na svom Lottomat nalogu, gde je status tiketa jasno prikazan. Platforma \u010duva detaljnu istoriju izvla\u010denja radi pregleda prethodnih rezultata.<\/p>\n<p>Za proveru u realnom vremenu, zvani\u010dni sajt National Lotteryja objavljuje dobitne brojeve ubrzo nakon svakog izvla\u010denja u 20:00 \u010dasova, a izvla\u010denja se prenose u\u017eivo na sajtu National Lotteryja i YouTube kanalu.<\/p>\n<h2>Da li LottoMat skenira Set For Life UK tikete online?<\/h2>\n<p><img loading=\"lazy\" decoding=\"async\" class=\"alignleft wp-image-265730\" src=\"https:\/\/lottomat.com\/wp-content\/uploads\/2026\/01\/Set-For-Life-tickets.webp\" alt=\"Set For Life tiketi\" width=\"200\" height=\"200\" srcset=\"https:\/\/lottomat.com\/wp-content\/uploads\/2026\/01\/Set-For-Life-tickets.webp 400w, https:\/\/lottomat.com\/wp-content\/uploads\/2026\/01\/Set-For-Life-tickets-300x300.webp 300w, https:\/\/lottomat.com\/wp-content\/uploads\/2026\/01\/Set-For-Life-tickets-150x150.webp 150w, https:\/\/lottomat.com\/wp-content\/uploads\/2026\/01\/Set-For-Life-tickets-100x100.webp 100w\" sizes=\"auto, (max-width: 200px) 100vw, 200px\" \/>Da, Lottomat skenira i digitalno \u010duva svaki zvani\u010dni Set For Life UK tiket. Ubrzo nakon \u0161to agenti kupe va\u0161e tikete, svaki se digitalno skenira kori\u0161\u0107enjem visokokvalitetne opreme, bele\u017ee\u0107i sve klju\u010dne informacije. Ovi skenovi se postavljaju na va\u0161 bezbedan nalog, obi\u010dno u roku od nekoliko sati i uvek pre izvla\u010denja.<\/p>\n<p>Mo\u017eete pregledati jasne slike svakog tiketa, \u0161to pru\u017ea proverljiv dokaz. Konkretno, skenirani tiketi pru\u017eaju trenutnu potvrdu uspe\u0161ne obrade porud\u017ebine, slu\u017ee kao digitalna rezervna kopija i omogu\u0107avaju proveru da su brojevi ispravno zabele\u017eeni. U me\u0111uvremenu, fizi\u010dki tiketi se bezbedno \u010duvaju, za\u0161ti\u0107eni od gubitka ili o\u0161te\u0107enja. Za isplatu dobitaka, posedovanje i fizi\u010dkih tiketa i digitalnih skenova je izuzetno va\u017eno.<\/p>\n<h2>Koji su najbolji online saveti za Set For Life UK?<\/h2>\n<p>Maksimizovanje va\u0161eg Set For Life UK iskustva podrazumeva pametne strategije:<\/p>\n<ul class=\"list\">\n<li><strong>Razumite \u0161anse<\/strong>: \u0160anse za glavnu nagradu su 1 prema 15.339.390, dok ukupne \u0161anse za osvajanje bilo koje nagrade iznose 1 prema 12,4. Razumevanje ovih \u0161ansi poma\u017ee u postavljanju realnih o\u010dekivanja i odgovornom upravljanju bud\u017eetom.<\/li>\n<li><strong>Igrajte odgovorno<\/strong>: Nikada nemojte tro\u0161iti vi\u0161e nego \u0161to mo\u017eete sebi da priu\u0161tite da izgubite. Postavite stroga ograni\u010denja bud\u017eeta i lutriju posmatrajte kao zabavu, a ne kao investiciju.<\/li>\n<li><strong>Koristite igru unapred<\/strong>: Kupujte tikete za do osam uzastopnih izvla\u010denja kako nikada ne biste propustili izvla\u010denje. Kontinuirano u\u010de\u0161\u0107e zna\u010di da ste uvek u igri.<\/li>\n<li><strong>Uravnote\u017eite ru\u010dni izbor i Brzi izbor<\/strong>: Kombinujte li\u010dne sre\u0107ne brojeve sa nasumi\u010dnim Brzi izbor kombinacijama radi raznovrsnosti strategije.<\/li>\n<li><strong>Obratite pa\u017enju na Life Ball<\/strong>: Izvla\u010di se iz samo 10 brojeva (1\u201310), a Life Ball je klju\u010dan za prve dve nagrade. Mo\u017ee biti isti kao i glavni broj.<\/li>\n<li><strong>Iskoristite vi\u0161e linija<\/strong>: Igranje do 20 linija po izvla\u010denju proporcionalno pove\u0107ava va\u0161e \u0161anse. Imati 20 razli\u010ditih kombinacija zna\u010di 20 prilika za pogodak dobitnih brojeva.<\/li>\n<li><strong><img loading=\"lazy\" decoding=\"async\" class=\"alignright wp-image-265761\" style=\"font-weight: 500;\" src=\"https:\/\/lottomat.com\/wp-content\/uploads\/2026\/01\/Set-For-Life-UK-online.webp\" alt=\"Set For Life UK online\" width=\"200\" height=\"200\" srcset=\"https:\/\/lottomat.com\/wp-content\/uploads\/2026\/01\/Set-For-Life-UK-online.webp 400w, https:\/\/lottomat.com\/wp-content\/uploads\/2026\/01\/Set-For-Life-UK-online-300x300.webp 300w, https:\/\/lottomat.com\/wp-content\/uploads\/2026\/01\/Set-For-Life-UK-online-150x150.webp 150w, https:\/\/lottomat.com\/wp-content\/uploads\/2026\/01\/Set-For-Life-UK-online-100x100.webp 100w\" sizes=\"auto, (max-width: 200px) 100vw, 200px\" \/>Pridru\u017eite se lutrijskim poolovima<\/strong>: Igranje u sindikatu omogu\u0107ava kupovinu vi\u0161e linija uz deljenje tro\u0161kova, zna\u010dajno pove\u0107avaju\u0107i \u0161anse grupe uz prihvatljive pojedina\u010dne tro\u0161kove.<\/li>\n<li><strong>Odmah proverite tikete<\/strong>: Pregledajte skenirane tikete \u010dim se pojave na va\u0161em nalogu kako biste potvrdili da su brojevi ispravno zabele\u017eeni.<\/li>\n<li><strong>Razumite strukturu rente<\/strong>: D\u017eekpot donosi \u00a310.000 mese\u010dno tokom 30 godina (\u00a33,6 miliona ukupno), dok druga nagrada nudi \u00a310.000 mese\u010dno tokom jedne godine. Ovo su prave rentne nagrade sa garantovanim isplatama.<\/li>\n<li><strong>Budite informisani<\/strong>: Izvla\u010denja se odr\u017eavaju svakog ponedeljka i \u010detvrtka u 20:00 \u010dasova, a prodaja se zatvara u 19:30. Poznavanje rasporeda poma\u017ee u planiranju u\u010de\u0161\u0107a.<\/li>\n<\/ul>\n<p>Primena ovih strategija uz kori\u0161\u0107enje Lottomat platforme poma\u017ee vam da optimizujete svoje Set For Life UK iskustvo. Iako nijedna strategija ne garantuje uspeh, informisano igranje pove\u0107ava u\u017eivanje i poma\u017ee u odgovornom upravljanju bud\u017eetom.<\/p>\n<p><strong>Da li ste spremni da igrate Set For Life UK online? Pridru\u017eite se zabavi ve\u0107 sada!<\/strong><\/p>\n","protected":false},"excerpt":{"rendered":"<p>\u0160ta je Set For Life UK? Set For Life UK je jedinstvena lutrijska igra kojom upravlja National Lottery, pokrenuta u martu 2019. godine. Za razliku od tradicionalnih lutrija koje nude jednokratne isplate, Set For Life obezbe\u0111uje garantovane mese\u010dne isplate tokom dugog vremenskog perioda. Set For Life mo\u017eete igrati online i offline. Igra\u010di biraju pet glavnih [&hellip;]<\/p>\n","protected":false},"author":1,"featured_media":0,"parent":6838,"menu_order":15,"comment_status":"closed","ping_status":"closed","template":"set-for-life.php","meta":{"_et_pb_use_builder":"","_et_pb_old_content":"","_et_gb_content_width":"","exclude_from_search":false,"footnotes":""},"class_list":["post-8462","page","type-page","status-publish","hentry"],"yoast_head":"<!-- This site is optimized with the Yoast SEO plugin v23.8 - https:\/\/yoast.com\/wordpress\/plugins\/seo\/ -->\n<title>Set for Life online - Kupite Set For Life UK tikete - LottoMat Srbija<\/title>\n<meta name=\"description\" content=\"Igrajte Set for Life online ve\u0107 danas i pobedite sutra! Ovde mo\u017eete kupiti Set For Life lutrijske tikete online i igrati za izuzetne dobitke.\" \/>\n<meta name=\"robots\" content=\"index, follow, max-snippet:-1, max-image-preview:large, max-video-preview:-1\" \/>\n<link rel=\"canonical\" href=\"https:\/\/lottomat.com\/sr\/igrati\/set-for-life-uk\/\" \/>\n<meta property=\"og:locale\" content=\"sr_RS\" \/>\n<meta property=\"og:type\" content=\"article\" \/>\n<meta property=\"og:title\" content=\"Set for Life online - Kupite Set For Life UK tikete - LottoMat Srbija\" \/>\n<meta property=\"og:description\" content=\"Igrajte Set for Life online ve\u0107 danas i pobedite sutra! Ovde mo\u017eete kupiti Set For Life lutrijske tikete online i igrati za izuzetne dobitke.\" \/>\n<meta property=\"og:url\" content=\"https:\/\/lottomat.com\/sr\/igrati\/set-for-life-uk\/\" \/>\n<meta property=\"og:site_name\" content=\"Lottomat\" \/>\n<meta property=\"article:modified_time\" content=\"2026-01-11T18:28:14+00:00\" \/>\n<meta property=\"og:image\" content=\"https:\/\/lottomat.com\/wp-content\/uploads\/2026\/01\/buy-Set-For-Life-ticket.webp\" \/>\n<meta name=\"twitter:card\" content=\"summary_large_image\" \/>\n<meta name=\"twitter:label1\" content=\"\u041f\u0440\u043e\u0446\u0435\u045a\u0435\u043d\u043e \u0432\u0440\u0435\u043c\u0435 \u0447\u0438\u0442\u0430\u045a\u0430\" \/>\n\t<meta name=\"twitter:data1\" content=\"7 \u043c\u0438\u043d\u0443\u0442\u0430\" \/>\n<script type=\"application\/ld+json\" class=\"yoast-schema-graph\">{\"@context\":\"https:\/\/schema.org\",\"@graph\":[{\"@type\":\"WebPage\",\"@id\":\"https:\/\/lottomat.com\/sr\/igrati\/set-for-life-uk\/\",\"url\":\"https:\/\/lottomat.com\/sr\/igrati\/set-for-life-uk\/\",\"name\":\"Set for Life online - Kupite Set For Life UK tikete - LottoMat Srbija\",\"isPartOf\":{\"@id\":\"https:\/\/lottomat.com\/sr\/#website\"},\"primaryImageOfPage\":{\"@id\":\"https:\/\/lottomat.com\/sr\/igrati\/set-for-life-uk\/#primaryimage\"},\"image\":{\"@id\":\"https:\/\/lottomat.com\/sr\/igrati\/set-for-life-uk\/#primaryimage\"},\"thumbnailUrl\":\"https:\/\/lottomat.com\/wp-content\/uploads\/2026\/01\/buy-Set-For-Life-ticket.webp\",\"datePublished\":\"2025-03-26T09:57:55+00:00\",\"dateModified\":\"2026-01-11T18:28:14+00:00\",\"description\":\"Igrajte Set for Life online ve\u0107 danas i pobedite sutra! Ovde mo\u017eete kupiti Set For Life lutrijske tikete online i igrati za izuzetne dobitke.\",\"breadcrumb\":{\"@id\":\"https:\/\/lottomat.com\/sr\/igrati\/set-for-life-uk\/#breadcrumb\"},\"inLanguage\":\"sr-RS\",\"potentialAction\":[{\"@type\":\"ReadAction\",\"target\":[\"https:\/\/lottomat.com\/sr\/igrati\/set-for-life-uk\/\"]}]},{\"@type\":\"ImageObject\",\"inLanguage\":\"sr-RS\",\"@id\":\"https:\/\/lottomat.com\/sr\/igrati\/set-for-life-uk\/#primaryimage\",\"url\":\"https:\/\/lottomat.com\/wp-content\/uploads\/2026\/01\/buy-Set-For-Life-ticket.webp\",\"contentUrl\":\"https:\/\/lottomat.com\/wp-content\/uploads\/2026\/01\/buy-Set-For-Life-ticket.webp\"},{\"@type\":\"BreadcrumbList\",\"@id\":\"https:\/\/lottomat.com\/sr\/igrati\/set-for-life-uk\/#breadcrumb\",\"itemListElement\":[{\"@type\":\"ListItem\",\"position\":1,\"name\":\"Home\",\"item\":\"https:\/\/lottomat.com\/sr\/\"},{\"@type\":\"ListItem\",\"position\":2,\"name\":\"Online Lotto &#8211; Igrajte najbolje online lutrije\",\"item\":\"https:\/\/lottomat.com\/sr\/igrati\/\"},{\"@type\":\"ListItem\",\"position\":3,\"name\":\"Igrajte Set for Life online &#8211; Set For Life UK tiketi\"}]},{\"@type\":\"WebSite\",\"@id\":\"https:\/\/lottomat.com\/sr\/#website\",\"url\":\"https:\/\/lottomat.com\/sr\/\",\"name\":\"Lottomat\",\"description\":\"\",\"potentialAction\":[{\"@type\":\"SearchAction\",\"target\":{\"@type\":\"EntryPoint\",\"urlTemplate\":\"https:\/\/lottomat.com\/sr\/?s={search_term_string}\"},\"query-input\":{\"@type\":\"PropertyValueSpecification\",\"valueRequired\":true,\"valueName\":\"search_term_string\"}}],\"inLanguage\":\"sr-RS\"}]}<\/script>\n<!-- \/ Yoast SEO plugin. -->","yoast_head_json":{"title":"Set for Life online - Kupite Set For Life UK tikete - LottoMat Srbija","description":"Igrajte Set for Life online ve\u0107 danas i pobedite sutra! Ovde mo\u017eete kupiti Set For Life lutrijske tikete online i igrati za izuzetne dobitke.","robots":{"index":"index","follow":"follow","max-snippet":"max-snippet:-1","max-image-preview":"max-image-preview:large","max-video-preview":"max-video-preview:-1"},"canonical":"https:\/\/lottomat.com\/sr\/igrati\/set-for-life-uk\/","og_locale":"sr_RS","og_type":"article","og_title":"Set for Life online - Kupite Set For Life UK tikete - LottoMat Srbija","og_description":"Igrajte Set for Life online ve\u0107 danas i pobedite sutra! Ovde mo\u017eete kupiti Set For Life lutrijske tikete online i igrati za izuzetne dobitke.","og_url":"https:\/\/lottomat.com\/sr\/igrati\/set-for-life-uk\/","og_site_name":"Lottomat","article_modified_time":"2026-01-11T18:28:14+00:00","og_image":[{"url":"https:\/\/lottomat.com\/wp-content\/uploads\/2026\/01\/buy-Set-For-Life-ticket.webp"}],"twitter_card":"summary_large_image","twitter_misc":{"\u041f\u0440\u043e\u0446\u0435\u045a\u0435\u043d\u043e \u0432\u0440\u0435\u043c\u0435 \u0447\u0438\u0442\u0430\u045a\u0430":"7 \u043c\u0438\u043d\u0443\u0442\u0430"},"schema":{"@context":"https:\/\/schema.org","@graph":[{"@type":"WebPage","@id":"https:\/\/lottomat.com\/sr\/igrati\/set-for-life-uk\/","url":"https:\/\/lottomat.com\/sr\/igrati\/set-for-life-uk\/","name":"Set for Life online - Kupite Set For Life UK tikete - LottoMat Srbija","isPartOf":{"@id":"https:\/\/lottomat.com\/sr\/#website"},"primaryImageOfPage":{"@id":"https:\/\/lottomat.com\/sr\/igrati\/set-for-life-uk\/#primaryimage"},"image":{"@id":"https:\/\/lottomat.com\/sr\/igrati\/set-for-life-uk\/#primaryimage"},"thumbnailUrl":"https:\/\/lottomat.com\/wp-content\/uploads\/2026\/01\/buy-Set-For-Life-ticket.webp","datePublished":"2025-03-26T09:57:55+00:00","dateModified":"2026-01-11T18:28:14+00:00","description":"Igrajte Set for Life online ve\u0107 danas i pobedite sutra! Ovde mo\u017eete kupiti Set For Life lutrijske tikete online i igrati za izuzetne dobitke.","breadcrumb":{"@id":"https:\/\/lottomat.com\/sr\/igrati\/set-for-life-uk\/#breadcrumb"},"inLanguage":"sr-RS","potentialAction":[{"@type":"ReadAction","target":["https:\/\/lottomat.com\/sr\/igrati\/set-for-life-uk\/"]}]},{"@type":"ImageObject","inLanguage":"sr-RS","@id":"https:\/\/lottomat.com\/sr\/igrati\/set-for-life-uk\/#primaryimage","url":"https:\/\/lottomat.com\/wp-content\/uploads\/2026\/01\/buy-Set-For-Life-ticket.webp","contentUrl":"https:\/\/lottomat.com\/wp-content\/uploads\/2026\/01\/buy-Set-For-Life-ticket.webp"},{"@type":"BreadcrumbList","@id":"https:\/\/lottomat.com\/sr\/igrati\/set-for-life-uk\/#breadcrumb","itemListElement":[{"@type":"ListItem","position":1,"name":"Home","item":"https:\/\/lottomat.com\/sr\/"},{"@type":"ListItem","position":2,"name":"Online Lotto &#8211; Igrajte najbolje online lutrije","item":"https:\/\/lottomat.com\/sr\/igrati\/"},{"@type":"ListItem","position":3,"name":"Igrajte Set for Life online &#8211; Set For Life UK tiketi"}]},{"@type":"WebSite","@id":"https:\/\/lottomat.com\/sr\/#website","url":"https:\/\/lottomat.com\/sr\/","name":"Lottomat","description":"","potentialAction":[{"@type":"SearchAction","target":{"@type":"EntryPoint","urlTemplate":"https:\/\/lottomat.com\/sr\/?s={search_term_string}"},"query-input":{"@type":"PropertyValueSpecification","valueRequired":true,"valueName":"search_term_string"}}],"inLanguage":"sr-RS"}]}},"_links":{"self":[{"href":"https:\/\/lottomat.com\/sr\/wp-json\/wp\/v2\/pages\/8462","targetHints":{"allow":["GET"]}}],"collection":[{"href":"https:\/\/lottomat.com\/sr\/wp-json\/wp\/v2\/pages"}],"about":[{"href":"https:\/\/lottomat.com\/sr\/wp-json\/wp\/v2\/types\/page"}],"author":[{"embeddable":true,"href":"https:\/\/lottomat.com\/sr\/wp-json\/wp\/v2\/users\/1"}],"replies":[{"embeddable":true,"href":"https:\/\/lottomat.com\/sr\/wp-json\/wp\/v2\/comments?post=8462"}],"version-history":[{"count":2,"href":"https:\/\/lottomat.com\/sr\/wp-json\/wp\/v2\/pages\/8462\/revisions"}],"predecessor-version":[{"id":267977,"href":"https:\/\/lottomat.com\/sr\/wp-json\/wp\/v2\/pages\/8462\/revisions\/267977"}],"up":[{"embeddable":true,"href":"https:\/\/lottomat.com\/sr\/wp-json\/wp\/v2\/pages\/6838"}],"wp:attachment":[{"href":"https:\/\/lottomat.com\/sr\/wp-json\/wp\/v2\/media?parent=8462"}],"curies":[{"name":"wp","href":"https:\/\/api.w.org\/{rel}","templated":true}]}}