{"id":6581,"date":"2025-03-26T07:12:15","date_gmt":"2025-03-26T07:12:15","guid":{"rendered":"https:\/\/lottomat.net\/%d0%bf%d0%be%d1%87%d0%b5%d1%82%d0%bd%d0%b0-%d0%bd%d0%b0%d1%98%d0%b2%d0%b5%d1%9b%d0%b5-%d1%81%d0%b2%d0%b5%d1%82%d1%81%d0%ba%d0%b5-%d0%bb%d1%83%d1%82%d1%80%d0%b8%d1%98%d0%b5-%d0%bd%d0%b0-%d1%98%d0%b5\/"},"modified":"2025-07-22T12:24:31","modified_gmt":"2025-07-22T12:24:31","slug":"lottomat-najvece-svetske-lutrije-na-jednom-mestu","status":"publish","type":"page","link":"https:\/\/lottomat.com\/sr\/","title":{"rendered":"Lottomat &#8211; najve\u0107e svetske lutrije na jednom mestu"},"content":{"rendered":"\n\n<div class=\"kk-star-ratings kksr-auto kksr-align-left kksr-valign-top\"\n    data-payload='{&quot;align&quot;:&quot;left&quot;,&quot;id&quot;:&quot;6581&quot;,&quot;slug&quot;:&quot;default&quot;,&quot;valign&quot;:&quot;top&quot;,&quot;ignore&quot;:&quot;&quot;,&quot;reference&quot;:&quot;auto&quot;,&quot;class&quot;:&quot;&quot;,&quot;count&quot;:&quot;0&quot;,&quot;legendonly&quot;:&quot;&quot;,&quot;readonly&quot;:&quot;&quot;,&quot;score&quot;:&quot;0&quot;,&quot;starsonly&quot;:&quot;&quot;,&quot;best&quot;:&quot;5&quot;,&quot;gap&quot;:&quot;5&quot;,&quot;greet&quot;:&quot;Rate this page&quot;,&quot;legend&quot;:&quot;0\\\/5 - (0 votes)&quot;,&quot;size&quot;:&quot;30&quot;,&quot;title&quot;:&quot;Lottomat - najve\u0107e svetske lutrije na jednom mestu&quot;,&quot;width&quot;:&quot;0&quot;,&quot;_legend&quot;:&quot;{score}\\\/{best} - ({count} {votes})&quot;,&quot;font_factor&quot;:&quot;1.25&quot;}'>\n            \n<div class=\"kksr-stars\">\n    \n<div class=\"kksr-stars-inactive\">\n            <div class=\"kksr-star\" data-star=\"1\" style=\"padding-right: 5px\">\n            \n\n<div class=\"kksr-icon\" style=\"width: 30px; height: 30px;\"><\/div>\n        <\/div>\n            <div class=\"kksr-star\" data-star=\"2\" style=\"padding-right: 5px\">\n            \n\n<div class=\"kksr-icon\" style=\"width: 30px; height: 30px;\"><\/div>\n        <\/div>\n            <div class=\"kksr-star\" data-star=\"3\" style=\"padding-right: 5px\">\n            \n\n<div class=\"kksr-icon\" style=\"width: 30px; height: 30px;\"><\/div>\n        <\/div>\n            <div class=\"kksr-star\" data-star=\"4\" style=\"padding-right: 5px\">\n            \n\n<div class=\"kksr-icon\" style=\"width: 30px; height: 30px;\"><\/div>\n        <\/div>\n            <div class=\"kksr-star\" data-star=\"5\" style=\"padding-right: 5px\">\n            \n\n<div class=\"kksr-icon\" style=\"width: 30px; height: 30px;\"><\/div>\n        <\/div>\n    <\/div>\n    \n<div class=\"kksr-stars-active\" style=\"width: 0px;\">\n            <div class=\"kksr-star\" style=\"padding-right: 5px\">\n            \n\n<div class=\"kksr-icon\" style=\"width: 30px; height: 30px;\"><\/div>\n        <\/div>\n            <div class=\"kksr-star\" style=\"padding-right: 5px\">\n            \n\n<div class=\"kksr-icon\" style=\"width: 30px; height: 30px;\"><\/div>\n        <\/div>\n            <div class=\"kksr-star\" style=\"padding-right: 5px\">\n            \n\n<div class=\"kksr-icon\" style=\"width: 30px; height: 30px;\"><\/div>\n        <\/div>\n            <div class=\"kksr-star\" style=\"padding-right: 5px\">\n            \n\n<div class=\"kksr-icon\" style=\"width: 30px; height: 30px;\"><\/div>\n        <\/div>\n            <div class=\"kksr-star\" style=\"padding-right: 5px\">\n            \n\n<div class=\"kksr-icon\" style=\"width: 30px; height: 30px;\"><\/div>\n        <\/div>\n    <\/div>\n<\/div>\n                \n\n<div class=\"kksr-legend\" style=\"font-size: 24px;\">\n            <span class=\"kksr-muted\">Rate this page<\/span>\n    <\/div>\n    <\/div>\n<h2 style=\"text-align: left;\"><img loading=\"lazy\" decoding=\"async\" class=\"alignleft wp-image-1091\" src=\"https:\/\/lottomat.com\/wp-content\/uploads\/2025\/03\/play-lotteries-available-in-other-countries-300x300.png\" alt=\"igraj lutrije dostupne u drugim zemljama\" width=\"130\" height=\"130\" srcset=\"https:\/\/lottomat.com\/wp-content\/uploads\/2025\/03\/play-lotteries-available-in-other-countries-300x300.png 300w, https:\/\/lottomat.com\/wp-content\/uploads\/2025\/03\/play-lotteries-available-in-other-countries-150x150.png 150w, https:\/\/lottomat.com\/wp-content\/uploads\/2025\/03\/play-lotteries-available-in-other-countries-100x100.png 100w, https:\/\/lottomat.com\/wp-content\/uploads\/2025\/03\/play-lotteries-available-in-other-countries.png 400w\" sizes=\"auto, (max-width: 130px) 100vw, 130px\" \/>Da li mogu da igram lutrije dostupne u drugim zemljama?<\/h2>\n<p>Da, da, da! Odgovor na naj\u010de\u0161\u0107e postavljano pitanje na\u0161ih igra\u010da je da \u2013 mo\u017eete igrati najve\u0107e svetske lutrije bez obzira na to gde \u017eivite. Na sajtu Lottomat, najve\u0107e lutrije su vam dostupne bez potrebe da pose\u0107ujete bilo koju lutrijsku kancelariju, uklju\u010duju\u0107i i onu najbli\u017eu u va\u0161oj zemlji. Na Lottomat-u \u0107ete prona\u0107i lutrije koje garantuju najve\u0107e dobitke, me\u0111u kojima je i SuperEnalotto, gde je za osvajanje glavne nagrade potrebno da pogodite 6 brojeva od 90. Tu su i Eurojackpot i EuroMillions, najzna\u010dajnije evropske lutrije; da biste pobedili, samo treba da izaberete pet brojeva od 50. Kod nas mo\u017eete igrati i French Lotto, Lotto UK ili dve fantasti\u010dne \u0161panske igre, El Gordo i La Primitiva, koje pru\u017eaju veliku \u0161ansu za dobitak. U na\u0161em portfoliju na\u0107i \u0107ete i najve\u0107e ameri\u010dke lutrije, uklju\u010duju\u0107i Powerball, Mega Millions i mnoge druge atraktivne opcije, koje vam omogu\u0107avaju da pove\u0107ate svoje \u0161anse za dobitak.<\/p>\n<hr \/>\n<h2><img loading=\"lazy\" decoding=\"async\" class=\"alignleft wp-image-21538 lazy loaded\" src=\"https:\/\/lottomat.net\/wp-content\/uploads\/2020\/06\/euro-jackpot-2.png\" alt=\"euro jackpot\" width=\"130\" height=\"130\" data-src=\"https:\/\/lottomat.net\/wp-content\/uploads\/2020\/06\/euro-jackpot-2.png\" data-was-processed=\"true\" srcset=\"https:\/\/lottomat.com\/wp-content\/uploads\/2020\/06\/euro-jackpot-2.png 400w, https:\/\/lottomat.com\/wp-content\/uploads\/2020\/06\/euro-jackpot-2-300x300.png 300w, https:\/\/lottomat.com\/wp-content\/uploads\/2020\/06\/euro-jackpot-2-150x150.png 150w, https:\/\/lottomat.com\/wp-content\/uploads\/2020\/06\/euro-jackpot-2-100x100.png 100w\" sizes=\"auto, (max-width: 130px) 100vw, 130px\" \/>Kako mogu da kupim tikete? Loto tiketi.<\/h2>\n<p>Kupovina tiketa za loto putem interneta je izuzetno jednostavna, brza i pre svega sigurna. Sve \u0161to treba da uradite je da izaberete lutriju, odaberete brojeve, zavr\u0161ite jednostavnu registraciju, platite tiket i proverite da li ste pravilno izabrali brojeve nakon izvla\u010denja.<\/p>\n<hr \/>\n<h2><img loading=\"lazy\" decoding=\"async\" class=\"alignleft wp-image-21566 lazy loaded\" src=\"https:\/\/lottomat.net\/wp-content\/uploads\/2020\/06\/Euro-Million.png\" alt=\"Euro Million\" width=\"130\" height=\"130\" data-src=\"https:\/\/lottomat.net\/wp-content\/uploads\/2020\/06\/Euro-Million.png\" data-was-processed=\"true\" srcset=\"https:\/\/lottomat.com\/wp-content\/uploads\/2020\/06\/Euro-Million.png 400w, https:\/\/lottomat.com\/wp-content\/uploads\/2020\/06\/Euro-Million-300x300.png 300w, https:\/\/lottomat.com\/wp-content\/uploads\/2020\/06\/Euro-Million-150x150.png 150w, https:\/\/lottomat.com\/wp-content\/uploads\/2020\/06\/Euro-Million-100x100.png 100w\" sizes=\"auto, (max-width: 130px) 100vw, 130px\" \/>\u0160ta se de\u0161ava nakon \u0161to naru\u010dim tiket putem interneta?<\/h2>\n<p>Jedan od na\u0161ih predstavnika \u0107e u va\u0161e ime kupiti zvani\u010dni tiket prema brojevima koje ste odabrali. Va\u0161 tiket \u0107e biti sme\u0161ten na sigurno mesto do izvla\u010denja, a izabrani brojevi \u0107e biti prikazani na va\u0161em korisni\u010dkom nalogu na na\u0161em sajtu. Tako\u0111e, kada izvr\u0161ite kupovinu, Lottomat \u0107e vas putem e-maila obavestiti o iznosu potro\u0161enom za kupovinu tiketa, na\u010dinu pla\u0107anja i brojevima koje ste izabrali. Uz to, skeniran tiket koji ste kupili bi\u0107e postavljen na va\u0161em nalogu.<\/p>\n<hr \/>\n<h2><img loading=\"lazy\" decoding=\"async\" class=\"alignleft wp-image-21594 lazy loaded\" src=\"https:\/\/lottomat.net\/wp-content\/uploads\/2020\/06\/Euro-Millions.png\" alt=\"Euro Millions\" width=\"122\" height=\"122\" data-src=\"https:\/\/lottomat.net\/wp-content\/uploads\/2020\/06\/Euro-Millions.png\" data-was-processed=\"true\" srcset=\"https:\/\/lottomat.com\/wp-content\/uploads\/2020\/06\/Euro-Millions.png 400w, https:\/\/lottomat.com\/wp-content\/uploads\/2020\/06\/Euro-Millions-300x300.png 300w, https:\/\/lottomat.com\/wp-content\/uploads\/2020\/06\/Euro-Millions-150x150.png 150w, https:\/\/lottomat.com\/wp-content\/uploads\/2020\/06\/Euro-Millions-100x100.png 100w\" sizes=\"auto, (max-width: 122px) 100vw, 122px\" \/>Kako da ne propustim d\u017eekpot?<\/h2>\n<p>Lottomat \u0107e vas obave\u0161tavati o predstoje\u0107im d\u017eekpotima. Dobi\u0107ete e-mail unapred kao podsetnik na naredno izvla\u010denje, a mo\u0107i \u0107ete da planirate svoje igranje koriste\u0107i opciju pretplate.<\/p>\n<p>&nbsp;<\/p>\n<hr \/>\n<h2><img loading=\"lazy\" decoding=\"async\" class=\"alignleft wp-image-21622 lazy loaded\" src=\"https:\/\/lottomat.net\/wp-content\/uploads\/2020\/06\/mega-millions.png\" alt=\"mega millions\" width=\"130\" height=\"130\" data-src=\"https:\/\/lottomat.net\/wp-content\/uploads\/2020\/06\/mega-millions.png\" data-was-processed=\"true\" srcset=\"https:\/\/lottomat.com\/wp-content\/uploads\/2020\/06\/mega-millions.png 400w, https:\/\/lottomat.com\/wp-content\/uploads\/2020\/06\/mega-millions-300x300.png 300w, https:\/\/lottomat.com\/wp-content\/uploads\/2020\/06\/mega-millions-150x150.png 150w, https:\/\/lottomat.com\/wp-content\/uploads\/2020\/06\/mega-millions-100x100.png 100w\" sizes=\"auto, (max-width: 130px) 100vw, 130px\" \/>\u0160ta ako dobijem?<\/h2>\n<p>Tako\u0111e, u ovom trenutku, Lottomat vam olak\u0161ava isplatu dobitka. Svi va\u0161i dobici do 2.500 EUR automatski se upla\u0107uju na va\u0161 nalog u na\u0161em sistemu odmah nakon izvla\u010denja i mogu se iskoristiti za naredne kupovine ili zatra\u017eiti isplatu sa va\u0161eg naloga. Sve ovo radite onlajn \u2013 udobno i bezbedno. Kada su u pitanju ve\u0107e nagrade, Lottomat \u0107e vam pomo\u0107i da izaberete najpogodniji na\u010din za preuzimanje nagrade. Veliki dobici se obi\u010dno upla\u0107uju na bankovni ra\u010dun koji navedete i u nekim slu\u010dajevima mo\u017ee biti potrebno va\u0161e prisustvo radi preuzimanja dobitka. Mi \u0107emo se pobrinuti za sve to kako biste mogli u potpunosti da u\u017eivate u svom dobitku, kao \u0161to su to ve\u0107 u\u010dinili i mnogi na\u0161i trenutni dobitnici.<\/p>\n<hr \/>\n<h2><img loading=\"lazy\" decoding=\"async\" class=\"alignleft wp-image-21650 lazy loaded\" src=\"https:\/\/lottomat.net\/wp-content\/uploads\/2020\/06\/online-lotto.png\" alt=\"onlajn loto\" width=\"130\" height=\"130\" data-src=\"https:\/\/lottomat.net\/wp-content\/uploads\/2020\/06\/online-lotto.png\" data-was-processed=\"true\" srcset=\"https:\/\/lottomat.com\/wp-content\/uploads\/2020\/06\/online-lotto.png 400w, https:\/\/lottomat.com\/wp-content\/uploads\/2020\/06\/online-lotto-300x300.png 300w, https:\/\/lottomat.com\/wp-content\/uploads\/2020\/06\/online-lotto-150x150.png 150w, https:\/\/lottomat.com\/wp-content\/uploads\/2020\/06\/online-lotto-100x100.png 100w\" sizes=\"auto, (max-width: 130px) 100vw, 130px\" \/>Postoje li metode za dobitak?<\/h2>\n<p>\u017delimo da vas uverimo da nismo upoznati sa takvim metodama. Lutrije, kao i ve\u0107ina igara na sre\u0107u sa brojevima, zasnivaju se na slu\u010dajnosti. Verovatno ste \u010duli da je neko otkrio sistem za igru Lotto ili neku drugu igru na sre\u0107u. Iako postoje dokazi da se odre\u0111eni brojevi izvla\u010de \u010de\u0161\u0107e od drugih, stru\u010dnjaci se sla\u017eu da ne postoji dokazan sistem. To je loto paradoks. Svi ovde imaju iste \u0161anse, pa mo\u017eda ba\u0161 danas va\u0161 niz brojeva bude dobitan. Zato igrajte redovno, jer sre\u0107a mo\u017ee da se osmehne bilo kada. Na\u0161i trenutni dobitnici savetuju da su upornost i doslednost klju\u010d za osvajanje nagrade.<\/p>\n<hr \/>\n<h2 style=\"text-align: center;\"><span style=\"color: #00b3ff;\">Kod nas mo\u017eete igrati 24\/7, 365 dana u godini &#8211; Loto ticketi onlajn<\/span><\/h2>\n","protected":false},"excerpt":{"rendered":"<p>Da li mogu da igram lutrije dostupne u drugim zemljama? Da, da, da! Odgovor na naj\u010de\u0161\u0107e postavljano pitanje na\u0161ih igra\u010da je da \u2013 mo\u017eete igrati najve\u0107e svetske lutrije bez obzira na to gde \u017eivite. Na sajtu Lottomat, najve\u0107e lutrije su vam dostupne bez potrebe da pose\u0107ujete bilo koju lutrijsku kancelariju, uklju\u010duju\u0107i i onu najbli\u017eu u [&hellip;]<\/p>\n","protected":false},"author":1,"featured_media":0,"parent":0,"menu_order":1,"comment_status":"closed","ping_status":"closed","template":"lotto.php","meta":{"_et_pb_use_builder":"","_et_pb_old_content":"","_et_gb_content_width":"","exclude_from_search":false,"footnotes":""},"class_list":["post-6581","page","type-page","status-publish","hentry"],"yoast_head":"<!-- This site is optimized with the Yoast SEO plugin v23.8 - https:\/\/yoast.com\/wordpress\/plugins\/seo\/ -->\n<title>Lotto Online \u2013 Loto tiketi i rezultati - Lottomat.com<\/title>\n<meta name=\"description\" content=\"Lottomat nudi najve\u0107e lutrije na svetu sa najboljim d\u017eekpotovima. Igrajte online za velike nagrade! Kupite tikete i proverite rezultate.\" \/>\n<meta name=\"robots\" content=\"index, follow, max-snippet:-1, max-image-preview:large, max-video-preview:-1\" \/>\n<link rel=\"canonical\" href=\"https:\/\/lottomat.com\/sr\/\" \/>\n<meta property=\"og:locale\" content=\"sr_RS\" \/>\n<meta property=\"og:type\" content=\"article\" \/>\n<meta property=\"og:title\" content=\"Lotto Online \u2013 Loto tiketi i rezultati - Lottomat.com\" \/>\n<meta property=\"og:description\" content=\"Lottomat nudi najve\u0107e lutrije na svetu sa najboljim d\u017eekpotovima. Igrajte online za velike nagrade! Kupite tikete i proverite rezultate.\" \/>\n<meta property=\"og:url\" content=\"https:\/\/lottomat.com\/sr\/\" \/>\n<meta property=\"og:site_name\" content=\"Lottomat\" \/>\n<meta property=\"article:modified_time\" content=\"2025-07-22T12:24:31+00:00\" \/>\n<meta property=\"og:image\" content=\"https:\/\/lottomat.com\/wp-content\/uploads\/2025\/03\/play-lotteries-available-in-other-countries-300x300.png\" \/>\n<meta name=\"twitter:card\" content=\"summary_large_image\" \/>\n<meta name=\"twitter:label1\" content=\"\u041f\u0440\u043e\u0446\u0435\u045a\u0435\u043d\u043e \u0432\u0440\u0435\u043c\u0435 \u0447\u0438\u0442\u0430\u045a\u0430\" \/>\n\t<meta name=\"twitter:data1\" content=\"4 \u043c\u0438\u043d\u0443\u0442\u0430\" \/>\n<script type=\"application\/ld+json\" class=\"yoast-schema-graph\">{\"@context\":\"https:\/\/schema.org\",\"@graph\":[{\"@type\":\"WebPage\",\"@id\":\"https:\/\/lottomat.com\/sr\/\",\"url\":\"https:\/\/lottomat.com\/sr\/\",\"name\":\"Lotto Online \u2013 Loto tiketi i rezultati - Lottomat.com\",\"isPartOf\":{\"@id\":\"https:\/\/lottomat.com\/sr\/#website\"},\"primaryImageOfPage\":{\"@id\":\"https:\/\/lottomat.com\/sr\/#primaryimage\"},\"image\":{\"@id\":\"https:\/\/lottomat.com\/sr\/#primaryimage\"},\"thumbnailUrl\":\"https:\/\/lottomat.com\/wp-content\/uploads\/2025\/03\/play-lotteries-available-in-other-countries-300x300.png\",\"datePublished\":\"2025-03-26T07:12:15+00:00\",\"dateModified\":\"2025-07-22T12:24:31+00:00\",\"description\":\"Lottomat nudi najve\u0107e lutrije na svetu sa najboljim d\u017eekpotovima. Igrajte online za velike nagrade! Kupite tikete i proverite rezultate.\",\"breadcrumb\":{\"@id\":\"https:\/\/lottomat.com\/sr\/#breadcrumb\"},\"inLanguage\":\"sr-RS\",\"potentialAction\":[{\"@type\":\"ReadAction\",\"target\":[\"https:\/\/lottomat.com\/sr\/\"]}]},{\"@type\":\"ImageObject\",\"inLanguage\":\"sr-RS\",\"@id\":\"https:\/\/lottomat.com\/sr\/#primaryimage\",\"url\":\"https:\/\/lottomat.com\/wp-content\/uploads\/2025\/03\/play-lotteries-available-in-other-countries-300x300.png\",\"contentUrl\":\"https:\/\/lottomat.com\/wp-content\/uploads\/2025\/03\/play-lotteries-available-in-other-countries-300x300.png\"},{\"@type\":\"BreadcrumbList\",\"@id\":\"https:\/\/lottomat.com\/sr\/#breadcrumb\",\"itemListElement\":[{\"@type\":\"ListItem\",\"position\":1,\"name\":\"Home\",\"item\":\"https:\/\/lottomat.com\/sr\/\"},{\"@type\":\"ListItem\",\"position\":2,\"name\":\"Lottomat &#8211; najve\u0107e svetske lutrije na jednom mestu\"}]},{\"@type\":\"WebSite\",\"@id\":\"https:\/\/lottomat.com\/sr\/#website\",\"url\":\"https:\/\/lottomat.com\/sr\/\",\"name\":\"Lottomat\",\"description\":\"\",\"potentialAction\":[{\"@type\":\"SearchAction\",\"target\":{\"@type\":\"EntryPoint\",\"urlTemplate\":\"https:\/\/lottomat.com\/sr\/?s={search_term_string}\"},\"query-input\":{\"@type\":\"PropertyValueSpecification\",\"valueRequired\":true,\"valueName\":\"search_term_string\"}}],\"inLanguage\":\"sr-RS\"}]}<\/script>\n<!-- \/ Yoast SEO plugin. -->","yoast_head_json":{"title":"Lotto Online \u2013 Loto tiketi i rezultati - Lottomat.com","description":"Lottomat nudi najve\u0107e lutrije na svetu sa najboljim d\u017eekpotovima. Igrajte online za velike nagrade! Kupite tikete i proverite rezultate.","robots":{"index":"index","follow":"follow","max-snippet":"max-snippet:-1","max-image-preview":"max-image-preview:large","max-video-preview":"max-video-preview:-1"},"canonical":"https:\/\/lottomat.com\/sr\/","og_locale":"sr_RS","og_type":"article","og_title":"Lotto Online \u2013 Loto tiketi i rezultati - Lottomat.com","og_description":"Lottomat nudi najve\u0107e lutrije na svetu sa najboljim d\u017eekpotovima. Igrajte online za velike nagrade! Kupite tikete i proverite rezultate.","og_url":"https:\/\/lottomat.com\/sr\/","og_site_name":"Lottomat","article_modified_time":"2025-07-22T12:24:31+00:00","og_image":[{"url":"https:\/\/lottomat.com\/wp-content\/uploads\/2025\/03\/play-lotteries-available-in-other-countries-300x300.png"}],"twitter_card":"summary_large_image","twitter_misc":{"\u041f\u0440\u043e\u0446\u0435\u045a\u0435\u043d\u043e \u0432\u0440\u0435\u043c\u0435 \u0447\u0438\u0442\u0430\u045a\u0430":"4 \u043c\u0438\u043d\u0443\u0442\u0430"},"schema":{"@context":"https:\/\/schema.org","@graph":[{"@type":"WebPage","@id":"https:\/\/lottomat.com\/sr\/","url":"https:\/\/lottomat.com\/sr\/","name":"Lotto Online \u2013 Loto tiketi i rezultati - Lottomat.com","isPartOf":{"@id":"https:\/\/lottomat.com\/sr\/#website"},"primaryImageOfPage":{"@id":"https:\/\/lottomat.com\/sr\/#primaryimage"},"image":{"@id":"https:\/\/lottomat.com\/sr\/#primaryimage"},"thumbnailUrl":"https:\/\/lottomat.com\/wp-content\/uploads\/2025\/03\/play-lotteries-available-in-other-countries-300x300.png","datePublished":"2025-03-26T07:12:15+00:00","dateModified":"2025-07-22T12:24:31+00:00","description":"Lottomat nudi najve\u0107e lutrije na svetu sa najboljim d\u017eekpotovima. Igrajte online za velike nagrade! Kupite tikete i proverite rezultate.","breadcrumb":{"@id":"https:\/\/lottomat.com\/sr\/#breadcrumb"},"inLanguage":"sr-RS","potentialAction":[{"@type":"ReadAction","target":["https:\/\/lottomat.com\/sr\/"]}]},{"@type":"ImageObject","inLanguage":"sr-RS","@id":"https:\/\/lottomat.com\/sr\/#primaryimage","url":"https:\/\/lottomat.com\/wp-content\/uploads\/2025\/03\/play-lotteries-available-in-other-countries-300x300.png","contentUrl":"https:\/\/lottomat.com\/wp-content\/uploads\/2025\/03\/play-lotteries-available-in-other-countries-300x300.png"},{"@type":"BreadcrumbList","@id":"https:\/\/lottomat.com\/sr\/#breadcrumb","itemListElement":[{"@type":"ListItem","position":1,"name":"Home","item":"https:\/\/lottomat.com\/sr\/"},{"@type":"ListItem","position":2,"name":"Lottomat &#8211; najve\u0107e svetske lutrije na jednom mestu"}]},{"@type":"WebSite","@id":"https:\/\/lottomat.com\/sr\/#website","url":"https:\/\/lottomat.com\/sr\/","name":"Lottomat","description":"","potentialAction":[{"@type":"SearchAction","target":{"@type":"EntryPoint","urlTemplate":"https:\/\/lottomat.com\/sr\/?s={search_term_string}"},"query-input":{"@type":"PropertyValueSpecification","valueRequired":true,"valueName":"search_term_string"}}],"inLanguage":"sr-RS"}]}},"_links":{"self":[{"href":"https:\/\/lottomat.com\/sr\/wp-json\/wp\/v2\/pages\/6581","targetHints":{"allow":["GET"]}}],"collection":[{"href":"https:\/\/lottomat.com\/sr\/wp-json\/wp\/v2\/pages"}],"about":[{"href":"https:\/\/lottomat.com\/sr\/wp-json\/wp\/v2\/types\/page"}],"author":[{"embeddable":true,"href":"https:\/\/lottomat.com\/sr\/wp-json\/wp\/v2\/users\/1"}],"replies":[{"embeddable":true,"href":"https:\/\/lottomat.com\/sr\/wp-json\/wp\/v2\/comments?post=6581"}],"version-history":[{"count":0,"href":"https:\/\/lottomat.com\/sr\/wp-json\/wp\/v2\/pages\/6581\/revisions"}],"wp:attachment":[{"href":"https:\/\/lottomat.com\/sr\/wp-json\/wp\/v2\/media?parent=6581"}],"curies":[{"name":"wp","href":"https:\/\/api.w.org\/{rel}","templated":true}]}}