{"id":247877,"date":"2025-05-18T16:34:38","date_gmt":"2025-05-18T16:34:38","guid":{"rendered":"https:\/\/lottomat.com\/?page_id=247877"},"modified":"2026-01-13T22:04:08","modified_gmt":"2026-01-13T22:04:08","slug":"euromillions-eu","status":"publish","type":"page","link":"https:\/\/lottomat.com\/sr\/rezultati\/euromillions-eu\/","title":{"rendered":"Rezultati EuroMillions Austrija &#8211; dobitni brojevi EuroMillions EU"},"content":{"rendered":"\n\n<div class=\"kk-star-ratings kksr-auto kksr-align-left kksr-valign-top\"\n    data-payload='{&quot;align&quot;:&quot;left&quot;,&quot;id&quot;:&quot;247877&quot;,&quot;slug&quot;:&quot;default&quot;,&quot;valign&quot;:&quot;top&quot;,&quot;ignore&quot;:&quot;&quot;,&quot;reference&quot;:&quot;auto&quot;,&quot;class&quot;:&quot;&quot;,&quot;count&quot;:&quot;0&quot;,&quot;legendonly&quot;:&quot;&quot;,&quot;readonly&quot;:&quot;&quot;,&quot;score&quot;:&quot;0&quot;,&quot;starsonly&quot;:&quot;&quot;,&quot;best&quot;:&quot;5&quot;,&quot;gap&quot;:&quot;5&quot;,&quot;greet&quot;:&quot;Rate this page&quot;,&quot;legend&quot;:&quot;0\\\/5 - (0 votes)&quot;,&quot;size&quot;:&quot;30&quot;,&quot;title&quot;:&quot;Rezultati EuroMillions Austrija - dobitni brojevi EuroMillions EU&quot;,&quot;width&quot;:&quot;0&quot;,&quot;_legend&quot;:&quot;{score}\\\/{best} - ({count} {votes})&quot;,&quot;font_factor&quot;:&quot;1.25&quot;}'>\n            \n<div class=\"kksr-stars\">\n    \n<div class=\"kksr-stars-inactive\">\n            <div class=\"kksr-star\" data-star=\"1\" style=\"padding-right: 5px\">\n            \n\n<div class=\"kksr-icon\" style=\"width: 30px; height: 30px;\"><\/div>\n        <\/div>\n            <div class=\"kksr-star\" data-star=\"2\" style=\"padding-right: 5px\">\n            \n\n<div class=\"kksr-icon\" style=\"width: 30px; height: 30px;\"><\/div>\n        <\/div>\n            <div class=\"kksr-star\" data-star=\"3\" style=\"padding-right: 5px\">\n            \n\n<div class=\"kksr-icon\" style=\"width: 30px; height: 30px;\"><\/div>\n        <\/div>\n            <div class=\"kksr-star\" data-star=\"4\" style=\"padding-right: 5px\">\n            \n\n<div class=\"kksr-icon\" style=\"width: 30px; height: 30px;\"><\/div>\n        <\/div>\n            <div class=\"kksr-star\" data-star=\"5\" style=\"padding-right: 5px\">\n            \n\n<div class=\"kksr-icon\" style=\"width: 30px; height: 30px;\"><\/div>\n        <\/div>\n    <\/div>\n    \n<div class=\"kksr-stars-active\" style=\"width: 0px;\">\n            <div class=\"kksr-star\" style=\"padding-right: 5px\">\n            \n\n<div class=\"kksr-icon\" style=\"width: 30px; height: 30px;\"><\/div>\n        <\/div>\n            <div class=\"kksr-star\" style=\"padding-right: 5px\">\n            \n\n<div class=\"kksr-icon\" style=\"width: 30px; height: 30px;\"><\/div>\n        <\/div>\n            <div class=\"kksr-star\" style=\"padding-right: 5px\">\n            \n\n<div class=\"kksr-icon\" style=\"width: 30px; height: 30px;\"><\/div>\n        <\/div>\n            <div class=\"kksr-star\" style=\"padding-right: 5px\">\n            \n\n<div class=\"kksr-icon\" style=\"width: 30px; height: 30px;\"><\/div>\n        <\/div>\n            <div class=\"kksr-star\" style=\"padding-right: 5px\">\n            \n\n<div class=\"kksr-icon\" style=\"width: 30px; height: 30px;\"><\/div>\n        <\/div>\n    <\/div>\n<\/div>\n                \n\n<div class=\"kksr-legend\" style=\"font-size: 24px;\">\n            <span class=\"kksr-muted\">Rate this page<\/span>\n    <\/div>\n    <\/div>\n<h2>Otkrijte uzbu\u0111enje rezultata EuroMillions Austrija<img loading=\"lazy\" decoding=\"async\" class=\"alignright wp-image-268309\" src=\"https:\/\/lottomat.com\/wp-content\/uploads\/2026\/01\/Austrian-EuroMillions-draw.webp\" alt=\"Izvla\u010denje EuroMillions u Austriji\" width=\"200\" height=\"200\" srcset=\"https:\/\/lottomat.com\/wp-content\/uploads\/2026\/01\/Austrian-EuroMillions-draw.webp 400w, https:\/\/lottomat.com\/wp-content\/uploads\/2026\/01\/Austrian-EuroMillions-draw-300x300.webp 300w, https:\/\/lottomat.com\/wp-content\/uploads\/2026\/01\/Austrian-EuroMillions-draw-150x150.webp 150w, https:\/\/lottomat.com\/wp-content\/uploads\/2026\/01\/Austrian-EuroMillions-draw-100x100.webp 100w\" sizes=\"auto, (max-width: 200px) 100vw, 200px\" \/><\/h2>\n<p>Ako ste ikada sanjali da preko no\u0107i promenite svoj \u017eivot, EuroMillions Austrija je lutrija koja snove pretvara u stvarnost. Sa uzbudljivim izvla\u010denjima, dobitcima koji menjaju \u017eivot i pri\u010dama o neverovatnim dobitnicima, EuroMillions Austrija svake nedelje osvaja ma\u0161tu miliona ljudi \u0161irom Evrope. Bilo da ste iskusan igra\u010d ili tek razmi\u0161ljate o kupovini svog prvog listi\u0107a, \u010ditanje o rezultatima i mogu\u0107nostima mo\u017ee probuditi ose\u0107aj uzbu\u0111enja i nade. Hajde da zaronimo u svet rezultata EuroMillions Austrija, istra\u017eimo najve\u0107e dobitke i vidimo koliko \u010desto sre\u0107a osmehuje sre\u0107ne igra\u010de!<\/p>\n<h2>Rekordni dobitci: upoznajte najve\u0107e dobitnike EuroMillions Austrija<\/h2>\n<p>Kada je re\u010d o vrtoglavim d\u017eekpotovima, EuroMillions Austrija je svakako ispisao istoriju. Ova lutrija, kao deo \u0161ireg konzorcijuma EuroMillions, redovno nudi nagrade koje mogu dosti\u0107i izuzetne iznose, ponekad i ve\u0107e od 100 miliona evra. Tokom godina u Austriji su se dogodili brojni izvanredni dobitci koji su zauvek promenili \u017eivote onih koji su dr\u017eali sre\u0107ne listi\u0107e.<img loading=\"lazy\" decoding=\"async\" class=\"alignleft wp-image-268340\" src=\"https:\/\/lottomat.com\/wp-content\/uploads\/2026\/01\/Austrian-EuroMillions-numbers.webp\" alt=\"Dobitni brojevi EuroMillions Austrija\" width=\"200\" height=\"200\" srcset=\"https:\/\/lottomat.com\/wp-content\/uploads\/2026\/01\/Austrian-EuroMillions-numbers.webp 400w, https:\/\/lottomat.com\/wp-content\/uploads\/2026\/01\/Austrian-EuroMillions-numbers-300x300.webp 300w, https:\/\/lottomat.com\/wp-content\/uploads\/2026\/01\/Austrian-EuroMillions-numbers-150x150.webp 150w, https:\/\/lottomat.com\/wp-content\/uploads\/2026\/01\/Austrian-EuroMillions-numbers-100x100.webp 100w\" sizes=\"auto, (max-width: 200px) 100vw, 200px\" \/><\/p>\n<p>Jedan od najpoznatijih dobitaka u Austriji dogodio se u avgustu 2020. godine, kada je grupa kolega iz Be\u010da osvojila neverovatnih 45 miliona evra. Njihova pri\u010da postala je senzacija \u0161irom zemlje \u2013 prijatelji i porodica su slavili, a dobitnici su jedva mogli da poveruju u svoju sre\u0107u. To nije bila pobeda samo jednog pojedinca, ve\u0107 tima \u010diji su se \u017eivoti zajedni\u010dki promenili.<\/p>\n<p>Jo\u0161 jedan nezaboravan trenutak desio se 2018. godine, kada je igra\u010d iz Salcburga pogodio svih pet glavnih brojeva i obe Lucky Stars, obezbediv\u0161i d\u017eekpot od 30 miliona evra. Dobitnik je odlu\u010dio da ostane anoniman, ali su lokalni mediji izvestili o talasu uzbu\u0111enja u Salcburgu, dok je grad brujao od naga\u0111anja i radosti zbog ove vesti.<\/p>\n<p>Iako su ovo me\u0111u najve\u0107ima, daleko su od jedinih pri\u010da o sre\u0107i. \u0160irom Austrije, od Graca do Inzbruka, EuroMillions je stvorio nove milionere, svakog sa svojom jedinstvenom pri\u010dom o tome kako je jedan listi\u0107 promenio sve.<\/p>\n<h2>Koliko \u010desto se ostvaruju dobitci EuroMillions Austrija?<\/h2>\n<p>Jedan od najuzbudljivijih aspekata EuroMillions Austrija jeste u\u010destalost sa kojom se osvajaju <a href=\"https:\/\/lottomat.com\/sr\/lutrija\/euromillions\/\">dobitci EuroMillions Austrija koji menjaju \u017eivot<\/a>. Sa dva izvla\u010denja svake nedelje \u2013 utorkom i petkom \u2013 prilike za dobitak su brojne. Zapravo, statistike pokazuju da austrijski igra\u010di redovno osvajaju velike nagrade, kako na nivou d\u017eekpota, tako i u sekundarnim dobitnim kategorijama.<\/p>\n<p>\u0160anse za osvajanje bilo kakvog dobitka u EuroMillionsu iznose ohrabruju\u0107ih 1 prema 13, \u0161to zna\u010di da gotovo svako izvla\u010denje donosi novi talas dobitnika. U Austriji stotine hiljada igra\u010da svake godine osvoje nagrade, u rasponu od manjih nov\u010danih iznosa do vi\u0161emilionskih d\u017eekpotova.<img loading=\"lazy\" decoding=\"async\" class=\"alignright wp-image-268370\" src=\"https:\/\/lottomat.com\/wp-content\/uploads\/2026\/01\/EuroMillions-Austria-draw.webp\" alt=\"Izvla\u010denje EuroMillions Austrija\" width=\"200\" height=\"200\" srcset=\"https:\/\/lottomat.com\/wp-content\/uploads\/2026\/01\/EuroMillions-Austria-draw.webp 400w, https:\/\/lottomat.com\/wp-content\/uploads\/2026\/01\/EuroMillions-Austria-draw-300x300.webp 300w, https:\/\/lottomat.com\/wp-content\/uploads\/2026\/01\/EuroMillions-Austria-draw-150x150.webp 150w, https:\/\/lottomat.com\/wp-content\/uploads\/2026\/01\/EuroMillions-Austria-draw-100x100.webp 100w\" sizes=\"auto, (max-width: 200px) 100vw, 200px\" \/><\/p>\n<p>Jo\u0161 uzbudljivije je to \u0161to se EuroMillions Austrija \u010desto prenosi, pove\u0107avaju\u0107i d\u017eekpot sa svakim izvla\u010denjem sve dok neko ne pogodi sve brojeve. To mo\u017ee dovesti do velikog rasta prodaje listi\u0107a i opipljivog ose\u0107aja i\u0161\u010dekivanja \u0161irom zemlje dok d\u017eekpot raste iz kola u kolo.<\/p>\n<p>Ne pobe\u0111uju samo pojedinci. Sindikati \u2013 grupe prijatelja, porodica ili kolega \u2013 \u010desto se udru\u017euju kako bi zajedno kupovali EuroMillions Austrija listi\u0107e, pove\u0107avaju\u0107i svoje \u0161anse za dobitak i, u mnogim slu\u010dajevima, dele\u0107i radost velikog dobitka.<\/p>\n<h2>Radost i mogu\u0107nosti dobitka na EuroMillionsu<\/h2>\n<p>Zamislite da se probudite i otkrijete da ste najnoviji milioner u Austriji. Mogu\u0107nosti su beskrajne: putovati svetom, kupiti dom iz snova, pomo\u0107i svojim najbli\u017eima ili ulagati u projekat iz strasti o kojem ste oduvek sanjali. Za mnoge dobitnike EuroMillions Austrija, stvarnost velikog dobitka \u010dak je i bolja nego \u0161to su zami\u0161ljali.<\/p>\n<p>Brojne su pri\u010de o dobitnicima koji su svoje novo bogatstvo iskoristili da naprave razliku \u2013 ne samo u sopstvenim \u017eivotima, ve\u0107 i u svojim zajednicama. Neki su donirali lokalnim humanitarnim organizacijama, pokrenuli preduze\u0107a koja su otvorila nova radna mesta ili ostvarili dugogodi\u0161nje snove. Bilo da je re\u010d o spontanoj avanturi ili pa\u017eljivo isplaniranoj penziji, sloboda koju donosi dobitak na EuroMillionsu zaista je izuzetna.<\/p>\n<p>Svakog utorka i petka, kada se objave rezultati, hiljade Austrijanaca ose\u0107aju nalet uzbu\u0111enja. Provera brojeva, ma\u0161tanje o tome \u0161ta biste uradili ako pobedite i deljenje uzbu\u0111enja sa prijateljima i porodicom \u2013 sve je to deo magije koja EuroMillions Austrija \u010dini tako posebnim.<\/p>\n<h2>Provera rezultata EuroMillions Austrija: va\u0161 prvi korak ka novom \u017eivotu<\/h2>\n<p><img loading=\"lazy\" decoding=\"async\" class=\"alignleft wp-image-268401\" src=\"https:\/\/lottomat.com\/wp-content\/uploads\/2026\/01\/EuroMillions-Austria-results.webp\" alt=\"Rezultati EuroMillions Austrija\" width=\"200\" height=\"200\" srcset=\"https:\/\/lottomat.com\/wp-content\/uploads\/2026\/01\/EuroMillions-Austria-results.webp 400w, https:\/\/lottomat.com\/wp-content\/uploads\/2026\/01\/EuroMillions-Austria-results-300x300.webp 300w, https:\/\/lottomat.com\/wp-content\/uploads\/2026\/01\/EuroMillions-Austria-results-150x150.webp 150w, https:\/\/lottomat.com\/wp-content\/uploads\/2026\/01\/EuroMillions-Austria-results-100x100.webp 100w\" sizes=\"auto, (max-width: 200px) 100vw, 200px\" \/>Pra\u0107enje najnovijih rezultata EuroMillions Austrija klju\u010dno je za svakog igra\u010da. <a href=\"https:\/\/lottomat.com\/sr\/rezultati\/\">Zvani\u010dni rezultati lutrije<\/a> objavljuju se ubrzo nakon svakog izvla\u010denja, a njihova provera nikada nije bila jednostavnija \u2013 bilo putem interneta, zvani\u010dnih aplikacija ili kod va\u0161eg lokalnog prodavca lutrije. Kada se objave dobitni brojevi, srca ubrzano kucaju, a nade rastu dok igra\u010di \u0161irom Austrije \u010dekaju da vide da li su slede\u0107i sre\u0107ni dobitnici.<\/p>\n<p>Ako se zateknete sa dobitnim listi\u0107em, postupak je jednostavan. Veliki dobitci mogu se preuzeti u sedi\u0161tu Austrijske lutrije, uz potpunu podr\u0161ku koja vas vodi kroz svaki korak. \u010cak i ako osvojite manju nagradu, dobitak mo\u017eete preuzeti kod ovla\u0161\u0107enih prodavaca, \u010dine\u0107i svaku pobedu dostupnom i sigurnom.<\/p>\n<p>Zapamtite, svako izvla\u010denje EuroMillions Austrija donosi nove mogu\u0107nosti. \u010cak i ako ne osvojite d\u017eekpot, postoji dvanaest razli\u010ditih dobitnih kategorija, \u0161to zna\u010di da hiljade Austrijanaca svake nedelje osvoje dobitke \u2013 velike i male.<\/p>\n<hr \/>\n<p>EuroMillions Austrija je vi\u0161e od same igre \u2013 to je kapija ka snovima, uzbu\u0111enju i prilici da do\u017eivite \u017eivot na potpuno novi na\u010din. Sa svakim izvla\u010denjem ispisuju se nove pri\u010de, a novi dobitnici stupaju u centar pa\u017enje. Da li \u0107ete vi biti slede\u0107i koji \u0107e im se pridru\u017eiti? <a href=\"https:\/\/lottomat.com\/sr\/igrati\/247873-2\/\">Igrajte EuroMillions Austrija online<\/a>, proverite najnovije rezultate EuroMillions Austrija i usudite se da sanjate veliko!<\/p>\n","protected":false},"excerpt":{"rendered":"<p>Otkrijte uzbu\u0111enje rezultata EuroMillions Austrija Ako ste ikada sanjali da preko no\u0107i promenite svoj \u017eivot, EuroMillions Austrija je lutrija koja snove pretvara u stvarnost. Sa uzbudljivim izvla\u010denjima, dobitcima koji menjaju \u017eivot i pri\u010dama o neverovatnim dobitnicima, EuroMillions Austrija svake nedelje osvaja ma\u0161tu miliona ljudi \u0161irom Evrope. Bilo da ste iskusan igra\u010d ili tek razmi\u0161ljate o [&hellip;]<\/p>\n","protected":false},"author":2,"featured_media":0,"parent":7641,"menu_order":0,"comment_status":"closed","ping_status":"closed","template":"euromillions-results.php","meta":{"_et_pb_use_builder":"","_et_pb_old_content":"","_et_gb_content_width":"","exclude_from_search":false,"footnotes":""},"class_list":["post-247877","page","type-page","status-publish","hentry"],"yoast_head":"<!-- This site is optimized with the Yoast SEO plugin v23.8 - https:\/\/yoast.com\/wordpress\/plugins\/seo\/ -->\n<title>Rezultati i dobitni brojevi EuroMillions Austrija - LottoMat Srbija<\/title>\n<meta name=\"description\" content=\"Proverite najnovije rezultate EuroMillions Austrija i dobitne brojeve. Saznajte vi\u0161e o zvani\u010dnim rezultatima izvla\u010denja.\" \/>\n<meta name=\"robots\" content=\"index, follow, max-snippet:-1, max-image-preview:large, max-video-preview:-1\" \/>\n<link rel=\"canonical\" href=\"https:\/\/lottomat.com\/sr\/rezultati\/euromillions-eu\/\" \/>\n<meta property=\"og:locale\" content=\"sr_RS\" \/>\n<meta property=\"og:type\" content=\"article\" \/>\n<meta property=\"og:title\" content=\"Rezultati i dobitni brojevi EuroMillions Austrija - LottoMat Srbija\" \/>\n<meta property=\"og:description\" content=\"Proverite najnovije rezultate EuroMillions Austrija i dobitne brojeve. Saznajte vi\u0161e o zvani\u010dnim rezultatima izvla\u010denja.\" \/>\n<meta property=\"og:url\" content=\"https:\/\/lottomat.com\/sr\/rezultati\/euromillions-eu\/\" \/>\n<meta property=\"og:site_name\" content=\"Lottomat\" \/>\n<meta property=\"article:modified_time\" content=\"2026-01-13T22:04:08+00:00\" \/>\n<meta property=\"og:image\" content=\"https:\/\/lottomat.com\/wp-content\/uploads\/2026\/01\/Austrian-EuroMillions-draw.webp\" \/>\n<meta name=\"twitter:card\" content=\"summary_large_image\" \/>\n<meta name=\"twitter:label1\" content=\"\u041f\u0440\u043e\u0446\u0435\u045a\u0435\u043d\u043e \u0432\u0440\u0435\u043c\u0435 \u0447\u0438\u0442\u0430\u045a\u0430\" \/>\n\t<meta name=\"twitter:data1\" content=\"5 \u043c\u0438\u043d\u0443\u0442\u0430\" \/>\n<script type=\"application\/ld+json\" class=\"yoast-schema-graph\">{\"@context\":\"https:\/\/schema.org\",\"@graph\":[{\"@type\":\"WebPage\",\"@id\":\"https:\/\/lottomat.com\/sr\/rezultati\/euromillions-eu\/\",\"url\":\"https:\/\/lottomat.com\/sr\/rezultati\/euromillions-eu\/\",\"name\":\"Rezultati i dobitni brojevi EuroMillions Austrija - LottoMat Srbija\",\"isPartOf\":{\"@id\":\"https:\/\/lottomat.com\/sr\/#website\"},\"primaryImageOfPage\":{\"@id\":\"https:\/\/lottomat.com\/sr\/rezultati\/euromillions-eu\/#primaryimage\"},\"image\":{\"@id\":\"https:\/\/lottomat.com\/sr\/rezultati\/euromillions-eu\/#primaryimage\"},\"thumbnailUrl\":\"https:\/\/lottomat.com\/wp-content\/uploads\/2026\/01\/Austrian-EuroMillions-draw.webp\",\"datePublished\":\"2025-05-18T16:34:38+00:00\",\"dateModified\":\"2026-01-13T22:04:08+00:00\",\"description\":\"Proverite najnovije rezultate EuroMillions Austrija i dobitne brojeve. Saznajte vi\u0161e o zvani\u010dnim rezultatima izvla\u010denja.\",\"breadcrumb\":{\"@id\":\"https:\/\/lottomat.com\/sr\/rezultati\/euromillions-eu\/#breadcrumb\"},\"inLanguage\":\"sr-RS\",\"potentialAction\":[{\"@type\":\"ReadAction\",\"target\":[\"https:\/\/lottomat.com\/sr\/rezultati\/euromillions-eu\/\"]}]},{\"@type\":\"ImageObject\",\"inLanguage\":\"sr-RS\",\"@id\":\"https:\/\/lottomat.com\/sr\/rezultati\/euromillions-eu\/#primaryimage\",\"url\":\"https:\/\/lottomat.com\/wp-content\/uploads\/2026\/01\/Austrian-EuroMillions-draw.webp\",\"contentUrl\":\"https:\/\/lottomat.com\/wp-content\/uploads\/2026\/01\/Austrian-EuroMillions-draw.webp\"},{\"@type\":\"BreadcrumbList\",\"@id\":\"https:\/\/lottomat.com\/sr\/rezultati\/euromillions-eu\/#breadcrumb\",\"itemListElement\":[{\"@type\":\"ListItem\",\"position\":1,\"name\":\"Home\",\"item\":\"https:\/\/lottomat.com\/sr\/\"},{\"@type\":\"ListItem\",\"position\":2,\"name\":\"Najnoviji rezultati lutrije i dobitni brojevi\",\"item\":\"https:\/\/lottomat.com\/sr\/rezultati\/\"},{\"@type\":\"ListItem\",\"position\":3,\"name\":\"Rezultati EuroMillions Austrija &#8211; dobitni brojevi EuroMillions EU\"}]},{\"@type\":\"WebSite\",\"@id\":\"https:\/\/lottomat.com\/sr\/#website\",\"url\":\"https:\/\/lottomat.com\/sr\/\",\"name\":\"Lottomat\",\"description\":\"\",\"potentialAction\":[{\"@type\":\"SearchAction\",\"target\":{\"@type\":\"EntryPoint\",\"urlTemplate\":\"https:\/\/lottomat.com\/sr\/?s={search_term_string}\"},\"query-input\":{\"@type\":\"PropertyValueSpecification\",\"valueRequired\":true,\"valueName\":\"search_term_string\"}}],\"inLanguage\":\"sr-RS\"}]}<\/script>\n<!-- \/ Yoast SEO plugin. -->","yoast_head_json":{"title":"Rezultati i dobitni brojevi EuroMillions Austrija - LottoMat Srbija","description":"Proverite najnovije rezultate EuroMillions Austrija i dobitne brojeve. Saznajte vi\u0161e o zvani\u010dnim rezultatima izvla\u010denja.","robots":{"index":"index","follow":"follow","max-snippet":"max-snippet:-1","max-image-preview":"max-image-preview:large","max-video-preview":"max-video-preview:-1"},"canonical":"https:\/\/lottomat.com\/sr\/rezultati\/euromillions-eu\/","og_locale":"sr_RS","og_type":"article","og_title":"Rezultati i dobitni brojevi EuroMillions Austrija - LottoMat Srbija","og_description":"Proverite najnovije rezultate EuroMillions Austrija i dobitne brojeve. Saznajte vi\u0161e o zvani\u010dnim rezultatima izvla\u010denja.","og_url":"https:\/\/lottomat.com\/sr\/rezultati\/euromillions-eu\/","og_site_name":"Lottomat","article_modified_time":"2026-01-13T22:04:08+00:00","og_image":[{"url":"https:\/\/lottomat.com\/wp-content\/uploads\/2026\/01\/Austrian-EuroMillions-draw.webp"}],"twitter_card":"summary_large_image","twitter_misc":{"\u041f\u0440\u043e\u0446\u0435\u045a\u0435\u043d\u043e \u0432\u0440\u0435\u043c\u0435 \u0447\u0438\u0442\u0430\u045a\u0430":"5 \u043c\u0438\u043d\u0443\u0442\u0430"},"schema":{"@context":"https:\/\/schema.org","@graph":[{"@type":"WebPage","@id":"https:\/\/lottomat.com\/sr\/rezultati\/euromillions-eu\/","url":"https:\/\/lottomat.com\/sr\/rezultati\/euromillions-eu\/","name":"Rezultati i dobitni brojevi EuroMillions Austrija - LottoMat Srbija","isPartOf":{"@id":"https:\/\/lottomat.com\/sr\/#website"},"primaryImageOfPage":{"@id":"https:\/\/lottomat.com\/sr\/rezultati\/euromillions-eu\/#primaryimage"},"image":{"@id":"https:\/\/lottomat.com\/sr\/rezultati\/euromillions-eu\/#primaryimage"},"thumbnailUrl":"https:\/\/lottomat.com\/wp-content\/uploads\/2026\/01\/Austrian-EuroMillions-draw.webp","datePublished":"2025-05-18T16:34:38+00:00","dateModified":"2026-01-13T22:04:08+00:00","description":"Proverite najnovije rezultate EuroMillions Austrija i dobitne brojeve. Saznajte vi\u0161e o zvani\u010dnim rezultatima izvla\u010denja.","breadcrumb":{"@id":"https:\/\/lottomat.com\/sr\/rezultati\/euromillions-eu\/#breadcrumb"},"inLanguage":"sr-RS","potentialAction":[{"@type":"ReadAction","target":["https:\/\/lottomat.com\/sr\/rezultati\/euromillions-eu\/"]}]},{"@type":"ImageObject","inLanguage":"sr-RS","@id":"https:\/\/lottomat.com\/sr\/rezultati\/euromillions-eu\/#primaryimage","url":"https:\/\/lottomat.com\/wp-content\/uploads\/2026\/01\/Austrian-EuroMillions-draw.webp","contentUrl":"https:\/\/lottomat.com\/wp-content\/uploads\/2026\/01\/Austrian-EuroMillions-draw.webp"},{"@type":"BreadcrumbList","@id":"https:\/\/lottomat.com\/sr\/rezultati\/euromillions-eu\/#breadcrumb","itemListElement":[{"@type":"ListItem","position":1,"name":"Home","item":"https:\/\/lottomat.com\/sr\/"},{"@type":"ListItem","position":2,"name":"Najnoviji rezultati lutrije i dobitni brojevi","item":"https:\/\/lottomat.com\/sr\/rezultati\/"},{"@type":"ListItem","position":3,"name":"Rezultati EuroMillions Austrija &#8211; dobitni brojevi EuroMillions EU"}]},{"@type":"WebSite","@id":"https:\/\/lottomat.com\/sr\/#website","url":"https:\/\/lottomat.com\/sr\/","name":"Lottomat","description":"","potentialAction":[{"@type":"SearchAction","target":{"@type":"EntryPoint","urlTemplate":"https:\/\/lottomat.com\/sr\/?s={search_term_string}"},"query-input":{"@type":"PropertyValueSpecification","valueRequired":true,"valueName":"search_term_string"}}],"inLanguage":"sr-RS"}]}},"_links":{"self":[{"href":"https:\/\/lottomat.com\/sr\/wp-json\/wp\/v2\/pages\/247877","targetHints":{"allow":["GET"]}}],"collection":[{"href":"https:\/\/lottomat.com\/sr\/wp-json\/wp\/v2\/pages"}],"about":[{"href":"https:\/\/lottomat.com\/sr\/wp-json\/wp\/v2\/types\/page"}],"author":[{"embeddable":true,"href":"https:\/\/lottomat.com\/sr\/wp-json\/wp\/v2\/users\/2"}],"replies":[{"embeddable":true,"href":"https:\/\/lottomat.com\/sr\/wp-json\/wp\/v2\/comments?post=247877"}],"version-history":[{"count":2,"href":"https:\/\/lottomat.com\/sr\/wp-json\/wp\/v2\/pages\/247877\/revisions"}],"predecessor-version":[{"id":268465,"href":"https:\/\/lottomat.com\/sr\/wp-json\/wp\/v2\/pages\/247877\/revisions\/268465"}],"up":[{"embeddable":true,"href":"https:\/\/lottomat.com\/sr\/wp-json\/wp\/v2\/pages\/7641"}],"wp:attachment":[{"href":"https:\/\/lottomat.com\/sr\/wp-json\/wp\/v2\/media?parent=247877"}],"curies":[{"name":"wp","href":"https:\/\/api.w.org\/{rel}","templated":true}]}}