{"id":247873,"date":"2025-05-18T16:39:08","date_gmt":"2025-05-18T16:39:08","guid":{"rendered":"https:\/\/lottomat.com\/?page_id=247873"},"modified":"2026-02-24T12:58:28","modified_gmt":"2026-02-24T12:58:28","slug":"euromillions-eu","status":"publish","type":"page","link":"https:\/\/lottomat.com\/sr\/igrati\/euromillions-eu\/","title":{"rendered":"Euromillions EU Online &#8211; EuroMillions Austrija listi\u0107i"},"content":{"rendered":"\n\n<div class=\"kk-star-ratings kksr-auto kksr-align-left kksr-valign-top\"\n    data-payload='{&quot;align&quot;:&quot;left&quot;,&quot;id&quot;:&quot;247873&quot;,&quot;slug&quot;:&quot;default&quot;,&quot;valign&quot;:&quot;top&quot;,&quot;ignore&quot;:&quot;&quot;,&quot;reference&quot;:&quot;auto&quot;,&quot;class&quot;:&quot;&quot;,&quot;count&quot;:&quot;0&quot;,&quot;legendonly&quot;:&quot;&quot;,&quot;readonly&quot;:&quot;&quot;,&quot;score&quot;:&quot;0&quot;,&quot;starsonly&quot;:&quot;&quot;,&quot;best&quot;:&quot;5&quot;,&quot;gap&quot;:&quot;5&quot;,&quot;greet&quot;:&quot;Rate this page&quot;,&quot;legend&quot;:&quot;0\\\/5 - (0 votes)&quot;,&quot;size&quot;:&quot;30&quot;,&quot;title&quot;:&quot;Euromillions EU Online - EuroMillions Austrija listi\u0107i&quot;,&quot;width&quot;:&quot;0&quot;,&quot;_legend&quot;:&quot;{score}\\\/{best} - ({count} {votes})&quot;,&quot;font_factor&quot;:&quot;1.25&quot;}'>\n            \n<div class=\"kksr-stars\">\n    \n<div class=\"kksr-stars-inactive\">\n            <div class=\"kksr-star\" data-star=\"1\" style=\"padding-right: 5px\">\n            \n\n<div class=\"kksr-icon\" style=\"width: 30px; height: 30px;\"><\/div>\n        <\/div>\n            <div class=\"kksr-star\" data-star=\"2\" style=\"padding-right: 5px\">\n            \n\n<div class=\"kksr-icon\" style=\"width: 30px; height: 30px;\"><\/div>\n        <\/div>\n            <div class=\"kksr-star\" data-star=\"3\" style=\"padding-right: 5px\">\n            \n\n<div class=\"kksr-icon\" style=\"width: 30px; height: 30px;\"><\/div>\n        <\/div>\n            <div class=\"kksr-star\" data-star=\"4\" style=\"padding-right: 5px\">\n            \n\n<div class=\"kksr-icon\" style=\"width: 30px; height: 30px;\"><\/div>\n        <\/div>\n            <div class=\"kksr-star\" data-star=\"5\" style=\"padding-right: 5px\">\n            \n\n<div class=\"kksr-icon\" style=\"width: 30px; height: 30px;\"><\/div>\n        <\/div>\n    <\/div>\n    \n<div class=\"kksr-stars-active\" style=\"width: 0px;\">\n            <div class=\"kksr-star\" style=\"padding-right: 5px\">\n            \n\n<div class=\"kksr-icon\" style=\"width: 30px; height: 30px;\"><\/div>\n        <\/div>\n            <div class=\"kksr-star\" style=\"padding-right: 5px\">\n            \n\n<div class=\"kksr-icon\" style=\"width: 30px; height: 30px;\"><\/div>\n        <\/div>\n            <div class=\"kksr-star\" style=\"padding-right: 5px\">\n            \n\n<div class=\"kksr-icon\" style=\"width: 30px; height: 30px;\"><\/div>\n        <\/div>\n            <div class=\"kksr-star\" style=\"padding-right: 5px\">\n            \n\n<div class=\"kksr-icon\" style=\"width: 30px; height: 30px;\"><\/div>\n        <\/div>\n            <div class=\"kksr-star\" style=\"padding-right: 5px\">\n            \n\n<div class=\"kksr-icon\" style=\"width: 30px; height: 30px;\"><\/div>\n        <\/div>\n    <\/div>\n<\/div>\n                \n\n<div class=\"kksr-legend\" style=\"font-size: 24px;\">\n            <span class=\"kksr-muted\">Rate this page<\/span>\n    <\/div>\n    <\/div>\n<h2>Otkrijte uzbu\u0111enje Euromillions EU \u2013 austrijski put do velikih dobitaka<\/h2>\n<p><img loading=\"lazy\" decoding=\"async\" class=\"alignright wp-image-268063\" src=\"https:\/\/lottomat.com\/wp-content\/uploads\/2026\/01\/Austrian-EuroMillions.webp\" alt=\"Austrijski EuroMillions\" width=\"200\" height=\"200\" srcset=\"https:\/\/lottomat.com\/wp-content\/uploads\/2026\/01\/Austrian-EuroMillions.webp 400w, https:\/\/lottomat.com\/wp-content\/uploads\/2026\/01\/Austrian-EuroMillions-300x300.webp 300w, https:\/\/lottomat.com\/wp-content\/uploads\/2026\/01\/Austrian-EuroMillions-150x150.webp 150w, https:\/\/lottomat.com\/wp-content\/uploads\/2026\/01\/Austrian-EuroMillions-100x100.webp 100w\" sizes=\"auto, (max-width: 200px) 100vw, 200px\" \/><\/p>\n<p>Zamislite da se probudite u \u017eivotu u kome su svi va\u0161i snovi nadohvat ruke, gde su brojevi koje ste izabrali sino\u0107 zauvek promenili va\u0161u budu\u0107nost. To je uzbu\u0111enje koje o\u010dekuje svakog u\u010desnika u <strong>Euromillions EU<\/strong>, poznatom i kao <strong>EuroMillions Austrija<\/strong>. Sa jackpotovima koji podsti\u010du ma\u0161tu i uzbu\u0111enjem miliona igra\u010da, ova lutrija je va\u0161 listi\u0107 za svet pun mogu\u0107nosti.<\/p>\n<p>Euromillions EU nije samo jo\u0161 jedna lutrija \u2013 to je iskustvo koje ujedinjuje igra\u010de \u0161irom kontinenta u zajedni\u010dkoj nadi za velikim dobitkom. I\u0161\u010dekivanje, uzbu\u0111enje ve\u010deri izvla\u010denja i prilika da se pridru\u017eite najve\u0107im evropskim dobitnicima \u2013 sve po\u010dinje jednim listi\u0107em.<\/p>\n<h2>\u0160ta EuroMillions Austrija \u010dini jedinstvenim?<\/h2>\n<p>Ako ste upoznati sa globalnim fenomenom EuroMillionsa, mo\u017eda se pitate po \u010demu se EU verzija \u2013 posebno EuroMillions Austrija \u2013 razlikuje od britanske verzije. Odgovor le\u017ei u detaljima, a za ljubitelje lutrije ti detalji su od velikog zna\u010daja.<\/p>\n<p><img loading=\"lazy\" decoding=\"async\" class=\"alignleft wp-image-268094\" src=\"https:\/\/lottomat.com\/wp-content\/uploads\/2026\/01\/EuroMillions-Austria-online.webp\" alt=\"EuroMillions Austrija online\" width=\"200\" height=\"200\" srcset=\"https:\/\/lottomat.com\/wp-content\/uploads\/2026\/01\/EuroMillions-Austria-online.webp 400w, https:\/\/lottomat.com\/wp-content\/uploads\/2026\/01\/EuroMillions-Austria-online-300x300.webp 300w, https:\/\/lottomat.com\/wp-content\/uploads\/2026\/01\/EuroMillions-Austria-online-150x150.webp 150w, https:\/\/lottomat.com\/wp-content\/uploads\/2026\/01\/EuroMillions-Austria-online-100x100.webp 100w\" sizes=\"auto, (max-width: 200px) 100vw, 200px\" \/>Euromillions EU prati <a href=\"https:\/\/lottomat.com\/sr\/lutrija\/euromillions\/\">klasi\u010dni EuroMillions format<\/a>, ali se listi\u0107i kupuju, a dobitci ispla\u0107uju prema austrijskim pravilima i poreskim propisima. To \u010desto zna\u010di druga\u010diju strukturu isplata i ponekad povoljnije poreske uslove za dobitnike, u zavisnosti od zemlje prebivali\u0161ta. Za razliku od britanske verzije, gde se listi\u0107i kupuju u funtama i podle\u017eu britanskim lutrijskim propisima, EuroMillions Austrija posluje u evrima i prati austrijske zakone o igrama na sre\u0107u. To mo\u017ee napraviti razliku ne samo u na\u010dinu na koji igrate, ve\u0107 i u tome koliko \u0107ete na kraju poneti ku\u0107i ukoliko pobedite.<\/p>\n<p>Jo\u0161 jedna zna\u010dajna razlika je opseg dodatnih igara i nagradnih izvla\u010denja koja ponekad prate EuroMillions UK izvla\u010denja, kao \u0161to je UK Millionaire Maker. Iako su ona dostupna isklju\u010divo britanskim u\u010desnicima, igranjem putem Euromillions EU postajete deo istinski panevropskog lutrijskog iskustva, dele\u0107i uzbu\u0111enje sa igra\u010dima iz Austrije, \u0160panije, Francuske, Portugala, Belgije, Irske, Luksemburga i \u0160vajcarske. Ose\u0107aj zajedni\u0161tva i razmere igre \u010dine svako izvla\u010denje zaista me\u0111unarodnim doga\u0111ajem.<\/p>\n<h2>Ritam uzbu\u0111enja \u2013 kada se odr\u017eavaju izvla\u010denja?<\/h2>\n<p>Euromillions EU odr\u017eava uzbu\u0111enje sa dva izvla\u010denja svake nedelje, koja se odr\u017eavaju svakog utorka i petka uve\u010de. Ovaj redovan ritam zna\u010di da prilika da promenite svoj \u017eivot nikada nije daleko \u2013 samo nekoliko dana deli svaku \u0161ansu da postanete slede\u0107i veliki evropski dobitnik. I\u0161\u010dekivanje raste tokom nedelje, a svako izvla\u010denje je novi po\u010detak, nova prilika za sre\u0107u koja mo\u017ee biti odmah iza ugla.<\/p>\n<p>Postoji posebna \u010dar u saznanju da \u0107e dva puta nedeljno neko, negde u Evropi, videti kako se njegovi brojevi izvla\u010de. Za\u0161to to ne biste bili vi? Uz tako \u010desta izvla\u010denja, Euromillions EU nudi mnogo prilika za igru, sanjanje i pobedu.<\/p>\n<h2>Za\u0161to igrati EuroMillions Austrija? Radost jurenja velikih snova<\/h2>\n<p>Prava \u010dar Euromillions EU le\u017ei u \u017eivotnim mogu\u0107nostima koje nudi. Jackpotovi redovno dosti\u017eu vrtoglave iznose, ponekad prema\u0161uju\u0107i 200 miliona evra. Zamislite \u0161ta biste mogli da uradite sa takvim dobitkom \u2013 bilo da je to putovanje oko sveta, kupovina ku\u0107e iz snova, obezbe\u0111ivanje budu\u0107nosti svoje porodice ili podr\u0161ka ciljevima koji su vam najbli\u017ei srcu. Horizont se \u0161iri, a jedina granica je va\u0161a ma\u0161ta.<\/p>\n<p>Me\u0111utim, pored ogromnih isplata, postoji ne\u0161to duboko ispunjavaju\u0107e u tome da ste deo tako legendarne lutrije. Svaki listi\u0107 je obe\u0107anje nade, mala investicija u veru da bi vam se sre\u0107a mogla osmehnuti ve\u0107 slede\u0107i put. Samo i\u0161\u010dekivanje izvla\u010denja, trenutak kada se va\u0161i brojevi pro\u010ditaju i nalet adrenalina koji sledi \u2013 to je iskustvo koje unosi uzbu\u0111enje u svakodnevni \u017eivot.<img loading=\"lazy\" decoding=\"async\" class=\"alignright wp-image-268125\" src=\"https:\/\/lottomat.com\/wp-content\/uploads\/2026\/01\/EuroMillions-Austria-tickets.webp\" alt=\"EuroMillions Austrija listi\u0107i\" width=\"200\" height=\"200\" srcset=\"https:\/\/lottomat.com\/wp-content\/uploads\/2026\/01\/EuroMillions-Austria-tickets.webp 400w, https:\/\/lottomat.com\/wp-content\/uploads\/2026\/01\/EuroMillions-Austria-tickets-300x300.webp 300w, https:\/\/lottomat.com\/wp-content\/uploads\/2026\/01\/EuroMillions-Austria-tickets-150x150.webp 150w, https:\/\/lottomat.com\/wp-content\/uploads\/2026\/01\/EuroMillions-Austria-tickets-100x100.webp 100w\" sizes=\"auto, (max-width: 200px) 100vw, 200px\" \/><\/p>\n<p>Da biste u potpunosti prigrlili lutrijski stil \u017eivota, doslednost je klju\u010dna. Najuspe\u0161niji igra\u010di znaju da je redovno igranje tajna pove\u0107anja va\u0161ih \u0161ansi. Svako propu\u0161teno izvla\u010denje je izgubljena prilika, zato neka vam to postane navika \u2013 kupite svoje listi\u0107e, izaberite brojeve, sa\u010dekajte <a href=\"https:\/\/lottomat.com\/sr\/igrati\/euromillions\/\">zvani\u010dne EuroMillions Austrija rezultate<\/a> i ostanite u igri. Na kraju krajeva, ne mo\u017eete pobediti ako ne igrate, a nikada ne znate kada \u0107e do\u0107i va\u0161 sre\u0107an dan.<\/p>\n<h2>Vi\u0161e od samog Euromillionsa \u2013 svet vas \u010deka na Lottomatu<\/h2>\n<p>Iako su Euromillions EU i njegova britanska verzija me\u0111u <a href=\"https:\/\/lottomat.com\/sr\/igrati\/\">najpopularnijim lutrijama u Evropi<\/a>, one su samo po\u010detak onoga \u0161to je mogu\u0107e na Lottomatu. Na\u0161a platforma donosi ceo svet lutrije na dohvat ruke \u2013 od mo\u0107nog Powerballa i <a href=\"https:\/\/lottomat.com\/sr\/igrati\/mega-millions\/\">Mega Millionsa<\/a> u Sjedinjenim Ameri\u010dkim Dr\u017eavama, do italijanskog <a href=\"https:\/\/lottomat.com\/sr\/igrati\/superenalotto\/\">SuperEnalotta<\/a>, \u0161panskog El Gorda i mnogih drugih. Svaka lutrija nudi svoj jedinstveni karakter, kvote i veli\u010dine jackpota, pru\u017eaju\u0107i vam bezbroj na\u010dina za igru i pobedu.<\/p>\n<p>Igranje vi\u0161e lutrija je strategija koju prihvataju mnogi iskusni igra\u010di. Raspodelom uloga na razli\u010dite igre ne samo da pro\u0161irujete svoje vidike, ve\u0107 i zna\u010dajno pove\u0107avate \u0161anse za veliki dobitak. Svaki listi\u0107 je nova prilika, svako izvla\u010denje nova avantura. Na Lottomatu imate slobodu da istra\u017eujete, eksperimenti\u0161ete i prona\u0111ete igre koje odgovaraju va\u0161em ose\u0107aju uzbu\u0111enja.<\/p>\n<p>Svet lutrija je prepun pri\u010da \u2013 o obi\u010dnim ljudima \u010diji su se \u017eivoti promenili u jednom trenutku, o ostvarenim snovima i prepisanim sudbinama. Sa svakim kupljenim listi\u0107em pridru\u017eujete se ovoj globalnoj zajednici sanjara i dobitnika. Slede\u0107a pri\u010da mo\u017ee biti va\u0161a.<\/p>\n<h2>Va\u0161e putovanje ka sre\u0107i po\u010dinje ovde<\/h2>\n<p><img loading=\"lazy\" decoding=\"async\" class=\"alignleft wp-image-268155\" src=\"https:\/\/lottomat.com\/wp-content\/uploads\/2026\/01\/play-EuroMillions-Austria.webp\" alt=\"igrajte EuroMillions Austrija\" width=\"200\" height=\"200\" srcset=\"https:\/\/lottomat.com\/wp-content\/uploads\/2026\/01\/play-EuroMillions-Austria.webp 400w, https:\/\/lottomat.com\/wp-content\/uploads\/2026\/01\/play-EuroMillions-Austria-300x300.webp 300w, https:\/\/lottomat.com\/wp-content\/uploads\/2026\/01\/play-EuroMillions-Austria-150x150.webp 150w, https:\/\/lottomat.com\/wp-content\/uploads\/2026\/01\/play-EuroMillions-Austria-100x100.webp 100w\" sizes=\"auto, (max-width: 200px) 100vw, 200px\" \/>Euromillions EU je vi\u0161e od same igre \u2013 to je kapija ka svetlijoj budu\u0107nosti. Uzbu\u0111enje i\u0161\u010dekivanja, radost mogu\u0107nosti i prilika da postanete jedan od najve\u0107ih evropskih dobitnika nalaze se na dohvat ruke. Bilo da igrate prvi put ili ste iskusan ljubitelj lutrije, nema boljeg trenutka da se uklju\u010dite.<\/p>\n<p>Zapamtite, klju\u010d pobede je u\u010de\u0161\u0107e. \u0160to vi\u0161e igrate, ve\u0107e su vam \u0161anse da se pridru\u017eite redovima sre\u0107nika kojima je jedan listi\u0107 promenio \u017eivot. Ne dozvolite da vam jo\u0161 jedno izvla\u010denje promakne \u2013 iskoristite svoju priliku, prigrlite uzbu\u0111enje i dozvolite da vam Euromillions EU otvori vrata \u017eivota o kome ste oduvek sanjali.<\/p>\n<p>A ako \u017eelite dodatno da pove\u0107ate svoje \u0161anse, istra\u017eite bogat izbor me\u0111unarodnih lutrija na Lottomatu. Svaka igra je nova mogu\u0107nost, novi horizont i novi razlog da verujete da sre\u0107a prati hrabre. Va\u0161a avantura po\u010dinje sada \u2013 da li ste spremni da igrate?<\/p>\n","protected":false},"excerpt":{"rendered":"<p>Otkrijte uzbu\u0111enje Euromillions EU \u2013 austrijski put do velikih dobitaka Zamislite da se probudite u \u017eivotu u kome su svi va\u0161i snovi nadohvat ruke, gde su brojevi koje ste izabrali sino\u0107 zauvek promenili va\u0161u budu\u0107nost. To je uzbu\u0111enje koje o\u010dekuje svakog u\u010desnika u Euromillions EU, poznatom i kao EuroMillions Austrija. Sa jackpotovima koji podsti\u010du ma\u0161tu [&hellip;]<\/p>\n","protected":false},"author":2,"featured_media":0,"parent":6838,"menu_order":0,"comment_status":"closed","ping_status":"closed","template":"euromillions-at.php","meta":{"_et_pb_use_builder":"","_et_pb_old_content":"","_et_gb_content_width":"","exclude_from_search":false,"footnotes":""},"class_list":["post-247873","page","type-page","status-publish","hentry"],"yoast_head":"<!-- This site is optimized with the Yoast SEO plugin v23.8 - https:\/\/yoast.com\/wordpress\/plugins\/seo\/ -->\n<title>EuroMillions Austrija Online - Kupite listi\u0107e - Lottomat Srbija<\/title>\n<meta name=\"description\" content=\"Igrajte EuroMillions Austrija online na Lottomatu. Ovde mo\u017eete kupiti EuroMillions Austrija listi\u0107e online za predstoje\u0107e izvla\u010denje. Pridru\u017eite se sada!\" \/>\n<meta name=\"robots\" content=\"index, follow, max-snippet:-1, max-image-preview:large, max-video-preview:-1\" \/>\n<link rel=\"canonical\" href=\"https:\/\/lottomat.com\/sr\/igrati\/euromillions-eu\/\" \/>\n<meta property=\"og:locale\" content=\"sr_RS\" \/>\n<meta property=\"og:type\" content=\"article\" \/>\n<meta property=\"og:title\" content=\"EuroMillions Austrija Online - Kupite listi\u0107e - Lottomat Srbija\" \/>\n<meta property=\"og:description\" content=\"Igrajte EuroMillions Austrija online na Lottomatu. Ovde mo\u017eete kupiti EuroMillions Austrija listi\u0107e online za predstoje\u0107e izvla\u010denje. Pridru\u017eite se sada!\" \/>\n<meta property=\"og:url\" content=\"https:\/\/lottomat.com\/sr\/igrati\/euromillions-eu\/\" \/>\n<meta property=\"og:site_name\" content=\"Lottomat\" \/>\n<meta property=\"article:modified_time\" content=\"2026-02-24T12:58:28+00:00\" \/>\n<meta property=\"og:image\" content=\"https:\/\/lottomat.com\/wp-content\/uploads\/2026\/01\/Austrian-EuroMillions.webp\" \/>\n\t<meta property=\"og:image:width\" content=\"400\" \/>\n\t<meta property=\"og:image:height\" content=\"400\" \/>\n\t<meta property=\"og:image:type\" content=\"image\/webp\" \/>\n<meta name=\"twitter:card\" content=\"summary_large_image\" \/>\n<meta name=\"twitter:label1\" content=\"\u041f\u0440\u043e\u0446\u0435\u045a\u0435\u043d\u043e \u0432\u0440\u0435\u043c\u0435 \u0447\u0438\u0442\u0430\u045a\u0430\" \/>\n\t<meta name=\"twitter:data1\" content=\"5 \u043c\u0438\u043d\u0443\u0442\u0430\" \/>\n<script type=\"application\/ld+json\" class=\"yoast-schema-graph\">{\"@context\":\"https:\/\/schema.org\",\"@graph\":[{\"@type\":\"WebPage\",\"@id\":\"https:\/\/lottomat.com\/sr\/igrati\/euromillions-eu\/\",\"url\":\"https:\/\/lottomat.com\/sr\/igrati\/euromillions-eu\/\",\"name\":\"EuroMillions Austrija Online - Kupite listi\u0107e - Lottomat Srbija\",\"isPartOf\":{\"@id\":\"https:\/\/lottomat.com\/sr\/#website\"},\"primaryImageOfPage\":{\"@id\":\"https:\/\/lottomat.com\/sr\/igrati\/euromillions-eu\/#primaryimage\"},\"image\":{\"@id\":\"https:\/\/lottomat.com\/sr\/igrati\/euromillions-eu\/#primaryimage\"},\"thumbnailUrl\":\"https:\/\/lottomat.com\/wp-content\/uploads\/2026\/01\/Austrian-EuroMillions.webp\",\"datePublished\":\"2025-05-18T16:39:08+00:00\",\"dateModified\":\"2026-02-24T12:58:28+00:00\",\"description\":\"Igrajte EuroMillions Austrija online na Lottomatu. Ovde mo\u017eete kupiti EuroMillions Austrija listi\u0107e online za predstoje\u0107e izvla\u010denje. Pridru\u017eite se sada!\",\"breadcrumb\":{\"@id\":\"https:\/\/lottomat.com\/sr\/igrati\/euromillions-eu\/#breadcrumb\"},\"inLanguage\":\"sr-RS\",\"potentialAction\":[{\"@type\":\"ReadAction\",\"target\":[\"https:\/\/lottomat.com\/sr\/igrati\/euromillions-eu\/\"]}]},{\"@type\":\"ImageObject\",\"inLanguage\":\"sr-RS\",\"@id\":\"https:\/\/lottomat.com\/sr\/igrati\/euromillions-eu\/#primaryimage\",\"url\":\"https:\/\/lottomat.com\/wp-content\/uploads\/2026\/01\/Austrian-EuroMillions.webp\",\"contentUrl\":\"https:\/\/lottomat.com\/wp-content\/uploads\/2026\/01\/Austrian-EuroMillions.webp\"},{\"@type\":\"BreadcrumbList\",\"@id\":\"https:\/\/lottomat.com\/sr\/igrati\/euromillions-eu\/#breadcrumb\",\"itemListElement\":[{\"@type\":\"ListItem\",\"position\":1,\"name\":\"Home\",\"item\":\"https:\/\/lottomat.com\/sr\/\"},{\"@type\":\"ListItem\",\"position\":2,\"name\":\"Online Lotto &#8211; Igrajte najbolje online lutrije\",\"item\":\"https:\/\/lottomat.com\/sr\/igrati\/\"},{\"@type\":\"ListItem\",\"position\":3,\"name\":\"Euromillions EU Online &#8211; EuroMillions Austrija listi\u0107i\"}]},{\"@type\":\"WebSite\",\"@id\":\"https:\/\/lottomat.com\/sr\/#website\",\"url\":\"https:\/\/lottomat.com\/sr\/\",\"name\":\"Lottomat\",\"description\":\"\",\"potentialAction\":[{\"@type\":\"SearchAction\",\"target\":{\"@type\":\"EntryPoint\",\"urlTemplate\":\"https:\/\/lottomat.com\/sr\/?s={search_term_string}\"},\"query-input\":{\"@type\":\"PropertyValueSpecification\",\"valueRequired\":true,\"valueName\":\"search_term_string\"}}],\"inLanguage\":\"sr-RS\"}]}<\/script>\n<!-- \/ Yoast SEO plugin. -->","yoast_head_json":{"title":"EuroMillions Austrija Online - Kupite listi\u0107e - Lottomat Srbija","description":"Igrajte EuroMillions Austrija online na Lottomatu. Ovde mo\u017eete kupiti EuroMillions Austrija listi\u0107e online za predstoje\u0107e izvla\u010denje. Pridru\u017eite se sada!","robots":{"index":"index","follow":"follow","max-snippet":"max-snippet:-1","max-image-preview":"max-image-preview:large","max-video-preview":"max-video-preview:-1"},"canonical":"https:\/\/lottomat.com\/sr\/igrati\/euromillions-eu\/","og_locale":"sr_RS","og_type":"article","og_title":"EuroMillions Austrija Online - Kupite listi\u0107e - Lottomat Srbija","og_description":"Igrajte EuroMillions Austrija online na Lottomatu. Ovde mo\u017eete kupiti EuroMillions Austrija listi\u0107e online za predstoje\u0107e izvla\u010denje. Pridru\u017eite se sada!","og_url":"https:\/\/lottomat.com\/sr\/igrati\/euromillions-eu\/","og_site_name":"Lottomat","article_modified_time":"2026-02-24T12:58:28+00:00","og_image":[{"width":400,"height":400,"url":"https:\/\/lottomat.com\/wp-content\/uploads\/2026\/01\/Austrian-EuroMillions.webp","type":"image\/webp"}],"twitter_card":"summary_large_image","twitter_misc":{"\u041f\u0440\u043e\u0446\u0435\u045a\u0435\u043d\u043e \u0432\u0440\u0435\u043c\u0435 \u0447\u0438\u0442\u0430\u045a\u0430":"5 \u043c\u0438\u043d\u0443\u0442\u0430"},"schema":{"@context":"https:\/\/schema.org","@graph":[{"@type":"WebPage","@id":"https:\/\/lottomat.com\/sr\/igrati\/euromillions-eu\/","url":"https:\/\/lottomat.com\/sr\/igrati\/euromillions-eu\/","name":"EuroMillions Austrija Online - Kupite listi\u0107e - Lottomat Srbija","isPartOf":{"@id":"https:\/\/lottomat.com\/sr\/#website"},"primaryImageOfPage":{"@id":"https:\/\/lottomat.com\/sr\/igrati\/euromillions-eu\/#primaryimage"},"image":{"@id":"https:\/\/lottomat.com\/sr\/igrati\/euromillions-eu\/#primaryimage"},"thumbnailUrl":"https:\/\/lottomat.com\/wp-content\/uploads\/2026\/01\/Austrian-EuroMillions.webp","datePublished":"2025-05-18T16:39:08+00:00","dateModified":"2026-02-24T12:58:28+00:00","description":"Igrajte EuroMillions Austrija online na Lottomatu. Ovde mo\u017eete kupiti EuroMillions Austrija listi\u0107e online za predstoje\u0107e izvla\u010denje. Pridru\u017eite se sada!","breadcrumb":{"@id":"https:\/\/lottomat.com\/sr\/igrati\/euromillions-eu\/#breadcrumb"},"inLanguage":"sr-RS","potentialAction":[{"@type":"ReadAction","target":["https:\/\/lottomat.com\/sr\/igrati\/euromillions-eu\/"]}]},{"@type":"ImageObject","inLanguage":"sr-RS","@id":"https:\/\/lottomat.com\/sr\/igrati\/euromillions-eu\/#primaryimage","url":"https:\/\/lottomat.com\/wp-content\/uploads\/2026\/01\/Austrian-EuroMillions.webp","contentUrl":"https:\/\/lottomat.com\/wp-content\/uploads\/2026\/01\/Austrian-EuroMillions.webp"},{"@type":"BreadcrumbList","@id":"https:\/\/lottomat.com\/sr\/igrati\/euromillions-eu\/#breadcrumb","itemListElement":[{"@type":"ListItem","position":1,"name":"Home","item":"https:\/\/lottomat.com\/sr\/"},{"@type":"ListItem","position":2,"name":"Online Lotto &#8211; Igrajte najbolje online lutrije","item":"https:\/\/lottomat.com\/sr\/igrati\/"},{"@type":"ListItem","position":3,"name":"Euromillions EU Online &#8211; EuroMillions Austrija listi\u0107i"}]},{"@type":"WebSite","@id":"https:\/\/lottomat.com\/sr\/#website","url":"https:\/\/lottomat.com\/sr\/","name":"Lottomat","description":"","potentialAction":[{"@type":"SearchAction","target":{"@type":"EntryPoint","urlTemplate":"https:\/\/lottomat.com\/sr\/?s={search_term_string}"},"query-input":{"@type":"PropertyValueSpecification","valueRequired":true,"valueName":"search_term_string"}}],"inLanguage":"sr-RS"}]}},"_links":{"self":[{"href":"https:\/\/lottomat.com\/sr\/wp-json\/wp\/v2\/pages\/247873","targetHints":{"allow":["GET"]}}],"collection":[{"href":"https:\/\/lottomat.com\/sr\/wp-json\/wp\/v2\/pages"}],"about":[{"href":"https:\/\/lottomat.com\/sr\/wp-json\/wp\/v2\/types\/page"}],"author":[{"embeddable":true,"href":"https:\/\/lottomat.com\/sr\/wp-json\/wp\/v2\/users\/2"}],"replies":[{"embeddable":true,"href":"https:\/\/lottomat.com\/sr\/wp-json\/wp\/v2\/comments?post=247873"}],"version-history":[{"count":2,"href":"https:\/\/lottomat.com\/sr\/wp-json\/wp\/v2\/pages\/247873\/revisions"}],"predecessor-version":[{"id":271610,"href":"https:\/\/lottomat.com\/sr\/wp-json\/wp\/v2\/pages\/247873\/revisions\/271610"}],"up":[{"embeddable":true,"href":"https:\/\/lottomat.com\/sr\/wp-json\/wp\/v2\/pages\/6838"}],"wp:attachment":[{"href":"https:\/\/lottomat.com\/sr\/wp-json\/wp\/v2\/media?parent=247873"}],"curies":[{"name":"wp","href":"https:\/\/api.w.org\/{rel}","templated":true}]}}