{"id":247870,"date":"2025-05-18T16:33:53","date_gmt":"2025-05-18T16:33:53","guid":{"rendered":"https:\/\/lottomat.com\/?page_id=247870"},"modified":"2026-01-13T22:36:31","modified_gmt":"2026-01-13T22:36:31","slug":"euromillions-eu","status":"publish","type":"page","link":"https:\/\/lottomat.com\/sr\/lutrija\/euromillions-eu\/","title":{"rendered":"Pravila EuroMillions Austria: Nagrade i Jackpot"},"content":{"rendered":"\n\n<div class=\"kk-star-ratings kksr-auto kksr-align-left kksr-valign-top\"\n    data-payload='{&quot;align&quot;:&quot;left&quot;,&quot;id&quot;:&quot;247870&quot;,&quot;slug&quot;:&quot;default&quot;,&quot;valign&quot;:&quot;top&quot;,&quot;ignore&quot;:&quot;&quot;,&quot;reference&quot;:&quot;auto&quot;,&quot;class&quot;:&quot;&quot;,&quot;count&quot;:&quot;0&quot;,&quot;legendonly&quot;:&quot;&quot;,&quot;readonly&quot;:&quot;&quot;,&quot;score&quot;:&quot;0&quot;,&quot;starsonly&quot;:&quot;&quot;,&quot;best&quot;:&quot;5&quot;,&quot;gap&quot;:&quot;5&quot;,&quot;greet&quot;:&quot;Rate this page&quot;,&quot;legend&quot;:&quot;0\\\/5 - (0 votes)&quot;,&quot;size&quot;:&quot;30&quot;,&quot;title&quot;:&quot;Pravila EuroMillions Austria: Nagrade i Jackpot&quot;,&quot;width&quot;:&quot;0&quot;,&quot;_legend&quot;:&quot;{score}\\\/{best} - ({count} {votes})&quot;,&quot;font_factor&quot;:&quot;1.25&quot;}'>\n            \n<div class=\"kksr-stars\">\n    \n<div class=\"kksr-stars-inactive\">\n            <div class=\"kksr-star\" data-star=\"1\" style=\"padding-right: 5px\">\n            \n\n<div class=\"kksr-icon\" style=\"width: 30px; height: 30px;\"><\/div>\n        <\/div>\n            <div class=\"kksr-star\" data-star=\"2\" style=\"padding-right: 5px\">\n            \n\n<div class=\"kksr-icon\" style=\"width: 30px; height: 30px;\"><\/div>\n        <\/div>\n            <div class=\"kksr-star\" data-star=\"3\" style=\"padding-right: 5px\">\n            \n\n<div class=\"kksr-icon\" style=\"width: 30px; height: 30px;\"><\/div>\n        <\/div>\n            <div class=\"kksr-star\" data-star=\"4\" style=\"padding-right: 5px\">\n            \n\n<div class=\"kksr-icon\" style=\"width: 30px; height: 30px;\"><\/div>\n        <\/div>\n            <div class=\"kksr-star\" data-star=\"5\" style=\"padding-right: 5px\">\n            \n\n<div class=\"kksr-icon\" style=\"width: 30px; height: 30px;\"><\/div>\n        <\/div>\n    <\/div>\n    \n<div class=\"kksr-stars-active\" style=\"width: 0px;\">\n            <div class=\"kksr-star\" style=\"padding-right: 5px\">\n            \n\n<div class=\"kksr-icon\" style=\"width: 30px; height: 30px;\"><\/div>\n        <\/div>\n            <div class=\"kksr-star\" style=\"padding-right: 5px\">\n            \n\n<div class=\"kksr-icon\" style=\"width: 30px; height: 30px;\"><\/div>\n        <\/div>\n            <div class=\"kksr-star\" style=\"padding-right: 5px\">\n            \n\n<div class=\"kksr-icon\" style=\"width: 30px; height: 30px;\"><\/div>\n        <\/div>\n            <div class=\"kksr-star\" style=\"padding-right: 5px\">\n            \n\n<div class=\"kksr-icon\" style=\"width: 30px; height: 30px;\"><\/div>\n        <\/div>\n            <div class=\"kksr-star\" style=\"padding-right: 5px\">\n            \n\n<div class=\"kksr-icon\" style=\"width: 30px; height: 30px;\"><\/div>\n        <\/div>\n    <\/div>\n<\/div>\n                \n\n<div class=\"kksr-legend\" style=\"font-size: 24px;\">\n            <span class=\"kksr-muted\">Rate this page<\/span>\n    <\/div>\n    <\/div>\n<h2>Otkrijte uzbu\u0111enje EuroMillions Austria \u2013 va\u0161a kapija ka dobicima koji menjaju \u017eivot!<\/h2>\n<p><img loading=\"lazy\" decoding=\"async\" class=\"alignleft wp-image-268187\" src=\"https:\/\/lottomat.com\/wp-content\/uploads\/2026\/01\/Austrian-EuroMillions-prizes.webp\" alt=\"Nagrade EuroMillions Austria\" width=\"200\" height=\"200\" srcset=\"https:\/\/lottomat.com\/wp-content\/uploads\/2026\/01\/Austrian-EuroMillions-prizes.webp 400w, https:\/\/lottomat.com\/wp-content\/uploads\/2026\/01\/Austrian-EuroMillions-prizes-300x300.webp 300w, https:\/\/lottomat.com\/wp-content\/uploads\/2026\/01\/Austrian-EuroMillions-prizes-150x150.webp 150w, https:\/\/lottomat.com\/wp-content\/uploads\/2026\/01\/Austrian-EuroMillions-prizes-100x100.webp 100w\" sizes=\"auto, (max-width: 200px) 100vw, 200px\" \/>Zamislite da se sutra probudite i shvatite da va\u0161i snovi kona\u010dno mogu postati stvarnost \u2013 luksuzna ku\u0107a, egzoti\u010dna putovanja, finansijska sigurnost za va\u0161e najmilije i sloboda da \u017eivite \u017eivot po sopstvenim pravilima. Sa EuroMillions Austria, zvani\u010dno poznatim kao EuroMillions EU, ovaj san mo\u017ee postati va\u0161a realnost! Kao jedna od najpopularnijih i najuzbudljivijih lutrija u Evropi, EuroMillions Austria vam nudi jedinstvenu priliku da osvojite neverovatne jackpotove i budete deo uzbudljivog iskustva koje mo\u017ee promeniti va\u0161 \u017eivot. Hajde da zaronimo u sve \u0161to treba da znate o ovoj neverovatnoj lutriji i po \u010demu se razlikuje od britanske verzije. Saznajte vi\u0161e o pravilima EuroMillions Austria, a zatim&#8230; <a href=\"https:\/\/lottomat.com\/sr\/igrati\/247873-2\/\">igrajte EuroMillions Austria online<\/a> na Lottomat-u!<\/p>\n<h2>\u0160ta je EuroMillions Austria (EuroMillions EU)?<\/h2>\n<p>EuroMillions Austria predstavlja u\u010de\u0161\u0107e Austrije u \u010duvenoj lutriji EuroMillions, transnacionalnoj evropskoj lutriji koja okuplja igra\u010de iz Austrije, \u0160panije, Francuske, Belgije, Irske, Luksemburga, Portugala i \u0160vajcarske. Pokrenut 2004. godine, EuroMillions je brzo postao senzacija \u0161irom kontinenta, zahvaljuju\u0107i ogromnim jackpotovima i jednostavnom, ali zanimljivom sistemu igre.<\/p>\n<p>Da biste igrali EuroMillions Austria, u\u010desnici biraju pet glavnih brojeva od 1 do 50 i dva Lucky Star broja od 1 do 12. Izvla\u010denja se odr\u017eavaju svakog utorka i petka uve\u010de u Parizu, a uzbu\u0111enje je opipljivo dok milioni Evropljana zadr\u017eavaju dah, nadaju\u0107i se da \u0107e ba\u0161 njihovi brojevi biti izvu\u010deni!<\/p>\n<h2>Kako funkcioni\u0161e EuroMillions Austria? Pravila EuroMillions Austria<img loading=\"lazy\" decoding=\"async\" class=\"alignright wp-image-268217\" src=\"https:\/\/lottomat.com\/wp-content\/uploads\/2026\/01\/Austrian-EuroMillions-rules.webp\" alt=\"Pravila EuroMillions Austria\" width=\"200\" height=\"200\" srcset=\"https:\/\/lottomat.com\/wp-content\/uploads\/2026\/01\/Austrian-EuroMillions-rules.webp 400w, https:\/\/lottomat.com\/wp-content\/uploads\/2026\/01\/Austrian-EuroMillions-rules-300x300.webp 300w, https:\/\/lottomat.com\/wp-content\/uploads\/2026\/01\/Austrian-EuroMillions-rules-150x150.webp 150w, https:\/\/lottomat.com\/wp-content\/uploads\/2026\/01\/Austrian-EuroMillions-rules-100x100.webp 100w\" sizes=\"auto, (max-width: 200px) 100vw, 200px\" \/><\/h2>\n<p>Po\u010detak je jednostavan i pristupa\u010dan svima. <a href=\"https:\/\/lottomat.com\/sr\/igrati\/\">Mo\u017eete kupiti lutrijske tikete<\/a> na ovla\u0161\u0107enim prodajnim mestima \u0161irom Austrije ili igrati online iz udobnosti sopstvenog doma. Minimalni jackpot po\u010dinje od impresivnih 17 miliona \u20ac, ali zahvaljuju\u0107i prenosima mo\u017ee porasti i do neverovatnih 240 miliona \u20ac! Postoji 13 razli\u010ditih kategorija nagrada, \u0161to zna\u010di da imate vi\u0161e \u0161ansi za dobitak, \u010dak i ako ne pogodite jackpot.<\/p>\n<p>Kada igrate EuroMillions Austria, ne u\u010destvujete samo u lutriji \u2013 postajete deo zajednice sanjara, koji svi \u010dekaju onaj magi\u010dni trenutak kada im se \u017eivot zauvek menja. Bilo da osvojite manju nagradu ili oborite rekord sa jackpotom, svaki tiket nosi obe\u0107anje svetlije budu\u0107nosti.<\/p>\n<h2>EuroMillions Austria vs EuroMillions UK \u2013 Klju\u010dne razlike<\/h2>\n<p><img loading=\"lazy\" decoding=\"async\" class=\"alignleft wp-image-268247\" src=\"https:\/\/lottomat.com\/wp-content\/uploads\/2026\/01\/EuroMillions-Austria-jackpot.webp\" alt=\"EuroMillions Austria jackpot\" width=\"200\" height=\"200\" srcset=\"https:\/\/lottomat.com\/wp-content\/uploads\/2026\/01\/EuroMillions-Austria-jackpot.webp 400w, https:\/\/lottomat.com\/wp-content\/uploads\/2026\/01\/EuroMillions-Austria-jackpot-300x300.webp 300w, https:\/\/lottomat.com\/wp-content\/uploads\/2026\/01\/EuroMillions-Austria-jackpot-150x150.webp 150w, https:\/\/lottomat.com\/wp-content\/uploads\/2026\/01\/EuroMillions-Austria-jackpot-100x100.webp 100w\" sizes=\"auto, (max-width: 200px) 100vw, 200px\" \/>Iako i Austrija i Velika Britanija u\u010destvuju u EuroMillions lutriji, postoje neke va\u017ene razlike koje treba imati u vidu:<\/p>\n<ol>\n<li><strong>Cena tiketa<\/strong>: U Austriji se jedan <a href=\"https:\/\/lottomat.com\/sr\/igrati\/247873-2\/\">EuroMillions Austria tiket<\/a> pla\u0107a u evrima. U Velikoj Britaniji cena tiketa se obra\u010dunava u funtama sterlinga i ne\u0161to je vi\u0161a nego u Austriji, jer uklju\u010duje u\u010de\u0161\u0107e u igri UK Millionaire Maker, koja garantuje najmanje jednog britanskog milionera u svakom izvla\u010denju.<\/li>\n<li><strong>Valuta i nagrade<\/strong>: Nagrade EuroMillions Austria ispla\u0107uju se u evrima, dok igra\u010di u UK dobitke dobijaju u funtama sterlinga. Vrednost sekundarnih nagrada mo\u017ee blago varirati zbog kursnih razlika.<\/li>\n<li><strong>Dodatne igre<\/strong>: Austrijski igra\u010di mogu u\u010destvovati u \u201e\u00d6sterreich Bonus\u201c \u2013 ekskluzivnom dodatnom izvla\u010denju koje vam pru\u017ea jo\u0161 vi\u0161e \u0161ansi za dobitak. Britanski ekvivalent je Millionaire Maker, koji je automatski uklju\u010den uz svaki tiket.<\/li>\n<li><strong>Oporezivanje<\/strong>: U Austriji su dobitci na lutriji neoporezivi, tako da zadr\u017eavate svaki cent svoje nagrade! U Velikoj Britaniji su dobitci na lutriji tako\u0111e trenutno neoporezivi, ali je uvek preporu\u010dljivo proveriti najnovije propise.<\/li>\n<\/ol>\n<h2>Za\u0161to igrati EuroMillions Austria? Magija dobitaka koji menjaju \u017eivot<\/h2>\n<p>EuroMillions Austria nije samo stvar velikog novca \u2013 to je nada, uzbu\u0111enje i \u010dar mogu\u0107nosti. Svako izvla\u010denje je nova prilika da promenite svoj \u017eivot, obradujete porodicu, podr\u017eite humanitarne organizacije ili krenete u velike avanture o kojima ste oduvek sanjali. Pri\u010de o obi\u010dnim ljudima koji preko no\u0107i postaju milioneri su stvarne i inspirativne \u2013 slede\u0107i to mo\u017eete biti ba\u0161 vi!<img loading=\"lazy\" decoding=\"async\" class=\"alignright wp-image-268278\" src=\"https:\/\/lottomat.com\/wp-content\/uploads\/2026\/01\/EuroMillions-Austria-rules.webp\" alt=\"Pravila EuroMillions Austria\" width=\"200\" height=\"200\" srcset=\"https:\/\/lottomat.com\/wp-content\/uploads\/2026\/01\/EuroMillions-Austria-rules.webp 400w, https:\/\/lottomat.com\/wp-content\/uploads\/2026\/01\/EuroMillions-Austria-rules-300x300.webp 300w, https:\/\/lottomat.com\/wp-content\/uploads\/2026\/01\/EuroMillions-Austria-rules-150x150.webp 150w, https:\/\/lottomat.com\/wp-content\/uploads\/2026\/01\/EuroMillions-Austria-rules-100x100.webp 100w\" sizes=\"auto, (max-width: 200px) 100vw, 200px\" \/><\/p>\n<p>\u0160ta \u010dekate? Slede\u0107e EuroMillions Austria izvla\u010denje moglo bi biti va\u0161 tiket za budu\u0107nost ispunjenu rado\u0161\u0107u, luksuzom i neograni\u010denim mogu\u0107nostima. Kupite svoj tiket, sanjajte veliko i prepustite se uzbu\u0111enju \u2013 jer sa EuroMillions Austria sve je mogu\u0107e!<\/p>\n<p><strong>Pridru\u017eite se uzbu\u0111enju ve\u0107 danas \u2013 i pustite da va\u0161i snovi polete uz EuroMillions Austria! Proverite <a href=\"https:\/\/lottomat.com\/sr\/rezultati\/euromillions-eu\/\">dobitne brojeve EuroMillions Austria<\/a>.<\/strong><\/p>\n","protected":false},"excerpt":{"rendered":"<p>Otkrijte uzbu\u0111enje EuroMillions Austria \u2013 va\u0161a kapija ka dobicima koji menjaju \u017eivot! Zamislite da se sutra probudite i shvatite da va\u0161i snovi kona\u010dno mogu postati stvarnost \u2013 luksuzna ku\u0107a, egzoti\u010dna putovanja, finansijska sigurnost za va\u0161e najmilije i sloboda da \u017eivite \u017eivot po sopstvenim pravilima. Sa EuroMillions Austria, zvani\u010dno poznatim kao EuroMillions EU, ovaj san mo\u017ee [&hellip;]<\/p>\n","protected":false},"author":2,"featured_media":0,"parent":7098,"menu_order":0,"comment_status":"closed","ping_status":"closed","template":"euromillions-at-info.php","meta":{"_et_pb_use_builder":"","_et_pb_old_content":"","_et_gb_content_width":"","exclude_from_search":false,"footnotes":""},"class_list":["post-247870","page","type-page","status-publish","hentry"],"yoast_head":"<!-- This site is optimized with the Yoast SEO plugin v23.8 - https:\/\/yoast.com\/wordpress\/plugins\/seo\/ -->\n<title>Pravila EuroMillions Austria: Nagrade i Jackpot \u2013 Lottomat<\/title>\n<meta name=\"description\" content=\"Saznajte vi\u0161e o pravilima igranja EuroMillions Austria. Ovde mo\u017eete proveriti nagrade i jackpot EuroMillions Austria. Proverite svoje \u0161anse.\" \/>\n<meta name=\"robots\" content=\"index, follow, max-snippet:-1, max-image-preview:large, max-video-preview:-1\" \/>\n<link rel=\"canonical\" href=\"https:\/\/lottomat.com\/sr\/lutrija\/euromillions-eu\/\" \/>\n<meta property=\"og:locale\" content=\"sr_RS\" \/>\n<meta property=\"og:type\" content=\"article\" \/>\n<meta property=\"og:title\" content=\"Pravila EuroMillions Austria: Nagrade i Jackpot \u2013 Lottomat\" \/>\n<meta property=\"og:description\" content=\"Saznajte vi\u0161e o pravilima igranja EuroMillions Austria. Ovde mo\u017eete proveriti nagrade i jackpot EuroMillions Austria. Proverite svoje \u0161anse.\" \/>\n<meta property=\"og:url\" content=\"https:\/\/lottomat.com\/sr\/lutrija\/euromillions-eu\/\" \/>\n<meta property=\"og:site_name\" content=\"Lottomat\" \/>\n<meta property=\"article:modified_time\" content=\"2026-01-13T22:36:31+00:00\" \/>\n<meta property=\"og:image\" content=\"https:\/\/lottomat.com\/wp-content\/uploads\/2026\/01\/Austrian-EuroMillions-prizes.webp\" \/>\n<meta name=\"twitter:card\" content=\"summary_large_image\" \/>\n<meta name=\"twitter:label1\" content=\"\u041f\u0440\u043e\u0446\u0435\u045a\u0435\u043d\u043e \u0432\u0440\u0435\u043c\u0435 \u0447\u0438\u0442\u0430\u045a\u0430\" \/>\n\t<meta name=\"twitter:data1\" content=\"4 \u043c\u0438\u043d\u0443\u0442\u0430\" \/>\n<script type=\"application\/ld+json\" class=\"yoast-schema-graph\">{\"@context\":\"https:\/\/schema.org\",\"@graph\":[{\"@type\":\"WebPage\",\"@id\":\"https:\/\/lottomat.com\/sr\/lutrija\/euromillions-eu\/\",\"url\":\"https:\/\/lottomat.com\/sr\/lutrija\/euromillions-eu\/\",\"name\":\"Pravila EuroMillions Austria: Nagrade i Jackpot \u2013 Lottomat\",\"isPartOf\":{\"@id\":\"https:\/\/lottomat.com\/sr\/#website\"},\"primaryImageOfPage\":{\"@id\":\"https:\/\/lottomat.com\/sr\/lutrija\/euromillions-eu\/#primaryimage\"},\"image\":{\"@id\":\"https:\/\/lottomat.com\/sr\/lutrija\/euromillions-eu\/#primaryimage\"},\"thumbnailUrl\":\"https:\/\/lottomat.com\/wp-content\/uploads\/2026\/01\/Austrian-EuroMillions-prizes.webp\",\"datePublished\":\"2025-05-18T16:33:53+00:00\",\"dateModified\":\"2026-01-13T22:36:31+00:00\",\"description\":\"Saznajte vi\u0161e o pravilima igranja EuroMillions Austria. Ovde mo\u017eete proveriti nagrade i jackpot EuroMillions Austria. Proverite svoje \u0161anse.\",\"breadcrumb\":{\"@id\":\"https:\/\/lottomat.com\/sr\/lutrija\/euromillions-eu\/#breadcrumb\"},\"inLanguage\":\"sr-RS\",\"potentialAction\":[{\"@type\":\"ReadAction\",\"target\":[\"https:\/\/lottomat.com\/sr\/lutrija\/euromillions-eu\/\"]}]},{\"@type\":\"ImageObject\",\"inLanguage\":\"sr-RS\",\"@id\":\"https:\/\/lottomat.com\/sr\/lutrija\/euromillions-eu\/#primaryimage\",\"url\":\"https:\/\/lottomat.com\/wp-content\/uploads\/2026\/01\/Austrian-EuroMillions-prizes.webp\",\"contentUrl\":\"https:\/\/lottomat.com\/wp-content\/uploads\/2026\/01\/Austrian-EuroMillions-prizes.webp\"},{\"@type\":\"BreadcrumbList\",\"@id\":\"https:\/\/lottomat.com\/sr\/lutrija\/euromillions-eu\/#breadcrumb\",\"itemListElement\":[{\"@type\":\"ListItem\",\"position\":1,\"name\":\"Home\",\"item\":\"https:\/\/lottomat.com\/sr\/\"},{\"@type\":\"ListItem\",\"position\":2,\"name\":\"Pravila lutrije: Nagrade, D\u017eekpot i \u0160anse\",\"item\":\"https:\/\/lottomat.com\/sr\/lutrija\/\"},{\"@type\":\"ListItem\",\"position\":3,\"name\":\"Pravila EuroMillions Austria: Nagrade i Jackpot\"}]},{\"@type\":\"WebSite\",\"@id\":\"https:\/\/lottomat.com\/sr\/#website\",\"url\":\"https:\/\/lottomat.com\/sr\/\",\"name\":\"Lottomat\",\"description\":\"\",\"potentialAction\":[{\"@type\":\"SearchAction\",\"target\":{\"@type\":\"EntryPoint\",\"urlTemplate\":\"https:\/\/lottomat.com\/sr\/?s={search_term_string}\"},\"query-input\":{\"@type\":\"PropertyValueSpecification\",\"valueRequired\":true,\"valueName\":\"search_term_string\"}}],\"inLanguage\":\"sr-RS\"}]}<\/script>\n<!-- \/ Yoast SEO plugin. -->","yoast_head_json":{"title":"Pravila EuroMillions Austria: Nagrade i Jackpot \u2013 Lottomat","description":"Saznajte vi\u0161e o pravilima igranja EuroMillions Austria. Ovde mo\u017eete proveriti nagrade i jackpot EuroMillions Austria. Proverite svoje \u0161anse.","robots":{"index":"index","follow":"follow","max-snippet":"max-snippet:-1","max-image-preview":"max-image-preview:large","max-video-preview":"max-video-preview:-1"},"canonical":"https:\/\/lottomat.com\/sr\/lutrija\/euromillions-eu\/","og_locale":"sr_RS","og_type":"article","og_title":"Pravila EuroMillions Austria: Nagrade i Jackpot \u2013 Lottomat","og_description":"Saznajte vi\u0161e o pravilima igranja EuroMillions Austria. Ovde mo\u017eete proveriti nagrade i jackpot EuroMillions Austria. Proverite svoje \u0161anse.","og_url":"https:\/\/lottomat.com\/sr\/lutrija\/euromillions-eu\/","og_site_name":"Lottomat","article_modified_time":"2026-01-13T22:36:31+00:00","og_image":[{"url":"https:\/\/lottomat.com\/wp-content\/uploads\/2026\/01\/Austrian-EuroMillions-prizes.webp"}],"twitter_card":"summary_large_image","twitter_misc":{"\u041f\u0440\u043e\u0446\u0435\u045a\u0435\u043d\u043e \u0432\u0440\u0435\u043c\u0435 \u0447\u0438\u0442\u0430\u045a\u0430":"4 \u043c\u0438\u043d\u0443\u0442\u0430"},"schema":{"@context":"https:\/\/schema.org","@graph":[{"@type":"WebPage","@id":"https:\/\/lottomat.com\/sr\/lutrija\/euromillions-eu\/","url":"https:\/\/lottomat.com\/sr\/lutrija\/euromillions-eu\/","name":"Pravila EuroMillions Austria: Nagrade i Jackpot \u2013 Lottomat","isPartOf":{"@id":"https:\/\/lottomat.com\/sr\/#website"},"primaryImageOfPage":{"@id":"https:\/\/lottomat.com\/sr\/lutrija\/euromillions-eu\/#primaryimage"},"image":{"@id":"https:\/\/lottomat.com\/sr\/lutrija\/euromillions-eu\/#primaryimage"},"thumbnailUrl":"https:\/\/lottomat.com\/wp-content\/uploads\/2026\/01\/Austrian-EuroMillions-prizes.webp","datePublished":"2025-05-18T16:33:53+00:00","dateModified":"2026-01-13T22:36:31+00:00","description":"Saznajte vi\u0161e o pravilima igranja EuroMillions Austria. Ovde mo\u017eete proveriti nagrade i jackpot EuroMillions Austria. Proverite svoje \u0161anse.","breadcrumb":{"@id":"https:\/\/lottomat.com\/sr\/lutrija\/euromillions-eu\/#breadcrumb"},"inLanguage":"sr-RS","potentialAction":[{"@type":"ReadAction","target":["https:\/\/lottomat.com\/sr\/lutrija\/euromillions-eu\/"]}]},{"@type":"ImageObject","inLanguage":"sr-RS","@id":"https:\/\/lottomat.com\/sr\/lutrija\/euromillions-eu\/#primaryimage","url":"https:\/\/lottomat.com\/wp-content\/uploads\/2026\/01\/Austrian-EuroMillions-prizes.webp","contentUrl":"https:\/\/lottomat.com\/wp-content\/uploads\/2026\/01\/Austrian-EuroMillions-prizes.webp"},{"@type":"BreadcrumbList","@id":"https:\/\/lottomat.com\/sr\/lutrija\/euromillions-eu\/#breadcrumb","itemListElement":[{"@type":"ListItem","position":1,"name":"Home","item":"https:\/\/lottomat.com\/sr\/"},{"@type":"ListItem","position":2,"name":"Pravila lutrije: Nagrade, D\u017eekpot i \u0160anse","item":"https:\/\/lottomat.com\/sr\/lutrija\/"},{"@type":"ListItem","position":3,"name":"Pravila EuroMillions Austria: Nagrade i Jackpot"}]},{"@type":"WebSite","@id":"https:\/\/lottomat.com\/sr\/#website","url":"https:\/\/lottomat.com\/sr\/","name":"Lottomat","description":"","potentialAction":[{"@type":"SearchAction","target":{"@type":"EntryPoint","urlTemplate":"https:\/\/lottomat.com\/sr\/?s={search_term_string}"},"query-input":{"@type":"PropertyValueSpecification","valueRequired":true,"valueName":"search_term_string"}}],"inLanguage":"sr-RS"}]}},"_links":{"self":[{"href":"https:\/\/lottomat.com\/sr\/wp-json\/wp\/v2\/pages\/247870","targetHints":{"allow":["GET"]}}],"collection":[{"href":"https:\/\/lottomat.com\/sr\/wp-json\/wp\/v2\/pages"}],"about":[{"href":"https:\/\/lottomat.com\/sr\/wp-json\/wp\/v2\/types\/page"}],"author":[{"embeddable":true,"href":"https:\/\/lottomat.com\/sr\/wp-json\/wp\/v2\/users\/2"}],"replies":[{"embeddable":true,"href":"https:\/\/lottomat.com\/sr\/wp-json\/wp\/v2\/comments?post=247870"}],"version-history":[{"count":2,"href":"https:\/\/lottomat.com\/sr\/wp-json\/wp\/v2\/pages\/247870\/revisions"}],"predecessor-version":[{"id":268473,"href":"https:\/\/lottomat.com\/sr\/wp-json\/wp\/v2\/pages\/247870\/revisions\/268473"}],"up":[{"embeddable":true,"href":"https:\/\/lottomat.com\/sr\/wp-json\/wp\/v2\/pages\/7098"}],"wp:attachment":[{"href":"https:\/\/lottomat.com\/sr\/wp-json\/wp\/v2\/media?parent=247870"}],"curies":[{"name":"wp","href":"https:\/\/api.w.org\/{rel}","templated":true}]}}