{"id":238202,"date":"2025-04-07T19:25:51","date_gmt":"2025-04-07T19:25:51","guid":{"rendered":"https:\/\/lottomat.net\/%d1%80%d0%b5%d0%b7%d1%83%d0%bb%d1%82%d0%b0%d1%82%d0%b8-%d0%bb%d1%83%d1%82%d1%80%d0%b8%d1%98%d0%b5\/%d1%81%d1%83%d0%bf%d0%b5%d1%80%d0%b5%d0%bd%d0%b0%d0%bb%d0%be%d1%82%d1%82%d0%be-%d1%80%d0%b5%d0%b7%d1%83%d0%bb%d1%82%d0%b0%d1%82%d0%b8\/"},"modified":"2025-10-05T16:46:24","modified_gmt":"2025-10-05T16:46:24","slug":"superenalotto","status":"publish","type":"page","link":"https:\/\/lottomat.com\/sr\/rezultati\/superenalotto\/","title":{"rendered":"Rezultati SuperEnalotto &#038; Dobitni Brojevi"},"content":{"rendered":"\n\n<div class=\"kk-star-ratings kksr-auto kksr-align-left kksr-valign-top\"\n    data-payload='{&quot;align&quot;:&quot;left&quot;,&quot;id&quot;:&quot;238202&quot;,&quot;slug&quot;:&quot;default&quot;,&quot;valign&quot;:&quot;top&quot;,&quot;ignore&quot;:&quot;&quot;,&quot;reference&quot;:&quot;auto&quot;,&quot;class&quot;:&quot;&quot;,&quot;count&quot;:&quot;0&quot;,&quot;legendonly&quot;:&quot;&quot;,&quot;readonly&quot;:&quot;&quot;,&quot;score&quot;:&quot;0&quot;,&quot;starsonly&quot;:&quot;&quot;,&quot;best&quot;:&quot;5&quot;,&quot;gap&quot;:&quot;5&quot;,&quot;greet&quot;:&quot;Rate this page&quot;,&quot;legend&quot;:&quot;0\\\/5 - (0 votes)&quot;,&quot;size&quot;:&quot;30&quot;,&quot;title&quot;:&quot;Rezultati SuperEnalotto \\u0026amp; Dobitni Brojevi&quot;,&quot;width&quot;:&quot;0&quot;,&quot;_legend&quot;:&quot;{score}\\\/{best} - ({count} {votes})&quot;,&quot;font_factor&quot;:&quot;1.25&quot;}'>\n            \n<div class=\"kksr-stars\">\n    \n<div class=\"kksr-stars-inactive\">\n            <div class=\"kksr-star\" data-star=\"1\" style=\"padding-right: 5px\">\n            \n\n<div class=\"kksr-icon\" style=\"width: 30px; height: 30px;\"><\/div>\n        <\/div>\n            <div class=\"kksr-star\" data-star=\"2\" style=\"padding-right: 5px\">\n            \n\n<div class=\"kksr-icon\" style=\"width: 30px; height: 30px;\"><\/div>\n        <\/div>\n            <div class=\"kksr-star\" data-star=\"3\" style=\"padding-right: 5px\">\n            \n\n<div class=\"kksr-icon\" style=\"width: 30px; height: 30px;\"><\/div>\n        <\/div>\n            <div class=\"kksr-star\" data-star=\"4\" style=\"padding-right: 5px\">\n            \n\n<div class=\"kksr-icon\" style=\"width: 30px; height: 30px;\"><\/div>\n        <\/div>\n            <div class=\"kksr-star\" data-star=\"5\" style=\"padding-right: 5px\">\n            \n\n<div class=\"kksr-icon\" style=\"width: 30px; height: 30px;\"><\/div>\n        <\/div>\n    <\/div>\n    \n<div class=\"kksr-stars-active\" style=\"width: 0px;\">\n            <div class=\"kksr-star\" style=\"padding-right: 5px\">\n            \n\n<div class=\"kksr-icon\" style=\"width: 30px; height: 30px;\"><\/div>\n        <\/div>\n            <div class=\"kksr-star\" style=\"padding-right: 5px\">\n            \n\n<div class=\"kksr-icon\" style=\"width: 30px; height: 30px;\"><\/div>\n        <\/div>\n            <div class=\"kksr-star\" style=\"padding-right: 5px\">\n            \n\n<div class=\"kksr-icon\" style=\"width: 30px; height: 30px;\"><\/div>\n        <\/div>\n            <div class=\"kksr-star\" style=\"padding-right: 5px\">\n            \n\n<div class=\"kksr-icon\" style=\"width: 30px; height: 30px;\"><\/div>\n        <\/div>\n            <div class=\"kksr-star\" style=\"padding-right: 5px\">\n            \n\n<div class=\"kksr-icon\" style=\"width: 30px; height: 30px;\"><\/div>\n        <\/div>\n    <\/div>\n<\/div>\n                \n\n<div class=\"kksr-legend\" style=\"font-size: 24px;\">\n            <span class=\"kksr-muted\">Rate this page<\/span>\n    <\/div>\n    <\/div>\n<p>Saznati rezultate SuperEnalotto za svako izvla\u010denje u kojem u\u010destvuju tvoje karte sigurno \u0107e biti pravo zadovoljstvo, posebno kada se ispostavi da si izabrao sre\u0107ne brojeve. Brzo i lako proveri na <a href=\"https:\/\/lottomat.com\/sr\/\">LottoMat sajtu<\/a> da li si uspeo da se pridru\u017ei\u0161 milionerima, jer objavljujemo rezultate odmah nakon izvla\u010denja, a oni dolaze iz zvani\u010dne objave organizatora SuperEnalotto lutrije. Moglo bi se re\u0107i da su <a href=\"https:\/\/lottomat.com\/sr\/rezultati\/\">na\u0161i rezultati lutrije<\/a> uvek vru\u0107i kao tek ispe\u010deni hleb.<\/p>\n<h2><img loading=\"lazy\" decoding=\"async\" class=\"wp-image-252676 alignleft\" src=\"https:\/\/lottomat.com\/wp-content\/uploads\/2025\/10\/Italian-lottery-numbers-300x300.webp\" alt=\"italijanski brojevi lutrije\" width=\"200\" height=\"200\" srcset=\"https:\/\/lottomat.com\/wp-content\/uploads\/2025\/10\/Italian-lottery-numbers-300x300.webp 300w, https:\/\/lottomat.com\/wp-content\/uploads\/2025\/10\/Italian-lottery-numbers-150x150.webp 150w, https:\/\/lottomat.com\/wp-content\/uploads\/2025\/10\/Italian-lottery-numbers-100x100.webp 100w, https:\/\/lottomat.com\/wp-content\/uploads\/2025\/10\/Italian-lottery-numbers.webp 400w\" sizes=\"auto, (max-width: 200px) 100vw, 200px\" \/>Kako Proveriti Trenutne Rezultate SuperEnalotto?<\/h2>\n<p>Zaista je lako kao pasulj i neverovatno brzo. <strong>Rezultati poslednjeg izvla\u010denja uvek se nalaze na vrhu stranice.<\/strong> Me\u0111utim, mo\u017ee te zbuniti bonus broj, takozvani Jolly, koji se pojavljuje u rezultatima, ali mi dobijamo rezultate direktno od organizatora, odmah nakon izvla\u010denja, pa se i taj mali dodatni broj, koji mogu izabrati samo Italijani u loto poslovnicama \u0161irom zemlje, tako\u0111e prikazuje. To zna\u010di da se fokusira\u0161 samo na glavne brojeve, jer ne u\u010destvuje\u0161 u izvla\u010denju Jolly broja. <strong>Rezultati na LottoMat sajtu prikazani su u tabeli prilago\u0111enoj korisniku i veoma su jednostavni za \u010ditanje.<\/strong><\/p>\n<h2>Kako Proveriti Arhivirane Rezultate SuperEnalotto?<\/h2>\n<p>Na LottoMat sajtu omogu\u0107avamo ti da pregleda\u0161 starije rezultate. Odmah pored nedavno izvu\u010denih brojeva stoji datum poslednjeg izvla\u010denja. <strong>Ako klikne\u0161 na taj datum, pojavi\u0107e se kalendar sa arhiviranim izvla\u010denjima.<\/strong> Sve \u0161to treba da uradi\u0161 jeste da odabere\u0161 datum koji te zanima i pogleda\u0161 rezultate prethodnog SuperEnalotto izvla\u010denja. Prikupljamo podatke za poslednjih 12 meseci i mo\u017ee\u0161 biti siguran da su oni pouzdano vo\u0111eni i, pre svega, ta\u010dni.<\/p>\n<h2>Kako Koristiti Arhivirane Dobitne Brojeve SuperEnalotto?<img loading=\"lazy\" decoding=\"async\" class=\"wp-image-252707 alignright\" src=\"https:\/\/lottomat.com\/wp-content\/uploads\/2025\/10\/Italian-lottery-results-300x300.webp\" alt=\"rezultati italijanske lutrije\" width=\"200\" height=\"200\" srcset=\"https:\/\/lottomat.com\/wp-content\/uploads\/2025\/10\/Italian-lottery-results-300x300.webp 300w, https:\/\/lottomat.com\/wp-content\/uploads\/2025\/10\/Italian-lottery-results-150x150.webp 150w, https:\/\/lottomat.com\/wp-content\/uploads\/2025\/10\/Italian-lottery-results-100x100.webp 100w, https:\/\/lottomat.com\/wp-content\/uploads\/2025\/10\/Italian-lottery-results.webp 400w\" sizes=\"auto, (max-width: 200px) 100vw, 200px\" \/><\/h2>\n<p>Zna\u0161 li za\u0161to su arhivirana izvla\u010denja korisna? Postoje tri glavna razloga. <strong>Prvo i najva\u017enije, omogu\u0107avaju ti da napravi\u0161 svoju jedinstvenu strategiju<\/strong> gde proverava\u0161 nedavno izvu\u010dene brojeve i procenjuje\u0161 \u0161anse za dobitak na izvla\u010denju. Drugo, mo\u017ee\u0161 proveriti da li se pojavila sre\u0107na \u0161estica, da li \u0107e biti d\u017eekpot i, osim toga, koji je bio najve\u0107i nedavni dobitak, kako bi mogao da izra\u010duna\u0161 potencijalni profit iz osvojenog izvla\u010denja. Tre\u0107e, mo\u017ee\u0161 videti koliko je SuperEnalotto imao dobitnika i koje nagrade su osvojili, \u010dak i ako nisu pogodili sve izvu\u010dene brojeve \u2013 a uvek ih ima na stotine hiljada! Sve \u0161to ti preostaje jeste da kupi\u0161 karte i drasti\u010dno promeni\u0161 svoj \u017eivot! I zapamti, svaka karta te vodi korak bli\u017ee dobitku na <a href=\"https:\/\/lottomat.com\/sr\/igrati\/superenalotto\/\">SuperEnalotto online<\/a>.<\/p>\n<h2>Koji Su Naj\u010de\u0161\u0107e Izvu\u010deni Brojevi u SuperEnalotto?<\/h2>\n<p>Prema statisti\u010dkoj analizi izvla\u010denja SuperEnalotto od 1997. godine, <strong>10 naj\u010de\u0161\u0107e izvu\u010denih brojeva uklju\u010duju 90, 85, 77, 86, 82, 55, 88, 80, 87 i 79.<\/strong> Ovi brojevi se \u010desto nazivaju \u201evru\u0107im brojevima\u201c u krugovima lutrije, zbog svoje \u010deste pojave u dobitnim kombinacijama. Broj 90 zauzima prvo mesto, jer je izvu\u010den stotinama puta tokom istorije igre. Igra\u010di \u010desto koriste ove statisti\u010dke podatke kako bi formirali svoje strategije biranja brojeva, iako je va\u017eno zapamtiti da je svako izvla\u010denje nezavisno i da pro\u0161li rezultati ne uti\u010du na budu\u0107e ishode.<\/p>\n<h2><img loading=\"lazy\" decoding=\"async\" class=\"wp-image-252737 alignleft\" src=\"https:\/\/lottomat.com\/wp-content\/uploads\/2025\/10\/SuperEnalotto-results-300x300.webp\" alt=\"rezultati SuperEnalotto\" width=\"200\" height=\"200\" srcset=\"https:\/\/lottomat.com\/wp-content\/uploads\/2025\/10\/SuperEnalotto-results-300x300.webp 300w, https:\/\/lottomat.com\/wp-content\/uploads\/2025\/10\/SuperEnalotto-results-150x150.webp 150w, https:\/\/lottomat.com\/wp-content\/uploads\/2025\/10\/SuperEnalotto-results-100x100.webp 100w, https:\/\/lottomat.com\/wp-content\/uploads\/2025\/10\/SuperEnalotto-results.webp 400w\" sizes=\"auto, (max-width: 200px) 100vw, 200px\" \/>Koji Su Najre\u0111e Izvu\u010deni Brojevi u SuperEnalotto?<\/h2>\n<p>Na drugom kraju spektra, SuperEnalotto ima nekoliko \u201ehladnih brojeva\u201c koji se re\u0111e pojavljuju u izvla\u010denjima. <strong>10 najre\u0111e izvu\u010denih brojeva obi\u010dno uklju\u010duje manje brojeve kao \u0161to su 1, 2, 3, 4, 5, 6, 7, 8, 9 i 10<\/strong>, mada to mo\u017ee varirati u zavisnosti od analiziranog perioda. Ovi hladni brojevi nisu se pojavljivali toliko \u010desto u dobitnim kombinacijama u pore\u0111enju sa vru\u0107im brojevima. Neki ljubitelji lutrije veruju da su hladni brojevi \u201ena redu\u201c da budu izvu\u010deni, dok drugi preferiraju vru\u0107e brojeve koji su ve\u0107 dokazali svoju u\u010destalost. Razumevanje obrazaca vru\u0107ih i hladnih brojeva mo\u017ee pomo\u0107i igra\u010dima da razviju sopstvene strategije igre.<\/p>\n<h2>Mogu Li Se Predvideti Rezultati SuperEnalotto?<\/h2>\n<p>Uprkos detaljnoj statisti\u010dkoj analizi dostupnoj za SuperEnalotto, klju\u010dno je razumeti da se <strong>rezultati lutrije ne mogu ta\u010dno predvideti.<\/strong> Svako izvla\u010denje SuperEnalotto potpuno je nasumi\u010dno i nezavisno od prethodnih rezultata. Iako prou\u010davanje vru\u0107ih i hladnih brojeva, tabela u\u010destalosti i istorijskih obrazaca mo\u017ee biti zanimljivo i mo\u017ee usmeriti tvoju strategiju izbora brojeva, te statistike ne garantuju budu\u0107i uspeh. Lutrija koristi sofisticirane sisteme za nasumi\u010dno generisanje brojeva, koji obezbe\u0111uju da svaki broj od 1 do 90 ima jednake \u0161anse da bude izvu\u010den u svakom izvla\u010denju. Matemati\u010dka verovatno\u0107a ostaje ista bez obzira na prethodne rezultate \u2013 to je poznato kao \u201ekockarska zabluda\u201c, kada ljudi pogre\u0161no veruju da pro\u0161li rezultati uti\u010du na budu\u0107e. Profesionalni matemati\u010dari i statisti\u010dari stalno nagla\u0161avaju da su igre poput SuperEnalotto igre \u010distog slu\u010daja. <strong>Najbolji pristup je da igra\u0161 odgovorno, u skladu sa svojim mogu\u0107nostima i radi zabave, a ne kao investicionu strategiju.<\/strong><\/p>\n<h2>Kako Proveriti Rezultate Ju\u010dera\u0161njeg SuperEnalotto Izvla\u010denja?<img loading=\"lazy\" decoding=\"async\" class=\"wp-image-252767 alignright\" src=\"https:\/\/lottomat.com\/wp-content\/uploads\/2025\/10\/SuperEnalotto-winning-numbers-300x300.webp\" alt=\"dobitni brojevi SuperEnalotto\" width=\"200\" height=\"200\" srcset=\"https:\/\/lottomat.com\/wp-content\/uploads\/2025\/10\/SuperEnalotto-winning-numbers-300x300.webp 300w, https:\/\/lottomat.com\/wp-content\/uploads\/2025\/10\/SuperEnalotto-winning-numbers-150x150.webp 150w, https:\/\/lottomat.com\/wp-content\/uploads\/2025\/10\/SuperEnalotto-winning-numbers-100x100.webp 100w, https:\/\/lottomat.com\/wp-content\/uploads\/2025\/10\/SuperEnalotto-winning-numbers.webp 400w\" sizes=\"auto, (max-width: 200px) 100vw, 200px\" \/><\/h2>\n<p>Proveravanje rezultata SuperEnalotto od ju\u010de na LottoMat sajtu je jednostavno i prakti\u010dno. Na\u0161a platforma odr\u017eava potpune arhive svih nedavnih izvla\u010denja, \u010dine\u0107i lako dostupnim rezultate od ju\u010de, pro\u0161le nedelje ili \u010dak pro\u0161log meseca. <strong>Bilo da tra\u017ei\u0161 najnovije rezultate od danas ili \u017eeli\u0161 da proveri\u0161 brojeve iz prethodnih izvla\u010denja, LottoMat pru\u017ea pouzdane i ta\u010dne informacije o italijanskoj lutriji.<\/strong> Samo idi na na\u0161u sekciju sa rezultatima, gde \u0107e\u0161 prona\u0107i hronolo\u0161ki spisak svih nedavnih SuperEnalotto izvla\u010denja. Svaki unos sadr\u017ei \u0161est glavnih dobitnih brojeva, broj Jolly i broj SuperStar, ako je primenljivo. Mo\u017ee\u0161 kliknuti na bilo koji datum da vidi\u0161 detaljne informacije o tom izvla\u010denju, uklju\u010duju\u0107i raspodelu nagrada i statistiku o dobitnicima. Zapamti da na LottoMat <strong>nije va\u017eno da li tra\u017ei\u0161 dana\u0161nje rezultate, brojeve od ju\u010de ili rezultate od pre nekoliko nedelja \u2013 uvek \u0107e\u0161 prona\u0107i autenti\u010dne rezultate italijanske lutrije<\/strong> kojima mo\u017ee\u0161 potpuno verovati.<\/p>\n<h2>Koliko Je Ljudi Dobilo na Poslednjem SuperEnalotto Izvla\u010denju?<\/h2>\n<p>Svako SuperEnalotto izvla\u010denje donosi vi\u0161e dobitnika na razli\u010ditim <a href=\"https:\/\/lottomat.com\/sr\/lutrija\/superenalotto\/\">nivoima nagrada SuperEnalotto<\/a>, a ne samo d\u017eekpot dobitnika. <strong>Na\u0161a detaljna tabela raspodele nagrada pru\u017ea kompletne informacije o broju dobitnika na svakom nivou nagrada i odgovaraju\u0107im iznosima koje su osvojili.<\/strong> Ovi dragoceni podaci poma\u017eu igra\u010dima da razumeju razli\u010dite na\u010dine na koje se mo\u017ee osvojiti u SuperEnalotto, ne samo pogodiv\u0161i svih \u0161est brojeva. Obi\u010dno, <strong>hiljade igra\u010da osvajaju nagrade u svakom SuperEnalotto izvla\u010denju na svim nivoima nagrada<\/strong>, pri \u010demu ve\u0107ina dobija manje iznose za pogo\u0111ena 2-3 broja. Ove informacije se a\u017euriraju odmah nakon svakog izvla\u010denja i obezbe\u0111uju transparentnost u vezi raspodele nagrada, poma\u017eu\u0107i igra\u010dima da razumeju svoje potencijalne dobitke na razli\u010ditim nivoima podudaranja.<\/p>\n","protected":false},"excerpt":{"rendered":"<p>Saznati rezultate SuperEnalotto za svako izvla\u010denje u kojem u\u010destvuju tvoje karte sigurno \u0107e biti pravo zadovoljstvo, posebno kada se ispostavi da si izabrao sre\u0107ne brojeve. Brzo i lako proveri na LottoMat sajtu da li si uspeo da se pridru\u017ei\u0161 milionerima, jer objavljujemo rezultate odmah nakon izvla\u010denja, a oni dolaze iz zvani\u010dne objave organizatora SuperEnalotto lutrije. [&hellip;]<\/p>\n","protected":false},"author":1,"featured_media":0,"parent":7641,"menu_order":5,"comment_status":"closed","ping_status":"closed","template":"superenalotto-results.php","meta":{"_et_pb_use_builder":"","_et_pb_old_content":"","_et_gb_content_width":"","exclude_from_search":false,"footnotes":""},"class_list":["post-238202","page","type-page","status-publish","hentry"],"yoast_head":"<!-- This site is optimized with the Yoast SEO plugin v23.8 - https:\/\/yoast.com\/wordpress\/plugins\/seo\/ -->\n<title>Rezultati SuperEnalotto &amp; Dobitni Brojevi - Lottomat Srbija<\/title>\n<meta name=\"description\" content=\"Proveri sada najnovije rezultate SuperEnalotto! Pogledaj dana\u0161nje dobitne brojeve i saznaj da li si osvojio na italijanskom izvla\u010denju.\" \/>\n<meta name=\"robots\" content=\"index, follow, max-snippet:-1, max-image-preview:large, max-video-preview:-1\" \/>\n<link rel=\"canonical\" href=\"https:\/\/lottomat.com\/sr\/rezultati\/superenalotto\/\" \/>\n<meta property=\"og:locale\" content=\"sr_RS\" \/>\n<meta property=\"og:type\" content=\"article\" \/>\n<meta property=\"og:title\" content=\"Rezultati SuperEnalotto &amp; Dobitni Brojevi - Lottomat Srbija\" \/>\n<meta property=\"og:description\" content=\"Proveri sada najnovije rezultate SuperEnalotto! Pogledaj dana\u0161nje dobitne brojeve i saznaj da li si osvojio na italijanskom izvla\u010denju.\" \/>\n<meta property=\"og:url\" content=\"https:\/\/lottomat.com\/sr\/rezultati\/superenalotto\/\" \/>\n<meta property=\"og:site_name\" content=\"Lottomat\" \/>\n<meta property=\"article:modified_time\" content=\"2025-10-05T16:46:24+00:00\" \/>\n<meta property=\"og:image\" content=\"https:\/\/lottomat.com\/wp-content\/uploads\/2025\/10\/Italian-lottery-numbers-300x300.webp\" \/>\n<meta name=\"twitter:card\" content=\"summary_large_image\" \/>\n<meta name=\"twitter:label1\" content=\"\u041f\u0440\u043e\u0446\u0435\u045a\u0435\u043d\u043e \u0432\u0440\u0435\u043c\u0435 \u0447\u0438\u0442\u0430\u045a\u0430\" \/>\n\t<meta name=\"twitter:data1\" content=\"6 \u043c\u0438\u043d\u0443\u0442\u0430\" \/>\n<script type=\"application\/ld+json\" class=\"yoast-schema-graph\">{\"@context\":\"https:\/\/schema.org\",\"@graph\":[{\"@type\":\"WebPage\",\"@id\":\"https:\/\/lottomat.com\/sr\/rezultati\/superenalotto\/\",\"url\":\"https:\/\/lottomat.com\/sr\/rezultati\/superenalotto\/\",\"name\":\"Rezultati SuperEnalotto & Dobitni Brojevi - Lottomat Srbija\",\"isPartOf\":{\"@id\":\"https:\/\/lottomat.com\/sr\/#website\"},\"primaryImageOfPage\":{\"@id\":\"https:\/\/lottomat.com\/sr\/rezultati\/superenalotto\/#primaryimage\"},\"image\":{\"@id\":\"https:\/\/lottomat.com\/sr\/rezultati\/superenalotto\/#primaryimage\"},\"thumbnailUrl\":\"https:\/\/lottomat.com\/wp-content\/uploads\/2025\/10\/Italian-lottery-numbers-300x300.webp\",\"datePublished\":\"2025-04-07T19:25:51+00:00\",\"dateModified\":\"2025-10-05T16:46:24+00:00\",\"description\":\"Proveri sada najnovije rezultate SuperEnalotto! Pogledaj dana\u0161nje dobitne brojeve i saznaj da li si osvojio na italijanskom izvla\u010denju.\",\"breadcrumb\":{\"@id\":\"https:\/\/lottomat.com\/sr\/rezultati\/superenalotto\/#breadcrumb\"},\"inLanguage\":\"sr-RS\",\"potentialAction\":[{\"@type\":\"ReadAction\",\"target\":[\"https:\/\/lottomat.com\/sr\/rezultati\/superenalotto\/\"]}]},{\"@type\":\"ImageObject\",\"inLanguage\":\"sr-RS\",\"@id\":\"https:\/\/lottomat.com\/sr\/rezultati\/superenalotto\/#primaryimage\",\"url\":\"https:\/\/lottomat.com\/wp-content\/uploads\/2025\/10\/Italian-lottery-numbers-300x300.webp\",\"contentUrl\":\"https:\/\/lottomat.com\/wp-content\/uploads\/2025\/10\/Italian-lottery-numbers-300x300.webp\"},{\"@type\":\"BreadcrumbList\",\"@id\":\"https:\/\/lottomat.com\/sr\/rezultati\/superenalotto\/#breadcrumb\",\"itemListElement\":[{\"@type\":\"ListItem\",\"position\":1,\"name\":\"Home\",\"item\":\"https:\/\/lottomat.com\/sr\/\"},{\"@type\":\"ListItem\",\"position\":2,\"name\":\"Najnoviji rezultati lutrije i dobitni brojevi\",\"item\":\"https:\/\/lottomat.com\/sr\/rezultati\/\"},{\"@type\":\"ListItem\",\"position\":3,\"name\":\"Rezultati SuperEnalotto &#038; Dobitni Brojevi\"}]},{\"@type\":\"WebSite\",\"@id\":\"https:\/\/lottomat.com\/sr\/#website\",\"url\":\"https:\/\/lottomat.com\/sr\/\",\"name\":\"Lottomat\",\"description\":\"\",\"potentialAction\":[{\"@type\":\"SearchAction\",\"target\":{\"@type\":\"EntryPoint\",\"urlTemplate\":\"https:\/\/lottomat.com\/sr\/?s={search_term_string}\"},\"query-input\":{\"@type\":\"PropertyValueSpecification\",\"valueRequired\":true,\"valueName\":\"search_term_string\"}}],\"inLanguage\":\"sr-RS\"}]}<\/script>\n<!-- \/ Yoast SEO plugin. -->","yoast_head_json":{"title":"Rezultati SuperEnalotto & Dobitni Brojevi - Lottomat Srbija","description":"Proveri sada najnovije rezultate SuperEnalotto! Pogledaj dana\u0161nje dobitne brojeve i saznaj da li si osvojio na italijanskom izvla\u010denju.","robots":{"index":"index","follow":"follow","max-snippet":"max-snippet:-1","max-image-preview":"max-image-preview:large","max-video-preview":"max-video-preview:-1"},"canonical":"https:\/\/lottomat.com\/sr\/rezultati\/superenalotto\/","og_locale":"sr_RS","og_type":"article","og_title":"Rezultati SuperEnalotto & Dobitni Brojevi - Lottomat Srbija","og_description":"Proveri sada najnovije rezultate SuperEnalotto! Pogledaj dana\u0161nje dobitne brojeve i saznaj da li si osvojio na italijanskom izvla\u010denju.","og_url":"https:\/\/lottomat.com\/sr\/rezultati\/superenalotto\/","og_site_name":"Lottomat","article_modified_time":"2025-10-05T16:46:24+00:00","og_image":[{"url":"https:\/\/lottomat.com\/wp-content\/uploads\/2025\/10\/Italian-lottery-numbers-300x300.webp"}],"twitter_card":"summary_large_image","twitter_misc":{"\u041f\u0440\u043e\u0446\u0435\u045a\u0435\u043d\u043e \u0432\u0440\u0435\u043c\u0435 \u0447\u0438\u0442\u0430\u045a\u0430":"6 \u043c\u0438\u043d\u0443\u0442\u0430"},"schema":{"@context":"https:\/\/schema.org","@graph":[{"@type":"WebPage","@id":"https:\/\/lottomat.com\/sr\/rezultati\/superenalotto\/","url":"https:\/\/lottomat.com\/sr\/rezultati\/superenalotto\/","name":"Rezultati SuperEnalotto & Dobitni Brojevi - Lottomat Srbija","isPartOf":{"@id":"https:\/\/lottomat.com\/sr\/#website"},"primaryImageOfPage":{"@id":"https:\/\/lottomat.com\/sr\/rezultati\/superenalotto\/#primaryimage"},"image":{"@id":"https:\/\/lottomat.com\/sr\/rezultati\/superenalotto\/#primaryimage"},"thumbnailUrl":"https:\/\/lottomat.com\/wp-content\/uploads\/2025\/10\/Italian-lottery-numbers-300x300.webp","datePublished":"2025-04-07T19:25:51+00:00","dateModified":"2025-10-05T16:46:24+00:00","description":"Proveri sada najnovije rezultate SuperEnalotto! Pogledaj dana\u0161nje dobitne brojeve i saznaj da li si osvojio na italijanskom izvla\u010denju.","breadcrumb":{"@id":"https:\/\/lottomat.com\/sr\/rezultati\/superenalotto\/#breadcrumb"},"inLanguage":"sr-RS","potentialAction":[{"@type":"ReadAction","target":["https:\/\/lottomat.com\/sr\/rezultati\/superenalotto\/"]}]},{"@type":"ImageObject","inLanguage":"sr-RS","@id":"https:\/\/lottomat.com\/sr\/rezultati\/superenalotto\/#primaryimage","url":"https:\/\/lottomat.com\/wp-content\/uploads\/2025\/10\/Italian-lottery-numbers-300x300.webp","contentUrl":"https:\/\/lottomat.com\/wp-content\/uploads\/2025\/10\/Italian-lottery-numbers-300x300.webp"},{"@type":"BreadcrumbList","@id":"https:\/\/lottomat.com\/sr\/rezultati\/superenalotto\/#breadcrumb","itemListElement":[{"@type":"ListItem","position":1,"name":"Home","item":"https:\/\/lottomat.com\/sr\/"},{"@type":"ListItem","position":2,"name":"Najnoviji rezultati lutrije i dobitni brojevi","item":"https:\/\/lottomat.com\/sr\/rezultati\/"},{"@type":"ListItem","position":3,"name":"Rezultati SuperEnalotto &#038; Dobitni Brojevi"}]},{"@type":"WebSite","@id":"https:\/\/lottomat.com\/sr\/#website","url":"https:\/\/lottomat.com\/sr\/","name":"Lottomat","description":"","potentialAction":[{"@type":"SearchAction","target":{"@type":"EntryPoint","urlTemplate":"https:\/\/lottomat.com\/sr\/?s={search_term_string}"},"query-input":{"@type":"PropertyValueSpecification","valueRequired":true,"valueName":"search_term_string"}}],"inLanguage":"sr-RS"}]}},"_links":{"self":[{"href":"https:\/\/lottomat.com\/sr\/wp-json\/wp\/v2\/pages\/238202","targetHints":{"allow":["GET"]}}],"collection":[{"href":"https:\/\/lottomat.com\/sr\/wp-json\/wp\/v2\/pages"}],"about":[{"href":"https:\/\/lottomat.com\/sr\/wp-json\/wp\/v2\/types\/page"}],"author":[{"embeddable":true,"href":"https:\/\/lottomat.com\/sr\/wp-json\/wp\/v2\/users\/1"}],"replies":[{"embeddable":true,"href":"https:\/\/lottomat.com\/sr\/wp-json\/wp\/v2\/comments?post=238202"}],"version-history":[{"count":2,"href":"https:\/\/lottomat.com\/sr\/wp-json\/wp\/v2\/pages\/238202\/revisions"}],"predecessor-version":[{"id":253071,"href":"https:\/\/lottomat.com\/sr\/wp-json\/wp\/v2\/pages\/238202\/revisions\/253071"}],"up":[{"embeddable":true,"href":"https:\/\/lottomat.com\/sr\/wp-json\/wp\/v2\/pages\/7641"}],"wp:attachment":[{"href":"https:\/\/lottomat.com\/sr\/wp-json\/wp\/v2\/media?parent=238202"}],"curies":[{"name":"wp","href":"https:\/\/api.w.org\/{rel}","templated":true}]}}