{"id":237791,"date":"2025-04-07T19:24:29","date_gmt":"2025-04-07T19:24:29","guid":{"rendered":"https:\/\/lottomat.net\/%d1%80%d0%b5%d0%b7%d1%83%d0%bb%d1%82%d0%b0%d1%82%d0%b8-%d0%bb%d1%83%d1%82%d1%80%d0%b8%d1%98%d0%b5\/%d0%bc%d0%b5%d0%b3%d0%b0-%d0%bc%d0%b8%d0%bb%d0%bb%d0%b8%d0%be%d0%bd%d1%81-%d1%80%d0%b5%d0%b7%d1%83%d0%bb%d1%82%d0%b0%d1%82%d0%b8\/"},"modified":"2025-10-05T09:26:14","modified_gmt":"2025-10-05T09:26:14","slug":"mega-millions","status":"publish","type":"page","link":"https:\/\/lottomat.com\/sr\/rezultati\/mega-millions\/","title":{"rendered":"Rezultati Mega Millions &#038; Dobitni Brojevi"},"content":{"rendered":"\n\n<div class=\"kk-star-ratings kksr-auto kksr-align-left kksr-valign-top\"\n    data-payload='{&quot;align&quot;:&quot;left&quot;,&quot;id&quot;:&quot;237791&quot;,&quot;slug&quot;:&quot;default&quot;,&quot;valign&quot;:&quot;top&quot;,&quot;ignore&quot;:&quot;&quot;,&quot;reference&quot;:&quot;auto&quot;,&quot;class&quot;:&quot;&quot;,&quot;count&quot;:&quot;0&quot;,&quot;legendonly&quot;:&quot;&quot;,&quot;readonly&quot;:&quot;&quot;,&quot;score&quot;:&quot;0&quot;,&quot;starsonly&quot;:&quot;&quot;,&quot;best&quot;:&quot;5&quot;,&quot;gap&quot;:&quot;5&quot;,&quot;greet&quot;:&quot;Rate this page&quot;,&quot;legend&quot;:&quot;0\\\/5 - (0 votes)&quot;,&quot;size&quot;:&quot;30&quot;,&quot;title&quot;:&quot;Rezultati Mega Millions \\u0026amp; Dobitni Brojevi&quot;,&quot;width&quot;:&quot;0&quot;,&quot;_legend&quot;:&quot;{score}\\\/{best} - ({count} {votes})&quot;,&quot;font_factor&quot;:&quot;1.25&quot;}'>\n            \n<div class=\"kksr-stars\">\n    \n<div class=\"kksr-stars-inactive\">\n            <div class=\"kksr-star\" data-star=\"1\" style=\"padding-right: 5px\">\n            \n\n<div class=\"kksr-icon\" style=\"width: 30px; height: 30px;\"><\/div>\n        <\/div>\n            <div class=\"kksr-star\" data-star=\"2\" style=\"padding-right: 5px\">\n            \n\n<div class=\"kksr-icon\" style=\"width: 30px; height: 30px;\"><\/div>\n        <\/div>\n            <div class=\"kksr-star\" data-star=\"3\" style=\"padding-right: 5px\">\n            \n\n<div class=\"kksr-icon\" style=\"width: 30px; height: 30px;\"><\/div>\n        <\/div>\n            <div class=\"kksr-star\" data-star=\"4\" style=\"padding-right: 5px\">\n            \n\n<div class=\"kksr-icon\" style=\"width: 30px; height: 30px;\"><\/div>\n        <\/div>\n            <div class=\"kksr-star\" data-star=\"5\" style=\"padding-right: 5px\">\n            \n\n<div class=\"kksr-icon\" style=\"width: 30px; height: 30px;\"><\/div>\n        <\/div>\n    <\/div>\n    \n<div class=\"kksr-stars-active\" style=\"width: 0px;\">\n            <div class=\"kksr-star\" style=\"padding-right: 5px\">\n            \n\n<div class=\"kksr-icon\" style=\"width: 30px; height: 30px;\"><\/div>\n        <\/div>\n            <div class=\"kksr-star\" style=\"padding-right: 5px\">\n            \n\n<div class=\"kksr-icon\" style=\"width: 30px; height: 30px;\"><\/div>\n        <\/div>\n            <div class=\"kksr-star\" style=\"padding-right: 5px\">\n            \n\n<div class=\"kksr-icon\" style=\"width: 30px; height: 30px;\"><\/div>\n        <\/div>\n            <div class=\"kksr-star\" style=\"padding-right: 5px\">\n            \n\n<div class=\"kksr-icon\" style=\"width: 30px; height: 30px;\"><\/div>\n        <\/div>\n            <div class=\"kksr-star\" style=\"padding-right: 5px\">\n            \n\n<div class=\"kksr-icon\" style=\"width: 30px; height: 30px;\"><\/div>\n        <\/div>\n    <\/div>\n<\/div>\n                \n\n<div class=\"kksr-legend\" style=\"font-size: 24px;\">\n            <span class=\"kksr-muted\">Rate this page<\/span>\n    <\/div>\n    <\/div>\n<p>Karte za lutriju Mega Millions se kupuju, dobitni brojevi Mega Millions se biraju, a ti se fokusira\u0161 samo na sre\u0107ne planove i snove koji mogu postati stvarnost ako u\u0111e\u0161 u krug milionera. Nema ni\u010deg lo\u0161eg u tome, svi imamo svoje snove. Vrlo je verovatno da se misli svakog igra\u010da vrte oko dobitka pre nego \u0161to sazna rezultate izvla\u010denja Mega Millions, a <strong>Mega Millions je igra koja zaista mo\u017ee mnogo da pru\u017ei<\/strong>.<\/p>\n<h2>Da li je Mogu\u0107e Dobiti sa Brojevima Mega Millions?<img loading=\"lazy\" decoding=\"async\" class=\"alignright wp-image-251955\" src=\"https:\/\/lottomat.com\/wp-content\/uploads\/2025\/10\/Mega-Millions-winning-numbers.webp\" alt=\"Dobitni brojevi Mega Millions\" width=\"200\" height=\"200\" srcset=\"https:\/\/lottomat.com\/wp-content\/uploads\/2025\/10\/Mega-Millions-winning-numbers.webp 400w, https:\/\/lottomat.com\/wp-content\/uploads\/2025\/10\/Mega-Millions-winning-numbers-300x300.webp 300w, https:\/\/lottomat.com\/wp-content\/uploads\/2025\/10\/Mega-Millions-winning-numbers-150x150.webp 150w, https:\/\/lottomat.com\/wp-content\/uploads\/2025\/10\/Mega-Millions-winning-numbers-100x100.webp 100w\" sizes=\"auto, (max-width: 200px) 100vw, 200px\" \/><\/h2>\n<p>Dok ne <a href=\"https:\/\/lottomat.com\/sr\/rezultati\/\">proveri\u0161 trenutne rezultate izvla\u010denja<\/a>, mo\u017ee\u0161 da sanja\u0161, ali samo izvla\u010denje brojeva koje si izabrao mo\u017ee pretvoriti taj lep san u stvarnost, zato nema razloga da \u010deka\u0161 \u2013 igraj i proveri. Sve \u0161to treba da uradi\u0161 posle izvla\u010denja jeste da <a href=\"https:\/\/lottomat.com\/sr\/\">poseti\u0161 stranicu sa rezultatima Lottomat<\/a> za Mega Millions i vidi\u0161 koji brojevi su izvu\u010deni; ako se poklapaju sa tvojom kartom, to zna\u010di da si me\u0111u dobitnicima <a href=\"https:\/\/lottomat.com\/sr\/lutrija\/mega-milions\/\">nagrada i d\u017eekpota Mega Millions<\/a>. <strong>Izvla\u010denje Mega Millions odr\u017eava se redovno dva puta nedeljno, svake srede i subote u 03:00 UTC<\/strong>. Objavljujemo aktuelne rezultate Mega Millions odmah nakon zavr\u0161etka izvla\u010denja i oni dolaze iz zvani\u010dnih informacija organizatora, \u0161to ih \u010dini 100% proverenim i pouzdanim. Jedino na \u0161ta treba da obrati\u0161 pa\u017enju jeste da prilagodi\u0161 vreme svom lokalnom vremenskom podru\u010dju.<\/p>\n<h2>Kako Proveriti Dana\u0161nje Rezultate Mega Millions?<\/h2>\n<p><strong>Trenutni rezultati Mega Millions su dostupni odmah na sajtu Lottomat nakon svakog izvla\u010denja<\/strong>. Svi objavljeni rezultati dolaze direktno iz zvani\u010dnih izvora lutrije, obezbe\u0111uju\u0107i ta\u010dnost i pouzdanost. Najnovije dobitne brojeve mo\u017ee\u0161 da prona\u0111e\u0161 na na\u0161oj posebnoj stranici sa rezultatima Mega Millions. Rezultati se a\u017euriraju u realnom vremenu posle svakog izvla\u010denja, tako da \u0107e\u0161 uvek imati pristup najnovijim informacijama. Samo u\u0111i u sekciju sa rezultatima da otkrije\u0161 da li su tvoji brojevi od tebe napravili slede\u0107eg dobitnika Mega Millions.<\/p>\n<h2><img loading=\"lazy\" decoding=\"async\" class=\"alignleft wp-image-251985\" src=\"https:\/\/lottomat.com\/wp-content\/uploads\/2025\/10\/Mega-Millions-results.webp\" alt=\"Rezultati Mega Millions\" width=\"200\" height=\"200\" srcset=\"https:\/\/lottomat.com\/wp-content\/uploads\/2025\/10\/Mega-Millions-results.webp 400w, https:\/\/lottomat.com\/wp-content\/uploads\/2025\/10\/Mega-Millions-results-300x300.webp 300w, https:\/\/lottomat.com\/wp-content\/uploads\/2025\/10\/Mega-Millions-results-150x150.webp 150w, https:\/\/lottomat.com\/wp-content\/uploads\/2025\/10\/Mega-Millions-results-100x100.webp 100w\" sizes=\"auto, (max-width: 200px) 100vw, 200px\" \/>Kako Proveriti Istorijske Rezultate Mega Millions i Dobitne Brojeve?<\/h2>\n<p>Znamo koliko su arhivirani rezultati lutrije va\u017eni za mnoge od nas, jer neki od vas grade svoju strategiju za naredna izvla\u010denja na osnovu njih. Sve \u0161to treba da uradi\u0161 da bi ih koristio jeste da ode\u0161 u na\u0161 kalendar rezultata. On se nalazi gore desno. Nakon klika na datum, mo\u017ee\u0161 slobodno prebacivati na druge periode. <strong>Tamo mo\u017ee\u0161 proveriti dobitne brojeve Mega Millions izvu\u010dene u poslednjim nedeljama i videti koliko je va\u017ena raznovrsnost brojeva na kartama<\/strong>.<\/p>\n<h2>Kako Koristiti Arhivu Dobitnih Brojeva Mega Millions?<\/h2>\n<p>Istorijska arhiva rezultata Mega Millions slu\u017ei kao dragoceni alat za igra\u010de koji \u017eele da analiziraju obrasce i razviju svoje strategije igranja. Posmatraju\u0107i prethodna izvla\u010denja, mo\u017ee\u0161 identifikovati trendove u u\u010destalosti brojeva i donositi informisanije odluke o izboru. <strong>Arhiva ti omogu\u0107ava da prati\u0161 koji brojevi su se \u010desto pojavljivali zajedno, poma\u017eu\u0107i ti da razume\u0161 obrasce igre tokom vremena<\/strong>. Mnogi uspe\u0161ni igra\u010di koriste ove istorijske podatke da kreiraju sistematske pristupe izboru brojeva, iako je va\u017eno imati na umu da je svako izvla\u010denje nezavisno i nasumi\u010dno. Arhiva pru\u017ea uvide u kombinacije brojeva koje su vi\u0161e puta izvla\u010dene, daju\u0107i ti osnovu za sopstvenu metodologiju izbora. Me\u0111utim, pro\u0161li rezultati ne garantuju budu\u0107e ishode u igrama na sre\u0107u.<\/p>\n<h2>Koji Su Naj\u010de\u0161\u0107e Izvu\u010deni Brojevi u Mega Millions?<img loading=\"lazy\" decoding=\"async\" class=\"alignright wp-image-252015\" src=\"https:\/\/lottomat.com\/wp-content\/uploads\/2025\/10\/drawing-results.webp\" alt=\"Rezultati izvla\u010denja\" width=\"200\" height=\"200\" srcset=\"https:\/\/lottomat.com\/wp-content\/uploads\/2025\/10\/drawing-results.webp 400w, https:\/\/lottomat.com\/wp-content\/uploads\/2025\/10\/drawing-results-300x300.webp 300w, https:\/\/lottomat.com\/wp-content\/uploads\/2025\/10\/drawing-results-150x150.webp 150w, https:\/\/lottomat.com\/wp-content\/uploads\/2025\/10\/drawing-results-100x100.webp 100w\" sizes=\"auto, (max-width: 200px) 100vw, 200px\" \/><\/h2>\n<p>Ve\u0107 smo pomenuli pripremu dobre strategije koriste\u0107i prethodno izvu\u010dene brojeve, ali postoji jednako dobra podr\u0161ka u vidu statistike za izvla\u010denje odre\u0111enih brojeva. Ispostavlja se da postoje brojevi koji se izvla\u010de mnogo \u010de\u0161\u0107e od drugih. Na sajtu Lottomat prona\u0107i \u0107e\u0161 sve te informacije za svaku lutriju. <strong>Naj\u010de\u0161\u0107e izvu\u010deni brojevi za Mega Millions su: 29, 4, 48 i 36<\/strong>. Broj 48 je ve\u0107 izvu\u010den 80 puta od 2005. godine. <strong>\u0160to se ti\u010de Mega Ball-a, naj\u010de\u0161\u0107e izvu\u010deni brojevi su 35, 9, 36 i 7<\/strong>. \u017delimo ti samo najprofitabilnije rezultate Mega Millions!<\/p>\n<h2>Koji Su Najre\u0111e Izvu\u010deni Brojevi u Mega Millions?<\/h2>\n<p>Dok se neki brojevi \u010desto pojavljuju na izvla\u010denjima Mega Millions, drugi se izvla\u010de re\u0111e, stvaraju\u0107i ono \u0161to igra\u010di nazivaju \u201ehladni\u201c brojevi. <strong>Ovi re\u0111e izvu\u010deni brojevi mogu biti jednako vredni u stvaranju uravnote\u017eene strategije<\/strong>. Neki igra\u010di vole da uklju\u010de ove retke brojeve u svoje izbore, veruju\u0107i da je \u201edo\u0161ao njihov red\u201c da se pojave. <strong>Najre\u0111e izvu\u010deni glavni brojevi u istoriji Mega Millions uklju\u010duju 50, 51, 65, 66 i 67<\/strong>. Ovi brojevi su izvu\u010deni znatno manje puta u pore\u0111enju sa naj\u010de\u0161\u0107im brojevima, neki samo 66-84 puta tokom istorije igre. Me\u0111u brojevima Mega Ball, odre\u0111eni brojevi poput 15 i oni sa ve\u0107im vrednostima obi\u010dno se pojavljuju re\u0111e u novijim izvla\u010denjima. Najre\u0111e izvu\u010deni glavni brojevi uklju\u010duju nekoliko ve\u0107ih brojeva iz dostupnog opsega, iako se specifi\u010dni brojevi menjaju tokom vremena kako se obavlja vi\u0161e izvla\u010denja. <strong>Broj 50 se isti\u010de kao jedan od najhladnijih, jer je izvu\u010den samo 66 puta od po\u010detka igre<\/strong>. Vredi napomenuti da u istinski nasumi\u010dnom sistemu svi brojevi imaju jednaku verovatno\u0107u da budu izvu\u010deni na svakom izvla\u010denju, bez obzira na njihovu istorijsku u\u010destalost.<\/p>\n<h2><img loading=\"lazy\" decoding=\"async\" class=\"alignleft wp-image-252045\" src=\"https:\/\/lottomat.com\/wp-content\/uploads\/2025\/10\/Mega-Millions-draw.webp\" alt=\"Izvla\u010denje Mega Millions\" width=\"200\" height=\"200\" srcset=\"https:\/\/lottomat.com\/wp-content\/uploads\/2025\/10\/Mega-Millions-draw.webp 400w, https:\/\/lottomat.com\/wp-content\/uploads\/2025\/10\/Mega-Millions-draw-300x300.webp 300w, https:\/\/lottomat.com\/wp-content\/uploads\/2025\/10\/Mega-Millions-draw-150x150.webp 150w, https:\/\/lottomat.com\/wp-content\/uploads\/2025\/10\/Mega-Millions-draw-100x100.webp 100w\" sizes=\"auto, (max-width: 200px) 100vw, 200px\" \/>Mogu li se Rezultati Mega Millions Predvideti?<\/h2>\n<p>Pitanje da li se rezultati lutrije mogu predvideti fascinira igra\u010de generacijama. <strong>Izvla\u010denja Mega Millions se sprovode koriste\u0107i sertifikovane metode nasumi\u010dnog generisanja brojeva, \u0161to \u010dini pravo predvi\u0111anje matemati\u010dki nemogu\u0107im<\/strong>. Svaka loptica ima jednake \u0161anse da bude izabrana u svakom izvla\u010denju, bez obzira kada je poslednji put izvu\u010dena. Iako statisti\u010dka analiza pro\u0161lih rezultata mo\u017ee otkriti zanimljive obrasce i u\u010destalosti, ti obrasci ne mogu pouzdano predvideti budu\u0107e ishode. Nasumi\u010dna priroda izvla\u010denja zna\u010di da svaka kombinacija brojeva ima istu verovatno\u0107u da dobije kao i bilo koja druga, bilo da je to sekvenca 1-2-3-4-5 ili naizgled nasumi\u010dan miks brojeva. <strong>Najbolji pristup je da <a href=\"https:\/\/lottomat.com\/sr\/igrati\/mega-millions\/\">igra\u0161 Mega Millions online<\/a> odgovorno i da zapamti\u0161 da su lutrijske igre osmi\u0161ljene da budu igre na sre\u0107u, a ne igre ve\u0161tine ili predvi\u0111anja<\/strong>.<\/p>\n","protected":false},"excerpt":{"rendered":"<p>Karte za lutriju Mega Millions se kupuju, dobitni brojevi Mega Millions se biraju, a ti se fokusira\u0161 samo na sre\u0107ne planove i snove koji mogu postati stvarnost ako u\u0111e\u0161 u krug milionera. Nema ni\u010deg lo\u0161eg u tome, svi imamo svoje snove. Vrlo je verovatno da se misli svakog igra\u010da vrte oko dobitka pre nego \u0161to [&hellip;]<\/p>\n","protected":false},"author":1,"featured_media":0,"parent":7641,"menu_order":2,"comment_status":"closed","ping_status":"closed","template":"megamillion-results.php","meta":{"_et_pb_use_builder":"","_et_pb_old_content":"","_et_gb_content_width":"","exclude_from_search":false,"footnotes":""},"class_list":["post-237791","page","type-page","status-publish","hentry"],"yoast_head":"<!-- This site is optimized with the Yoast SEO plugin v23.8 - https:\/\/yoast.com\/wordpress\/plugins\/seo\/ -->\n<title>Rezultati Mega Millions &amp; Dobitni Brojevi - Lottomat Srbija<\/title>\n<meta name=\"description\" content=\"Proveri ovde najnovije rezultate Mega Millions i dobitne brojeve. Saznaj koji brojevi su izvu\u010deni na poslednjem izvla\u010denju Mega Millions.\" \/>\n<meta name=\"robots\" content=\"index, follow, max-snippet:-1, max-image-preview:large, max-video-preview:-1\" \/>\n<link rel=\"canonical\" href=\"https:\/\/lottomat.com\/sr\/rezultati\/mega-millions\/\" \/>\n<meta property=\"og:locale\" content=\"sr_RS\" \/>\n<meta property=\"og:type\" content=\"article\" \/>\n<meta property=\"og:title\" content=\"Rezultati Mega Millions &amp; Dobitni Brojevi - Lottomat Srbija\" \/>\n<meta property=\"og:description\" content=\"Proveri ovde najnovije rezultate Mega Millions i dobitne brojeve. Saznaj koji brojevi su izvu\u010deni na poslednjem izvla\u010denju Mega Millions.\" \/>\n<meta property=\"og:url\" content=\"https:\/\/lottomat.com\/sr\/rezultati\/mega-millions\/\" \/>\n<meta property=\"og:site_name\" content=\"Lottomat\" \/>\n<meta property=\"article:modified_time\" content=\"2025-10-05T09:26:14+00:00\" \/>\n<meta property=\"og:image\" content=\"https:\/\/lottomat.com\/wp-content\/uploads\/2025\/10\/Mega-Millions-winning-numbers.webp\" \/>\n<meta name=\"twitter:card\" content=\"summary_large_image\" \/>\n<meta name=\"twitter:label1\" content=\"\u041f\u0440\u043e\u0446\u0435\u045a\u0435\u043d\u043e \u0432\u0440\u0435\u043c\u0435 \u0447\u0438\u0442\u0430\u045a\u0430\" \/>\n\t<meta name=\"twitter:data1\" content=\"5 \u043c\u0438\u043d\u0443\u0442\u0430\" \/>\n<script type=\"application\/ld+json\" class=\"yoast-schema-graph\">{\"@context\":\"https:\/\/schema.org\",\"@graph\":[{\"@type\":\"WebPage\",\"@id\":\"https:\/\/lottomat.com\/sr\/rezultati\/mega-millions\/\",\"url\":\"https:\/\/lottomat.com\/sr\/rezultati\/mega-millions\/\",\"name\":\"Rezultati Mega Millions & Dobitni Brojevi - Lottomat Srbija\",\"isPartOf\":{\"@id\":\"https:\/\/lottomat.com\/sr\/#website\"},\"primaryImageOfPage\":{\"@id\":\"https:\/\/lottomat.com\/sr\/rezultati\/mega-millions\/#primaryimage\"},\"image\":{\"@id\":\"https:\/\/lottomat.com\/sr\/rezultati\/mega-millions\/#primaryimage\"},\"thumbnailUrl\":\"https:\/\/lottomat.com\/wp-content\/uploads\/2025\/10\/Mega-Millions-winning-numbers.webp\",\"datePublished\":\"2025-04-07T19:24:29+00:00\",\"dateModified\":\"2025-10-05T09:26:14+00:00\",\"description\":\"Proveri ovde najnovije rezultate Mega Millions i dobitne brojeve. Saznaj koji brojevi su izvu\u010deni na poslednjem izvla\u010denju Mega Millions.\",\"breadcrumb\":{\"@id\":\"https:\/\/lottomat.com\/sr\/rezultati\/mega-millions\/#breadcrumb\"},\"inLanguage\":\"sr-RS\",\"potentialAction\":[{\"@type\":\"ReadAction\",\"target\":[\"https:\/\/lottomat.com\/sr\/rezultati\/mega-millions\/\"]}]},{\"@type\":\"ImageObject\",\"inLanguage\":\"sr-RS\",\"@id\":\"https:\/\/lottomat.com\/sr\/rezultati\/mega-millions\/#primaryimage\",\"url\":\"https:\/\/lottomat.com\/wp-content\/uploads\/2025\/10\/Mega-Millions-winning-numbers.webp\",\"contentUrl\":\"https:\/\/lottomat.com\/wp-content\/uploads\/2025\/10\/Mega-Millions-winning-numbers.webp\"},{\"@type\":\"BreadcrumbList\",\"@id\":\"https:\/\/lottomat.com\/sr\/rezultati\/mega-millions\/#breadcrumb\",\"itemListElement\":[{\"@type\":\"ListItem\",\"position\":1,\"name\":\"Home\",\"item\":\"https:\/\/lottomat.com\/sr\/\"},{\"@type\":\"ListItem\",\"position\":2,\"name\":\"Najnoviji rezultati lutrije i dobitni brojevi\",\"item\":\"https:\/\/lottomat.com\/sr\/rezultati\/\"},{\"@type\":\"ListItem\",\"position\":3,\"name\":\"Rezultati Mega Millions &#038; Dobitni Brojevi\"}]},{\"@type\":\"WebSite\",\"@id\":\"https:\/\/lottomat.com\/sr\/#website\",\"url\":\"https:\/\/lottomat.com\/sr\/\",\"name\":\"Lottomat\",\"description\":\"\",\"potentialAction\":[{\"@type\":\"SearchAction\",\"target\":{\"@type\":\"EntryPoint\",\"urlTemplate\":\"https:\/\/lottomat.com\/sr\/?s={search_term_string}\"},\"query-input\":{\"@type\":\"PropertyValueSpecification\",\"valueRequired\":true,\"valueName\":\"search_term_string\"}}],\"inLanguage\":\"sr-RS\"}]}<\/script>\n<!-- \/ Yoast SEO plugin. -->","yoast_head_json":{"title":"Rezultati Mega Millions & Dobitni Brojevi - Lottomat Srbija","description":"Proveri ovde najnovije rezultate Mega Millions i dobitne brojeve. Saznaj koji brojevi su izvu\u010deni na poslednjem izvla\u010denju Mega Millions.","robots":{"index":"index","follow":"follow","max-snippet":"max-snippet:-1","max-image-preview":"max-image-preview:large","max-video-preview":"max-video-preview:-1"},"canonical":"https:\/\/lottomat.com\/sr\/rezultati\/mega-millions\/","og_locale":"sr_RS","og_type":"article","og_title":"Rezultati Mega Millions & Dobitni Brojevi - Lottomat Srbija","og_description":"Proveri ovde najnovije rezultate Mega Millions i dobitne brojeve. Saznaj koji brojevi su izvu\u010deni na poslednjem izvla\u010denju Mega Millions.","og_url":"https:\/\/lottomat.com\/sr\/rezultati\/mega-millions\/","og_site_name":"Lottomat","article_modified_time":"2025-10-05T09:26:14+00:00","og_image":[{"url":"https:\/\/lottomat.com\/wp-content\/uploads\/2025\/10\/Mega-Millions-winning-numbers.webp"}],"twitter_card":"summary_large_image","twitter_misc":{"\u041f\u0440\u043e\u0446\u0435\u045a\u0435\u043d\u043e \u0432\u0440\u0435\u043c\u0435 \u0447\u0438\u0442\u0430\u045a\u0430":"5 \u043c\u0438\u043d\u0443\u0442\u0430"},"schema":{"@context":"https:\/\/schema.org","@graph":[{"@type":"WebPage","@id":"https:\/\/lottomat.com\/sr\/rezultati\/mega-millions\/","url":"https:\/\/lottomat.com\/sr\/rezultati\/mega-millions\/","name":"Rezultati Mega Millions & Dobitni Brojevi - Lottomat Srbija","isPartOf":{"@id":"https:\/\/lottomat.com\/sr\/#website"},"primaryImageOfPage":{"@id":"https:\/\/lottomat.com\/sr\/rezultati\/mega-millions\/#primaryimage"},"image":{"@id":"https:\/\/lottomat.com\/sr\/rezultati\/mega-millions\/#primaryimage"},"thumbnailUrl":"https:\/\/lottomat.com\/wp-content\/uploads\/2025\/10\/Mega-Millions-winning-numbers.webp","datePublished":"2025-04-07T19:24:29+00:00","dateModified":"2025-10-05T09:26:14+00:00","description":"Proveri ovde najnovije rezultate Mega Millions i dobitne brojeve. Saznaj koji brojevi su izvu\u010deni na poslednjem izvla\u010denju Mega Millions.","breadcrumb":{"@id":"https:\/\/lottomat.com\/sr\/rezultati\/mega-millions\/#breadcrumb"},"inLanguage":"sr-RS","potentialAction":[{"@type":"ReadAction","target":["https:\/\/lottomat.com\/sr\/rezultati\/mega-millions\/"]}]},{"@type":"ImageObject","inLanguage":"sr-RS","@id":"https:\/\/lottomat.com\/sr\/rezultati\/mega-millions\/#primaryimage","url":"https:\/\/lottomat.com\/wp-content\/uploads\/2025\/10\/Mega-Millions-winning-numbers.webp","contentUrl":"https:\/\/lottomat.com\/wp-content\/uploads\/2025\/10\/Mega-Millions-winning-numbers.webp"},{"@type":"BreadcrumbList","@id":"https:\/\/lottomat.com\/sr\/rezultati\/mega-millions\/#breadcrumb","itemListElement":[{"@type":"ListItem","position":1,"name":"Home","item":"https:\/\/lottomat.com\/sr\/"},{"@type":"ListItem","position":2,"name":"Najnoviji rezultati lutrije i dobitni brojevi","item":"https:\/\/lottomat.com\/sr\/rezultati\/"},{"@type":"ListItem","position":3,"name":"Rezultati Mega Millions &#038; Dobitni Brojevi"}]},{"@type":"WebSite","@id":"https:\/\/lottomat.com\/sr\/#website","url":"https:\/\/lottomat.com\/sr\/","name":"Lottomat","description":"","potentialAction":[{"@type":"SearchAction","target":{"@type":"EntryPoint","urlTemplate":"https:\/\/lottomat.com\/sr\/?s={search_term_string}"},"query-input":{"@type":"PropertyValueSpecification","valueRequired":true,"valueName":"search_term_string"}}],"inLanguage":"sr-RS"}]}},"_links":{"self":[{"href":"https:\/\/lottomat.com\/sr\/wp-json\/wp\/v2\/pages\/237791","targetHints":{"allow":["GET"]}}],"collection":[{"href":"https:\/\/lottomat.com\/sr\/wp-json\/wp\/v2\/pages"}],"about":[{"href":"https:\/\/lottomat.com\/sr\/wp-json\/wp\/v2\/types\/page"}],"author":[{"embeddable":true,"href":"https:\/\/lottomat.com\/sr\/wp-json\/wp\/v2\/users\/1"}],"replies":[{"embeddable":true,"href":"https:\/\/lottomat.com\/sr\/wp-json\/wp\/v2\/comments?post=237791"}],"version-history":[{"count":2,"href":"https:\/\/lottomat.com\/sr\/wp-json\/wp\/v2\/pages\/237791\/revisions"}],"predecessor-version":[{"id":252992,"href":"https:\/\/lottomat.com\/sr\/wp-json\/wp\/v2\/pages\/237791\/revisions\/252992"}],"up":[{"embeddable":true,"href":"https:\/\/lottomat.com\/sr\/wp-json\/wp\/v2\/pages\/7641"}],"wp:attachment":[{"href":"https:\/\/lottomat.com\/sr\/wp-json\/wp\/v2\/media?parent=237791"}],"curies":[{"name":"wp","href":"https:\/\/api.w.org\/{rel}","templated":true}]}}