{"id":237711,"date":"2025-04-07T19:23:03","date_gmt":"2025-04-07T19:23:03","guid":{"rendered":"https:\/\/lottomat.net\/%d1%80%d0%b5%d0%b7%d1%83%d0%bb%d1%82%d0%b0%d1%82%d0%b8-%d0%bb%d1%83%d1%82%d1%80%d0%b8%d1%98%d0%b5\/%d0%bf%d0%be%d0%b2%d0%b5%d1%80%d0%b1%d0%b0%d0%bb%d0%bb-%d1%80%d0%b5%d1%81%d1%83%d0%bb%d1%82%d1%81\/"},"modified":"2025-10-05T16:16:16","modified_gmt":"2025-10-05T16:16:16","slug":"powerball","status":"publish","type":"page","link":"https:\/\/lottomat.com\/sr\/rezultati\/powerball\/","title":{"rendered":"Rezultati Powerball &#038; Dobitni Brojevi"},"content":{"rendered":"\n\n<div class=\"kk-star-ratings kksr-auto kksr-align-left kksr-valign-top\"\n    data-payload='{&quot;align&quot;:&quot;left&quot;,&quot;id&quot;:&quot;237711&quot;,&quot;slug&quot;:&quot;default&quot;,&quot;valign&quot;:&quot;top&quot;,&quot;ignore&quot;:&quot;&quot;,&quot;reference&quot;:&quot;auto&quot;,&quot;class&quot;:&quot;&quot;,&quot;count&quot;:&quot;0&quot;,&quot;legendonly&quot;:&quot;&quot;,&quot;readonly&quot;:&quot;&quot;,&quot;score&quot;:&quot;0&quot;,&quot;starsonly&quot;:&quot;&quot;,&quot;best&quot;:&quot;5&quot;,&quot;gap&quot;:&quot;5&quot;,&quot;greet&quot;:&quot;Rate this page&quot;,&quot;legend&quot;:&quot;0\\\/5 - (0 votes)&quot;,&quot;size&quot;:&quot;30&quot;,&quot;title&quot;:&quot;Rezultati Powerball \\u0026amp; Dobitni Brojevi&quot;,&quot;width&quot;:&quot;0&quot;,&quot;_legend&quot;:&quot;{score}\\\/{best} - ({count} {votes})&quot;,&quot;font_factor&quot;:&quot;1.25&quot;}'>\n            \n<div class=\"kksr-stars\">\n    \n<div class=\"kksr-stars-inactive\">\n            <div class=\"kksr-star\" data-star=\"1\" style=\"padding-right: 5px\">\n            \n\n<div class=\"kksr-icon\" style=\"width: 30px; height: 30px;\"><\/div>\n        <\/div>\n            <div class=\"kksr-star\" data-star=\"2\" style=\"padding-right: 5px\">\n            \n\n<div class=\"kksr-icon\" style=\"width: 30px; height: 30px;\"><\/div>\n        <\/div>\n            <div class=\"kksr-star\" data-star=\"3\" style=\"padding-right: 5px\">\n            \n\n<div class=\"kksr-icon\" style=\"width: 30px; height: 30px;\"><\/div>\n        <\/div>\n            <div class=\"kksr-star\" data-star=\"4\" style=\"padding-right: 5px\">\n            \n\n<div class=\"kksr-icon\" style=\"width: 30px; height: 30px;\"><\/div>\n        <\/div>\n            <div class=\"kksr-star\" data-star=\"5\" style=\"padding-right: 5px\">\n            \n\n<div class=\"kksr-icon\" style=\"width: 30px; height: 30px;\"><\/div>\n        <\/div>\n    <\/div>\n    \n<div class=\"kksr-stars-active\" style=\"width: 0px;\">\n            <div class=\"kksr-star\" style=\"padding-right: 5px\">\n            \n\n<div class=\"kksr-icon\" style=\"width: 30px; height: 30px;\"><\/div>\n        <\/div>\n            <div class=\"kksr-star\" style=\"padding-right: 5px\">\n            \n\n<div class=\"kksr-icon\" style=\"width: 30px; height: 30px;\"><\/div>\n        <\/div>\n            <div class=\"kksr-star\" style=\"padding-right: 5px\">\n            \n\n<div class=\"kksr-icon\" style=\"width: 30px; height: 30px;\"><\/div>\n        <\/div>\n            <div class=\"kksr-star\" style=\"padding-right: 5px\">\n            \n\n<div class=\"kksr-icon\" style=\"width: 30px; height: 30px;\"><\/div>\n        <\/div>\n            <div class=\"kksr-star\" style=\"padding-right: 5px\">\n            \n\n<div class=\"kksr-icon\" style=\"width: 30px; height: 30px;\"><\/div>\n        <\/div>\n    <\/div>\n<\/div>\n                \n\n<div class=\"kksr-legend\" style=\"font-size: 24px;\">\n            <span class=\"kksr-muted\">Rate this page<\/span>\n    <\/div>\n    <\/div>\n<p>Nakon kupovine tiketa, odabirom pet glavnih brojeva i jednog bonus Powerball broja na njima, sve \u0161to ti preostaje jeste da strpljivo sa\u010deka\u0161 rezultate izvla\u010denja, koji \u0107e se pojaviti brzinom svetlosti na <a href=\"https:\/\/lottomat.com\/sr\/\"><strong>LottoMat sajtu<\/strong><\/a>. Sve informacije koje objavljujemo o izvu\u010denim brojevima dolaze direktno od doma\u0107ina izvla\u010denja, tako da mo\u017ee\u0161 biti siguran da su <strong>rezultati Powerball 100% uskla\u0111eni sa izvla\u010denjem<\/strong>.<img loading=\"lazy\" decoding=\"async\" class=\"alignleft wp-image-252294\" src=\"https:\/\/lottomat.com\/wp-content\/uploads\/2025\/10\/jackpot-and-prizes-300x300.webp\" alt=\"d\u017eekpot i nagrade\" width=\"200\" height=\"200\" srcset=\"https:\/\/lottomat.com\/wp-content\/uploads\/2025\/10\/jackpot-and-prizes-300x300.webp 300w, https:\/\/lottomat.com\/wp-content\/uploads\/2025\/10\/jackpot-and-prizes-150x150.webp 150w, https:\/\/lottomat.com\/wp-content\/uploads\/2025\/10\/jackpot-and-prizes-100x100.webp 100w, https:\/\/lottomat.com\/wp-content\/uploads\/2025\/10\/jackpot-and-prizes.webp 400w\" sizes=\"auto, (max-width: 200px) 100vw, 200px\" \/><\/p>\n<h2>Kako proveriti trenutne rezultate Powerball?<\/h2>\n<p>Na LottoMat sajtu \u0107e\u0161 uvek prona\u0107i <strong>najnovije rezultate Powerball lutrije<\/strong>, jo\u0161 vru\u0107e. A\u017euriramo rezultate Powerball odmah nakon izvla\u010denja, oni dolaze iz zvani\u010dnih izvora, odnosno od doma\u0107ina lutrije i <strong>potpuno su pouzdani<\/strong>. Kada ode\u0161 na stranicu sa rezultatima Powerball, potrebno je da uporedi\u0161 brojeve sa tiketa sa brojevima iz tabele rezultata. Ako tvoj tiket ima svih \u0161est izvu\u010denih brojeva, \u010destitamo, <strong>upravo si postao milioner!<\/strong> Ako ne, nema razloga za brigu, jer Powerball ima \u010dak <strong>devet nivoa sa zagarantovanim dobicima<\/strong>. To zna\u010di da ne mora\u0161 da pogodi\u0161 svih \u0161est brojeva da bi osvojio nov\u010danu nagradu, ali mora\u0161 da <a href=\"https:\/\/lottomat.com\/sr\/igrati\/powerball\/\">kupi\u0161 Powerball tiket online<\/a>!<\/p>\n<h2>Kako proveriti rezultate Powerball od ju\u010de?<img loading=\"lazy\" decoding=\"async\" class=\"wp-image-252354 alignright\" src=\"https:\/\/lottomat.com\/wp-content\/uploads\/2025\/10\/Powerball-Numbers-300x300.webp\" alt=\"Powerball brojevi\" width=\"200\" height=\"200\" srcset=\"https:\/\/lottomat.com\/wp-content\/uploads\/2025\/10\/Powerball-Numbers-300x300.webp 300w, https:\/\/lottomat.com\/wp-content\/uploads\/2025\/10\/Powerball-Numbers-150x150.webp 150w, https:\/\/lottomat.com\/wp-content\/uploads\/2025\/10\/Powerball-Numbers-100x100.webp 100w, https:\/\/lottomat.com\/wp-content\/uploads\/2025\/10\/Powerball-Numbers.webp 400w\" sizes=\"auto, (max-width: 200px) 100vw, 200px\" \/><\/h2>\n<p>Bilo da tra\u017ei\u0161 dana\u0161nje rezultate, ju\u010dera\u0161nje brojeve ili izvla\u010denja od pro\u0161le nedelje, mo\u017ee\u0161 prona\u0107i <strong>sve rezultate Powerball lako na LottoMat<\/strong>. Na\u0161a sveobuhvatna baza podataka sa rezultatima omogu\u0107ava ti da brzo i efikasno do\u0111e\u0161 do bilo koje informacije o izvla\u010denju. Jednostavno idi u odeljak sa rezultatima i izaberi datum koji \u017eeli\u0161 da proveri\u0161. Ova pogodna funkcija obezbe\u0111uje da <strong>nikada ne propusti\u0161 da proveri\u0161 svoje tikete<\/strong>, bez obzira kada je izvla\u010denje odr\u017eano.<\/p>\n<h2>Kako koristiti arhivirane rezultate izvla\u010denja Powerball?<\/h2>\n<p>LottoMat sajt ti tako\u0111e nudi <strong>arhivirane rezultate izvla\u010denja Powerball<\/strong>. Ako \u017eeli\u0161 da ih pogleda\u0161, sve \u0161to treba da uradi\u0161 jeste da koristi\u0161 na\u0161 kalendar rezultata. Na\u0107i \u0107e\u0161 ga na desnoj strani trenutno izvu\u010denih brojeva. Nakon \u0161to pro\u0161iri\u0161 listu, mo\u017ee\u0161 pregledati prethodna izvla\u010denja, koja datiraju unazad do <strong>dvanaest meseci<\/strong>.<\/p>\n<h3><img loading=\"lazy\" decoding=\"async\" class=\"alignleft wp-image-252324\" src=\"https:\/\/lottomat.com\/wp-content\/uploads\/2025\/10\/Powerball-Draw-300x300.webp\" alt=\"Powerball izvla\u010denje\" width=\"200\" height=\"200\" srcset=\"https:\/\/lottomat.com\/wp-content\/uploads\/2025\/10\/Powerball-Draw-300x300.webp 300w, https:\/\/lottomat.com\/wp-content\/uploads\/2025\/10\/Powerball-Draw-150x150.webp 150w, https:\/\/lottomat.com\/wp-content\/uploads\/2025\/10\/Powerball-Draw-100x100.webp 100w, https:\/\/lottomat.com\/wp-content\/uploads\/2025\/10\/Powerball-Draw.webp 400w\" sizes=\"auto, (max-width: 200px) 100vw, 200px\" \/>Koje su prednosti kori\u0161\u0107enja arhiviranih Powerball rezultata?<\/h3>\n<p>Za\u0161to su ti potrebni arhivirani rezultati izvla\u010denja lotoa? Zbog nekoliko stvari, zapravo. Kao prvo, mogu ti pomo\u0107i da <strong>kreira\u0161 sopstvenu strategiju odabira brojeva<\/strong> kada ponovo popunjava\u0161 tikete, tako da tvoje naredne igre budu uspe\u0161nije. Tako\u0111e mo\u017ee\u0161 <a href=\"https:\/\/lottomat.com\/sr\/rezultati\/\">koristiti arhivirane rezultate lutrije<\/a> da proveri\u0161 koji brojevi su naj\u010de\u0161\u0107e izvu\u010deni u poslednje vreme, koji se nisu pojavljivali nedeljama, i vide\u0107e\u0161 koliko je va\u017eno birati raznovrsne brojeve iz razli\u010ditih opsega. Ve\u0107 se dugo zna da se ne treba ograni\u010davati ni na koji na\u010din prilikom popunjavanja tiketa. Svaki broj u dostupnom bubnju je va\u017ean, ali mnogi igra\u010di sebi odre\u0111uju fiksni skup brojeva na osnovu ro\u0111endana, \u0161to zna\u010dajno su\u017eava izbor i smanjuje \u0161anse za dobitak na Powerball. Arhivirani rezultati uklju\u010duju i informacije o poslednjim d\u017eekpotovima, vrednosti nagrada i broju dobitnika koji su osvojili Powerball d\u017eekpot.<\/p>\n<h2>Koji su naj\u010de\u0161\u0107e izvu\u010deni brojevi u Powerball?<\/h2>\n<p>Na LottoMat sajtu \u0107e\u0161 prona\u0107i sve klju\u010dne informacije vezane za lutrije. Nisu u pitanju samo rezultati, ve\u0107 i lista pravila Powerball, zanimljive informacije, uslovi kori\u0161\u0107enja i ogromna koli\u010dina saveta koji \u0107e ti olak\u0161ati dobitak na lutriji. Pripremili smo ti <strong>veliki i zanimljiv vodi\u010d<\/strong>, u kome navodimo koji su brojevi naj\u010de\u0161\u0107e izvu\u010deni u Powerball, a koji najre\u0111e. To \u0107e ti pomo\u0107i da planira\u0161 odabir brojeva na novim tiketima, jer statistika jasno pokazuje koji brojevi se \u010de\u0161\u0107e izvla\u010de od drugih. Iskoristi ih i zapamti da se Powerball broj izvla\u010di iz posebnog opsega, pa isti broj mo\u017ee biti izvu\u010den i me\u0111u glavnim brojevima i kao bonus Powerball. Vi\u0161e ne mora\u0161 da tra\u017ei\u0161 i zapisuje\u0161 stare rezultate, sve ti je servirano. <strong>Naj\u010de\u0161\u0107e izvu\u010deni brojevi u Powerball lutriji su: 8, 26, 22, 23 i 36<\/strong>. Kreiraj sopstvenu strategiju biraju\u0107i brojeve koji ti \u201egovore\u201c, ali iskoristi i one koje ti mi predla\u017eemo, jer <strong>statistika nikada ne la\u017ee<\/strong>.<\/p>\n<h2>Koji su najre\u0111e izvu\u010deni dobitni brojevi Powerball?<img loading=\"lazy\" decoding=\"async\" class=\"alignright wp-image-252384\" src=\"https:\/\/lottomat.com\/wp-content\/uploads\/2025\/10\/Powerball-Results-300x300.webp\" alt=\"Rezultati Powerball\" width=\"200\" height=\"200\" srcset=\"https:\/\/lottomat.com\/wp-content\/uploads\/2025\/10\/Powerball-Results-300x300.webp 300w, https:\/\/lottomat.com\/wp-content\/uploads\/2025\/10\/Powerball-Results-150x150.webp 150w, https:\/\/lottomat.com\/wp-content\/uploads\/2025\/10\/Powerball-Results-100x100.webp 100w, https:\/\/lottomat.com\/wp-content\/uploads\/2025\/10\/Powerball-Results.webp 400w\" sizes=\"auto, (max-width: 200px) 100vw, 200px\" \/><\/h2>\n<p>Razumevanje koji se brojevi re\u0111e pojavljuju u izvla\u010denjima Powerball mo\u017ee biti jednako vredno kao i znanje o onima koji se naj\u010de\u0161\u0107e izvla\u010de. Statisti\u010dke analize pokazuju da su odre\u0111eni brojevi <strong>konstantno bili manje zastupljeni u pro\u0161lim izvla\u010denjima<\/strong>. Najre\u0111e izvu\u010deni brojevi uklju\u010duju 15, 51, 37, 47, 12, 4 i 24. Neki igra\u010di veruju da su ovi \u201ehladni\u201c brojevi \u201ezreli za povratak\u201c i uklju\u010duju ih u svoju strategiju odabira brojeva. Iako pro\u0161li rezultati ne garantuju budu\u0107e ishode, analiza ovih obrazaca mo\u017ee ti pomo\u0107i da donese\u0161 informisanije odluke kada bira\u0161 Powerball brojeve za predstoje\u0107a izvla\u010denja.<\/p>\n<h2>Koliko je igra\u010da pobedilo i koliko u poslednjem izvla\u010denju Powerball?<\/h2>\n<p>Svako Powerball izvla\u010denje stvara <strong>hiljade dobitnika u svim nivoima nagrada<\/strong>, \u0161to je \u010dini jednom od najisplativijih lutrija u svetu. Distribucija nagrada obi\u010dno uklju\u010duje jednog dobitnika d\u017eekpota ili vi\u0161e njih koji dele glavnu nagradu, nekoliko milionera koji su pogodili pet glavnih brojeva i stotine hiljada manjih dobitnika. Iznosi nagrada variraju u zavisnosti od broja pobednika u svakoj kategoriji i ukupne prodaje tiketa za to izvla\u010denje. Mo\u017ee\u0161 prona\u0107i <strong>detaljne raspodele broja dobitnika i iznosa nagrada<\/strong> za svaki nivo odmah nakon svakog izvla\u010denja na LottoMat sajtu. Ove informacije ti poma\u017eu da razume\u0161 \u0161anse i potencijalne dobitke za razli\u010dite kombinacije. Ako \u017eeli\u0161 da sazna\u0161 vi\u0161e o nagradama za naredno izvla\u010denje, <a href=\"https:\/\/lottomat.com\/sr\/lutrija\/powerball\/\">pro\u010ditaj o Powerball nagradama i d\u017eekpotu<\/a>.<\/p>\n<h2><img loading=\"lazy\" decoding=\"async\" class=\"alignleft wp-image-252414\" src=\"https:\/\/lottomat.com\/wp-content\/uploads\/2025\/10\/Powerball-Winning-Numbers-300x300.webp\" alt=\"Dobitni brojevi Powerball\" width=\"200\" height=\"200\" srcset=\"https:\/\/lottomat.com\/wp-content\/uploads\/2025\/10\/Powerball-Winning-Numbers-300x300.webp 300w, https:\/\/lottomat.com\/wp-content\/uploads\/2025\/10\/Powerball-Winning-Numbers-150x150.webp 150w, https:\/\/lottomat.com\/wp-content\/uploads\/2025\/10\/Powerball-Winning-Numbers-100x100.webp 100w, https:\/\/lottomat.com\/wp-content\/uploads\/2025\/10\/Powerball-Winning-Numbers.webp 400w\" sizes=\"auto, (max-width: 200px) 100vw, 200px\" \/><\/h2>\n<h2>Kako predvideti rezultate i dobitne brojeve Powerball?<\/h2>\n<p>Iako je Powerball igra na sre\u0107u i <strong>nijedna metoda ne mo\u017ee garantovati dobitne brojeve<\/strong>, mnogi igra\u010di koriste razli\u010dite strategije kako bi pobolj\u0161ali svoj proces odabira. Neki analiziraju grafikone frekvencije da identifikuju \u201evru\u0107e\u201c i \u201ehladne\u201c brojeve, dok drugi koriste matemati\u010dke sisteme poput \u201ewheeling-a\u201c ili delta analize brojeva. Generator slu\u010dajnih brojeva mo\u017ee pomo\u0107i da se elimini\u0161e ljudska pristrasnost u izboru brojeva. Zapamti da je svako izvla\u010denje nezavisno i da svaka kombinacija brojeva ima jednaku \u0161ansu da bude izvu\u010dena. Klju\u010d je da <strong>igra\u0161 dosledno sa brojevima u koje veruje\u0161<\/strong>, bilo da su zasnovani na statisti\u010dkoj analizi, li\u010dnom zna\u010daju ili \u010distoj intuiciji. Najva\u017enije, uvek igraj odgovorno, u okviru svog bud\u017eeta. Sada zna\u0161 da li je mogu\u0107e predvideti rezultate Powerball. Jedno je sigurno \u2013 da bi pobedio, mora\u0161 igrati. Zato <a href=\"https:\/\/lottomat.com\/sr\/igrati\/\">kupi tiket za bilo koju lutriju<\/a> i sa\u010dekaj rezultate koji \u0107e te usre\u0107iti. <div class='et-box et-shadow'>\n\t\t\t\t\t<div class='et-box-content'><\/div><\/div><\/p>\n","protected":false},"excerpt":{"rendered":"<p>Nakon kupovine tiketa, odabirom pet glavnih brojeva i jednog bonus Powerball broja na njima, sve \u0161to ti preostaje jeste da strpljivo sa\u010deka\u0161 rezultate izvla\u010denja, koji \u0107e se pojaviti brzinom svetlosti na LottoMat sajtu. Sve informacije koje objavljujemo o izvu\u010denim brojevima dolaze direktno od doma\u0107ina izvla\u010denja, tako da mo\u017ee\u0161 biti siguran da su rezultati Powerball 100% [&hellip;]<\/p>\n","protected":false},"author":1,"featured_media":0,"parent":7641,"menu_order":1,"comment_status":"closed","ping_status":"closed","template":"powerball-usa-results.php","meta":{"_et_pb_use_builder":"","_et_pb_old_content":"","_et_gb_content_width":"","exclude_from_search":false,"footnotes":""},"class_list":["post-237711","page","type-page","status-publish","hentry"],"yoast_head":"<!-- This site is optimized with the Yoast SEO plugin v23.8 - https:\/\/yoast.com\/wordpress\/plugins\/seo\/ -->\n<title>Rezultati Powerball &amp; Dobitni Brojevi \u2013 LottoMat Srbija<\/title>\n<meta name=\"description\" content=\"Proveri najnovije rezultate Powerball i dobitne brojeve na LottoMat. Uporedi svoje brojeve sa zvani\u010dnim rezultatima izvla\u010denja da vidi\u0161 da li si pobedio!\" \/>\n<meta name=\"robots\" content=\"index, follow, max-snippet:-1, max-image-preview:large, max-video-preview:-1\" \/>\n<link rel=\"canonical\" href=\"https:\/\/lottomat.com\/sr\/rezultati\/powerball\/\" \/>\n<meta property=\"og:locale\" content=\"sr_RS\" \/>\n<meta property=\"og:type\" content=\"article\" \/>\n<meta property=\"og:title\" content=\"Rezultati Powerball &amp; Dobitni Brojevi \u2013 LottoMat Srbija\" \/>\n<meta property=\"og:description\" content=\"Proveri najnovije rezultate Powerball i dobitne brojeve na LottoMat. Uporedi svoje brojeve sa zvani\u010dnim rezultatima izvla\u010denja da vidi\u0161 da li si pobedio!\" \/>\n<meta property=\"og:url\" content=\"https:\/\/lottomat.com\/sr\/rezultati\/powerball\/\" \/>\n<meta property=\"og:site_name\" content=\"Lottomat\" \/>\n<meta property=\"article:modified_time\" content=\"2025-10-05T16:16:16+00:00\" \/>\n<meta property=\"og:image\" content=\"https:\/\/lottomat.com\/wp-content\/uploads\/2025\/10\/jackpot-and-prizes-300x300.webp\" \/>\n<meta name=\"twitter:card\" content=\"summary_large_image\" \/>\n<meta name=\"twitter:label1\" content=\"\u041f\u0440\u043e\u0446\u0435\u045a\u0435\u043d\u043e \u0432\u0440\u0435\u043c\u0435 \u0447\u0438\u0442\u0430\u045a\u0430\" \/>\n\t<meta name=\"twitter:data1\" content=\"6 \u043c\u0438\u043d\u0443\u0442\u0430\" \/>\n<script type=\"application\/ld+json\" class=\"yoast-schema-graph\">{\"@context\":\"https:\/\/schema.org\",\"@graph\":[{\"@type\":\"WebPage\",\"@id\":\"https:\/\/lottomat.com\/sr\/rezultati\/powerball\/\",\"url\":\"https:\/\/lottomat.com\/sr\/rezultati\/powerball\/\",\"name\":\"Rezultati Powerball & Dobitni Brojevi \u2013 LottoMat Srbija\",\"isPartOf\":{\"@id\":\"https:\/\/lottomat.com\/sr\/#website\"},\"primaryImageOfPage\":{\"@id\":\"https:\/\/lottomat.com\/sr\/rezultati\/powerball\/#primaryimage\"},\"image\":{\"@id\":\"https:\/\/lottomat.com\/sr\/rezultati\/powerball\/#primaryimage\"},\"thumbnailUrl\":\"https:\/\/lottomat.com\/wp-content\/uploads\/2025\/10\/jackpot-and-prizes-300x300.webp\",\"datePublished\":\"2025-04-07T19:23:03+00:00\",\"dateModified\":\"2025-10-05T16:16:16+00:00\",\"description\":\"Proveri najnovije rezultate Powerball i dobitne brojeve na LottoMat. Uporedi svoje brojeve sa zvani\u010dnim rezultatima izvla\u010denja da vidi\u0161 da li si pobedio!\",\"breadcrumb\":{\"@id\":\"https:\/\/lottomat.com\/sr\/rezultati\/powerball\/#breadcrumb\"},\"inLanguage\":\"sr-RS\",\"potentialAction\":[{\"@type\":\"ReadAction\",\"target\":[\"https:\/\/lottomat.com\/sr\/rezultati\/powerball\/\"]}]},{\"@type\":\"ImageObject\",\"inLanguage\":\"sr-RS\",\"@id\":\"https:\/\/lottomat.com\/sr\/rezultati\/powerball\/#primaryimage\",\"url\":\"https:\/\/lottomat.com\/wp-content\/uploads\/2025\/10\/jackpot-and-prizes-300x300.webp\",\"contentUrl\":\"https:\/\/lottomat.com\/wp-content\/uploads\/2025\/10\/jackpot-and-prizes-300x300.webp\"},{\"@type\":\"BreadcrumbList\",\"@id\":\"https:\/\/lottomat.com\/sr\/rezultati\/powerball\/#breadcrumb\",\"itemListElement\":[{\"@type\":\"ListItem\",\"position\":1,\"name\":\"Home\",\"item\":\"https:\/\/lottomat.com\/sr\/\"},{\"@type\":\"ListItem\",\"position\":2,\"name\":\"Najnoviji rezultati lutrije i dobitni brojevi\",\"item\":\"https:\/\/lottomat.com\/sr\/rezultati\/\"},{\"@type\":\"ListItem\",\"position\":3,\"name\":\"Rezultati Powerball &#038; Dobitni Brojevi\"}]},{\"@type\":\"WebSite\",\"@id\":\"https:\/\/lottomat.com\/sr\/#website\",\"url\":\"https:\/\/lottomat.com\/sr\/\",\"name\":\"Lottomat\",\"description\":\"\",\"potentialAction\":[{\"@type\":\"SearchAction\",\"target\":{\"@type\":\"EntryPoint\",\"urlTemplate\":\"https:\/\/lottomat.com\/sr\/?s={search_term_string}\"},\"query-input\":{\"@type\":\"PropertyValueSpecification\",\"valueRequired\":true,\"valueName\":\"search_term_string\"}}],\"inLanguage\":\"sr-RS\"}]}<\/script>\n<!-- \/ Yoast SEO plugin. -->","yoast_head_json":{"title":"Rezultati Powerball & Dobitni Brojevi \u2013 LottoMat Srbija","description":"Proveri najnovije rezultate Powerball i dobitne brojeve na LottoMat. Uporedi svoje brojeve sa zvani\u010dnim rezultatima izvla\u010denja da vidi\u0161 da li si pobedio!","robots":{"index":"index","follow":"follow","max-snippet":"max-snippet:-1","max-image-preview":"max-image-preview:large","max-video-preview":"max-video-preview:-1"},"canonical":"https:\/\/lottomat.com\/sr\/rezultati\/powerball\/","og_locale":"sr_RS","og_type":"article","og_title":"Rezultati Powerball & Dobitni Brojevi \u2013 LottoMat Srbija","og_description":"Proveri najnovije rezultate Powerball i dobitne brojeve na LottoMat. Uporedi svoje brojeve sa zvani\u010dnim rezultatima izvla\u010denja da vidi\u0161 da li si pobedio!","og_url":"https:\/\/lottomat.com\/sr\/rezultati\/powerball\/","og_site_name":"Lottomat","article_modified_time":"2025-10-05T16:16:16+00:00","og_image":[{"url":"https:\/\/lottomat.com\/wp-content\/uploads\/2025\/10\/jackpot-and-prizes-300x300.webp"}],"twitter_card":"summary_large_image","twitter_misc":{"\u041f\u0440\u043e\u0446\u0435\u045a\u0435\u043d\u043e \u0432\u0440\u0435\u043c\u0435 \u0447\u0438\u0442\u0430\u045a\u0430":"6 \u043c\u0438\u043d\u0443\u0442\u0430"},"schema":{"@context":"https:\/\/schema.org","@graph":[{"@type":"WebPage","@id":"https:\/\/lottomat.com\/sr\/rezultati\/powerball\/","url":"https:\/\/lottomat.com\/sr\/rezultati\/powerball\/","name":"Rezultati Powerball & Dobitni Brojevi \u2013 LottoMat Srbija","isPartOf":{"@id":"https:\/\/lottomat.com\/sr\/#website"},"primaryImageOfPage":{"@id":"https:\/\/lottomat.com\/sr\/rezultati\/powerball\/#primaryimage"},"image":{"@id":"https:\/\/lottomat.com\/sr\/rezultati\/powerball\/#primaryimage"},"thumbnailUrl":"https:\/\/lottomat.com\/wp-content\/uploads\/2025\/10\/jackpot-and-prizes-300x300.webp","datePublished":"2025-04-07T19:23:03+00:00","dateModified":"2025-10-05T16:16:16+00:00","description":"Proveri najnovije rezultate Powerball i dobitne brojeve na LottoMat. Uporedi svoje brojeve sa zvani\u010dnim rezultatima izvla\u010denja da vidi\u0161 da li si pobedio!","breadcrumb":{"@id":"https:\/\/lottomat.com\/sr\/rezultati\/powerball\/#breadcrumb"},"inLanguage":"sr-RS","potentialAction":[{"@type":"ReadAction","target":["https:\/\/lottomat.com\/sr\/rezultati\/powerball\/"]}]},{"@type":"ImageObject","inLanguage":"sr-RS","@id":"https:\/\/lottomat.com\/sr\/rezultati\/powerball\/#primaryimage","url":"https:\/\/lottomat.com\/wp-content\/uploads\/2025\/10\/jackpot-and-prizes-300x300.webp","contentUrl":"https:\/\/lottomat.com\/wp-content\/uploads\/2025\/10\/jackpot-and-prizes-300x300.webp"},{"@type":"BreadcrumbList","@id":"https:\/\/lottomat.com\/sr\/rezultati\/powerball\/#breadcrumb","itemListElement":[{"@type":"ListItem","position":1,"name":"Home","item":"https:\/\/lottomat.com\/sr\/"},{"@type":"ListItem","position":2,"name":"Najnoviji rezultati lutrije i dobitni brojevi","item":"https:\/\/lottomat.com\/sr\/rezultati\/"},{"@type":"ListItem","position":3,"name":"Rezultati Powerball &#038; Dobitni Brojevi"}]},{"@type":"WebSite","@id":"https:\/\/lottomat.com\/sr\/#website","url":"https:\/\/lottomat.com\/sr\/","name":"Lottomat","description":"","potentialAction":[{"@type":"SearchAction","target":{"@type":"EntryPoint","urlTemplate":"https:\/\/lottomat.com\/sr\/?s={search_term_string}"},"query-input":{"@type":"PropertyValueSpecification","valueRequired":true,"valueName":"search_term_string"}}],"inLanguage":"sr-RS"}]}},"_links":{"self":[{"href":"https:\/\/lottomat.com\/sr\/wp-json\/wp\/v2\/pages\/237711","targetHints":{"allow":["GET"]}}],"collection":[{"href":"https:\/\/lottomat.com\/sr\/wp-json\/wp\/v2\/pages"}],"about":[{"href":"https:\/\/lottomat.com\/sr\/wp-json\/wp\/v2\/types\/page"}],"author":[{"embeddable":true,"href":"https:\/\/lottomat.com\/sr\/wp-json\/wp\/v2\/users\/1"}],"replies":[{"embeddable":true,"href":"https:\/\/lottomat.com\/sr\/wp-json\/wp\/v2\/comments?post=237711"}],"version-history":[{"count":2,"href":"https:\/\/lottomat.com\/sr\/wp-json\/wp\/v2\/pages\/237711\/revisions"}],"predecessor-version":[{"id":253053,"href":"https:\/\/lottomat.com\/sr\/wp-json\/wp\/v2\/pages\/237711\/revisions\/253053"}],"up":[{"embeddable":true,"href":"https:\/\/lottomat.com\/sr\/wp-json\/wp\/v2\/pages\/7641"}],"wp:attachment":[{"href":"https:\/\/lottomat.com\/sr\/wp-json\/wp\/v2\/media?parent=237711"}],"curies":[{"name":"wp","href":"https:\/\/api.w.org\/{rel}","templated":true}]}}