{"id":232644,"date":"2025-03-27T10:35:32","date_gmt":"2025-03-27T10:35:32","guid":{"rendered":"https:\/\/lottomat.net\/%d1%80%d0%b5%d0%b7%d1%83%d0%bb%d1%82%d0%b0%d1%82%d0%b8-%d0%bb%d1%83%d1%82%d1%80%d0%b8%d1%98%d0%b5\/%d0%b5%d1%83%d1%80%d0%be%d1%98%d0%b0%d1%86%d0%ba%d0%bf%d0%be%d1%82-%d1%80%d0%b5%d0%b7%d1%83%d0%bb%d1%82%d0%b0%d1%82%d0%b8\/"},"modified":"2025-11-23T09:45:06","modified_gmt":"2025-11-23T09:45:06","slug":"eurojackpot","status":"publish","type":"page","link":"https:\/\/lottomat.com\/sr\/rezultati\/eurojackpot\/","title":{"rendered":"Eurojackpot Rezultati &#038; Dobitni Brojevi"},"content":{"rendered":"\n\n<div class=\"kk-star-ratings kksr-auto kksr-align-left kksr-valign-top\"\n    data-payload='{&quot;align&quot;:&quot;left&quot;,&quot;id&quot;:&quot;232644&quot;,&quot;slug&quot;:&quot;default&quot;,&quot;valign&quot;:&quot;top&quot;,&quot;ignore&quot;:&quot;&quot;,&quot;reference&quot;:&quot;auto&quot;,&quot;class&quot;:&quot;&quot;,&quot;count&quot;:&quot;0&quot;,&quot;legendonly&quot;:&quot;&quot;,&quot;readonly&quot;:&quot;&quot;,&quot;score&quot;:&quot;0&quot;,&quot;starsonly&quot;:&quot;&quot;,&quot;best&quot;:&quot;5&quot;,&quot;gap&quot;:&quot;5&quot;,&quot;greet&quot;:&quot;Rate this page&quot;,&quot;legend&quot;:&quot;0\\\/5 - (0 votes)&quot;,&quot;size&quot;:&quot;30&quot;,&quot;title&quot;:&quot;Eurojackpot Rezultati \\u0026amp; Dobitni Brojevi&quot;,&quot;width&quot;:&quot;0&quot;,&quot;_legend&quot;:&quot;{score}\\\/{best} - ({count} {votes})&quot;,&quot;font_factor&quot;:&quot;1.25&quot;}'>\n            \n<div class=\"kksr-stars\">\n    \n<div class=\"kksr-stars-inactive\">\n            <div class=\"kksr-star\" data-star=\"1\" style=\"padding-right: 5px\">\n            \n\n<div class=\"kksr-icon\" style=\"width: 30px; height: 30px;\"><\/div>\n        <\/div>\n            <div class=\"kksr-star\" data-star=\"2\" style=\"padding-right: 5px\">\n            \n\n<div class=\"kksr-icon\" style=\"width: 30px; height: 30px;\"><\/div>\n        <\/div>\n            <div class=\"kksr-star\" data-star=\"3\" style=\"padding-right: 5px\">\n            \n\n<div class=\"kksr-icon\" style=\"width: 30px; height: 30px;\"><\/div>\n        <\/div>\n            <div class=\"kksr-star\" data-star=\"4\" style=\"padding-right: 5px\">\n            \n\n<div class=\"kksr-icon\" style=\"width: 30px; height: 30px;\"><\/div>\n        <\/div>\n            <div class=\"kksr-star\" data-star=\"5\" style=\"padding-right: 5px\">\n            \n\n<div class=\"kksr-icon\" style=\"width: 30px; height: 30px;\"><\/div>\n        <\/div>\n    <\/div>\n    \n<div class=\"kksr-stars-active\" style=\"width: 0px;\">\n            <div class=\"kksr-star\" style=\"padding-right: 5px\">\n            \n\n<div class=\"kksr-icon\" style=\"width: 30px; height: 30px;\"><\/div>\n        <\/div>\n            <div class=\"kksr-star\" style=\"padding-right: 5px\">\n            \n\n<div class=\"kksr-icon\" style=\"width: 30px; height: 30px;\"><\/div>\n        <\/div>\n            <div class=\"kksr-star\" style=\"padding-right: 5px\">\n            \n\n<div class=\"kksr-icon\" style=\"width: 30px; height: 30px;\"><\/div>\n        <\/div>\n            <div class=\"kksr-star\" style=\"padding-right: 5px\">\n            \n\n<div class=\"kksr-icon\" style=\"width: 30px; height: 30px;\"><\/div>\n        <\/div>\n            <div class=\"kksr-star\" style=\"padding-right: 5px\">\n            \n\n<div class=\"kksr-icon\" style=\"width: 30px; height: 30px;\"><\/div>\n        <\/div>\n    <\/div>\n<\/div>\n                \n\n<div class=\"kksr-legend\" style=\"font-size: 24px;\">\n            <span class=\"kksr-muted\">Rate this page<\/span>\n    <\/div>\n    <\/div>\n<p>Da li si kupio Tickets za Eurojackpot i pita\u0161 se da li si pobedio? Dok ne sazna\u0161 izvu\u010dene brojeve, sve je mogu\u0107e, a rezultate lutrije mo\u017ee\u0161 videti <a href=\"https:\/\/lottomat.com\/sr\/rezultati\/\">na ovom veb-sajtu<\/a>. Objavljujemo ih ultra-brzo odmah nakon \u0161to primimo poruku sa sajta doma\u0107ina Eurojackpot-a, tako da ima\u0161 garanciju da su pouzdano potvr\u0111eni i 100% stvarni. Analiziraj Eurojackpot rezultate i dobitne brojeve odmah!<\/p>\n<h2>Kako proveriti dana\u0161nje Eurojackpot rezultate?<img loading=\"lazy\" decoding=\"async\" class=\"alignright wp-image-257716\" src=\"https:\/\/lottomat.com\/wp-content\/uploads\/2025\/11\/Eurojackpot-online-1.webp\" alt=\"Eurojackpot online\" width=\"200\" height=\"200\" srcset=\"https:\/\/lottomat.com\/wp-content\/uploads\/2025\/11\/Eurojackpot-online-1.webp 400w, https:\/\/lottomat.com\/wp-content\/uploads\/2025\/11\/Eurojackpot-online-1-300x300.webp 300w, https:\/\/lottomat.com\/wp-content\/uploads\/2025\/11\/Eurojackpot-online-1-150x150.webp 150w, https:\/\/lottomat.com\/wp-content\/uploads\/2025\/11\/Eurojackpot-online-1-100x100.webp 100w\" sizes=\"auto, (max-width: 200px) 100vw, 200px\" \/><\/h2>\n<p>Najlak\u0161i na\u010din da proveri\u0161 najnovije Eurojackpot rezultate je na na\u0161em sajtu. Pru\u017eamo <strong>100% pouzdane rezultate izvla\u010denja<\/strong> kojima mo\u017ee\u0161 potpuno verovati. Na\u0161a platforma garantuje da su svi dobitni brojevi Eurojackpot-a <strong>a\u017eurirani odmah nakon svakog zvani\u010dnog izvla\u010denja<\/strong>. Bilo da proverava\u0161 dobitne kombinacije, raspodelu nagrada ili iznose jackpot-a, ovde \u0107e\u0161 prona\u0107i ta\u010dne i aktuelne informacije. Razumemo koliko je va\u017eno igra\u010dima da brzo dobiju verifikovane rezultate, zbog \u010dega dajemo prioritet <strong>brzini i ta\u010dnosti<\/strong> u dostavljanju Eurojackpot rezultata.<\/p>\n<h2>Kako proveriti ju\u010dera\u0161nje Eurojackpot rezultate?<\/h2>\n<p>Tako\u0111e mo\u017ee\u0161 proveriti ju\u010dera\u0161nje Eurojackpot rezultate na <a href=\"https:\/\/lottomat.com\/sr\/\">na\u0161em Lottomat sajtu<\/a>, jer prikazujemo ne samo trenutne rezultate ve\u0107 i <strong>istorijske podatke iz prethodnih izvla\u010denja<\/strong>. Na\u0161a obimna baza podataka uklju\u010duje <strong>dana\u0161nje rezultate, ju\u010dera\u0161nja izvla\u010denja i rezultate iz prethodnih nedelja, meseci ili \u010dak godina<\/strong>. Ova velika arhiva ti omogu\u0107ava da prati\u0161 obrasce, analizira\u0161 trendove i pregleda\u0161 bilo koje izvla\u010denje koje te zanima. Bilo da si propustio da proveri\u0161 Tickets ju\u010de ili \u017eeli\u0161 da potvrdi\u0161 stare dobitne brojeve, na\u0161a platforma omogu\u0107ava lak pristup svim istorijskim Eurojackpot rezultatima sa <strong>potpunom ta\u010dno\u0161\u0107u i pouzdano\u0161\u0107u<\/strong>.<\/p>\n<h2>Kako proveriti arhivirane Eurojackpot rezultate?<\/h2>\n<p>Da bi video arhivirane Eurojackpot rezultate, potrebno je samo da koristi\u0161 kalendar rezultata na Lottomat sajtu. Nalazi se ispod datuma poslednjeg izvla\u010denja. Samo izaberi datum koji te najvi\u0161e interesuje i pogledaj rezultate igre do tog trenutka.<\/p>\n<h2><img loading=\"lazy\" decoding=\"async\" class=\"alignleft wp-image-257746\" src=\"https:\/\/lottomat.com\/wp-content\/uploads\/2025\/11\/Eurojackpot-tickets-1.webp\" alt=\"Eurojackpot tickets\" width=\"200\" height=\"200\" srcset=\"https:\/\/lottomat.com\/wp-content\/uploads\/2025\/11\/Eurojackpot-tickets-1.webp 400w, https:\/\/lottomat.com\/wp-content\/uploads\/2025\/11\/Eurojackpot-tickets-1-300x300.webp 300w, https:\/\/lottomat.com\/wp-content\/uploads\/2025\/11\/Eurojackpot-tickets-1-150x150.webp 150w, https:\/\/lottomat.com\/wp-content\/uploads\/2025\/11\/Eurojackpot-tickets-1-100x100.webp 100w\" sizes=\"auto, (max-width: 200px) 100vw, 200px\" \/>Kako koristiti arhivirane rezultate i dobitne brojeve Eurojackpot-a?<\/h2>\n<p>Najnoviji i arhivirani rezultati omogu\u0107avaju ti da proveri\u0161 koji brojevi su ranije izvu\u010deni, kolika je u\u010destalost d\u017eekpot prenosa u odre\u0111enoj lutriji, koliko je bilo dobitnika i koji su rekordi u iznosima dobitaka. Sve to mo\u017ee\u0161 koristiti za izgradnju svoje strategije igranja Eurojackpot-a i razvijanje sopstvene metode biranja brojeva. S druge strane, ako \u017eeli\u0161 br\u017ee da izabere\u0161 brojeve, ali i dalje da koristi\u0161 statistiku, mo\u017ee\u0161 iskoristiti na\u0161e savete o naj\u010de\u0161\u0107e i najre\u0111e izvu\u010denim brojevima u Eurojackpot lutrijama. Svi potrebni podaci i informacije dostupni su na Lottomat sajtu. Zapamti da se ne treba ograni\u010diti na prethodne izvla\u010denja. Zato je dobra ideja izabrati iz celog skupa dostupnih brojeva prilikom kla\u0111enja, jer tako pove\u0107ava\u0161 svoje \u0161anse za osvajanje glavne nagrade.<\/p>\n<h2>Koji brojevi se naj\u010de\u0161\u0107e izvla\u010de u Eurojackpot-u?<\/h2>\n<p>Na osnovu statisti\u010dke analize Eurojackpot izvla\u010denja od po\u010detka lutrije 2012. godine, naj\u010de\u0161\u0107e izvu\u010deni glavni brojevi uklju\u010duju <strong>14, 16, 18, 19, 25, 33 i 40<\/strong>. Ovi \u201evru\u0107i brojevi\u201d pojavili su se \u010de\u0161\u0107e od ostalih tokom istorije ove lutrije. Kada je re\u010d o bonus Euro brojevima, brojevi <strong>5 i 8 su izvu\u010deni naj\u010de\u0161\u0107e: po 83 puta svaki<\/strong>. Mnogi igra\u010di koriste ove statistike vru\u0107ih brojeva kako bi unapredili svoju strategiju izbora. Iako teoretski svaki broj ima jednaku \u0161ansu da bude izvu\u010den, neki igra\u010di preferiraju da biraju iz ovih \u010desto izvu\u010denih brojeva kada prave svoje Eurojackpot kombinacije. Va\u017eno je napomenuti da <strong>u\u010destalost iz pro\u0161losti ne garantuje budu\u0107e rezultate<\/strong>, ali ove statistike ipak pru\u017eaju zanimljiv uvid ljubiteljima lutrija.<\/p>\n<h2>Koji brojevi se najre\u0111e izvla\u010de u Eurojackpot-u?<\/h2>\n<p>Na drugom kraju spektra nalaze se brojevi koji se re\u0111e pojavljuju u Eurojackpot izvla\u010denjima, pa su zato nazvani \u201ehladni brojevi\u201d. Najre\u0111e izvu\u010deni Eurojackpot brojevi su: <strong>48, 2, 36, 50 i izjedna\u010denje izme\u0111u 24, 27 i 31<\/strong>. Najre\u0111e izvu\u010deni Euro brojevi su <strong>9 i 10<\/strong>. Neki igra\u010di veruju da su ovi hladni brojevi \u201ezreli\u201d da se uskoro pojave, ali je va\u017eno razumeti da je <strong>svako izvla\u010denje potpuno nasumi\u010dno i nezavisno<\/strong>. Iako lutrija ne funkcioni\u0161e tako \u2013 svako izvla\u010denje je potpuno nevezano za prethodno \u2013 ipak je zanimljivo saznati koji brojevi su se najmanje puta pojavili. Bilo da bira\u0161 vru\u0107e brojeve, hladne brojeve ili njihovu kombinaciju, zapamti da <strong>rezultati lutrije na kraju zavise od sre\u0107e<\/strong>.<\/p>\n<h2>Koliko ljudi je pobedilo u poslednjem Eurojackpot izvla\u010denju?<img loading=\"lazy\" decoding=\"async\" class=\"alignright wp-image-257777\" src=\"https:\/\/lottomat.com\/wp-content\/uploads\/2025\/11\/play-Eurojackpot-1.webp\" alt=\"play Eurojackpot\" width=\"200\" height=\"200\" srcset=\"https:\/\/lottomat.com\/wp-content\/uploads\/2025\/11\/play-Eurojackpot-1.webp 400w, https:\/\/lottomat.com\/wp-content\/uploads\/2025\/11\/play-Eurojackpot-1-300x300.webp 300w, https:\/\/lottomat.com\/wp-content\/uploads\/2025\/11\/play-Eurojackpot-1-150x150.webp 150w, https:\/\/lottomat.com\/wp-content\/uploads\/2025\/11\/play-Eurojackpot-1-100x100.webp 100w\" sizes=\"auto, (max-width: 200px) 100vw, 200px\" \/><\/h2>\n<p>Na na\u0161em sajtu prona\u0107i \u0107e\u0161 detaljnu tabelu sa potpunim informacijama o poslednjoj Eurojackpot izvla\u010denju, uklju\u010duju\u0107i <strong>broj ljudi koji su osvojili nagrade u svakoj kategoriji<\/strong> i <strong>ta\u010dan iznos svake nagrade u evrima<\/strong>. Ova struktura prikazuje dobitnike u svih <strong>dvanaest kategorija nagrada<\/strong>, od jackpot dobitnika pa sve do onih koji su pogodili minimalnu dobitnu kombinaciju. Pregledom ovih informacija mo\u017ee\u0161 jasno videti da <strong>igra\u010di zaista redovno pobe\u0111uju u Eurojackpot-u<\/strong> na svim nivoima nagrada. Raspodela nagrada pokazuje privla\u010dnost ove lutrije, sa <strong>vi\u0161e na\u010dina za dobitak i zna\u010dajnim iznosima<\/strong> \u010dak i u ni\u017eim kategorijama. Ova transparentnost poma\u017ee igra\u010dima da razumeju svoje \u0161anse i vide pravi uticaj Eurojackpot izvla\u010denja na dobitnike \u0161irom zemalja u\u010desnica. Jesi li spreman za najbolju zabavu? <a href=\"https:\/\/lottomat.com\/sr\/igrati\/eurojackpot\/\">Igraj Eurojackpot online<\/a> na Lottomat-u i osvoji velike nagrade.<\/p>\n<h2>\u0160ta se de\u0161ava kada niko ne osvoji jackpot?<\/h2>\n<p>Kada nijedan igra\u010d ne pogodi svih pet glavnih brojeva plus oba Euro broja, iznos jackpot-a <strong>prenosi se na slede\u0107e izvla\u010denje<\/strong>, stvaraju\u0107i tzv. rollover ili akumulaciju. Ovaj proces zna\u010di da se <strong>fond nagrada stalno uve\u0107ava<\/strong> dok neko ne osvoji glavnu nagradu, \u010dine\u0107i naredna izvla\u010denja jo\u0161 uzbudljivijim za igra\u010de. Mehanizam prenosa omogu\u0107ava jackpot-ovima da dostignu ogromne iznose, sa <strong>maksimalnim ograni\u010denjem jackpot-a od 120 miliona \u20ac<\/strong>. Kada se dostigne ovaj maksimum, svi dodatni fondovi koji bi oti\u0161li u jackpot umesto toga se raspodeljuju dobitnicima u slede\u0107oj kategoriji. Ovaj sistem omogu\u0107ava stvaranje izuzetno velikih nagrada tokom vremena, nude\u0107i potencijal za dobitke koji mogu promeniti \u017eivot i privla\u010de milione igra\u010da \u0161irom Evrope. Pro\u010ditaj vi\u0161e o <a href=\"https:\/\/lottomat.com\/sr\/lutrija\/eurojackpot\/\">nagradama i jackpot-u Eurojackpot-a<\/a> na na\u0161em sajtu.<\/p>\n<h2><img loading=\"lazy\" decoding=\"async\" class=\"alignleft wp-image-257807\" src=\"https:\/\/lottomat.com\/wp-content\/uploads\/2025\/11\/tickets-online.webp\" alt=\"tickets online\" width=\"200\" height=\"200\" srcset=\"https:\/\/lottomat.com\/wp-content\/uploads\/2025\/11\/tickets-online.webp 400w, https:\/\/lottomat.com\/wp-content\/uploads\/2025\/11\/tickets-online-300x300.webp 300w, https:\/\/lottomat.com\/wp-content\/uploads\/2025\/11\/tickets-online-150x150.webp 150w, https:\/\/lottomat.com\/wp-content\/uploads\/2025\/11\/tickets-online-100x100.webp 100w\" sizes=\"auto, (max-width: 200px) 100vw, 200px\" \/>Mogu li se predvideti rezultati Eurojackpot izvla\u010denja?<\/h2>\n<p><strong>Ne, rezultati Eurojackpot izvla\u010denja ne mogu se predvideti<\/strong> ni sa kakvom sigurno\u0161\u0107u. Lutrija koristi <strong>potpuno nasumi\u010dan sistem izvla\u010denja<\/strong>, gde svaka kombinacija brojeva ima potpuno istu matemati\u010dku verovatno\u0107u da bude izvu\u010dena pri svakom pojedina\u010dnom izvla\u010denju. Iako statisti\u010dka analiza mo\u017ee pokazati koji su brojevi ranije bili \u010de\u0161\u0107e ili re\u0111e izvu\u010deni, ti istorijski podaci <strong>nemaju nikakav uticaj na budu\u0107a izvla\u010denja<\/strong>. Svako Eurojackpot izvla\u010denje je <strong>nezavisan doga\u0111aj<\/strong>, \u0161to zna\u010di da prethodni rezultati ne uti\u010du na naredne. Svaki sistem ili strategija koja tvrdi da mo\u017ee predvideti brojeve lutrije je su\u0161tinski pogre\u0161na, jer <strong>prava nasumi\u010dnost ne mo\u017ee biti predvi\u0111ena<\/strong> niti kontrolisana analizom ili obrascima. \u0160ta \u010deka\u0161? Tickets su jeftini, a \u0161anse velike, zato se pripremi da izabere\u0161 svoje brojeve i vidi\u0161 \u0161ta \u0107e se desiti. <strong>Mo\u017ee\u0161 tako\u0111e <a href=\"https:\/\/lottomat.com\/sr\/igrati\/\">proveriti kompletnu listu na\u0161ih online lutrija<\/a> sa najve\u0107im jackpot-ovima!<\/strong><\/p>\n","protected":false},"excerpt":{"rendered":"<p>Da li si kupio Tickets za Eurojackpot i pita\u0161 se da li si pobedio? Dok ne sazna\u0161 izvu\u010dene brojeve, sve je mogu\u0107e, a rezultate lutrije mo\u017ee\u0161 videti na ovom veb-sajtu. Objavljujemo ih ultra-brzo odmah nakon \u0161to primimo poruku sa sajta doma\u0107ina Eurojackpot-a, tako da ima\u0161 garanciju da su pouzdano potvr\u0111eni i 100% stvarni. Analiziraj Eurojackpot [&hellip;]<\/p>\n","protected":false},"author":1,"featured_media":0,"parent":7641,"menu_order":4,"comment_status":"closed","ping_status":"closed","template":"eurojackpot-results.php","meta":{"_et_pb_use_builder":"","_et_pb_old_content":"","_et_gb_content_width":"","exclude_from_search":false,"footnotes":""},"class_list":["post-232644","page","type-page","status-publish","hentry"],"yoast_head":"<!-- This site is optimized with the Yoast SEO plugin v23.8 - https:\/\/yoast.com\/wordpress\/plugins\/seo\/ -->\n<title>Eurojackpot Rezultati - Eurojackpot Dobitni Brojevi - LottoMat<\/title>\n<meta name=\"description\" content=\"Proveri najnovije Eurojackpot rezultate. Ovde mo\u017ee\u0161 uporediti svoje brojeve sa zvani\u010dnim dobitnim brojevima Eurojackpot-a. Ne preska\u010di izvla\u010denje!\" \/>\n<meta name=\"robots\" content=\"index, follow, max-snippet:-1, max-image-preview:large, max-video-preview:-1\" \/>\n<link rel=\"canonical\" href=\"https:\/\/lottomat.com\/sr\/rezultati\/eurojackpot\/\" \/>\n<meta property=\"og:locale\" content=\"sr_RS\" \/>\n<meta property=\"og:type\" content=\"article\" \/>\n<meta property=\"og:title\" content=\"Eurojackpot Rezultati - Eurojackpot Dobitni Brojevi - LottoMat\" \/>\n<meta property=\"og:description\" content=\"Proveri najnovije Eurojackpot rezultate. Ovde mo\u017ee\u0161 uporediti svoje brojeve sa zvani\u010dnim dobitnim brojevima Eurojackpot-a. Ne preska\u010di izvla\u010denje!\" \/>\n<meta property=\"og:url\" content=\"https:\/\/lottomat.com\/sr\/rezultati\/eurojackpot\/\" \/>\n<meta property=\"og:site_name\" content=\"Lottomat\" \/>\n<meta property=\"article:modified_time\" content=\"2025-11-23T09:45:06+00:00\" \/>\n<meta property=\"og:image\" content=\"https:\/\/lottomat.com\/wp-content\/uploads\/2025\/11\/Eurojackpot-online-1.webp\" \/>\n<meta name=\"twitter:card\" content=\"summary_large_image\" \/>\n<meta name=\"twitter:label1\" content=\"\u041f\u0440\u043e\u0446\u0435\u045a\u0435\u043d\u043e \u0432\u0440\u0435\u043c\u0435 \u0447\u0438\u0442\u0430\u045a\u0430\" \/>\n\t<meta name=\"twitter:data1\" content=\"6 \u043c\u0438\u043d\u0443\u0442\u0430\" \/>\n<script type=\"application\/ld+json\" class=\"yoast-schema-graph\">{\"@context\":\"https:\/\/schema.org\",\"@graph\":[{\"@type\":\"WebPage\",\"@id\":\"https:\/\/lottomat.com\/sr\/rezultati\/eurojackpot\/\",\"url\":\"https:\/\/lottomat.com\/sr\/rezultati\/eurojackpot\/\",\"name\":\"Eurojackpot Rezultati - Eurojackpot Dobitni Brojevi - LottoMat\",\"isPartOf\":{\"@id\":\"https:\/\/lottomat.com\/sr\/#website\"},\"primaryImageOfPage\":{\"@id\":\"https:\/\/lottomat.com\/sr\/rezultati\/eurojackpot\/#primaryimage\"},\"image\":{\"@id\":\"https:\/\/lottomat.com\/sr\/rezultati\/eurojackpot\/#primaryimage\"},\"thumbnailUrl\":\"https:\/\/lottomat.com\/wp-content\/uploads\/2025\/11\/Eurojackpot-online-1.webp\",\"datePublished\":\"2025-03-27T10:35:32+00:00\",\"dateModified\":\"2025-11-23T09:45:06+00:00\",\"description\":\"Proveri najnovije Eurojackpot rezultate. Ovde mo\u017ee\u0161 uporediti svoje brojeve sa zvani\u010dnim dobitnim brojevima Eurojackpot-a. Ne preska\u010di izvla\u010denje!\",\"breadcrumb\":{\"@id\":\"https:\/\/lottomat.com\/sr\/rezultati\/eurojackpot\/#breadcrumb\"},\"inLanguage\":\"sr-RS\",\"potentialAction\":[{\"@type\":\"ReadAction\",\"target\":[\"https:\/\/lottomat.com\/sr\/rezultati\/eurojackpot\/\"]}]},{\"@type\":\"ImageObject\",\"inLanguage\":\"sr-RS\",\"@id\":\"https:\/\/lottomat.com\/sr\/rezultati\/eurojackpot\/#primaryimage\",\"url\":\"https:\/\/lottomat.com\/wp-content\/uploads\/2025\/11\/Eurojackpot-online-1.webp\",\"contentUrl\":\"https:\/\/lottomat.com\/wp-content\/uploads\/2025\/11\/Eurojackpot-online-1.webp\"},{\"@type\":\"BreadcrumbList\",\"@id\":\"https:\/\/lottomat.com\/sr\/rezultati\/eurojackpot\/#breadcrumb\",\"itemListElement\":[{\"@type\":\"ListItem\",\"position\":1,\"name\":\"Home\",\"item\":\"https:\/\/lottomat.com\/sr\/\"},{\"@type\":\"ListItem\",\"position\":2,\"name\":\"Najnoviji rezultati lutrije i dobitni brojevi\",\"item\":\"https:\/\/lottomat.com\/sr\/rezultati\/\"},{\"@type\":\"ListItem\",\"position\":3,\"name\":\"Eurojackpot Rezultati &#038; Dobitni Brojevi\"}]},{\"@type\":\"WebSite\",\"@id\":\"https:\/\/lottomat.com\/sr\/#website\",\"url\":\"https:\/\/lottomat.com\/sr\/\",\"name\":\"Lottomat\",\"description\":\"\",\"potentialAction\":[{\"@type\":\"SearchAction\",\"target\":{\"@type\":\"EntryPoint\",\"urlTemplate\":\"https:\/\/lottomat.com\/sr\/?s={search_term_string}\"},\"query-input\":{\"@type\":\"PropertyValueSpecification\",\"valueRequired\":true,\"valueName\":\"search_term_string\"}}],\"inLanguage\":\"sr-RS\"}]}<\/script>\n<!-- \/ Yoast SEO plugin. -->","yoast_head_json":{"title":"Eurojackpot Rezultati - Eurojackpot Dobitni Brojevi - LottoMat","description":"Proveri najnovije Eurojackpot rezultate. Ovde mo\u017ee\u0161 uporediti svoje brojeve sa zvani\u010dnim dobitnim brojevima Eurojackpot-a. Ne preska\u010di izvla\u010denje!","robots":{"index":"index","follow":"follow","max-snippet":"max-snippet:-1","max-image-preview":"max-image-preview:large","max-video-preview":"max-video-preview:-1"},"canonical":"https:\/\/lottomat.com\/sr\/rezultati\/eurojackpot\/","og_locale":"sr_RS","og_type":"article","og_title":"Eurojackpot Rezultati - Eurojackpot Dobitni Brojevi - LottoMat","og_description":"Proveri najnovije Eurojackpot rezultate. Ovde mo\u017ee\u0161 uporediti svoje brojeve sa zvani\u010dnim dobitnim brojevima Eurojackpot-a. Ne preska\u010di izvla\u010denje!","og_url":"https:\/\/lottomat.com\/sr\/rezultati\/eurojackpot\/","og_site_name":"Lottomat","article_modified_time":"2025-11-23T09:45:06+00:00","og_image":[{"url":"https:\/\/lottomat.com\/wp-content\/uploads\/2025\/11\/Eurojackpot-online-1.webp"}],"twitter_card":"summary_large_image","twitter_misc":{"\u041f\u0440\u043e\u0446\u0435\u045a\u0435\u043d\u043e \u0432\u0440\u0435\u043c\u0435 \u0447\u0438\u0442\u0430\u045a\u0430":"6 \u043c\u0438\u043d\u0443\u0442\u0430"},"schema":{"@context":"https:\/\/schema.org","@graph":[{"@type":"WebPage","@id":"https:\/\/lottomat.com\/sr\/rezultati\/eurojackpot\/","url":"https:\/\/lottomat.com\/sr\/rezultati\/eurojackpot\/","name":"Eurojackpot Rezultati - Eurojackpot Dobitni Brojevi - LottoMat","isPartOf":{"@id":"https:\/\/lottomat.com\/sr\/#website"},"primaryImageOfPage":{"@id":"https:\/\/lottomat.com\/sr\/rezultati\/eurojackpot\/#primaryimage"},"image":{"@id":"https:\/\/lottomat.com\/sr\/rezultati\/eurojackpot\/#primaryimage"},"thumbnailUrl":"https:\/\/lottomat.com\/wp-content\/uploads\/2025\/11\/Eurojackpot-online-1.webp","datePublished":"2025-03-27T10:35:32+00:00","dateModified":"2025-11-23T09:45:06+00:00","description":"Proveri najnovije Eurojackpot rezultate. Ovde mo\u017ee\u0161 uporediti svoje brojeve sa zvani\u010dnim dobitnim brojevima Eurojackpot-a. Ne preska\u010di izvla\u010denje!","breadcrumb":{"@id":"https:\/\/lottomat.com\/sr\/rezultati\/eurojackpot\/#breadcrumb"},"inLanguage":"sr-RS","potentialAction":[{"@type":"ReadAction","target":["https:\/\/lottomat.com\/sr\/rezultati\/eurojackpot\/"]}]},{"@type":"ImageObject","inLanguage":"sr-RS","@id":"https:\/\/lottomat.com\/sr\/rezultati\/eurojackpot\/#primaryimage","url":"https:\/\/lottomat.com\/wp-content\/uploads\/2025\/11\/Eurojackpot-online-1.webp","contentUrl":"https:\/\/lottomat.com\/wp-content\/uploads\/2025\/11\/Eurojackpot-online-1.webp"},{"@type":"BreadcrumbList","@id":"https:\/\/lottomat.com\/sr\/rezultati\/eurojackpot\/#breadcrumb","itemListElement":[{"@type":"ListItem","position":1,"name":"Home","item":"https:\/\/lottomat.com\/sr\/"},{"@type":"ListItem","position":2,"name":"Najnoviji rezultati lutrije i dobitni brojevi","item":"https:\/\/lottomat.com\/sr\/rezultati\/"},{"@type":"ListItem","position":3,"name":"Eurojackpot Rezultati &#038; Dobitni Brojevi"}]},{"@type":"WebSite","@id":"https:\/\/lottomat.com\/sr\/#website","url":"https:\/\/lottomat.com\/sr\/","name":"Lottomat","description":"","potentialAction":[{"@type":"SearchAction","target":{"@type":"EntryPoint","urlTemplate":"https:\/\/lottomat.com\/sr\/?s={search_term_string}"},"query-input":{"@type":"PropertyValueSpecification","valueRequired":true,"valueName":"search_term_string"}}],"inLanguage":"sr-RS"}]}},"_links":{"self":[{"href":"https:\/\/lottomat.com\/sr\/wp-json\/wp\/v2\/pages\/232644","targetHints":{"allow":["GET"]}}],"collection":[{"href":"https:\/\/lottomat.com\/sr\/wp-json\/wp\/v2\/pages"}],"about":[{"href":"https:\/\/lottomat.com\/sr\/wp-json\/wp\/v2\/types\/page"}],"author":[{"embeddable":true,"href":"https:\/\/lottomat.com\/sr\/wp-json\/wp\/v2\/users\/1"}],"replies":[{"embeddable":true,"href":"https:\/\/lottomat.com\/sr\/wp-json\/wp\/v2\/comments?post=232644"}],"version-history":[{"count":2,"href":"https:\/\/lottomat.com\/sr\/wp-json\/wp\/v2\/pages\/232644\/revisions"}],"predecessor-version":[{"id":259016,"href":"https:\/\/lottomat.com\/sr\/wp-json\/wp\/v2\/pages\/232644\/revisions\/259016"}],"up":[{"embeddable":true,"href":"https:\/\/lottomat.com\/sr\/wp-json\/wp\/v2\/pages\/7641"}],"wp:attachment":[{"href":"https:\/\/lottomat.com\/sr\/wp-json\/wp\/v2\/media?parent=232644"}],"curies":[{"name":"wp","href":"https:\/\/api.w.org\/{rel}","templated":true}]}}