{"id":10633,"date":"2025-03-26T10:16:37","date_gmt":"2025-03-26T10:16:37","guid":{"rendered":""},"modified":"2025-10-05T16:21:16","modified_gmt":"2025-10-05T16:21:16","slug":"powerball","status":"publish","type":"page","link":"https:\/\/lottomat.com\/sr\/lutrija\/powerball\/","title":{"rendered":"Powerball Nagrade, Pravila &#038; D\u017eekpot"},"content":{"rendered":"\n\n<div class=\"kk-star-ratings kksr-auto kksr-align-left kksr-valign-top\"\n    data-payload='{&quot;align&quot;:&quot;left&quot;,&quot;id&quot;:&quot;10633&quot;,&quot;slug&quot;:&quot;default&quot;,&quot;valign&quot;:&quot;top&quot;,&quot;ignore&quot;:&quot;&quot;,&quot;reference&quot;:&quot;auto&quot;,&quot;class&quot;:&quot;&quot;,&quot;count&quot;:&quot;0&quot;,&quot;legendonly&quot;:&quot;&quot;,&quot;readonly&quot;:&quot;&quot;,&quot;score&quot;:&quot;0&quot;,&quot;starsonly&quot;:&quot;&quot;,&quot;best&quot;:&quot;5&quot;,&quot;gap&quot;:&quot;5&quot;,&quot;greet&quot;:&quot;Rate this page&quot;,&quot;legend&quot;:&quot;0\\\/5 - (0 votes)&quot;,&quot;size&quot;:&quot;30&quot;,&quot;title&quot;:&quot;Powerball Nagrade, Pravila \\u0026amp; D\u017eekpot&quot;,&quot;width&quot;:&quot;0&quot;,&quot;_legend&quot;:&quot;{score}\\\/{best} - ({count} {votes})&quot;,&quot;font_factor&quot;:&quot;1.25&quot;}'>\n            \n<div class=\"kksr-stars\">\n    \n<div class=\"kksr-stars-inactive\">\n            <div class=\"kksr-star\" data-star=\"1\" style=\"padding-right: 5px\">\n            \n\n<div class=\"kksr-icon\" style=\"width: 30px; height: 30px;\"><\/div>\n        <\/div>\n            <div class=\"kksr-star\" data-star=\"2\" style=\"padding-right: 5px\">\n            \n\n<div class=\"kksr-icon\" style=\"width: 30px; height: 30px;\"><\/div>\n        <\/div>\n            <div class=\"kksr-star\" data-star=\"3\" style=\"padding-right: 5px\">\n            \n\n<div class=\"kksr-icon\" style=\"width: 30px; height: 30px;\"><\/div>\n        <\/div>\n            <div class=\"kksr-star\" data-star=\"4\" style=\"padding-right: 5px\">\n            \n\n<div class=\"kksr-icon\" style=\"width: 30px; height: 30px;\"><\/div>\n        <\/div>\n            <div class=\"kksr-star\" data-star=\"5\" style=\"padding-right: 5px\">\n            \n\n<div class=\"kksr-icon\" style=\"width: 30px; height: 30px;\"><\/div>\n        <\/div>\n    <\/div>\n    \n<div class=\"kksr-stars-active\" style=\"width: 0px;\">\n            <div class=\"kksr-star\" style=\"padding-right: 5px\">\n            \n\n<div class=\"kksr-icon\" style=\"width: 30px; height: 30px;\"><\/div>\n        <\/div>\n            <div class=\"kksr-star\" style=\"padding-right: 5px\">\n            \n\n<div class=\"kksr-icon\" style=\"width: 30px; height: 30px;\"><\/div>\n        <\/div>\n            <div class=\"kksr-star\" style=\"padding-right: 5px\">\n            \n\n<div class=\"kksr-icon\" style=\"width: 30px; height: 30px;\"><\/div>\n        <\/div>\n            <div class=\"kksr-star\" style=\"padding-right: 5px\">\n            \n\n<div class=\"kksr-icon\" style=\"width: 30px; height: 30px;\"><\/div>\n        <\/div>\n            <div class=\"kksr-star\" style=\"padding-right: 5px\">\n            \n\n<div class=\"kksr-icon\" style=\"width: 30px; height: 30px;\"><\/div>\n        <\/div>\n    <\/div>\n<\/div>\n                \n\n<div class=\"kksr-legend\" style=\"font-size: 24px;\">\n            <span class=\"kksr-muted\">Rate this page<\/span>\n    <\/div>\n    <\/div>\n<p>Saznajte vi\u0161e o Powerball nagradama, d\u017eekpotu i pravilima igre. Powerball Lotto \u2013 Igra na sre\u0107u ili lutrija je jedan od najpopularnijih oblika zabave kroz igre na sre\u0107u \u0161irom sveta. Ve\u0107ina nas je barem jednom u\u010destvovala u izvla\u010denju lutrije. Lutrije su vrlo jednostavne i uzbudljive igre sa jasnim pravilima. Apsolutno ni\u0161ta komplikovano nema u njima i svako mo\u017ee veoma brzo da nau\u010di pravila bilo koje lutrije. Ako ste ljubitelj igara sa brojevima i jo\u0161 uvek tra\u017eite novu i zanimljivu lutriju da isprobate, trebalo bi da nastavite da \u010ditate \u010dlanak. Re\u0107i \u0107emo vam \u0161ta je najpoznatija Powerball lutrija na svetu, kako funkcioni\u0161e igra, koje su \u0161anse i rizici, kao i koliko se mo\u017ee osvojiti (Powerball nagrade i d\u017eekpot).<\/p>\n<h2><img loading=\"lazy\" decoding=\"async\" class=\"alignleft wp-image-252449\" src=\"https:\/\/lottomat.com\/wp-content\/uploads\/2025\/10\/Powerball-jackpot-300x300.webp\" alt=\"Powerball d\u017eekpot\" width=\"200\" height=\"200\" srcset=\"https:\/\/lottomat.com\/wp-content\/uploads\/2025\/10\/Powerball-jackpot-300x300.webp 300w, https:\/\/lottomat.com\/wp-content\/uploads\/2025\/10\/Powerball-jackpot-150x150.webp 150w, https:\/\/lottomat.com\/wp-content\/uploads\/2025\/10\/Powerball-jackpot-100x100.webp 100w, https:\/\/lottomat.com\/wp-content\/uploads\/2025\/10\/Powerball-jackpot.webp 400w\" sizes=\"auto, (max-width: 200px) 100vw, 200px\" \/>\u0160ta je Powerball Lutrija?<\/h2>\n<p>Powerball je ameri\u010dka lutrija koja funkcioni\u0161e od <strong>1988<\/strong>. Ranije je bila poznata kao Lotto America, ali je u <strong>1992<\/strong>. naziv promenjen u dana\u0161nji Powerball. Ameri\u010dki Powerball je jedna od <a href=\"https:\/\/lottomat.com\/sr\/\">najpopularnijih lutrija na svetu<\/a>; ima kancelarije lutrije u SAD u \u010dak <strong>45 dr\u017eava<\/strong>, kao i u Distriktu Kolumbija, Portoriku i Devi\u010danskim Ostrvima. Vredi napomenuti da je ova lutrija bila prete\u010da izvla\u010denja iz dva bubnja, \u0161to je omogu\u0107ilo ve\u0107e dobitke. Powerball lotto izvla\u010denja odr\u017eavaju se svakog <strong>ponedeljka, srede i subote u 10:59 PM EST<\/strong>. Studio Florida Lottery je obi\u010dno mesto izvla\u010denja. Ako ne \u017eivite ili ne boravite u Sjedinjenim Dr\u017eavama i nemate mogu\u0107nosti da <a href=\"https:\/\/lottomat.com\/sr\/igrati\/powerball\/\">kupite Powerball lotto ticket online<\/a>, sve \u0161to treba da uradite jeste da koristite na\u0161 <strong>LottoMat sajt<\/strong>. Ovde mo\u017eete igrati Powerball lotto preko Interneta, \u010ditati zanimljive \u010dlanke i <a href=\"https:\/\/lottomat.com\/sr\/rezultati\/powerball\/\">proveriti najnovije rezultate Powerball izvla\u010denja<\/a>.<\/p>\n<h2>Koja Su Pravila Igranja Powerball Lutrije?<\/h2>\n<p>Od stvaranja lutrije, pravila su se vi\u0161e puta menjala; obi\u010dno su modernizovana da bi igra\u010dima omogu\u0107ila ve\u0107e Powerball nagrade. U po\u010detku je trebalo izabrati sedam brojeva iz skupa od 40. Zatim je dodat izbor drugog bonus broja iz manjeg skupa. Veli\u010dina skupa se menjala nekoliko puta dok kona\u010dno nije utvr\u0111eno da se bira <strong>pet brojeva iz 69 i jedan iz 26<\/strong> takozvanih Powerballs. Ova pravila va\u017ee i danas. Broj iz glavnog izvla\u010denja mo\u017ee biti identi\u010dan drugom.<\/p>\n<h2>Koji Su Rizici i \u0160anse za Dobitak Powerball Nagrada?<\/h2>\n<p>Jednom re\u010dju, velike su. Verovatno\u0107a osvajanja nagrade prvog nivoa je <strong>1:292 miliona<\/strong>. \u0160anse za osvajanje nagrade drugog nivoa su samo <strong>1:11,5 miliona<\/strong>, \u0161to je ogroman jaz, a zatim \u0161anse postaju neverovatno male. Za pore\u0111enje, \u0161anse da se osvoji glavni dobitak u poljskom Lottu su 1:14 miliona. U Powerball lutriji, <strong>1 od svakih 25 poslatih tickets dobija<\/strong>. Dakle, rizik nije mali, ali ni dobici nisu mali; zapravo, oni su jedni od najve\u0107ih na svetu. Zato, uprkos tako niskim \u0161ansama, broj zainteresovanih za Powerball ne opada, ve\u0107 raste iz godine u godinu. Minimalna uplata za Powerball je <strong>5 dolara<\/strong>, \u0161to je veoma privla\u010dno za ve\u0107inu igra\u010da, posebno s obzirom na visoke dobitke.<\/p>\n<h2><img loading=\"lazy\" decoding=\"async\" class=\"wp-image-252479 alignright\" src=\"https:\/\/lottomat.com\/wp-content\/uploads\/2025\/10\/Powerball-prizes-300x300.webp\" alt=\"Powerball nagrade\" width=\"200\" height=\"200\" srcset=\"https:\/\/lottomat.com\/wp-content\/uploads\/2025\/10\/Powerball-prizes-300x300.webp 300w, https:\/\/lottomat.com\/wp-content\/uploads\/2025\/10\/Powerball-prizes-150x150.webp 150w, https:\/\/lottomat.com\/wp-content\/uploads\/2025\/10\/Powerball-prizes-100x100.webp 100w, https:\/\/lottomat.com\/wp-content\/uploads\/2025\/10\/Powerball-prizes.webp 400w\" sizes=\"auto, (max-width: 200px) 100vw, 200px\" \/><\/h2>\n<h2>Koje Su Powerball Nagrade \u2013 Koliko Se Mo\u017ee Dobiti?<\/h2>\n<p>Re\u0107i da Powerball nudi vrlo visoke dobitke je kao da niste ni\u0161ta rekli. Govorimo o ogromnim iznosima; te\u0161ko je zamisliti \u0161ta biste radili sa tolikom nagradom. Ako pobedite, va\u0161a deca, unuci, praunuci i pra-praunuci nikada vi\u0161e ne\u0107e morati da rade. Najni\u017ei zagarantovani dobitak u Powerball-u je <strong>20 miliona dolara<\/strong>. Da ne spominjemo da se prose\u010dni dobici kre\u0107u oko 110-120 miliona dolara. Dobici drugog nivoa izgledaju manje primamljivo. To je \u201eskromnih\u201c <strong>milion dolara<\/strong>. Ipak, dovoljno je pogoditi pet ta\u010dnih brojeva da biste postali sre\u0107ni dobitnik. Sve se, me\u0111utim, menja kada do\u0111e do rollovers. Oh, da! Rollover d\u017eekpot u Powerball-u je \u010dista ludnica.<\/p>\n<h2>Kakvi Su Powerball Rollovers?<\/h2>\n<p>Ono \u0161to pre svega razlikuje Powerball od, na primer, poljske Lotto lutrije su ogromni rollovers, koji ubrzavaju srce, a d\u017eekpotovi koji dolaze s njima su \u0161okantno visoki. Kako emocije da ne podivljaju kada Powerball <strong>nema gornju granicu za rollover<\/strong>? To zna\u010di da, ako igra\u010di imaju sre\u0107e i vi\u0161e puta niko ne osvoji glavni dobitak, fond se akumulira dok ne budu izvu\u010deni ta\u010dni brojevi. Rollover d\u017eekpot u lutriji se obi\u010dno deli izme\u0111u vi\u0161e igra\u010da, \u0161to zna\u010di da se nagrada deli proporcionalno me\u0111u njima. Ali desilo se vi\u0161e puta u istoriji Powerball-a da je samo jedna osoba pogodila izvu\u010dene brojeve i osvojila ceo d\u017eekpot za sebe.<\/p>\n<h2>Koji Je Bio Rekordan Dobitak u Powerball Lutriji?<img loading=\"lazy\" decoding=\"async\" class=\"wp-image-252509 alignleft\" src=\"https:\/\/lottomat.com\/wp-content\/uploads\/2025\/10\/Powerball-rules-300x300.webp\" alt=\"Powerball pravila\" width=\"200\" height=\"200\" srcset=\"https:\/\/lottomat.com\/wp-content\/uploads\/2025\/10\/Powerball-rules-300x300.webp 300w, https:\/\/lottomat.com\/wp-content\/uploads\/2025\/10\/Powerball-rules-150x150.webp 150w, https:\/\/lottomat.com\/wp-content\/uploads\/2025\/10\/Powerball-rules-100x100.webp 100w, https:\/\/lottomat.com\/wp-content\/uploads\/2025\/10\/Powerball-rules.webp 400w\" sizes=\"auto, (max-width: 200px) 100vw, 200px\" \/><\/h2>\n<p>Rekordni d\u017eekpot u istoriji Powerball-a osvojen je <strong>7. novembra 2022<\/strong>, dostigav\u0161i neverovatnih <strong>2,04 milijarde dolara<\/strong> sa gotovinskom vredno\u0161\u0107u od <strong>997,6 miliona dolara<\/strong>. Ovo i dalje ostaje najve\u0107i lutrijski d\u017eekpot ikada osvojen na svetu. Dobitni ticket je prodat u Kaliforniji i preuzet od strane jednog dobitnika. Drugi najve\u0107i Powerball d\u017eekpot bio je <strong>1,787 milijardi dolara<\/strong>, osvojen u septembru 2025. na tickets prodatim u Misuriju i Teksasu.<\/p>\n<h2>Ko Mo\u017ee Igrati Powerball i Osvojiti Powerball Nagrade?<\/h2>\n<p>Svi imaju \u0161ansu da igraju sve dok su punoletni. Ne tako davno, Powerball je bio dostupan samo Amerikancima ili bilo kome na teritoriji Sjedinjenih Dr\u017eava ko je mogao koristiti kancelariju lutrije. Sada je sve druga\u010dije. I sve to zahvaljuju\u0107i internet lutrijama i na\u0161em <a href=\"https:\/\/lottomat.com\/sr\/\"><strong>LottoMat sajtu<\/strong><\/a>. Nije va\u017eno da li \u017eivite u Africi, Aziji ili Evropi. Ili ako sedite za stolom, le\u017eite u krevetu, tr\u010dite ili se opu\u0161tate u dvori\u0161tu. Mo\u017eete igrati Powerball i osvojiti Powerball d\u017eekpot bilo gde. Internet lutrije su postale neverovatno popularne; ve\u0107ina igra\u010da koristi ovu vrstu re\u0161enja jer je prakti\u010dna. Sve \u0161to vam treba je <strong>pristup Internetu<\/strong>. To daje igra\u010dima veliku slobodu \u0161irom sveta.<\/p>\n<h2>Kako Igrati Powerball Preko Interneta?<\/h2>\n<p>Sve \u0161to treba da uradite jeste da se prijavite na <strong>LottoMat sajt<\/strong> i popunite ticket sa va\u0161im omiljenim brojevima. To je sve. Zatim \u010dekate izvla\u010denje i proveravate rezultate Powerball-a. Oni se tako\u0111e lako mogu pogledati na na\u0161em sajtu. Igranje Powerball-a preko Interneta je neverovatno jednostavno i donosi mnogo uzbu\u0111enja.<\/p>\n<h2>Kada se Odr\u017eavaju Powerball Lotto Izvla\u010denja?<\/h2>\n<p>Powerball izvla\u010denja odr\u017eavaju se <strong>tri puta nedeljno \u2013 ponedeljkom, sredom i subotom<\/strong>. Tra\u017eite jaka uzbu\u0111enja i fantasti\u010dne dobitke? Igrajte Powerball lotto online \u2013 brzo, prakti\u010dno i bez napu\u0161tanja ku\u0107e. Sre\u0107no!<\/p>\n<h2>Powerball Nagrade i Tabela \u0160ansi za Dobitak<\/h2>\n","protected":false},"excerpt":{"rendered":"<p>Saznajte vi\u0161e o Powerball nagradama, d\u017eekpotu i pravilima igre. Powerball Lotto \u2013 Igra na sre\u0107u ili lutrija je jedan od najpopularnijih oblika zabave kroz igre na sre\u0107u \u0161irom sveta. Ve\u0107ina nas je barem jednom u\u010destvovala u izvla\u010denju lutrije. Lutrije su vrlo jednostavne i uzbudljive igre sa jasnim pravilima. Apsolutno ni\u0161ta komplikovano nema u njima i [&hellip;]<\/p>\n","protected":false},"author":1,"featured_media":0,"parent":7098,"menu_order":1,"comment_status":"closed","ping_status":"closed","template":"powerball-usa-info.php","meta":{"_et_pb_use_builder":"","_et_pb_old_content":"","_et_gb_content_width":"","exclude_from_search":false,"footnotes":""},"class_list":["post-10633","page","type-page","status-publish","hentry"],"yoast_head":"<!-- This site is optimized with the Yoast SEO plugin v23.8 - https:\/\/yoast.com\/wordpress\/plugins\/seo\/ -->\n<title>Powerball Nagrade, Pravila &amp; D\u017eekpot - Lottomat Srbija<\/title>\n<meta name=\"description\" content=\"Proverite Powerball nagrade, d\u017eekpot i pravila Powerball igre. Saznajte vi\u0161e o va\u0161im \u0161ansama za dobitak u ovoj ameri\u010dkoj lutriji.\" \/>\n<meta name=\"robots\" content=\"index, follow, max-snippet:-1, max-image-preview:large, max-video-preview:-1\" \/>\n<link rel=\"canonical\" href=\"https:\/\/lottomat.com\/sr\/lutrija\/powerball\/\" \/>\n<meta property=\"og:locale\" content=\"sr_RS\" \/>\n<meta property=\"og:type\" content=\"article\" \/>\n<meta property=\"og:title\" content=\"Powerball Nagrade, Pravila &amp; D\u017eekpot - Lottomat Srbija\" \/>\n<meta property=\"og:description\" content=\"Proverite Powerball nagrade, d\u017eekpot i pravila Powerball igre. Saznajte vi\u0161e o va\u0161im \u0161ansama za dobitak u ovoj ameri\u010dkoj lutriji.\" \/>\n<meta property=\"og:url\" content=\"https:\/\/lottomat.com\/sr\/lutrija\/powerball\/\" \/>\n<meta property=\"og:site_name\" content=\"Lottomat\" \/>\n<meta property=\"article:modified_time\" content=\"2025-10-05T16:21:16+00:00\" \/>\n<meta property=\"og:image\" content=\"https:\/\/lottomat.com\/wp-content\/uploads\/2025\/10\/Powerball-jackpot-300x300.webp\" \/>\n<meta name=\"twitter:card\" content=\"summary_large_image\" \/>\n<meta name=\"twitter:label1\" content=\"\u041f\u0440\u043e\u0446\u0435\u045a\u0435\u043d\u043e \u0432\u0440\u0435\u043c\u0435 \u0447\u0438\u0442\u0430\u045a\u0430\" \/>\n\t<meta name=\"twitter:data1\" content=\"5 \u043c\u0438\u043d\u0443\u0442\u0430\" \/>\n<script type=\"application\/ld+json\" class=\"yoast-schema-graph\">{\"@context\":\"https:\/\/schema.org\",\"@graph\":[{\"@type\":\"WebPage\",\"@id\":\"https:\/\/lottomat.com\/sr\/lutrija\/powerball\/\",\"url\":\"https:\/\/lottomat.com\/sr\/lutrija\/powerball\/\",\"name\":\"Powerball Nagrade, Pravila & D\u017eekpot - Lottomat Srbija\",\"isPartOf\":{\"@id\":\"https:\/\/lottomat.com\/sr\/#website\"},\"primaryImageOfPage\":{\"@id\":\"https:\/\/lottomat.com\/sr\/lutrija\/powerball\/#primaryimage\"},\"image\":{\"@id\":\"https:\/\/lottomat.com\/sr\/lutrija\/powerball\/#primaryimage\"},\"thumbnailUrl\":\"https:\/\/lottomat.com\/wp-content\/uploads\/2025\/10\/Powerball-jackpot-300x300.webp\",\"datePublished\":\"2025-03-26T10:16:37+00:00\",\"dateModified\":\"2025-10-05T16:21:16+00:00\",\"description\":\"Proverite Powerball nagrade, d\u017eekpot i pravila Powerball igre. Saznajte vi\u0161e o va\u0161im \u0161ansama za dobitak u ovoj ameri\u010dkoj lutriji.\",\"breadcrumb\":{\"@id\":\"https:\/\/lottomat.com\/sr\/lutrija\/powerball\/#breadcrumb\"},\"inLanguage\":\"sr-RS\",\"potentialAction\":[{\"@type\":\"ReadAction\",\"target\":[\"https:\/\/lottomat.com\/sr\/lutrija\/powerball\/\"]}]},{\"@type\":\"ImageObject\",\"inLanguage\":\"sr-RS\",\"@id\":\"https:\/\/lottomat.com\/sr\/lutrija\/powerball\/#primaryimage\",\"url\":\"https:\/\/lottomat.com\/wp-content\/uploads\/2025\/10\/Powerball-jackpot-300x300.webp\",\"contentUrl\":\"https:\/\/lottomat.com\/wp-content\/uploads\/2025\/10\/Powerball-jackpot-300x300.webp\"},{\"@type\":\"BreadcrumbList\",\"@id\":\"https:\/\/lottomat.com\/sr\/lutrija\/powerball\/#breadcrumb\",\"itemListElement\":[{\"@type\":\"ListItem\",\"position\":1,\"name\":\"Home\",\"item\":\"https:\/\/lottomat.com\/sr\/\"},{\"@type\":\"ListItem\",\"position\":2,\"name\":\"Pravila lutrije: Nagrade, D\u017eekpot i \u0160anse\",\"item\":\"https:\/\/lottomat.com\/sr\/lutrija\/\"},{\"@type\":\"ListItem\",\"position\":3,\"name\":\"Powerball Nagrade, Pravila &#038; D\u017eekpot\"}]},{\"@type\":\"WebSite\",\"@id\":\"https:\/\/lottomat.com\/sr\/#website\",\"url\":\"https:\/\/lottomat.com\/sr\/\",\"name\":\"Lottomat\",\"description\":\"\",\"potentialAction\":[{\"@type\":\"SearchAction\",\"target\":{\"@type\":\"EntryPoint\",\"urlTemplate\":\"https:\/\/lottomat.com\/sr\/?s={search_term_string}\"},\"query-input\":{\"@type\":\"PropertyValueSpecification\",\"valueRequired\":true,\"valueName\":\"search_term_string\"}}],\"inLanguage\":\"sr-RS\"}]}<\/script>\n<!-- \/ Yoast SEO plugin. -->","yoast_head_json":{"title":"Powerball Nagrade, Pravila & D\u017eekpot - Lottomat Srbija","description":"Proverite Powerball nagrade, d\u017eekpot i pravila Powerball igre. Saznajte vi\u0161e o va\u0161im \u0161ansama za dobitak u ovoj ameri\u010dkoj lutriji.","robots":{"index":"index","follow":"follow","max-snippet":"max-snippet:-1","max-image-preview":"max-image-preview:large","max-video-preview":"max-video-preview:-1"},"canonical":"https:\/\/lottomat.com\/sr\/lutrija\/powerball\/","og_locale":"sr_RS","og_type":"article","og_title":"Powerball Nagrade, Pravila & D\u017eekpot - Lottomat Srbija","og_description":"Proverite Powerball nagrade, d\u017eekpot i pravila Powerball igre. Saznajte vi\u0161e o va\u0161im \u0161ansama za dobitak u ovoj ameri\u010dkoj lutriji.","og_url":"https:\/\/lottomat.com\/sr\/lutrija\/powerball\/","og_site_name":"Lottomat","article_modified_time":"2025-10-05T16:21:16+00:00","og_image":[{"url":"https:\/\/lottomat.com\/wp-content\/uploads\/2025\/10\/Powerball-jackpot-300x300.webp"}],"twitter_card":"summary_large_image","twitter_misc":{"\u041f\u0440\u043e\u0446\u0435\u045a\u0435\u043d\u043e \u0432\u0440\u0435\u043c\u0435 \u0447\u0438\u0442\u0430\u045a\u0430":"5 \u043c\u0438\u043d\u0443\u0442\u0430"},"schema":{"@context":"https:\/\/schema.org","@graph":[{"@type":"WebPage","@id":"https:\/\/lottomat.com\/sr\/lutrija\/powerball\/","url":"https:\/\/lottomat.com\/sr\/lutrija\/powerball\/","name":"Powerball Nagrade, Pravila & D\u017eekpot - Lottomat Srbija","isPartOf":{"@id":"https:\/\/lottomat.com\/sr\/#website"},"primaryImageOfPage":{"@id":"https:\/\/lottomat.com\/sr\/lutrija\/powerball\/#primaryimage"},"image":{"@id":"https:\/\/lottomat.com\/sr\/lutrija\/powerball\/#primaryimage"},"thumbnailUrl":"https:\/\/lottomat.com\/wp-content\/uploads\/2025\/10\/Powerball-jackpot-300x300.webp","datePublished":"2025-03-26T10:16:37+00:00","dateModified":"2025-10-05T16:21:16+00:00","description":"Proverite Powerball nagrade, d\u017eekpot i pravila Powerball igre. Saznajte vi\u0161e o va\u0161im \u0161ansama za dobitak u ovoj ameri\u010dkoj lutriji.","breadcrumb":{"@id":"https:\/\/lottomat.com\/sr\/lutrija\/powerball\/#breadcrumb"},"inLanguage":"sr-RS","potentialAction":[{"@type":"ReadAction","target":["https:\/\/lottomat.com\/sr\/lutrija\/powerball\/"]}]},{"@type":"ImageObject","inLanguage":"sr-RS","@id":"https:\/\/lottomat.com\/sr\/lutrija\/powerball\/#primaryimage","url":"https:\/\/lottomat.com\/wp-content\/uploads\/2025\/10\/Powerball-jackpot-300x300.webp","contentUrl":"https:\/\/lottomat.com\/wp-content\/uploads\/2025\/10\/Powerball-jackpot-300x300.webp"},{"@type":"BreadcrumbList","@id":"https:\/\/lottomat.com\/sr\/lutrija\/powerball\/#breadcrumb","itemListElement":[{"@type":"ListItem","position":1,"name":"Home","item":"https:\/\/lottomat.com\/sr\/"},{"@type":"ListItem","position":2,"name":"Pravila lutrije: Nagrade, D\u017eekpot i \u0160anse","item":"https:\/\/lottomat.com\/sr\/lutrija\/"},{"@type":"ListItem","position":3,"name":"Powerball Nagrade, Pravila &#038; D\u017eekpot"}]},{"@type":"WebSite","@id":"https:\/\/lottomat.com\/sr\/#website","url":"https:\/\/lottomat.com\/sr\/","name":"Lottomat","description":"","potentialAction":[{"@type":"SearchAction","target":{"@type":"EntryPoint","urlTemplate":"https:\/\/lottomat.com\/sr\/?s={search_term_string}"},"query-input":{"@type":"PropertyValueSpecification","valueRequired":true,"valueName":"search_term_string"}}],"inLanguage":"sr-RS"}]}},"_links":{"self":[{"href":"https:\/\/lottomat.com\/sr\/wp-json\/wp\/v2\/pages\/10633","targetHints":{"allow":["GET"]}}],"collection":[{"href":"https:\/\/lottomat.com\/sr\/wp-json\/wp\/v2\/pages"}],"about":[{"href":"https:\/\/lottomat.com\/sr\/wp-json\/wp\/v2\/types\/page"}],"author":[{"embeddable":true,"href":"https:\/\/lottomat.com\/sr\/wp-json\/wp\/v2\/users\/1"}],"replies":[{"embeddable":true,"href":"https:\/\/lottomat.com\/sr\/wp-json\/wp\/v2\/comments?post=10633"}],"version-history":[{"count":2,"href":"https:\/\/lottomat.com\/sr\/wp-json\/wp\/v2\/pages\/10633\/revisions"}],"predecessor-version":[{"id":253056,"href":"https:\/\/lottomat.com\/sr\/wp-json\/wp\/v2\/pages\/10633\/revisions\/253056"}],"up":[{"embeddable":true,"href":"https:\/\/lottomat.com\/sr\/wp-json\/wp\/v2\/pages\/7098"}],"wp:attachment":[{"href":"https:\/\/lottomat.com\/sr\/wp-json\/wp\/v2\/media?parent=10633"}],"curies":[{"name":"wp","href":"https:\/\/api.w.org\/{rel}","templated":true}]}}