{"id":9716,"date":"2025-03-27T11:28:23","date_gmt":"2025-03-27T11:28:23","guid":{"rendered":"https:\/\/lottomat.net\/loterija-rezultati\/rezultati-mega-sena\/"},"modified":"2026-02-26T13:52:43","modified_gmt":"2026-02-26T13:52:43","slug":"rezultati-mega-sena","status":"publish","type":"page","link":"https:\/\/lottomat.com\/sl\/rezultati\/rezultati-mega-sena\/","title":{"rendered":"Rezultati Mega Sena in dobitne \u0161tevilke"},"content":{"rendered":"\n\n<div class=\"kk-star-ratings kksr-auto kksr-align-left kksr-valign-top\"\n    data-payload='{&quot;align&quot;:&quot;left&quot;,&quot;id&quot;:&quot;9716&quot;,&quot;slug&quot;:&quot;default&quot;,&quot;valign&quot;:&quot;top&quot;,&quot;ignore&quot;:&quot;&quot;,&quot;reference&quot;:&quot;auto&quot;,&quot;class&quot;:&quot;&quot;,&quot;count&quot;:&quot;0&quot;,&quot;legendonly&quot;:&quot;&quot;,&quot;readonly&quot;:&quot;&quot;,&quot;score&quot;:&quot;0&quot;,&quot;starsonly&quot;:&quot;&quot;,&quot;best&quot;:&quot;5&quot;,&quot;gap&quot;:&quot;5&quot;,&quot;greet&quot;:&quot;Rate this page&quot;,&quot;legend&quot;:&quot;0\\\/5 - (0 votes)&quot;,&quot;size&quot;:&quot;30&quot;,&quot;title&quot;:&quot;Rezultati Mega Sena in dobitne \u0161tevilke&quot;,&quot;width&quot;:&quot;0&quot;,&quot;_legend&quot;:&quot;{score}\\\/{best} - ({count} {votes})&quot;,&quot;font_factor&quot;:&quot;1.25&quot;}'>\n            \n<div class=\"kksr-stars\">\n    \n<div class=\"kksr-stars-inactive\">\n            <div class=\"kksr-star\" data-star=\"1\" style=\"padding-right: 5px\">\n            \n\n<div class=\"kksr-icon\" style=\"width: 30px; height: 30px;\"><\/div>\n        <\/div>\n            <div class=\"kksr-star\" data-star=\"2\" style=\"padding-right: 5px\">\n            \n\n<div class=\"kksr-icon\" style=\"width: 30px; height: 30px;\"><\/div>\n        <\/div>\n            <div class=\"kksr-star\" data-star=\"3\" style=\"padding-right: 5px\">\n            \n\n<div class=\"kksr-icon\" style=\"width: 30px; height: 30px;\"><\/div>\n        <\/div>\n            <div class=\"kksr-star\" data-star=\"4\" style=\"padding-right: 5px\">\n            \n\n<div class=\"kksr-icon\" style=\"width: 30px; height: 30px;\"><\/div>\n        <\/div>\n            <div class=\"kksr-star\" data-star=\"5\" style=\"padding-right: 5px\">\n            \n\n<div class=\"kksr-icon\" style=\"width: 30px; height: 30px;\"><\/div>\n        <\/div>\n    <\/div>\n    \n<div class=\"kksr-stars-active\" style=\"width: 0px;\">\n            <div class=\"kksr-star\" style=\"padding-right: 5px\">\n            \n\n<div class=\"kksr-icon\" style=\"width: 30px; height: 30px;\"><\/div>\n        <\/div>\n            <div class=\"kksr-star\" style=\"padding-right: 5px\">\n            \n\n<div class=\"kksr-icon\" style=\"width: 30px; height: 30px;\"><\/div>\n        <\/div>\n            <div class=\"kksr-star\" style=\"padding-right: 5px\">\n            \n\n<div class=\"kksr-icon\" style=\"width: 30px; height: 30px;\"><\/div>\n        <\/div>\n            <div class=\"kksr-star\" style=\"padding-right: 5px\">\n            \n\n<div class=\"kksr-icon\" style=\"width: 30px; height: 30px;\"><\/div>\n        <\/div>\n            <div class=\"kksr-star\" style=\"padding-right: 5px\">\n            \n\n<div class=\"kksr-icon\" style=\"width: 30px; height: 30px;\"><\/div>\n        <\/div>\n    <\/div>\n<\/div>\n                \n\n<div class=\"kksr-legend\" style=\"font-size: 24px;\">\n            <span class=\"kksr-muted\">Rate this page<\/span>\n    <\/div>\n    <\/div>\n<p>Za\u010deli ste igrati to odli\u010dno loterijo, vendar ne veste, kako in kje preveriti <strong>rezultate Mega Sena<\/strong> ter <strong>dobitne \u0161tevilke Mega Sena<\/strong>? Ste na pravem mestu! Rezultati Mega Sena pri Lottomat so <strong>zanesljivi, natan\u010dni in verodostojni<\/strong>. Preberite preostanek tega \u010dlanka in nikoli ve\u010d ne boste zamudili nobenega rezultata Mega Sena.<\/p>\n<h2>Kako preveriti dana\u0161nje rezultate Mega Sena v Braziliji?<img loading=\"lazy\" decoding=\"async\" class=\"alignright wp-image-260108\" src=\"https:\/\/lottomat.com\/wp-content\/uploads\/2025\/11\/Brazilian-lottery-draw.webp\" alt=\"Brazilsko loterijski \u017ereb\" width=\"200\" height=\"200\" srcset=\"https:\/\/lottomat.com\/wp-content\/uploads\/2025\/11\/Brazilian-lottery-draw.webp 400w, https:\/\/lottomat.com\/wp-content\/uploads\/2025\/11\/Brazilian-lottery-draw-300x300.webp 300w, https:\/\/lottomat.com\/wp-content\/uploads\/2025\/11\/Brazilian-lottery-draw-150x150.webp 150w, https:\/\/lottomat.com\/wp-content\/uploads\/2025\/11\/Brazilian-lottery-draw-100x100.webp 100w\" sizes=\"auto, (max-width: 200px) 100vw, 200px\" \/><\/h2>\n<p>\u010ce igrate Mega Sena v Braziliji, imate ve\u010d mo\u017enosti za preverjanje dobitnih \u0161tevilk Mega Sena. Seveda je prva stvar, ki pride na misel, obisk lokalnega prodajalca, kjer lahko kupite sre\u010dke. Rezultati so objavljeni na oglasni deski po vsakem \u017erebanju. Druga mo\u017enost za preverjanje rezultatov Mega Sena je ogled \u017erebanj v \u017eivo na Caixinem kanalu YouTube. Vendar to ni priro\u010dno za vsakogar, saj \u017erebanja vedno potekajo ob istem \u010dasu in na iste dni, nekateri igralci pa preprosto ne morejo gledati ob dolo\u010denem \u010dasu. Branje lokalnih \u010dasopisov je \u0161e en na\u010din preverjanja rezultata Mega Sena iz prej\u0161njega ve\u010dera. V bistvu bo \u010dasopis objavil dobitno kombinacijo in nagrade v izdaji, ki bo iz\u0161la dan po \u017erebanju.<\/p>\n<h2>Kako preveriti dana\u0161nje dobitne \u0161tevilke Mega Sena pri Lottomat?<\/h2>\n<p>Brez dvoma je najpreprostej\u0161a in najzanesljivej\u0161a re\u0161itev za preverjanje dana\u0161njih rezultatov Mega Sena spletno mesto Lottomat. Na na\u0161i strani lahko v hipu primerjate svojo kombinacijo s \u0161tevilkami, ki so bile izvle\u010dene. Preprosto pojdite v na\u0161 <a href=\"https:\/\/lottomat.com\/sl\/loterija-rezultati\/\">arhiv rezultatov loterij<\/a>, poi\u0161\u010dite Mega Sena in kliknite mo\u017enost Rezultati. Videli boste najnovej\u0161i rezultat Mega Sena, poleg tega pa imate mo\u017enost pregledati \u0161tevilke za vsako \u017erebanje iz zadnjih petih let. Najbolj\u0161e pri vsem tem je, da je <strong>to popolnoma brezpla\u010dno<\/strong>!<\/p>\n<h2>Dobitne \u0161tevilke Mega Sena \u2013 kdaj potekajo \u017erebanja?<\/h2>\n<p><img loading=\"lazy\" decoding=\"async\" class=\"alignleft wp-image-260139\" src=\"https:\/\/lottomat.com\/wp-content\/uploads\/2025\/11\/Brazilian-lottery-results.webp\" alt=\"Rezultati brazilske loterije\" width=\"200\" height=\"200\" srcset=\"https:\/\/lottomat.com\/wp-content\/uploads\/2025\/11\/Brazilian-lottery-results.webp 400w, https:\/\/lottomat.com\/wp-content\/uploads\/2025\/11\/Brazilian-lottery-results-300x300.webp 300w, https:\/\/lottomat.com\/wp-content\/uploads\/2025\/11\/Brazilian-lottery-results-150x150.webp 150w, https:\/\/lottomat.com\/wp-content\/uploads\/2025\/11\/Brazilian-lottery-results-100x100.webp 100w\" sizes=\"auto, (max-width: 200px) 100vw, 200px\" \/>Rezultati Mega Sena so na na\u0161i spletni strani objavljeni takoj, ko je \u017erebanje zaklju\u010deno in dobitna kombinacija potrjena s strani organizatorja loterije. V kolikor tega \u0161e ne veste, <strong>\u017erebanja potekajo \u0161tirikrat tedensko \u2013 vsako torek, sredo, \u010detrtek in soboto ob 20:00 po brazilskem \u010dasu<\/strong> (standardni \u010das Bras\u00edlije). Enkrat letno se odvija tudi posebno \u017erebanje na silvestrovsko no\u010d, ki ga imenujemo <strong>Mega da Virada<\/strong>. Dobitne \u0161tevilke Mega Sena v tem \u017erebanju so vrednej\u0161e kot obi\u010dajno, saj jackpot v tem krogu dose\u017ee izjemno visoke zneske. Okrog pet odstotkov prihodkov od vsakega rednega \u017erebanja skozi vse leto je namenjenih posebej za ta spektakularni dogodek, ki pogosto prese\u017ee 300 milijonov R$. Zato preverite na\u0161e spletno mesto vsako torek, sredo, \u010detrtek in soboto \u2013 rezultati Mega Sena vas bodo \u010dakali takoj, ko prejmemo dobitno kombinacijo od organizatorja.<\/p>\n<h2>Kako uporabljati arhiv rezultatov in dobitnih \u0161tevilk Mega Sena?<\/h2>\n<p>Prej smo omenili arhiv z rezultati. \u010ce vas je to pritegnilo, preberite, kako dostopate do njega in kako ga uporabljate.<\/p>\n<h3>Korak za korakom: dostop do arhiva rezultatov<\/h3>\n<p>Najprej vedite, da arhiv lahko uporablja kdorkoli \u2013 preprosto obi\u0161\u010dite na\u0161e spletno mesto v kateremkoli sodobnem brskalniku po svojih \u017eeljah. Ko ste na doma\u010di strani, kliknite Rezultati v meniju glave strani. Zdaj boste videli seznam vseh loterij online, ki jih ponujamo. \u010ce si \u017eelite ogledati rezultate Mega Sena, poi\u0161\u010dite igro na seznamu in znova kliknite mo\u017enost Rezultati. Zdaj boste videli dobitne \u0161tevilke Mega Sena za zadnji krog ter datum. S klikom na ta datum se odpre koledar \u2013 listajte skozi mesece in preprosto izberite dan, za katerega si \u017eelite ogledati rezultate, ter kliknite nanj. In voil\u00e0! Zdaj si lahko ogledate rezultat Mega Sena za izbrani datum. Kot smo \u017ee omenili, bo tu shranjeno vsako \u017erebanje iz zadnjih petih let in si ga boste lahko ogledali. To je <strong>izjemno koristno pri sestavljanju prihodnjih kombinacij<\/strong>, kajne?<\/p>\n<h2>Koliko igralcev je zmagalo in koliko v zadnjem \u017erebanju Mega Sena?<\/h2>\n<p>Vas zanimajo nedavni zmagovalci in razporeditev nagrad? Na\u0161a stran z rezultati prikazuje iz\u010drpne informacije o vsakem \u017erebanju Mega Sena, vklju\u010dno s \u0161tevilom zmagovalcev v vsakem nagradnem razredu in to\u010dnimi dodeljenimi zneski. Loterija ponuja <strong>tri nagradne razrede \u2013 ujemanje 6, 5 ali 4 \u0161tevilk<\/strong> \u2013 z visokimi nagradami tudi za ujemanja ni\u017ejih razredov. Ali \u017eelite izvedeti ve\u010d? <a href=\"https:\/\/lottomat.com\/sl\/loterija-informacije\/informacije-mega-sena\/\">Preverite nagrade Mega Sena<\/a>, jackpot in verjetnosti zmage na na\u0161i namenski informacijski strani.<img loading=\"lazy\" decoding=\"async\" class=\"alignright wp-image-260169\" src=\"https:\/\/lottomat.com\/wp-content\/uploads\/2025\/11\/Mega-Sena-draw.webp\" alt=\"\u017drebanje Mega Sena\" width=\"200\" height=\"200\" srcset=\"https:\/\/lottomat.com\/wp-content\/uploads\/2025\/11\/Mega-Sena-draw.webp 400w, https:\/\/lottomat.com\/wp-content\/uploads\/2025\/11\/Mega-Sena-draw-300x300.webp 300w, https:\/\/lottomat.com\/wp-content\/uploads\/2025\/11\/Mega-Sena-draw-150x150.webp 150w, https:\/\/lottomat.com\/wp-content\/uploads\/2025\/11\/Mega-Sena-draw-100x100.webp 100w\" sizes=\"auto, (max-width: 200px) 100vw, 200px\" \/><\/p>\n<h2>Razumevanje dobitnih \u0161tevilk Mega Sena<\/h2>\n<p>Tako kot pri kateri koli drugi loteriji je izbira pravih \u0161tevilk klju\u010dnega pomena za va\u0161 uspeh. Eden najbolj\u0161ih na\u010dinov za izbiro potencialnih dobitnih \u0161tevilk Mega Sena je iskanje dolo\u010denih vzorcev v \u017erebanjih. Da opazite te vzorce, morate skrbno pregledati izvle\u010dene \u0161tevilke v vsakem krogu. Zato za\u010dnite od dana\u0161njih rezultatov Mega Sena in si prizadevajte bele\u017eiti vsako \u017erebanje. Prej ali slej boste za\u010deli opa\u017eati vzorce, ki lahko izbolj\u0161ajo va\u0161e kombinacije. Do takrat pa si brez skrbi oglejte najpogosteje in najredkeje izvle\u010dene \u0161tevilke v rezultatih Mega Sena.<\/p>\n<h2>Katere so najpogosteje izvle\u010dene \u0161tevilke v Mega Sena?<\/h2>\n<p>Spodaj je \u0161est dobitnih \u0161tevilk Mega Sena, ki so bile izvle\u010dene najpogosteje. Vklju\u010devanje katerekoli od njih v va\u0161e kombinacije je priljubljena strategija, saj so se te \u0161tevilke zgodovinsko pojavljale pogosteje. <strong>\u0160tevilka 10<\/strong> \u2013 Na prvem mestu je \u0161tevilka 10. Bila je izvle\u010dena v 302 krogih, nazadnje pred 42 dnevi. <strong>\u0160tevilka 53<\/strong> \u2013 \u0160tevilka na drugem mestu se je pojavila v 301 rezultatu Mega Sena. Nazadnje pred 25 dnevi. <strong>\u0160tevilka 5<\/strong> \u2013 Ta \u0161tevilka je bila videna na 289 razli\u010dnih prilo\u017enostih. Najnovej\u0161i rezultat Mega Sena vklju\u010duje to \u0161tevilko. <strong>\u0160tevilka 37<\/strong> \u2013 \u010cetrta \u0161tevilka na tem seznamu je bila del 283 kombinacij. Nazadnje smo jo videli pred 18 dnevi. <strong>\u0160tevilka 33<\/strong> \u2013 Rezultati Mega Sena so vsebovali to \u0161tevilko v 281 razli\u010dnih krogih. Od vseh \u0161tevilk na tem seznamu ta ni bila izvle\u010dena najdlje \u2013 minilo je \u017ee 98 dni, odkar smo jo videli v dobitni kombinaciji. <strong>\u0160tevilka 34<\/strong> \u2013 Zadnja \u0161tevilka na tem seznamu je bila izvle\u010dena 279-krat. Nazadnje natanko pred dvema tednoma. Dana\u0161nji rezultati Mega Sena vam lahko prinesejo veliko veselja in sre\u010de, zato skrbno preu\u010dite izvle\u010dene \u0161tevilke, preden izberete svojo kombinacijo. Dobra priprava je lahko odlo\u010dilnega pomena.<\/p>\n<h2>Katere so najredkeje izvle\u010dene \u0161tevilke v Mega Sena?<\/h2>\n<p><img loading=\"lazy\" decoding=\"async\" class=\"alignleft wp-image-260199\" src=\"https:\/\/lottomat.com\/wp-content\/uploads\/2025\/11\/Mega-Sena-numbers.webp\" alt=\"\u0160tevilke Mega Sena\" width=\"200\" height=\"200\" srcset=\"https:\/\/lottomat.com\/wp-content\/uploads\/2025\/11\/Mega-Sena-numbers.webp 400w, https:\/\/lottomat.com\/wp-content\/uploads\/2025\/11\/Mega-Sena-numbers-300x300.webp 300w, https:\/\/lottomat.com\/wp-content\/uploads\/2025\/11\/Mega-Sena-numbers-150x150.webp 150w, https:\/\/lottomat.com\/wp-content\/uploads\/2025\/11\/Mega-Sena-numbers-100x100.webp 100w\" sizes=\"auto, (max-width: 200px) 100vw, 200px\" \/>Spodaj navedene dobitne \u0161tevilke Mega Sena so tiste, ki so bile izvle\u010dene najredkeje. Ne odsvetujemo vklju\u010devanja teh \u0161tevilk v va\u0161e kombinacije, a ne pozabite, da so loterijska \u017erebanja naklju\u010dna. To ne pomeni, da ne bodo dobitne v najnovej\u0161em rezultatu Mega Sena. Zapomnite si, da gre <strong>pri vsem skupaj za sre\u010do in skrbno izbiro \u0161tevilk<\/strong>. <strong>\u0160tevilka 26<\/strong> \u2013 To je najredkej\u0161a dobitna \u0161tevilka. Bila je izvle\u010dena le 218-krat, nazadnje v zadnjem krogu Mega Sena. <strong>\u0160tevilka 21<\/strong> \u2013 Drugo mesto zaseda ta \u0161tevilka, ki smo jo videli v 220 krogih. <strong>\u0160tevilka 55<\/strong> \u2013 Pred dvema tednoma je bila nazadnje videna ta \u0161tevilka, ki je bila dobitna na 222 razli\u010dnih prilo\u017enostih. <strong>\u0160tevilka 15<\/strong> \u2013 Rezultat Mega Sena je vseboval \u0161tevilko 15 v kombinaciji v 228 krogih. Nazadnje se je to zgodilo pred 46 dnevi. <strong>\u0160tevilka 22<\/strong> \u2013 Igralci so to \u0161tevilko videli v 235 razli\u010dnih \u017erebanjih. Zadnji rezultat Mega Sena, ki je vklju\u010deval to \u0161tevilko, je bil izvle\u010den pred dvema krogoma. <strong>\u0160tevilka 48<\/strong> \u2013 Nazadnje, zadnja \u0161tevilka v tem pregledu je bila izvle\u010dena na 240 razli\u010dnih prilo\u017enostih. Nazadnje pred 50 dnevi. Ali \u017eelite igrati? Kliknite in kupite sre\u010dke Mega Sena online na na\u0161i spletni strani kadarkoli!<\/p>\n<h2>Kako napovedati dobitne \u0161tevilke Mega Sena?<\/h2>\n<p>\u010ceprav je nemogo\u010de z gotovostjo napovedati rezultate loterije, mnogi igralci za izbiro svojih \u0161tevilk uporabljajo razli\u010dne strategije. Nekateri analizirajo zgodovinske podatke in vzorce pogostosti, drugi pa dajejo prednost naklju\u010dni mo\u017enosti Surpresinha, ki jo ponuja loterija. Statisti\u010dna analiza preteklih \u017erebanj je lahko zanimiva in potencialno koristna, a ne pozabite, da je vsako \u017erebanje neodvisen dogodek.<\/p>\n<h3>Spoznajte svoje mo\u017enosti igranja<\/h3>\n<p>Igralci lahko izbirajo med 6 in 15 \u0161tevilkami iz nabora od 1 do 60. Ve\u010d \u0161tevilk kot izberete, bolj\u0161e so va\u0161e mo\u017enosti za ujemanje dobitne kombinacije, \u010deprav se cena sre\u010dke temu primerno pove\u010da. S tremi razpolo\u017eljivimi nagradnimi razredi \u2013 ujemanje 4, 5 ali 6 \u0161tevilk \u2013 lahko \u017ee delna ujemanja prinesejo precej\u0161nje nagrade. Minimalni zagotovljeni jackpot se za\u010dne pri <strong>2 milijonih R$ in se lahko neomejeno kopi\u010di<\/strong>, \u010de ni zmagovalca, kar ustvarja ogromne nagradne sklade. Verjetnost za zmago jackpota je 1 : 50.063.860, a ker \u017erebanja potekajo trikrat tedensko, imate na voljo dovolj prilo\u017enosti, da preizkusite svojo sre\u010do.<img loading=\"lazy\" decoding=\"async\" class=\"alignright wp-image-260229\" src=\"https:\/\/lottomat.com\/wp-content\/uploads\/2025\/11\/Mega-Sena-winning-numbers.webp\" alt=\"Dobitne \u0161tevilke Mega Sena\" width=\"200\" height=\"200\" srcset=\"https:\/\/lottomat.com\/wp-content\/uploads\/2025\/11\/Mega-Sena-winning-numbers.webp 400w, https:\/\/lottomat.com\/wp-content\/uploads\/2025\/11\/Mega-Sena-winning-numbers-300x300.webp 300w, https:\/\/lottomat.com\/wp-content\/uploads\/2025\/11\/Mega-Sena-winning-numbers-150x150.webp 150w, https:\/\/lottomat.com\/wp-content\/uploads\/2025\/11\/Mega-Sena-winning-numbers-100x100.webp 100w\" sizes=\"auto, (max-width: 200px) 100vw, 200px\" \/><\/p>\n<h2>Zakaj izbrati Lottomat za \u0161tevilke Mega Sena?<\/h2>\n<p><a href=\"https:\/\/lottomat.com\/sl\/\">Lottomat<\/a> zagotavlja <strong>hitre, natan\u010dne in zanesljive rezultate Mega Sena<\/strong> takoj po vsakem \u017erebanju. Na\u0161 obse\u017eni arhiv vam omogo\u010da raziskovanje preteklih \u017erebanj, analizo vzorcev \u0161tevilk in razvijanje va\u0161e strategije igranja. Ne glede na to, ali preverjate rezultate iz srede ali i\u0161\u010dete zgodovinske podatke izpred let, na\u0161a platforma omogo\u010da enostaven dostop do vseh informacij, ki jih potrebujete. Ostanite na teko\u010dem z najnovej\u0161imi dobitnimi \u0161tevilkami Mega Sena, takoj preverite svoje sre\u010dke in nikoli ne zamudite \u017erebanja z Lottomat \u2013 va\u0161im zaupanja vrednim virom za najve\u010djo brazilsko loterijo! Pridru\u017eite se nam in <a href=\"https:\/\/lottomat.com\/sl\/igranje-loterije\/igrajte-mega-sena-na-spletu\/\">igrajte Mega Sena online kadarkoli<\/a>!<\/p>\n","protected":false},"excerpt":{"rendered":"<p>Za\u010deli ste igrati to odli\u010dno loterijo, vendar ne veste, kako in kje preveriti rezultate Mega Sena ter dobitne \u0161tevilke Mega Sena? Ste na pravem mestu! Rezultati Mega Sena pri Lottomat so zanesljivi, natan\u010dni in verodostojni. Preberite preostanek tega \u010dlanka in nikoli ve\u010d ne boste zamudili nobenega rezultata Mega Sena. Kako preveriti dana\u0161nje rezultate Mega Sena [&hellip;]<\/p>\n","protected":false},"author":1,"featured_media":0,"parent":7457,"menu_order":13,"comment_status":"closed","ping_status":"closed","template":"megasena-results.php","meta":{"_et_pb_use_builder":"","_et_pb_old_content":"","_et_gb_content_width":"","exclude_from_search":false,"footnotes":""},"class_list":["post-9716","page","type-page","status-publish","hentry"],"yoast_head":"<!-- This site is optimized with the Yoast SEO plugin v23.8 - https:\/\/yoast.com\/wordpress\/plugins\/seo\/ -->\n<title>Rezultati Mega Sena in dobitne \u0161tevilke - Lottomat<\/title>\n<meta name=\"description\" content=\"Preverite najnovej\u0161e rezultate Mega Sena pri Lottomat. Preverite najnovej\u0161e dobitne \u0161tevilke Mega Sena in jih primerjajte s svojo sre\u010dko.\" \/>\n<meta name=\"robots\" content=\"index, follow, max-snippet:-1, max-image-preview:large, max-video-preview:-1\" \/>\n<link rel=\"canonical\" href=\"https:\/\/lottomat.com\/sl\/rezultati\/rezultati-mega-sena\/\" \/>\n<meta property=\"og:locale\" content=\"sl_SI\" \/>\n<meta property=\"og:type\" content=\"article\" \/>\n<meta property=\"og:title\" content=\"Rezultati Mega Sena in dobitne \u0161tevilke - Lottomat\" \/>\n<meta property=\"og:description\" content=\"Preverite najnovej\u0161e rezultate Mega Sena pri Lottomat. Preverite najnovej\u0161e dobitne \u0161tevilke Mega Sena in jih primerjajte s svojo sre\u010dko.\" \/>\n<meta property=\"og:url\" content=\"https:\/\/lottomat.com\/sl\/rezultati\/rezultati-mega-sena\/\" \/>\n<meta property=\"og:site_name\" content=\"Lottomat\" \/>\n<meta property=\"article:modified_time\" content=\"2026-02-26T13:52:43+00:00\" \/>\n<meta property=\"og:image\" content=\"https:\/\/lottomat.com\/wp-content\/uploads\/2025\/11\/Brazilian-lottery-draw.webp\" \/>\n\t<meta property=\"og:image:width\" content=\"400\" \/>\n\t<meta property=\"og:image:height\" content=\"400\" \/>\n\t<meta property=\"og:image:type\" content=\"image\/webp\" \/>\n<meta name=\"twitter:card\" content=\"summary_large_image\" \/>\n<meta name=\"twitter:label1\" content=\"Est. reading time\" \/>\n\t<meta name=\"twitter:data1\" content=\"8 minut\" \/>\n<script type=\"application\/ld+json\" class=\"yoast-schema-graph\">{\"@context\":\"https:\/\/schema.org\",\"@graph\":[{\"@type\":\"WebPage\",\"@id\":\"https:\/\/lottomat.com\/sl\/rezultati\/rezultati-mega-sena\/\",\"url\":\"https:\/\/lottomat.com\/sl\/rezultati\/rezultati-mega-sena\/\",\"name\":\"Rezultati Mega Sena in dobitne \u0161tevilke - Lottomat\",\"isPartOf\":{\"@id\":\"https:\/\/lottomat.com\/sl\/#website\"},\"primaryImageOfPage\":{\"@id\":\"https:\/\/lottomat.com\/sl\/rezultati\/rezultati-mega-sena\/#primaryimage\"},\"image\":{\"@id\":\"https:\/\/lottomat.com\/sl\/rezultati\/rezultati-mega-sena\/#primaryimage\"},\"thumbnailUrl\":\"https:\/\/lottomat.com\/wp-content\/uploads\/2025\/11\/Brazilian-lottery-draw.webp\",\"datePublished\":\"2025-03-27T11:28:23+00:00\",\"dateModified\":\"2026-02-26T13:52:43+00:00\",\"description\":\"Preverite najnovej\u0161e rezultate Mega Sena pri Lottomat. Preverite najnovej\u0161e dobitne \u0161tevilke Mega Sena in jih primerjajte s svojo sre\u010dko.\",\"breadcrumb\":{\"@id\":\"https:\/\/lottomat.com\/sl\/rezultati\/rezultati-mega-sena\/#breadcrumb\"},\"inLanguage\":\"sl-SI\",\"potentialAction\":[{\"@type\":\"ReadAction\",\"target\":[\"https:\/\/lottomat.com\/sl\/rezultati\/rezultati-mega-sena\/\"]}]},{\"@type\":\"ImageObject\",\"inLanguage\":\"sl-SI\",\"@id\":\"https:\/\/lottomat.com\/sl\/rezultati\/rezultati-mega-sena\/#primaryimage\",\"url\":\"https:\/\/lottomat.com\/wp-content\/uploads\/2025\/11\/Brazilian-lottery-draw.webp\",\"contentUrl\":\"https:\/\/lottomat.com\/wp-content\/uploads\/2025\/11\/Brazilian-lottery-draw.webp\"},{\"@type\":\"BreadcrumbList\",\"@id\":\"https:\/\/lottomat.com\/sl\/rezultati\/rezultati-mega-sena\/#breadcrumb\",\"itemListElement\":[{\"@type\":\"ListItem\",\"position\":1,\"name\":\"Home\",\"item\":\"https:\/\/lottomat.com\/sl\/\"},{\"@type\":\"ListItem\",\"position\":2,\"name\":\"Najnovej\u0161i rezultati loterij in zmagovalne \u0161tevilke\",\"item\":\"https:\/\/lottomat.com\/sl\/rezultati\/\"},{\"@type\":\"ListItem\",\"position\":3,\"name\":\"Rezultati Mega Sena in dobitne \u0161tevilke\"}]},{\"@type\":\"WebSite\",\"@id\":\"https:\/\/lottomat.com\/sl\/#website\",\"url\":\"https:\/\/lottomat.com\/sl\/\",\"name\":\"Lottomat\",\"description\":\"\",\"potentialAction\":[{\"@type\":\"SearchAction\",\"target\":{\"@type\":\"EntryPoint\",\"urlTemplate\":\"https:\/\/lottomat.com\/sl\/?s={search_term_string}\"},\"query-input\":{\"@type\":\"PropertyValueSpecification\",\"valueRequired\":true,\"valueName\":\"search_term_string\"}}],\"inLanguage\":\"sl-SI\"}]}<\/script>\n<!-- \/ Yoast SEO plugin. -->","yoast_head_json":{"title":"Rezultati Mega Sena in dobitne \u0161tevilke - Lottomat","description":"Preverite najnovej\u0161e rezultate Mega Sena pri Lottomat. Preverite najnovej\u0161e dobitne \u0161tevilke Mega Sena in jih primerjajte s svojo sre\u010dko.","robots":{"index":"index","follow":"follow","max-snippet":"max-snippet:-1","max-image-preview":"max-image-preview:large","max-video-preview":"max-video-preview:-1"},"canonical":"https:\/\/lottomat.com\/sl\/rezultati\/rezultati-mega-sena\/","og_locale":"sl_SI","og_type":"article","og_title":"Rezultati Mega Sena in dobitne \u0161tevilke - Lottomat","og_description":"Preverite najnovej\u0161e rezultate Mega Sena pri Lottomat. Preverite najnovej\u0161e dobitne \u0161tevilke Mega Sena in jih primerjajte s svojo sre\u010dko.","og_url":"https:\/\/lottomat.com\/sl\/rezultati\/rezultati-mega-sena\/","og_site_name":"Lottomat","article_modified_time":"2026-02-26T13:52:43+00:00","og_image":[{"width":400,"height":400,"url":"https:\/\/lottomat.com\/wp-content\/uploads\/2025\/11\/Brazilian-lottery-draw.webp","type":"image\/webp"}],"twitter_card":"summary_large_image","twitter_misc":{"Est. reading time":"8 minut"},"schema":{"@context":"https:\/\/schema.org","@graph":[{"@type":"WebPage","@id":"https:\/\/lottomat.com\/sl\/rezultati\/rezultati-mega-sena\/","url":"https:\/\/lottomat.com\/sl\/rezultati\/rezultati-mega-sena\/","name":"Rezultati Mega Sena in dobitne \u0161tevilke - Lottomat","isPartOf":{"@id":"https:\/\/lottomat.com\/sl\/#website"},"primaryImageOfPage":{"@id":"https:\/\/lottomat.com\/sl\/rezultati\/rezultati-mega-sena\/#primaryimage"},"image":{"@id":"https:\/\/lottomat.com\/sl\/rezultati\/rezultati-mega-sena\/#primaryimage"},"thumbnailUrl":"https:\/\/lottomat.com\/wp-content\/uploads\/2025\/11\/Brazilian-lottery-draw.webp","datePublished":"2025-03-27T11:28:23+00:00","dateModified":"2026-02-26T13:52:43+00:00","description":"Preverite najnovej\u0161e rezultate Mega Sena pri Lottomat. Preverite najnovej\u0161e dobitne \u0161tevilke Mega Sena in jih primerjajte s svojo sre\u010dko.","breadcrumb":{"@id":"https:\/\/lottomat.com\/sl\/rezultati\/rezultati-mega-sena\/#breadcrumb"},"inLanguage":"sl-SI","potentialAction":[{"@type":"ReadAction","target":["https:\/\/lottomat.com\/sl\/rezultati\/rezultati-mega-sena\/"]}]},{"@type":"ImageObject","inLanguage":"sl-SI","@id":"https:\/\/lottomat.com\/sl\/rezultati\/rezultati-mega-sena\/#primaryimage","url":"https:\/\/lottomat.com\/wp-content\/uploads\/2025\/11\/Brazilian-lottery-draw.webp","contentUrl":"https:\/\/lottomat.com\/wp-content\/uploads\/2025\/11\/Brazilian-lottery-draw.webp"},{"@type":"BreadcrumbList","@id":"https:\/\/lottomat.com\/sl\/rezultati\/rezultati-mega-sena\/#breadcrumb","itemListElement":[{"@type":"ListItem","position":1,"name":"Home","item":"https:\/\/lottomat.com\/sl\/"},{"@type":"ListItem","position":2,"name":"Najnovej\u0161i rezultati loterij in zmagovalne \u0161tevilke","item":"https:\/\/lottomat.com\/sl\/rezultati\/"},{"@type":"ListItem","position":3,"name":"Rezultati Mega Sena in dobitne \u0161tevilke"}]},{"@type":"WebSite","@id":"https:\/\/lottomat.com\/sl\/#website","url":"https:\/\/lottomat.com\/sl\/","name":"Lottomat","description":"","potentialAction":[{"@type":"SearchAction","target":{"@type":"EntryPoint","urlTemplate":"https:\/\/lottomat.com\/sl\/?s={search_term_string}"},"query-input":{"@type":"PropertyValueSpecification","valueRequired":true,"valueName":"search_term_string"}}],"inLanguage":"sl-SI"}]}},"_links":{"self":[{"href":"https:\/\/lottomat.com\/sl\/wp-json\/wp\/v2\/pages\/9716","targetHints":{"allow":["GET"]}}],"collection":[{"href":"https:\/\/lottomat.com\/sl\/wp-json\/wp\/v2\/pages"}],"about":[{"href":"https:\/\/lottomat.com\/sl\/wp-json\/wp\/v2\/types\/page"}],"author":[{"embeddable":true,"href":"https:\/\/lottomat.com\/sl\/wp-json\/wp\/v2\/users\/1"}],"replies":[{"embeddable":true,"href":"https:\/\/lottomat.com\/sl\/wp-json\/wp\/v2\/comments?post=9716"}],"version-history":[{"count":3,"href":"https:\/\/lottomat.com\/sl\/wp-json\/wp\/v2\/pages\/9716\/revisions"}],"predecessor-version":[{"id":271946,"href":"https:\/\/lottomat.com\/sl\/wp-json\/wp\/v2\/pages\/9716\/revisions\/271946"}],"up":[{"embeddable":true,"href":"https:\/\/lottomat.com\/sl\/wp-json\/wp\/v2\/pages\/7457"}],"wp:attachment":[{"href":"https:\/\/lottomat.com\/sl\/wp-json\/wp\/v2\/media?parent=9716"}],"curies":[{"name":"wp","href":"https:\/\/api.w.org\/{rel}","templated":true}]}}