{"id":9528,"date":"2025-03-26T08:35:10","date_gmt":"2025-03-26T08:35:10","guid":{"rendered":"https:\/\/lottomat.net\/igranje-loterije\/igrajte-superenalotto-na-spletu\/"},"modified":"2026-02-26T11:03:01","modified_gmt":"2026-02-26T11:03:01","slug":"igrajte-superenalotto-na-spletu","status":"publish","type":"page","link":"https:\/\/lottomat.com\/sl\/igraj\/igrajte-superenalotto-na-spletu\/","title":{"rendered":"SuperEnalotto Online &#8211; SuperEnalotto Listki"},"content":{"rendered":"\n\n<div class=\"kk-star-ratings kksr-auto kksr-align-left kksr-valign-top\"\n    data-payload='{&quot;align&quot;:&quot;left&quot;,&quot;id&quot;:&quot;9528&quot;,&quot;slug&quot;:&quot;default&quot;,&quot;valign&quot;:&quot;top&quot;,&quot;ignore&quot;:&quot;&quot;,&quot;reference&quot;:&quot;auto&quot;,&quot;class&quot;:&quot;&quot;,&quot;count&quot;:&quot;0&quot;,&quot;legendonly&quot;:&quot;&quot;,&quot;readonly&quot;:&quot;&quot;,&quot;score&quot;:&quot;0&quot;,&quot;starsonly&quot;:&quot;&quot;,&quot;best&quot;:&quot;5&quot;,&quot;gap&quot;:&quot;5&quot;,&quot;greet&quot;:&quot;Rate this page&quot;,&quot;legend&quot;:&quot;0\\\/5 - (0 votes)&quot;,&quot;size&quot;:&quot;30&quot;,&quot;title&quot;:&quot;SuperEnalotto Online - SuperEnalotto Listki&quot;,&quot;width&quot;:&quot;0&quot;,&quot;_legend&quot;:&quot;{score}\\\/{best} - ({count} {votes})&quot;,&quot;font_factor&quot;:&quot;1.25&quot;}'>\n            \n<div class=\"kksr-stars\">\n    \n<div class=\"kksr-stars-inactive\">\n            <div class=\"kksr-star\" data-star=\"1\" style=\"padding-right: 5px\">\n            \n\n<div class=\"kksr-icon\" style=\"width: 30px; height: 30px;\"><\/div>\n        <\/div>\n            <div class=\"kksr-star\" data-star=\"2\" style=\"padding-right: 5px\">\n            \n\n<div class=\"kksr-icon\" style=\"width: 30px; height: 30px;\"><\/div>\n        <\/div>\n            <div class=\"kksr-star\" data-star=\"3\" style=\"padding-right: 5px\">\n            \n\n<div class=\"kksr-icon\" style=\"width: 30px; height: 30px;\"><\/div>\n        <\/div>\n            <div class=\"kksr-star\" data-star=\"4\" style=\"padding-right: 5px\">\n            \n\n<div class=\"kksr-icon\" style=\"width: 30px; height: 30px;\"><\/div>\n        <\/div>\n            <div class=\"kksr-star\" data-star=\"5\" style=\"padding-right: 5px\">\n            \n\n<div class=\"kksr-icon\" style=\"width: 30px; height: 30px;\"><\/div>\n        <\/div>\n    <\/div>\n    \n<div class=\"kksr-stars-active\" style=\"width: 0px;\">\n            <div class=\"kksr-star\" style=\"padding-right: 5px\">\n            \n\n<div class=\"kksr-icon\" style=\"width: 30px; height: 30px;\"><\/div>\n        <\/div>\n            <div class=\"kksr-star\" style=\"padding-right: 5px\">\n            \n\n<div class=\"kksr-icon\" style=\"width: 30px; height: 30px;\"><\/div>\n        <\/div>\n            <div class=\"kksr-star\" style=\"padding-right: 5px\">\n            \n\n<div class=\"kksr-icon\" style=\"width: 30px; height: 30px;\"><\/div>\n        <\/div>\n            <div class=\"kksr-star\" style=\"padding-right: 5px\">\n            \n\n<div class=\"kksr-icon\" style=\"width: 30px; height: 30px;\"><\/div>\n        <\/div>\n            <div class=\"kksr-star\" style=\"padding-right: 5px\">\n            \n\n<div class=\"kksr-icon\" style=\"width: 30px; height: 30px;\"><\/div>\n        <\/div>\n    <\/div>\n<\/div>\n                \n\n<div class=\"kksr-legend\" style=\"font-size: 24px;\">\n            <span class=\"kksr-muted\">Rate this page<\/span>\n    <\/div>\n    <\/div>\n<h2><img loading=\"lazy\" decoding=\"async\" class=\"alignleft wp-image-252554\" src=\"https:\/\/lottomat.com\/wp-content\/uploads\/2025\/10\/Italian-lottery-online-300x300.webp\" alt=\"Italijanska loterija online\" width=\"200\" height=\"200\" srcset=\"https:\/\/lottomat.com\/wp-content\/uploads\/2025\/10\/Italian-lottery-online-300x300.webp 300w, https:\/\/lottomat.com\/wp-content\/uploads\/2025\/10\/Italian-lottery-online-150x150.webp 150w, https:\/\/lottomat.com\/wp-content\/uploads\/2025\/10\/Italian-lottery-online-100x100.webp 100w, https:\/\/lottomat.com\/wp-content\/uploads\/2025\/10\/Italian-lottery-online.webp 400w\" sizes=\"auto, (max-width: 200px) 100vw, 200px\" \/>Kaj je SuperEnalotto?<\/h2>\n<p><strong>SuperEnalotto je italijanska najpriljubljenej\u0161a in najpresti\u017enej\u0161a loterijska igra<\/strong>, ki je znana po nekaterih najve\u010djih jackpotih v zgodovini evropskih loterij. Ta kultna italijanska loterija od leta 1997 navdu\u0161uje igralce s svojo edinstveno obliko in izjemnim potencialom nagrad. <strong>\u017drebanja SuperEnalotto potekajo trikrat na teden<\/strong> \u2013 ob torkih, \u010detrtkih in sobotah \u2013, kar igralcem daje ve\u010dkratne prilo\u017enosti za osvajanje zneskov, ki spremenijo \u017eivljenje. Posebnost te italijanske loterije je, da jackpot nima zgornje meje, kar pomeni, da se nagrade prena\u0161ajo v naslednje \u017erebanje, dokler kdo ne zmaga, in pogosto dose\u017eejo astronomske vsote, ki pritegnejo mednarodno pozornost. \u017delite igrati SuperEnalotto online? Zvemo ve\u010d!<\/p>\n<h2><img loading=\"lazy\" decoding=\"async\" class=\"alignright wp-image-252584\" src=\"https:\/\/lottomat.com\/wp-content\/uploads\/2025\/10\/play-SuperEnalotto-300x300.webp\" alt=\"igraj SuperEnalotto\" width=\"200\" height=\"200\" srcset=\"https:\/\/lottomat.com\/wp-content\/uploads\/2025\/10\/play-SuperEnalotto-300x300.webp 300w, https:\/\/lottomat.com\/wp-content\/uploads\/2025\/10\/play-SuperEnalotto-150x150.webp 150w, https:\/\/lottomat.com\/wp-content\/uploads\/2025\/10\/play-SuperEnalotto-100x100.webp 100w, https:\/\/lottomat.com\/wp-content\/uploads\/2025\/10\/play-SuperEnalotto.webp 400w\" sizes=\"auto, (max-width: 200px) 100vw, 200px\" \/>Kako igrati SuperEnalotto online?<\/h2>\n<p><strong>Igranje SuperEnalotta online prek LottoMata je izjemno priro\u010dno in dostopno od kjerkoli na svetu, kadar koli<\/strong>. Postopek je preprost in uporabniku prijazen \u2013 preprosto se registrirajte na <a href=\"https:\/\/lottomat.com\/sl\/\">spletni strani LottoMat<\/a>, izberite svoje sre\u010dne \u0161tevilke in kupite listke online, ne da bi kdaj zapustili dom. <strong>\u0160tevilke lahko izberete ro\u010dno glede na svojo osebno strategijo ali pa uporabite mo\u017enost Hitri izbor za naklju\u010dno izbiro \u0161tevilk<\/strong>. Ta prilagodljivost omogo\u010da tako strate\u0161kim igralcem kot tistim, ki raje prepustijo usodo naklju\u010dju, da u\u017eivajo v vznemirljivi igri italijanske prve loterije. Igranje online odpravlja geografske ovire, kar mednarodnim igralcem omogo\u010da sodelovanje v eni izmed najzanimivej\u0161ih loterijskih iger v Evropi.<\/p>\n<h2>Kako kupiti SuperEnalotto listke online?<\/h2>\n<p><strong>Za nakup SuperEnalotto listkov online morate uporabiti \u017eeleni na\u010din pla\u010dila prek varnega sistema platforme LottoMat<\/strong>. Vsi listki so vedno na voljo na spletni strani LottoMat, kar zagotavlja, da ne zamudite nobene prilo\u017enosti za \u017erebanje. <strong>Zagotavljamo pristnost va\u0161ih vnosov s skeniranjem originalnih listkov, ki jih na\u0161i licencirani agenti kupijo neposredno v Italiji<\/strong>. Ta postopek zagotavlja, da so va\u0161i <a href=\"https:\/\/lottomat.com\/sl\/igranje-loterije\/\">loterijski listki online<\/a> podprti z dejanskimi, fizi\u010dnimi loterijskimi listki, kupljenimi pri poobla\u0161\u010denih italijanskih prodajalcih. Digitalne kopije va\u0161ih listkov so varno shranjene na va\u0161em ra\u010dunu, kar zagotavlja popolno preglednost in varnost va\u0161ih loterijskih nalo\u017eb. Ta sistem zdru\u017euje priro\u010dnost igranja online z zanesljivostjo tradicionalnega nakupa listkov.<\/p>\n<h2><img loading=\"lazy\" decoding=\"async\" class=\"wp-image-252614 alignleft\" src=\"https:\/\/lottomat.com\/wp-content\/uploads\/2025\/10\/SuperEnalotto-online-300x300.webp\" alt=\"SuperEnalotto online\" width=\"200\" height=\"200\" srcset=\"https:\/\/lottomat.com\/wp-content\/uploads\/2025\/10\/SuperEnalotto-online-300x300.webp 300w, https:\/\/lottomat.com\/wp-content\/uploads\/2025\/10\/SuperEnalotto-online-150x150.webp 150w, https:\/\/lottomat.com\/wp-content\/uploads\/2025\/10\/SuperEnalotto-online-100x100.webp 100w, https:\/\/lottomat.com\/wp-content\/uploads\/2025\/10\/SuperEnalotto-online.webp 400w\" sizes=\"auto, (max-width: 200px) 100vw, 200px\" \/>Ali lahko kupite ve\u010d SuperEnalotto listkov?<\/h2>\n<p><strong>Da, svoje mo\u017enosti za zmago lahko znatno pove\u010date z nakupom ve\u010d SuperEnalotto listkov v eni sami transakciji<\/strong>. LottoMat ponuja priro\u010dno mo\u017enost \u00bbve\u010d vrstic\u00ab, ki vam omogo\u010da nakup do 20 SuperEnalotto listkov hkrati. Ta funkcija je idealna za igralce, ki \u017eelijo pove\u010dati svoj potencial za zmago, ali za loterijske sindikate, ki \u017eelijo zdru\u017eiti svoje vire. <strong>Nakup ve\u010d listkov ne le pove\u010da va\u0161e mo\u017enosti, temve\u010d tudi olaj\u0161a upravljanje va\u0161ih loterijskih vnosov<\/strong> v eni preprosti transakciji.<\/p>\n<h2>Ali lahko kupite SuperEnalotto listke za ve\u010d \u017erebanj?<\/h2>\n<p><strong>Seveda! LottoMat vam omogo\u010da nakup SuperEnalotto listkov za do 8 zaporednih \u017erebanj<\/strong>, kar zagotavlja, da ne zamudite nobene prilo\u017enosti za zmago. Ta mo\u017enost vnaprej\u0161njega nakupa je idealna za zaposlene igralce, ki \u017eelijo ohranjati dosledno udele\u017ebo, ne da bi morali vsaki\u010d pred \u017erebanjem pomisliti na nakup listkov. <strong>Igranje na ve\u010d \u017erebanj z istimi \u0161tevilkami je lahko del dolgoro\u010dne loterijske strategije<\/strong>, in mnogi igralci se odlo\u010dijo za ta pristop zaradi priro\u010dnosti in doslednosti.<\/p>\n<h2>Kak\u0161na je cena SuperEnalotto listkov online?<img loading=\"lazy\" decoding=\"async\" class=\"alignright wp-image-252644\" src=\"https:\/\/lottomat.com\/wp-content\/uploads\/2025\/10\/SuperEnalotto-tickets-300x300.webp\" alt=\"SuperEnalotto listki\" width=\"200\" height=\"200\" srcset=\"https:\/\/lottomat.com\/wp-content\/uploads\/2025\/10\/SuperEnalotto-tickets-300x300.webp 300w, https:\/\/lottomat.com\/wp-content\/uploads\/2025\/10\/SuperEnalotto-tickets-150x150.webp 150w, https:\/\/lottomat.com\/wp-content\/uploads\/2025\/10\/SuperEnalotto-tickets-100x100.webp 100w, https:\/\/lottomat.com\/wp-content\/uploads\/2025\/10\/SuperEnalotto-tickets.webp 400w\" sizes=\"auto, (max-width: 200px) 100vw, 200px\" \/><\/h2>\n<p><strong>Po izbiri \u017eelenega \u0161tevila vrstic na LottoMatu bo na\u0161 avtomatski kalkulator takoj izra\u010dunal skupne stro\u0161ke va\u0161ih SuperEnalotto listkov<\/strong>. Cene so pregledne in jasno prikazane, preden dokon\u010date nakup, kar zagotavlja, da ni skritih stro\u0161kov ali presene\u010denj. <strong>Na\u0161 sistem oblikovanja cen upo\u0161teva \u0161tevilo vrstic, \u017erebanj in morebitnih dodatnih mo\u017enosti, ki ste jih izbrali<\/strong>, ter vam zagotavlja celovit pregled va\u0161e loterijske nalo\u017ebe. Ta funkcija samodejnega izra\u010duna naredi na\u010drtovanje prora\u010duna za loterijo preprosto in nekomplicira.<\/p>\n<h2>Kateri so najbolj\u0161i nasveti za igranje SuperEnalotta online?<\/h2>\n<p><strong>Uspe\u0161no igranje SuperEnalotta zdru\u017euje strategijo z odgovornim pristopom k igri<\/strong>. Razmislite o kombinaciji pogosto \u017erebanih \u00bbvro\u010dih\u00ab in redkeje iz\u017erebanih \u00bbhladnih\u00ab \u0161tevilk, \u010deprav ne pozabite, da je vsako \u017erebanje neodvisno in naklju\u010dno. <strong>Sistemski vnosi lahko pove\u010dajo va\u0161e mo\u017enosti za zmago, ker pokrijejo ve\u010d kombinacij \u0161tevilk<\/strong>, medtem ko dosledno igranje z istimi \u0161tevilkami privla\u010di \u0161tevilne zveste igralce. Dolo\u010dite si udoben prora\u010dun in se ga dr\u017eite, pri \u010demer igro na loteriji obravnavajte kot razvedrilo in ne kot nalo\u017ebeno strategijo. <strong>Izkoristite mo\u017enosti za ve\u010d \u017erebanj, da ohranite doslednost<\/strong>, in razmislite o pristopu k sindikatu ali ustanovitvi lastnega, da zdru\u017eite vire in pove\u010date skupne mo\u017enosti celotne skupine. \u0160tevilni uspe\u0161ni igralci sledijo <a href=\"https:\/\/lottomat.com\/sl\/loterija-rezultati\/rezultati-superenalotto\/\">rezultatom \u017erebanj SuperEnalotto<\/a> in vzorcem, \u010deprav je pomembno vedeti, da loterijske igre temeljijo na naklju\u010dju. <strong>Klju\u010dno je igrati odgovorno in \u010dim bolj u\u017eivati v tej vznemirljivi italijanski loteriji<\/strong>.<\/p>\n<h2>Ali se spla\u010da igrati SuperEnalotto online?<\/h2>\n<p><strong>Igranje SuperEnalotta online ponuja izjemno vrednost za ljubitelje loterij, ki i\u0161\u010dejo najve\u010dje mo\u017ene jackpote v Evropi<\/strong>. Priro\u010dnost igranja online v kombinaciji z neomejenim potencialom jackpota SuperEnalotto ga dela privla\u010dno mo\u017enost za resne loterijske igralce. <strong>Mo\u017enost sodelovanja od kjerkoli na svetu, kadar koli, brez geografskih omejitev, doda izjemno vrednost<\/strong>. S tremi \u017erebanji na teden in nekaterimi najve\u010djimi nagradami v zgodovini loterij SuperEnalotto ponuja ve\u010d prilo\u017enosti in ve\u010dje potencialne nagrade kot \u0161tevilne druge evropske loterije. <strong>Kombinacija dostopnosti, varnosti in ogromnega potenciala nagrad naredi igranje SuperEnalotta online vredno izbiro za predane loterijske igralce<\/strong>. Preberite ve\u010d o <a href=\"https:\/\/lottomat.com\/sl\/loterija-informacije\/superenalotto-informacije\/\">nagradah in jackpotu SuperEnalotto<\/a> na na\u0161i spletni strani.<\/p>\n<h2>Ali so SuperEnalotto listki, kupljeni online prek LottoMata, varni?<\/h2>\n<p><strong>Da, SuperEnalotto listki, kupljeni prek LottoMata, so popolnoma varni in za\u0161\u010diteni<\/strong>. Zagotavljamo varno shranjevanje in upravljanje vseh va\u0161ih loterijskih listkov prek na\u0161ega naprednega digitalnega sistema. <strong>Vsak listek je profesionalno skeniran in shranjen na va\u0161em osebnem ra\u010dunu<\/strong>, kar vam zagotavlja trajni dostop do va\u0161ih vnosov in odpravlja tveganje izgube ali po\u0161kodbe fizi\u010dnih listkov. Na\u0161i licencirani agenti kupujejo originalne listke neposredno pri poobla\u0161\u010denih italijanskih prodajalcih, kar zagotavlja popolno pristnost in zakonitost. <strong>Varnostni ukrepi LottoMata vklju\u010dujejo \u0161ifrirane transakcije, varno shranjevanje podatkov in polno skladnost s predpisi<\/strong>, kar vam daje mir, da so va\u0161e loterijske nalo\u017ebe za\u0161\u010ditene. Va\u0161i dobi\u010dki so zajam\u010deni in samodejno knji\u017eeni na va\u0161 ra\u010dun, kar naredi celoten postopek pregleden in zaupanja vreden.<\/p>\n","protected":false},"excerpt":{"rendered":"<p>Kaj je SuperEnalotto? SuperEnalotto je italijanska najpriljubljenej\u0161a in najpresti\u017enej\u0161a loterijska igra, ki je znana po nekaterih najve\u010djih jackpotih v zgodovini evropskih loterij. Ta kultna italijanska loterija od leta 1997 navdu\u0161uje igralce s svojo edinstveno obliko in izjemnim potencialom nagrad. \u017drebanja SuperEnalotto potekajo trikrat na teden \u2013 ob torkih, \u010detrtkih in sobotah \u2013, kar igralcem daje [&hellip;]<\/p>\n","protected":false},"author":1,"featured_media":0,"parent":6809,"menu_order":5,"comment_status":"closed","ping_status":"closed","template":"superenalotto.php","meta":{"_et_pb_use_builder":"","_et_pb_old_content":"","_et_gb_content_width":"","exclude_from_search":false,"footnotes":""},"class_list":["post-9528","page","type-page","status-publish","hentry"],"yoast_head":"<!-- This site is optimized with the Yoast SEO plugin v23.8 - https:\/\/yoast.com\/wordpress\/plugins\/seo\/ -->\n<title>SuperEnalotto Online - SuperEnalotto Listki - Lottomat<\/title>\n<meta name=\"description\" content=\"Igrajte italijanski SuperEnalotto online in osvojite bogastvo! Kupite SuperEnalotto listke pri Lottomatu in sodelujte v naslednji italijanski loterijski \u017erebi.\" \/>\n<meta name=\"robots\" content=\"index, follow, max-snippet:-1, max-image-preview:large, max-video-preview:-1\" \/>\n<link rel=\"canonical\" href=\"https:\/\/lottomat.com\/sl\/igraj\/igrajte-superenalotto-na-spletu\/\" \/>\n<meta property=\"og:locale\" content=\"sl_SI\" \/>\n<meta property=\"og:type\" content=\"article\" \/>\n<meta property=\"og:title\" content=\"SuperEnalotto Online - SuperEnalotto Listki - Lottomat\" \/>\n<meta property=\"og:description\" content=\"Igrajte italijanski SuperEnalotto online in osvojite bogastvo! Kupite SuperEnalotto listke pri Lottomatu in sodelujte v naslednji italijanski loterijski \u017erebi.\" \/>\n<meta property=\"og:url\" content=\"https:\/\/lottomat.com\/sl\/igraj\/igrajte-superenalotto-na-spletu\/\" \/>\n<meta property=\"og:site_name\" content=\"Lottomat\" \/>\n<meta property=\"article:modified_time\" content=\"2026-02-26T11:03:01+00:00\" \/>\n<meta property=\"og:image\" content=\"https:\/\/lottomat.com\/wp-content\/uploads\/2025\/10\/Italian-lottery-online.webp\" \/>\n\t<meta property=\"og:image:width\" content=\"400\" \/>\n\t<meta property=\"og:image:height\" content=\"400\" \/>\n\t<meta property=\"og:image:type\" content=\"image\/webp\" \/>\n<meta name=\"twitter:card\" content=\"summary_large_image\" \/>\n<meta name=\"twitter:label1\" content=\"Est. reading time\" \/>\n\t<meta name=\"twitter:data1\" content=\"5 minut\" \/>\n<script type=\"application\/ld+json\" class=\"yoast-schema-graph\">{\"@context\":\"https:\/\/schema.org\",\"@graph\":[{\"@type\":\"WebPage\",\"@id\":\"https:\/\/lottomat.com\/sl\/igraj\/igrajte-superenalotto-na-spletu\/\",\"url\":\"https:\/\/lottomat.com\/sl\/igraj\/igrajte-superenalotto-na-spletu\/\",\"name\":\"SuperEnalotto Online - SuperEnalotto Listki - Lottomat\",\"isPartOf\":{\"@id\":\"https:\/\/lottomat.com\/sl\/#website\"},\"primaryImageOfPage\":{\"@id\":\"https:\/\/lottomat.com\/sl\/igraj\/igrajte-superenalotto-na-spletu\/#primaryimage\"},\"image\":{\"@id\":\"https:\/\/lottomat.com\/sl\/igraj\/igrajte-superenalotto-na-spletu\/#primaryimage\"},\"thumbnailUrl\":\"https:\/\/lottomat.com\/wp-content\/uploads\/2025\/10\/Italian-lottery-online-300x300.webp\",\"datePublished\":\"2025-03-26T08:35:10+00:00\",\"dateModified\":\"2026-02-26T11:03:01+00:00\",\"description\":\"Igrajte italijanski SuperEnalotto online in osvojite bogastvo! Kupite SuperEnalotto listke pri Lottomatu in sodelujte v naslednji italijanski loterijski \u017erebi.\",\"breadcrumb\":{\"@id\":\"https:\/\/lottomat.com\/sl\/igraj\/igrajte-superenalotto-na-spletu\/#breadcrumb\"},\"inLanguage\":\"sl-SI\",\"potentialAction\":[{\"@type\":\"ReadAction\",\"target\":[\"https:\/\/lottomat.com\/sl\/igraj\/igrajte-superenalotto-na-spletu\/\"]}]},{\"@type\":\"ImageObject\",\"inLanguage\":\"sl-SI\",\"@id\":\"https:\/\/lottomat.com\/sl\/igraj\/igrajte-superenalotto-na-spletu\/#primaryimage\",\"url\":\"https:\/\/lottomat.com\/wp-content\/uploads\/2025\/10\/Italian-lottery-online-300x300.webp\",\"contentUrl\":\"https:\/\/lottomat.com\/wp-content\/uploads\/2025\/10\/Italian-lottery-online-300x300.webp\"},{\"@type\":\"BreadcrumbList\",\"@id\":\"https:\/\/lottomat.com\/sl\/igraj\/igrajte-superenalotto-na-spletu\/#breadcrumb\",\"itemListElement\":[{\"@type\":\"ListItem\",\"position\":1,\"name\":\"Home\",\"item\":\"https:\/\/lottomat.com\/sl\/\"},{\"@type\":\"ListItem\",\"position\":2,\"name\":\"Igranje loterije\",\"item\":\"https:\/\/lottomat.com\/sl\/igraj\/\"},{\"@type\":\"ListItem\",\"position\":3,\"name\":\"SuperEnalotto Online &#8211; SuperEnalotto Listki\"}]},{\"@type\":\"WebSite\",\"@id\":\"https:\/\/lottomat.com\/sl\/#website\",\"url\":\"https:\/\/lottomat.com\/sl\/\",\"name\":\"Lottomat\",\"description\":\"\",\"potentialAction\":[{\"@type\":\"SearchAction\",\"target\":{\"@type\":\"EntryPoint\",\"urlTemplate\":\"https:\/\/lottomat.com\/sl\/?s={search_term_string}\"},\"query-input\":{\"@type\":\"PropertyValueSpecification\",\"valueRequired\":true,\"valueName\":\"search_term_string\"}}],\"inLanguage\":\"sl-SI\"}]}<\/script>\n<!-- \/ Yoast SEO plugin. -->","yoast_head_json":{"title":"SuperEnalotto Online - SuperEnalotto Listki - Lottomat","description":"Igrajte italijanski SuperEnalotto online in osvojite bogastvo! Kupite SuperEnalotto listke pri Lottomatu in sodelujte v naslednji italijanski loterijski \u017erebi.","robots":{"index":"index","follow":"follow","max-snippet":"max-snippet:-1","max-image-preview":"max-image-preview:large","max-video-preview":"max-video-preview:-1"},"canonical":"https:\/\/lottomat.com\/sl\/igraj\/igrajte-superenalotto-na-spletu\/","og_locale":"sl_SI","og_type":"article","og_title":"SuperEnalotto Online - SuperEnalotto Listki - Lottomat","og_description":"Igrajte italijanski SuperEnalotto online in osvojite bogastvo! Kupite SuperEnalotto listke pri Lottomatu in sodelujte v naslednji italijanski loterijski \u017erebi.","og_url":"https:\/\/lottomat.com\/sl\/igraj\/igrajte-superenalotto-na-spletu\/","og_site_name":"Lottomat","article_modified_time":"2026-02-26T11:03:01+00:00","og_image":[{"width":400,"height":400,"url":"https:\/\/lottomat.com\/wp-content\/uploads\/2025\/10\/Italian-lottery-online.webp","type":"image\/webp"}],"twitter_card":"summary_large_image","twitter_misc":{"Est. reading time":"5 minut"},"schema":{"@context":"https:\/\/schema.org","@graph":[{"@type":"WebPage","@id":"https:\/\/lottomat.com\/sl\/igraj\/igrajte-superenalotto-na-spletu\/","url":"https:\/\/lottomat.com\/sl\/igraj\/igrajte-superenalotto-na-spletu\/","name":"SuperEnalotto Online - SuperEnalotto Listki - Lottomat","isPartOf":{"@id":"https:\/\/lottomat.com\/sl\/#website"},"primaryImageOfPage":{"@id":"https:\/\/lottomat.com\/sl\/igraj\/igrajte-superenalotto-na-spletu\/#primaryimage"},"image":{"@id":"https:\/\/lottomat.com\/sl\/igraj\/igrajte-superenalotto-na-spletu\/#primaryimage"},"thumbnailUrl":"https:\/\/lottomat.com\/wp-content\/uploads\/2025\/10\/Italian-lottery-online-300x300.webp","datePublished":"2025-03-26T08:35:10+00:00","dateModified":"2026-02-26T11:03:01+00:00","description":"Igrajte italijanski SuperEnalotto online in osvojite bogastvo! Kupite SuperEnalotto listke pri Lottomatu in sodelujte v naslednji italijanski loterijski \u017erebi.","breadcrumb":{"@id":"https:\/\/lottomat.com\/sl\/igraj\/igrajte-superenalotto-na-spletu\/#breadcrumb"},"inLanguage":"sl-SI","potentialAction":[{"@type":"ReadAction","target":["https:\/\/lottomat.com\/sl\/igraj\/igrajte-superenalotto-na-spletu\/"]}]},{"@type":"ImageObject","inLanguage":"sl-SI","@id":"https:\/\/lottomat.com\/sl\/igraj\/igrajte-superenalotto-na-spletu\/#primaryimage","url":"https:\/\/lottomat.com\/wp-content\/uploads\/2025\/10\/Italian-lottery-online-300x300.webp","contentUrl":"https:\/\/lottomat.com\/wp-content\/uploads\/2025\/10\/Italian-lottery-online-300x300.webp"},{"@type":"BreadcrumbList","@id":"https:\/\/lottomat.com\/sl\/igraj\/igrajte-superenalotto-na-spletu\/#breadcrumb","itemListElement":[{"@type":"ListItem","position":1,"name":"Home","item":"https:\/\/lottomat.com\/sl\/"},{"@type":"ListItem","position":2,"name":"Igranje loterije","item":"https:\/\/lottomat.com\/sl\/igraj\/"},{"@type":"ListItem","position":3,"name":"SuperEnalotto Online &#8211; SuperEnalotto Listki"}]},{"@type":"WebSite","@id":"https:\/\/lottomat.com\/sl\/#website","url":"https:\/\/lottomat.com\/sl\/","name":"Lottomat","description":"","potentialAction":[{"@type":"SearchAction","target":{"@type":"EntryPoint","urlTemplate":"https:\/\/lottomat.com\/sl\/?s={search_term_string}"},"query-input":{"@type":"PropertyValueSpecification","valueRequired":true,"valueName":"search_term_string"}}],"inLanguage":"sl-SI"}]}},"_links":{"self":[{"href":"https:\/\/lottomat.com\/sl\/wp-json\/wp\/v2\/pages\/9528","targetHints":{"allow":["GET"]}}],"collection":[{"href":"https:\/\/lottomat.com\/sl\/wp-json\/wp\/v2\/pages"}],"about":[{"href":"https:\/\/lottomat.com\/sl\/wp-json\/wp\/v2\/types\/page"}],"author":[{"embeddable":true,"href":"https:\/\/lottomat.com\/sl\/wp-json\/wp\/v2\/users\/1"}],"replies":[{"embeddable":true,"href":"https:\/\/lottomat.com\/sl\/wp-json\/wp\/v2\/comments?post=9528"}],"version-history":[{"count":3,"href":"https:\/\/lottomat.com\/sl\/wp-json\/wp\/v2\/pages\/9528\/revisions"}],"predecessor-version":[{"id":271899,"href":"https:\/\/lottomat.com\/sl\/wp-json\/wp\/v2\/pages\/9528\/revisions\/271899"}],"up":[{"embeddable":true,"href":"https:\/\/lottomat.com\/sl\/wp-json\/wp\/v2\/pages\/6809"}],"wp:attachment":[{"href":"https:\/\/lottomat.com\/sl\/wp-json\/wp\/v2\/media?parent=9528"}],"curies":[{"name":"wp","href":"https:\/\/api.w.org\/{rel}","templated":true}]}}