{"id":8956,"date":"2025-03-26T08:02:36","date_gmt":"2025-03-26T08:02:36","guid":{"rendered":"https:\/\/lottomat.net\/igranje-loterije\/igrajte-eurojackpot-na-spletu\/"},"modified":"2026-02-26T10:46:23","modified_gmt":"2026-02-26T10:46:23","slug":"igrajte-eurojackpot-na-spletu","status":"publish","type":"page","link":"https:\/\/lottomat.com\/sl\/igraj\/igrajte-eurojackpot-na-spletu\/","title":{"rendered":"Igrajte Eurojackpot online"},"content":{"rendered":"\n\n<div class=\"kk-star-ratings kksr-auto kksr-align-left kksr-valign-top\"\n    data-payload='{&quot;align&quot;:&quot;left&quot;,&quot;id&quot;:&quot;8956&quot;,&quot;slug&quot;:&quot;default&quot;,&quot;valign&quot;:&quot;top&quot;,&quot;ignore&quot;:&quot;&quot;,&quot;reference&quot;:&quot;auto&quot;,&quot;class&quot;:&quot;&quot;,&quot;count&quot;:&quot;0&quot;,&quot;legendonly&quot;:&quot;&quot;,&quot;readonly&quot;:&quot;&quot;,&quot;score&quot;:&quot;0&quot;,&quot;starsonly&quot;:&quot;&quot;,&quot;best&quot;:&quot;5&quot;,&quot;gap&quot;:&quot;5&quot;,&quot;greet&quot;:&quot;Rate this page&quot;,&quot;legend&quot;:&quot;0\\\/5 - (0 votes)&quot;,&quot;size&quot;:&quot;30&quot;,&quot;title&quot;:&quot;Igrajte Eurojackpot online&quot;,&quot;width&quot;:&quot;0&quot;,&quot;_legend&quot;:&quot;{score}\\\/{best} - ({count} {votes})&quot;,&quot;font_factor&quot;:&quot;1.25&quot;}'>\n            \n<div class=\"kksr-stars\">\n    \n<div class=\"kksr-stars-inactive\">\n            <div class=\"kksr-star\" data-star=\"1\" style=\"padding-right: 5px\">\n            \n\n<div class=\"kksr-icon\" style=\"width: 30px; height: 30px;\"><\/div>\n        <\/div>\n            <div class=\"kksr-star\" data-star=\"2\" style=\"padding-right: 5px\">\n            \n\n<div class=\"kksr-icon\" style=\"width: 30px; height: 30px;\"><\/div>\n        <\/div>\n            <div class=\"kksr-star\" data-star=\"3\" style=\"padding-right: 5px\">\n            \n\n<div class=\"kksr-icon\" style=\"width: 30px; height: 30px;\"><\/div>\n        <\/div>\n            <div class=\"kksr-star\" data-star=\"4\" style=\"padding-right: 5px\">\n            \n\n<div class=\"kksr-icon\" style=\"width: 30px; height: 30px;\"><\/div>\n        <\/div>\n            <div class=\"kksr-star\" data-star=\"5\" style=\"padding-right: 5px\">\n            \n\n<div class=\"kksr-icon\" style=\"width: 30px; height: 30px;\"><\/div>\n        <\/div>\n    <\/div>\n    \n<div class=\"kksr-stars-active\" style=\"width: 0px;\">\n            <div class=\"kksr-star\" style=\"padding-right: 5px\">\n            \n\n<div class=\"kksr-icon\" style=\"width: 30px; height: 30px;\"><\/div>\n        <\/div>\n            <div class=\"kksr-star\" style=\"padding-right: 5px\">\n            \n\n<div class=\"kksr-icon\" style=\"width: 30px; height: 30px;\"><\/div>\n        <\/div>\n            <div class=\"kksr-star\" style=\"padding-right: 5px\">\n            \n\n<div class=\"kksr-icon\" style=\"width: 30px; height: 30px;\"><\/div>\n        <\/div>\n            <div class=\"kksr-star\" style=\"padding-right: 5px\">\n            \n\n<div class=\"kksr-icon\" style=\"width: 30px; height: 30px;\"><\/div>\n        <\/div>\n            <div class=\"kksr-star\" style=\"padding-right: 5px\">\n            \n\n<div class=\"kksr-icon\" style=\"width: 30px; height: 30px;\"><\/div>\n        <\/div>\n    <\/div>\n<\/div>\n                \n\n<div class=\"kksr-legend\" style=\"font-size: 24px;\">\n            <span class=\"kksr-muted\">Rate this page<\/span>\n    <\/div>\n    <\/div>\n<h2>Kaj je Eurojackpot?<\/h2>\n<p>Eurojackpot online je <strong>mednarodna loterija, ki je bila ustvarjena v Evropi<\/strong> in je bila sprva priljubljena le na na\u0161i strani sveta. Lahko bi rekli, da je preprosto nekak\u0161na evropska razli\u010dica lota. Eurojackpot je dokaj mlada loterija, <strong>ustvarjena marca 2012<\/strong>, ki od takrat u\u017eiva neomajno priljubljenost \u2013 ne le v Evropi, temve\u010d po vsem svetu. <strong>Visoki dobi\u010dki, dobre mo\u017enosti za ugibanje sre\u010dnih \u0161tevilk in neverjetni jackpoti<\/strong> privabljajo vse ve\u010d novih igralcev k Eurojackpotu. Ta denarna loterija je \u017ee ustvarila nekaj deset loto-milijonarjev. Vse se je za\u010delo z na\u010drtom, da bi ustvarili tekmeca loteriji Euromillions, in jo je \u017ee <strong>prehitela ter postala ena najhitreje rasto\u010dih in <a href=\"https:\/\/lottomat.com\/sl\/igranje-loterije\/\">najpopularnej\u0161ih spletnih loto iger<\/a><\/strong>.<\/p>\n<h2><img loading=\"lazy\" decoding=\"async\" class=\"alignleft wp-image-257564\" src=\"https:\/\/lottomat.com\/wp-content\/uploads\/2025\/11\/Eurojackpot-online.webp\" alt=\"Eurojackpot online\" width=\"200\" height=\"200\" srcset=\"https:\/\/lottomat.com\/wp-content\/uploads\/2025\/11\/Eurojackpot-online.webp 400w, https:\/\/lottomat.com\/wp-content\/uploads\/2025\/11\/Eurojackpot-online-300x300.webp 300w, https:\/\/lottomat.com\/wp-content\/uploads\/2025\/11\/Eurojackpot-online-150x150.webp 150w, https:\/\/lottomat.com\/wp-content\/uploads\/2025\/11\/Eurojackpot-online-100x100.webp 100w\" sizes=\"auto, (max-width: 200px) 100vw, 200px\" \/>Kako kupiti vstopnico za loterijo Eurojackpot online?<\/h2>\n<p>Spletna stran LottoMat omogo\u010da nakup loterijskih vstopnic prek interneta, tako da vam ni treba iskati mesta za nakup. Vse imate na enem mestu, <strong>24 ur na dan, 7 dni v tednu<\/strong>. Kar je \u0161e pomembneje \u2013 <strong>z vsakega koti\u010dka na svetu<\/strong>, saj se spletni nakup pri LottoMat obravnava enako kot nakup v dr\u017eavi, ki sodeluje v \u017erebanjih. To pomeni, da <strong>ne glede na to, kje ste, lahko igrate Eurojackpot online!<\/strong> Po oddaji naro\u010dila bo <strong>na\u0161 zastopnik v va\u0161em imenu kupil papirnato vstopnico za Eurojackpot<\/strong>, ki bo na voljo na va\u0161em ra\u010dunu pri LottoMat.<\/p>\n<h2>Koliko stane vstopnica za loterijo Eurojackpot?<\/h2>\n<p>Najprej <strong>izberite \u0161tevilke na svoji spletni vstopnici za Eurojackpot \u2013 5 osnovnih in 2 dodatni<\/strong>. Cena vstopnice bo prikazana na dnu seznama. Na\u0161 kalkulator bo izra\u010dunal znesek glede na \u0161tevilo izpolnjenih vstopnic. Zdaj vse, kar morate storiti, je, da si privo\u0161\u010dite prilo\u017enost za zmago, ki se v tej igri pojavlja presenetljivo pogosto.<\/p>\n<h2>Ali lahko kupite ve\u010d vstopnic za Eurojackpot?<\/h2>\n<p>Da, <strong>kupite lahko ve\u010d loterijskih vstopnic za Eurojackpot<\/strong> z izbiro mo\u017enosti \u00bbve\u010d vrstic\u00ab in izborom toliko vrstic, kot jih potrebujete. Ta strategija vam omogo\u010da, da <strong>igrate razli\u010dne kombinacije \u0161tevilk v istem \u017erebanju in s tem potencialno pove\u010date svoje mo\u017enosti za zmago<\/strong>. Vsaka dodatna vrstica vam daje novo prilo\u017enost za ujemanje dobitnih \u0161tevilk, pri \u010demer lahko kombinirate razli\u010dne metode izbire \u0161tevilk na svojih vstopnicah. Ne pozabite, da je <strong>vsaka vrstica cenjena posebej<\/strong>, zato bo nakup ve\u010d vstopnic sorazmerno pove\u010dal skupne stro\u0161ke.<\/p>\n<h2>Ali lahko kupite vstopnice za Eurojackpot za ve\u010d \u017erebanj?<\/h2>\n<h2><img loading=\"lazy\" decoding=\"async\" class=\"alignright wp-image-257594\" src=\"https:\/\/lottomat.com\/wp-content\/uploads\/2025\/11\/Eurojackpot-tickets.webp\" alt=\"Vstopnice za Eurojackpot\" width=\"200\" height=\"200\" srcset=\"https:\/\/lottomat.com\/wp-content\/uploads\/2025\/11\/Eurojackpot-tickets.webp 400w, https:\/\/lottomat.com\/wp-content\/uploads\/2025\/11\/Eurojackpot-tickets-300x300.webp 300w, https:\/\/lottomat.com\/wp-content\/uploads\/2025\/11\/Eurojackpot-tickets-150x150.webp 150w, https:\/\/lottomat.com\/wp-content\/uploads\/2025\/11\/Eurojackpot-tickets-100x100.webp 100w\" sizes=\"auto, (max-width: 200px) 100vw, 200px\" \/><\/h2>\n<p>Da, pri LottoMat lahko <strong>kupite loterijske vstopnice za do 8 zaporednih \u017erebanj vnaprej<\/strong>. Ta mo\u017enost ve\u010dkratnega \u017erebanja zagotavlja, da ne zamudite nobenega \u017erebanja, kar je posebej priro\u010dno za redne igralce, ki radi na\u010drtujejo vnaprej. Va\u0161e izbrane \u0161tevilke bodo samodejno sodelovale v vsakem na\u010drtovanem \u017erebanju, o rezultatih pa boste obve\u0161\u010deni za vsako \u017erebanje posebej. Ta mo\u017enost je idealna za igralce, ki \u017eelijo redno sodelovati, ne da bi morali vsaki\u010d znova kupovati vstopnice.<\/p>\n<h2>Kako igrati Eurojackpot online: Kaj storiti, da zmagate?<\/h2>\n<p>Za sodelovanje v \u017erebanjih morate <strong>izbrati 5 \u0161tevilk iz razpona od 1 do 50 in 2 dodatni oziroma bonus \u0161tevilki iz razpona od 1 do 12<\/strong>. Za povsem naklju\u010dno izbiro \u0161tevilk lahko uporabite mo\u017enost naklju\u010dnega izbora, ki je na voljo na platformi. <strong>Za zmago glavne nagrade je potrebno pravilno izbrati vseh 7 \u0161tevilk<\/strong>. Ko gre za dobitnike, ni enotnega odgovora na vpra\u0161anje, kako igrati Eurojackpot in zmagati. Vsak igralec ima svoje metode \u2013 nekateri kupijo kup vstopnic, drugi pregledujejo trenutne in <a href=\"https:\/\/lottomat.com\/sl\/loterija-rezultati\/\">arhivirane rezultate loterijskih \u017erebanj<\/a>, zapisujejo, katere \u0161tevilke se \u017erebajo najpogosteje, in ustvarjajo lastne strategije za prihodnje igre, spet tretji pa preprosto igrajo. Pri igri lahko na svoji vstopnici uporabite tako imenovane <strong>vro\u010de (najpogosteje \u017erebane) ali hladne (najredkeje \u017erebane) \u0161tevilke<\/strong>; preverite jih lahko na spletni strani LottoMat, ki je za vsakega igralca pripravila priro\u010den preglednic. Ko izpolnjujete vstopnico za Eurojackpot, pazite, da <strong>uporabite razli\u010dne kombinacije \u0161tevilk in izkoristite celoten razpolo\u017eljivi razpon<\/strong>.<\/p>\n<h2>Kateri so najbolj\u0161i nasveti za igranje Eurojackpota online?<\/h2>\n<p>Da bi pove\u010dali svoje mo\u017enosti pri spletni loteriji Eurojackpot, razmislite o <strong>razpr\u0161itvi izbora \u0161tevilk po celotnem razponu<\/strong>, namesto da bi jih kopi\u010dili na enem obmo\u010dju. Mnogi izku\u0161eni igralci priporo\u010dajo <strong>analizo zgodovinskih podatkov \u017erebanj za prepoznavanje vzorcev<\/strong>, \u010deprav ne pozabite, da je vsako \u017erebanje neodvisno. Razmislite o <strong>pridru\u017eitvi loterijski skupini, s \u010dimer pove\u010date kupno mo\u010d in hkrati delite stro\u0161ke<\/strong>, ter vedno <strong>igrajte v okviru svojega prora\u010duna<\/strong>. Nazadnje velja, da je <strong>doslednost klju\u010dna \u2013 redno sodelovanje v \u017erebanjih lahko izbolj\u0161a va\u0161e skupne mo\u017enosti<\/strong> v primerjavi z ob\u010dasnim igranjem. \u010ce \u017eelite izvedeti ve\u010d o tej loteriji \u2013 <a href=\"https:\/\/lottomat.com\/sl\/loterija-informacije\/informacije-o-eurojackpotu\/\">preverite nagrade, pravila in jackpot Eurojackpota<\/a> za prihodnje \u017erebanje.<\/p>\n<h2><img loading=\"lazy\" decoding=\"async\" class=\"alignleft wp-image-257624\" src=\"https:\/\/lottomat.com\/wp-content\/uploads\/2025\/11\/play-Eurojackpot.webp\" alt=\"igraj Eurojackpot\" width=\"200\" height=\"200\" srcset=\"https:\/\/lottomat.com\/wp-content\/uploads\/2025\/11\/play-Eurojackpot.webp 400w, https:\/\/lottomat.com\/wp-content\/uploads\/2025\/11\/play-Eurojackpot-300x300.webp 300w, https:\/\/lottomat.com\/wp-content\/uploads\/2025\/11\/play-Eurojackpot-150x150.webp 150w, https:\/\/lottomat.com\/wp-content\/uploads\/2025\/11\/play-Eurojackpot-100x100.webp 100w\" sizes=\"auto, (max-width: 200px) 100vw, 200px\" \/>Kdo lahko igra Eurojackpot online?<\/h2>\n<p>Med dr\u017eavami, ki sodelujejo v loteriji Eurojackpot, je kar <strong>18 dr\u017eav (Hrva\u0161ka, \u010ce\u0161ka, Danska, Estonija, Finska, Nem\u010dija, Mad\u017earska, Islandija, Italija, Latvija, Litva, Nizozemska, Norve\u0161ka, Poljska, Slova\u0161ka, Slovenija, \u0160panija in \u0160vedska)<\/strong>. Na\u0161tevanje vseh je pomembno za pravila Eurojackpota, saj v skladu s pogoji loterije <strong>v \u017erebanjih lahko sodelujejo tudi osebe z drugim dr\u017eavljanstvom, pod pogojem, da je bila vstopnica kupljena v eni od zgoraj navedenih dr\u017eav<\/strong>. Loterija Eurojackpot je ve\u010dinoma dostopna prek spleta. Spletna stran LottoMat vam omogo\u010da nakup vstopnic za Eurojackpot prek interneta. Postopek je zelo preprost, potrebnih je le nekaj klikov, po nakupu pa lahko hitro in udobno <a href=\"https:\/\/lottomat.com\/sl\/loterija-rezultati\/rezultati-igre-eurojackpot\/\">preverite trenutne rezultate \u017erebanja Eurojackpota<\/a> na spletni strani.<\/p>\n<h2>Po \u010dem se Eurojackpot razlikuje od drugih \u0161tevilskih iger?<\/h2>\n<p>Ve\u010dina iger na sre\u010do je zasnovana tako, da so zelo visoki dobi\u010dki dostopni le omejenemu \u0161tevilu igralcev. <strong>Eurojackpot je bil zasnovan z mislijo na bistveno ve\u010dje \u0161tevilo dobitnikov, dobi\u010dki pa zna\u0161ajo tiso\u010de in milijone evrov<\/strong>. Skratka, gre za \u017erebanje, ki je zasnovano tako, da <strong>daje igralcem ve\u010dje mo\u017enosti za zmago na loteriji<\/strong>. In \u010deprav loterija Euromillions na primer omogo\u010da ve\u010dje dobi\u010dke, <strong>Eurojackpot ponuja bistveno ve\u010dje mo\u017enosti za zmago<\/strong> v \u017erebanju in osvajanje impresivnih nagrad. Velja omeniti, da je v Eurojackpotu <strong>dvakrat ve\u010d dobitkov kot pri drugih igrah na sre\u010do<\/strong>, kar visoke dobi\u010dke postavi skoraj v doseg roke. Ravno ta lastnost igre je Eurojackpot dvignila na vi\u0161je ravni priljubljenosti v Evropi. <strong>Ve\u010dje \u0161tevilo dobitnikov pomeni tudi ve\u010dje mo\u017enosti za vas<\/strong>.<\/p>\n<h2>Ali se spla\u010da igrati Eurojackpot online?<img loading=\"lazy\" decoding=\"async\" class=\"alignright wp-image-257654\" src=\"https:\/\/lottomat.com\/wp-content\/uploads\/2025\/11\/buy-tickets-online.webp\" alt=\"kupi vstopnice online\" width=\"200\" height=\"200\" srcset=\"https:\/\/lottomat.com\/wp-content\/uploads\/2025\/11\/buy-tickets-online.webp 400w, https:\/\/lottomat.com\/wp-content\/uploads\/2025\/11\/buy-tickets-online-300x300.webp 300w, https:\/\/lottomat.com\/wp-content\/uploads\/2025\/11\/buy-tickets-online-150x150.webp 150w, https:\/\/lottomat.com\/wp-content\/uploads\/2025\/11\/buy-tickets-online-100x100.webp 100w\" sizes=\"auto, (max-width: 200px) 100vw, 200px\" \/><\/h2>\n<p>Vpra\u0161anje, ki si ga boste verjetno zastavili, je, ali se spla\u010da. Veliko ljudi si zastavi enako vpra\u0161anje, ko so pred nakupom vstopnice. Kot pri vsaki loteriji gre za tveganje, ki ga sprejmete vsaki\u010d, ko kupite vstopnico, a <strong>rezultati so lahko za vas \u017eivljenjsko spreminjajo\u010di<\/strong>. Pomislite, kaj bi lahko naredili, \u010de bi zadeli jackpot ali celo manj\u0161o nagrado. V\u010dasih se spla\u010da tvegati za prilo\u017enost do ne\u010desa bolj\u0161ega. Dejstvo je, da ima <strong>Eurojackpot splo\u0161no bistveno bolj\u0161e mo\u017enosti kot njegov glavni tekmec, EuroMillions<\/strong>. <strong>Za zmago glavne nagrade pri tej loteriji imate bistveno ve\u010dje mo\u017enosti kot pri njeni bolj znani konkurenci<\/strong>. Za enak denar torej dobite ve\u010dje mo\u017enosti za zmago. Edina slaba stran je, da morda ne boste zmagali, a pri\u010dakovanje je pogosto pol zabave. Poraz nikoli ni prijeten, zlasti ko sanjate o tem, kaj bi lahko storili z denarjem, ki bi ga dobili. A navdu\u0161enje ob zmagi, ko do nje pride, je vredno vsega preteklega razo\u010daranja. Torej, na kaj \u010dakate? Zakaj ne bi ustvarili svojega prvega ra\u010duna na <a href=\"https:\/\/lottomat.com\/sl\/\">spletni strani LottoMat<\/a> in se prepri\u010dali, kaj Eurojackpot sploh je? Zagotovo bo zabavna in vznemirljiva izku\u0161nja.<\/p>\n<h2>Kje kupiti vstopnico za Eurojackpot: online ali offline?<\/h2>\n<p>Pri nakupu loterijskih vstopnic za Eurojackpot lahko izbirate med spletnimi platformami, kot je LottoMat, ali fizi\u010dnimi prodajnimi mesti. <strong>Obe metodi ponujata enake mo\u017enosti za zmago<\/strong>, razlikujeta pa se v priro\u010dnosti in uporabni\u0161ki izku\u0161nji.<\/p>\n<h3>Tradicionalna izku\u0161nja nakupa v trgovini<\/h3>\n<p>Nakup vstopnic v trgovini vklju\u010duje ro\u010dno izpolnjevanje \u0161tevilk ali zahtevo po naklju\u010dnem izboru pri blagajni. \u010ceprav nekateri igralci cenijo dru\u017eabni vidik in zaupajo fizi\u010dnim nakupom, <strong>imajo tako spletne kot fizi\u010dne vstopnice enake mo\u017enosti za zmago jackpota<\/strong>. Kraj nakupa ne vpliva na va\u0161e mo\u017enosti za zmago.<\/p>\n<h3><img loading=\"lazy\" decoding=\"async\" class=\"alignleft wp-image-257684\" src=\"https:\/\/lottomat.com\/wp-content\/uploads\/2025\/11\/play-online.webp\" alt=\"igraj online\" width=\"200\" height=\"200\" srcset=\"https:\/\/lottomat.com\/wp-content\/uploads\/2025\/11\/play-online.webp 400w, https:\/\/lottomat.com\/wp-content\/uploads\/2025\/11\/play-online-300x300.webp 300w, https:\/\/lottomat.com\/wp-content\/uploads\/2025\/11\/play-online-150x150.webp 150w, https:\/\/lottomat.com\/wp-content\/uploads\/2025\/11\/play-online-100x100.webp 100w\" sizes=\"auto, (max-width: 200px) 100vw, 200px\" \/>Priro\u010dnost spletnih loterijskih vstopnic<\/h3>\n<p><strong>Spletni nakup vstopnic odpravlja \u010dakanje v vrstah in prihrani \u010das<\/strong>. Preprosto ustvarite ra\u010dun, izberite \u0161tevilke ali uporabite naklju\u010dni izbor, izberite na\u010din pla\u010dila in kon\u010dano. O rezultatih boste prejeli e-po\u0161tno obvestilo. <strong>Glavna prednost spletnih vstopnic je, da so shranjene digitalno, zato jih ne morete izgubiti<\/strong>. To odpravlja stres zaradi izgubljenih vstopnic in je okolju prijazno, saj zmanj\u0161uje porabo papirja. Ste pripravljeni, da se pridru\u017eite zabavi? Izberite \u0161tevilke in igrajte Eurojackpot online \u017ee zdaj!<\/p>\n","protected":false},"excerpt":{"rendered":"<p>Kaj je Eurojackpot? Eurojackpot online je mednarodna loterija, ki je bila ustvarjena v Evropi in je bila sprva priljubljena le na na\u0161i strani sveta. Lahko bi rekli, da je preprosto nekak\u0161na evropska razli\u010dica lota. Eurojackpot je dokaj mlada loterija, ustvarjena marca 2012, ki od takrat u\u017eiva neomajno priljubljenost \u2013 ne le v Evropi, temve\u010d po [&hellip;]<\/p>\n","protected":false},"author":1,"featured_media":0,"parent":6809,"menu_order":4,"comment_status":"closed","ping_status":"closed","template":"eurojackpot.php","meta":{"_et_pb_use_builder":"","_et_pb_old_content":"","_et_gb_content_width":"","exclude_from_search":false,"footnotes":""},"class_list":["post-8956","page","type-page","status-publish","hentry"],"yoast_head":"<!-- This site is optimized with the Yoast SEO plugin v23.8 - https:\/\/yoast.com\/wordpress\/plugins\/seo\/ -->\n<title>Eurojackpot Online - Vstopnice za Eurojackpot - LottoMat<\/title>\n<meta name=\"description\" content=\"Igrajte Eurojackpot online in osvojite velike nagrade pri Lottomat! Izberite svoje \u0161tevilke in kupite vstopnice za Eurojackpot kadarkoli!\" \/>\n<meta name=\"robots\" content=\"index, follow, max-snippet:-1, max-image-preview:large, max-video-preview:-1\" \/>\n<link rel=\"canonical\" href=\"https:\/\/lottomat.com\/sl\/igraj\/igrajte-eurojackpot-na-spletu\/\" \/>\n<meta property=\"og:locale\" content=\"sl_SI\" \/>\n<meta property=\"og:type\" content=\"article\" \/>\n<meta property=\"og:title\" content=\"Eurojackpot Online - Vstopnice za Eurojackpot - LottoMat\" \/>\n<meta property=\"og:description\" content=\"Igrajte Eurojackpot online in osvojite velike nagrade pri Lottomat! Izberite svoje \u0161tevilke in kupite vstopnice za Eurojackpot kadarkoli!\" \/>\n<meta property=\"og:url\" content=\"https:\/\/lottomat.com\/sl\/igraj\/igrajte-eurojackpot-na-spletu\/\" \/>\n<meta property=\"og:site_name\" content=\"Lottomat\" \/>\n<meta property=\"article:modified_time\" content=\"2026-02-26T10:46:23+00:00\" \/>\n<meta property=\"og:image\" content=\"https:\/\/lottomat.com\/wp-content\/uploads\/2025\/11\/Eurojackpot-online.webp\" \/>\n\t<meta property=\"og:image:width\" content=\"400\" \/>\n\t<meta property=\"og:image:height\" content=\"400\" \/>\n\t<meta property=\"og:image:type\" content=\"image\/webp\" \/>\n<meta name=\"twitter:card\" content=\"summary_large_image\" \/>\n<meta name=\"twitter:label1\" content=\"Est. reading time\" \/>\n\t<meta name=\"twitter:data1\" content=\"7 minut\" \/>\n<script type=\"application\/ld+json\" class=\"yoast-schema-graph\">{\"@context\":\"https:\/\/schema.org\",\"@graph\":[{\"@type\":\"WebPage\",\"@id\":\"https:\/\/lottomat.com\/sl\/igraj\/igrajte-eurojackpot-na-spletu\/\",\"url\":\"https:\/\/lottomat.com\/sl\/igraj\/igrajte-eurojackpot-na-spletu\/\",\"name\":\"Eurojackpot Online - Vstopnice za Eurojackpot - LottoMat\",\"isPartOf\":{\"@id\":\"https:\/\/lottomat.com\/sl\/#website\"},\"primaryImageOfPage\":{\"@id\":\"https:\/\/lottomat.com\/sl\/igraj\/igrajte-eurojackpot-na-spletu\/#primaryimage\"},\"image\":{\"@id\":\"https:\/\/lottomat.com\/sl\/igraj\/igrajte-eurojackpot-na-spletu\/#primaryimage\"},\"thumbnailUrl\":\"https:\/\/lottomat.com\/wp-content\/uploads\/2025\/11\/Eurojackpot-online.webp\",\"datePublished\":\"2025-03-26T08:02:36+00:00\",\"dateModified\":\"2026-02-26T10:46:23+00:00\",\"description\":\"Igrajte Eurojackpot online in osvojite velike nagrade pri Lottomat! Izberite svoje \u0161tevilke in kupite vstopnice za Eurojackpot kadarkoli!\",\"breadcrumb\":{\"@id\":\"https:\/\/lottomat.com\/sl\/igraj\/igrajte-eurojackpot-na-spletu\/#breadcrumb\"},\"inLanguage\":\"sl-SI\",\"potentialAction\":[{\"@type\":\"ReadAction\",\"target\":[\"https:\/\/lottomat.com\/sl\/igraj\/igrajte-eurojackpot-na-spletu\/\"]}]},{\"@type\":\"ImageObject\",\"inLanguage\":\"sl-SI\",\"@id\":\"https:\/\/lottomat.com\/sl\/igraj\/igrajte-eurojackpot-na-spletu\/#primaryimage\",\"url\":\"https:\/\/lottomat.com\/wp-content\/uploads\/2025\/11\/Eurojackpot-online.webp\",\"contentUrl\":\"https:\/\/lottomat.com\/wp-content\/uploads\/2025\/11\/Eurojackpot-online.webp\"},{\"@type\":\"BreadcrumbList\",\"@id\":\"https:\/\/lottomat.com\/sl\/igraj\/igrajte-eurojackpot-na-spletu\/#breadcrumb\",\"itemListElement\":[{\"@type\":\"ListItem\",\"position\":1,\"name\":\"Home\",\"item\":\"https:\/\/lottomat.com\/sl\/\"},{\"@type\":\"ListItem\",\"position\":2,\"name\":\"Igranje loterije\",\"item\":\"https:\/\/lottomat.com\/sl\/igraj\/\"},{\"@type\":\"ListItem\",\"position\":3,\"name\":\"Igrajte Eurojackpot online\"}]},{\"@type\":\"WebSite\",\"@id\":\"https:\/\/lottomat.com\/sl\/#website\",\"url\":\"https:\/\/lottomat.com\/sl\/\",\"name\":\"Lottomat\",\"description\":\"\",\"potentialAction\":[{\"@type\":\"SearchAction\",\"target\":{\"@type\":\"EntryPoint\",\"urlTemplate\":\"https:\/\/lottomat.com\/sl\/?s={search_term_string}\"},\"query-input\":{\"@type\":\"PropertyValueSpecification\",\"valueRequired\":true,\"valueName\":\"search_term_string\"}}],\"inLanguage\":\"sl-SI\"}]}<\/script>\n<!-- \/ Yoast SEO plugin. -->","yoast_head_json":{"title":"Eurojackpot Online - Vstopnice za Eurojackpot - LottoMat","description":"Igrajte Eurojackpot online in osvojite velike nagrade pri Lottomat! Izberite svoje \u0161tevilke in kupite vstopnice za Eurojackpot kadarkoli!","robots":{"index":"index","follow":"follow","max-snippet":"max-snippet:-1","max-image-preview":"max-image-preview:large","max-video-preview":"max-video-preview:-1"},"canonical":"https:\/\/lottomat.com\/sl\/igraj\/igrajte-eurojackpot-na-spletu\/","og_locale":"sl_SI","og_type":"article","og_title":"Eurojackpot Online - Vstopnice za Eurojackpot - LottoMat","og_description":"Igrajte Eurojackpot online in osvojite velike nagrade pri Lottomat! Izberite svoje \u0161tevilke in kupite vstopnice za Eurojackpot kadarkoli!","og_url":"https:\/\/lottomat.com\/sl\/igraj\/igrajte-eurojackpot-na-spletu\/","og_site_name":"Lottomat","article_modified_time":"2026-02-26T10:46:23+00:00","og_image":[{"width":400,"height":400,"url":"https:\/\/lottomat.com\/wp-content\/uploads\/2025\/11\/Eurojackpot-online.webp","type":"image\/webp"}],"twitter_card":"summary_large_image","twitter_misc":{"Est. reading time":"7 minut"},"schema":{"@context":"https:\/\/schema.org","@graph":[{"@type":"WebPage","@id":"https:\/\/lottomat.com\/sl\/igraj\/igrajte-eurojackpot-na-spletu\/","url":"https:\/\/lottomat.com\/sl\/igraj\/igrajte-eurojackpot-na-spletu\/","name":"Eurojackpot Online - Vstopnice za Eurojackpot - LottoMat","isPartOf":{"@id":"https:\/\/lottomat.com\/sl\/#website"},"primaryImageOfPage":{"@id":"https:\/\/lottomat.com\/sl\/igraj\/igrajte-eurojackpot-na-spletu\/#primaryimage"},"image":{"@id":"https:\/\/lottomat.com\/sl\/igraj\/igrajte-eurojackpot-na-spletu\/#primaryimage"},"thumbnailUrl":"https:\/\/lottomat.com\/wp-content\/uploads\/2025\/11\/Eurojackpot-online.webp","datePublished":"2025-03-26T08:02:36+00:00","dateModified":"2026-02-26T10:46:23+00:00","description":"Igrajte Eurojackpot online in osvojite velike nagrade pri Lottomat! Izberite svoje \u0161tevilke in kupite vstopnice za Eurojackpot kadarkoli!","breadcrumb":{"@id":"https:\/\/lottomat.com\/sl\/igraj\/igrajte-eurojackpot-na-spletu\/#breadcrumb"},"inLanguage":"sl-SI","potentialAction":[{"@type":"ReadAction","target":["https:\/\/lottomat.com\/sl\/igraj\/igrajte-eurojackpot-na-spletu\/"]}]},{"@type":"ImageObject","inLanguage":"sl-SI","@id":"https:\/\/lottomat.com\/sl\/igraj\/igrajte-eurojackpot-na-spletu\/#primaryimage","url":"https:\/\/lottomat.com\/wp-content\/uploads\/2025\/11\/Eurojackpot-online.webp","contentUrl":"https:\/\/lottomat.com\/wp-content\/uploads\/2025\/11\/Eurojackpot-online.webp"},{"@type":"BreadcrumbList","@id":"https:\/\/lottomat.com\/sl\/igraj\/igrajte-eurojackpot-na-spletu\/#breadcrumb","itemListElement":[{"@type":"ListItem","position":1,"name":"Home","item":"https:\/\/lottomat.com\/sl\/"},{"@type":"ListItem","position":2,"name":"Igranje loterije","item":"https:\/\/lottomat.com\/sl\/igraj\/"},{"@type":"ListItem","position":3,"name":"Igrajte Eurojackpot online"}]},{"@type":"WebSite","@id":"https:\/\/lottomat.com\/sl\/#website","url":"https:\/\/lottomat.com\/sl\/","name":"Lottomat","description":"","potentialAction":[{"@type":"SearchAction","target":{"@type":"EntryPoint","urlTemplate":"https:\/\/lottomat.com\/sl\/?s={search_term_string}"},"query-input":{"@type":"PropertyValueSpecification","valueRequired":true,"valueName":"search_term_string"}}],"inLanguage":"sl-SI"}]}},"_links":{"self":[{"href":"https:\/\/lottomat.com\/sl\/wp-json\/wp\/v2\/pages\/8956","targetHints":{"allow":["GET"]}}],"collection":[{"href":"https:\/\/lottomat.com\/sl\/wp-json\/wp\/v2\/pages"}],"about":[{"href":"https:\/\/lottomat.com\/sl\/wp-json\/wp\/v2\/types\/page"}],"author":[{"embeddable":true,"href":"https:\/\/lottomat.com\/sl\/wp-json\/wp\/v2\/users\/1"}],"replies":[{"embeddable":true,"href":"https:\/\/lottomat.com\/sl\/wp-json\/wp\/v2\/comments?post=8956"}],"version-history":[{"count":3,"href":"https:\/\/lottomat.com\/sl\/wp-json\/wp\/v2\/pages\/8956\/revisions"}],"predecessor-version":[{"id":271892,"href":"https:\/\/lottomat.com\/sl\/wp-json\/wp\/v2\/pages\/8956\/revisions\/271892"}],"up":[{"embeddable":true,"href":"https:\/\/lottomat.com\/sl\/wp-json\/wp\/v2\/pages\/6809"}],"wp:attachment":[{"href":"https:\/\/lottomat.com\/sl\/wp-json\/wp\/v2\/media?parent=8956"}],"curies":[{"name":"wp","href":"https:\/\/api.w.org\/{rel}","templated":true}]}}